{"id":307,"date":"2024-09-24T13:28:50","date_gmt":"2024-09-24T11:28:50","guid":{"rendered":"https:\/\/o-seznam.cz\/napoveda\/vyhledavani\/?page_id=307"},"modified":"2024-11-07T10:13:25","modified_gmt":"2024-11-07T09:13:25","slug":"receptove-snippety","status":"publish","type":"page","link":"https:\/\/o-seznam.cz\/napoveda\/vyhledavani\/strukturovana-data\/receptove-snippety\/","title":{"rendered":"Receptov\u00e9 snippety"},"content":{"rendered":"\n<p class=\"is-style-link-external\">Receptov\u00e9 snippety zobrazujeme <a href=\"https:\/\/search.seznam.cz\/?q=ku%C5%99e+na+paprice+recept&amp;oq=ku%C5%99e+na+paprice+recept\">ve v\u00fdsledc\u00edch p\u0159irozen\u00e9ho hled\u00e1n\u00ed<\/a>. Tyto snippety roz\u0161i\u0159ujeme d\u00edky strukturovan\u00fdm dat\u016fm o n\u00e1sleduj\u00edc\u00ed parametry:<\/p>\n\n\n\n<ul class=\"wp-block-list\">\n<li>N\u00e1zev receptu<\/li>\n\n\n\n<li>Popis receptu<\/li>\n\n\n\n<li>N\u00e1hled receptu<\/li>\n\n\n\n<li>Hodnocen\u00ed a po\u010det hodnocen\u00ed receptu<\/li>\n\n\n\n<li>Doba p\u0159\u00edpravy receptu<\/li>\n<\/ul>\n\n\n\n<h2 class=\"wp-block-heading\">Z\u00edsk\u00e1v\u00e1n\u00ed strukturovan\u00fdch dat pro recepty<\/h2>\n\n\n\n<p class=\"is-style-link-external\">Strukturovan\u00e1 data pro zm\u00edn\u011bn\u00e9 parametry parsujeme p\u0159\u00edmo ze zdrojov\u00e9ho k\u00f3du konkr\u00e9tn\u00ed str\u00e1nky. V\u011bt\u0161inu jich z\u00edsk\u00e1v\u00e1me z anotac\u00ed typu <a href=\"https:\/\/schema.org\/Recipe\">Recipe<\/a>. Pokud v anotac\u00edch typu schema.org chyb\u00ed n\u00e1hled, zkou\u0161\u00edme ho doplnit z anotac\u00ed typu <a href=\"https:\/\/ogp.me\/\">Open Graph<\/a>.<\/p>\n\n\n\n<h2 class=\"wp-block-heading\">Spr\u00e1vn\u011b vypln\u011bn\u00e1 strukturovan\u00e1 data<\/h2>\n\n\n\n<p>Aby se v na\u0161em vyhled\u00e1v\u00e1n\u00ed strukturovan\u00e1 data zobrazila, je pot\u0159eba je spr\u00e1vn\u011b vyplnit. V uk\u00e1zce k\u00f3du, kter\u00fd m\u016f\u017eete p\u0159idat do zdrojov\u00e9ho k\u00f3du sv\u00e9 str\u00e1nky, vid\u00edte, jak lze nadefinovat parametry receptu. U detailu ka\u017ed\u00e9ho parametru najdete informace o tom, v jak\u00e9m form\u00e1tu by m\u011bl b\u00fdt.<\/p>\n\n\n\n<figure class=\"wp-block-image aligncenter size-full\"><img loading=\"lazy\" decoding=\"async\" width=\"1600\" height=\"468\" src=\"https:\/\/o-seznam.cz\/napoveda\/vyhledavani\/wp-content\/uploads\/sites\/13\/2024\/10\/receptove-snippety.png\" alt=\"\" class=\"wp-image-1024\" srcset=\"https:\/\/o-seznam.cz\/napoveda\/vyhledavani\/wp-content\/uploads\/sites\/13\/2024\/10\/receptove-snippety.png 1600w, https:\/\/o-seznam.cz\/napoveda\/vyhledavani\/wp-content\/uploads\/sites\/13\/2024\/10\/receptove-snippety-992x290.png 992w, https:\/\/o-seznam.cz\/napoveda\/vyhledavani\/wp-content\/uploads\/sites\/13\/2024\/10\/receptove-snippety-320x94.png 320w, https:\/\/o-seznam.cz\/napoveda\/vyhledavani\/wp-content\/uploads\/sites\/13\/2024\/10\/receptove-snippety-768x225.png 768w, https:\/\/o-seznam.cz\/napoveda\/vyhledavani\/wp-content\/uploads\/sites\/13\/2024\/10\/receptove-snippety-1536x449.png 1536w\" sizes=\"auto, (max-width: 1600px) 100vw, 1600px\" \/><figcaption class=\"wp-element-caption\">Zobrazen\u00ed receptov\u00fdch strukturovan\u00fdch dat ve v\u00fdsledc\u00edch vyhled\u00e1v\u00e1n\u00ed<\/figcaption><\/figure>\n\n\n\n<pre title=\"Uk\u00e1zka z\u00e1pisu receptov\u00fdch strukturovan\u00fdch dat podle schema.org\" class=\"wp-block-code\"><code lang=\"json\" class=\"language-json line-numbers\">&lt;script type=\"application\/ld+json\"&gt;\n  {\n    \"@context\": \"https:\/\/schema.org\",\n    \"@type\": \"Recipe\",\n   &lt;span style=\"color:#ff0000;\"&gt; \"totalTime\": \"PT2H\"&lt;\/span&gt;,\n    &lt;span style=\"color:#ee82ee;\"&gt;\"description\": \"Tradi\u010dn\u00ed hust\u00e1 italsk\u00e1\"&lt;\/span&gt;,\n   &lt;span style=\"color:#0000ff;\"&gt; \"image\": \"minestrone.jpg\"&lt;\/span&gt;,\n    \"aggregateRating\": {\n        \"@type\": \"AggregateRating\",\n        &lt;span style=\"color:#daa520;\"&gt;\"ratingValue\": \"4.7\"&lt;\/span&gt;,\n        &lt;span style=\"color:#008000;\"&gt;\"ratingCount\": \"112\"&lt;\/span&gt;\n    },\n  }\n&lt;\/script&gt;<\/code><\/pre>\n\n\n\n<h2 class=\"wp-block-heading\">Form\u00e1ty parametr\u016f<\/h2>\n\n\n\n<p class=\"is-style-link-external\"><strong>N\u00e1zev<\/strong> (<a href=\"https:\/\/schema.org\/name\">name<\/a>)<\/p>\n\n\n\n<ul class=\"wp-block-list\">\n<li>Pou\u017e\u00edv\u00e1me pro co nejp\u0159esn\u011bj\u0161\u00ed v\u00fdb\u011br v\u00fdsledku vyhled\u00e1v\u00e1n\u00ed.<\/li>\n<\/ul>\n\n\n\n<p class=\"is-style-link-external\"><strong>N\u00e1hled<\/strong> (<a href=\"https:\/\/schema.org\/image\">image<\/a>)<\/p>\n\n\n\n<p>Podporujeme v\u00edce mo\u017enost\u00ed z\u00e1pisu:<\/p>\n\n\n\n<ul class=\"wp-block-list\">\n<li><a class=\"is-style-link-external\" href=\"https:\/\/schema.org\/thumbnailUrl\">thumbnailUrl<\/a> obsahuj\u00edc\u00ed jenom odkaz na obr\u00e1zek.<\/li>\n\n\n\n<li><a class=\"is-style-link-external\" href=\"https:\/\/schema.org\/image\">image<\/a> obsahuj\u00edc\u00ed bu\u010f p\u0159\u00edmo odkaz nebo <a class=\"is-style-link-external\" href=\"https:\/\/schema.org\/ImageObject\">ImageObject<\/a>.<\/li>\n\n\n\n<li>N\u00e1hledy upravujeme na form\u00e1t 16:9, pokud v n\u011bm u\u017e nejsou.<\/li>\n\n\n\n<li>Ide\u00e1ln\u00ed velikost obr\u00e1zku je 320\u00d7180 pixel\u016f a vy\u0161\u0161\u00ed.<\/li>\n\n\n\n<li>Obr\u00e1zky v\u011bt\u0161\u00ed ne\u017e 3200\u00d73200 pixel\u016f vy\u0159azujeme.<\/li>\n<\/ul>\n\n\n\n<p class=\"is-style-link-external\"><strong>Popis<\/strong> (<a href=\"https:\/\/schema.org\/description\">description<\/a>)<\/p>\n\n\n\n<ul class=\"wp-block-list\">\n<li>Pokud nen\u00ed k dispozici, pou\u017eije se popisek str\u00e1nky jako takov\u00e9.<\/li>\n<\/ul>\n\n\n\n<p class=\"is-style-link-external\"><strong>Doba p\u0159\u00edpravy\/va\u0159en\u00ed\/celkov\u00e1<\/strong> (<a href=\"https:\/\/schema.org\/prepTime\">prepTime<\/a>, <a href=\"https:\/\/schema.org\/cookTime\">cookTime<\/a>, <a href=\"https:\/\/schema.org\/totalTime\">totalTime<\/a>)<\/p>\n\n\n\n<ul class=\"wp-block-list\">\n<li>Hodnota by m\u011bla b\u00fdt dle standardu <a class=\"is-style-link-external\" href=\"https:\/\/en.wikipedia.org\/wiki\/ISO_8601#Durations\">ISO-8601<\/a> ohledn\u011b zapisov\u00e1n\u00ed doby trv\u00e1n\u00ed.<\/li>\n\n\n\n<li>Pokud je vypln\u011bn\u00fd totalTime, bereme ho jako hlavn\u00ed \u010dasov\u00fd \u00fadaj.<\/li>\n\n\n\n<li>Pokud je vypln\u011bn\u00fd prepTime i cookTime, ale totalTime nikoli, s\u010d\u00edt\u00e1me prepTime a cookTime a vytv\u00e1\u0159\u00edme z n\u011bj totalTime.<\/li>\n<\/ul>\n\n\n\n<p class=\"is-style-link-external\"><strong>Hodnocen\u00ed<\/strong> (<a href=\"https:\/\/schema.org\/ratingValue\">ratingValue<\/a>)<\/p>\n\n\n\n<ul class=\"wp-block-list\">\n<li>\u010c\u00edseln\u00e9 hodnocen\u00ed na stupnici od 0.0 do 5.0.<\/li>\n\n\n\n<li>Pokud hodnocen\u00ed nen\u00ed v rozsahu 0.0\u20135.0, na tento rozsah ho p\u0159ev\u00e1d\u00edme.<\/li>\n\n\n\n<li>P\u0159i pou\u017eit\u00ed desetinn\u00fdch \u010d\u00edsel pou\u017e\u00edvejte desetinnou te\u010dku m\u00edsto \u010d\u00e1rky.<\/li>\n<\/ul>\n\n\n\n<p class=\"is-style-link-external\"><strong>Po\u010det hodnocen\u00ed<\/strong> (<a href=\"https:\/\/schema.org\/ratingCount\">ratingCount<\/a>)<\/p>\n\n\n\n<ul class=\"wp-block-list\">\n<li>Mus\u00ed b\u00fdt cel\u00e9 \u010d\u00edslo.<\/li>\n<\/ul>\n\n\n\n<div class=\"wp-block-seznam-box is-layout-flow wp-block-seznam-box-is-layout-flow\">\n<h4 class=\"wp-block-heading\">TIP<\/h4>\n\n\n\n<p class=\"is-style-link-external\">Doporu\u010dujeme zv\u00e1\u017eit vypln\u011bn\u00ed i dal\u0161\u00edch parametr\u016f krom\u011b v\u00fd\u0161e zm\u00edn\u011bn\u00fdch. Nap\u0159\u00edklad: <a href=\"https:\/\/schema.org\/recipeIngredient\">jednotliv\u00e9 ingredience<\/a> v receptu, <a href=\"https:\/\/schema.org\/recipeInstructions\">postup<\/a> \u010di <a href=\"https:\/\/schema.org\/nutrition\">nutri\u010dn\u00ed informace<\/a>. Tyto parametry v sou\u010dasn\u00e9 dob\u011b v na\u0161em vyhled\u00e1v\u00e1n\u00ed sice nezobrazujeme, ale v budoucnu by se to mohlo zm\u011bnit.<\/p>\n<\/div>\n\n\n\n<h2 class=\"wp-block-heading\">Ov\u011b\u0159en\u00ed spr\u00e1vn\u00e9ho vypln\u011bn\u00ed strukturovan\u00fdch dat<\/h2>\n\n\n\n<p class=\"is-style-link-external\">Pokud jsou strukturovan\u00e1 data spr\u00e1vn\u011b vypln\u011bna, \u010dasem se zobraz\u00ed v na\u0161ich receptov\u00fdch snippetech. Spr\u00e1vnou implementaci si m\u016f\u017eete zkontrolovat hned p\u0159es<a href=\"https:\/\/validator.schema.org\"> valid\u00e1tor<\/a>. M\u016f\u017eete sem zadat fragment va\u0161eho k\u00f3du obsahuj\u00edc\u00ed schema.org anotaci a zkontrolovat, \u017ee se detekuje anotace spr\u00e1vn\u00e9ho typu se spr\u00e1vn\u011b vypln\u011bn\u00fdmi parametry.<\/p>\n","protected":false},"excerpt":{"rendered":"<p>Receptov\u00e9 snippety zobrazujeme ve v\u00fdsledc\u00edch p\u0159irozen\u00e9ho hled\u00e1n\u00ed. Tyto snippety roz\u0161i\u0159ujeme d\u00edky strukturovan\u00fdm dat\u016fm o n\u00e1sleduj\u00edc\u00ed parametry: Z\u00edsk\u00e1v\u00e1n\u00ed strukturovan\u00fdch dat pro recepty Strukturovan\u00e1 data pro zm\u00edn\u011bn\u00e9 parametry parsujeme p\u0159\u00edmo ze zdrojov\u00e9ho k\u00f3du konkr\u00e9tn\u00ed str\u00e1nky. V\u011bt\u0161inu jich z\u00edsk\u00e1v\u00e1me z anotac\u00ed typu Recipe. Pokud v anotac\u00edch typu schema.org chyb\u00ed n\u00e1hled, zkou\u0161\u00edme ho doplnit z anotac\u00ed typu Open Graph. [&hellip;]<\/p>\n","protected":false},"author":22,"featured_media":0,"parent":287,"menu_order":0,"comment_status":"closed","ping_status":"closed","template":"page-sidemenu","meta":{"_acf_changed":false,"_relevanssi_hide_post":"","_relevanssi_hide_content":"","_relevanssi_pin_for_all":"","_relevanssi_pin_keywords":"","_relevanssi_unpin_keywords":"","_relevanssi_related_keywords":"","_relevanssi_related_include_ids":"","_relevanssi_related_exclude_ids":"","_relevanssi_related_no_append":"","_relevanssi_related_not_related":"","_relevanssi_related_posts":"","_relevanssi_noindex_reason":"","footnotes":""},"page_category":[14],"page_tag":[],"service_status_category":[],"class_list":["post-307","page","type-page","status-publish","hentry"],"acf":[],"lang":"cs","translations":{"cs":307},"pll_sync_post":[],"_links":{"self":[{"href":"https:\/\/o-seznam.cz\/napoveda\/vyhledavani\/wp-json\/wp\/v2\/pages\/307","targetHints":{"allow":["GET"]}}],"collection":[{"href":"https:\/\/o-seznam.cz\/napoveda\/vyhledavani\/wp-json\/wp\/v2\/pages"}],"about":[{"href":"https:\/\/o-seznam.cz\/napoveda\/vyhledavani\/wp-json\/wp\/v2\/types\/page"}],"author":[{"embeddable":true,"href":"https:\/\/o-seznam.cz\/napoveda\/vyhledavani\/wp-json\/wp\/v2\/users\/22"}],"replies":[{"embeddable":true,"href":"https:\/\/o-seznam.cz\/napoveda\/vyhledavani\/wp-json\/wp\/v2\/comments?post=307"}],"version-history":[{"count":14,"href":"https:\/\/o-seznam.cz\/napoveda\/vyhledavani\/wp-json\/wp\/v2\/pages\/307\/revisions"}],"predecessor-version":[{"id":1854,"href":"https:\/\/o-seznam.cz\/napoveda\/vyhledavani\/wp-json\/wp\/v2\/pages\/307\/revisions\/1854"}],"up":[{"embeddable":true,"href":"https:\/\/o-seznam.cz\/napoveda\/vyhledavani\/wp-json\/wp\/v2\/pages\/287"}],"wp:attachment":[{"href":"https:\/\/o-seznam.cz\/napoveda\/vyhledavani\/wp-json\/wp\/v2\/media?parent=307"}],"wp:term":[{"taxonomy":"page_category","embeddable":true,"href":"https:\/\/o-seznam.cz\/napoveda\/vyhledavani\/wp-json\/wp\/v2\/page_category?post=307"},{"taxonomy":"page_tag","embeddable":true,"href":"https:\/\/o-seznam.cz\/napoveda\/vyhledavani\/wp-json\/wp\/v2\/page_tag?post=307"},{"taxonomy":"service_status_category","embeddable":true,"href":"https:\/\/o-seznam.cz\/napoveda\/vyhledavani\/wp-json\/wp\/v2\/service_status_category?post=307"}],"curies":[{"name":"wp","href":"https:\/\/api.w.org\/{rel}","templated":true}]}}