{"id":285,"date":"2024-09-24T12:23:24","date_gmt":"2024-09-24T10:23:24","guid":{"rendered":"https:\/\/o-seznam.cz\/napoveda\/vyhledavani\/?page_id=285"},"modified":"2024-10-25T12:37:26","modified_gmt":"2024-10-25T10:37:26","slug":"karusely","status":"publish","type":"page","link":"https:\/\/o-seznam.cz\/napoveda\/vyhledavani\/vysledky-vyhledavani\/karusely\/","title":{"rendered":"Karusely"},"content":{"rendered":"\n<p>Karusely pom\u00e1haj\u00ed s orientac\u00ed a v\u00fdb\u011brem souvisej\u00edc\u00edch dotaz\u016f v konkr\u00e9tn\u00edm t\u00e9matu. Zobrazuj\u00ed se p\u0159\u00edmo pod vyhled\u00e1vac\u00edm polem, ale pouze v p\u0159\u00edpad\u011b, kdy maj\u00ed p\u0159idanou hodnotu pro u\u017eivatele. N\u011bkter\u00e9 se zobraz\u00ed hned po zad\u00e1n\u00ed dotazu, jin\u00e9 je pot\u0159eba &#8222;vyvolat&#8220; &#8211; zpravidla kliknut\u00edm na &#8222;Lid\u00e9 tak\u00e9 hledaj\u00ed&#8220; v nab\u00eddce <a href=\"..\/chytre-karty\/\" data-type=\"page\" data-id=\"270\">chytr\u00fdch karet<\/a>. Karusely zobrazujeme na nejr\u016fzn\u011bj\u0161\u00ed t\u00e9mata &#8211; recepty, houby, osobnosti, zv\u00ed\u0159ata, rostliny, st\u00edha\u010dky, m\u011bsta aj. Mobiln\u00ed verze se od desktopov\u00e9 li\u0161\u00ed um\u00edst\u011bn\u00edm obr\u00e1zku, nav\u00edc lze karuselem posouvat do strany bez posouv\u00e1n\u00ed cel\u00e9 str\u00e1nky.<\/p>\n\n\n\n<p>Krom\u011b automaticky tvo\u0159en\u00fdch karusel\u016f p\u0159ipravujeme i <a href=\"#kampane\">t\u00e9matick\u00e9 karusely k medi\u00e1ln\u00edm kampan\u00edm<\/a> na Seznam.cz Vyhled\u00e1v\u00e1n\u00ed. M\u016f\u017eete narazit na sez\u00f3nn\u00ed karusely (Velikonoce, V\u00e1noce, grilov\u00e1n\u00ed \u010di t\u0159eba jahody), nebo na jinak tematicky spjat\u00e9 (hrady a z\u00e1mky, tipy na v\u00fdlety aj.). Od t\u011bch automaticky tvo\u0159en\u00fdch se li\u0161\u00ed drobe\u010dkovou navigac\u00ed v z\u00e1hlav\u00ed.&nbsp;<\/p>\n\n\n\n<h2 class=\"wp-block-heading\">Uk\u00e1zka vybran\u00fdch automaticky tvo\u0159en\u00fdch karusel\u016f<\/h2>\n\n\n\n<figure class=\"wp-block-image aligncenter size-full\"><img loading=\"lazy\" decoding=\"async\" width=\"631\" height=\"239\" src=\"https:\/\/o-seznam.cz\/napoveda\/vyhledavani\/wp-content\/uploads\/sites\/13\/2024\/10\/karusel-recepty.png\" alt=\"\" class=\"wp-image-1775\" srcset=\"https:\/\/o-seznam.cz\/napoveda\/vyhledavani\/wp-content\/uploads\/sites\/13\/2024\/10\/karusel-recepty.png 631w, https:\/\/o-seznam.cz\/napoveda\/vyhledavani\/wp-content\/uploads\/sites\/13\/2024\/10\/karusel-recepty-320x121.png 320w\" sizes=\"auto, (max-width: 631px) 100vw, 631px\" \/><figcaption class=\"wp-element-caption\">Recepty<\/figcaption><\/figure>\n\n\n\n<figure class=\"wp-block-image aligncenter size-full\"><img loading=\"lazy\" decoding=\"async\" width=\"625\" height=\"213\" src=\"https:\/\/o-seznam.cz\/napoveda\/vyhledavani\/wp-content\/uploads\/sites\/13\/2024\/10\/osobnosti-1.png\" alt=\"\" class=\"wp-image-1186\" srcset=\"https:\/\/o-seznam.cz\/napoveda\/vyhledavani\/wp-content\/uploads\/sites\/13\/2024\/10\/osobnosti-1.png 625w, https:\/\/o-seznam.cz\/napoveda\/vyhledavani\/wp-content\/uploads\/sites\/13\/2024\/10\/osobnosti-1-320x109.png 320w\" sizes=\"auto, (max-width: 625px) 100vw, 625px\" \/><figcaption class=\"wp-element-caption\">Osobnosti<\/figcaption><\/figure>\n\n\n\n<figure class=\"wp-block-image aligncenter size-full\"><img loading=\"lazy\" decoding=\"async\" width=\"629\" height=\"217\" src=\"https:\/\/o-seznam.cz\/napoveda\/vyhledavani\/wp-content\/uploads\/sites\/13\/2024\/10\/karusel-zvirata.png\" alt=\"\" class=\"wp-image-1777\" srcset=\"https:\/\/o-seznam.cz\/napoveda\/vyhledavani\/wp-content\/uploads\/sites\/13\/2024\/10\/karusel-zvirata.png 629w, https:\/\/o-seznam.cz\/napoveda\/vyhledavani\/wp-content\/uploads\/sites\/13\/2024\/10\/karusel-zvirata-320x110.png 320w\" sizes=\"auto, (max-width: 629px) 100vw, 629px\" \/><figcaption class=\"wp-element-caption\">Zv\u00ed\u0159ata<\/figcaption><\/figure>\n\n\n\n<figure class=\"wp-block-image aligncenter size-full\"><img loading=\"lazy\" decoding=\"async\" width=\"628\" height=\"201\" src=\"https:\/\/o-seznam.cz\/napoveda\/vyhledavani\/wp-content\/uploads\/sites\/13\/2024\/10\/hory.png\" alt=\"\" class=\"wp-image-1190\" srcset=\"https:\/\/o-seznam.cz\/napoveda\/vyhledavani\/wp-content\/uploads\/sites\/13\/2024\/10\/hory.png 628w, https:\/\/o-seznam.cz\/napoveda\/vyhledavani\/wp-content\/uploads\/sites\/13\/2024\/10\/hory-320x102.png 320w\" sizes=\"auto, (max-width: 628px) 100vw, 628px\" \/><figcaption class=\"wp-element-caption\">Hory a kopce<\/figcaption><\/figure>\n\n\n\n<h2 class=\"wp-block-heading\" id=\"kampane\">Podoba vybran\u00fdch tematick\u00fd karusel\u016f ke kampan\u00edm<\/h2>\n\n\n\n<figure class=\"wp-block-image aligncenter size-full\"><img loading=\"lazy\" decoding=\"async\" width=\"628\" height=\"240\" src=\"https:\/\/o-seznam.cz\/napoveda\/vyhledavani\/wp-content\/uploads\/sites\/13\/2024\/10\/karusel-rucni-tema.png\" alt=\"\" class=\"wp-image-1191\" srcset=\"https:\/\/o-seznam.cz\/napoveda\/vyhledavani\/wp-content\/uploads\/sites\/13\/2024\/10\/karusel-rucni-tema.png 628w, https:\/\/o-seznam.cz\/napoveda\/vyhledavani\/wp-content\/uploads\/sites\/13\/2024\/10\/karusel-rucni-tema-320x122.png 320w\" sizes=\"auto, (max-width: 628px) 100vw, 628px\" \/><\/figure>\n\n\n\n<figure class=\"wp-block-image aligncenter size-full\"><img loading=\"lazy\" decoding=\"async\" width=\"632\" height=\"219\" src=\"https:\/\/o-seznam.cz\/napoveda\/vyhledavani\/wp-content\/uploads\/sites\/13\/2024\/10\/karusel-rucni-sezona.png\" alt=\"\" class=\"wp-image-1192\" srcset=\"https:\/\/o-seznam.cz\/napoveda\/vyhledavani\/wp-content\/uploads\/sites\/13\/2024\/10\/karusel-rucni-sezona.png 632w, https:\/\/o-seznam.cz\/napoveda\/vyhledavani\/wp-content\/uploads\/sites\/13\/2024\/10\/karusel-rucni-sezona-320x111.png 320w\" sizes=\"auto, (max-width: 632px) 100vw, 632px\" \/><\/figure>\n\n\n\n<h2 class=\"wp-block-heading\">Podoba vybran\u00fdch karusel\u016f na mobiln\u00edm za\u0159\u00edzen\u00ed<\/h2>\n\n\n\n<div class=\"wp-block-columns is-layout-flex wp-container-core-columns-is-layout-28f84493 wp-block-columns-is-layout-flex\">\n<div class=\"wp-block-column is-layout-flow wp-block-column-is-layout-flow\" style=\"flex-basis:100%\">\n<figure class=\"wp-block-image aligncenter size-full\"><img loading=\"lazy\" decoding=\"async\" width=\"420\" height=\"243\" src=\"https:\/\/o-seznam.cz\/napoveda\/vyhledavani\/wp-content\/uploads\/sites\/13\/2024\/10\/karuse-mobil-recepty.png\" alt=\"\" class=\"wp-image-1776\" srcset=\"https:\/\/o-seznam.cz\/napoveda\/vyhledavani\/wp-content\/uploads\/sites\/13\/2024\/10\/karuse-mobil-recepty.png 420w, https:\/\/o-seznam.cz\/napoveda\/vyhledavani\/wp-content\/uploads\/sites\/13\/2024\/10\/karuse-mobil-recepty-320x185.png 320w\" sizes=\"auto, (max-width: 420px) 100vw, 420px\" \/><figcaption class=\"wp-element-caption\">Recepty na mobiln\u00edch za\u0159\u00edzen\u00edch<\/figcaption><\/figure>\n<\/div>\n<\/div>\n\n\n\n<figure class=\"wp-block-image aligncenter size-full\"><img loading=\"lazy\" decoding=\"async\" width=\"418\" height=\"198\" src=\"https:\/\/o-seznam.cz\/napoveda\/vyhledavani\/wp-content\/uploads\/sites\/13\/2024\/10\/karusel-mobil-osobnosti.png\" alt=\"\" class=\"wp-image-1779\" srcset=\"https:\/\/o-seznam.cz\/napoveda\/vyhledavani\/wp-content\/uploads\/sites\/13\/2024\/10\/karusel-mobil-osobnosti.png 418w, https:\/\/o-seznam.cz\/napoveda\/vyhledavani\/wp-content\/uploads\/sites\/13\/2024\/10\/karusel-mobil-osobnosti-320x152.png 320w\" sizes=\"auto, (max-width: 418px) 100vw, 418px\" \/><figcaption class=\"wp-element-caption\">Osobnosti na mobiln\u00edch za\u0159\u00edzen\u00edch<\/figcaption><\/figure>\n\n\n\n<figure class=\"wp-block-image aligncenter size-full\"><img loading=\"lazy\" decoding=\"async\" width=\"428\" height=\"201\" src=\"https:\/\/o-seznam.cz\/napoveda\/vyhledavani\/wp-content\/uploads\/sites\/13\/2024\/10\/karusel-mobil-zvirata.png\" alt=\"\" class=\"wp-image-1780\" srcset=\"https:\/\/o-seznam.cz\/napoveda\/vyhledavani\/wp-content\/uploads\/sites\/13\/2024\/10\/karusel-mobil-zvirata.png 428w, https:\/\/o-seznam.cz\/napoveda\/vyhledavani\/wp-content\/uploads\/sites\/13\/2024\/10\/karusel-mobil-zvirata-320x150.png 320w\" sizes=\"auto, (max-width: 428px) 100vw, 428px\" \/><figcaption class=\"wp-element-caption\">Zv\u00ed\u0159ata na mobiln\u00edch za\u0159\u00edzen\u00edch<\/figcaption><\/figure>\n\n\n\n<figure class=\"wp-block-image aligncenter size-full\"><img loading=\"lazy\" decoding=\"async\" width=\"424\" height=\"189\" src=\"https:\/\/o-seznam.cz\/napoveda\/vyhledavani\/wp-content\/uploads\/sites\/13\/2024\/10\/karusel-mobil-hory.png\" alt=\"\" class=\"wp-image-1778\" srcset=\"https:\/\/o-seznam.cz\/napoveda\/vyhledavani\/wp-content\/uploads\/sites\/13\/2024\/10\/karusel-mobil-hory.png 424w, https:\/\/o-seznam.cz\/napoveda\/vyhledavani\/wp-content\/uploads\/sites\/13\/2024\/10\/karusel-mobil-hory-320x143.png 320w\" sizes=\"auto, (max-width: 424px) 100vw, 424px\" \/><figcaption class=\"wp-element-caption\">Hory a kopce na mobiln\u00edch za\u0159\u00edzen\u00edch<\/figcaption><\/figure>\n\n\n\n<figure class=\"wp-block-image aligncenter size-full\"><img loading=\"lazy\" decoding=\"async\" width=\"414\" height=\"234\" src=\"https:\/\/o-seznam.cz\/napoveda\/vyhledavani\/wp-content\/uploads\/sites\/13\/2024\/10\/karuse-mobil-hrady.png\" alt=\"\" class=\"wp-image-1781\" srcset=\"https:\/\/o-seznam.cz\/napoveda\/vyhledavani\/wp-content\/uploads\/sites\/13\/2024\/10\/karuse-mobil-hrady.png 414w, https:\/\/o-seznam.cz\/napoveda\/vyhledavani\/wp-content\/uploads\/sites\/13\/2024\/10\/karuse-mobil-hrady-320x181.png 320w\" sizes=\"auto, (max-width: 414px) 100vw, 414px\" \/><\/figure>\n\n\n\n<figure class=\"wp-block-image aligncenter size-full\"><img loading=\"lazy\" decoding=\"async\" width=\"419\" height=\"236\" src=\"https:\/\/o-seznam.cz\/napoveda\/vyhledavani\/wp-content\/uploads\/sites\/13\/2024\/10\/karusel-mobil-sezona.png\" alt=\"\" class=\"wp-image-1782\" srcset=\"https:\/\/o-seznam.cz\/napoveda\/vyhledavani\/wp-content\/uploads\/sites\/13\/2024\/10\/karusel-mobil-sezona.png 419w, https:\/\/o-seznam.cz\/napoveda\/vyhledavani\/wp-content\/uploads\/sites\/13\/2024\/10\/karusel-mobil-sezona-320x180.png 320w\" sizes=\"auto, (max-width: 419px) 100vw, 419px\" \/><\/figure>\n","protected":false},"excerpt":{"rendered":"<p>Karusely pom\u00e1haj\u00ed s orientac\u00ed a v\u00fdb\u011brem souvisej\u00edc\u00edch dotaz\u016f v konkr\u00e9tn\u00edm t\u00e9matu. Zobrazuj\u00ed se p\u0159\u00edmo pod vyhled\u00e1vac\u00edm polem, ale pouze v p\u0159\u00edpad\u011b, kdy maj\u00ed p\u0159idanou hodnotu pro u\u017eivatele. N\u011bkter\u00e9 se zobraz\u00ed hned po zad\u00e1n\u00ed dotazu, jin\u00e9 je pot\u0159eba &#8222;vyvolat&#8220; &#8211; zpravidla kliknut\u00edm na &#8222;Lid\u00e9 tak\u00e9 hledaj\u00ed&#8220; v nab\u00eddce chytr\u00fdch karet. Karusely zobrazujeme na nejr\u016fzn\u011bj\u0161\u00ed t\u00e9mata &#8211; [&hellip;]<\/p>\n","protected":false},"author":22,"featured_media":0,"parent":260,"menu_order":0,"comment_status":"closed","ping_status":"closed","template":"page-sidemenu","meta":{"_acf_changed":false,"_relevanssi_hide_post":"","_relevanssi_hide_content":"","_relevanssi_pin_for_all":"","_relevanssi_pin_keywords":"","_relevanssi_unpin_keywords":"","_relevanssi_related_keywords":"","_relevanssi_related_include_ids":"","_relevanssi_related_exclude_ids":"","_relevanssi_related_no_append":"","_relevanssi_related_not_related":"","_relevanssi_related_posts":"","_relevanssi_noindex_reason":"","footnotes":""},"page_category":[14],"page_tag":[],"service_status_category":[],"class_list":["post-285","page","type-page","status-publish","hentry"],"acf":[],"lang":"cs","translations":{"cs":285},"pll_sync_post":[],"_links":{"self":[{"href":"https:\/\/o-seznam.cz\/napoveda\/vyhledavani\/wp-json\/wp\/v2\/pages\/285","targetHints":{"allow":["GET"]}}],"collection":[{"href":"https:\/\/o-seznam.cz\/napoveda\/vyhledavani\/wp-json\/wp\/v2\/pages"}],"about":[{"href":"https:\/\/o-seznam.cz\/napoveda\/vyhledavani\/wp-json\/wp\/v2\/types\/page"}],"author":[{"embeddable":true,"href":"https:\/\/o-seznam.cz\/napoveda\/vyhledavani\/wp-json\/wp\/v2\/users\/22"}],"replies":[{"embeddable":true,"href":"https:\/\/o-seznam.cz\/napoveda\/vyhledavani\/wp-json\/wp\/v2\/comments?post=285"}],"version-history":[{"count":20,"href":"https:\/\/o-seznam.cz\/napoveda\/vyhledavani\/wp-json\/wp\/v2\/pages\/285\/revisions"}],"predecessor-version":[{"id":1783,"href":"https:\/\/o-seznam.cz\/napoveda\/vyhledavani\/wp-json\/wp\/v2\/pages\/285\/revisions\/1783"}],"up":[{"embeddable":true,"href":"https:\/\/o-seznam.cz\/napoveda\/vyhledavani\/wp-json\/wp\/v2\/pages\/260"}],"wp:attachment":[{"href":"https:\/\/o-seznam.cz\/napoveda\/vyhledavani\/wp-json\/wp\/v2\/media?parent=285"}],"wp:term":[{"taxonomy":"page_category","embeddable":true,"href":"https:\/\/o-seznam.cz\/napoveda\/vyhledavani\/wp-json\/wp\/v2\/page_category?post=285"},{"taxonomy":"page_tag","embeddable":true,"href":"https:\/\/o-seznam.cz\/napoveda\/vyhledavani\/wp-json\/wp\/v2\/page_tag?post=285"},{"taxonomy":"service_status_category","embeddable":true,"href":"https:\/\/o-seznam.cz\/napoveda\/vyhledavani\/wp-json\/wp\/v2\/service_status_category?post=285"}],"curies":[{"name":"wp","href":"https:\/\/api.w.org\/{rel}","templated":true}]}}