{"id":278,"date":"2024-09-24T12:03:32","date_gmt":"2024-09-24T10:03:32","guid":{"rendered":"https:\/\/o-seznam.cz\/napoveda\/vyhledavani\/?page_id=278"},"modified":"2024-10-21T13:56:24","modified_gmt":"2024-10-21T11:56:24","slug":"odpovidac","status":"publish","type":"page","link":"https:\/\/o-seznam.cz\/napoveda\/vyhledavani\/vysledky-vyhledavani\/odpovidac\/","title":{"rendered":"Odpov\u00edda\u010d"},"content":{"rendered":"\n<p>Nejsp\u00ed\u0161 zn\u00e1te ty situace, kdy narychlo pot\u0159ebujete naj\u00edt sm\u011brovac\u00ed \u010d\u00edslo, zjistit k\u00f3d banky nebo poji\u0161\u0165ovny, kdy v\u00e1s zaj\u00edmaj\u00ed kalorie n\u011bjak\u00e9 potraviny nebo v\u00fdznam \u00e9\u010dek atp. Pr\u00e1v\u011b v&nbsp;podobn\u00fdch situac\u00edch by v\u00e1m m\u011bl b\u00fdt n\u00e1pomocn\u00fd odpov\u00edda\u010d. N\u00e1sleduj\u00edc\u00ed n\u00e1pov\u011bda v\u00e1m osv\u011btl\u00ed, co od n\u011bj m\u016f\u017eete o\u010dek\u00e1vat a&nbsp;jak se s&nbsp;n\u00edm pracuje. Setkat se m\u016f\u017eete s&nbsp;odpov\u011b\u010fmi v&nbsp;n\u00e1sleduj\u00edc\u00edch kategori\u00edch:<\/p>\n\n\n<nav class=\"menu-anchors\">\n<ul>\n\t<li><a href=\"#telefonni_cisla\">D\u016fle\u017eit\u00e1 telefonn\u00ed \u010d\u00edsla<\/a><\/li>\n<li><a href=\"#ecka\">\u00c9\u010dka<\/a><\/li>\n<li><a href=\"#letiste\">IATA k\u00f3dy leti\u0161\u0165<\/a><\/li>\n<li><a href=\"#kalorie\">Kalorick\u00e9 hodnoty j\u00eddel<\/a><\/li>\n<li><a href=\"#banky_pojistovny\">K\u00f3dy bank a&nbsp;poji\u0161\u0165oven<\/a><\/li>\n<li><a href=\"#psc\">Po\u0161tovn\u00ed sm\u011brovac\u00ed \u010d\u00edsla<\/a><\/li>\n<li><a href=\"#presny_cas\">P\u0159esn\u00fd \u010das<\/a><\/li>\n<li><a href=\"#predcisli_statu\">Telefonn\u00ed p\u0159ed\u010d\u00edsl\u00ed st\u00e1t\u016f<\/a><\/li>\n<li><a href=\"#vtipy\">Vtipy<\/a><\/li>\n<li><a href=\"#vyhledavani_zasilek\">Vyhled\u00e1v\u00e1n\u00ed z\u00e1silek<\/a><\/li>\n<li><a href=\"#slunce\">V\u00fdchod a z\u00e1pad slunce<\/a><\/li>\n<\/ul>\n\n<\/nav>\n\n\n\n<p>Odpov\u00edda\u010d se zobrazuje pod vyhled\u00e1vac\u00edm polem a&nbsp;je ozna\u010den speci\u00e1ln\u00ed ikonkou. Odpov\u00edd\u00e1 pouze v&nbsp;p\u0159\u00edpad\u011b, \u017ee si je dotazem (a odpov\u011bd\u00ed na n\u011bj) jist\u00fd.<\/p>\n\n\n\n<div class=\"wp-block-group is-layout-constrained wp-block-group-is-layout-constrained\">\n<h2 class=\"wp-block-heading\" id=\"telefonni_cisla\">D\u016fle\u017eit\u00e1 telefonn\u00ed \u010d\u00edsla<\/h2>\n\n\n\n<p class=\"is-style-link-external\">Nem\u016f\u017eete si rychle vzpomenout na telefonn\u00ed \u010d\u00edsla <a href=\"https:\/\/search.seznam.cz\/?q=z%C3%A1chranka+%C4%8D%C3%ADslo&amp;oq=z%C3%A1chranka+%C4%8D%C3%ADslo&amp;aq=-1&amp;sourceid=top&amp;sId=3zpxE_6Xrvg9LIdxEeFi&amp;sgId=NDUxMzQzOCAxNTkwNDA3MTIzLjYyOQ%3D%3D\">z\u00e1chranky<\/a>, <a href=\"https:\/\/search.seznam.cz\/?q=policie+%C4%8D%C3%ADslo&amp;oq=policie+%C4%8D%C3%ADslo&amp;aq=-1&amp;sourceid=top&amp;sId=3zpxELENC8T8LImWXOW2&amp;sgId=NDUxMzQzOCAxNTkwNDA3MDY3LjcwNw%3D%3D\">policie<\/a> \u010di <a href=\"https:\/\/search.seznam.cz\/?q=hasi%C4%8Di+%C4%8D%C3%ADslo&amp;oq=hasi%C4%8Di+%C4%8D%C3%ADslo&amp;aq=-1&amp;sourceid=top&amp;sId=3zpxEniZ_iYdLIde2ghV&amp;sgId=NDUxMzQzOCAxNTkwNDA3MDU2LjIxNw%3D%3D\">hasi\u010d\u016f<\/a>? Sta\u010d\u00ed zadat dotaz do vyhled\u00e1va\u010de a&nbsp;miniaplikace v\u00e1m d\u00e1 odpov\u011b\u010f.<\/p>\n\n\n\n<figure class=\"wp-block-image aligncenter size-full\"><img loading=\"lazy\" decoding=\"async\" width=\"615\" height=\"131\" src=\"https:\/\/o-seznam.cz\/napoveda\/vyhledavani\/wp-content\/uploads\/sites\/13\/2024\/10\/odpovidac-cisla.png\" alt=\"\" class=\"wp-image-1241\" srcset=\"https:\/\/o-seznam.cz\/napoveda\/vyhledavani\/wp-content\/uploads\/sites\/13\/2024\/10\/odpovidac-cisla.png 615w, https:\/\/o-seznam.cz\/napoveda\/vyhledavani\/wp-content\/uploads\/sites\/13\/2024\/10\/odpovidac-cisla-320x68.png 320w\" sizes=\"auto, (max-width: 615px) 100vw, 615px\" \/><figcaption class=\"wp-element-caption\">Zobrazen\u00ed v\u00fdsledku p\u0159i hled\u00e1n\u00ed d\u016fle\u017eit\u00fdch telefonn\u00edch \u010d\u00edsel<\/figcaption><\/figure>\n<\/div>\n\n\n\n<div class=\"wp-block-group is-layout-constrained wp-block-group-is-layout-constrained\">\n<h2 class=\"wp-block-heading\" id=\"ecka\">\u00c9\u010dka<\/h2>\n\n\n\n<p class=\"is-style-link-external\">Chcete si zkontrolovat, zda kupovan\u00e9 potraviny neobsahuj\u00ed \u0161kodliv\u00e1 aditiva? Chcete se dozv\u011bd\u011bt, co znamen\u00e1 <a href=\"https:\/\/search.seznam.cz\/?q=e150\">E150<\/a>? Na\u0161e miniaplikace v\u00e1m pomohou i&nbsp;s&nbsp;t\u00edmto.<\/p>\n\n\n\n<figure class=\"wp-block-image aligncenter size-full\"><img loading=\"lazy\" decoding=\"async\" width=\"609\" height=\"133\" src=\"https:\/\/o-seznam.cz\/napoveda\/vyhledavani\/wp-content\/uploads\/sites\/13\/2024\/10\/odpovidac-ecka.png\" alt=\"\" class=\"wp-image-1247\" srcset=\"https:\/\/o-seznam.cz\/napoveda\/vyhledavani\/wp-content\/uploads\/sites\/13\/2024\/10\/odpovidac-ecka.png 609w, https:\/\/o-seznam.cz\/napoveda\/vyhledavani\/wp-content\/uploads\/sites\/13\/2024\/10\/odpovidac-ecka-320x70.png 320w\" sizes=\"auto, (max-width: 609px) 100vw, 609px\" \/><figcaption class=\"wp-element-caption\">Zobrazen\u00ed v\u00fdsledku p\u0159i hled\u00e1n\u00ed k\u00f3d\u016f \u00e9\u010dek<\/figcaption><\/figure>\n<\/div>\n\n\n\n<div class=\"wp-block-group is-layout-constrained wp-block-group-is-layout-constrained\">\n<h2 class=\"wp-block-heading\" id=\"letiste\">IATA k\u00f3dy leti\u0161\u0165<\/h2>\n\n\n\n<p class=\"is-style-link-external\">Chyst\u00e1te se let\u011bt na dovolenou a&nbsp;nev\u00edte, jak\u00fd k\u00f3d m\u00e1 nap\u0159\u00edklad <a href=\"https:\/\/search.seznam.cz\/?q=leti%C5%A1t%C4%9B+praha\">leti\u0161t\u011b Praha<\/a>? Nebo naopak chcete v\u011bd\u011bt, kter\u00e9 leti\u0161t\u011b pou\u017e\u00edv\u00e1 ozna\u010den\u00ed <a href=\"https:\/\/search.seznam.cz\/?q=leti%C5%A1t%C4%9B+dxb\">DXB<\/a>? Na\u0161e miniaplikace v\u00e1m pomohou i&nbsp;s&nbsp;t\u00edmto.<\/p>\n\n\n\n<figure class=\"wp-block-image aligncenter size-full\"><img loading=\"lazy\" decoding=\"async\" width=\"619\" height=\"136\" src=\"https:\/\/o-seznam.cz\/napoveda\/vyhledavani\/wp-content\/uploads\/sites\/13\/2024\/10\/odpovidac-letiste.png\" alt=\"\" class=\"wp-image-1244\" srcset=\"https:\/\/o-seznam.cz\/napoveda\/vyhledavani\/wp-content\/uploads\/sites\/13\/2024\/10\/odpovidac-letiste.png 619w, https:\/\/o-seznam.cz\/napoveda\/vyhledavani\/wp-content\/uploads\/sites\/13\/2024\/10\/odpovidac-letiste-320x70.png 320w\" sizes=\"auto, (max-width: 619px) 100vw, 619px\" \/><figcaption class=\"wp-element-caption\">Zobrazen\u00ed v\u00fdsledku p\u0159i hled\u00e1n\u00ed k\u00f3d\u016f leti\u0161\u0165<\/figcaption><\/figure>\n<\/div>\n\n\n\n<h2 class=\"wp-block-heading\" id=\"kalorie\">Kalorick\u00e9 hodnoty j\u00eddel<\/h2>\n\n\n\n<p class=\"is-style-link-external\">Zaj\u00edm\u00e1 v\u00e1s, jakou energetickou hodnotu obsahuj\u00ed nejr\u016fzn\u011bj\u0161\u00ed potraviny? Zjist\u00edte ji zad\u00e1n\u00edm jednoduch\u00e9ho dotazu do vyhled\u00e1va\u010de, napr. <a href=\"https:\/\/search.seznam.cz\/?q=kalorick%C3%A1+hodnota+r%C3%BD%C5%BEe\">kalorick\u00e1 hodnota r\u00fd\u017ee<\/a>.<\/p>\n\n\n\n<figure class=\"wp-block-image aligncenter size-full\"><img loading=\"lazy\" decoding=\"async\" width=\"618\" height=\"130\" src=\"https:\/\/o-seznam.cz\/napoveda\/vyhledavani\/wp-content\/uploads\/sites\/13\/2024\/10\/odpovidac-kalorie.png\" alt=\"\" class=\"wp-image-1242\" srcset=\"https:\/\/o-seznam.cz\/napoveda\/vyhledavani\/wp-content\/uploads\/sites\/13\/2024\/10\/odpovidac-kalorie.png 618w, https:\/\/o-seznam.cz\/napoveda\/vyhledavani\/wp-content\/uploads\/sites\/13\/2024\/10\/odpovidac-kalorie-320x67.png 320w\" sizes=\"auto, (max-width: 618px) 100vw, 618px\" \/><figcaption class=\"wp-element-caption\">Zobrazen\u00ed v\u00fdsledku p\u0159i hled\u00e1n\u00ed kalorick\u00fdch hodnot j\u00eddel<\/figcaption><\/figure>\n\n\n\n<div class=\"wp-block-group is-layout-constrained wp-block-group-is-layout-constrained\">\n<h2 class=\"wp-block-heading\" id=\"banky_pojistovny\">K\u00f3dy bank a&nbsp;poji\u0161\u0165oven<\/h2>\n\n\n\n<p class=\"is-style-link-external\">Chcete zjistit, jak\u00fd <a href=\"https:\/\/search.seznam.cz\/?q=k%C3%B3d+poji%C5%A1%C5%A5ovny+vzp\">k\u00f3d pou\u017e\u00edv\u00e1 V\u0161eobecn\u00e1 zdravotn\u00ed poji\u0161\u0165ovna<\/a>? Nebo jak\u00e1 banka pou\u017e\u00edv\u00e1 <a href=\"https:\/\/search.seznam.cz\/?q=k%C3%B3d+banky+0800\">k\u00f3d 0800<\/a>? M\u016f\u017eete op\u011bt vyzkou\u0161et vyhled\u00e1va\u010d.<\/p>\n\n\n\n<figure class=\"wp-block-image aligncenter size-full\"><img loading=\"lazy\" decoding=\"async\" width=\"615\" height=\"122\" src=\"https:\/\/o-seznam.cz\/napoveda\/vyhledavani\/wp-content\/uploads\/sites\/13\/2024\/10\/odpovidac-banky-pojistovny.png\" alt=\"\" class=\"wp-image-1240\" srcset=\"https:\/\/o-seznam.cz\/napoveda\/vyhledavani\/wp-content\/uploads\/sites\/13\/2024\/10\/odpovidac-banky-pojistovny.png 615w, https:\/\/o-seznam.cz\/napoveda\/vyhledavani\/wp-content\/uploads\/sites\/13\/2024\/10\/odpovidac-banky-pojistovny-320x63.png 320w\" sizes=\"auto, (max-width: 615px) 100vw, 615px\" \/><figcaption class=\"wp-element-caption\">Zobrazen\u00ed v\u00fdsledku p\u0159i hled\u00e1n\u00ed k\u00f3d\u016f bank a&nbsp;poji\u0161\u0165oven<\/figcaption><\/figure>\n<\/div>\n\n\n\n<div class=\"wp-block-group is-layout-constrained wp-block-group-is-layout-constrained\">\n<h2 class=\"wp-block-heading\" id=\"psc\">Po\u0161tovn\u00ed sm\u011brovac\u00ed \u010d\u00edsla<\/h2>\n\n\n\n<p class=\"is-style-link-external\">Pokud chcete rychle naj\u00edt po\u0161tovn\u00ed sm\u011brovac\u00ed \u010d\u00edslo, sta\u010d\u00ed zadat nap\u0159. dotaz <a href=\"https:\/\/search.seznam.cz\/?q=ps%C4%8D+kate%C5%99inice\">ps\u010d kate\u0159inice<\/a>. Hled\u00e1n\u00ed funguje i&nbsp;obr\u00e1cen\u011b &#8211; zn\u00e1te ps\u010d a&nbsp;chcete zjistit, kter\u00e9 po\u0161t\u011b pat\u0159\u00ed, sta\u010d\u00ed zadat nap\u0159. dotaz <a href=\"https:\/\/search.seznam.cz\/?q=ps%C4%8D+747+05\">ps\u010d 747 05<\/a>.<\/p>\n\n\n\n<figure class=\"wp-block-image aligncenter size-full is-resized\"><img loading=\"lazy\" decoding=\"async\" width=\"619\" height=\"132\" src=\"https:\/\/o-seznam.cz\/napoveda\/vyhledavani\/wp-content\/uploads\/sites\/13\/2024\/10\/odpovidac-psc.png\" alt=\"\" class=\"wp-image-1239\" style=\"width:619px;height:auto\" srcset=\"https:\/\/o-seznam.cz\/napoveda\/vyhledavani\/wp-content\/uploads\/sites\/13\/2024\/10\/odpovidac-psc.png 619w, https:\/\/o-seznam.cz\/napoveda\/vyhledavani\/wp-content\/uploads\/sites\/13\/2024\/10\/odpovidac-psc-320x68.png 320w\" sizes=\"auto, (max-width: 619px) 100vw, 619px\" \/><figcaption class=\"wp-element-caption\">Zobrazen\u00ed v\u00fdsledku p\u0159i hled\u00e1n\u00ed PS\u010c<\/figcaption><\/figure>\n<\/div>\n\n\n\n<div class=\"wp-block-group is-layout-constrained wp-block-group-is-layout-constrained\">\n<h2 class=\"wp-block-heading\" id=\"presny_cas\">P\u0159esn\u00fd \u010das<\/h2>\n\n\n\n<p class=\"is-style-link-external\">Pokud si chcete ov\u011b\u0159it, \u017ee va\u0161e hodinky ukazuj\u00ed p\u0159esn\u00fd \u010das, sta\u010d\u00ed do vyhled\u00e1vac\u00edho pole zadat dotaz <a href=\"https:\/\/search.seznam.cz\/?q=p%C5%99esn%C3%BD+%C4%8Das\">p\u0159esn\u00fd \u010das<\/a> nebo <a href=\"https:\/\/search.seznam.cz\/?q=kolik+je+hodin\">kolik je hodin<\/a> a na\u0161e miniaplikace v\u00e1m \u010das zobraz\u00ed. Pokud v\u00e1s zaj\u00edm\u00e1, jak\u00fd je aktu\u00e1ln\u00ed \u010das kdekoliv na sv\u011bt\u011b, sta\u010d\u00ed dotaz roz\u0161\u00ed\u0159it o <a href=\"https:\/\/search.seznam.cz\/?q=%C4%8Das+v+lond%C3%BDn%C4%9B\">n\u00e1zev m\u00edsta<\/a>, kter\u00e9 v\u00e1s zaj\u00edm\u00e1.<\/p>\n\n\n\n<div class=\"wp-block-group is-layout-constrained wp-block-group-is-layout-constrained\">\n<div class=\"wp-block-group is-layout-constrained wp-block-group-is-layout-constrained\">\n<figure class=\"wp-block-image aligncenter size-full\"><img loading=\"lazy\" decoding=\"async\" width=\"610\" height=\"131\" src=\"https:\/\/o-seznam.cz\/napoveda\/vyhledavani\/wp-content\/uploads\/sites\/13\/2024\/10\/odpovidac-presny-cas.png\" alt=\"\" class=\"wp-image-1248\" srcset=\"https:\/\/o-seznam.cz\/napoveda\/vyhledavani\/wp-content\/uploads\/sites\/13\/2024\/10\/odpovidac-presny-cas.png 610w, https:\/\/o-seznam.cz\/napoveda\/vyhledavani\/wp-content\/uploads\/sites\/13\/2024\/10\/odpovidac-presny-cas-320x69.png 320w\" sizes=\"auto, (max-width: 610px) 100vw, 610px\" \/><figcaption class=\"wp-element-caption\">Zobrazen\u00ed p\u0159esn\u00e9ho \u010dasu v Praze<\/figcaption><\/figure>\n\n\n\n<figure class=\"wp-block-image aligncenter size-full\"><img loading=\"lazy\" decoding=\"async\" width=\"616\" height=\"127\" src=\"https:\/\/o-seznam.cz\/napoveda\/vyhledavani\/wp-content\/uploads\/sites\/13\/2024\/10\/odpovidac-presny-cas-londyn.png\" alt=\"\" class=\"wp-image-1249\" srcset=\"https:\/\/o-seznam.cz\/napoveda\/vyhledavani\/wp-content\/uploads\/sites\/13\/2024\/10\/odpovidac-presny-cas-londyn.png 616w, https:\/\/o-seznam.cz\/napoveda\/vyhledavani\/wp-content\/uploads\/sites\/13\/2024\/10\/odpovidac-presny-cas-londyn-320x66.png 320w\" sizes=\"auto, (max-width: 616px) 100vw, 616px\" \/><figcaption class=\"wp-element-caption\">Zobrazen\u00ed p\u0159esn\u00e9ho \u010dasu v Lond\u00fdn\u011b<\/figcaption><\/figure>\n<\/div>\n<\/div>\n<\/div>\n\n\n\n<h2 class=\"wp-block-heading\" id=\"predcisli_statu\">Telefonn\u00ed p\u0159ed\u010d\u00edsl\u00ed st\u00e1t\u016f<\/h2>\n\n\n\n<p class=\"is-style-link-external\">M\u00e1te na sv\u00e9m telefonu nep\u0159ijat\u00fd hovor a&nbsp;jeho telefonn\u00ed p\u0159edvolba za\u010d\u00edn\u00e1 <a href=\"https:\/\/search.seznam.cz\/?q=mezin%C3%A1rodn%C3%AD+p%C5%99edvolba+%2B55\">p\u0159ed\u010d\u00edsl\u00edm +55<\/a>? Nebo pot\u0159ebujete v\u011bd\u011bt, jak\u00e9 p\u0159ed\u010d\u00edsl\u00ed m\u00e1 nap\u0159\u00edklad <a href=\"https:\/\/search.seznam.cz\/?q=p%C5%99ed%C4%8D%C3%ADsl%C3%AD+island\">Island<\/a>? Sta\u010d\u00ed op\u011bt zadat dotaz do vyhled\u00e1va\u010de.<\/p>\n\n\n\n<figure class=\"wp-block-image aligncenter size-full\"><img loading=\"lazy\" decoding=\"async\" width=\"613\" height=\"128\" src=\"https:\/\/o-seznam.cz\/napoveda\/vyhledavani\/wp-content\/uploads\/sites\/13\/2024\/10\/odpovidac-predcisli.png\" alt=\"\" class=\"wp-image-1245\" srcset=\"https:\/\/o-seznam.cz\/napoveda\/vyhledavani\/wp-content\/uploads\/sites\/13\/2024\/10\/odpovidac-predcisli.png 613w, https:\/\/o-seznam.cz\/napoveda\/vyhledavani\/wp-content\/uploads\/sites\/13\/2024\/10\/odpovidac-predcisli-320x67.png 320w\" sizes=\"auto, (max-width: 613px) 100vw, 613px\" \/><figcaption class=\"wp-element-caption\">Zobrazen\u00ed v\u00fdsledku p\u0159i hled\u00e1n\u00ed telefonn\u00edch p\u0159ed\u010d\u00edsl\u00ed st\u00e1t\u016f<\/figcaption><\/figure>\n\n\n\n<div class=\"wp-block-group is-layout-constrained wp-block-group-is-layout-constrained\">\n<h2 class=\"wp-block-heading\" id=\"vtipy\">Vtipy<\/h2>\n\n\n\n<p class=\"is-style-link-external\">Chcete si ukr\u00e1tit dlouhou chv\u00edli? Zadejte do vyhled\u00e1v\u00e1n\u00ed slovo <a href=\"https:\/\/search.seznam.cz\/?q=vtip\">vtip<\/a> a bavte se.<\/p>\n\n\n\n<figure class=\"wp-block-image aligncenter size-full\"><img loading=\"lazy\" decoding=\"async\" width=\"618\" height=\"139\" src=\"https:\/\/o-seznam.cz\/napoveda\/vyhledavani\/wp-content\/uploads\/sites\/13\/2024\/10\/odpovidac-vtip.png\" alt=\"\" class=\"wp-image-1252\" srcset=\"https:\/\/o-seznam.cz\/napoveda\/vyhledavani\/wp-content\/uploads\/sites\/13\/2024\/10\/odpovidac-vtip.png 618w, https:\/\/o-seznam.cz\/napoveda\/vyhledavani\/wp-content\/uploads\/sites\/13\/2024\/10\/odpovidac-vtip-320x72.png 320w\" sizes=\"auto, (max-width: 618px) 100vw, 618px\" \/><figcaption class=\"wp-element-caption\">Zobrazen\u00ed vtipu<\/figcaption><\/figure>\n<\/div>\n\n\n\n<h2 class=\"wp-block-heading\" id=\"vyhledavani_zasilek\">Vyhled\u00e1v\u00e1n\u00ed z\u00e1silek<\/h2>\n\n\n\n<p class=\"is-style-link-external\">Pokud o\u010dek\u00e1v\u00e1te z\u00e1silku od n\u011bkter\u00e9ho z velk\u00fdch dopravc\u016f, m\u016f\u017eete vyu\u017e\u00edt n\u00e1\u0161 odpov\u00edda\u010d, kter\u00fd umo\u017en\u00ed sledovat z\u00e1silku u dan\u00e9ho dopravce. Pole na zad\u00e1n\u00ed \u010d\u00edsla z\u00e1silky se zobraz\u00ed po vyhled\u00e1n\u00ed n\u00e1zvu dopravn\u00ed spole\u010dnosti, nap\u0159. <a href=\"https:\/\/search.seznam.cz\/?q=%C4%8Desk%C3%A1+po%C5%A1ta\">\u010cesk\u00e1 po\u0161ta<\/a>, <a href=\"https:\/\/search.seznam.cz\/?q=ppl\">PPL<\/a> nebo <a href=\"https:\/\/search.seznam.cz\/?q=dhl\">DHL<\/a>. Dotaz m\u016f\u017eete zadat i ve tvaru: sledov\u00e1n\u00ed z\u00e1silky + n\u00e1zev spole\u010dnosti, nap\u0159. <a href=\"https:\/\/search.seznam.cz\/?q=sledov%C3%A1n%C3%AD+z%C3%A1silky+gls\">sledov\u00e1n\u00ed z\u00e1silky GLS<\/a>, nebo ve tvaru: sledovat bal\u00edk + n\u00e1zev spole\u010dnosti, nap\u0159. <a href=\"https:\/\/search.seznam.cz\/?q=sledovat+bal\u00edk+dpd\">sledovat bal\u00edk DPD<\/a>. Pot\u00e9 u\u017e sta\u010d\u00ed jen zadat \u010d\u00edslo z\u00e1silky do p\u0159\u00edslu\u0161n\u00e9ho pole.<\/p>\n\n\n\n<figure class=\"wp-block-image aligncenter size-full\"><img loading=\"lazy\" decoding=\"async\" width=\"611\" height=\"135\" src=\"https:\/\/o-seznam.cz\/napoveda\/vyhledavani\/wp-content\/uploads\/sites\/13\/2024\/10\/odpovidac-zasilky.png\" alt=\"\" class=\"wp-image-1246\" srcset=\"https:\/\/o-seznam.cz\/napoveda\/vyhledavani\/wp-content\/uploads\/sites\/13\/2024\/10\/odpovidac-zasilky.png 611w, https:\/\/o-seznam.cz\/napoveda\/vyhledavani\/wp-content\/uploads\/sites\/13\/2024\/10\/odpovidac-zasilky-320x71.png 320w\" sizes=\"auto, (max-width: 611px) 100vw, 611px\" \/><figcaption class=\"wp-element-caption\">Zobrazen\u00ed sledov\u00e1n\u00ed z\u00e1silky u \u010cesk\u00e9 po\u0161ty<\/figcaption><\/figure>\n\n\n\n<h2 class=\"wp-block-heading\" id=\"slunce\">V\u00fdchod a z\u00e1pad slunce<\/h2>\n\n\n\n<p class=\"is-style-link-external\">Chcete-li v\u011bd\u011bt, v kolik hodin v\u00e1s probud\u00ed prvn\u00ed slune\u010dn\u00ed paprsky, nebo naopak v kolik hodin se slunce sklon\u00ed za obzor, sta\u010d\u00ed do na\u0161eho vyhled\u00e1v\u00e1n\u00ed zadat dotazy <a href=\"https:\/\/search.seznam.cz\/?q=v%C3%BDchod+slunce\">v\u00fdchod slunce<\/a> nebo <a href=\"https:\/\/search.seznam.cz\/?q=z%C3%A1pad+slunce\">z\u00e1pad slunce<\/a>. Do dotazu m\u016f\u017eete p\u0159idat i libovoln\u00e9 <a href=\"https:\/\/search.seznam.cz\/?q=v%C3%BDchod+slunce+pelh%C5%99imov\">m\u00edsto v&nbsp;\u010cech\u00e1ch<\/a> i <a href=\"https:\/\/search.seznam.cz\/?q=z%C3%A1pad+slunce+kr%C3%A9ta\">ve sv\u011bt\u011b<\/a>.<\/p>\n\n\n\n<figure class=\"wp-block-image aligncenter size-full\"><img loading=\"lazy\" decoding=\"async\" width=\"611\" height=\"118\" src=\"https:\/\/o-seznam.cz\/napoveda\/vyhledavani\/wp-content\/uploads\/sites\/13\/2024\/10\/odpovidac-vychod-slunce.png\" alt=\"\" class=\"wp-image-1250\" srcset=\"https:\/\/o-seznam.cz\/napoveda\/vyhledavani\/wp-content\/uploads\/sites\/13\/2024\/10\/odpovidac-vychod-slunce.png 611w, https:\/\/o-seznam.cz\/napoveda\/vyhledavani\/wp-content\/uploads\/sites\/13\/2024\/10\/odpovidac-vychod-slunce-320x62.png 320w\" sizes=\"auto, (max-width: 611px) 100vw, 611px\" \/><figcaption class=\"wp-element-caption\">Zobrazen\u00ed v\u00fdchodu slunce<\/figcaption><\/figure>\n\n\n\n<figure class=\"wp-block-image aligncenter size-full\"><img loading=\"lazy\" decoding=\"async\" width=\"620\" height=\"118\" src=\"https:\/\/o-seznam.cz\/napoveda\/vyhledavani\/wp-content\/uploads\/sites\/13\/2024\/10\/odpovidac-zapad-slunce.png\" alt=\"\" class=\"wp-image-1251\" srcset=\"https:\/\/o-seznam.cz\/napoveda\/vyhledavani\/wp-content\/uploads\/sites\/13\/2024\/10\/odpovidac-zapad-slunce.png 620w, https:\/\/o-seznam.cz\/napoveda\/vyhledavani\/wp-content\/uploads\/sites\/13\/2024\/10\/odpovidac-zapad-slunce-320x61.png 320w\" sizes=\"auto, (max-width: 620px) 100vw, 620px\" \/><figcaption class=\"wp-element-caption\">Zobrazen\u00ed z\u00e1padu slunce<\/figcaption><\/figure>\n","protected":false},"excerpt":{"rendered":"<p>Nejsp\u00ed\u0161 zn\u00e1te ty situace, kdy narychlo pot\u0159ebujete naj\u00edt sm\u011brovac\u00ed \u010d\u00edslo, zjistit k\u00f3d banky nebo poji\u0161\u0165ovny, kdy v\u00e1s zaj\u00edmaj\u00ed kalorie n\u011bjak\u00e9 potraviny nebo v\u00fdznam \u00e9\u010dek atp. Pr\u00e1v\u011b v&nbsp;podobn\u00fdch situac\u00edch by v\u00e1m m\u011bl b\u00fdt n\u00e1pomocn\u00fd odpov\u00edda\u010d. N\u00e1sleduj\u00edc\u00ed n\u00e1pov\u011bda v\u00e1m osv\u011btl\u00ed, co od n\u011bj m\u016f\u017eete o\u010dek\u00e1vat a&nbsp;jak se s&nbsp;n\u00edm pracuje. Setkat se m\u016f\u017eete s&nbsp;odpov\u011b\u010fmi v&nbsp;n\u00e1sleduj\u00edc\u00edch kategori\u00edch: Odpov\u00edda\u010d se [&hellip;]<\/p>\n","protected":false},"author":22,"featured_media":0,"parent":260,"menu_order":0,"comment_status":"closed","ping_status":"closed","template":"page-sidemenu","meta":{"_acf_changed":false,"_relevanssi_hide_post":"","_relevanssi_hide_content":"","_relevanssi_pin_for_all":"","_relevanssi_pin_keywords":"","_relevanssi_unpin_keywords":"","_relevanssi_related_keywords":"","_relevanssi_related_include_ids":"","_relevanssi_related_exclude_ids":"","_relevanssi_related_no_append":"","_relevanssi_related_not_related":"","_relevanssi_related_posts":"","_relevanssi_noindex_reason":"","footnotes":""},"page_category":[14],"page_tag":[],"service_status_category":[],"class_list":["post-278","page","type-page","status-publish","hentry"],"acf":[],"lang":"cs","translations":{"cs":278},"pll_sync_post":[],"_links":{"self":[{"href":"https:\/\/o-seznam.cz\/napoveda\/vyhledavani\/wp-json\/wp\/v2\/pages\/278","targetHints":{"allow":["GET"]}}],"collection":[{"href":"https:\/\/o-seznam.cz\/napoveda\/vyhledavani\/wp-json\/wp\/v2\/pages"}],"about":[{"href":"https:\/\/o-seznam.cz\/napoveda\/vyhledavani\/wp-json\/wp\/v2\/types\/page"}],"author":[{"embeddable":true,"href":"https:\/\/o-seznam.cz\/napoveda\/vyhledavani\/wp-json\/wp\/v2\/users\/22"}],"replies":[{"embeddable":true,"href":"https:\/\/o-seznam.cz\/napoveda\/vyhledavani\/wp-json\/wp\/v2\/comments?post=278"}],"version-history":[{"count":12,"href":"https:\/\/o-seznam.cz\/napoveda\/vyhledavani\/wp-json\/wp\/v2\/pages\/278\/revisions"}],"predecessor-version":[{"id":1440,"href":"https:\/\/o-seznam.cz\/napoveda\/vyhledavani\/wp-json\/wp\/v2\/pages\/278\/revisions\/1440"}],"up":[{"embeddable":true,"href":"https:\/\/o-seznam.cz\/napoveda\/vyhledavani\/wp-json\/wp\/v2\/pages\/260"}],"wp:attachment":[{"href":"https:\/\/o-seznam.cz\/napoveda\/vyhledavani\/wp-json\/wp\/v2\/media?parent=278"}],"wp:term":[{"taxonomy":"page_category","embeddable":true,"href":"https:\/\/o-seznam.cz\/napoveda\/vyhledavani\/wp-json\/wp\/v2\/page_category?post=278"},{"taxonomy":"page_tag","embeddable":true,"href":"https:\/\/o-seznam.cz\/napoveda\/vyhledavani\/wp-json\/wp\/v2\/page_tag?post=278"},{"taxonomy":"service_status_category","embeddable":true,"href":"https:\/\/o-seznam.cz\/napoveda\/vyhledavani\/wp-json\/wp\/v2\/service_status_category?post=278"}],"curies":[{"name":"wp","href":"https:\/\/api.w.org\/{rel}","templated":true}]}}