{"id":272,"date":"2024-09-24T11:54:20","date_gmt":"2024-09-24T09:54:20","guid":{"rendered":"https:\/\/o-seznam.cz\/napoveda\/vyhledavani\/?page_id=272"},"modified":"2025-11-25T13:46:25","modified_gmt":"2025-11-25T12:46:25","slug":"vychytavky","status":"publish","type":"page","link":"https:\/\/o-seznam.cz\/napoveda\/vyhledavani\/vysledky-vyhledavani\/vychytavky\/","title":{"rendered":"Vychyt\u00e1vky"},"content":{"rendered":"\n<p>Krom\u011b <a href=\"..\/upoutavky\/\" data-type=\"page\" data-id=\"267\">upout\u00e1vek<\/a> a <a href=\"..\/chytre-karty\">chytr\u00fdch karet<\/a> m\u016f\u017eete ve v\u00fdsledc\u00edch vyhled\u00e1v\u00e1n\u00ed narazit na n\u011bkolik dal\u0161\u00edch vychyt\u00e1vek. Jsou to:<\/p>\n\n\n<nav class=\"menu-anchors\">\n<ul>\n\t<li><a href=\"#doba\">Otev\u00edrac\u00ed doba obchod\u016f a instituc\u00ed<\/a><\/li>\n<li><a href=\"#prave_se_hleda\">Pr\u00e1v\u011b se hled\u00e1<\/a><\/li>\n<li><a href=\"#preklad\">P\u0159ekladov\u00fd slovn\u00edk<\/a><\/li>\n<li><a href=\"#odpoved\">P\u0159\u00edm\u00e1 odpov\u011b\u010f<\/a><\/li>\n<li><a href=\"#llm-odpoved\">P\u0159\u00edm\u00e1 odpov\u011b\u010f od jazykov\u00e9ho modelu<\/a><\/li>\n<li><a href=\"#cizi\">Slovn\u00edk ciz\u00edch slov<\/a><\/li>\n<li><a href=\"#sudoku\">Sudoku<\/a><\/li>\n<li><a href=\"#sumarizace-vysledku\">Sumarizace str\u00e1nky s v\u00fdsledky<\/a><\/li>\n<li><a href=\"#sumarizace\">Sumarizace trenduj\u00edc\u00edch t\u00e9mat<\/a><\/li>\n<li><a href=\"#v\u00edce_v\u00fdznam\u016f\">V\u00edcev\u00fdznamov\u00e1 slova<\/a><\/li>\n<li><a href=\"#palivo\">V\u00fdvoj ceny paliva<\/a><\/li>\n<li><a href=\"#kurzy_men\">V\u00fdvoj kurz\u016f m\u011bn<\/a><\/li>\n<li><a href=\"#inflace\">V\u00fdvoj m\u00edry inflace<\/a><\/li>\n<\/ul>\n\n<\/nav>\n\n\n\n<h2 class=\"wp-block-heading\" id=\"doba\">Otev\u00edrac\u00ed doba obchod\u016f a instituc\u00ed<\/h2>\n\n\n\n<p class=\"is-style-link-external\">Zahled\u00e1te-li firmu, obchod nebo <a href=\"https:\/\/search.seznam.cz\/?q=%C4%8Desk%C3%A1%20po%C5%A1ta%20jind%C5%99i%C5%A1sk%C3%A1%20otev%C3%ADrac%C3%AD%20doba\">instituci<\/a>, u kter\u00e9 m\u00e1me ve firemn\u00edk katalogu uvedenu otev\u00edrac\u00ed dobu, zobraz\u00ed se v\u00e1m p\u0159\u00edmo pod hledac\u00edm polem ve v\u00fdsledc\u00edch vyhled\u00e1v\u00e1n\u00ed.<\/p>\n\n\n\n<figure class=\"wp-block-image aligncenter size-full\"><img loading=\"lazy\" decoding=\"async\" width=\"629\" height=\"294\" src=\"https:\/\/o-seznam.cz\/napoveda\/vyhledavani\/wp-content\/uploads\/sites\/13\/2025\/06\/oteviraci-doba.png\" alt=\"\" class=\"wp-image-2053\" srcset=\"https:\/\/o-seznam.cz\/napoveda\/vyhledavani\/wp-content\/uploads\/sites\/13\/2025\/06\/oteviraci-doba.png 629w, https:\/\/o-seznam.cz\/napoveda\/vyhledavani\/wp-content\/uploads\/sites\/13\/2025\/06\/oteviraci-doba-320x150.png 320w\" sizes=\"auto, (max-width: 629px) 100vw, 629px\" \/><figcaption class=\"wp-element-caption\">Podoba vychyt\u00e1vky otev\u00edrac\u00ed doba<\/figcaption><\/figure>\n\n\n\n<div class=\"wp-block-group is-layout-constrained wp-block-group-is-layout-constrained\">\n<h2 class=\"wp-block-heading\" id=\"prave_se_hleda\">Pr\u00e1v\u011b se hled\u00e1<\/h2>\n\n\n\n<p class=\"is-style-link-external\">Trendov\u00e9 dotazy zn\u00e1te z <a href=\"https:\/\/www.seznam.cz\/\">hlavn\u00ed str\u00e1nky Seznam.cz<\/a> nebo z <a href=\"https:\/\/search.seznam.cz\/\">homepage pro Vyhled\u00e1v\u00e1n\u00ed<\/a>. Zobrazuj\u00ed se na str\u00e1ce v\u00fdsledk\u016f vyhled\u00e1v\u00e1n\u00ed ve chv\u00edli, kdy si n\u011bjak\u00fd dotaz, kter\u00fd se pr\u00e1v\u011b hled\u00e1, prokliknete.<\/p>\n\n\n\n<figure class=\"wp-block-image aligncenter size-full\"><img loading=\"lazy\" decoding=\"async\" width=\"424\" height=\"325\" src=\"https:\/\/o-seznam.cz\/napoveda\/vyhledavani\/wp-content\/uploads\/sites\/13\/2025\/06\/prave-se-hleda.png\" alt=\"\" class=\"wp-image-2054\" srcset=\"https:\/\/o-seznam.cz\/napoveda\/vyhledavani\/wp-content\/uploads\/sites\/13\/2025\/06\/prave-se-hleda.png 424w, https:\/\/o-seznam.cz\/napoveda\/vyhledavani\/wp-content\/uploads\/sites\/13\/2025\/06\/prave-se-hleda-320x245.png 320w\" sizes=\"auto, (max-width: 424px) 100vw, 424px\" \/><figcaption class=\"wp-element-caption\">Podoba vychyt\u00e1vky pr\u00e1v\u011b se hled\u00e1<\/figcaption><\/figure>\n<\/div>\n\n\n\n<h2 class=\"wp-block-heading\" id=\"preklad\">P\u0159ekladov\u00fd slovn\u00edk<\/h2>\n\n\n\n<p class=\"is-style-link-external\">Nev\u00edte si rady, jak p\u0159elo\u017eit n\u011bjak\u00fd v\u00fdraz z nebo do ciz\u00edho jazyka? Pom\u016f\u017ee v\u00e1m p\u0159\u00edmo ve v\u00fdsledc\u00edch vyhled\u00e1v\u00e1n\u00ed n\u00e1\u0161 slovn\u00edk. Sta\u010d\u00ed zadat <a href=\"https:\/\/search.seznam.cz\/?q=jaro+anglicky\">slovo<\/a>, kter\u00e9 chcete p\u0159elo\u017eit, a doplnit ho jazykem, do kter\u00e9ho jej chcete p\u0159ev\u00e9st.<\/p>\n\n\n\n<figure class=\"wp-block-image aligncenter size-full\"><img loading=\"lazy\" decoding=\"async\" width=\"624\" height=\"363\" src=\"https:\/\/o-seznam.cz\/napoveda\/vyhledavani\/wp-content\/uploads\/sites\/13\/2024\/10\/prekladovy-slovnik.png\" alt=\"\" class=\"wp-image-1328\" srcset=\"https:\/\/o-seznam.cz\/napoveda\/vyhledavani\/wp-content\/uploads\/sites\/13\/2024\/10\/prekladovy-slovnik.png 624w, https:\/\/o-seznam.cz\/napoveda\/vyhledavani\/wp-content\/uploads\/sites\/13\/2024\/10\/prekladovy-slovnik-320x186.png 320w\" sizes=\"auto, (max-width: 624px) 100vw, 624px\" \/><figcaption class=\"wp-element-caption\">Podoba vychyt\u00e1vky p\u0159ekladov\u00fd slovn\u00edk<\/figcaption><\/figure>\n\n\n\n<h2 class=\"wp-block-heading\" id=\"odpoved\">P\u0159\u00edm\u00e1 odpov\u011b\u010f<\/h2>\n\n\n\n<p class=\"is-style-link-external\">Chcete v\u011bd\u011bt, jak <a href=\"https:\/\/search.seznam.cz\/?q=v%C3%BD%C5%A1ka+sn%C4%9B%C5%BEky\">vysok\u00e1 je Sn\u011b\u017eka<\/a>? Sta\u010d\u00ed se zeptat na\u0161eho vyhled\u00e1v\u00e1\u010de a ten v\u00e1m po\u017eadovanou informaci rovnou zobraz\u00ed.<\/p>\n\n\n\n<figure class=\"wp-block-image aligncenter size-full\"><img loading=\"lazy\" decoding=\"async\" width=\"631\" height=\"173\" src=\"https:\/\/o-seznam.cz\/napoveda\/vyhledavani\/wp-content\/uploads\/sites\/13\/2024\/10\/prima-odpoved.png\" alt=\"\" class=\"wp-image-1330\" srcset=\"https:\/\/o-seznam.cz\/napoveda\/vyhledavani\/wp-content\/uploads\/sites\/13\/2024\/10\/prima-odpoved.png 631w, https:\/\/o-seznam.cz\/napoveda\/vyhledavani\/wp-content\/uploads\/sites\/13\/2024\/10\/prima-odpoved-320x88.png 320w\" sizes=\"auto, (max-width: 631px) 100vw, 631px\" \/><figcaption class=\"wp-element-caption\">Podoba vychyt\u00e1vky p\u0159\u00edm\u00e1 odpov\u011b\u010f<\/figcaption><\/figure>\n\n\n\n<h2 class=\"wp-block-heading\" id=\"llm-odpoved\">P\u0159\u00edm\u00e1 odpov\u011b\u010f od jazykov\u00e9ho modelu<\/h2>\n\n\n\n<p>Ve v\u00fdsledc\u00edch vyhled\u00e1v\u00e1n\u00ed se m\u016f\u017eete potkat s prvkem, kter\u00fd obsahuje p\u0159\u00edmou odpov\u011b\u010f na v\u00e1\u0161 dotaz tak, jak ho zodpov\u011bd\u011bl n\u00e1\u0161 velk\u00fd jazykov\u00fd model. Zdrojem odpov\u011bdi jsou v takov\u00e9m p\u0159\u00edpad\u011b data, na kter\u00fdch byl model nau\u010den.<\/p>\n\n\n\n<figure class=\"wp-block-image aligncenter size-full\"><img loading=\"lazy\" decoding=\"async\" width=\"633\" height=\"398\" src=\"https:\/\/o-seznam.cz\/napoveda\/vyhledavani\/wp-content\/uploads\/sites\/13\/2025\/11\/prima-odpoved-seznam-ai.png\" alt=\"\" class=\"wp-image-2124\" srcset=\"https:\/\/o-seznam.cz\/napoveda\/vyhledavani\/wp-content\/uploads\/sites\/13\/2025\/11\/prima-odpoved-seznam-ai.png 633w, https:\/\/o-seznam.cz\/napoveda\/vyhledavani\/wp-content\/uploads\/sites\/13\/2025\/11\/prima-odpoved-seznam-ai-320x201.png 320w\" sizes=\"auto, (max-width: 633px) 100vw, 633px\" \/><figcaption class=\"wp-element-caption\">Podoba automaticky generovan\u00e1 p\u0159\u00edm\u00e9 odpov\u011bdi<\/figcaption><\/figure>\n\n\n\n<p>Je d\u016fle\u017eit\u00e9 si uv\u011bdomit, \u017ee:&nbsp;<\/p>\n\n\n\n<ul class=\"wp-block-list\">\n<li><strong>Jazykov\u00e9 modely nejsou neomyln\u00e9<\/strong>. Dok\u00e1\u017e\u00ed vytvo\u0159it odpov\u011bdi, kter\u00e9 zn\u011bj\u00ed p\u0159esv\u011bd\u010div\u011b, ale jsou nespr\u00e1vn\u00e9, zav\u00e1d\u011bj\u00edc\u00ed nebo dokonce zcela vymy\u0161len\u00e9. Je proto d\u016fle\u017eit\u00e9 odpov\u011bdi v\u017edy ov\u011b\u0159ovat. A\u0165 u\u017e je to pomoc\u00ed konzultace s odborn\u00edkem nebo jin\u00fdch zdroj\u016f (nap\u0159\u00edklad ostatn\u00edch v\u00fdsledk\u016f, kter\u00e9 na\u0161e vyhled\u00e1v\u00e1n\u00ed na dotaz poskytlo).<\/li>\n\n\n\n<li><strong>Jazykov\u00fd model m\u016f\u017ee up\u0159ednost\u0148ovat ur\u010dit\u00e9 zdroje nebo n\u00e1zory <\/strong>a vytv\u00e1\u0159et tak<strong> <\/strong>zkreslenou realitu nebo dokonce p\u016fsobit ur\u00e1\u017eliv\u011b a nemus\u00ed tak b\u00fdt vhodn\u00fd pro konkr\u00e9tn\u00ed \u00fa\u010del. Obsah z jazykov\u00e9ho modelu je formov\u00e1n na z\u00e1klad\u011b d\u0159\u00edve dostupn\u00fdch dat a m\u016f\u017ee odr\u00e1\u017eet jejich p\u0159\u00edpadn\u00e9 nedostatky nebo zaujatosti. <strong>V\u00fdstupy nelze br\u00e1t jako zdravotn\u00ed, pr\u00e1vn\u00ed, finan\u010dn\u00ed, bezpe\u010dnostn\u00ed a jin\u00e1 podobn\u00e1 odborn\u00e1 doporu\u010den\u00ed, kter\u00e1 mohou m\u00edt z\u00e1sadn\u00ed dopad do sf\u00e9ry jedince. <\/strong>Takov\u00e1 t\u00e9mata by se m\u011bla v\u017edy konzultovat s odborn\u00edkem.<\/li>\n\n\n\n<li><strong>V r\u00e1mci dotazu byste nikdy nem\u011bli zad\u00e1vat osobn\u00ed \u00fadaje \u010di jin\u00e9 citliv\u00e9 nebo d\u016fv\u011brn\u00e9 informace.<\/strong><\/li>\n\n\n\n<li><strong>Vyu\u017eit\u00ed jazykov\u00fdch model\u016f m\u00e1 etick\u00e9 ot\u00e1zky. <\/strong>Je vhodn\u00e9 zv\u00e1\u017eit dopady do soukrom\u00ed nebo pr\u00e1v osob a u\u017e\u00edvat um\u011blou inteligenci zodpov\u011bdn\u011b.<\/li>\n\n\n\n<li><strong>V\u00fdstupy nereprezentuj\u00ed n\u00e1zory, stanoviska nebo doru\u010den\u00ed spole\u010dnosti Seznam.cz, a.s.<\/strong><\/li>\n<\/ul>\n\n\n\n<p>Pokud objev\u00edte v odpov\u011bdi chybu, m\u016f\u017eete n\u00e1m ji ozn\u00e1mit pomoc\u00ed palc\u016f pod prvkem. Pokud zvol\u00edte palec dol\u016f, otev\u0159e se V\u00e1m formul\u00e1\u0159, kde m\u016f\u017eete vyplnit podrobnosti.<\/p>\n\n\n\n<h2 class=\"wp-block-heading\" id=\"cizi\">Slovn\u00edk ciz\u00edch slov<\/h2>\n\n\n\n<p class=\"is-style-link-external\">Pot\u0159ebujete se ujistit, \u017ee rozum\u00edte spr\u00e1vn\u011b n\u011bjak\u00e9mu i b\u011b\u017en\u011b pou\u017e\u00edvan\u00e9mu <a href=\"https:\/\/search.seznam.cz\/?q=pa%C5%A1k%C3%A1l\">ciz\u00edmu slovu<\/a>? Na\u0161e vychyt\u00e1vka v\u00e1m s&nbsp;p\u0159ekladem pom\u016f\u017ee.<\/p>\n\n\n\n<figure class=\"wp-block-image aligncenter size-full\"><img loading=\"lazy\" decoding=\"async\" width=\"631\" height=\"324\" src=\"https:\/\/o-seznam.cz\/napoveda\/vyhledavani\/wp-content\/uploads\/sites\/13\/2024\/10\/slovnik-cizich-slov.png\" alt=\"\" class=\"wp-image-1332\" srcset=\"https:\/\/o-seznam.cz\/napoveda\/vyhledavani\/wp-content\/uploads\/sites\/13\/2024\/10\/slovnik-cizich-slov.png 631w, https:\/\/o-seznam.cz\/napoveda\/vyhledavani\/wp-content\/uploads\/sites\/13\/2024\/10\/slovnik-cizich-slov-320x164.png 320w\" sizes=\"auto, (max-width: 631px) 100vw, 631px\" \/><figcaption class=\"wp-element-caption\">Podoba vychyt\u00e1vky slovn\u00edk ciz\u00edch slov<\/figcaption><\/figure>\n\n\n\n<h2 class=\"wp-block-heading\" id=\"sudoku\">Sudoku<\/h2>\n\n\n\n<p class=\"is-style-link-external\">M\u00e1te dlouhou chv\u00edli? M\u016f\u017eete si p\u0159\u00edmo ve v\u00fdsledc\u00edch vyhled\u00e1v\u00e1n\u00ed zahr\u00e1t <a href=\"https:\/\/search.seznam.cz\/?q=sudoku\">sudoku<\/a>.<\/p>\n\n\n\n<figure class=\"wp-block-image aligncenter size-full\"><img loading=\"lazy\" decoding=\"async\" width=\"634\" height=\"464\" src=\"https:\/\/o-seznam.cz\/napoveda\/vyhledavani\/wp-content\/uploads\/sites\/13\/2024\/10\/sudoku.png\" alt=\"\" class=\"wp-image-1334\" srcset=\"https:\/\/o-seznam.cz\/napoveda\/vyhledavani\/wp-content\/uploads\/sites\/13\/2024\/10\/sudoku.png 634w, https:\/\/o-seznam.cz\/napoveda\/vyhledavani\/wp-content\/uploads\/sites\/13\/2024\/10\/sudoku-320x234.png 320w\" sizes=\"auto, (max-width: 634px) 100vw, 634px\" \/><figcaption class=\"wp-element-caption\">Podoba vychyt\u00e1vky sudoku<\/figcaption><\/figure>\n\n\n\n<h2 class=\"wp-block-heading\" id=\"sumarizace-vysledku\">Sumarizace str\u00e1nky s v\u00fdsledky<\/h2>\n\n\n\n<p>Ve vyhled\u00e1v\u00e1n\u00ed se m\u016f\u017eete nov\u011b potkat s prvkem, kter\u00fd m\u00e1 za \u00fakol poskytnout kompaktn\u00ed ozdrojovanou sumarizaci toho nejrelevantn\u011bj\u0161\u00edho, co se nach\u00e1z\u00ed v organick\u00fdch v\u00fdsledc\u00edch na zadan\u00fd dotaz.<\/p>\n\n\n\n<p>Jedn\u00e1 se o tzv. abstraktn\u00ed sumarizaci. Znamen\u00e1 to, \u017ee se jedn\u00e1 o souhrn, kter\u00fd nemus\u00ed pou\u017e\u00edvat stejn\u00e1 slova jako na zdrojov\u00fdch str\u00e1nk\u00e1ch, ale zachycuje hlavn\u00ed my\u0161lenku. Je pro n\u00e1s d\u016fle\u017eit\u00e9, aby bylo jasn\u00e9, na jak\u00e9 str\u00e1nce je ka\u017ed\u00fd bod sumarizace zalo\u017een\u00fd. Proto d\u00e1v\u00e1me k sumarizaci informaci o zdroj\u00edch.<\/p>\n\n\n\n<div class=\"wp-block-seznam-box is-layout-flow wp-block-seznam-box-is-layout-flow\">\n<h2 class=\"wp-block-heading\">Tip<\/h2>\n\n\n\n<p>Pokud si nep\u0159ejete, aby Seznam pou\u017e\u00edval v\u00e1\u0161 web jako zdroj do sumarizac\u00ed, m\u016f\u017eete toto chov\u00e1n\u00ed <a href=\"https:\/\/o-seznam.cz\/napoveda\/vyhledavani\/seznambot\/zakazani-tvorby-snippetu\/#sumarizace\">vypnout<\/a>.<\/p>\n<\/div>\n\n\n\n<h3 class=\"wp-block-heading\">Tvorba sumarizace<\/h3>\n\n\n\n<ol class=\"wp-block-list\">\n<li>Na zadan\u00fd dotaz se zavol\u00e1 na\u0161e Search API a vyt\u00e1hnou se obsahy top 5 dokument\u016f z organick\u00fdch v\u00fdsledk\u016f.<\/li>\n\n\n\n<li>Po filtraci se tyto texty dopln\u00ed do \u0161ablony promptu pro LLM.<\/li>\n\n\n\n<li>Zavol\u00e1 se n\u00e1\u0161 intern\u00ed velk\u00fd jazykov\u00fd model.<\/li>\n\n\n\n<li>V\u00fdsledkem vol\u00e1n\u00ed je sumarizace dan\u00fdch organick\u00fdch v\u00fdsledk\u016f formou bod\u016f.<\/li>\n<\/ol>\n\n\n\n<figure class=\"wp-block-image aligncenter size-full\"><img loading=\"lazy\" decoding=\"async\" width=\"609\" height=\"741\" src=\"https:\/\/o-seznam.cz\/napoveda\/vyhledavani\/wp-content\/uploads\/sites\/13\/2025\/11\/sumarizace-vysledku.png\" alt=\"\" class=\"wp-image-2118\" srcset=\"https:\/\/o-seznam.cz\/napoveda\/vyhledavani\/wp-content\/uploads\/sites\/13\/2025\/11\/sumarizace-vysledku.png 609w, https:\/\/o-seznam.cz\/napoveda\/vyhledavani\/wp-content\/uploads\/sites\/13\/2025\/11\/sumarizace-vysledku-263x320.png 263w\" sizes=\"auto, (max-width: 609px) 100vw, 609px\" \/><figcaption class=\"wp-element-caption\">Podoba sumarizace str\u00e1nky s v\u00fdsledky<\/figcaption><\/figure>\n\n\n\n<div class=\"wp-block-seznam-box is-layout-flow wp-block-seznam-box-is-layout-flow\">\n<h2 class=\"wp-block-heading\">Pozor<\/h2>\n\n\n\n<p>Berte pros\u00edm v potaz, \u017ee text generovan\u00fd um\u011blou inteligenc\u00ed m\u016f\u017ee b\u00fdt ne\u00fapln\u00fd nebo nep\u0159esn\u00fd. V ojedin\u011bl\u00fdch p\u0159\u00edpadech m\u016f\u017ee m\u00edt sumarizace stylistick\u00e9, faktick\u00e9 \u010di gramatick\u00e9 nedostatky. Pokud objev\u00edte v sumarizaci chybu, m\u016f\u017eete n\u00e1m ji ozn\u00e1mit pomoc\u00ed palc\u016f pod sumarizac\u00ed. Pokud zvol\u00edte palec dol\u016f, otev\u0159e se V\u00e1m formul\u00e1\u0159, kde m\u016f\u017eete vyplnit podrobnosti.<\/p>\n<\/div>\n\n\n\n<h2 class=\"wp-block-heading\" id=\"sumarizace\">Sumarizace trenduj\u00edc\u00edch t\u00e9mat<\/h2>\n\n\n\n<p>Ve v\u00fdsledc\u00edch vyhled\u00e1v\u00e1n\u00ed se m\u016f\u017eete potkat s prvkem, kter\u00fd obsahuje sumarizaci konkr\u00e9tn\u00edho t\u00e9matu zalo\u017eenou na zpravodajsk\u00fdch \u010dl\u00e1nc\u00edch, kter\u00e9 m\u00e1me k dispozici v r\u00e1mci na\u0161eho vyhled\u00e1v\u00e1n\u00ed. Jedn\u00e1 se o tzv. <b>abstraktn\u00ed sumarizaci<\/b>. Znamen\u00e1 to, \u017ee se jedn\u00e1 o souhrn, kter\u00fd nemus\u00ed pou\u017e\u00edvat stejn\u00e1 slova jako v \u010dl\u00e1nc\u00edch, ale zachycuje hlavn\u00ed my\u0161lenku. Je pro n\u00e1s d\u016fle\u017eit\u00e9, aby bylo jasn\u00e9, na jak\u00e9m \u010dl\u00e1nku je ka\u017ed\u00e1 v\u011bta zalo\u017een\u00e1. Proto d\u00e1v\u00e1me k sumarizaci informaci o zdroj\u00edch.<\/p>\n\n\n\n<div class=\"wp-block-seznam-box is-layout-flow wp-block-seznam-box-is-layout-flow\">\n<h2 class=\"wp-block-heading\">Tip<\/h2>\n\n\n\n<p>Pokud si nep\u0159ejete, aby Seznam pou\u017e\u00edval v\u00e1\u0161 web jako zdroj do sumarizac\u00ed, m\u016f\u017eete toto chov\u00e1n\u00ed <a href=\"https:\/\/o-seznam.cz\/napoveda\/vyhledavani\/seznambot\/zakazani-tvorby-snippetu\/#sumarizace\">vypnout<\/a>.<\/p>\n<\/div>\n\n\n\n<h3 class=\"wp-block-heading\">Tvorba sumarizace<\/h3>\n\n\n\n<ol class=\"wp-block-list\">\n<li>Pro dan\u00fd trending topic se zavol\u00e1 na\u0161e News API a vyt\u00e1hnou se \u010dl\u00e1nky na dan\u00e9 t\u00e9ma.<\/li>\n\n\n\n<li>Titulky a perexy \u010dl\u00e1nk\u016f se dopln\u00ed do \u0161ablony promptu pro LLM.<\/li>\n\n\n\n<li>Zavol\u00e1 se n\u00e1\u0161 intern\u00ed velk\u00fd jazykov\u00fd model.<\/li>\n\n\n\n<li>V\u00fdsledkem vol\u00e1n\u00ed je sumarizace dan\u00e9ho t\u00e9matu o jednom odstavci, kter\u00e1 se vyd\u00e1 u\u017eivatel\u016fm.<\/li>\n<\/ol>\n\n\n\n<figure class=\"wp-block-image aligncenter size-full\"><img loading=\"lazy\" decoding=\"async\" width=\"624\" height=\"303\" src=\"https:\/\/o-seznam.cz\/napoveda\/vyhledavani\/wp-content\/uploads\/sites\/13\/2025\/11\/sumarizace-trendujicich-temat.png\" alt=\"\" class=\"wp-image-2119\" srcset=\"https:\/\/o-seznam.cz\/napoveda\/vyhledavani\/wp-content\/uploads\/sites\/13\/2025\/11\/sumarizace-trendujicich-temat.png 624w, https:\/\/o-seznam.cz\/napoveda\/vyhledavani\/wp-content\/uploads\/sites\/13\/2025\/11\/sumarizace-trendujicich-temat-320x155.png 320w\" sizes=\"auto, (max-width: 624px) 100vw, 624px\" \/><figcaption class=\"wp-element-caption\">Podoba sumarizace trenduj\u00edc\u00edch t\u00e9mat<\/figcaption><\/figure>\n\n\n\n<div class=\"wp-block-seznam-box is-layout-flow wp-block-seznam-box-is-layout-flow\">\n<h2 class=\"wp-block-heading\">Pozor<\/h2>\n\n\n\n<p>Berte pros\u00edm v potaz, \u017ee text generovan\u00fd um\u011blou inteligenc\u00ed m\u016f\u017ee b\u00fdt ne\u00fapln\u00fd nebo nep\u0159esn\u00fd. V ojedin\u011bl\u00fdch p\u0159\u00edpadech m\u016f\u017ee m\u00edt sumarizace stylistick\u00e9, faktick\u00e9 \u010di gramatick\u00e9 nedostatky. Pokud objev\u00edte v sumarizaci chybu, m\u016f\u017eete n\u00e1m ji ozn\u00e1mit pomoc\u00ed palc\u016f pod sumarizac\u00ed. Pokud zvol\u00edte palec dol\u016f, otev\u0159e se V\u00e1m formul\u00e1\u0159, kde m\u016f\u017eete vyplnit podrobnosti.<\/p>\n<\/div>\n\n\n\n<div class=\"wp-block-group is-layout-constrained wp-block-group-is-layout-constrained\">\n<h2 class=\"wp-block-heading\" id=\"v\u00edce_v\u00fdznam\u016f\">V\u00edcev\u00fdznamov\u00e1 slova<\/h2>\n\n\n\n<p class=\"is-style-link-external\">Zad\u00e1t-li do vyhled\u00e1v\u00e1n\u00ed slovo, kter\u00e9 m\u016f\u017ee m\u00e1t <a href=\"https:\/\/search.seznam.cz\/?q=vesna\">v\u00edce v\u00fdznam\u016f<\/a>, nab\u00eddneme v\u00e1m v jednoduch\u00e9 vychyt\u00e1vce na v\u00fdb\u011br ze v\u0161ech v\u00fdznam\u016f, kter\u00e9 zn\u00e1me. Sta\u010d\u00ed kliknout na ten, kter\u00fd v\u00e1s zaj\u00edm\u00e1, a zobraz\u00ed se v\u00e1m odpov\u00eddaj\u00edc\u00ed v\u00fdsledky.<\/p>\n\n\n\n<figure class=\"wp-block-image aligncenter size-full\"><img loading=\"lazy\" decoding=\"async\" width=\"273\" height=\"243\" src=\"https:\/\/o-seznam.cz\/napoveda\/vyhledavani\/wp-content\/uploads\/sites\/13\/2025\/09\/vice-vyznamu.png\" alt=\"\" class=\"wp-image-2108\"\/><figcaption class=\"wp-element-caption\">Podoba vychyt\u00e1vky v\u00edcev\u00fdznamov\u00fdch slov<\/figcaption><\/figure>\n<\/div>\n\n\n\n<h2 class=\"wp-block-heading\" id=\"palivo\">V\u00fdvoj ceny paliva<\/h2>\n\n\n\n<p class=\"is-style-link-external\">Ceny pohonn\u00fdch hmot se neust\u00e1le m\u011bn\u00ed, na\u0161e vychyt\u00e1vka v\u00e1m ve form\u011b grafu zobraz\u00ed v\u00fdvoj <a href=\"https:\/\/search.seznam.cz\/?q=cena+paliva\">ceny paliva<\/a> v t\u00fddenn\u00edm, m\u011bs\u00ed\u010dn\u00edm nebo ro\u010dn\u00edm zobrazen\u00ed.<\/p>\n\n\n\n<figure class=\"wp-block-image aligncenter size-full\"><img loading=\"lazy\" decoding=\"async\" width=\"623\" height=\"365\" src=\"https:\/\/o-seznam.cz\/napoveda\/vyhledavani\/wp-content\/uploads\/sites\/13\/2024\/10\/benzin.png\" alt=\"\" class=\"wp-image-1336\" srcset=\"https:\/\/o-seznam.cz\/napoveda\/vyhledavani\/wp-content\/uploads\/sites\/13\/2024\/10\/benzin.png 623w, https:\/\/o-seznam.cz\/napoveda\/vyhledavani\/wp-content\/uploads\/sites\/13\/2024\/10\/benzin-320x187.png 320w\" sizes=\"auto, (max-width: 623px) 100vw, 623px\" \/><figcaption class=\"wp-element-caption\">Podoba vychyt\u00e1vky ceny pohonn\u00fdch hmot<\/figcaption><\/figure>\n\n\n\n<h2 class=\"wp-block-heading\" id=\"kurzy_men\">V\u00fdvoj kurz\u016f m\u011bn<\/h2>\n\n\n\n<p class=\"is-style-link-external\">Zaj\u00edm\u00e1 v\u00e1s, jak se v\u00fdv\u00edj\u00ed kurz <a href=\"https:\/\/search.seznam.cz\/?q=kurz+eura\">eura<\/a>, dal\u0161\u00edch evropsk\u00fdch m\u011bn, nebo t\u0159eba <a href=\"https:\/\/search.seznam.cz\/?q=kurz+bitcoin\">bitcoinu<\/a>? Mrkn\u011bte na n\u00e1\u0161 graf.<\/p>\n\n\n\n<figure class=\"wp-block-image aligncenter size-full\"><img loading=\"lazy\" decoding=\"async\" width=\"618\" height=\"370\" src=\"https:\/\/o-seznam.cz\/napoveda\/vyhledavani\/wp-content\/uploads\/sites\/13\/2024\/10\/kurzy-men-1.png\" alt=\"\" class=\"wp-image-1342\" srcset=\"https:\/\/o-seznam.cz\/napoveda\/vyhledavani\/wp-content\/uploads\/sites\/13\/2024\/10\/kurzy-men-1.png 618w, https:\/\/o-seznam.cz\/napoveda\/vyhledavani\/wp-content\/uploads\/sites\/13\/2024\/10\/kurzy-men-1-320x192.png 320w\" sizes=\"auto, (max-width: 618px) 100vw, 618px\" \/><figcaption class=\"wp-element-caption\">Podoba vychyt\u00e1vky v\u00fdvoje kurzu m\u011bn<\/figcaption><\/figure>\n\n\n\n<div class=\"wp-block-group is-layout-constrained wp-block-group-is-layout-constrained\">\n<h2 class=\"wp-block-heading\" id=\"inflace\">V\u00fdvoj m\u00edry inflace<\/h2>\n\n\n\n<p class=\"is-style-link-external\">V\u00fdvoj inflace m\u00e1 vliv na ceny v\u00fdrobk\u016f, jej\u00ed pr\u016fb\u011bh nejen za posledn\u00ed rok m\u016f\u017eete jednodu\u0161e zjistit z na\u0161eho <a href=\"https:\/\/search.seznam.cz\/?q=inflace\">grafu<\/a>.<\/p>\n\n\n\n<figure class=\"wp-block-image aligncenter size-full\"><img loading=\"lazy\" decoding=\"async\" width=\"616\" height=\"420\" src=\"https:\/\/o-seznam.cz\/napoveda\/vyhledavani\/wp-content\/uploads\/sites\/13\/2024\/10\/inflace.png\" alt=\"\" class=\"wp-image-1339\" srcset=\"https:\/\/o-seznam.cz\/napoveda\/vyhledavani\/wp-content\/uploads\/sites\/13\/2024\/10\/inflace.png 616w, https:\/\/o-seznam.cz\/napoveda\/vyhledavani\/wp-content\/uploads\/sites\/13\/2024\/10\/inflace-320x218.png 320w\" sizes=\"auto, (max-width: 616px) 100vw, 616px\" \/><figcaption class=\"wp-element-caption\">Podoba vychyt\u00e1vky v\u00fdvoje m\u00edry inflace<\/figcaption><\/figure>\n<\/div>\n","protected":false},"excerpt":{"rendered":"<p>Krom\u011b upout\u00e1vek a chytr\u00fdch karet m\u016f\u017eete ve v\u00fdsledc\u00edch vyhled\u00e1v\u00e1n\u00ed narazit na n\u011bkolik dal\u0161\u00edch vychyt\u00e1vek. Jsou to: Otev\u00edrac\u00ed doba obchod\u016f a instituc\u00ed Zahled\u00e1te-li firmu, obchod nebo instituci, u kter\u00e9 m\u00e1me ve firemn\u00edk katalogu uvedenu otev\u00edrac\u00ed dobu, zobraz\u00ed se v\u00e1m p\u0159\u00edmo pod hledac\u00edm polem ve v\u00fdsledc\u00edch vyhled\u00e1v\u00e1n\u00ed. Pr\u00e1v\u011b se hled\u00e1 Trendov\u00e9 dotazy zn\u00e1te z hlavn\u00ed str\u00e1nky Seznam.cz [&hellip;]<\/p>\n","protected":false},"author":22,"featured_media":0,"parent":260,"menu_order":0,"comment_status":"closed","ping_status":"closed","template":"page-sidemenu","meta":{"_acf_changed":false,"_relevanssi_hide_post":"","_relevanssi_hide_content":"","_relevanssi_pin_for_all":"","_relevanssi_pin_keywords":"","_relevanssi_unpin_keywords":"","_relevanssi_related_keywords":"","_relevanssi_related_include_ids":"","_relevanssi_related_exclude_ids":"","_relevanssi_related_no_append":"","_relevanssi_related_not_related":"","_relevanssi_related_posts":"","_relevanssi_noindex_reason":"","footnotes":""},"page_category":[14],"page_tag":[],"service_status_category":[],"class_list":["post-272","page","type-page","status-publish","hentry"],"acf":[],"lang":"cs","translations":{"cs":272},"pll_sync_post":[],"_links":{"self":[{"href":"https:\/\/o-seznam.cz\/napoveda\/vyhledavani\/wp-json\/wp\/v2\/pages\/272","targetHints":{"allow":["GET"]}}],"collection":[{"href":"https:\/\/o-seznam.cz\/napoveda\/vyhledavani\/wp-json\/wp\/v2\/pages"}],"about":[{"href":"https:\/\/o-seznam.cz\/napoveda\/vyhledavani\/wp-json\/wp\/v2\/types\/page"}],"author":[{"embeddable":true,"href":"https:\/\/o-seznam.cz\/napoveda\/vyhledavani\/wp-json\/wp\/v2\/users\/22"}],"replies":[{"embeddable":true,"href":"https:\/\/o-seznam.cz\/napoveda\/vyhledavani\/wp-json\/wp\/v2\/comments?post=272"}],"version-history":[{"count":35,"href":"https:\/\/o-seznam.cz\/napoveda\/vyhledavani\/wp-json\/wp\/v2\/pages\/272\/revisions"}],"predecessor-version":[{"id":2125,"href":"https:\/\/o-seznam.cz\/napoveda\/vyhledavani\/wp-json\/wp\/v2\/pages\/272\/revisions\/2125"}],"up":[{"embeddable":true,"href":"https:\/\/o-seznam.cz\/napoveda\/vyhledavani\/wp-json\/wp\/v2\/pages\/260"}],"wp:attachment":[{"href":"https:\/\/o-seznam.cz\/napoveda\/vyhledavani\/wp-json\/wp\/v2\/media?parent=272"}],"wp:term":[{"taxonomy":"page_category","embeddable":true,"href":"https:\/\/o-seznam.cz\/napoveda\/vyhledavani\/wp-json\/wp\/v2\/page_category?post=272"},{"taxonomy":"page_tag","embeddable":true,"href":"https:\/\/o-seznam.cz\/napoveda\/vyhledavani\/wp-json\/wp\/v2\/page_tag?post=272"},{"taxonomy":"service_status_category","embeddable":true,"href":"https:\/\/o-seznam.cz\/napoveda\/vyhledavani\/wp-json\/wp\/v2\/service_status_category?post=272"}],"curies":[{"name":"wp","href":"https:\/\/api.w.org\/{rel}","templated":true}]}}