{"id":270,"date":"2024-09-24T11:51:21","date_gmt":"2024-09-24T09:51:21","guid":{"rendered":"https:\/\/o-seznam.cz\/napoveda\/vyhledavani\/?page_id=270"},"modified":"2025-06-10T13:16:05","modified_gmt":"2025-06-10T11:16:05","slug":"chytre-karty","status":"publish","type":"page","link":"https:\/\/o-seznam.cz\/napoveda\/vyhledavani\/vysledky-vyhledavani\/chytre-karty\/","title":{"rendered":"Chytr\u00e9 karty"},"content":{"rendered":"\n<p>Ve v\u00fdsledc\u00edch vyhled\u00e1v\u00e1n\u00ed m\u016f\u017eete narazit na r\u016fzn\u00e9 druhy karet, kter\u00e9 ozna\u010dujeme pojmem <strong>chytr\u00e1 karta<\/strong>. Ta m\u00e1 za c\u00edl usnadnit cestu k&nbsp;informac\u00edm r\u016fzn\u00e9ho druhu. Podoba karet se li\u0161\u00ed v z\u00e1vislosti na slu\u017eb\u011b, kter\u00e1 v\u00fdsledek dod\u00e1v\u00e1 (v r\u00e1mci jedn\u00e9 slu\u017eby mohou m\u00edt v\u00fdsledky i v\u00edce podob). V\u011bt\u0161ina chytr\u00fdch karet m\u00e1 v mobiln\u00ed verzi shodn\u00fd vzhled s verz\u00ed na desktopu, n\u011bkter\u00e9 prvky se v\u0161ak zhledem k jin\u00fdm mo\u017enostem zobrazov\u00e1n\u00ed na mobiln\u00edch za\u0159\u00edzen\u00edch sv\u00fdm proveden\u00edm li\u0161\u00ed.<\/p>\n\n\n\n<p>Chytr\u00e9 karty zobrazujeme k&nbsp;t\u011bmto t\u00e9mat\u016fm:<\/p>\n\n\n<nav class=\"menu-anchors\">\n<ul>\n\t<li><a href=\"#filmy\">Filmy, seri\u00e1ly a herci<\/a><\/li>\n<li><a href=\"#firmy\">Firmy<\/a><\/li>\n<li><a href=\"#fotbal-hokej\">Fotbalov\u00ed a hokejov\u00ed hr\u00e1\u010di<\/a><\/li>\n<li><a href=\"#choroby\">Choroby<\/a><\/li>\n<li><a href=\"#navod\">N\u00e1vod<\/a><\/li>\n<li><a href=\"#zive-organismy\">Organismy<\/a><\/li>\n<li><a href=\"#pocitacove-hry\">Po\u010d\u00edta\u010dov\u00e9 hry<\/a><\/li>\n<li><a href=\"#politici\">Politici<\/a><\/li>\n<li><a href=\"#recepty\">Recepty<\/a><\/li>\n<li><a href=\"#vyjmenovana-slova\">Vyjmenovan\u00e1 slova<\/a><\/li>\n<li><a href=\"#wiki\">Wikikarti\u010dky<\/a><\/li>\n<\/ul>\n\n<\/nav>\n\n\n\n<h2 class=\"wp-block-heading\" id=\"filmy\">Filmy, seri\u00e1ly a herci<\/h2>\n\n\n\n<p>Po zahled\u00e1n\u00ed obl\u00edben\u00e9ho filmu, seri\u00e1lu nebo herce se zobraz\u00ed chytr\u00e1 karta, kter\u00e1 zobrazuje dal\u0161\u00ed informace &#8211; nap\u0159. obsazen\u00ed, trailery, v p\u0159\u00edpad\u011b herc\u016f jejich dal\u0161\u00ed role aj.<\/p>\n\n\n\n<div class=\"wp-block-columns is-layout-flex wp-container-core-columns-is-layout-28f84493 wp-block-columns-is-layout-flex\">\n<div class=\"wp-block-column is-layout-flow wp-block-column-is-layout-flow\" style=\"flex-basis:100%\">\n<figure class=\"wp-block-image aligncenter size-full\"><img loading=\"lazy\" decoding=\"async\" width=\"809\" height=\"721\" src=\"https:\/\/o-seznam.cz\/napoveda\/vyhledavani\/wp-content\/uploads\/sites\/13\/2025\/06\/filmy.png\" alt=\"\" class=\"wp-image-2036\" srcset=\"https:\/\/o-seznam.cz\/napoveda\/vyhledavani\/wp-content\/uploads\/sites\/13\/2025\/06\/filmy.png 809w, https:\/\/o-seznam.cz\/napoveda\/vyhledavani\/wp-content\/uploads\/sites\/13\/2025\/06\/filmy-320x285.png 320w, https:\/\/o-seznam.cz\/napoveda\/vyhledavani\/wp-content\/uploads\/sites\/13\/2025\/06\/filmy-768x684.png 768w\" sizes=\"auto, (max-width: 809px) 100vw, 809px\" \/><figcaption class=\"wp-element-caption\">Podoba chytr\u00fdch karet zobrazuj\u00edc\u00ed seri\u00e1ly<\/figcaption><\/figure>\n<\/div>\n<\/div>\n\n\n\n<figure class=\"wp-block-image aligncenter size-full\"><img loading=\"lazy\" decoding=\"async\" width=\"605\" height=\"795\" src=\"https:\/\/o-seznam.cz\/napoveda\/vyhledavani\/wp-content\/uploads\/sites\/13\/2025\/06\/serialy.png\" alt=\"\" class=\"wp-image-2038\" srcset=\"https:\/\/o-seznam.cz\/napoveda\/vyhledavani\/wp-content\/uploads\/sites\/13\/2025\/06\/serialy.png 605w, https:\/\/o-seznam.cz\/napoveda\/vyhledavani\/wp-content\/uploads\/sites\/13\/2025\/06\/serialy-244x320.png 244w\" sizes=\"auto, (max-width: 605px) 100vw, 605px\" \/><figcaption class=\"wp-element-caption\">Podoba chytr\u00fdch karet zobrazuj\u00edc\u00ed filmy<\/figcaption><\/figure>\n\n\n\n<figure class=\"wp-block-image aligncenter size-full\"><img loading=\"lazy\" decoding=\"async\" width=\"809\" height=\"663\" src=\"https:\/\/o-seznam.cz\/napoveda\/vyhledavani\/wp-content\/uploads\/sites\/13\/2025\/06\/herci.png\" alt=\"\" class=\"wp-image-2039\" srcset=\"https:\/\/o-seznam.cz\/napoveda\/vyhledavani\/wp-content\/uploads\/sites\/13\/2025\/06\/herci.png 809w, https:\/\/o-seznam.cz\/napoveda\/vyhledavani\/wp-content\/uploads\/sites\/13\/2025\/06\/herci-320x262.png 320w, https:\/\/o-seznam.cz\/napoveda\/vyhledavani\/wp-content\/uploads\/sites\/13\/2025\/06\/herci-768x629.png 768w\" sizes=\"auto, (max-width: 809px) 100vw, 809px\" \/><figcaption class=\"wp-element-caption\">Podoba chytr\u00fdch karet zobrazuj\u00edc\u00ed herce<\/figcaption><\/figure>\n\n\n\n<div class=\"wp-block-columns is-layout-flex wp-container-core-columns-is-layout-28f84493 wp-block-columns-is-layout-flex\">\n<div class=\"wp-block-column is-layout-flow wp-block-column-is-layout-flow\" style=\"flex-basis:50%\">\n<figure class=\"wp-block-image aligncenter size-full\"><img loading=\"lazy\" decoding=\"async\" width=\"427\" height=\"766\" src=\"https:\/\/o-seznam.cz\/napoveda\/vyhledavani\/wp-content\/uploads\/sites\/13\/2025\/06\/filmy-mobil.png\" alt=\"\" class=\"wp-image-2040\" srcset=\"https:\/\/o-seznam.cz\/napoveda\/vyhledavani\/wp-content\/uploads\/sites\/13\/2025\/06\/filmy-mobil.png 427w, https:\/\/o-seznam.cz\/napoveda\/vyhledavani\/wp-content\/uploads\/sites\/13\/2025\/06\/filmy-mobil-178x320.png 178w\" sizes=\"auto, (max-width: 427px) 100vw, 427px\" \/><figcaption class=\"wp-element-caption\">Podoba chytr\u00fdch karet zobrazuj\u00edc\u00ed filmy na mobiln\u00edm za\u0159\u00edzen\u00edm<\/figcaption><\/figure>\n<\/div>\n\n\n\n<div class=\"wp-block-column is-layout-flow wp-block-column-is-layout-flow\" style=\"flex-basis:50%\">\n<figure class=\"wp-block-image aligncenter size-full\"><img loading=\"lazy\" decoding=\"async\" width=\"424\" height=\"752\" src=\"https:\/\/o-seznam.cz\/napoveda\/vyhledavani\/wp-content\/uploads\/sites\/13\/2025\/06\/herci-mobil.png\" alt=\"\" class=\"wp-image-2041\" srcset=\"https:\/\/o-seznam.cz\/napoveda\/vyhledavani\/wp-content\/uploads\/sites\/13\/2025\/06\/herci-mobil.png 424w, https:\/\/o-seznam.cz\/napoveda\/vyhledavani\/wp-content\/uploads\/sites\/13\/2025\/06\/herci-mobil-180x320.png 180w\" sizes=\"auto, (max-width: 424px) 100vw, 424px\" \/><figcaption class=\"wp-element-caption\">Podoba chytr\u00fdch karet zobrazuj\u00edc\u00ed herce na mobiln\u00edm za\u0159\u00edzen\u00ed<\/figcaption><\/figure>\n<\/div>\n<\/div>\n\n\n\n<h2 class=\"wp-block-heading\" id=\"firmy\">Firmy<\/h2>\n\n\n\n<p>P\u0159i zahled\u00e1n\u00ed konkr\u00e9tn\u00ed firmy se v chytr\u00e9 kart\u011b zobraz\u00ed z\u00e1kladn\u00ed informace o dan\u00e9 spole\u010dnosti, kontakty \u010di otev\u00edrac\u00ed doba.<\/p>\n\n\n\n<figure class=\"wp-block-image aligncenter size-full\"><img loading=\"lazy\" decoding=\"async\" width=\"638\" height=\"763\" src=\"https:\/\/o-seznam.cz\/napoveda\/vyhledavani\/wp-content\/uploads\/sites\/13\/2025\/06\/firmy.png\" alt=\"\" class=\"wp-image-2042\" srcset=\"https:\/\/o-seznam.cz\/napoveda\/vyhledavani\/wp-content\/uploads\/sites\/13\/2025\/06\/firmy.png 638w, https:\/\/o-seznam.cz\/napoveda\/vyhledavani\/wp-content\/uploads\/sites\/13\/2025\/06\/firmy-268x320.png 268w\" sizes=\"auto, (max-width: 638px) 100vw, 638px\" \/><figcaption class=\"wp-element-caption\">Podoba chytr\u00e9 karty zobrazuj\u00edc\u00ed firmu<\/figcaption><\/figure>\n\n\n\n<figure class=\"wp-block-image aligncenter size-full\"><img loading=\"lazy\" decoding=\"async\" width=\"612\" height=\"779\" src=\"https:\/\/o-seznam.cz\/napoveda\/vyhledavani\/wp-content\/uploads\/sites\/13\/2025\/06\/firmy-strediska.png\" alt=\"\" class=\"wp-image-2043\" srcset=\"https:\/\/o-seznam.cz\/napoveda\/vyhledavani\/wp-content\/uploads\/sites\/13\/2025\/06\/firmy-strediska.png 612w, https:\/\/o-seznam.cz\/napoveda\/vyhledavani\/wp-content\/uploads\/sites\/13\/2025\/06\/firmy-strediska-251x320.png 251w\" sizes=\"auto, (max-width: 612px) 100vw, 612px\" \/><figcaption class=\"wp-element-caption\">Podoba chytr\u00e9 karty zobrazuj\u00edc\u00ed informace o zimn\u00edch st\u0159edisc\u00edch<\/figcaption><\/figure>\n\n\n\n<h2 class=\"wp-block-heading\" id=\"fotbal-hokej\">Fotbalov\u00ed a hokejov\u00ed hr\u00e1\u010di<\/h2>\n\n\n\n<p>P\u0159i zad\u00e1n\u00ed dotazu na konkr\u00e9tn\u00ed fotbalov\u00fd \u010di hokejov\u00fd t\u00fdm, p\u0159\u00edpadn\u011b fotbalovou nebo hokejovou sout\u011b\u017e se zobraz\u00ed karta s&nbsp;programem, v\u00fdsledky, tabulkou sout\u011b\u017ee a dal\u0161\u00edmi informacemi. Pokud je v dotazu pouze n\u00e1zev t\u00fdmu nebo sout\u011b\u017ee, zobraz\u00ed se karta ve v\u00fdchoz\u00edm nastaven\u00ed s informacemi o nadch\u00e1zej\u00edc\u00edch utk\u00e1n\u00edch. Pokud je dotaz zad\u00e1n ve tvaru \u201et\u00fdm + v\u00fdsledky\u201c, zobraz\u00ed se z\u00e1lo\u017eka s odehran\u00fdmi z\u00e1pasy. Obdobn\u011b funguj\u00ed i dotazy s kl\u00ed\u010dov\u00fdm slovem \u201etabulka\u201c a \u201einformace\u201c. Na dotaz na aktivn\u00edho fotbalistu \u010di hokejistu se vyd\u00e1 karta s wikipedick\u00fdmi informacemi i aktu\u00e1ln\u00edmi statistikami hr\u00e1\u010de.<\/p>\n\n\n\n<p>Ve vyhled\u00e1v\u00e1n\u00ed se tak\u00e9 zobraz\u00ed automaticky aktualizovan\u00e1 karta se stavem z\u00e1pasu, kter\u00fd pr\u00e1v\u011b prob\u00edh\u00e1.<\/p>\n\n\n\n<figure class=\"wp-block-image aligncenter size-full\"><img loading=\"lazy\" decoding=\"async\" width=\"415\" height=\"736\" src=\"https:\/\/o-seznam.cz\/napoveda\/vyhledavani\/wp-content\/uploads\/sites\/13\/2025\/06\/sport.png\" alt=\"\" class=\"wp-image-2044\" srcset=\"https:\/\/o-seznam.cz\/napoveda\/vyhledavani\/wp-content\/uploads\/sites\/13\/2025\/06\/sport.png 415w, https:\/\/o-seznam.cz\/napoveda\/vyhledavani\/wp-content\/uploads\/sites\/13\/2025\/06\/sport-180x320.png 180w\" sizes=\"auto, (max-width: 415px) 100vw, 415px\" \/><figcaption class=\"wp-element-caption\">Dvoj\u00ed podoba chytr\u00fdch karet zobrazuj\u00edc\u00ed fotbalov\u00e9 a hokejov\u00e9 hr\u00e1\u010de<\/figcaption><\/figure>\n\n\n\n<figure class=\"wp-block-image aligncenter size-full\"><img loading=\"lazy\" decoding=\"async\" width=\"815\" height=\"588\" src=\"https:\/\/o-seznam.cz\/napoveda\/vyhledavani\/wp-content\/uploads\/sites\/13\/2025\/06\/sport-ii.png\" alt=\"\" class=\"wp-image-2045\" srcset=\"https:\/\/o-seznam.cz\/napoveda\/vyhledavani\/wp-content\/uploads\/sites\/13\/2025\/06\/sport-ii.png 815w, https:\/\/o-seznam.cz\/napoveda\/vyhledavani\/wp-content\/uploads\/sites\/13\/2025\/06\/sport-ii-320x231.png 320w, https:\/\/o-seznam.cz\/napoveda\/vyhledavani\/wp-content\/uploads\/sites\/13\/2025\/06\/sport-ii-768x554.png 768w\" sizes=\"auto, (max-width: 815px) 100vw, 815px\" \/><figcaption class=\"wp-element-caption\">Dvoj\u00ed podoba chytr\u00fdch karet zobrazuj\u00edc\u00ed fotbalov\u00e9 a hokejov\u00e9 hr\u00e1\u010de<\/figcaption><\/figure>\n\n\n\n<h2 class=\"wp-block-heading\" id=\"choroby\">Choroby<\/h2>\n\n\n\n<p>Chytr\u00e1 karta Choroby zobrazuje z\u00e1kladn\u00ed popis nemoci, hlavn\u00ed p\u0159\u00edznaky, zp\u016fsob l\u00e9\u010dby, smrtnost a mo\u017enosti prevence.<\/p>\n\n\n\n<figure class=\"wp-block-image aligncenter size-full\"><img loading=\"lazy\" decoding=\"async\" width=\"811\" height=\"470\" src=\"https:\/\/o-seznam.cz\/napoveda\/vyhledavani\/wp-content\/uploads\/sites\/13\/2025\/06\/choroby.png\" alt=\"\" class=\"wp-image-2046\" srcset=\"https:\/\/o-seznam.cz\/napoveda\/vyhledavani\/wp-content\/uploads\/sites\/13\/2025\/06\/choroby.png 811w, https:\/\/o-seznam.cz\/napoveda\/vyhledavani\/wp-content\/uploads\/sites\/13\/2025\/06\/choroby-320x185.png 320w, https:\/\/o-seznam.cz\/napoveda\/vyhledavani\/wp-content\/uploads\/sites\/13\/2025\/06\/choroby-768x445.png 768w\" sizes=\"auto, (max-width: 811px) 100vw, 811px\" \/><figcaption class=\"wp-element-caption\">Podoba chytr\u00e9 karty zobrazuj\u00edc\u00ed detaily nemoc\u00ed<\/figcaption><\/figure>\n\n\n\n<h2 class=\"wp-block-heading\" id=\"navod\">N\u00e1vod<\/h2>\n\n\n\n<p>Hled\u00e1teli n\u011bjak\u00fd postup, zobraz\u00ed se v\u00e1m ve form\u011b p\u0159ehledn\u00e9ho n\u00e1vodu.<\/p>\n\n\n\n<figure class=\"wp-block-image aligncenter size-full\"><img loading=\"lazy\" decoding=\"async\" width=\"822\" height=\"529\" src=\"https:\/\/o-seznam.cz\/napoveda\/vyhledavani\/wp-content\/uploads\/sites\/13\/2025\/06\/navod.png\" alt=\"\" class=\"wp-image-2047\" srcset=\"https:\/\/o-seznam.cz\/napoveda\/vyhledavani\/wp-content\/uploads\/sites\/13\/2025\/06\/navod.png 822w, https:\/\/o-seznam.cz\/napoveda\/vyhledavani\/wp-content\/uploads\/sites\/13\/2025\/06\/navod-320x206.png 320w, https:\/\/o-seznam.cz\/napoveda\/vyhledavani\/wp-content\/uploads\/sites\/13\/2025\/06\/navod-768x494.png 768w\" sizes=\"auto, (max-width: 822px) 100vw, 822px\" \/><figcaption class=\"wp-element-caption\">Zobrazen\u00ed n\u00e1vodu<\/figcaption><\/figure>\n\n\n\n<h2 class=\"wp-block-heading\" id=\"zive-organismy\">Organismy<\/h2>\n\n\n\n<p>Karta zahrnuje zv\u00ed\u0159ata, dinosaury, rostliny a houby, obsahuje krom\u011b obr\u00e1zk\u016f a kr\u00e1tk\u00e9ho popisu tak\u00e9 wikipedick\u00e9 odkazy na vy\u0161\u0161\u00ed taxony, v nich\u017e se dan\u00fd druh nach\u00e1z\u00ed.<\/p>\n\n\n\n<figure class=\"wp-block-image aligncenter size-full\"><img loading=\"lazy\" decoding=\"async\" width=\"821\" height=\"597\" src=\"https:\/\/o-seznam.cz\/napoveda\/vyhledavani\/wp-content\/uploads\/sites\/13\/2025\/06\/organismy.png\" alt=\"\" class=\"wp-image-2048\" srcset=\"https:\/\/o-seznam.cz\/napoveda\/vyhledavani\/wp-content\/uploads\/sites\/13\/2025\/06\/organismy.png 821w, https:\/\/o-seznam.cz\/napoveda\/vyhledavani\/wp-content\/uploads\/sites\/13\/2025\/06\/organismy-320x233.png 320w, https:\/\/o-seznam.cz\/napoveda\/vyhledavani\/wp-content\/uploads\/sites\/13\/2025\/06\/organismy-768x558.png 768w\" sizes=\"auto, (max-width: 821px) 100vw, 821px\" \/><figcaption class=\"wp-element-caption\">Podoba chytr\u00fdch karet zobrazuj\u00edc\u00ed \u017eiv\u00e9 organismy<\/figcaption><\/figure>\n\n\n\n<figure class=\"wp-block-image aligncenter size-full\"><img loading=\"lazy\" decoding=\"async\" width=\"426\" height=\"689\" src=\"https:\/\/o-seznam.cz\/napoveda\/vyhledavani\/wp-content\/uploads\/sites\/13\/2024\/10\/mobil-organismy.png\" alt=\"\" class=\"wp-image-1768\" srcset=\"https:\/\/o-seznam.cz\/napoveda\/vyhledavani\/wp-content\/uploads\/sites\/13\/2024\/10\/mobil-organismy.png 426w, https:\/\/o-seznam.cz\/napoveda\/vyhledavani\/wp-content\/uploads\/sites\/13\/2024\/10\/mobil-organismy-198x320.png 198w\" sizes=\"auto, (max-width: 426px) 100vw, 426px\" \/><figcaption class=\"wp-element-caption\">Podoba chytr\u00fdch karet zobrazuj\u00edc\u00ed \u017eiv\u00e9 organismy na mobiln\u00edch za\u0159\u00edzen\u00edch<\/figcaption><\/figure>\n\n\n\n<h2 class=\"wp-block-heading\" id=\"pocitacove-hry\">Po\u010d\u00edta\u010dov\u00e9 hry<\/h2>\n\n\n\n<p>Des\u00edtky tis\u00edc dotaz\u016f do na\u0161eho vyhled\u00e1v\u00e1n\u00ed denn\u011b m\u00ed\u0159\u00ed na po\u010d\u00edta\u010dov\u00e9 hry. Odpov\u011bdi na dotazy na konkr\u00e9tn\u00ed hry jsme ve spolupr\u00e1ci se serverem Hry.cz obohatili o chytrou kartu, kter\u00e1 poskytne informace o dan\u00e9 h\u0159e, jej\u00ed hodnocen\u00ed recenzenty a linky na jej\u00ed verze pro r\u016fzn\u00e9 platformy.<\/p>\n\n\n\n<figure class=\"wp-block-image aligncenter size-full\"><img loading=\"lazy\" decoding=\"async\" width=\"818\" height=\"560\" src=\"https:\/\/o-seznam.cz\/napoveda\/vyhledavani\/wp-content\/uploads\/sites\/13\/2024\/10\/hry.png\" alt=\"\" class=\"wp-image-1122\" srcset=\"https:\/\/o-seznam.cz\/napoveda\/vyhledavani\/wp-content\/uploads\/sites\/13\/2024\/10\/hry.png 818w, https:\/\/o-seznam.cz\/napoveda\/vyhledavani\/wp-content\/uploads\/sites\/13\/2024\/10\/hry-320x219.png 320w, https:\/\/o-seznam.cz\/napoveda\/vyhledavani\/wp-content\/uploads\/sites\/13\/2024\/10\/hry-768x526.png 768w\" sizes=\"auto, (max-width: 818px) 100vw, 818px\" \/><figcaption class=\"wp-element-caption\">Podoba chytr\u00e9 karty zobrazuj\u00edc\u00ed detaily po\u010d\u00edta\u010dov\u00e9 hry<\/figcaption><\/figure>\n\n\n\n<h2 class=\"wp-block-heading\" id=\"politici\">Politici<\/h2>\n\n\n\n<p class=\"is-style-link-external\">Pokud se u\u017eivatel zept\u00e1 na sou\u010dasn\u00e9ho \u010desk\u00e9ho politika, zobraz\u00ed se v&nbsp;chytr\u00e9 kart\u011b medailonek z Wikipedie, politick\u00e1 p\u0159\u00edslu\u0161nost, dal\u0161\u00ed u\u017eite\u010dn\u00e9 odkazy na soci\u00e1ln\u00ed s\u00edt\u011b \u010di webovou str\u00e1nku a v&nbsp;neposledn\u00ed \u0159ad\u011b zhodnocen\u00ed pravdivosti jeho v\u00fdrok\u016f ze str\u00e1nek <a href=\"https:\/\/demagog.cz\/\">Demagog.cz<\/a>.<\/p>\n\n\n\n<figure class=\"wp-block-image aligncenter size-full\"><img loading=\"lazy\" decoding=\"async\" width=\"820\" height=\"788\" src=\"https:\/\/o-seznam.cz\/napoveda\/vyhledavani\/wp-content\/uploads\/sites\/13\/2025\/06\/politici.png\" alt=\"\" class=\"wp-image-2049\" srcset=\"https:\/\/o-seznam.cz\/napoveda\/vyhledavani\/wp-content\/uploads\/sites\/13\/2025\/06\/politici.png 820w, https:\/\/o-seznam.cz\/napoveda\/vyhledavani\/wp-content\/uploads\/sites\/13\/2025\/06\/politici-320x308.png 320w, https:\/\/o-seznam.cz\/napoveda\/vyhledavani\/wp-content\/uploads\/sites\/13\/2025\/06\/politici-768x738.png 768w\" sizes=\"auto, (max-width: 820px) 100vw, 820px\" \/><figcaption class=\"wp-element-caption\">Podoba chytr\u00e9 karty zobrazuj\u00edc\u00ed politiky<\/figcaption><\/figure>\n\n\n\n<h2 class=\"wp-block-heading\" id=\"recepty\">Recepty<\/h2>\n\n\n\n<p>M\u00e1te chu\u0165 si d\u00e1t n\u011bco dobr\u00e9ho, ale nev\u00edte, jak na to? Karty s recepty V\u00e1m naserv\u00edruj\u00ed p\u0159esn\u011b to, co pot\u0159ebujete. Obsahuj\u00ed v\u0161echny ingredience, bez kter\u00fdch se neobejdete a \u0159eknou V\u00e1m p\u0159esn\u00fd postup, abyste v\u017edy doc\u00edlili znamenit\u00e9 chuti.<\/p>\n\n\n\n<figure class=\"wp-block-image aligncenter size-full\"><img loading=\"lazy\" decoding=\"async\" width=\"809\" height=\"337\" src=\"https:\/\/o-seznam.cz\/napoveda\/vyhledavani\/wp-content\/uploads\/sites\/13\/2024\/10\/recepty.png\" alt=\"\" class=\"wp-image-1114\" srcset=\"https:\/\/o-seznam.cz\/napoveda\/vyhledavani\/wp-content\/uploads\/sites\/13\/2024\/10\/recepty.png 809w, https:\/\/o-seznam.cz\/napoveda\/vyhledavani\/wp-content\/uploads\/sites\/13\/2024\/10\/recepty-320x133.png 320w, https:\/\/o-seznam.cz\/napoveda\/vyhledavani\/wp-content\/uploads\/sites\/13\/2024\/10\/recepty-768x320.png 768w\" sizes=\"auto, (max-width: 809px) 100vw, 809px\" \/><figcaption class=\"wp-element-caption\">Podoba chytr\u00e9 karty zobrazuj\u00edc\u00ed recept<\/figcaption><\/figure>\n\n\n\n<h2 class=\"wp-block-heading\" id=\"vyjmenovana-slova\">Vyjmenovan\u00e1 slova<\/h2>\n\n\n\n<p class=\"is-style-link-external\">Vyjmenovan\u00e1 slova by m\u011bl zn\u00e1t ka\u017ed\u00fd \u0161kol\u00e1k, ale leckdy d\u011blaj\u00ed probl\u00e9my i dosp\u011bl\u00fdm. Ve vyhled\u00e1v\u00e1n\u00ed od Seznamu naleznete pom\u016fcku ve form\u011b karty s nej\u010dast\u011bj\u0161\u00edmi vyjmenovan\u00fdmi slovy od dan\u00e9ho p\u00edsmene.&nbsp;Sta\u010d\u00ed zadat dotaz <a href=\"https:\/\/search.seznam.cz\/?q=vyjmenovan%C3%A1+slova\">Vyjmenovan\u00e1 slova<\/a>.<\/p>\n\n\n\n<figure class=\"wp-block-image aligncenter size-full\"><img loading=\"lazy\" decoding=\"async\" width=\"413\" height=\"307\" src=\"https:\/\/o-seznam.cz\/napoveda\/vyhledavani\/wp-content\/uploads\/sites\/13\/2024\/10\/vyjmenovana-slova.png\" alt=\"\" class=\"wp-image-1121\" srcset=\"https:\/\/o-seznam.cz\/napoveda\/vyhledavani\/wp-content\/uploads\/sites\/13\/2024\/10\/vyjmenovana-slova.png 413w, https:\/\/o-seznam.cz\/napoveda\/vyhledavani\/wp-content\/uploads\/sites\/13\/2024\/10\/vyjmenovana-slova-320x238.png 320w\" sizes=\"auto, (max-width: 413px) 100vw, 413px\" \/><figcaption class=\"wp-element-caption\">Podoba chytr\u00e9 karty zobrazuj\u00edc\u00ed &#8222;Vyjmenovan\u00e1 slova po B&#8220;<\/figcaption><\/figure>\n\n\n\n<h2 class=\"wp-block-heading\" id=\"wiki\">Wikikarti\u010dky<\/h2>\n\n\n\n<p>Z Wikikarti\u010dek se se dozv\u00edte detailn\u011bj\u0161\u00ed informace k osobnostem, chemick\u00fdm prvk\u016fm a slou\u010denin\u00e1m, tank\u016fm atd.<\/p>\n\n\n\n<figure class=\"wp-block-image aligncenter size-full\"><img loading=\"lazy\" decoding=\"async\" width=\"810\" height=\"580\" src=\"https:\/\/o-seznam.cz\/napoveda\/vyhledavani\/wp-content\/uploads\/sites\/13\/2024\/10\/chemicke-vzorce.png\" alt=\"\" class=\"wp-image-1116\" srcset=\"https:\/\/o-seznam.cz\/napoveda\/vyhledavani\/wp-content\/uploads\/sites\/13\/2024\/10\/chemicke-vzorce.png 810w, https:\/\/o-seznam.cz\/napoveda\/vyhledavani\/wp-content\/uploads\/sites\/13\/2024\/10\/chemicke-vzorce-320x229.png 320w, https:\/\/o-seznam.cz\/napoveda\/vyhledavani\/wp-content\/uploads\/sites\/13\/2024\/10\/chemicke-vzorce-768x550.png 768w\" sizes=\"auto, (max-width: 810px) 100vw, 810px\" \/><figcaption class=\"wp-element-caption\">Podoba chytr\u00e9 karty zobrazuj\u00edc\u00ed detaily chemick\u00fdch prvk\u016f, slou\u010denin aj.<\/figcaption><\/figure>\n\n\n\n<figure class=\"wp-block-image aligncenter size-full\"><img loading=\"lazy\" decoding=\"async\" width=\"810\" height=\"724\" src=\"https:\/\/o-seznam.cz\/napoveda\/vyhledavani\/wp-content\/uploads\/sites\/13\/2025\/06\/wiki-tanky.png\" alt=\"\" class=\"wp-image-2050\" srcset=\"https:\/\/o-seznam.cz\/napoveda\/vyhledavani\/wp-content\/uploads\/sites\/13\/2025\/06\/wiki-tanky.png 810w, https:\/\/o-seznam.cz\/napoveda\/vyhledavani\/wp-content\/uploads\/sites\/13\/2025\/06\/wiki-tanky-320x286.png 320w, https:\/\/o-seznam.cz\/napoveda\/vyhledavani\/wp-content\/uploads\/sites\/13\/2025\/06\/wiki-tanky-768x686.png 768w\" sizes=\"auto, (max-width: 810px) 100vw, 810px\" \/><figcaption class=\"wp-element-caption\">Podoba chytr\u00e9 karty zobrazuj\u00edc\u00ed detaily tank\u016f aj.<\/figcaption><\/figure>\n\n\n\n<figure class=\"wp-block-image aligncenter size-full\"><img loading=\"lazy\" decoding=\"async\" width=\"416\" height=\"319\" src=\"https:\/\/o-seznam.cz\/napoveda\/vyhledavani\/wp-content\/uploads\/sites\/13\/2024\/10\/wiki-vyznamy.png\" alt=\"\" class=\"wp-image-1119\" srcset=\"https:\/\/o-seznam.cz\/napoveda\/vyhledavani\/wp-content\/uploads\/sites\/13\/2024\/10\/wiki-vyznamy.png 416w, https:\/\/o-seznam.cz\/napoveda\/vyhledavani\/wp-content\/uploads\/sites\/13\/2024\/10\/wiki-vyznamy-320x245.png 320w\" sizes=\"auto, (max-width: 416px) 100vw, 416px\" \/><figcaption class=\"wp-element-caption\">Podoba chytr\u00e9 karty vysv\u011btluj\u00edc\u00ed nejr\u016fzn\u011bj\u0161\u00ed pojmy<\/figcaption><\/figure>\n\n\n\n<figure class=\"wp-block-image aligncenter size-full\"><img loading=\"lazy\" decoding=\"async\" width=\"811\" height=\"645\" src=\"https:\/\/o-seznam.cz\/napoveda\/vyhledavani\/wp-content\/uploads\/sites\/13\/2025\/06\/wiki-osobnosti.png\" alt=\"\" class=\"wp-image-2051\" srcset=\"https:\/\/o-seznam.cz\/napoveda\/vyhledavani\/wp-content\/uploads\/sites\/13\/2025\/06\/wiki-osobnosti.png 811w, https:\/\/o-seznam.cz\/napoveda\/vyhledavani\/wp-content\/uploads\/sites\/13\/2025\/06\/wiki-osobnosti-320x255.png 320w, https:\/\/o-seznam.cz\/napoveda\/vyhledavani\/wp-content\/uploads\/sites\/13\/2025\/06\/wiki-osobnosti-768x611.png 768w\" sizes=\"auto, (max-width: 811px) 100vw, 811px\" \/><figcaption class=\"wp-element-caption\">Podoba chytr\u00e9 karty zobrazuj\u00edc\u00ed detaily osobnost\u00ed<\/figcaption><\/figure>\n","protected":false},"excerpt":{"rendered":"<p>Ve v\u00fdsledc\u00edch vyhled\u00e1v\u00e1n\u00ed m\u016f\u017eete narazit na r\u016fzn\u00e9 druhy karet, kter\u00e9 ozna\u010dujeme pojmem chytr\u00e1 karta. Ta m\u00e1 za c\u00edl usnadnit cestu k&nbsp;informac\u00edm r\u016fzn\u00e9ho druhu. Podoba karet se li\u0161\u00ed v z\u00e1vislosti na slu\u017eb\u011b, kter\u00e1 v\u00fdsledek dod\u00e1v\u00e1 (v r\u00e1mci jedn\u00e9 slu\u017eby mohou m\u00edt v\u00fdsledky i v\u00edce podob). V\u011bt\u0161ina chytr\u00fdch karet m\u00e1 v mobiln\u00ed verzi shodn\u00fd vzhled s verz\u00ed [&hellip;]<\/p>\n","protected":false},"author":22,"featured_media":0,"parent":260,"menu_order":0,"comment_status":"closed","ping_status":"closed","template":"page-sidemenu","meta":{"_acf_changed":false,"_relevanssi_hide_post":"","_relevanssi_hide_content":"","_relevanssi_pin_for_all":"","_relevanssi_pin_keywords":"","_relevanssi_unpin_keywords":"","_relevanssi_related_keywords":"","_relevanssi_related_include_ids":"","_relevanssi_related_exclude_ids":"","_relevanssi_related_no_append":"","_relevanssi_related_not_related":"","_relevanssi_related_posts":"","_relevanssi_noindex_reason":"","footnotes":""},"page_category":[14],"page_tag":[],"service_status_category":[],"class_list":["post-270","page","type-page","status-publish","hentry"],"acf":[],"lang":"cs","translations":{"cs":270},"pll_sync_post":[],"_links":{"self":[{"href":"https:\/\/o-seznam.cz\/napoveda\/vyhledavani\/wp-json\/wp\/v2\/pages\/270","targetHints":{"allow":["GET"]}}],"collection":[{"href":"https:\/\/o-seznam.cz\/napoveda\/vyhledavani\/wp-json\/wp\/v2\/pages"}],"about":[{"href":"https:\/\/o-seznam.cz\/napoveda\/vyhledavani\/wp-json\/wp\/v2\/types\/page"}],"author":[{"embeddable":true,"href":"https:\/\/o-seznam.cz\/napoveda\/vyhledavani\/wp-json\/wp\/v2\/users\/22"}],"replies":[{"embeddable":true,"href":"https:\/\/o-seznam.cz\/napoveda\/vyhledavani\/wp-json\/wp\/v2\/comments?post=270"}],"version-history":[{"count":39,"href":"https:\/\/o-seznam.cz\/napoveda\/vyhledavani\/wp-json\/wp\/v2\/pages\/270\/revisions"}],"predecessor-version":[{"id":2052,"href":"https:\/\/o-seznam.cz\/napoveda\/vyhledavani\/wp-json\/wp\/v2\/pages\/270\/revisions\/2052"}],"up":[{"embeddable":true,"href":"https:\/\/o-seznam.cz\/napoveda\/vyhledavani\/wp-json\/wp\/v2\/pages\/260"}],"wp:attachment":[{"href":"https:\/\/o-seznam.cz\/napoveda\/vyhledavani\/wp-json\/wp\/v2\/media?parent=270"}],"wp:term":[{"taxonomy":"page_category","embeddable":true,"href":"https:\/\/o-seznam.cz\/napoveda\/vyhledavani\/wp-json\/wp\/v2\/page_category?post=270"},{"taxonomy":"page_tag","embeddable":true,"href":"https:\/\/o-seznam.cz\/napoveda\/vyhledavani\/wp-json\/wp\/v2\/page_tag?post=270"},{"taxonomy":"service_status_category","embeddable":true,"href":"https:\/\/o-seznam.cz\/napoveda\/vyhledavani\/wp-json\/wp\/v2\/service_status_category?post=270"}],"curies":[{"name":"wp","href":"https:\/\/api.w.org\/{rel}","templated":true}]}}