{"id":255,"date":"2024-09-23T13:56:46","date_gmt":"2024-09-23T11:56:46","guid":{"rendered":"https:\/\/o-seznam.cz\/napoveda\/vyhledavani\/?page_id=255"},"modified":"2024-11-18T14:05:00","modified_gmt":"2024-11-18T13:05:00","slug":"vyhledavani-videi","status":"publish","type":"page","link":"https:\/\/o-seznam.cz\/napoveda\/vyhledavani\/vyhledavani-videi\/","title":{"rendered":"Vyhled\u00e1v\u00e1n\u00ed vide\u00ed"},"content":{"rendered":"\n<p class=\"is-style-link-external\">A\u0165 u\u017e hled\u00e1te p\u0159ehled vide\u00ed nebo konkr\u00e9tn\u00ed video, zad\u00e1vat dotazy a prob\u00edrat se v\u00fdsledky na mnoha r\u016fzn\u00fdch webech m\u016f\u017ee b\u00fdt \u010dasov\u011b n\u00e1ro\u010dn\u00e9 a \u00fanavn\u00e9. M\u00edsto toho m\u016f\u017eete hledat ve v\u0161ech vide\u00edch na Internetu najednou na str\u00e1nce <a href=\"https:\/\/search.seznam.cz\/videa\/\">Seznam.cz Videa<\/a>.<\/p>\n\n\n\n<figure class=\"wp-block-image aligncenter size-full\"><img loading=\"lazy\" decoding=\"async\" width=\"678\" height=\"234\" src=\"https:\/\/o-seznam.cz\/napoveda\/vyhledavani\/wp-content\/uploads\/sites\/13\/2024\/10\/videahp.png\" alt=\"\" class=\"wp-image-911\" title=\"P\u0159ej\u00edt na hled\u00e1n\u00ed vide\u00ed\" srcset=\"https:\/\/o-seznam.cz\/napoveda\/vyhledavani\/wp-content\/uploads\/sites\/13\/2024\/10\/videahp.png 678w, https:\/\/o-seznam.cz\/napoveda\/vyhledavani\/wp-content\/uploads\/sites\/13\/2024\/10\/videahp-320x110.png 320w\" sizes=\"auto, (max-width: 678px) 100vw, 678px\" \/><figcaption class=\"wp-element-caption\">Podoba hlavn\u00ed str\u00e1nky Seznam.cz Videa<\/figcaption><\/figure>\n\n\n\n<h2 class=\"wp-block-heading\" id=\"parametry\">Parametry hled\u00e1n\u00ed<\/h2>\n\n\n\n<p>To, zda je video dobr\u00fdm v\u00fdsledkem, z\u00e1le\u017e\u00ed na p\u0159\u00edtomnosti hledan\u00fdch slov v jeho n\u00e1zvu nebo kontextu. Kontextem se rozum\u00ed zp\u016fsob um\u00edst\u011bn\u00ed videa na str\u00e1nku (nap\u0159\u00edklad atribut &#8222;alt&#8220;) a str\u00e1nka, na kter\u00e9 je video um\u00edst\u011bno. V hledan\u00e9 fr\u00e1zi nen\u00ed mo\u017eno pou\u017e\u00edt \u017e\u00e1dn\u00e9 speci\u00e1ln\u00ed oper\u00e1tory.<\/p>\n\n\n\n<p>V\u00fdsledky jsou \u0159azeny automaticky podle relevnace na zadan\u00fd dotaz\/fr\u00e1zi a tak\u00e9 jsou automaticky filtrov\u00e1ny, aby neobsahovaly citliv\u00fd obsah (nap\u0159. erotiku).<\/p>\n\n\n\n<h2 class=\"wp-block-heading\">Filtrov\u00e1n\u00ed v\u00fdsledk\u016f<\/h2>\n\n\n\n<p>V\u00fdsledky vyhled\u00e1v\u00e1n\u00ed vide\u00ed m\u016f\u017eete filtrovat podle parametru <strong>d\u00e9lka<\/strong> nebo <strong>st\u00e1\u0159\u00ed<\/strong>. Parametr d\u00e9lka umo\u017e\u0148uje filtrovat videa se stop\u00e1\u017e\u00ed <em>krat\u0161\u00ed ne\u017e 5 minut, 5 a\u017e 20 minut a del\u0161\u00ed ne\u017e 20 minut<\/em>. Parametr st\u00e1\u0159\u00ed umo\u017e\u0148uje filtrovat videa vydan\u00e1 <em>dnes, za posledn\u00ed t\u00fdden, m\u011bs\u00edc, rok nebo videa star\u0161\u00ed ne\u017e rok<\/em>. Pokud \u017e\u00e1dn\u00fd filtr nezvol\u00edte, zobraz\u00ed se v\u00e1m videa bez ohledu na d\u00e9lku nebo st\u00e1\u0159\u00ed.<\/p>\n\n\n\n<div class=\"wp-block-columns is-layout-flex wp-container-core-columns-is-layout-28f84493 wp-block-columns-is-layout-flex\">\n<div class=\"wp-block-column is-vertically-aligned-center is-layout-flow wp-block-column-is-layout-flow\">\n<figure class=\"wp-block-image aligncenter size-full\"><img loading=\"lazy\" decoding=\"async\" width=\"295\" height=\"250\" src=\"https:\/\/o-seznam.cz\/napoveda\/vyhledavani\/wp-content\/uploads\/sites\/13\/2024\/10\/videa-filtr-delka.png\" alt=\"\" class=\"wp-image-914\"\/><figcaption class=\"wp-element-caption\">Podoba filtru d\u00e9lka<\/figcaption><\/figure>\n<\/div>\n\n\n\n<div class=\"wp-block-column is-layout-flow wp-block-column-is-layout-flow\">\n<figure class=\"wp-block-image aligncenter size-full\"><img loading=\"lazy\" decoding=\"async\" width=\"374\" height=\"328\" src=\"https:\/\/o-seznam.cz\/napoveda\/vyhledavani\/wp-content\/uploads\/sites\/13\/2024\/10\/videa-filtr-stari.png\" alt=\"\" class=\"wp-image-915\" srcset=\"https:\/\/o-seznam.cz\/napoveda\/vyhledavani\/wp-content\/uploads\/sites\/13\/2024\/10\/videa-filtr-stari.png 374w, https:\/\/o-seznam.cz\/napoveda\/vyhledavani\/wp-content\/uploads\/sites\/13\/2024\/10\/videa-filtr-stari-320x281.png 320w\" sizes=\"auto, (max-width: 374px) 100vw, 374px\" \/><figcaption class=\"wp-element-caption\">Podoba filtru st\u00e1\u0159\u00ed<\/figcaption><\/figure>\n<\/div>\n<\/div>\n\n\n\n<h2 class=\"wp-block-heading\">Podoba v\u00fdsledku<\/h2>\n\n\n\n<p>V\u00fdsledek vyhled\u00e1v\u00e1n\u00ed ve vide\u00edch vypad\u00e1 stejn\u011b jako v\u00fdsledek fulltextov\u00e9ho vyhled\u00e1v\u00e1n\u00ed. Je v\u0161ak dopln\u011bn t\u011bmito informacemi o videu:<\/p>\n\n\n\n<ul class=\"wp-block-list\">\n<li>N\u00e1hledov\u00fd obr\u00e1zek<\/li>\n\n\n\n<li>Stop\u00e1\u017e<\/li>\n\n\n\n<li>Datum zve\u0159ejn\u011bn\u00ed<\/li>\n\n\n\n<li>Po\u010det zhl\u00e9dnut\u00ed<\/li>\n<\/ul>\n\n\n\n<figure class=\"wp-block-image aligncenter size-full\"><img loading=\"lazy\" decoding=\"async\" width=\"628\" height=\"145\" src=\"https:\/\/o-seznam.cz\/napoveda\/vyhledavani\/wp-content\/uploads\/sites\/13\/2024\/10\/videa-vysledek.png\" alt=\"\" class=\"wp-image-921\" srcset=\"https:\/\/o-seznam.cz\/napoveda\/vyhledavani\/wp-content\/uploads\/sites\/13\/2024\/10\/videa-vysledek.png 628w, https:\/\/o-seznam.cz\/napoveda\/vyhledavani\/wp-content\/uploads\/sites\/13\/2024\/10\/videa-vysledek-320x74.png 320w\" sizes=\"auto, (max-width: 628px) 100vw, 628px\" \/><figcaption class=\"wp-element-caption\">Podoba v\u00fdsledku vyhled\u00e1v\u00e1n\u00ed ve vide\u00edch<\/figcaption><\/figure>\n","protected":false},"excerpt":{"rendered":"<p>A\u0165 u\u017e hled\u00e1te p\u0159ehled vide\u00ed nebo konkr\u00e9tn\u00ed video, zad\u00e1vat dotazy a prob\u00edrat se v\u00fdsledky na mnoha r\u016fzn\u00fdch webech m\u016f\u017ee b\u00fdt \u010dasov\u011b n\u00e1ro\u010dn\u00e9 a \u00fanavn\u00e9. M\u00edsto toho m\u016f\u017eete hledat ve v\u0161ech vide\u00edch na Internetu najednou na str\u00e1nce Seznam.cz Videa. Parametry hled\u00e1n\u00ed To, zda je video dobr\u00fdm v\u00fdsledkem, z\u00e1le\u017e\u00ed na p\u0159\u00edtomnosti hledan\u00fdch slov v jeho n\u00e1zvu nebo [&hellip;]<\/p>\n","protected":false},"author":22,"featured_media":0,"parent":0,"menu_order":8,"comment_status":"closed","ping_status":"closed","template":"page-sidemenu","meta":{"_acf_changed":false,"_relevanssi_hide_post":"","_relevanssi_hide_content":"","_relevanssi_pin_for_all":"","_relevanssi_pin_keywords":"","_relevanssi_unpin_keywords":"","_relevanssi_related_keywords":"","_relevanssi_related_include_ids":"","_relevanssi_related_exclude_ids":"","_relevanssi_related_no_append":"","_relevanssi_related_not_related":"","_relevanssi_related_posts":"","_relevanssi_noindex_reason":"","footnotes":""},"page_category":[14],"page_tag":[],"service_status_category":[],"class_list":["post-255","page","type-page","status-publish","hentry"],"acf":[],"lang":"cs","translations":{"cs":255},"pll_sync_post":[],"_links":{"self":[{"href":"https:\/\/o-seznam.cz\/napoveda\/vyhledavani\/wp-json\/wp\/v2\/pages\/255","targetHints":{"allow":["GET"]}}],"collection":[{"href":"https:\/\/o-seznam.cz\/napoveda\/vyhledavani\/wp-json\/wp\/v2\/pages"}],"about":[{"href":"https:\/\/o-seznam.cz\/napoveda\/vyhledavani\/wp-json\/wp\/v2\/types\/page"}],"author":[{"embeddable":true,"href":"https:\/\/o-seznam.cz\/napoveda\/vyhledavani\/wp-json\/wp\/v2\/users\/22"}],"replies":[{"embeddable":true,"href":"https:\/\/o-seznam.cz\/napoveda\/vyhledavani\/wp-json\/wp\/v2\/comments?post=255"}],"version-history":[{"count":12,"href":"https:\/\/o-seznam.cz\/napoveda\/vyhledavani\/wp-json\/wp\/v2\/pages\/255\/revisions"}],"predecessor-version":[{"id":1873,"href":"https:\/\/o-seznam.cz\/napoveda\/vyhledavani\/wp-json\/wp\/v2\/pages\/255\/revisions\/1873"}],"wp:attachment":[{"href":"https:\/\/o-seznam.cz\/napoveda\/vyhledavani\/wp-json\/wp\/v2\/media?parent=255"}],"wp:term":[{"taxonomy":"page_category","embeddable":true,"href":"https:\/\/o-seznam.cz\/napoveda\/vyhledavani\/wp-json\/wp\/v2\/page_category?post=255"},{"taxonomy":"page_tag","embeddable":true,"href":"https:\/\/o-seznam.cz\/napoveda\/vyhledavani\/wp-json\/wp\/v2\/page_tag?post=255"},{"taxonomy":"service_status_category","embeddable":true,"href":"https:\/\/o-seznam.cz\/napoveda\/vyhledavani\/wp-json\/wp\/v2\/service_status_category?post=255"}],"curies":[{"name":"wp","href":"https:\/\/api.w.org\/{rel}","templated":true}]}}