{"id":251,"date":"2024-09-23T12:32:27","date_gmt":"2024-09-23T10:32:27","guid":{"rendered":"https:\/\/o-seznam.cz\/napoveda\/vyhledavani\/?page_id=251"},"modified":"2024-10-21T13:16:07","modified_gmt":"2024-10-21T11:16:07","slug":"zakazane-a-nevhodne-techniky","status":"publish","type":"page","link":"https:\/\/o-seznam.cz\/napoveda\/vyhledavani\/optimalizace\/zakazane-a-nevhodne-techniky\/","title":{"rendered":"Zak\u00e1zan\u00e9 a nevhodn\u00e9 techniky"},"content":{"rendered":"\n<p>P\u0159i optimalizaci webu doporu\u010dujeme vyvarovat se pou\u017e\u00edv\u00e1n\u00ed <a href=\"#zakazane\" data-type=\"internal\" data-id=\"#zakazane\">zak\u00e1zan\u00fdch<\/a> a <a href=\"#nevhodne\">nevhodn\u00fdch<\/a> optimaliza\u010dn\u00edch technik, \u010di dokonce vytv\u00e1\u0159en\u00ed <a href=\"#webspam\">webspamu<\/a>. N\u011bkter\u00e9 z t\u011bchto technik jsou pro referen\u010dn\u00ed a studijn\u00ed \u00fa\u010dely uvedeny na t\u011bchto str\u00e1nk\u00e1ch. Nen\u00ed bezpe\u010dn\u00e9 p\u0159edpokl\u00e1dat, \u017ee neuveden\u00ed konkr\u00e9tn\u00ed techniky na t\u00e9to str\u00e1nce znamen\u00e1 souhlas spole\u010dnosti Seznam.cz, a. s. s&nbsp;jej\u00edm pou\u017e\u00edv\u00e1n\u00edm.<\/p>\n\n\n\n<div class=\"wp-block-seznam-box is-layout-flow wp-block-seznam-box-is-layout-flow\">\n<h4 class=\"wp-block-heading\">Pozor<\/h4>\n\n\n\n<p><strong>Webspam<\/strong>, <strong>zak\u00e1zan\u00e9<\/strong> a&nbsp;<strong>nevhodn\u00e9 optimaliza\u010dn\u00ed techniky<\/strong> jsou posuzov\u00e1ny a postihov\u00e1ny automaticky a&nbsp;korigov\u00e1ny administr\u00e1tory podle jasn\u011b dan\u00fdch, ale neve\u0159ejn\u00fdch pravidel. Majitel str\u00e1nek nem\u016f\u017ee postih zru\u0161it ani jinak p\u0159\u00edmo ovliv\u0148ovat.<\/p>\n\n\n\n<p>Postih str\u00e1nky nezanik\u00e1 automaticky ve chv\u00edli, kdy je zak\u00e1zan\u00e1 technika ze str\u00e1nek odstran\u011bna, ale je\u0161t\u011b n\u011bjakou dobu trv\u00e1. Doba trv\u00e1n\u00ed postihu je z\u00e1visl\u00e1 na typu pou\u017eit\u00e9 techniky a aktu\u00e1ln\u00edm stavu pravideln\u00fdch proces\u016f aktualizace datab\u00e1ze.<\/p>\n<\/div>\n\n\n\n<div class=\"wp-block-seznam-box is-layout-flow wp-block-seznam-box-is-layout-flow\">\n<h4 class=\"wp-block-heading\">TIP<\/h4>\n\n\n\n<p>Pokud si nejste jisti technikou, kterou na sv\u00e9m webu pou\u017e\u00edv\u00e1te, doporu\u010dujeme v\u00e1m ji ze str\u00e1nek odstranit.<\/p>\n<\/div>\n\n\n\n<h2 class=\"wp-block-heading\" id=\"webspam\">Webspam<\/h2>\n\n\n\n<p>Webspam jsou str\u00e1nky, kter\u00e9 neposkytuj\u00ed kvalitn\u00ed informace ani slu\u017eby a&nbsp;jejich jedin\u00fdm c\u00edlem je zisk z&nbsp;prodeje odkaz\u016f, reklamn\u00edho prostoru, p\u0159esm\u011brov\u00e1n\u00ed nebo oklam\u00e1n\u00ed u\u017eivatele.<\/p>\n\n\n\n<p>Mezi <strong>webspam<\/strong> pat\u0159\u00ed:<\/p>\n\n\n\n<div class=\"accordion\">\n\t<div class=\"accordion__items\">\n\n<details class=\"expander is-style-default\">\n\t<summary data-datalayer-name=\"expander_mfa\" data-datalayer-text=\"MFA\">\n\t\t\t\t<strong>MFA<\/strong>\n\t\t\t<\/summary>\n\t<div class=\"inner-blocks\">\n\n<p>Jako <strong>MFA<\/strong> (Made For Advert) ozna\u010dujeme takov\u00e9 str\u00e1nky, kter\u00e9 byly vytvo\u0159eny pouze za \u00fa\u010delem vyd\u011bl\u00e1v\u00e1n\u00ed pen\u011bz na reklam\u011b. Nemaj\u00ed t\u00e9m\u011b\u0159 \u017e\u00e1dn\u00fd text, p\u0159\u00edpadn\u011b obsahuj\u00ed text s minim\u00e1ln\u00ed informa\u010dn\u00ed hodnotou. Vyzna\u010duj\u00ed se t\u00edm, \u017ee obsahuj\u00ed velk\u00e9 mno\u017estv\u00ed reklamy.<\/p>\n\n<\/div><\/details>\n\n\n\n<details class=\"expander is-style-default\">\n\t<summary data-datalayer-name=\"\" data-datalayer-text=\"Linkfarmy\">\n\t\t\t\t<strong>Linkfarmy<\/strong>\n\t\t\t<\/summary>\n\t<div class=\"inner-blocks\">\n\n<p>Linkfarma je skupina str\u00e1nek vytvo\u0159ena s c\u00edlem zv\u00fd\u0161it jedn\u00e9 nebo v\u00edce konkr\u00e9tn\u00edm str\u00e1nk\u00e1m hodnotu ranku z\u00edsk\u00e1van\u00e9ho ze zp\u011btn\u00fdch odkaz\u016f (tzv. pagerank). Jednotliv\u00e9 str\u00e1nky z&nbsp;linkfarmy odkazuj\u00ed na jednu nebo v\u00edce konkr\u00e9tn\u00edch str\u00e1nek, kter\u00e9 z&nbsp;existence t\u011bchto odkaz\u016f profituj\u00ed.<\/p>\n\n<\/div><\/details>\n\n\n\n<details class=\"expander is-style-default\">\n\t<summary data-datalayer-name=\"\" data-datalayer-text=\"SEO PR\">\n\t\t\t\t<strong>SEO PR<\/strong>\n\t\t\t<\/summary>\n\t<div class=\"inner-blocks\">\n\n<p>Str\u00e1nky, na kter\u00fdch jsou publikov\u00e1ny placen\u00e9 \u010dl\u00e1nky s&nbsp;c\u00edlem manipulovat s&nbsp;ranky. Jedn\u00e1 se o&nbsp;podkategorii linkfarem. \u010cl\u00e1nky obvykle nespojuje \u017e\u00e1dn\u00e9 spole\u010dn\u00e9 t\u00e9ma a&nbsp;maj\u00ed minim\u00e1ln\u00ed informa\u010dn\u00ed hodnotu.<\/p>\n\n<\/div><\/details>\n\n\n\n<details class=\"expander is-style-default\">\n\t<summary data-datalayer-name=\"\" data-datalayer-text=\"SEO katalogy\">\n\t\t\t\t<strong>SEO katalogy<\/strong>\n\t\t\t<\/summary>\n\t<div class=\"inner-blocks\">\n\n<p>SEO katalogy na prvn\u00ed pohled p\u0159ipom\u00ednaj\u00ed b\u011b\u017en\u00e9 katalogy, na rozd\u00edl od nich ale jejich hlavn\u00edm c\u00edlem nen\u00ed poskytovat informace, ale generovat zp\u011btn\u00e9 odkazy a&nbsp;t\u00edm manipulovat s&nbsp;ranky.<\/p>\n\n<\/div><\/details>\n\n\n\n<details class=\"expander is-style-default\">\n\t<summary data-datalayer-name=\"\" data-datalayer-text=\"Doorway\">\n\t\t\t\t<strong>Doorway<\/strong>\n\t\t\t<\/summary>\n\t<div class=\"inner-blocks\">\n\n<p>Doorway je skupina str\u00e1nek, kter\u00e9 obsahuj\u00ed odkazy na jeden konkr\u00e9tn\u00ed web. \u010casto t\u00e9\u017e maj\u00ed duplicitn\u00ed obsah. Jejich \u00fa\u010delem je um\u00edstit se na \u0161irokou \u0161k\u00e1lu dotaz\u016f na jak\u00e9koliv pozici a&nbsp;z\u00edskat tak potenci\u00e1ln\u00ed n\u00e1v\u0161t\u011bvn\u00edky pro web, na kter\u00fd odkazuj\u00ed.<\/p>\n\n<\/div><\/details>\n\n\n\n<details class=\"expander is-style-default\">\n\t<summary data-datalayer-name=\"\" data-datalayer-text=\"Skryt\u00e1 p\u0159esm\u011brov\u00e1n\u00ed\">\n\t\t\t\t<strong>Skryt\u00e1 p\u0159esm\u011brov\u00e1n\u00ed<\/strong>\n\t\t\t<\/summary>\n\t<div class=\"inner-blocks\">\n\n<p>Str\u00e1nky, kter\u00e9 za kr\u00e1tk\u00fd \u010das po na\u010dten\u00ed automaticky p\u0159esm\u011brov\u00e1vaj\u00ed a&nbsp;zvy\u0161uj\u00ed tak n\u00e1v\u0161t\u011bvnost c\u00edlov\u00e9ho webu. Nej\u010dast\u011bji se pou\u017e\u00edv\u00e1 p\u0159esm\u011brov\u00e1n\u00ed pomoc\u00ed JavaScriptu. Robot takov\u00e9 p\u0159esm\u011brov\u00e1n\u00ed nemus\u00ed spr\u00e1vn\u011b interpretovat.<\/p>\n\n<\/div><\/details>\n\n\n\n<details class=\"expander is-style-default\">\n\t<summary data-datalayer-name=\"\" data-datalayer-text=\"Phishing\">\n\t\t\t\t<strong>Phishing<\/strong>\n\t\t\t<\/summary>\n\t<div class=\"inner-blocks\">\n\n<p class=\"is-style-link-external\">Str\u00e1nky, kter\u00e9 byly vytvo\u0159eny s c\u00edlem oklamat nebo jinak zmanipulovat u\u017eivatele, nap\u0159. vym\u00e1mit od&nbsp;nich citliv\u00e9 \u00fadaje nebo rovnou pen\u00edze. Typicky vyu\u017e\u00edvaj\u00ed technik <a href=\"https:\/\/cs.wikipedia.org\/wiki\/Soci%C3%A1ln%C3%AD_in%C5%BEen%C3%BDrstv%C3%AD_%28bezpe%C4%8Dnost%29\">soci\u00e1ln\u00edho in\u017een\u00fdrstv\u00ed<\/a>.<\/p>\n\n<\/div><\/details>\n\n\n\n<details class=\"expander is-style-default\">\n\t<summary data-datalayer-name=\"\" data-datalayer-text=\"Obsahov\u00e9 farmy\">\n\t\t\t\t<strong>Obsahov\u00e9 farmy<\/strong>\n\t\t\t<\/summary>\n\t<div class=\"inner-blocks\">\n\n<p>C\u00edlem obsahov\u00fdch farem je um\u00edst\u011bn\u00ed ve v\u00fdsledc\u00edch vyhled\u00e1v\u00e1n\u00ed na co nejv\u011bt\u0161\u00ed mno\u017estv\u00ed dotaz\u016f pomoc\u00ed automatick\u00e9ho generov\u00e1n\u00ed neu\u017eite\u010dn\u00e9ho obsahu. To m\u016f\u017ee b\u00fdt motivov\u00e1no jak ziskem z&nbsp;prodeje reklamy \u010di odkaz\u016f (tedy v&nbsp;kombinaci s&nbsp;MFA\/linkfarmou), tak zviditeln\u011bn\u00edm vlastn\u00edho webu mezi konkurenc\u00ed.<\/p>\n\n<\/div><\/details>\n\n<\/div><\/div>\n\n\n\n\n<div class=\"wp-block-seznam-box is-layout-flow wp-block-seznam-box-is-layout-flow\">\n<h4 class=\"wp-block-heading\">Pozor<\/h4>\n\n\n\n<p>Str\u00e1nky poru\u0161uj\u00edc\u00ed z\u00e1kony platn\u00e9 v&nbsp;\u010cesk\u00e9 republice se vystavuj\u00ed riziku postihu.<\/p>\n<\/div>\n\n\n\n<h2 class=\"wp-block-heading\" id=\"zakazane\">Zak\u00e1zan\u00e9 optimaliza\u010dn\u00ed techniky<\/h2>\n\n\n\n<p><b>Zak\u00e1zan\u00e9 optimaliza\u010dn\u00ed techniky<\/b> jsou posuzov\u00e1ny poloautomaticky a&nbsp;maj\u00ed jasn\u011b dan\u00e1 pravidla, kter\u00e1 <b>nelze ovliv\u0148ovat<\/b>. Pat\u0159\u00ed mezi n\u011b:<\/p>\n\n\n\n<div class=\"accordion\">\n\t<div class=\"accordion__items\">\n\n<details class=\"expander is-style-default\">\n\t<summary data-datalayer-name=\"\" data-datalayer-text=\"Cybersquatting\">\n\t\t\t\t<strong>Cybersquatting<\/strong>\n\t\t\t<\/summary>\n\t<div class=\"inner-blocks\">\n\n<p>Cybersquatting je registrace \u010di obchodov\u00e1n\u00ed s&nbsp;dom\u00e9nov\u00fdm jm\u00e9nem, kter\u00e9 obsahuje registrovanou obchodn\u00ed zna\u010dku jin\u00e9ho subjektu. V&nbsp;roz\u0161\u00ed\u0159en\u00e9m pojet\u00ed se jedn\u00e1 o&nbsp;jak\u00fdkoliv projev vyd\u00e1v\u00e1n\u00ed se za jin\u00fd subjekt s&nbsp;\u00famyslem na n\u011bm parazitovat. Za cybersquatting pova\u017eujeme i vyu\u017eit\u00ed favicony jin\u00e9ho subjektu pro sv\u016fj web, a to i v lehce pozm\u011bn\u011bn\u00e9 podob\u011b.<\/p>\n\n<\/div><\/details>\n\n\n\n<details class=\"expander is-style-default\">\n\t<summary data-datalayer-name=\"\" data-datalayer-text=\"Dom\u00e9nov\u00e1 farma\">\n\t\t\t\t<strong>Dom\u00e9nov\u00e1 farma<\/strong>\n\t\t\t<\/summary>\n\t<div class=\"inner-blocks\">\n\n<p>Vytv\u00e1\u0159en\u00ed velk\u00e9ho mno\u017estv\u00ed dom\u00e9n 2. \u0159\u00e1du a&nbsp;subdom\u00e9n (\u010dasto jde o&nbsp;automatick\u00e9 generov\u00e1n\u00ed), na kter\u00fdch jsou provozov\u00e1ny <strong>obsahov\u00e9 farmy<\/strong>.<\/p>\n\n<\/div><\/details>\n\n\n\n<details class=\"expander is-style-default\">\n\t<summary data-datalayer-name=\"\" data-datalayer-text=\"Keyword stuffing\">\n\t\t\t\t<strong>Keyword stuffing<\/strong>\n\t\t\t<\/summary>\n\t<div class=\"inner-blocks\">\n\n<p>V\u00fdsledkem uplat\u0148ov\u00e1n\u00ed keyword stuffingu je p\u0159eoptimalizovan\u00fd text, kter\u00fd obsahuje nep\u0159irozen\u011b vysok\u00fd po\u010det vybran\u00e9ho kl\u00ed\u010dov\u00e9ho slova nebo fr\u00e1ze. Kv\u016fli nadbyte\u010dnosti slov m\u016f\u017ee b\u00fdt text gramaticky nespr\u00e1vn\u00fd, n\u011bkdy a\u017e nesmysln\u00fd.<\/p>\n\n<\/div><\/details>\n\n\n\n<details class=\"expander is-style-default\">\n\t<summary data-datalayer-name=\"\" data-datalayer-text=\"Cloaking\">\n\t\t\t\t<strong>Cloaking<\/strong>\n\t\t\t<\/summary>\n\t<div class=\"inner-blocks\">\n\n<p>Cloaking je vyd\u00e1v\u00e1n\u00ed jin\u00e9ho obsahu robotovi vyhled\u00e1va\u010de ne\u017e lidem pro stejnou adresu URL. U\u017eivatel pak na str\u00e1nk\u00e1ch vid\u00ed jin\u00fd obsah, ne\u017e jak\u00fd vid\u00ed robot. M\u016f\u017ee se jednat o&nbsp;kompletn\u00ed z\u00e1m\u011bnu obsahu str\u00e1nky, nebo skr\u00fdv\u00e1n\u00ed \u010d\u00e1st\u00ed textu pomoc\u00ed CSS nebo obr\u00e1zk\u016f, s&nbsp;nimi\u017e v\u016fbec nesouvis\u00ed.<\/p>\n\n<\/div><\/details>\n\n\n\n<details class=\"expander is-style-default\">\n\t<summary data-datalayer-name=\"\" data-datalayer-text=\"Nep\u0159irozen\u00e9 odkazy\">\n\t\t\t\t<strong>Nep\u0159irozen\u00e9 odkazy<\/strong>\n\t\t\t<\/summary>\n\t<div class=\"inner-blocks\">\n\n<p>Na str\u00e1nce by se m\u011bl vyskytovat p\u0159im\u011b\u0159en\u00fd po\u010det odkaz\u016f. Umis\u0165ov\u00e1n\u00ed p\u0159edplacen\u00fdch odkazov\u00fdch li\u0161t a&nbsp;jin\u00fdch v\u00fdm\u011bnn\u00fdch odkazov\u00fdch syst\u00e9m\u016f do HTML k\u00f3du str\u00e1nky je br\u00e1no jako snaha o&nbsp;manipulaci s&nbsp;p\u0159irozen\u00fdm rozd\u011blen\u00edm ranku. Takov\u00e9to odkazy doporu\u010dujeme na webov\u00e9 str\u00e1nky v\u016fbec neumis\u0165ovat. Pokud je na str\u00e1nk\u00e1ch m\u00e1te, odstra\u0148te je, nebo jim nastavte atribut <a href=\"..\/..\/seznambot\/nofollow\/\" data-type=\"page\" data-id=\"157\">rel=\u201cnofollow\u201c<\/a>.<\/p>\n\n\n\n<p>Za nep\u0159irozen\u00e9 odkazy se ozna\u010duj\u00ed tak\u00e9 odkazy, kter\u00e9 vedou jinam, ne\u017e str\u00e1nka nazna\u010duje nebo je uvedeno v&nbsp;atributu &#8222;href&#8220;, a&nbsp;t\u00edm klamou u\u017eivatele. Nej\u010dast\u011bji jsou tvo\u0159eny pomoc\u00ed JavaScriptu.<\/p>\n\n\n\n<p>Mezi nep\u0159irozen\u00e9 odkazy \u0159ad\u00edme tak\u00e9 odkazy z\u00edskan\u00e9 nevhodnou v\u00fdm\u011bnou. Za nevhodnou v\u00fdm\u011bnu odkaz\u016f pova\u017eujeme takovou v\u00fdm\u011bnu, kdy je prost\u0159edn\u00edkem pro poskytov\u00e1n\u00ed odkaz\u016f n\u011bjak\u00fd automatick\u00fd syst\u00e9m, s&nbsp;jeho\u017e pomoc\u00ed jsou odkazy distribuov\u00e1ny na velk\u00e9 mno\u017estv\u00ed na sob\u011b jinak nez\u00e1visl\u00fdch str\u00e1nek. Pokud se na va\u0161ich str\u00e1nk\u00e1ch takov\u00fd syst\u00e9m vyskytuje, doporu\u010dujeme v\u00e1m:<\/p>\n\n\n\n<ul class=\"wp-block-list\">\n<li>odkazy odstranit, nebo<\/li>\n\n\n\n<li>nastavit odkaz\u016fm atribut <a href=\"..\/..\/seznambot\/nofollow\/\" data-type=\"page\" data-id=\"157\">rel=\u201cnofollow\u201c<\/a>.<\/li>\n<\/ul>\n\n\n\n<p>V opa\u010dn\u00e9m p\u0159\u00edpad\u011b se vystavujete nebezpe\u010d\u00ed postihu.<\/p>\n\n<\/div><\/details>\n\n<\/div><\/div>\n\n\n\n\n<h2 class=\"wp-block-heading\" id=\"nevhodne\">Nevhodn\u00e9 optimaliza\u010dn\u00ed techniky<\/h2>\n\n\n\n<p>Jsou to techniky, kter\u00e9 nejsou podvodn\u00e9, ale p\u0159esto sni\u017euj\u00ed relevanci str\u00e1nek. Pat\u0159\u00ed mezi n\u011b:<\/p>\n\n\n\n<div class=\"accordion\">\n\t<div class=\"accordion__items\">\n\n<details class=\"expander is-style-default\">\n\t<summary data-datalayer-name=\"\" data-datalayer-text=\"Duplicitn\u00ed weby\">\n\t\t\t\t<strong>Duplicitn\u00ed weby<\/strong>\n\t\t\t<\/summary>\n\t<div class=\"inner-blocks\">\n\n<p>Za duplicitn\u00ed weby pova\u017eujeme dv\u011b a&nbsp;v\u00edce dom\u00e9n (subdom\u00e9n) se shodn\u00fdm \u010di velmi podobn\u00fdm obsahem. Pokud jsou tyto podobnosti automaticky nebo poloautomaticky rozpozn\u00e1ny, bude vybr\u00e1na pouze jedna dom\u00e9na jako hlavn\u00ed a ostatn\u00ed budou penalizov\u00e1ny.<\/p>\n\n<\/div><\/details>\n\n\n\n<details class=\"expander is-style-default\">\n\t<summary data-datalayer-name=\"\" data-datalayer-text=\"V\u00fdsledky vyhled\u00e1v\u00e1n\u00ed na str\u00e1nk\u00e1ch\">\n\t\t\t\t<strong>V\u00fdsledky vyhled\u00e1v\u00e1n\u00ed na str\u00e1nk\u00e1ch<\/strong>\n\t\t\t<\/summary>\n\t<div class=\"inner-blocks\">\n\n<p>Doporu\u010dujeme pro v\u0161echny str\u00e1nky s&nbsp;generovan\u00fdm obsahem (nap\u0159. v\u00fdsledky vlastn\u00edho \u010di p\u0159evzat\u00e9ho vyhled\u00e1v\u00e1n\u00ed) zak\u00e1zat stahov\u00e1n\u00ed v souboru&nbsp;<a href=\"..\/..\/seznambot\/robots-txt\/\" data-type=\"page\" data-id=\"73\">robots.txt<\/a>.<\/p>\n\n<\/div><\/details>\n\n<\/div><\/div>\n\n\n\n\n<div class=\"wp-block-seznam-box is-layout-flow wp-block-seznam-box-is-layout-flow\">\n<h2 class=\"wp-block-heading\">Tip<\/h2>\n\n\n\n<p>M\u016f\u017ee se st\u00e1t, \u017ee v p\u0159\u00edpad\u011b duplicitn\u00edch web\u016f bude jako hlavn\u00ed dom\u00e9na vybr\u00e1na pr\u00e1v\u011b ta, kterou pova\u017eujete za sekund\u00e1rn\u00ed. Proto se vytv\u00e1\u0159en\u00ed duplicitn\u00edch web\u016f rad\u011bji vyhn\u011bte. Pokud nem\u00e1te jinou mo\u017enost, ne\u017e duplicitn\u00ed web vytvo\u0159it, vyu\u017eijte <a href=\"..\/..\/seznambot\/presmerovani-webu\/\">p\u0159esm\u011brov\u00e1n\u00ed<\/a> a p\u0159esm\u011brujte ka\u017edou str\u00e1nku na odpov\u00eddaj\u00edc\u00ed str\u00e1nku na hlavn\u00ed dom\u00e9n\u011b.<\/p>\n<\/div>\n","protected":false},"excerpt":{"rendered":"<p>P\u0159i optimalizaci webu doporu\u010dujeme vyvarovat se pou\u017e\u00edv\u00e1n\u00ed zak\u00e1zan\u00fdch a nevhodn\u00fdch optimaliza\u010dn\u00edch technik, \u010di dokonce vytv\u00e1\u0159en\u00ed webspamu. N\u011bkter\u00e9 z t\u011bchto technik jsou pro referen\u010dn\u00ed a studijn\u00ed \u00fa\u010dely uvedeny na t\u011bchto str\u00e1nk\u00e1ch. Nen\u00ed bezpe\u010dn\u00e9 p\u0159edpokl\u00e1dat, \u017ee neuveden\u00ed konkr\u00e9tn\u00ed techniky na t\u00e9to str\u00e1nce znamen\u00e1 souhlas spole\u010dnosti Seznam.cz, a. s. s&nbsp;jej\u00edm pou\u017e\u00edv\u00e1n\u00edm. Webspam Webspam jsou str\u00e1nky, kter\u00e9 neposkytuj\u00ed kvalitn\u00ed [&hellip;]<\/p>\n","protected":false},"author":22,"featured_media":0,"parent":234,"menu_order":0,"comment_status":"closed","ping_status":"closed","template":"page-sidemenu","meta":{"_acf_changed":false,"_relevanssi_hide_post":"","_relevanssi_hide_content":"","_relevanssi_pin_for_all":"","_relevanssi_pin_keywords":"","_relevanssi_unpin_keywords":"","_relevanssi_related_keywords":"","_relevanssi_related_include_ids":"","_relevanssi_related_exclude_ids":"","_relevanssi_related_no_append":"","_relevanssi_related_not_related":"","_relevanssi_related_posts":"","_relevanssi_noindex_reason":"","footnotes":""},"page_category":[14],"page_tag":[],"service_status_category":[],"class_list":["post-251","page","type-page","status-publish","hentry"],"acf":[],"lang":"cs","translations":{"cs":251},"pll_sync_post":[],"_links":{"self":[{"href":"https:\/\/o-seznam.cz\/napoveda\/vyhledavani\/wp-json\/wp\/v2\/pages\/251","targetHints":{"allow":["GET"]}}],"collection":[{"href":"https:\/\/o-seznam.cz\/napoveda\/vyhledavani\/wp-json\/wp\/v2\/pages"}],"about":[{"href":"https:\/\/o-seznam.cz\/napoveda\/vyhledavani\/wp-json\/wp\/v2\/types\/page"}],"author":[{"embeddable":true,"href":"https:\/\/o-seznam.cz\/napoveda\/vyhledavani\/wp-json\/wp\/v2\/users\/22"}],"replies":[{"embeddable":true,"href":"https:\/\/o-seznam.cz\/napoveda\/vyhledavani\/wp-json\/wp\/v2\/comments?post=251"}],"version-history":[{"count":37,"href":"https:\/\/o-seznam.cz\/napoveda\/vyhledavani\/wp-json\/wp\/v2\/pages\/251\/revisions"}],"predecessor-version":[{"id":1451,"href":"https:\/\/o-seznam.cz\/napoveda\/vyhledavani\/wp-json\/wp\/v2\/pages\/251\/revisions\/1451"}],"up":[{"embeddable":true,"href":"https:\/\/o-seznam.cz\/napoveda\/vyhledavani\/wp-json\/wp\/v2\/pages\/234"}],"wp:attachment":[{"href":"https:\/\/o-seznam.cz\/napoveda\/vyhledavani\/wp-json\/wp\/v2\/media?parent=251"}],"wp:term":[{"taxonomy":"page_category","embeddable":true,"href":"https:\/\/o-seznam.cz\/napoveda\/vyhledavani\/wp-json\/wp\/v2\/page_category?post=251"},{"taxonomy":"page_tag","embeddable":true,"href":"https:\/\/o-seznam.cz\/napoveda\/vyhledavani\/wp-json\/wp\/v2\/page_tag?post=251"},{"taxonomy":"service_status_category","embeddable":true,"href":"https:\/\/o-seznam.cz\/napoveda\/vyhledavani\/wp-json\/wp\/v2\/service_status_category?post=251"}],"curies":[{"name":"wp","href":"https:\/\/api.w.org\/{rel}","templated":true}]}}