{"id":234,"date":"2024-09-23T10:11:32","date_gmt":"2024-09-23T08:11:32","guid":{"rendered":"https:\/\/o-seznam.cz\/napoveda\/vyhledavani\/?page_id=234"},"modified":"2024-10-21T14:04:10","modified_gmt":"2024-10-21T12:04:10","slug":"optimalizace","status":"publish","type":"page","link":"https:\/\/o-seznam.cz\/napoveda\/vyhledavani\/optimalizace\/","title":{"rendered":"Optimalizace"},"content":{"rendered":"\n<p>P\u0159edt\u00edm, ne\u017e se pust\u00edte do tvorby nov\u00e9ho webu, je dobr\u00e9 si promyslet n\u011bkolik v\u011bc\u00ed:<\/p>\n\n\n\n<ul class=\"wp-block-list\">\n<li>jak\u00e1 je va\u0161e <a href=\"#cilova-skupina\">c\u00edlov\u00e1 skupina u\u017eivatel\u016f<\/a>;<\/li>\n\n\n\n<li>co bude <a href=\"#obsah-stranky\">obsahem str\u00e1nek<\/a>, na kter\u00e9 chcete p\u0159il\u00e1kat n\u00e1v\u0161t\u011bvn\u00edky;<\/li>\n\n\n\n<li>v jak\u00e9m <a href=\"#jazyk-stranky\">jazyce<\/a> budou str\u00e1nky naps\u00e1ny;<\/li>\n\n\n\n<li>spr\u00e1vn\u00fd <a href=\"#nazev-domeny\">n\u00e1zev dom\u00e9ny<\/a>;<\/li>\n\n\n\n<li>odpov\u00eddaj\u00edc\u00ed <a href=\"#tld\">top level dom\u00e9nu<\/a>.<\/li>\n<\/ul>\n\n\n\n<h2 class=\"wp-block-heading\" id=\"cilova-skupina\">C\u00edlov\u00e1 skupina u\u017eivatel\u016f<\/h2>\n\n\n\n<p>Podle c\u00edlov\u00e9 skupiny u\u017eivatel\u016f, kterou chcete na sv\u016fj web p\u0159iv\u00e9st, budete nejsp\u00ed\u0161 volit styl va\u0161eho webu po obsahov\u00e9 i&nbsp;grafick\u00e9 str\u00e1nce. Podle n\u00ed zvol\u00edte i&nbsp;prim\u00e1rn\u00ed jazyk sv\u00e9ho webu.<\/p>\n\n\n\n<p>Je vhodn\u00e9 m\u00edt texty na str\u00e1nk\u00e1ch rozmanit\u00e9 a&nbsp;nepou\u017e\u00edvat v&nbsp;nich pouze nejhledan\u011bj\u0161\u00ed slova a&nbsp;fr\u00e1ze. Pokud nebudete ps\u00e1t pro roboty, ale p\u0159edev\u0161\u00edm pro sv\u00e9 u\u017eivatele, tedy p\u0159irozen\u011b, srozumiteln\u011b a&nbsp;\u010dtiv\u011b, poznaj\u00ed to a budou se k&nbsp;v\u00e1m \u010dast\u011bji vracet.<\/p>\n\n\n\n<div class=\"wp-block-seznam-box is-layout-flow wp-block-seznam-box-is-layout-flow\">\n<h4 class=\"wp-block-heading\">TIP<\/h4>\n\n\n\n<p class=\"is-style-link-external\">K v\u00fdb\u011bru vhodn\u00fdch kl\u00ed\u010dov\u00fdch slov pro sv\u016fj web m\u016f\u017eete vyu\u017e\u00edt <a href=\"https:\/\/napoveda.sklik.cz\/cileni\/klicova-slova\/navrh-klicovych-slov\/\">n\u00e1stroj pro n\u00e1vrh kl\u00ed\u010dov\u00fdch slov<\/a> syst\u00e9mu <a href=\"https:\/\/sklik.cz\/\">Sklik<\/a>.<\/p>\n<\/div>\n\n\n\n<h2 class=\"wp-block-heading\" id=\"obsah-stranky\">Obsah str\u00e1nky<\/h2>\n\n\n\n<p>Sna\u017ete se tvo\u0159it kvalitn\u00ed, zaj\u00edmav\u00fd a&nbsp;aktu\u00e1ln\u00ed obsah, kter\u00fd u\u017eivatele zaujme. Povede to k&nbsp;tomu, \u017ee se na str\u00e1nky budou vracet a&nbsp;budou na n\u011b odkazovat. Text by m\u011bl b\u00fdt snadno \u010diteln\u00fd, bez pravopisn\u00fdch a&nbsp;gramatick\u00fdch chyb. Pou\u017eit\u00fd jazyk by m\u011bl b\u00fdt p\u0159\u00edstupn\u00fd a&nbsp;p\u0159irozen\u00fd pro c\u00edlovou skupinu u\u017eivatel\u016f.<\/p>\n\n\n\n<div class=\"wp-block-seznam-box is-layout-flow wp-block-seznam-box-is-layout-flow\">\n<h4 class=\"wp-block-heading\">TIP<\/h4>\n\n\n\n<p>Kvalitn\u00ed a&nbsp;zaj\u00edmav\u00fd obsah udr\u017e\u00ed st\u00e1vaj\u00edc\u00ed n\u00e1v\u0161t\u011bvn\u00edky a&nbsp;p\u0159ivede nov\u00e9.<\/p>\n<\/div>\n\n\n\n<div class=\"wp-block-seznam-box is-layout-flow wp-block-seznam-box-is-layout-flow\">\n<h4 class=\"wp-block-heading pozor\">POZOR<\/h4>\n\n\n\n<p>Pokud mo\u017eno nevkl\u00e1dejte textov\u00fd obsah do obr\u00e1zk\u016f; vyhled\u00e1va\u010d takov\u00fd text nemus\u00ed zohlednit p\u0159i indexaci. Nezahlcujte text p\u0159\u00edli\u0161n\u00fdm mno\u017estv\u00edm kl\u00ed\u010dov\u00fdch slov a&nbsp;opakovan\u00fdm obsahem. Svoji str\u00e1nku udr\u017eujte rozumn\u011b velikou \u2013 p\u0159\u00edli\u0161 velk\u00e9 str\u00e1nky nemus\u00edme zaindexovat.<\/p>\n<\/div>\n\n\n\n<h2 class=\"wp-block-heading\" id=\"jazyk-stranky\">Jazyk str\u00e1nky<\/h2>\n\n\n\n<p>Robot Seznamu \u2013 <a href=\"..\/seznambot\/\">SeznamBot<\/a> \u2013 indexuje jak \u010desk\u00e9, tak cizojazy\u010dn\u00e9 str\u00e1nky. Dominantn\u00ed jazyk str\u00e1nky rozpozn\u00e1v\u00e1 na z\u00e1klad\u011b mno\u017estv\u00ed textu v&nbsp;jednotliv\u00fdch jazyc\u00edch.<\/p>\n\n\n\n<h2 class=\"wp-block-heading\" id=\"nazev-domeny\">N\u00e1zev dom\u00e9ny<\/h2>\n\n\n\n<p>N\u00e1zev dom\u00e9ny volte tak, aby byl co nejjednodu\u0161\u0161\u00ed na zapamatov\u00e1n\u00ed a&nbsp;p\u0159itom v\u00e1s dob\u0159e identifikoval. M\u011bl by b\u00fdt <b>kr\u00e1tk\u00fd<\/b>, <b>jednozna\u010dn\u00fd<\/b> a&nbsp;<b>srozumiteln\u00fd<\/b>. V\u00edceslovn\u00e9 n\u00e1zvy dom\u00e9n m\u016f\u017eete zapsat bez mezer jako jedno slovo, nebo jednotliv\u00e1 slova odd\u011blit pomoc\u00ed spojovn\u00edku (-).<\/p>\n\n\n\n<p>V\u00edceslovnou dom\u00e9nu m\u016f\u017eete zapsat jedn\u00edm z n\u00e1sleduj\u00edc\u00edch zp\u016fsob\u016f:<\/p>\n\n\n\n<ul class=\"wp-block-list\">\n<li>s&nbsp;pou\u017eit\u00edm odd\u011blova\u010de: <em>seo-napoveda.cz<\/em>,<\/li>\n\n\n\n<li>bez pou\u017eit\u00ed odd\u011blova\u010de: <em>seonapoveda.cz<\/em>.<\/li>\n<\/ul>\n\n\n\n<p>Robot ch\u00e1pe odd\u011blen\u00e9 \u010d\u00e1sti dom\u00e9ny jako samostatn\u00e1 slova. Pokud jsou slova v&nbsp;dom\u00e9n\u011b napsan\u00e1 bez mezer, robot zpravidla rozezn\u00e1 jen ta nejb\u011b\u017en\u011bj\u0161\u00ed. Viz tak\u00e9 pravidla pro <a href=\"..\/optimalizace\/optimalizacni-minimum\/#struktural-url\">strukturov\u00e1n\u00ed URL<\/a>.<\/p>\n\n\n\n<h2 class=\"wp-block-heading\" id=\"tld\">V\u00fdb\u011br top-level dom\u00e9ny<\/h2>\n\n\n\n<p class=\"is-style-link-external\"><strong>Top-level dom\u00e9na<\/strong> (TLD) je dom\u00e9na nejvy\u0161\u0161\u00edho \u0159\u00e1du, nap\u0159. <em>cz<\/em>, <em>com<\/em>, <em>org<\/em> atd. V&nbsp;\u00fapln\u00e9m n\u00e1zvu dom\u00e9ny se jedn\u00e1 o&nbsp;posledn\u00ed \u010d\u00e1st za te\u010dkou. Ur\u010duje skupinu dom\u00e9nov\u00fdch jmen, nap\u0159. v\u0161echna dom\u00e9nov\u00e1 jm\u00e9na s koncovkou <em>cz<\/em>. Dom\u00e9ny nejvy\u0161\u0161\u00edho \u0159\u00e1du jsou pevn\u011b stanoveny administrativn\u00ed instituc\u00ed pro Internet <a href=\"https:\/\/www.iana.org\/\">IANA<\/a>.<\/p>\n\n\n\n<p>TLD vyb\u00edrejte s&nbsp;ohledem na c\u00edlovou skupinu u\u017eivatel\u016f (pokud chcete c\u00edlit na \u010desky mluv\u00edc\u00ed u\u017eivatele, s&nbsp;nejv\u011bt\u0161\u00ed pravd\u011bpodobnost\u00ed zvol\u00edte \u010deskou n\u00e1rodn\u00ed dom\u00e9nu cz).<\/p>\n\n\n\n<pre title=\"P\u0159\u00edklad dom\u00e9ny nejvy\u0161\u0161\u00ed \u00farovn\u011b\" class=\"wp-block-code\"><code lang=\"adoc\" class=\"language-adoc line-numbers\">www.sklik.cz \u2013 CZ je ozna\u010den\u00ed dom\u00e9ny nejvy\u0161\u0161\u00ed \u00farovn\u011b<\/code><\/pre>\n\n\n\n<p>Vyhled\u00e1va\u010d Seznamu podporuje v\u0161echny TLD dom\u00e9ny a p\u0159istupuje k nim stejn\u011b.<\/p>\n\n\n\n<div class=\"wp-block-seznam-box is-layout-flow wp-block-seznam-box-is-layout-flow\">\n<h4 class=\"wp-block-heading tip\">TIP<\/h4>\n\n\n\n<p class=\"is-style-link-external\">O sv\u00e9m nov\u011b vytvo\u0159en\u00e9m webu m\u016f\u017eete d\u00e1t robotovi v\u011bd\u011bt pomoc\u00ed <a href=\"https:\/\/search.seznam.cz\/wt\/pridej-stranku\">p\u0159id\u00e1vac\u00edho formul\u00e1\u0159e<\/a>.<\/p>\n<\/div>\n","protected":false},"excerpt":{"rendered":"<p>P\u0159edt\u00edm, ne\u017e se pust\u00edte do tvorby nov\u00e9ho webu, je dobr\u00e9 si promyslet n\u011bkolik v\u011bc\u00ed: C\u00edlov\u00e1 skupina u\u017eivatel\u016f Podle c\u00edlov\u00e9 skupiny u\u017eivatel\u016f, kterou chcete na sv\u016fj web p\u0159iv\u00e9st, budete nejsp\u00ed\u0161 volit styl va\u0161eho webu po obsahov\u00e9 i&nbsp;grafick\u00e9 str\u00e1nce. Podle n\u00ed zvol\u00edte i&nbsp;prim\u00e1rn\u00ed jazyk sv\u00e9ho webu. Je vhodn\u00e9 m\u00edt texty na str\u00e1nk\u00e1ch rozmanit\u00e9 a&nbsp;nepou\u017e\u00edvat v&nbsp;nich pouze nejhledan\u011bj\u0161\u00ed [&hellip;]<\/p>\n","protected":false},"author":22,"featured_media":0,"parent":0,"menu_order":6,"comment_status":"closed","ping_status":"closed","template":"page-sidemenu","meta":{"_acf_changed":false,"_relevanssi_hide_post":"","_relevanssi_hide_content":"","_relevanssi_pin_for_all":"","_relevanssi_pin_keywords":"","_relevanssi_unpin_keywords":"","_relevanssi_related_keywords":"","_relevanssi_related_include_ids":"","_relevanssi_related_exclude_ids":"","_relevanssi_related_no_append":"","_relevanssi_related_not_related":"","_relevanssi_related_posts":"","_relevanssi_noindex_reason":"","footnotes":""},"page_category":[14],"page_tag":[],"service_status_category":[],"class_list":["post-234","page","type-page","status-publish","hentry"],"acf":[],"lang":"cs","translations":{"cs":234},"pll_sync_post":[],"_links":{"self":[{"href":"https:\/\/o-seznam.cz\/napoveda\/vyhledavani\/wp-json\/wp\/v2\/pages\/234","targetHints":{"allow":["GET"]}}],"collection":[{"href":"https:\/\/o-seznam.cz\/napoveda\/vyhledavani\/wp-json\/wp\/v2\/pages"}],"about":[{"href":"https:\/\/o-seznam.cz\/napoveda\/vyhledavani\/wp-json\/wp\/v2\/types\/page"}],"author":[{"embeddable":true,"href":"https:\/\/o-seznam.cz\/napoveda\/vyhledavani\/wp-json\/wp\/v2\/users\/22"}],"replies":[{"embeddable":true,"href":"https:\/\/o-seznam.cz\/napoveda\/vyhledavani\/wp-json\/wp\/v2\/comments?post=234"}],"version-history":[{"count":10,"href":"https:\/\/o-seznam.cz\/napoveda\/vyhledavani\/wp-json\/wp\/v2\/pages\/234\/revisions"}],"predecessor-version":[{"id":1671,"href":"https:\/\/o-seznam.cz\/napoveda\/vyhledavani\/wp-json\/wp\/v2\/pages\/234\/revisions\/1671"}],"wp:attachment":[{"href":"https:\/\/o-seznam.cz\/napoveda\/vyhledavani\/wp-json\/wp\/v2\/media?parent=234"}],"wp:term":[{"taxonomy":"page_category","embeddable":true,"href":"https:\/\/o-seznam.cz\/napoveda\/vyhledavani\/wp-json\/wp\/v2\/page_category?post=234"},{"taxonomy":"page_tag","embeddable":true,"href":"https:\/\/o-seznam.cz\/napoveda\/vyhledavani\/wp-json\/wp\/v2\/page_tag?post=234"},{"taxonomy":"service_status_category","embeddable":true,"href":"https:\/\/o-seznam.cz\/napoveda\/vyhledavani\/wp-json\/wp\/v2\/service_status_category?post=234"}],"curies":[{"name":"wp","href":"https:\/\/api.w.org\/{rel}","templated":true}]}}