{"id":1977,"date":"2025-01-16T12:48:00","date_gmt":"2025-01-16T11:48:00","guid":{"rendered":"https:\/\/o-seznam.cz\/napoveda\/vyhledavani\/?page_id=1977"},"modified":"2025-01-16T12:49:13","modified_gmt":"2025-01-16T11:49:13","slug":"zpracovani-osobnich-udaju","status":"publish","type":"page","link":"https:\/\/o-seznam.cz\/napoveda\/vyhledavani\/zpracovani-osobnich-udaju\/","title":{"rendered":"Zpracov\u00e1n\u00ed osobn\u00edch \u00fadaj\u016f"},"content":{"rendered":"\n<p>Za \u00fa\u010delem vyu\u017eit\u00ed slu\u017eby \u201ePomozte n\u00e1m se zlep\u0161it\u201d dostupn\u00e9 na internetov\u00e9 adrese (URL) <a href=\"https:\/\/search.seznam.cz\/\">https:\/\/search.seznam.cz\/<\/a> (d\u00e1le jen \u201eSlu\u017eba\u201c) u\u017eivatelem Slu\u017eby (d\u00e1le jen \u201eU\u017eivatel\u201c) je spole\u010dnost Seznam.cz, a.s., I\u010cO 261 68 685, se s\u00eddlem Radlick\u00e1 3294\/10, 150 00 Praha 5, provozovatel Slu\u017eby (d\u00e1le jen \u201cProvozovatel\u201d) opr\u00e1vn\u011bna zpracov\u00e1vat osobn\u00ed \u00fadaje U\u017eivatel\u016f (zejm\u00e9na emailovou adresu), kter\u00e9 tito U\u017eivatel\u00e9 poskytnou Provozovateli v r\u00e1mci u\u017e\u00edv\u00e1n\u00ed Slu\u017eby.<\/p>\n\n\n\n<p>Osobn\u00ed \u00fadaje U\u017eivatele budou zpracov\u00e1ny Provozovatelem v nezbytn\u00e9m rozsahu za \u00fa\u010delem poskytov\u00e1n\u00ed Slu\u017eby, a to zejm\u00e9na za \u00fa\u010delem zasl\u00e1n\u00ed zp\u011btn\u00e9 vazby u\u017eivateli a vz\u00e1jemn\u00e9 budouc\u00ed komunikace Provozovatele a U\u017eivatele.<\/p>\n\n\n\n<p>Takov\u00e9 zpracov\u00e1n\u00ed osobn\u00edch \u00fadaj\u016f je z\u00e1konn\u00e9, jeliko\u017e je nezbytn\u00e9 pro spln\u011bn\u00ed smlouvy, na jej\u00edm\u017e z\u00e1klad\u011b U\u017eivatel u\u017e\u00edv\u00e1 Slu\u017ebu, a jej\u00edch\u017e smluvn\u00ed stranou je U\u017eivatel, jako subjekt osobn\u00edch \u00fadaj\u016f.<\/p>\n\n\n\n<p>Provozovatel postupuje p\u0159i zpracov\u00e1n\u00ed osobn\u00edch \u00fadaj\u016f v souladu s na\u0159\u00edzen\u00edm Evropsk\u00e9ho parlamentu a Rady (EU) \u010d. 2016\/679 o ochran\u011b fyzick\u00fdch osob v souvislosti se zpracov\u00e1n\u00edm osobn\u00edch \u00fadaj\u016f a o voln\u00e9m pohybu t\u011bchto \u00fadaj\u016f (obecn\u00e9 na\u0159\u00edzen\u00ed o ochran\u011b osobn\u00edch \u00fadaj\u016f), z\u00e1konem \u010d. 101\/2000 Sb., o ochran\u011b osobn\u00edch \u00fadaj\u016f a z\u00e1konem, kter\u00fd tento z\u00e1kon ve smyslu proveden\u00ed v\u00fd\u0161e uveden\u00e9ho na\u0159\u00edzen\u00ed nahrad\u00ed, z\u00e1konem \u010d. 480\/2004 Sb., o n\u011bkter\u00fdch slu\u017eb\u00e1ch informa\u010dn\u00ed spole\u010dnosti, z\u00e1konem \u010d. 127\/2005 Sb., o elektronick\u00fdch komunikac\u00edch a dal\u0161\u00edmi pr\u00e1vn\u00edmi p\u0159edpisy upravuj\u00edc\u00ed ochranu osobn\u00edch \u00fadaj\u016f.<\/p>\n\n\n\n<p>Podrobn\u011bj\u0161\u00ed informace o nakl\u00e1d\u00e1n\u00ed s osobn\u00edmi \u00fadaji jsou uvedeny na <a href=\"https:\/\/o-seznam.cz\/pravni-informace\/ochrana-udaju\/\">internetov\u00fdch str\u00e1nk\u00e1ch<\/a> Provozovatele, a to v p\u0159\u00edslu\u0161n\u00e9 <a href=\"https:\/\/o-seznam.cz\/pravni-informace\/ochrana-udaju\/vyhledavani\/\">sekci<\/a>.<\/p>\n","protected":false},"excerpt":{"rendered":"<p>Za \u00fa\u010delem vyu\u017eit\u00ed slu\u017eby \u201ePomozte n\u00e1m se zlep\u0161it\u201d dostupn\u00e9 na internetov\u00e9 adrese (URL) https:\/\/search.seznam.cz\/ (d\u00e1le jen \u201eSlu\u017eba\u201c) u\u017eivatelem Slu\u017eby (d\u00e1le jen \u201eU\u017eivatel\u201c) je spole\u010dnost Seznam.cz, a.s., I\u010cO 261 68 685, se s\u00eddlem Radlick\u00e1 3294\/10, 150 00 Praha 5, provozovatel Slu\u017eby (d\u00e1le jen \u201cProvozovatel\u201d) opr\u00e1vn\u011bna zpracov\u00e1vat osobn\u00ed \u00fadaje U\u017eivatel\u016f (zejm\u00e9na emailovou adresu), kter\u00e9 tito U\u017eivatel\u00e9 poskytnou [&hellip;]<\/p>\n","protected":false},"author":22,"featured_media":0,"parent":0,"menu_order":12,"comment_status":"closed","ping_status":"closed","template":"page-sidemenu","meta":{"_acf_changed":false,"_relevanssi_hide_post":"","_relevanssi_hide_content":"","_relevanssi_pin_for_all":"","_relevanssi_pin_keywords":"","_relevanssi_unpin_keywords":"","_relevanssi_related_keywords":"","_relevanssi_related_include_ids":"","_relevanssi_related_exclude_ids":"","_relevanssi_related_no_append":"","_relevanssi_related_not_related":"","_relevanssi_related_posts":"","_relevanssi_noindex_reason":"","footnotes":""},"page_category":[14],"page_tag":[],"service_status_category":[],"class_list":["post-1977","page","type-page","status-publish","hentry"],"acf":[],"lang":"cs","translations":{"cs":1977},"pll_sync_post":[],"_links":{"self":[{"href":"https:\/\/o-seznam.cz\/napoveda\/vyhledavani\/wp-json\/wp\/v2\/pages\/1977","targetHints":{"allow":["GET"]}}],"collection":[{"href":"https:\/\/o-seznam.cz\/napoveda\/vyhledavani\/wp-json\/wp\/v2\/pages"}],"about":[{"href":"https:\/\/o-seznam.cz\/napoveda\/vyhledavani\/wp-json\/wp\/v2\/types\/page"}],"author":[{"embeddable":true,"href":"https:\/\/o-seznam.cz\/napoveda\/vyhledavani\/wp-json\/wp\/v2\/users\/22"}],"replies":[{"embeddable":true,"href":"https:\/\/o-seznam.cz\/napoveda\/vyhledavani\/wp-json\/wp\/v2\/comments?post=1977"}],"version-history":[{"count":3,"href":"https:\/\/o-seznam.cz\/napoveda\/vyhledavani\/wp-json\/wp\/v2\/pages\/1977\/revisions"}],"predecessor-version":[{"id":1980,"href":"https:\/\/o-seznam.cz\/napoveda\/vyhledavani\/wp-json\/wp\/v2\/pages\/1977\/revisions\/1980"}],"wp:attachment":[{"href":"https:\/\/o-seznam.cz\/napoveda\/vyhledavani\/wp-json\/wp\/v2\/media?parent=1977"}],"wp:term":[{"taxonomy":"page_category","embeddable":true,"href":"https:\/\/o-seznam.cz\/napoveda\/vyhledavani\/wp-json\/wp\/v2\/page_category?post=1977"},{"taxonomy":"page_tag","embeddable":true,"href":"https:\/\/o-seznam.cz\/napoveda\/vyhledavani\/wp-json\/wp\/v2\/page_tag?post=1977"},{"taxonomy":"service_status_category","embeddable":true,"href":"https:\/\/o-seznam.cz\/napoveda\/vyhledavani\/wp-json\/wp\/v2\/service_status_category?post=1977"}],"curies":[{"name":"wp","href":"https:\/\/api.w.org\/{rel}","templated":true}]}}