{"id":192,"date":"2024-09-20T11:09:15","date_gmt":"2024-09-20T09:09:15","guid":{"rendered":"https:\/\/o-seznam.cz\/napoveda\/vyhledavani\/?page_id=192"},"modified":"2025-01-29T12:42:50","modified_gmt":"2025-01-29T11:42:50","slug":"zakazani-tvorby-snippetu","status":"publish","type":"page","link":"https:\/\/o-seznam.cz\/napoveda\/vyhledavani\/seznambot\/zakazani-tvorby-snippetu\/","title":{"rendered":"Zak\u00e1z\u00e1n\u00ed tvorby snippet\u016f"},"content":{"rendered":"<nav class=\"menu-anchors\">\n<ul>\n\t<li><a href=\"#parsovani\">Z\u00e1kaz parsov\u00e1n\u00ed strukturovan\u00fdch dat<\/a><\/li>\n<li><a href=\"#featured-snippety\">Z\u00e1kaz tvorby featured snippet\u016f z va\u0161eho webu<\/a><\/li>\n<li><a href=\"#sumarizace\">Z\u00e1kaz tvorby sumarizac\u00ed z va\u0161eho webu&nbsp;<\/a><\/li>\n<\/ul>\n\n<\/nav>\n\n\n\n<p>Pokud chcete zak\u00e1zat tvorbu snippet\u016f glob\u00e1ln\u011b na cel\u00e9 str\u00e1nce, je t\u0159eba pou\u017e\u00edt meta hlavi\u010dku nosnippet.<\/p>\n\n\n\n<pre title=\"P\u0159\u00edklad z\u00e1pisu nosnippet pro v\u0161echny roboty\" class=\"wp-block-code\"><code lang=\"markup\" class=\"language-markup line-numbers\">&lt;html&gt;\n &lt;head&gt;\n   &lt;meta name=\"robots\" content=\"nosnippet\"&gt;\n   &lt;title&gt;Titulek str\u00e1nky&lt;\/title&gt;\n &lt;\/head&gt;\n &lt;body&gt;\n &lt;\/body&gt;\n&lt;\/html&gt;<\/code><\/pre>\n\n\n\n<pre title=\"P\u0159\u00edklad z\u00e1pisu nosnippet pro SeznamBota\" class=\"wp-block-code\"><code lang=\"markup\" class=\"language-markup line-numbers\">&lt;html&gt; \n &lt;head&gt;\n   &lt;meta name=\"seznambot\" content=\"nosnippet\"&gt;\n   &lt;title&gt;Titulek str\u00e1nky&lt;\/title&gt;\n &lt;\/head&gt;\n &lt;body&gt;\n &lt;\/body&gt;\n&lt;\/html&gt;<\/code><\/pre>\n\n\n\n<p>Ob\u011b varianty z\u00e1pisu v\u00fd\u0161e vedou ke glob\u00e1ln\u00edmu z\u00e1kazu tvorby snippet\u016f.<\/p>\n\n\n\n<h3 class=\"wp-block-heading\">Jak\u00e9 m\u00e1 pou\u017eit\u00ed z\u00e1pisu n\u00e1sledky?<\/h3>\n\n\n\n<p>Ve v\u00fdsledc\u00edch vyhled\u00e1v\u00e1n\u00ed se pro va\u0161\u00ed str\u00e1nku bude zobrazovat pouze titulek a odkaz. Nebude se zobrazovat \u017e\u00e1dn\u00fd textov\u00fd \u00faryvek, n\u00e1hled ani strukturovan\u00e1 data (nap\u0159. u produkt\u016f cena, m\u011bna a hodnocen\u00ed). V p\u0159\u00edpad\u011b pou\u017eit\u00ed nosnippet tagu se nemohou z Va\u0161\u00ed str\u00e1nky vytv\u00e1\u0159et ani tzv. <a href=\"..\/..\/vysledky-vyhledavani\/struktura-vysledku\/\" data-type=\"page\" data-id=\"264\">Featured snippets neboli vybran\u00e9 \u00faryvky<\/a>. Text va\u0161\u00ed str\u00e1nky se nad\u00e1le bude pou\u017e\u00edvat nap\u0159\u00edklad k v\u00fdpo\u010dtu sign\u00e1l\u016f pro relevanci, ale nebude se zobrazovat v \u00faryvku ve v\u00fdsledc\u00edch vyhled\u00e1v\u00e1n\u00ed. <strong>Kompletn\u00ed zak\u00e1z\u00e1n\u00ed<\/strong> <strong>snippet\u016f<\/strong> v\u00fdrazn\u011b <strong>nedoporu\u010dujeme<\/strong>. Mimo jin\u00e9 u\u017eivatel kv\u016fli jejich vypnut\u00ed p\u0159ijde o informaci, na jakou str\u00e1nku se po prokliknut\u00ed dostane a m\u016f\u017ee ho to od prokliknut\u00ed jako takov\u00e9ho odradit.<\/p>\n\n\n\n<h2 class=\"wp-block-heading\" id=\"parsovani\">Z\u00e1kaz parsov\u00e1n\u00ed strukturovan\u00fdch dat<\/h2>\n\n\n\n<p>Seznambot parsuje automaticky strukturovan\u00e1 data nap\u0159\u00edklad k:<\/p>\n\n\n\n<ul class=\"wp-block-list\">\n<li>produkt\u016fm (n\u00e1hled, n\u00e1zev, popis, cena, m\u011bna, hodnocen\u00ed, po\u010det hodnocen\u00ed)<\/li>\n\n\n\n<li>vide\u00edm (n\u00e1hled, n\u00e1zev, popis, \u017e\u00e1nr, doba trv\u00e1n\u00ed, po\u010det shl\u00e9dnut\u00ed, datum publikace)<\/li>\n\n\n\n<li>\u010dl\u00e1nk\u016fm (n\u00e1hled, n\u00e1zev, popis, \u017e\u00e1nr, autor, datum publikace)<\/li>\n\n\n\n<li>recept\u016fm (n\u00e1hled, n\u00e1zev, popis, hodnocen\u00ed, po\u010det hodnocen\u00ed, doba p\u0159\u00edpravy)<\/li>\n\n\n\n<li>ud\u00e1lostem (n\u00e1hled, n\u00e1zev, popis, datum kon\u00e1n\u00ed, m\u00edsto kon\u00e1n\u00ed)<\/li>\n\n\n\n<li>film\u016fm (n\u00e1hled, n\u00e1zev, popis, hodnocen\u00ed, po\u010det hodnocen\u00ed, re\u017eis\u00e9r, rok v\u00fdroby)<\/li>\n\n\n\n<li>seri\u00e1l\u016fm (n\u00e1hled, n\u00e1zev, popis, hodnocen\u00ed, po\u010det hodnocen\u00ed, re\u017eis\u00e9r, rok v\u00fdroby)<\/li>\n\n\n\n<li>diskuzn\u00edm vl\u00e1kn\u016fm (datum publikace, po\u010det p\u0159\u00edsp\u011bvk\u016f)<\/li>\n\n\n\n<li>FAQ str\u00e1nk\u00e1m (text ot\u00e1zky, odpov\u011b\u010f na ot\u00e1zku)<\/li>\n<\/ul>\n\n\n\n<p>Tato strukturovan\u00e1 data pou\u017e\u00edv\u00e1me k zobrazov\u00e1n\u00ed roz\u0161\u00ed\u0159en\u00fdch informac\u00ed ve snippetech. Pokud nechcete takov\u00e9 informace pro va\u0161\u00ed str\u00e1nku zobrazovat, mus\u00edte p\u0159\u00edslu\u0161n\u00e9 sekce str\u00e1nky obsahuj\u00edc\u00ed strukturovan\u00e1 data ozna\u010dit atributem \u201cdata-nosnippet\u201d. Tento atribut je mo\u017en\u00e9 pou\u017e\u00edt u HTML tag\u016f <code>span<\/code>, <code>div<\/code> a <code>section<\/code>.<\/p>\n\n\n\n<p>Ve v\u0161ech uveden\u00fdch p\u0159\u00edkladech n\u00ed\u017ee bude v\u00fdsledkem vypnut\u00ed zobrazov\u00e1n\u00ed strukturovan\u00fdch dat:<\/p>\n\n\n\n<pre title=\"&amp;nbsp;\" class=\"wp-block-code\"><code lang=\"json\" class=\"language-json line-numbers\">&lt;div data-nosnippet&gt;\n  &lt;script type=\"application\/ld+json\" &gt;\n    {\n      \"@context\": \"http:\/\/schema.org\",\n      \"@type\": \"Product\",\n      \"name\": \"Mlet\u00e1 k\u00e1va illy 250g bez kofeinu; 3x\",\n      \"description\": \"K\u00e1va mlet\u00e1, bez kofeinu, p\u016fvod Indie, Ji\u017en\u00ed Amerika.\",\n      \"image\": \"https:\/\/cdn.alza.cz\/ImgW.ashx?fd=f5&amp;amp;cd=EAN5004bun\",\n      \"offers\": {\n      \"@type\": \"Offer\",\n      \"priceCurrency\": \"CZK\",\n      \"price\": \"549\",\n      \"url\": \"https:\/\/www.alza.cz\/illy-decaffeinated-mleta-250g-3x-d6240912.htm\",\n      \"itemCondition\": \"http:\/\/schema.org\/NewCondition\",\n      \"availability\": \"http:\/\/schema.org\/InStock\"\n      },\n      \"brand\": \"ILLY\",\n      \"sku\": \"EAN5004bun\",\n      \"mpn\": \"\",\n      \"gtin13\": \"\"\n    }\n  &lt;\/script&gt;\n&lt;\/div&gt;<\/code><\/pre>\n\n\n\n<pre title=\"&amp;nbsp;\" class=\"wp-block-code\"><code lang=\"json\" class=\"language-json line-numbers\">&lt;div data-nosnippet=\u201dtrue\u201d&gt;\n  &lt;script type=\"application\/ld+json\" &gt;\n    {\n      \"@context\": \"http:\/\/schema.org\",\n      \"@type\": \"Product\",\n      \"name\": \"Mlet\u00e1 k\u00e1va illy 250g bez kofeinu; 3x\",\n      \"description\": \"K\u00e1va mlet\u00e1, bez kofeinu, p\u016fvod Indie, Ji\u017en\u00ed Amerika a St\u0159edn\u00ed Amerika.\",\n      \"image\": \"https:\/\/cdn.alza.cz\/ImgW.ashx?fd=f5&amp;amp;cd=EAN5004bun\",\n      \"offers\": {\n      \"@type\": \"Offer\",\n      \"priceCurrency\": \"CZK\",\n      \"price\": \"549\",\n      \"url\": \"https:\/\/www.alza.cz\/illy-decaffeinated-mleta-250g-3x-d6240912.htm\",\n      \"itemCondition\": \"http:\/\/schema.org\/NewCondition\",\n      \"availability\": \"http:\/\/schema.org\/InStock\"\n      },\n      \"brand\": \"ILLY\",\n      \"sku\": \"EAN5004bun\",\n      \"mpn\": \"\",\n      \"gtin13\": \"\"\n    }\n  &lt;\/script&gt;\n&lt;\/div&gt;<\/code><\/pre>\n\n\n\n<pre title=\"&amp;nbsp;\" class=\"wp-block-code\"><code lang=\"json\" class=\"language-json line-numbers\">&lt;div data-nosnippet=\u201dfalse\u201d&gt;\n &lt;script type=\"application\/ld+json\"&gt;\n   { \n     \"@context\": \"http:\/\/schema.org\",\n     \"@type\": \"Product\",\n     \"name\": \"Mlet\u00e1 k\u00e1va illy 250g bez kofeinu; 3x\",\n     \"description\": \"K\u00e1va mlet\u00e1, bez kofeinu, p\u016fvod Indie, Ji\u017en\u00ed Amerika a St\u0159edn\u00ed Amerika.\",\n     \"image\": \"https:\/\/cdn.alza.cz\/ImgW.ashx?fd=f5&amp;amp;cd=EAN5004bun\",\n     \"offers\":\n     {\n     \"@type\": \"Offer\",\n     \"priceCurrency\": \"CZK\",\n     \"price\": \"549\",\n     \"url\": \"https:\/\/www.alza.cz\/illy-decaffeinated-mleta-250g-3x-d6240912.htm\",\n     \"itemCondition\": \"http:\/\/schema.org\/NewCondition\",\n     \"availability\": \"http:\/\/schema.org\/InStock\" \n     },\n     \"brand\": \"ILLY\",\n     \"sku\": \"EAN5004bun\",\n     \"mpn\": \"\",\n     \"gtin13\": \"\" \n   } \n &lt;\/script&gt;\n&lt;\/div&gt;<\/code><\/pre>\n\n\n\n<pre title=\"&amp;nbsp;\" class=\"wp-block-code\"><code lang=\"json\" class=\"language-json line-numbers\">&lt;div data-nosnippet&gt;\n &lt;script type=\"application\/ld+json\" &gt;\n   {\n   \"@context\": \"http:\/\/schema.org\",\n   \"@type\": \"Product\",\n   \"name\": \"Mlet\u00e1 k\u00e1va illy 250g bez kofeinu; 3x\",\n   \"description\": \"K\u00e1va mlet\u00e1, bez kofeinu, p\u016fvod Indie, Ji\u017en\u00ed Amerika a St\u0159edn\u00ed Amerika.\",\n   \"image\": \"https:\/\/cdn.alza.cz\/ImgW.ashx?fd=f5&amp;amp;cd=EAN5004bun\",\n   \"offers\": \n   { \n   \"@type\": \"Offer\",\n   \"priceCurrency\": \"CZK\",\n   \"price\": \"549\",\n   \"url\": \"https:\/\/www.alza.cz\/illy-decaffeinated-mleta-250g-3x-d6240912.htm\",\n   \"itemCondition\": \"http:\/\/schema.org\/NewCondition\",\n   \"availability\": \"http:\/\/schema.org\/InStock\"\n   },\n   \"brand\": \"ILLY\",\n   \"sku\": \"EAN5004bun\",\n   \"mpn\": \"\",\n   \"gtin13\": \"\"\n   }\n  &lt;\/script&gt;\n&lt;\/div&gt;<\/code><\/pre>\n\n\n\n<h3 class=\"wp-block-heading\">Jak\u00e9 m\u00e1 pou\u017eit\u00ed z\u00e1pisu n\u00e1sledky?<\/h3>\n\n\n\n<figure class=\"wp-block-image aligncenter size-full\"><img loading=\"lazy\" decoding=\"async\" width=\"1600\" height=\"450\" src=\"https:\/\/o-seznam.cz\/napoveda\/vyhledavani\/wp-content\/uploads\/sites\/13\/2024\/10\/snippet.png\" alt=\"\" class=\"wp-image-810\" srcset=\"https:\/\/o-seznam.cz\/napoveda\/vyhledavani\/wp-content\/uploads\/sites\/13\/2024\/10\/snippet.png 1600w, https:\/\/o-seznam.cz\/napoveda\/vyhledavani\/wp-content\/uploads\/sites\/13\/2024\/10\/snippet-992x279.png 992w, https:\/\/o-seznam.cz\/napoveda\/vyhledavani\/wp-content\/uploads\/sites\/13\/2024\/10\/snippet-320x90.png 320w, https:\/\/o-seznam.cz\/napoveda\/vyhledavani\/wp-content\/uploads\/sites\/13\/2024\/10\/snippet-768x216.png 768w, https:\/\/o-seznam.cz\/napoveda\/vyhledavani\/wp-content\/uploads\/sites\/13\/2024\/10\/snippet-1536x432.png 1536w\" sizes=\"auto, (max-width: 1600px) 100vw, 1600px\" \/><figcaption class=\"wp-element-caption\">P\u0159\u00edklad zobrazen\u00ed snippetu ze strukturovan\u00fdch dat<\/figcaption><\/figure>\n\n\n\n<figure class=\"wp-block-image aligncenter size-full\"><img loading=\"lazy\" decoding=\"async\" width=\"1600\" height=\"340\" src=\"https:\/\/o-seznam.cz\/napoveda\/vyhledavani\/wp-content\/uploads\/sites\/13\/2024\/10\/nosnippet.png\" alt=\"\" class=\"wp-image-811\" srcset=\"https:\/\/o-seznam.cz\/napoveda\/vyhledavani\/wp-content\/uploads\/sites\/13\/2024\/10\/nosnippet.png 1600w, https:\/\/o-seznam.cz\/napoveda\/vyhledavani\/wp-content\/uploads\/sites\/13\/2024\/10\/nosnippet-992x211.png 992w, https:\/\/o-seznam.cz\/napoveda\/vyhledavani\/wp-content\/uploads\/sites\/13\/2024\/10\/nosnippet-320x68.png 320w, https:\/\/o-seznam.cz\/napoveda\/vyhledavani\/wp-content\/uploads\/sites\/13\/2024\/10\/nosnippet-768x163.png 768w, https:\/\/o-seznam.cz\/napoveda\/vyhledavani\/wp-content\/uploads\/sites\/13\/2024\/10\/nosnippet-1536x326.png 1536w\" sizes=\"auto, (max-width: 1600px) 100vw, 1600px\" \/><figcaption class=\"wp-element-caption\">P\u0159\u00edklad z\u00e1kazu zobrazen\u00ed snippetu ze strukturovan\u00fdch dat<\/figcaption><\/figure>\n\n\n\n<p>Ve v\u00fdsledc\u00edch vyhled\u00e1v\u00e1n\u00ed se pro va\u0161\u00ed str\u00e1nku nebudou zobrazovat roz\u0161\u00ed\u0159en\u00e9 snippety. Strukturovan\u00e1 data se nad\u00e1le budou pou\u017e\u00edvat intern\u011b, ale nebudou se zobrazovat u\u017eivatel\u016fm. Pokud se rozhodnete strukturovan\u00e1 data zak\u00e1zat, p\u0159ijdete tak zejm\u00e9na o vizu\u00e1ln\u00ed v\u00fdhodu va\u0161eho v\u00fdsledku a t\u00edm potenci\u00e1ln\u011b i o prokliky na va\u0161\u00ed str\u00e1nku.<\/p>\n\n\n\n<h2 class=\"wp-block-heading\" id=\"featured-snippety\">Z\u00e1kaz tvorby featured snippet\u016f z va\u0161eho webu<\/h2>\n\n\n\n<p>Pokud chcete zak\u00e1zat, aby se z va\u0161eho webu tvo\u0159ily <a href=\"..\/..\/vysledky-vyhledavani\/struktura-vysledku\/\" data-type=\"page\" data-id=\"264\">featured snippety<\/a>, je pot\u0159eba pou\u017e\u00edt speci\u00e1ln\u00ed meta hlavi\u010dku.<\/p>\n\n\n\n<pre title=\"P\u0159\u00edklad z\u00e1kazu featured snippet\u016f\" class=\"wp-block-code\"><code lang=\"markup\" class=\"language-markup line-numbers\">&lt;html&gt;\n  &lt;head&gt;\n    &lt;meta name=\"seznambot\" content=\"nofeaturedsnippet\"&gt;\n    &lt;title&gt;Titulek str\u00e1nky&lt;\/title&gt;\n  &lt;\/head&gt;\n  &lt;body&gt;\n  &lt;\/body&gt;\n&lt;\/html&gt;<\/code><\/pre>\n\n\n\n<h3 class=\"wp-block-heading\">Jak\u00e9 m\u00e1 pou\u017eit\u00ed z\u00e1pisu n\u00e1sledky?<\/h3>\n\n\n\n<p>Z na\u0161\u00ed studie vypl\u00fdv\u00e1, \u017ee vytvo\u0159en\u00ed Featured snippetu z va\u0161\u00ed str\u00e1nky zvy\u0161uje jej\u00ed pr\u016fm\u011brnou proklikovost o cca. 7 %. Jejich zak\u00e1z\u00e1n\u00edm se proto p\u0159ipravujete o potenci\u00e1ln\u00ed prokliky na va\u0161\u00ed str\u00e1nku. Nav\u00edc d\u00edky nim m\u016f\u017eete vylep\u0161it svou pozici ve v\u00fdsledc\u00edch. O tuto mo\u017enost se vypnut\u00edm tak\u00e9 p\u0159ipravujete.<\/p>\n\n\n\n<h2 class=\"wp-block-heading\" id=\"sumarizace\">Z\u00e1kaz tvorby sumarizac\u00ed z va\u0161eho webu&nbsp;<\/h2>\n\n\n\n<p>Pokud chcete zak\u00e1zat tvorbu sumarizac\u00ed z va\u0161eho webu, sta\u010d\u00ed do k\u00f3du p\u0159idat hlavi\u010dku uvedenou v n\u00e1sleduj\u00edc\u00edm p\u0159\u00edkladu.\u00a0<\/p>\n\n\n\n<pre title=\"P\u0159\u00edklad z\u00e1kazu sumarizac\u00ed z webu\" class=\"wp-block-code\"><code lang=\"markup\" class=\"language-markup line-numbers\">&lt;html> \u00a0\n  &lt;head> \u00a0\n    &lt;meta name=\"seznambot\" content=\"nosnippet\"> \u00a0\n    &lt;title>Titulek str\u00e1nky&lt;\/title> \u00a0\n  &lt;\/head> \u00a0\n  &lt;body> \u00a0\n  &lt;\/body> \u00a0\n&lt;\/html><\/code><\/pre>\n\n\n\n<p>Upozor\u0148ujeme, \u017ee t\u00edmto z\u00e1rove\u0148 vypnete i tvorbu snippet\u016f z va\u0161eho webu. Znamen\u00e1 to, \u017ee se bude ve v\u00fdsledc\u00edch Vyhled\u00e1v\u00e1n\u00ed zobrazovat bez textov\u00e9ho \u00faryvku. V p\u0159\u00edpad\u011b nejasnost\u00ed n\u00e1s m\u016f\u017eete kontaktovat na vyhledavani@firma.seznam.cz.&nbsp;<\/p>\n","protected":false},"excerpt":{"rendered":"<p>Pokud chcete zak\u00e1zat tvorbu snippet\u016f glob\u00e1ln\u011b na cel\u00e9 str\u00e1nce, je t\u0159eba pou\u017e\u00edt meta hlavi\u010dku nosnippet. Ob\u011b varianty z\u00e1pisu v\u00fd\u0161e vedou ke glob\u00e1ln\u00edmu z\u00e1kazu tvorby snippet\u016f. Jak\u00e9 m\u00e1 pou\u017eit\u00ed z\u00e1pisu n\u00e1sledky? Ve v\u00fdsledc\u00edch vyhled\u00e1v\u00e1n\u00ed se pro va\u0161\u00ed str\u00e1nku bude zobrazovat pouze titulek a odkaz. Nebude se zobrazovat \u017e\u00e1dn\u00fd textov\u00fd \u00faryvek, n\u00e1hled ani strukturovan\u00e1 data (nap\u0159. u [&hellip;]<\/p>\n","protected":false},"author":22,"featured_media":0,"parent":54,"menu_order":0,"comment_status":"closed","ping_status":"closed","template":"page-sidemenu","meta":{"_acf_changed":false,"_relevanssi_hide_post":"","_relevanssi_hide_content":"","_relevanssi_pin_for_all":"","_relevanssi_pin_keywords":"","_relevanssi_unpin_keywords":"","_relevanssi_related_keywords":"","_relevanssi_related_include_ids":"","_relevanssi_related_exclude_ids":"","_relevanssi_related_no_append":"","_relevanssi_related_not_related":"","_relevanssi_related_posts":"","_relevanssi_noindex_reason":"","footnotes":""},"page_category":[14],"page_tag":[],"service_status_category":[],"class_list":["post-192","page","type-page","status-publish","hentry"],"acf":[],"lang":"cs","translations":{"cs":192},"pll_sync_post":[],"_links":{"self":[{"href":"https:\/\/o-seznam.cz\/napoveda\/vyhledavani\/wp-json\/wp\/v2\/pages\/192","targetHints":{"allow":["GET"]}}],"collection":[{"href":"https:\/\/o-seznam.cz\/napoveda\/vyhledavani\/wp-json\/wp\/v2\/pages"}],"about":[{"href":"https:\/\/o-seznam.cz\/napoveda\/vyhledavani\/wp-json\/wp\/v2\/types\/page"}],"author":[{"embeddable":true,"href":"https:\/\/o-seznam.cz\/napoveda\/vyhledavani\/wp-json\/wp\/v2\/users\/22"}],"replies":[{"embeddable":true,"href":"https:\/\/o-seznam.cz\/napoveda\/vyhledavani\/wp-json\/wp\/v2\/comments?post=192"}],"version-history":[{"count":43,"href":"https:\/\/o-seznam.cz\/napoveda\/vyhledavani\/wp-json\/wp\/v2\/pages\/192\/revisions"}],"predecessor-version":[{"id":1989,"href":"https:\/\/o-seznam.cz\/napoveda\/vyhledavani\/wp-json\/wp\/v2\/pages\/192\/revisions\/1989"}],"up":[{"embeddable":true,"href":"https:\/\/o-seznam.cz\/napoveda\/vyhledavani\/wp-json\/wp\/v2\/pages\/54"}],"wp:attachment":[{"href":"https:\/\/o-seznam.cz\/napoveda\/vyhledavani\/wp-json\/wp\/v2\/media?parent=192"}],"wp:term":[{"taxonomy":"page_category","embeddable":true,"href":"https:\/\/o-seznam.cz\/napoveda\/vyhledavani\/wp-json\/wp\/v2\/page_category?post=192"},{"taxonomy":"page_tag","embeddable":true,"href":"https:\/\/o-seznam.cz\/napoveda\/vyhledavani\/wp-json\/wp\/v2\/page_tag?post=192"},{"taxonomy":"service_status_category","embeddable":true,"href":"https:\/\/o-seznam.cz\/napoveda\/vyhledavani\/wp-json\/wp\/v2\/service_status_category?post=192"}],"curies":[{"name":"wp","href":"https:\/\/api.w.org\/{rel}","templated":true}]}}