{"id":189,"date":"2024-09-20T10:56:12","date_gmt":"2024-09-20T08:56:12","guid":{"rendered":"https:\/\/o-seznam.cz\/napoveda\/vyhledavani\/?page_id=189"},"modified":"2026-03-12T12:58:24","modified_gmt":"2026-03-12T11:58:24","slug":"vyhledavani-obrazku","status":"publish","type":"page","link":"https:\/\/o-seznam.cz\/napoveda\/vyhledavani\/vyhledavani-obrazku\/","title":{"rendered":"Vyhled\u00e1v\u00e1n\u00ed obr\u00e1zk\u016f"},"content":{"rendered":"\n<p class=\"is-style-link-external\">Slu\u017eba <a href=\"https:\/\/search.seznam.cz\/obrazky\">Seznam.cz Obr\u00e1zky<\/a> umo\u017e\u0148uje <b>vyhled\u00e1vat obr\u00e1zky<\/b> na Internetu. P\u0159in\u00e1\u0161\u00edme v\u00e1m ji nejen do klasick\u00fdch po\u010d\u00edta\u010d\u016f, ale tak\u00e9 pro tablety a chytr\u00e9 telefony.<\/p>\n\n\n\n<div class=\"wp-block-seznam-box is-layout-flow wp-block-seznam-box-is-layout-flow\">\n<h2 class=\"wp-block-heading\">Tip<\/h2>\n\n\n\n<p class=\"is-style-link-external\">M\u00e1te-li probl\u00e9m s fungov\u00e1n\u00edm slu\u017eby, nebo n\u011bkter\u00fd z nab\u00edzen\u00fdch obr\u00e1zk\u016f poru\u0161uje z\u00e1kony \u010cesk\u00e9 republiky, <a href=\"https:\/\/napoveda.seznam.cz\/cz\/services\/\">napi\u0161te n\u00e1m<\/a>.<\/p>\n<\/div>\n\n\n<nav class=\"menu-anchors\">\n<ul>\n\t<li><a href=\"#indexace-robot\">Indexace a robot<\/a><\/li>\n<li><a href=\"#razeni-vysledku\">\u0158azen\u00ed v\u00fdsledk\u016f vyhled\u00e1v\u00e1n\u00ed<\/a><\/li>\n<li><a href=\"#optimalizace\">Optimalizace<\/a><\/li>\n<li><a href=\"#strukturovana-data\">Obr\u00e1zky ze strukturovan\u00fdch dat<\/a><\/li>\n<li><a href=\"#vysledky\">Podoba v\u00fdsledk\u016f<\/a><\/li>\n<\/ul>\n\n<\/nav>\n\n\n\n<p>Chcete-li nalezen\u00fd obr\u00e1zek pou\u017e\u00edt v prezentaci \u010di na sv\u00fdch webov\u00fdch str\u00e1nk\u00e1ch, blogu, atd., <b>dejte si pozor:<\/b> na obr\u00e1zky se mohou vztahovat <b>autorsk\u00e1 pr\u00e1va<\/b>. Pokud informace o autorsk\u00fdch pr\u00e1vech nen\u00ed na hostuj\u00edc\u00edch webov\u00fdch str\u00e1nk\u00e1ch k&nbsp;dohled\u00e1n\u00ed, a p\u0159esto chcete obr\u00e1zky pou\u017e\u00edt, doporu\u010dujeme v\u00e1m <b>v\u017edy kontaktovat majitele t\u011bchto webov\u00fdch str\u00e1nek<\/b>.<\/p>\n\n\n\n<figure class=\"wp-block-image aligncenter size-full\"><img loading=\"lazy\" decoding=\"async\" width=\"675\" height=\"235\" src=\"https:\/\/o-seznam.cz\/napoveda\/vyhledavani\/wp-content\/uploads\/sites\/13\/2024\/10\/obrazkyhp.png\" alt=\"\" class=\"wp-image-923\" srcset=\"https:\/\/o-seznam.cz\/napoveda\/vyhledavani\/wp-content\/uploads\/sites\/13\/2024\/10\/obrazkyhp.png 675w, https:\/\/o-seznam.cz\/napoveda\/vyhledavani\/wp-content\/uploads\/sites\/13\/2024\/10\/obrazkyhp-320x111.png 320w\" sizes=\"auto, (max-width: 675px) 100vw, 675px\" \/><figcaption class=\"wp-element-caption\">Podoba hlavn\u00ed str\u00e1nka Seznam.cz Obr\u00e1zky<\/figcaption><\/figure>\n\n\n\n<h2 class=\"wp-block-heading is-style-h2\" id=\"indexace-robot\">Indexace a robot<\/h2>\n\n\n\n<p>Obr\u00e1zkov\u00fd robot Seznamu se identifikuje stejn\u011b jako vyhled\u00e1vac\u00ed <a href=\"..\/seznambot\/\" data-type=\"page\" data-id=\"54\">robot<\/a>, tedy&nbsp;touto HTTP hlavi\u010dkou:<\/p>\n\n\n\n<pre title=\"&amp;nbsp;\" class=\"wp-block-code\"><code lang=\"adoc\" class=\"language-adoc\">Mozilla\/5.0 (compatible; SeznamBot\/4.0; +https:\/\/o-seznam.cz\/napoveda\/vyhledavani\/en\/seznambot-crawler\/)<\/code><\/pre>\n\n\n\n<p>V\u0161echny webov\u00e9 str\u00e1nky, o kter\u00fdch m\u00e1 n\u011bjak\u00e9 informace, proch\u00e1z\u00ed podle ur\u010dit\u00e9ho algoritmu. P\u0159itom po\u0159izuje zmen\u0161en\u00e9 n\u00e1hledy obr\u00e1zk\u016f a zji\u0161\u0165uje jejich z\u00e1kladn\u00ed vlastnosti pro indexaci. Proto\u017ee je ale objem dat na internetu velik\u00fd a obr\u00e1zk\u016f hodn\u011b, indexuje n\u011bkter\u00e9 obr\u00e1zky se zpo\u017ed\u011bn\u00edm a n\u011bkter\u00e9 nemus\u00ed zaindexovat v\u016fbec.<\/p>\n\n\n\n<p>Pot\u0159ebujete-li zak\u00e1zat nebo naopak povolit obr\u00e1zkov\u00e9mu robotu nav\u0161t\u00edvit n\u011bkter\u00e9 sv\u00e9 str\u00e1nky, m\u016f\u017eete tak u\u010dinit pomoc\u00ed souboru <a href=\"..\/seznambot\/robots-txt\/\" data-type=\"page\" data-id=\"73\">robots.txt<\/a>.<\/p>\n\n\n\n<p>Ov\u011b\u0159it, kter\u00e9 obr\u00e1zky z dom\u00e9ny jsou ji\u017e zaindexovan\u00e9, lze pomoc\u00ed oper\u00e1toru <em><a href=\"..\/prubeh-vyhledavani\/pokrocile-vyhledavani\/#site\" data-type=\"page\" data-id=\"339\">site:<\/a><\/em>.<\/p>\n\n\n\n<h2 class=\"wp-block-heading is-style-h2\" id=\"razeni-vysledku\">\u0158azen\u00ed v\u00fdsledk\u016f vyhled\u00e1v\u00e1n\u00ed<\/h2>\n\n\n\n<p>Algoritmus \u0159azen\u00ed v\u00fdsledk\u016f podl\u00e9h\u00e1 \u010dast\u00fdm zm\u011bn\u00e1m a skl\u00e1d\u00e1 se z n\u011bkolika des\u00edtek sign\u00e1l\u016f, pravidel a mno\u017ein. Jde o slo\u017eit\u00fd automatizovan\u00fd proces, do kter\u00e9ho nelze v jednotliv\u00fdch p\u0159\u00edpadech manu\u00e1ln\u011b zasahovat.<\/p>\n\n\n\n<h2 class=\"wp-block-heading is-style-h2\" id=\"optimalizace\">Optimalizace<\/h2>\n\n\n\n<p>Pro bezprobl\u00e9movou indexaci obr\u00e1zk\u016f doporu\u010dujeme dodr\u017eovat n\u00e1sleduj\u00edc\u00ed pravidla:<\/p>\n\n\n\n<ul class=\"wp-block-list\">\n<li>na nov\u00e9 str\u00e1nky s obr\u00e1zky mus\u00ed v\u00e9st alespo\u0148 jeden odkaz um\u00edst\u011bn\u00fd na ji\u017e zaindexovan\u00fdch str\u00e1nk\u00e1ch.<\/li>\n\n\n\n<li>obr\u00e1zkov\u00e9 soubory pojmenov\u00e1vejte informativn\u011b a dejte jim hezkou \u010ditelnou adresu, nap\u0159. <code>www.super.cz\/karel-iv-navstivil-prahu.jpg<\/code>.<\/li>\n\n\n\n<li>obr\u00e1zky vkl\u00e1dejte do textu, kter\u00fd s obr\u00e1zkem souvis\u00ed.<\/li>\n\n\n\n<li>na obr\u00e1zky odkazujte z textu, kter\u00fd s obr\u00e1zkem souvis\u00ed.<\/li>\n\n\n\n<li>do ka\u017ed\u00e9ho img elementu vkl\u00e1dejte tak\u00e9 atribut <code>alt=\"...\"<\/code> s textov\u00fdm popisem obr\u00e1zku.<\/li>\n\n\n\n<li>dodr\u017eujte <a href=\"..\/optimalizace\/optimalizacni-minimum\/\" data-type=\"page\" data-id=\"238\">z\u00e1kladn\u00ed pravidla optimalizace<\/a>.<\/li>\n<\/ul>\n\n\n\n<p>Bohu\u017eel nem\u016f\u017eeme zaru\u010dit, \u017ee n\u00e1\u0161 robot bude indexovat v\u0161echny obr\u00e1zky. Pokud va\u0161e obr\u00e1zky nejsou indexov\u00e1ny, je pot\u0159eba l\u00e9pe optimalizovat obr\u00e1zky i webov\u00e9 str\u00e1nky, na kter\u00fdch se nach\u00e1z\u00ed. Manu\u00e1ln\u00ed z\u00e1sahy do pr\u00e1ce robota neprov\u00e1d\u00edme.<\/p>\n\n\n\n<div class=\"wp-block-seznam-box is-layout-flow wp-block-seznam-box-is-layout-flow\">\n<h2 class=\"wp-block-heading\">Podporovan\u00e9 form\u00e1ty<\/h2>\n\n\n\n<p>Aktu\u00e1ln\u011b podporujeme tyto form\u00e1ty obr\u00e1zk\u016f: <em>jpeg<\/em>, <em>png<\/em>, <em>webp<\/em>, <em>gif<\/em>, <em>heif (heic)<\/em>, <em>avif<\/em>, <em>bmp<\/em>, <em>ico<\/em>, <em>tiff<\/em> a <em>svg<\/em>.<\/p>\n<\/div>\n\n\n\n<h2 class=\"wp-block-heading is-style-h2\" id=\"strukturovana-data\"><strong>Obr\u00e1zky ze strukturovan\u00fdch dat<\/strong><\/h2>\n\n\n\n<p>V \u010d\u00e1sti n\u00e1pov\u011bdy v\u011bnovan\u00e9 <a href=\"https:\/\/o-seznam.cz\/napoveda\/vyhledavani\/strukturovana-data\/\" data-type=\"page\" data-id=\"287\">strukturovan\u00fdm dat\u016fm<\/a> si m\u016f\u017eete ov\u011b\u0159it, jak\u00e9 typy strukturovan\u00fdch dat robot aktu\u00e1ln\u011b zpracov\u00e1v\u00e1. Pro v\u011bt\u0161inu uveden\u00fdch typ\u016f se sna\u017e\u00ed z\u00edskat odkazy za \u00fa\u010delem vytvo\u0159en\u00ed n\u00e1hledov\u00e9ho obr\u00e1zku. Pr\u00e1v\u011b takov\u00e9 odkazy se z\u00e1rove\u0148 pou\u017eij\u00ed jako zdroj obr\u00e1zk\u016f pro vyhled\u00e1v\u00e1n\u00ed v obr\u00e1zc\u00edch. Klikem na tla\u010d\u00edtko <strong>P\u0159ej\u00edt na web<\/strong> pod obr\u00e1zkem se pak u\u017eivatel dostane na p\u016fvodn\u00ed dokument, v jeho\u017e strukturovan\u00fdch datech byl odkaz na obr\u00e1zek nalezen.<\/p>\n\n\n\n<figure class=\"wp-block-image aligncenter size-full\"><img loading=\"lazy\" decoding=\"async\" width=\"456\" height=\"452\" src=\"https:\/\/o-seznam.cz\/napoveda\/vyhledavani\/wp-content\/uploads\/sites\/13\/2024\/11\/obrazky-prejit-na-web.png\" alt=\"\" class=\"wp-image-1847\" srcset=\"https:\/\/o-seznam.cz\/napoveda\/vyhledavani\/wp-content\/uploads\/sites\/13\/2024\/11\/obrazky-prejit-na-web.png 456w, https:\/\/o-seznam.cz\/napoveda\/vyhledavani\/wp-content\/uploads\/sites\/13\/2024\/11\/obrazky-prejit-na-web-320x317.png 320w\" sizes=\"auto, (max-width: 456px) 100vw, 456px\" \/><figcaption class=\"wp-element-caption\">Podoba tla\u010d\u00edtka <em>P\u0159ej\u00edt na web<\/em><\/figcaption><\/figure>\n\n\n\n<p>Odkazy nalezen\u00e9 ve strukturovan\u00fdch datech maj\u00ed obecn\u011b vy\u0161\u0161\u00ed v\u00e1hu ne\u017e obr\u00e1zkov\u00e9 odkazy nalezen\u00e9 n\u00e1hodn\u011b v obsahu dokumentu. Pro dosa\u017een\u00ed nejlep\u0161\u00edch v\u00fdsledk\u016f plat\u00ed:<\/p>\n\n\n\n<ul class=\"wp-block-list\">\n<li>Pou\u017eijte data typu <a class=\"is-style-link-external\" href=\"https:\/\/schema.org\/ImageObject\">ImageObject<\/a> s dodate\u010dn\u00fdmi polo\u017ekami <a class=\"is-style-link-external\" href=\"https:\/\/schema.org\/description\">description<\/a> \u010di <a class=\"is-style-link-external\" href=\"https:\/\/schema.org\/caption\">caption<\/a>, <a class=\"is-style-link-external\" href=\"https:\/\/schema.org\/width\">width<\/a> a <a class=\"is-style-link-external\" href=\"https:\/\/schema.org\/height\">height<\/a> popisuj\u00edc\u00edmi obsah a rozm\u011bry obr\u00e1zku, p\u0159\u00edpadn\u011b jejich <a class=\"is-style-link-external\" href=\"https:\/\/ogp.me\/#structured\">OG alternativy<\/a>.<\/li>\n\n\n\n<li>Pou\u017eijte obr\u00e1zky reprezentativn\u00ed k obsahu str\u00e1nky, nikoli loga, emotikony apod.<\/li>\n\n\n\n<li>Zejm\u00e9na u produkt\u016f by m\u011bly b\u00fdt pou\u017eity <a href=\"https:\/\/o-seznam.cz\/napoveda\/vyhledavani\/strukturovana-data\/produktove-snippety\/\" data-type=\"page\" data-id=\"297\">vhodn\u00e9 obr\u00e1zky<\/a>.<\/li>\n\n\n\n<li>Pou\u017eijte typ strukturovan\u00fdch dat odpov\u00eddaj\u00edc\u00ed obsahu str\u00e1nky pro p\u0159esn\u011bj\u0161\u00ed za\u0159azen\u00ed dokumentu a vykreslen\u00ed v\u00fdsledk\u016f. Nap\u0159. dokument v e-shopu nab\u00edzej\u00edc\u00ed k prodeji mobiln\u00ed telefon (<a class=\"is-style-link-external\" href=\"https:\/\/schema.org\/Product\">Product<\/a>) vs. recenze dan\u00e9ho za\u0159\u00edzen\u00ed (<a class=\"is-style-link-external\" href=\"https:\/\/schema.org\/Review\">Review<\/a>).<\/li>\n<\/ul>\n\n\n\n<p>Krom\u011b obr\u00e1zk\u016f samotn\u00fdch mohou b\u00fdt pou\u017eity i vybran\u00e9 polo\u017eky strukturovan\u00fdch dat k dopln\u011bn\u00ed n\u00e1hled\u016f ve v\u00fdsledc\u00edch, proto je dobr\u00e9 m\u00edt strukturovan\u00e1 data pokud mo\u017eno vypln\u011bn\u00e1 pro spr\u00e1vn\u00fd typ s kompletn\u00edmi polo\u017ekami.<\/p>\n\n\n\n<h2 class=\"wp-block-heading is-style-h2\" id=\"vysledky\">Podoba v\u00fdsledk\u016f<\/h2>\n\n\n\n<figure class=\"wp-block-image aligncenter size-full\"><img loading=\"lazy\" decoding=\"async\" width=\"828\" height=\"333\" src=\"https:\/\/o-seznam.cz\/napoveda\/vyhledavani\/wp-content\/uploads\/sites\/13\/2024\/10\/obrazky-vysledky.png\" alt=\"\" class=\"wp-image-936\" srcset=\"https:\/\/o-seznam.cz\/napoveda\/vyhledavani\/wp-content\/uploads\/sites\/13\/2024\/10\/obrazky-vysledky.png 828w, https:\/\/o-seznam.cz\/napoveda\/vyhledavani\/wp-content\/uploads\/sites\/13\/2024\/10\/obrazky-vysledky-320x129.png 320w, https:\/\/o-seznam.cz\/napoveda\/vyhledavani\/wp-content\/uploads\/sites\/13\/2024\/10\/obrazky-vysledky-768x309.png 768w\" sizes=\"auto, (max-width: 828px) 100vw, 828px\" \/><figcaption class=\"wp-element-caption\">Podoba v\u00fdsledk\u016f vyhled\u00e1v\u00e1n\u00ed obr\u00e1zk\u016f<\/figcaption><\/figure>\n\n\n\n<p>V\u00fdsledky vyhled\u00e1v\u00e1n\u00ed obr\u00e1zk\u016f m\u016f\u017eete filtrovat podle <strong>velikosti<\/strong> (<em>v\u0161echny<\/em>, <em>velk\u00e9<\/em> a <em>mal\u00e9<\/em>), <strong>barevnosti <\/strong>(<em>barevn\u00e9<\/em> a <em>\u010dernob\u00edl\u00e9<\/em>), nebo si vyfiltrovat obr\u00e1zky <strong>pouze z e-shop\u016f<\/strong>. Pokud hled\u00e1te obsah se sexu\u00e1ln\u00ed tematikou, zobraz\u00ed se v\u00e1m nav\u00edc filtr <strong>Skr\u00fdt hanbat\u00e9<\/strong>. Chcete-li si ukr\u00e1tit dlouhou chv\u00edli, m\u016f\u017eete po zahled\u00e1n\u00ed libovoln\u00e9ho obr\u00e1zku kliknout na tla\u010d\u00edtko <b>Pexeso<\/b> a na chv\u00edli se rozpt\u00fdlit. Pokud si vybran\u00fd obr\u00e1zek rozklinete, m\u016f\u017eete jedn\u00edm klikem p\u0159ej\u00edt na web, na n\u011bm\u017e je obr\u00e1zek publikov\u00e1n, nebo na obr\u00e1zek samotn\u00fd. Z\u00e1rove\u0148 v\u00e1m pod n\u00edm nab\u00eddneme <strong>podobn\u00e9 obr\u00e1zky<\/strong>.<\/p>\n\n\n\n<p>V r\u00e1mci obr\u00e1zkov\u00e9ho hled\u00e1n\u00ed um\u00edme zjistit datum publikace obr\u00e1zku, p\u0159edev\u0161\u00edm u zpravodajsk\u00fd web\u016f. Aktu\u00e1ln\u00ed obr\u00e1zky jsou ozna\u010deny \u0161t\u00edtkem s \u010dasem, kter\u00fd uv\u00e1d\u00ed, kdy byl \u010dl\u00e1nek s obr\u00e1zkem publikov\u00e1n. Chled\u00e1te-li v r\u00e1mci obr\u00e1zkov\u00e9ho vyhled\u00e1v\u00e1n\u00ed <strong>recept<\/strong>, zobraz\u00ed se u obr\u00e1zku, kter\u00fd je sou\u010d\u00e1st\u00ed str\u00e1nky s receptem, p\u0159\u00edslu\u0161n\u00e1 ikonka.<\/p>\n\n\n\n<div class=\"wp-block-columns is-layout-flex wp-container-core-columns-is-layout-28f84493 wp-block-columns-is-layout-flex\">\n<div class=\"wp-block-column is-vertically-aligned-center is-layout-flow wp-block-column-is-layout-flow\" style=\"flex-basis:100%\">\n<div class=\"wp-block-columns is-layout-flex wp-container-core-columns-is-layout-28f84493 wp-block-columns-is-layout-flex\">\n<div class=\"wp-block-column is-vertically-aligned-center is-layout-flow wp-block-column-is-layout-flow\">\n<figure class=\"wp-block-image aligncenter size-full\"><img loading=\"lazy\" decoding=\"async\" width=\"569\" height=\"891\" src=\"https:\/\/o-seznam.cz\/napoveda\/vyhledavani\/wp-content\/uploads\/sites\/13\/2024\/10\/podobne-obrazky.png\" alt=\"\" class=\"wp-image-937\" srcset=\"https:\/\/o-seznam.cz\/napoveda\/vyhledavani\/wp-content\/uploads\/sites\/13\/2024\/10\/podobne-obrazky.png 569w, https:\/\/o-seznam.cz\/napoveda\/vyhledavani\/wp-content\/uploads\/sites\/13\/2024\/10\/podobne-obrazky-204x320.png 204w\" sizes=\"auto, (max-width: 569px) 100vw, 569px\" \/><figcaption class=\"wp-element-caption\">Detail rozkliknut\u00e9ho obr\u00e1zku s n\u00e1hledem na podobn\u00e9 obr\u00e1zky<\/figcaption><\/figure>\n<\/div>\n\n\n\n<div class=\"wp-block-column is-layout-flow wp-block-column-is-layout-flow\">\n<figure class=\"wp-block-image aligncenter size-full\"><img loading=\"lazy\" decoding=\"async\" width=\"564\" height=\"908\" src=\"https:\/\/o-seznam.cz\/napoveda\/vyhledavani\/wp-content\/uploads\/sites\/13\/2024\/10\/podobne-obrazky-recept.png\" alt=\"\" class=\"wp-image-940\" srcset=\"https:\/\/o-seznam.cz\/napoveda\/vyhledavani\/wp-content\/uploads\/sites\/13\/2024\/10\/podobne-obrazky-recept.png 564w, https:\/\/o-seznam.cz\/napoveda\/vyhledavani\/wp-content\/uploads\/sites\/13\/2024\/10\/podobne-obrazky-recept-199x320.png 199w\" sizes=\"auto, (max-width: 564px) 100vw, 564px\" \/><figcaption class=\"wp-element-caption\">Detail rozkliknut\u00e9ho obr\u00e1zku s ikonkou receptu<\/figcaption><\/figure>\n<\/div>\n<\/div>\n<\/div>\n<\/div>\n","protected":false},"excerpt":{"rendered":"<p>Slu\u017eba Seznam.cz Obr\u00e1zky umo\u017e\u0148uje vyhled\u00e1vat obr\u00e1zky na Internetu. P\u0159in\u00e1\u0161\u00edme v\u00e1m ji nejen do klasick\u00fdch po\u010d\u00edta\u010d\u016f, ale tak\u00e9 pro tablety a chytr\u00e9 telefony. Chcete-li nalezen\u00fd obr\u00e1zek pou\u017e\u00edt v prezentaci \u010di na sv\u00fdch webov\u00fdch str\u00e1nk\u00e1ch, blogu, atd., dejte si pozor: na obr\u00e1zky se mohou vztahovat autorsk\u00e1 pr\u00e1va. Pokud informace o autorsk\u00fdch pr\u00e1vech nen\u00ed na hostuj\u00edc\u00edch webov\u00fdch str\u00e1nk\u00e1ch [&hellip;]<\/p>\n","protected":false},"author":22,"featured_media":0,"parent":0,"menu_order":7,"comment_status":"closed","ping_status":"closed","template":"page-sidemenu","meta":{"_acf_changed":false,"_relevanssi_hide_post":"","_relevanssi_hide_content":"","_relevanssi_pin_for_all":"","_relevanssi_pin_keywords":"","_relevanssi_unpin_keywords":"","_relevanssi_related_keywords":"","_relevanssi_related_include_ids":"","_relevanssi_related_exclude_ids":"","_relevanssi_related_no_append":"","_relevanssi_related_not_related":"","_relevanssi_related_posts":"","_relevanssi_noindex_reason":"","footnotes":""},"page_category":[14],"page_tag":[],"service_status_category":[],"class_list":["post-189","page","type-page","status-publish","hentry"],"acf":[],"lang":"cs","translations":{"cs":189},"pll_sync_post":[],"_links":{"self":[{"href":"https:\/\/o-seznam.cz\/napoveda\/vyhledavani\/wp-json\/wp\/v2\/pages\/189","targetHints":{"allow":["GET"]}}],"collection":[{"href":"https:\/\/o-seznam.cz\/napoveda\/vyhledavani\/wp-json\/wp\/v2\/pages"}],"about":[{"href":"https:\/\/o-seznam.cz\/napoveda\/vyhledavani\/wp-json\/wp\/v2\/types\/page"}],"author":[{"embeddable":true,"href":"https:\/\/o-seznam.cz\/napoveda\/vyhledavani\/wp-json\/wp\/v2\/users\/22"}],"replies":[{"embeddable":true,"href":"https:\/\/o-seznam.cz\/napoveda\/vyhledavani\/wp-json\/wp\/v2\/comments?post=189"}],"version-history":[{"count":33,"href":"https:\/\/o-seznam.cz\/napoveda\/vyhledavani\/wp-json\/wp\/v2\/pages\/189\/revisions"}],"predecessor-version":[{"id":2154,"href":"https:\/\/o-seznam.cz\/napoveda\/vyhledavani\/wp-json\/wp\/v2\/pages\/189\/revisions\/2154"}],"wp:attachment":[{"href":"https:\/\/o-seznam.cz\/napoveda\/vyhledavani\/wp-json\/wp\/v2\/media?parent=189"}],"wp:term":[{"taxonomy":"page_category","embeddable":true,"href":"https:\/\/o-seznam.cz\/napoveda\/vyhledavani\/wp-json\/wp\/v2\/page_category?post=189"},{"taxonomy":"page_tag","embeddable":true,"href":"https:\/\/o-seznam.cz\/napoveda\/vyhledavani\/wp-json\/wp\/v2\/page_tag?post=189"},{"taxonomy":"service_status_category","embeddable":true,"href":"https:\/\/o-seznam.cz\/napoveda\/vyhledavani\/wp-json\/wp\/v2\/service_status_category?post=189"}],"curies":[{"name":"wp","href":"https:\/\/api.w.org\/{rel}","templated":true}]}}