{"id":176,"date":"2024-09-19T15:44:30","date_gmt":"2024-09-19T13:44:30","guid":{"rendered":"https:\/\/o-seznam.cz\/napoveda\/vyhledavani\/?page_id=176"},"modified":"2025-02-10T18:20:50","modified_gmt":"2025-02-10T17:20:50","slug":"protokol-indexnow","status":"publish","type":"page","link":"https:\/\/o-seznam.cz\/napoveda\/vyhledavani\/seznambot\/protokol-indexnow\/","title":{"rendered":"Protokol IndexNow"},"content":{"rendered":"\n<p class=\"is-style-link-external\"><strong>IndexNow<\/strong> je snadn\u00fd zp\u016fsob, jak mohou vlastn\u00edci webov\u00fdch str\u00e1nek okam\u017eit\u011b informovat vyhled\u00e1va\u010de o nejnov\u011bj\u0161\u00edch zm\u011bn\u00e1ch obsahu na jejich webov\u00e9 str\u00e1nce. V\u00edce informac\u00ed najdete na str\u00e1nce <a href=\"https:\/\/www.indexnow.org\/cs_cz\/index\">Indexnow.org<\/a>.<\/p>\n\n\n\n<p class=\"is-style-link-external\">Pro hromadn\u00e9 informov\u00e1n\u00ed vyhled\u00e1va\u010de o nov\u00fdch nebo zm\u011bn\u011bn\u00fdch URL u\u017e Seznam provozuje funkci <em>p\u0159idat URL do hled\u00e1n\u00ed<\/em> v r\u00e1mci n\u00e1stroje <a href=\"https:\/\/reporter.seznam.cz\/wm\/\">Seznam Webmaster<\/a>. Zat\u00edmco Seznam Webmaster poskytuje limitovan\u00e9 API, kter\u00e9 zaru\u010duje p\u0159idat do indexu a\u017e 500 URL denn\u011b se zpo\u017ed\u011bn\u00edm v \u0159\u00e1du minut, IndexNow API nen\u00ed po\u010dtem URL limitovan\u00e9. Zasl\u00e1n\u00ed URL adresy do IndexNow je br\u00e1no pouze jako informace, se kterou algoritmy vyhled\u00e1va\u010de d\u00e1le pracuj\u00ed. Nen\u00ed tedy zaru\u010den\u00e9, \u017ee dojde ke sta\u017een\u00ed URL robotem a k indexaci. URL u kter\u00fdch algoritmy vyhled\u00e1va\u010de rozhodnou o indexaci se do v\u00fdsledk\u016f dostanou do t\u00fddne. Nez\u00e1visle na rozhodnut\u00ed o sta\u017een\u00ed nebo indexaci URL jsou ostatn\u00ed zapojen\u00e9 vyhled\u00e1va\u010de informov\u00e1ny hned po ov\u011b\u0159en\u00ed kl\u00ed\u010de, kter\u00fd ve vol\u00e1n\u00ed API s URL p\u0159i\u0161el.<\/p>\n\n\n\n<p>Aby se web zapojil do protokolu IndexNow u Seznamu, sta\u010d\u00ed um\u00edstit <a href=\"#klic\" data-type=\"internal\" data-id=\"#klic\">IndexNow kl\u00ed\u010d<\/a> na web a za\u010d\u00edt zas\u00edlat zm\u011bn\u011bn\u00e9 URL bu\u010f <a href=\"#get\" data-type=\"internal\" data-id=\"#get\">jednotliv\u011b GET po\u017eadavkem<\/a>, nebo <a href=\"#post\" data-type=\"internal\" data-id=\"#post\">hromadn\u011b POST po\u017eadavkem<\/a>. V p\u0159\u00edpad\u011b nejasnost\u00ed si pros\u00edm p\u0159e\u010dt\u011bte&nbsp;<a href=\"#faq\" data-type=\"internal\" data-id=\"#faq\">odpov\u011bdi na nej\u010dast\u011bj\u0161\u00ed ot\u00e1zky k IndexNow<\/a>.<\/p>\n\n\n\n<h2 class=\"wp-block-heading\" id=\"klic\">IndexNow kl\u00ed\u010d<\/h2>\n\n\n\n<p>Chcete-li odes\u00edlat adresy URL, pot\u0159ebujeme si ov\u011b\u0159it, \u017ee jste vlastn\u00edkem webu, pro kter\u00fd odes\u00edl\u00e1te data. Pro ov\u011b\u0159en\u00ed se pou\u017eije speci\u00e1ln\u00ed kl\u00ed\u010d. Ten je pot\u0159eba vygenerovat a um\u00edstit soubor, kter\u00fd jej obsahuje, na sv\u016fj web. Seznam.cz st\u00e1hne a zkontroluje kl\u00ed\u010d p\u0159i spr\u00e1vn\u00e9m po\u017eadavku na API. Validovan\u00fd kl\u00ed\u010d se n\u00e1sledn\u011b dr\u017e\u00ed v cache a nestahuje se s \u00fapln\u011b ka\u017ed\u00fdm dotazem. Nejv\u00fd\u0161e po 24 hodin\u00e1ch se znovu zkontroluje. Vygenerovat kl\u00ed\u010d si m\u016f\u017eete snadno sami. Sta\u010d\u00ed pouze dodr\u017eet n\u011bkolik podm\u00ednek.<\/p>\n\n\n\n<h2 class=\"wp-block-heading\">Po\u017eadavky na kl\u00ed\u010d<\/h2>\n\n\n\n<ul class=\"wp-block-list\">\n<li>Podporov\u00e1no je pouze k\u00f3dov\u00e1n\u00ed UTF-8.<\/li>\n\n\n\n<li>Minim\u00e1ln\u00ed po\u010det znak\u016f v kl\u00ed\u010di je 8, maxim\u00e1ln\u00ed je 128.<\/li>\n\n\n\n<li>Kl\u00ed\u010d m\u016f\u017ee obsahovat znaky a-z, A-Z, 0-9, -.<\/li>\n\n\n\n<li>Pou\u017eijte soubor TXT nebo jin\u00fd form\u00e1t s textov\u00fdmi daty.<\/li>\n\n\n\n<li>Soubor nesm\u00ed obsahovat zna\u010dky HTML nebo data nav\u00edc jako nap\u0159\u00edklad&nbsp;<a class=\"is-style-link-external\" href=\"https:\/\/cs.wikipedia.org\/wiki\/Byte_order_mark\" rel=\"noopener noreferrer\" target=\"_blank\">BOM<\/a>.<\/li>\n<\/ul>\n\n\n\n<h2 class=\"wp-block-heading\">Um\u00edst\u011bn\u00ed kl\u00ed\u010de<\/h2>\n\n\n\n<p>Kl\u00ed\u010d m\u016f\u017ee b\u00fdt um\u00edst\u011bn v root webserveru nebo ve slo\u017ece.<\/p>\n\n\n\n<ol class=\"wp-block-list\">\n<li><strong>Root adres\u00e1\u0159<\/strong> (doporu\u010den\u00e1 mo\u017enost). V tomto p\u0159\u00edpad\u011b mus\u00ed m\u00edt soubor&nbsp;s kl\u00ed\u010dem n\u00e1zev kl\u00ed\u010d+&#8220;.txt&#8220;. Nap\u0159\u00edklad pro kl\u00ed\u010d&nbsp;&#8222;<tt>myIndexNowKey63638<\/tt>&#8220; bude n\u00e1zev a um\u00edst\u011bn\u00ed souboru vypadat takto:&nbsp;<code>https:\/\/www.example.com\/myIndexNowKey63638.txt<\/code><\/li>\n\n\n\n<li><strong>Ve slo\u017ece va\u0161eho webu<\/strong>. V p\u0159\u00edpad\u011b t\u00e9to mo\u017enosti mus\u00edte v ka\u017ed\u00e9m po\u017eadavku API odeslat um\u00edst\u011bn\u00ed souboru v prom\u011bnn\u00e9&nbsp;<em>keyLocation<\/em>. Po\u017eadavek s kl\u00ed\u010dem m\u016f\u017ee obsahovat pouze str\u00e1nky um\u00edst\u011bn\u00e9 ve stejn\u00e9m adres\u00e1\u0159i a podadres\u00e1\u0159i jako kl\u00ed\u010d. Soubor kl\u00ed\u010de um\u00edst\u011bn\u00fd nap\u0159\u00edklad na URL <code>https:\/\/example.com\/catalog\/key12457EDd.txt<\/code>&nbsp;lze pou\u017e\u00edt pro odesl\u00e1n\u00ed&nbsp;URL za\u010d\u00ednaj\u00edc\u00edch&nbsp;<code>https:\/\/example.com\/catalog\/<\/code>, ale nelze s n\u00edm odes\u00edlat adresy URL za\u010d\u00ednaj\u00edc\u00ed&nbsp;<code>https:\/\/example.com\/help\/<\/code>.<\/li>\n<\/ol>\n\n\n\n<h2 class=\"wp-block-heading\" id=\"get\">Odesl\u00e1n\u00ed jedn\u00e9 str\u00e1nky<\/h2>\n\n\n\n<p>Chcete-li odeslat jednu URL adresu pomoc\u00ed po\u017eadavku HTTP, zadejte sv\u016fj po\u017eadavek na n\u00e1sleduj\u00edc\u00ed adresu URL:<\/p>\n\n\n\n<pre title=\"&amp;nbsp;\" class=\"wp-block-code\"><code lang=\"adoc\" class=\"language-adoc\">https:\/\/search.seznam.cz\/indexnow?url=url&amp;amp;key=klic<\/code><\/pre>\n\n\n\n<pre title=\"Form\u00e1t po\u017eadavku\" class=\"wp-block-code\"><code lang=\"adoc\" class=\"language-adoc line-numbers\">GET https:\/\/search.seznam.cz\/indexnow\n ? url=&lt;String&gt;\n &amp; key=&lt;String&gt;\n &amp; [keyLocation=&lt;String&gt;]<\/code><\/pre>\n\n\n\n<p>Kde:<\/p>\n\n\n\n<ul class=\"wp-block-list\">\n<li><b>url<\/b> je adresa URL va\u0161eho webu, kter\u00e1 byla p\u0159id\u00e1na, aktualizov\u00e1na nebo odstran\u011bna. Adresa URL mus\u00ed b\u00fdt URL-escaped a zak\u00f3dov\u00e1na. D\u00e1le se ujist\u011bte, \u017ee va\u0161e adresy URL odpov\u00eddaj\u00ed standardu RFC-3986 pro identifik\u00e1tory URI.<\/li>\n\n\n\n<li><b>keyLocation<\/b> je URL ulo\u017een\u00ed va\u0161eho kl\u00ed\u010de.<\/li>\n<\/ul>\n\n\n\n<pre title=\"Form\u00e1t odpov\u011bdi\" class=\"wp-block-code\"><code lang=\"adoc\" class=\"language-adoc line-numbers\">HTTP\/1.1 200 Ok\nContent-Type: text\/plain; charset=utf-8<\/code><\/pre>\n\n\n\n<h2 class=\"wp-block-heading\">Tabulka ostatn\u00edch n\u00e1vratov\u00fdch k\u00f3du (API vrac\u00ed text v angli\u010dtin\u011b):<\/h2>\n\n\n\n<figure class=\"wp-block-table\"><table><thead><tr><th>K\u00f3d<\/th><th>D\u016fvod<\/th><th>Popis<\/th><\/tr><\/thead><tbody><tr><td>403<\/td><td>\u0160patn\u00fd kl\u00ed\u010d<\/td><td>Kl\u00ed\u010d se nepoda\u0159ilo na\u010d\u00edst nebo neodpov\u00edd\u00e1 adres\u00e1m URL uveden\u00fdm v po\u017eadavku.<\/td><\/tr><tr><td>405<\/td><td>Metoda nen\u00ed povolena<\/td><td>Jsou podporov\u00e1ny metody GET a POST.<\/td><\/tr><tr><td>422<\/td><td>Nevalidn\u00ed parametr url<\/td><td>Po\u017eadavek obsahuje neplatnou adresu URL, nebo p\u0159edan\u00fd kl\u00ed\u010d nen\u00ed vhodn\u00fd pro jeho zpracov\u00e1n\u00ed.<\/td><\/tr><tr><td>422<\/td><td>Nevalidn\u00ed parametr key location<\/td><td>Parametr keyLocation je zad\u00e1n nespr\u00e1vn\u011b.<\/td><\/tr><tr><td>422<\/td><td>Kl\u00ed\u010d mus\u00ed m\u00edt alespo\u0148 8 znak\u016f<\/td><td>Kl\u00ed\u010d mus\u00ed m\u00edt alespo\u0148 8 znak\u016f.<\/td><\/tr><tr><td>422<\/td><td>Kl\u00ed\u010d obsahuje v\u00edce ne\u017e 128 znak\u016f<\/td><td>Kl\u00ed\u010d obsahuje v\u00edce ne\u017e 128 znak\u016f.<\/td><\/tr><tr><td>422<\/td><td>Kl\u00ed\u010d se mus\u00ed skl\u00e1dat poze ze znak\u016f a-z, A-Z, 0-9 nebo <q>&#8211;<\/q><\/td><td>Kl\u00ed\u010d obsahuje neplatn\u00e9 znaky.<\/td><\/tr><tr><td>422<\/td><td>Nebyl poskytnut \u017e\u00e1dn\u00fd kl\u00ed\u010d<\/td><td>V po\u017eadavku chyb\u00ed kl\u00ed\u010d.<\/td><\/tr><tr><td>422<\/td><td>Nebyla zad\u00e1na \u017e\u00e1dn\u00e1 adresa URL<\/td><td>V po\u017eadavku chyb\u00ed parametr url.<\/td><\/tr><tr><td>429<\/td><td>P\u0159\u00edli\u0161 mnoho po\u017eadavk\u016f<\/td><td>Byl p\u0159ekro\u010den po\u010det po\u017eadavk\u016f na jednu IP adresu.<\/td><\/tr><\/tbody><\/table><\/figure>\n\n\n\n<h3 class=\"wp-block-heading\" id=\"post\">Odesl\u00e1n\u00ed v\u00edce str\u00e1nek jedn\u00edm po\u017eadavkem<\/h3>\n\n\n\n<p>Chcete-li odeslat v\u00edce URL adres pomoc\u00ed po\u017eadavku HTTP, zadejte sv\u016fj po\u017eadavek na n\u00e1sleduj\u00edc\u00ed adresu URL:<\/p>\n\n\n\n<pre title=\"&amp;nbsp;\" class=\"wp-block-code\"><code lang=\"adoc\" class=\"language-adoc\">POST https:\/\/search.seznam.cz\/indexnow<\/code><\/pre>\n\n\n\n<pre title=\"Form\u00e1t po\u017eadavku\" class=\"wp-block-code\"><code lang=\"javascript\" class=\"language-javascript line-numbers\">POST \/indexnow HTTP\/1.1\nContent-Type: application\/json; charset=utf-8\nHost: search.seznam.cz\n{ \n  \"host\": \"www.example.com\",\n  \"key\": \"08010cc4059241279956c149500d1af1\",\n  \"keyLocation\": \"https:\/\/www.example.com\/myIndexNowKey63638.txt\",\n  \"urlList\": [ \n    \"https:\/\/www.example.com\/url1\",\n    \"https:\/\/www.example.com\/folder\/url2\",\n    \"https:\/\/www.example.com\/url3\"\n  ]\n }<\/code><\/pre>\n\n\n\n<p>Kde:<\/p>\n\n\n\n<figure class=\"wp-block-table\"><table><thead><tr><th>Parametr<\/th><th>Typ<\/th><th>Vy\u017eadov\u00e1no<\/th><th>Popis<\/th><\/tr><\/thead><tbody><tr><td>host<\/td><td>\u0158et\u011bzec<\/td><td>Ano<\/td><td>URL va\u0161\u00ed str\u00e1nky<\/td><\/tr><tr><td>key<\/td><td>\u0158et\u011bzec<\/td><td>Ano<\/td><td>Kl\u00ed\u010d pro verifikaci<\/td><\/tr><tr><td>keyLocation<\/td><td>\u0158et\u011bzec<\/td><td>Ne<\/td><td>Um\u00edst\u011bn\u00ed kl\u00ed\u010de na serveru<\/td><\/tr><tr><td>urlList<\/td><td>Pole<\/td><td>Ano<\/td><td>Seznam URL adres<\/td><\/tr><\/tbody><\/table><\/figure>\n\n\n\n<pre title=\"Form\u00e1t odpov\u011bdi\" class=\"wp-block-code\"><code lang=\"adoc\" class=\"language-adoc line-numbers\">HTTP\/1.1 200 Ok\nContent-Type: text\/plain; charset=utf-8<\/code><\/pre>\n\n\n\n<h2 class=\"wp-block-heading\">Tabulka ostatn\u00edch n\u00e1vratov\u00fdch k\u00f3du (API vrac\u00ed text v angli\u010dtin\u011b):<\/h2>\n\n\n\n<figure class=\"wp-block-table\"><table><thead><tr><th>K\u00f3d<\/th><th>D\u016fvod<\/th><th>Popis<\/th><\/tr><\/thead><tbody><tr><td>400<\/td><td>\u0160patn\u00e9 parametry<\/td><td>V po\u017eadavku byly odesl\u00e1ny nespr\u00e1vn\u00e9 parametry.<\/td><\/tr><tr><td>403<\/td><td>\u0160patn\u00fd kl\u00ed\u010d<\/td><td>Kl\u00ed\u010d se nepoda\u0159ilo na\u010d\u00edst nebo neodpov\u00edd\u00e1 adres\u00e1m URL uveden\u00fdm v po\u017eadavku.<\/td><\/tr><tr><td>405<\/td><td>Metoda nen\u00ed povolena<\/td><td>Jsou podporov\u00e1ny metody GET a POST.<\/td><\/tr><tr><td>422<\/td><td>Nevalidn\u00ed parametr url<\/td><td>Po\u017eadavek obsahuje neplatnou adresu URL nebo p\u0159edan\u00fd kl\u00ed\u010d nen\u00ed vhodn\u00fd pro jeho zpracov\u00e1n\u00ed.<\/td><\/tr><tr><td>422<\/td><td>Nevalidn\u00ed parametr key location<\/td><td>Parametr keyLocation je zad\u00e1n nespr\u00e1vn\u011b.<\/td><\/tr><tr><td>422<\/td><td>Kl\u00ed\u010d mus\u00ed m\u00edt alespo\u0148 8 znak\u016f<\/td><td>Kl\u00ed\u010d mus\u00ed m\u00edt alespo\u0148 8 znak\u016f.<\/td><\/tr><tr><td>422<\/td><td>Kl\u00ed\u010d obsahuje v\u00edce ne\u017e 128 znak\u016f.<\/td><td>Kl\u00ed\u010d obsahuje v\u00edce ne\u017e 128 znak\u016f.<\/td><\/tr><tr><td>422<\/td><td>Kl\u00ed\u010d se mus\u00ed skl\u00e1dat poze ze znak\u016f a-z, A-Z, 0-9 nebo <q>&#8211;<\/q><\/td><td>Kl\u00ed\u010d obsahuje neplatn\u00e9 znaky.<\/td><\/tr><tr><td>422<\/td><td>Nebyl poskytnut \u017e\u00e1dn\u00fd host<\/td><td>V po\u017eadavku chyb\u00ed host.<\/td><\/tr><tr><td>422<\/td><td>Nebyl poskytnut \u017e\u00e1dn\u00fd kl\u00ed\u010d<\/td><td>V po\u017eadavku chyb\u00ed kl\u00ed\u010d.<\/td><\/tr><tr><td>422<\/td><td>Nebyla zad\u00e1na \u017e\u00e1dn\u00e1 adresa URL<\/td><td>V po\u017eadavku chyb\u00ed parametr url.<\/td><\/tr><tr><td>422<\/td><td>Ne v\u00edce ne\u017e 10 000 URL<\/td><td>Parametr urlList obsahuje v\u00edce ne\u017e 10 000 adres URL.<\/td><\/tr><tr><td>422<\/td><td>Url list mus\u00ed b\u00fdt pole<\/td><td>Chyb\u00ed parametr urlList nebo se nejedn\u00e1 o pole.<\/td><\/tr><tr><td>422<\/td><td>Url list je pr\u00e1zdn\u00fd<\/td><td>Parametr urlList je pr\u00e1zdn\u00fd.<\/td><\/tr><tr><td>422<\/td><td>Url list mus\u00ed obsahovat \u0159et\u011bzce<\/td><td>Parametr urlList mus\u00ed obsahovat pouze \u0159et\u011bzce.<\/td><\/tr><tr><td>429<\/td><td>P\u0159\u00edli\u0161 mnoho po\u017eadavk\u016f<\/td><td>Byl p\u0159ekro\u010den po\u010det po\u017eadavk\u016f na jednu IP adresu.<\/td><\/tr><\/tbody><\/table><\/figure>\n\n\n\n<div class=\"wp-block-seznam-box is-layout-flow wp-block-seznam-box-is-layout-flow\">\n<h2 class=\"wp-block-heading\">Tip<\/h2>\n\n\n\n<p class=\"is-style-link-external\">Dal\u0161\u00ed informace m\u016f\u017eete naj\u00edt v ofici\u00e1ln\u00ed dokumentaci protokolu&nbsp;<a href=\"https:\/\/www.indexnow.org\/documentation\" target=\"_blank\" rel=\"noopener noreferrer\">IndexNow<\/a>.<\/p>\n<\/div>\n\n\n\n<h2 class=\"wp-block-heading\" id=\"faq\">Nej\u010dast\u011bj\u0161\u00ed dotazy<\/h2>\n\n\n\n<div class=\"accordion\">\n\t<div class=\"accordion__items\">\n\n<details class=\"expander is-style-default\">\n\t<summary data-datalayer-name=\"\" data-datalayer-text=\"Je omezen\u00fd po\u010det po\u017eadavk\u016f na API?\">\n\t\t\t\t<strong>Je omezen\u00fd po\u010det po\u017eadavk\u016f na API?<\/strong>\n\t\t\t<\/summary>\n\t<div class=\"inner-blocks\">\n\n<p>Celkov\u00fd po\u010det po\u017eadavk\u016f nen\u00ed omezen, operativn\u011b jsou aplikov\u00e1na omezen\u00ed v p\u0159\u00edpad\u011b velk\u00e9ho mno\u017estv\u00ed po\u017eadavk\u016f v jeden okam\u017eik.<\/p>\n\n<\/div><\/details>\n\n\n\n<details class=\"expander is-style-default\">\n\t<summary data-datalayer-name=\"\" data-datalayer-text=\"Mohu pos\u00edlat URL kter\u00e1 vrac\u00ed 404, 301 a 302?\">\n\t\t\t\t<strong>Mohu pos\u00edlat URL kter\u00e1 vrac\u00ed 404, 301 a 302?<\/strong>\n\t\t\t<\/summary>\n\t<div class=\"inner-blocks\">\n\n<p>Ano m\u016f\u017eete.<\/p>\n\n<\/div><\/details>\n\n\n\n<details class=\"expander is-style-default\">\n\t<summary data-datalayer-name=\"\" data-datalayer-text=\"Jak pozn\u00e1m, \u017ee vyhled\u00e1va\u010d obdr\u017eel informaci v po\u0159\u00e1dku?\">\n\t\t\t\t<strong>Jak pozn\u00e1m, \u017ee vyhled\u00e1va\u010d obdr\u017eel informaci v po\u0159\u00e1dku?<\/strong>\n\t\t\t<\/summary>\n\t<div class=\"inner-blocks\">\n\n<p>IndexNow API zaji\u0161\u0165uje pouze p\u0159ed\u00e1n\u00ed informace vyhled\u00e1va\u010di, \u017ee se na vlo\u017een\u00fdch URL nach\u00e1z\u00ed nov\u00fd obsah, nezaru\u010duje reakci vyhled\u00e1va\u010de na tuto novou informaci. Korektn\u00ed p\u0159ed\u00e1n\u00ed informace vyhled\u00e1va\u010di p\u0159es IndexNow API se pozn\u00e1 podle n\u00e1vratov\u00e9ho k\u00f3du API &#8222;HTTP 200 OK&#8220;.<\/p>\n\n<\/div><\/details>\n\n\n\n<details class=\"expander is-style-default\">\n\t<summary data-datalayer-name=\"\" data-datalayer-text=\"Je IndexNow API plnohodnotnou n\u00e1hradou funkce &quot;P\u0159idat str\u00e1nku do hled\u00e1n\u00ed&quot; ze Seznam Webmastera?\">\n\t\t\t\t<strong>Je IndexNow API plnohodnotnou n\u00e1hradou funkce &quot;P\u0159idat str\u00e1nku do hled\u00e1n\u00ed&quot; ze Seznam Webmastera?<\/strong>\n\t\t\t<\/summary>\n\t<div class=\"inner-blocks\">\n\n<p>IndexNow API zaji\u0161\u0165uje pouze p\u0159ed\u00e1n\u00ed informace vyhled\u00e1va\u010di, \u017ee se na vlo\u017een\u00fdch URL nach\u00e1z\u00ed nov\u00fd obsah, nezaru\u010duje reakci vyhled\u00e1va\u010de na tuto novou informaci. Funkce &#8222;P\u0159idat str\u00e1nku do hled\u00e1n\u00ed&#8220; zaru\u010duje, \u017ee pokud lze vlo\u017eenou str\u00e1nku indexovat, bude do indexu za\u0159azena se zpo\u017ed\u011bn\u00edm n\u011bkolik minut po po\u017eadavku na p\u0159id\u00e1n\u00ed URL. Z\u00e1rove\u0148 je funkce &#8222;P\u0159idat str\u00e1nku do hled\u00e1n\u00ed&#8220; kapacitn\u011b omezen\u00e1 denn\u00ed kv\u00f3tou na po\u010det p\u0159idan\u00fdch URL.<\/p>\n\n<\/div><\/details>\n\n\n\n<details class=\"expander is-style-default\">\n\t<summary data-datalayer-name=\"\" data-datalayer-text=\"Pokud chci ozn\u00e1mit zm\u011bnu obsahu na URL v\u00edce vyhled\u00e1va\u010d\u016fm, mus\u00edm notifikovat IndexNow API ka\u017ed\u00e9ho z nich?\">\n\t\t\t\t<strong>Pokud chci ozn\u00e1mit zm\u011bnu obsahu na URL v\u00edce vyhled\u00e1va\u010d\u016fm, mus\u00edm notifikovat IndexNow API ka\u017ed\u00e9ho z nich?<\/strong>\n\t\t\t<\/summary>\n\t<div class=\"inner-blocks\">\n\n<p>Ne, sta\u010d\u00ed notifikovat jeden vyhled\u00e1va\u010d pomoc\u00ed IndexNow API, ten s minim\u00e1ln\u00edm zpo\u017ed\u011bn\u00edm po\u017eadavek p\u0159epo\u0161le na v\u0161echny ostatn\u00ed zapojen\u00e9 vyhled\u00e1va\u010de.<\/p>\n\n<\/div><\/details>\n\n\n\n<details class=\"expander is-style-default\">\n\t<summary data-datalayer-name=\"\" data-datalayer-text=\"Existuje testovac\u00ed prost\u0159ed\u00ed?\">\n\t\t\t\t<strong>Existuje testovac\u00ed prost\u0159ed\u00ed?<\/strong>\n\t\t\t<\/summary>\n\t<div class=\"inner-blocks\">\n\n<p>Ne, testovac\u00ed prost\u0159ed\u00ed pro protokol IndexNow neexistuje. M\u016f\u017eete se op\u00edrat rovnou do produk\u010dn\u00edho API.<\/p>\n\n<\/div><\/details>\n\n<\/div><\/div>\n\n","protected":false},"excerpt":{"rendered":"<p>IndexNow je snadn\u00fd zp\u016fsob, jak mohou vlastn\u00edci webov\u00fdch str\u00e1nek okam\u017eit\u011b informovat vyhled\u00e1va\u010de o nejnov\u011bj\u0161\u00edch zm\u011bn\u00e1ch obsahu na jejich webov\u00e9 str\u00e1nce. V\u00edce informac\u00ed najdete na str\u00e1nce Indexnow.org. Pro hromadn\u00e9 informov\u00e1n\u00ed vyhled\u00e1va\u010de o nov\u00fdch nebo zm\u011bn\u011bn\u00fdch URL u\u017e Seznam provozuje funkci p\u0159idat URL do hled\u00e1n\u00ed v r\u00e1mci n\u00e1stroje Seznam Webmaster. Zat\u00edmco Seznam Webmaster poskytuje limitovan\u00e9 API, kter\u00e9 [&hellip;]<\/p>\n","protected":false},"author":22,"featured_media":0,"parent":54,"menu_order":0,"comment_status":"closed","ping_status":"closed","template":"page-sidemenu","meta":{"_acf_changed":false,"_relevanssi_hide_post":"","_relevanssi_hide_content":"","_relevanssi_pin_for_all":"","_relevanssi_pin_keywords":"","_relevanssi_unpin_keywords":"","_relevanssi_related_keywords":"","_relevanssi_related_include_ids":"","_relevanssi_related_exclude_ids":"","_relevanssi_related_no_append":"","_relevanssi_related_not_related":"","_relevanssi_related_posts":"","_relevanssi_noindex_reason":"","footnotes":""},"page_category":[14],"page_tag":[],"service_status_category":[],"class_list":["post-176","page","type-page","status-publish","hentry"],"acf":[],"lang":"cs","translations":{"cs":176},"pll_sync_post":[],"_links":{"self":[{"href":"https:\/\/o-seznam.cz\/napoveda\/vyhledavani\/wp-json\/wp\/v2\/pages\/176","targetHints":{"allow":["GET"]}}],"collection":[{"href":"https:\/\/o-seznam.cz\/napoveda\/vyhledavani\/wp-json\/wp\/v2\/pages"}],"about":[{"href":"https:\/\/o-seznam.cz\/napoveda\/vyhledavani\/wp-json\/wp\/v2\/types\/page"}],"author":[{"embeddable":true,"href":"https:\/\/o-seznam.cz\/napoveda\/vyhledavani\/wp-json\/wp\/v2\/users\/22"}],"replies":[{"embeddable":true,"href":"https:\/\/o-seznam.cz\/napoveda\/vyhledavani\/wp-json\/wp\/v2\/comments?post=176"}],"version-history":[{"count":34,"href":"https:\/\/o-seznam.cz\/napoveda\/vyhledavani\/wp-json\/wp\/v2\/pages\/176\/revisions"}],"predecessor-version":[{"id":1999,"href":"https:\/\/o-seznam.cz\/napoveda\/vyhledavani\/wp-json\/wp\/v2\/pages\/176\/revisions\/1999"}],"up":[{"embeddable":true,"href":"https:\/\/o-seznam.cz\/napoveda\/vyhledavani\/wp-json\/wp\/v2\/pages\/54"}],"wp:attachment":[{"href":"https:\/\/o-seznam.cz\/napoveda\/vyhledavani\/wp-json\/wp\/v2\/media?parent=176"}],"wp:term":[{"taxonomy":"page_category","embeddable":true,"href":"https:\/\/o-seznam.cz\/napoveda\/vyhledavani\/wp-json\/wp\/v2\/page_category?post=176"},{"taxonomy":"page_tag","embeddable":true,"href":"https:\/\/o-seznam.cz\/napoveda\/vyhledavani\/wp-json\/wp\/v2\/page_tag?post=176"},{"taxonomy":"service_status_category","embeddable":true,"href":"https:\/\/o-seznam.cz\/napoveda\/vyhledavani\/wp-json\/wp\/v2\/service_status_category?post=176"}],"curies":[{"name":"wp","href":"https:\/\/api.w.org\/{rel}","templated":true}]}}