{"id":1750,"date":"2024-10-24T13:41:44","date_gmt":"2024-10-24T11:41:44","guid":{"rendered":"https:\/\/o-seznam.cz\/napoveda\/vyhledavani\/?page_id=1750"},"modified":"2024-11-14T13:39:20","modified_gmt":"2024-11-14T12:39:20","slug":"nastaveni-polohy","status":"publish","type":"page","link":"https:\/\/o-seznam.cz\/napoveda\/vyhledavani\/vysledky-vyhledavani\/nastaveni-polohy\/","title":{"rendered":"Nastaven\u00ed polohy"},"content":{"rendered":"\n<p>Vyhled\u00e1v\u00e1n\u00ed v&nbsp;ur\u010dit\u00fdch p\u0159\u00edpadech dok\u00e1\u017ee zohlednit va\u0161i polohu a&nbsp;vr\u00e1tit tak relevantn\u011bj\u0161\u00ed v\u00fdsledky. V&nbsp;sou\u010dasnosti se poloha u\u017eivatele zohled\u0148uje pro v\u00fdb\u011br&nbsp;do upout\u00e1vek na <a href=\"..\/upoutavky#firmy\">Firmy.cz<\/a>&nbsp;a <a href=\"..\/upoutavky#kupi\">Kupi.cz<\/a>, \u010di pro sestaven\u00ed upout\u00e1vek na <a href=\"..\/upoutavky#pocasi\">Po\u010das\u00ed.cz<\/a>, <a href=\"..\/upoutavky#sauto\">Sauto<\/a> a <a href=\"..\/upoutavky#sreality\">Sreality<\/a>.&nbsp;<\/p>\n\n\n\n<h2 class=\"wp-block-heading\">Mo\u017enosti nastaven\u00ed polohy<\/h2>\n\n\n\n<p>Informace o va\u0161\u00ed poloze se nach\u00e1z\u00ed v z\u00e1pat\u00ed str\u00e1nky s v\u00fdsledky vyhled\u00e1v\u00e1n\u00ed. Pokud zobrazen\u00e1 poloha nesouhlas\u00ed, klikn\u011bte na odkaz <em>Aktualizovat<\/em>. V p\u0159\u00edpad\u011b, \u017ee m\u00e1te zji\u0161\u0165ov\u00e1n\u00ed polohy povolen\u00e9, prohl\u00ed\u017ee\u010d ji automaticky aktualizuje. Odkaz vyu\u017eijete i v p\u0159\u00edpad\u011b, kdy cestujete, a my v\u00e1m neukazujeme spr\u00e1vnou polohu. V opa\u010dn\u00e9m p\u0159\u00edpad\u011b se zobraz\u00ed dialogov\u00e9 okno s odkazem do n\u00e1pov\u011bdy. Povol\u00edte-li zji\u0161\u0165ov\u00e1n\u00ed polohy, bude se v\u00e1m podle n\u00ed p\u0159izp\u016fsobovat obsah v\u00fd\u0161e zm\u00edn\u011bn\u00fdch upout\u00e1vek.<\/p>\n\n\n\n<figure class=\"wp-block-image aligncenter size-full\"><img loading=\"lazy\" decoding=\"async\" width=\"969\" height=\"166\" src=\"https:\/\/o-seznam.cz\/napoveda\/vyhledavani\/wp-content\/uploads\/sites\/13\/2024\/10\/poloha.png\" alt=\"\" class=\"wp-image-1755\" srcset=\"https:\/\/o-seznam.cz\/napoveda\/vyhledavani\/wp-content\/uploads\/sites\/13\/2024\/10\/poloha.png 969w, https:\/\/o-seznam.cz\/napoveda\/vyhledavani\/wp-content\/uploads\/sites\/13\/2024\/10\/poloha-320x55.png 320w, https:\/\/o-seznam.cz\/napoveda\/vyhledavani\/wp-content\/uploads\/sites\/13\/2024\/10\/poloha-768x132.png 768w\" sizes=\"auto, (max-width: 969px) 100vw, 969px\" \/><figcaption class=\"wp-element-caption\">Pati\u010dka str\u00e1nky v\u00fdsledk\u016f vyhled\u00e1v\u00e1n\u00ed zobrazuj\u00edc\u00ed polohu<\/figcaption><\/figure>\n\n\n\n<figure class=\"wp-block-image aligncenter size-full\"><img loading=\"lazy\" decoding=\"async\" width=\"585\" height=\"498\" src=\"https:\/\/o-seznam.cz\/napoveda\/vyhledavani\/wp-content\/uploads\/sites\/13\/2024\/10\/zakazana-poloha.png\" alt=\"\" class=\"wp-image-1757\" srcset=\"https:\/\/o-seznam.cz\/napoveda\/vyhledavani\/wp-content\/uploads\/sites\/13\/2024\/10\/zakazana-poloha.png 585w, https:\/\/o-seznam.cz\/napoveda\/vyhledavani\/wp-content\/uploads\/sites\/13\/2024\/10\/zakazana-poloha-320x272.png 320w\" sizes=\"auto, (max-width: 585px) 100vw, 585px\" \/><figcaption class=\"wp-element-caption\">Podoba dialogu upozor\u0148uj\u00edc\u00ed na zak\u00e1zanou polohu<\/figcaption><\/figure>\n\n\n\n<h2 class=\"wp-block-heading\">V\u00fdchoz\u00ed chov\u00e1n\u00ed vyhled\u00e1va\u010de<\/h2>\n\n\n\n<p>Pokud jste si zji\u0161\u0165ov\u00e1n\u00ed polohy na Seznamu je\u0161t\u011b nenastavili, vyhled\u00e1va\u010d v\u00e1m bude poskytovat v\u00fdsledky bez ohledu na polohu. M\u00e1te-li z n\u011bjak\u00e9&nbsp;str\u00e1nky Seznamu nastavenou oblast pro zobrazov\u00e1n\u00ed p\u0159edpov\u011bdi po\u010das\u00ed, vyhled\u00e1va\u010d bude pou\u017e\u00edvat tuto oblast jako v\u00fdchoz\u00ed polohu pro vyhled\u00e1v\u00e1n\u00ed. Pozd\u011bj\u0161\u00ed nov\u00e9 nastaven\u00ed polohy pro vyhled\u00e1v\u00e1n\u00ed v\u0161ak nem\u00e1 zp\u011btn\u00fd vliv na nastaven\u00ed oblasti pro p\u0159edpov\u011b\u010f po\u010das\u00ed na hlavn\u00ed str\u00e1nce Seznam.cz.<\/p>\n\n\n\n<h2 class=\"wp-block-heading\">Povolen\u00ed odes\u00edl\u00e1n\u00ed informac\u00ed o&nbsp;va\u0161\u00ed poloze<\/h2>\n\n\n\n<p>P\u0159i nastavov\u00e1n\u00ed polohy m\u016f\u017eete b\u00fdt dot\u00e1z\u00e1ni va\u0161\u00edm za\u0159\u00edzen\u00edm\/prohl\u00ed\u017ee\u010dem, abyste povolili odes\u00edl\u00e1n\u00ed informac\u00ed o\u00a0va\u0161\u00ed poloze. Bez tohoto povolen\u00ed nebude funkce pracovat spr\u00e1vn\u011b. Obvykle m\u016f\u017eete vybrat, zda chcete ud\u011blit povolen\u00ed jednor\u00e1zov\u011b \u010di trvale. Pro v\u011bt\u0161\u00ed komfort jej doporu\u010dujeme povolit trvale.<\/p>\n","protected":false},"excerpt":{"rendered":"<p>Vyhled\u00e1v\u00e1n\u00ed v&nbsp;ur\u010dit\u00fdch p\u0159\u00edpadech dok\u00e1\u017ee zohlednit va\u0161i polohu a&nbsp;vr\u00e1tit tak relevantn\u011bj\u0161\u00ed v\u00fdsledky. V&nbsp;sou\u010dasnosti se poloha u\u017eivatele zohled\u0148uje pro v\u00fdb\u011br&nbsp;do upout\u00e1vek na Firmy.cz&nbsp;a Kupi.cz, \u010di pro sestaven\u00ed upout\u00e1vek na Po\u010das\u00ed.cz, Sauto a Sreality.&nbsp; Mo\u017enosti nastaven\u00ed polohy Informace o va\u0161\u00ed poloze se nach\u00e1z\u00ed v z\u00e1pat\u00ed str\u00e1nky s v\u00fdsledky vyhled\u00e1v\u00e1n\u00ed. Pokud zobrazen\u00e1 poloha nesouhlas\u00ed, klikn\u011bte na odkaz Aktualizovat. V [&hellip;]<\/p>\n","protected":false},"author":22,"featured_media":0,"parent":260,"menu_order":0,"comment_status":"closed","ping_status":"closed","template":"page-sidemenu","meta":{"_acf_changed":false,"_relevanssi_hide_post":"","_relevanssi_hide_content":"","_relevanssi_pin_for_all":"","_relevanssi_pin_keywords":"","_relevanssi_unpin_keywords":"","_relevanssi_related_keywords":"","_relevanssi_related_include_ids":"","_relevanssi_related_exclude_ids":"","_relevanssi_related_no_append":"","_relevanssi_related_not_related":"","_relevanssi_related_posts":"","_relevanssi_noindex_reason":"","footnotes":""},"page_category":[14],"page_tag":[],"service_status_category":[],"class_list":["post-1750","page","type-page","status-publish","hentry"],"acf":[],"lang":"cs","translations":{"cs":1750},"pll_sync_post":[],"_links":{"self":[{"href":"https:\/\/o-seznam.cz\/napoveda\/vyhledavani\/wp-json\/wp\/v2\/pages\/1750","targetHints":{"allow":["GET"]}}],"collection":[{"href":"https:\/\/o-seznam.cz\/napoveda\/vyhledavani\/wp-json\/wp\/v2\/pages"}],"about":[{"href":"https:\/\/o-seznam.cz\/napoveda\/vyhledavani\/wp-json\/wp\/v2\/types\/page"}],"author":[{"embeddable":true,"href":"https:\/\/o-seznam.cz\/napoveda\/vyhledavani\/wp-json\/wp\/v2\/users\/22"}],"replies":[{"embeddable":true,"href":"https:\/\/o-seznam.cz\/napoveda\/vyhledavani\/wp-json\/wp\/v2\/comments?post=1750"}],"version-history":[{"count":7,"href":"https:\/\/o-seznam.cz\/napoveda\/vyhledavani\/wp-json\/wp\/v2\/pages\/1750\/revisions"}],"predecessor-version":[{"id":1862,"href":"https:\/\/o-seznam.cz\/napoveda\/vyhledavani\/wp-json\/wp\/v2\/pages\/1750\/revisions\/1862"}],"up":[{"embeddable":true,"href":"https:\/\/o-seznam.cz\/napoveda\/vyhledavani\/wp-json\/wp\/v2\/pages\/260"}],"wp:attachment":[{"href":"https:\/\/o-seznam.cz\/napoveda\/vyhledavani\/wp-json\/wp\/v2\/media?parent=1750"}],"wp:term":[{"taxonomy":"page_category","embeddable":true,"href":"https:\/\/o-seznam.cz\/napoveda\/vyhledavani\/wp-json\/wp\/v2\/page_category?post=1750"},{"taxonomy":"page_tag","embeddable":true,"href":"https:\/\/o-seznam.cz\/napoveda\/vyhledavani\/wp-json\/wp\/v2\/page_tag?post=1750"},{"taxonomy":"service_status_category","embeddable":true,"href":"https:\/\/o-seznam.cz\/napoveda\/vyhledavani\/wp-json\/wp\/v2\/service_status_category?post=1750"}],"curies":[{"name":"wp","href":"https:\/\/api.w.org\/{rel}","templated":true}]}}