{"id":1682,"date":"2024-10-21T11:46:23","date_gmt":"2024-10-21T09:46:23","guid":{"rendered":"https:\/\/o-seznam.cz\/napoveda\/vyhledavani\/?page_id=1682"},"modified":"2026-02-02T14:01:48","modified_gmt":"2026-02-02T13:01:48","slug":"help-search","status":"publish","type":"page","link":"https:\/\/o-seznam.cz\/napoveda\/vyhledavani\/en\/","title":{"rendered":"Help Search"},"content":{"rendered":"\n<div class=\"wp-block-group alignwide is-layout-constrained wp-block-group-is-layout-constrained\">\n<div class=\"wp-block-group alignwide is-layout-constrained wp-block-group-is-layout-constrained\"><div class=\"alignwide alignwide wp-block-seznam-hero\"><div class=\"cover is-hero is-hero-default bg-neutral-40\"><img decoding=\"async\" src=\"https:\/\/o-seznam.cz\/napoveda\/vyhledavani\/wp-content\/themes\/seznam\/patterns\/images\/seznam-cover.jpg\" class=\"cover__media\" alt=\"\" \/><div class=\"cover__dim\" style=\"opacity:0.45\"><\/div><div class=\"cover__content is-layout-constrained\">\n\n<h1 class=\"wp-block-heading has-text-align-left\">Help<br>Search<\/h1>\n\n\n\n<div class=\"wp-block-group is-content-justification-left is-layout-constrained wp-container-core-group-is-layout-59d06cab wp-block-group-is-layout-constrained\">\n<p>We will help you find what you are looking for. In the Czech Republic and abroad. On the website, in pictures, videos and documents.<\/p>\n<\/div>\n\n<\/div><\/div><\/div>\n\n\n<\/div>\n<\/div>\n\n\n\n<p class=\"is-style-link-external\"><strong>Seznam.cz<\/strong> is a Czech on-line company running, besides other services, the web portal <a href=\"http:\/\/www.seznam.cz\">Seznam.cz<\/a>, which is the first place of choice for millions of Internet users from the Czech Republic. This portal is closely integrated with our own independent web search engine <a href=\"http:\/\/search.seznam.cz\/\">search.seznam.cz<\/a>, which is also very popular with Czech users. You can read more about the company on our <a href=\"http:\/\/english.seznamblog.cz\/about\">blog<\/a>, find detailed information on our <a href=\"https:\/\/o-seznam.cz\/\">About site<\/a> or check out <a href=\"https:\/\/en.wikipedia.org\/wiki\/Seznam.cz\">Wikipedia<\/a>.<\/p>\n\n\n\n<p>On these pages you can find information on our web crawler called <a href=\"https:\/\/o-seznam.cz\/napoveda\/vyhledavani\/en\/seznambot-crawler\/\" data-type=\"page\" data-id=\"1691\">SeznamBot<\/a> as well as other robots run by Seznam.cz and on the way you can <strong>control their behavior<\/strong>. Our web crawler behaves in a similar way as those of other search engines such as Google or Bing and we do our best to keep it from overloading your site. Still, if you find the traffic due to our crawler overloading your servers, we recommend setting up a rule in the file robots.txt to limit the <a href=\"https:\/\/o-seznam.cz\/napoveda\/vyhledavani\/en\/crawling-control\/#request-rate-directive\" data-type=\"page\" data-id=\"1709\">request rate<\/a>.<\/p>\n\n\n\n<p>Although you can <strong>disallow SeznamBot to<\/strong> <a href=\"https:\/\/o-seznam.cz\/napoveda\/vyhledavani\/en\/crawling-control\/\" data-type=\"page\" data-id=\"1709\">crawl<\/a> and <a href=\"https:\/\/o-seznam.cz\/napoveda\/vyhledavani\/en\/indexing-control\/\" data-type=\"page\" data-id=\"1711\">index<\/a> your site, we kindly ask you not to do so, as our users would not be able to see your web pages in the search results. Please consider whitelisting <a href=\"https:\/\/o-seznam.cz\/napoveda\/vyhledavani\/en\/seznambot-crawler\/#seznambot\" data-type=\"page\" data-id=\"1691\">IP addresses of our web crawler<\/a>.<\/p>\n\n\n\n<div class=\"wp-block-group is-layout-constrained wp-block-group-is-layout-constrained\">\n<div class=\"wp-block-group is-layout-constrained wp-block-group-is-layout-constrained\">\n<div class=\"wp-block-columns pattern-columns-2-icons is-layout-flex wp-container-core-columns-is-layout-28f84493 wp-block-columns-is-layout-flex\">\n<div class=\"wp-block-column is-layout-flow wp-container-core-column-is-layout-16b3bfcb wp-block-column-is-layout-flow\"><figure class=\"aligncenter aligncenter wp-block-seznam-icon\"><img decoding=\"async\" src=\"https:\/\/o-seznam.cz\/napoveda\/vyhledavani\/wp-content\/themes\/seznam\/assets\/images\/icon-64-jednicka.svg\" alt=\"\" \/><\/figure>\n\n\n\n<p class=\"has-text-align-center is-style-wrap-balance\"><strong>Adding a page to the search<\/strong><\/p>\n\n\n\n<p class=\"has-text-align-center is-style-link-external\">To add a page to the search, you can use the or the <a href=\"https:\/\/search.seznam.cz\/wt\/pridej-stranku\" target=\"_blank\" rel=\"noreferrer noopener\">Add Page Form<\/a> or the <a href=\"https:\/\/reporter.seznam.cz\/wm\" target=\"_blank\" rel=\"noreferrer noopener\">API Tool<\/a>.<\/p>\n<\/div>\n\n\n\n<div class=\"wp-block-column is-layout-flow wp-container-core-column-is-layout-16b3bfcb wp-block-column-is-layout-flow\"><figure class=\"aligncenter aligncenter wp-block-seznam-icon\"><img decoding=\"async\" src=\"https:\/\/o-seznam.cz\/napoveda\/vyhledavani\/wp-content\/themes\/seznam\/assets\/images\/icon-64-jednicka.svg\" alt=\"\" \/><\/figure>\n\n\n\n<p class=\"has-text-align-center is-style-wrap-balance\"><strong>Availability check<\/strong><\/p>\n\n\n\n<p class=\"has-text-align-center is-style-link-external\">To see if a page is available to the robot, check it using the <a href=\"https:\/\/search.seznam.cz\/wt\/kontrolni-formular\" target=\"_blank\" rel=\"noreferrer noopener\">Check Form<\/a>.<\/p>\n<\/div>\n\n\n\n<div class=\"wp-block-column is-layout-flow wp-container-core-column-is-layout-16b3bfcb wp-block-column-is-layout-flow\"><figure class=\"aligncenter aligncenter wp-block-seznam-icon\"><img decoding=\"async\" src=\"https:\/\/o-seznam.cz\/napoveda\/vyhledavani\/wp-content\/themes\/seznam\/assets\/images\/icon-64-jednicka.svg\" alt=\"\" \/><\/figure>\n\n\n\n<p class=\"has-text-align-center is-style-wrap-balance\"><strong>Blog of the Search team <\/strong><\/p>\n\n\n\n<p class=\"has-text-align-center is-style-link-external\">To find out more about our search engine, visit our <a href=\"https:\/\/blog.seznam.cz\/stitek\/vyhledavani\/\">blog<\/a> (in czech).<\/p>\n<\/div>\n<\/div>\n<\/div>\n<\/div>\n\n\n<div class=\"wp-block-seznam-list-pages\"><div>\n<div style=\"--seznam-tiles--columns:3\" class=\"wp-block-seznam-tiles has-columns-3\"><div class=\"inner-blocks\">\n<div class=\"block-boxlink\"><a class=\"boxlink boxlink--icon-arrow boxlink--align-y-center px-f8 py-f4\" href=\"https:\/\/o-seznam.cz\/napoveda\/vyhledavani\/co-zlepsit\/\"><div class=\"inner-blocks\">Co zlep\u0161it<\/div><\/a><\/div><div class=\"block-boxlink\"><a class=\"boxlink boxlink--icon-arrow boxlink--align-y-center px-f8 py-f4\" href=\"https:\/\/o-seznam.cz\/napoveda\/vyhledavani\/en\/crawling-control\/\"><div class=\"inner-blocks\">Crawling control<\/div><\/a><\/div><div class=\"block-boxlink\"><a class=\"boxlink boxlink--icon-arrow boxlink--align-y-center px-f8 py-f4\" href=\"https:\/\/o-seznam.cz\/napoveda\/vyhledavani\/en\/indexing-control\/\"><div class=\"inner-blocks\">Indexing control<\/div><\/a><\/div><div class=\"block-boxlink\"><a class=\"boxlink boxlink--icon-arrow boxlink--align-y-center px-f8 py-f4\" href=\"https:\/\/o-seznam.cz\/napoveda\/vyhledavani\/nejcastejsi-dotazy\/\"><div class=\"inner-blocks\">Nej\u010dast\u011bj\u0161\u00ed dotazy<\/div><\/a><\/div><div class=\"block-boxlink\"><a class=\"boxlink boxlink--icon-arrow boxlink--align-y-center px-f8 py-f4\" href=\"https:\/\/o-seznam.cz\/napoveda\/vyhledavani\/ochrana-udaju\/\"><div class=\"inner-blocks\">Ochrana \u00fadaj\u016f<\/div><\/a><\/div><div class=\"block-boxlink\"><a class=\"boxlink boxlink--icon-arrow boxlink--align-y-center px-f8 py-f4\" href=\"https:\/\/o-seznam.cz\/napoveda\/vyhledavani\/optimalizace\/\"><div class=\"inner-blocks\">Optimalizace (SEO)<\/div><\/a><\/div><div class=\"block-boxlink\"><a class=\"boxlink boxlink--icon-arrow boxlink--align-y-center px-f8 py-f4\" href=\"https:\/\/o-seznam.cz\/napoveda\/vyhledavani\/prubeh-vyhledavani\/\"><div class=\"inner-blocks\">Pr\u016fb\u011bh vyhled\u00e1v\u00e1n\u00ed<\/div><\/a><\/div><div class=\"block-boxlink\"><a class=\"boxlink boxlink--icon-arrow boxlink--align-y-center px-f8 py-f4\" href=\"https:\/\/o-seznam.cz\/napoveda\/vyhledavani\/seznam-webmaster\/\"><div class=\"inner-blocks\">Seznam Webmaster<\/div><\/a><\/div><div class=\"block-boxlink\"><a class=\"boxlink boxlink--icon-arrow boxlink--align-y-center px-f8 py-f4\" href=\"https:\/\/o-seznam.cz\/napoveda\/vyhledavani\/seznambot\/\"><div class=\"inner-blocks\">SeznamBot<\/div><\/a><\/div><div class=\"block-boxlink\"><a class=\"boxlink boxlink--icon-arrow boxlink--align-y-center px-f8 py-f4\" href=\"https:\/\/o-seznam.cz\/napoveda\/vyhledavani\/en\/seznambot-crawler\/\"><div class=\"inner-blocks\">SeznamBot<\/div><\/a><\/div><div class=\"block-boxlink\"><a class=\"boxlink boxlink--icon-arrow boxlink--align-y-center px-f8 py-f4\" href=\"https:\/\/o-seznam.cz\/napoveda\/vyhledavani\/strukturovana-data\/\"><div class=\"inner-blocks\">Strukturovan\u00e1 data<\/div><\/a><\/div><div class=\"block-boxlink\"><a class=\"boxlink boxlink--icon-arrow boxlink--align-y-center px-f8 py-f4\" href=\"https:\/\/o-seznam.cz\/napoveda\/vyhledavani\/technicke-podminky\/\"><div class=\"inner-blocks\">Technick\u00e9 podm\u00ednky<\/div><\/a><\/div><div class=\"block-boxlink\"><a class=\"boxlink boxlink--icon-arrow boxlink--align-y-center px-f8 py-f4\" href=\"https:\/\/o-seznam.cz\/napoveda\/vyhledavani\/vysledky-vyhledavani\/\"><div class=\"inner-blocks\">V\u00fdsledky vyhled\u00e1v\u00e1n\u00ed<\/div><\/a><\/div><div class=\"block-boxlink\"><a class=\"boxlink boxlink--icon-arrow boxlink--align-y-center px-f8 py-f4\" href=\"https:\/\/o-seznam.cz\/napoveda\/vyhledavani\/\"><div class=\"inner-blocks\">Vyhled\u00e1v\u00e1n\u00ed<\/div><\/a><\/div><div class=\"block-boxlink\"><a class=\"boxlink boxlink--icon-arrow boxlink--align-y-center px-f8 py-f4\" href=\"https:\/\/o-seznam.cz\/napoveda\/vyhledavani\/vyhledavani-obrazku\/\"><div class=\"inner-blocks\">Vyhled\u00e1v\u00e1n\u00ed obr\u00e1zk\u016f<\/div><\/a><\/div><div class=\"block-boxlink\"><a class=\"boxlink boxlink--icon-arrow boxlink--align-y-center px-f8 py-f4\" href=\"https:\/\/o-seznam.cz\/napoveda\/vyhledavani\/vyhledavani-videi\/\"><div class=\"inner-blocks\">Vyhled\u00e1v\u00e1n\u00ed vide\u00ed<\/div><\/a><\/div><div class=\"block-boxlink\"><a class=\"boxlink boxlink--icon-arrow boxlink--align-y-center px-f8 py-f4\" href=\"https:\/\/o-seznam.cz\/napoveda\/vyhledavani\/zpracovani-osobnich-udaju\/\"><div class=\"inner-blocks\">Zpracov\u00e1n\u00ed osobn\u00edch \u00fadaj\u016f<\/div><\/a><\/div><\/div><\/div>\n\n<\/div><\/div>\n\n\n\n<div class=\"wp-block-group is-layout-constrained wp-block-group-is-layout-constrained\">\n<div class=\"accordion\">\n\t<div class=\"accordion__items\">\n\n<details class=\"expander is-style-box\">\n\t<summary data-datalayer-name=\"\" data-datalayer-text=\"The number of active recipients of the service\">\n\t\t\t\t<strong>The number of active recipients of the service<\/strong>\n\t\t\t<\/summary>\n\t<div class=\"inner-blocks\">\n\n<p>The number of active recipients of the service under Article 24 of the Digital Services Regulation as of 31. 1. 2026 is 3 615 257.<\/p>\n\n<\/div><\/details>\n\n<\/div><\/div>\n\n<\/div>\n","protected":false},"excerpt":{"rendered":"<p>Seznam.cz is a Czech on-line company running, besides other services, the web portal Seznam.cz, which is the first place of choice for millions of Internet users from the Czech Republic. This portal is closely integrated with our own independent web search engine search.seznam.cz, which is also very popular with Czech users. You can read more [&hellip;]<\/p>\n","protected":false},"author":1,"featured_media":0,"parent":0,"menu_order":0,"comment_status":"closed","ping_status":"closed","template":"page-no-head","meta":{"_acf_changed":false,"_relevanssi_hide_post":"","_relevanssi_hide_content":"","_relevanssi_pin_for_all":"","_relevanssi_pin_keywords":"","_relevanssi_unpin_keywords":"","_relevanssi_related_keywords":"","_relevanssi_related_include_ids":"","_relevanssi_related_exclude_ids":"","_relevanssi_related_no_append":"","_relevanssi_related_not_related":"","_relevanssi_related_posts":"","_relevanssi_noindex_reason":"","footnotes":""},"page_category":[28],"page_tag":[],"service_status_category":[],"class_list":["post-1682","page","type-page","status-publish","hentry"],"acf":[],"lang":"en","translations":{"en":1682,"cs":5},"pll_sync_post":[],"_links":{"self":[{"href":"https:\/\/o-seznam.cz\/napoveda\/vyhledavani\/wp-json\/wp\/v2\/pages\/1682","targetHints":{"allow":["GET"]}}],"collection":[{"href":"https:\/\/o-seznam.cz\/napoveda\/vyhledavani\/wp-json\/wp\/v2\/pages"}],"about":[{"href":"https:\/\/o-seznam.cz\/napoveda\/vyhledavani\/wp-json\/wp\/v2\/types\/page"}],"author":[{"embeddable":true,"href":"https:\/\/o-seznam.cz\/napoveda\/vyhledavani\/wp-json\/wp\/v2\/users\/1"}],"replies":[{"embeddable":true,"href":"https:\/\/o-seznam.cz\/napoveda\/vyhledavani\/wp-json\/wp\/v2\/comments?post=1682"}],"version-history":[{"count":18,"href":"https:\/\/o-seznam.cz\/napoveda\/vyhledavani\/wp-json\/wp\/v2\/pages\/1682\/revisions"}],"predecessor-version":[{"id":2137,"href":"https:\/\/o-seznam.cz\/napoveda\/vyhledavani\/wp-json\/wp\/v2\/pages\/1682\/revisions\/2137"}],"wp:attachment":[{"href":"https:\/\/o-seznam.cz\/napoveda\/vyhledavani\/wp-json\/wp\/v2\/media?parent=1682"}],"wp:term":[{"taxonomy":"page_category","embeddable":true,"href":"https:\/\/o-seznam.cz\/napoveda\/vyhledavani\/wp-json\/wp\/v2\/page_category?post=1682"},{"taxonomy":"page_tag","embeddable":true,"href":"https:\/\/o-seznam.cz\/napoveda\/vyhledavani\/wp-json\/wp\/v2\/page_tag?post=1682"},{"taxonomy":"service_status_category","embeddable":true,"href":"https:\/\/o-seznam.cz\/napoveda\/vyhledavani\/wp-json\/wp\/v2\/service_status_category?post=1682"}],"curies":[{"name":"wp","href":"https:\/\/api.w.org\/{rel}","templated":true}]}}