{"id":161,"date":"2024-09-19T14:14:27","date_gmt":"2024-09-19T12:14:27","guid":{"rendered":"https:\/\/o-seznam.cz\/napoveda\/vyhledavani\/?page_id=161"},"modified":"2024-10-21T13:14:58","modified_gmt":"2024-10-21T11:14:58","slug":"odstranovani-stranek","status":"publish","type":"page","link":"https:\/\/o-seznam.cz\/napoveda\/vyhledavani\/seznambot\/odstranovani-stranek\/","title":{"rendered":"Odstra\u0148ov\u00e1n\u00ed str\u00e1nek"},"content":{"rendered":"\n<p>Str\u00e1nka je z indexu automaticky odstran\u011bna v&nbsp;p\u0159\u00edpad\u011b, kdy robot zjist\u00ed, \u017ee:<\/p>\n\n\n\n<ul class=\"wp-block-list\">\n<li>server vrac\u00ed u t\u00e9to str\u00e1nky jeden z HTTP stav\u016f 404 nebo 410.<\/li>\n\n\n\n<li>je zak\u00e1z\u00e1na jej\u00ed indexace v\u00a0<a href=\"..\/meta-tag-robots\/\" data-type=\"page\" data-id=\"152\">meta tagu robots<\/a> v\u00a0HTML textu str\u00e1nky.<\/li>\n\n\n\n<li>automatick\u00e9 indexaci br\u00e1n\u00ed jin\u00e1 p\u0159ek\u00e1\u017eka (nap\u0159. chybn\u00fd DNS z\u00e1znam dom\u00e9ny, nedostupnost DNS server\u016f nebo serveru, kde je web hostov\u00e1n).<\/li>\n<\/ul>\n\n\n\n<div class=\"wp-block-seznam-box is-layout-flow wp-block-seznam-box-is-layout-flow\">\n<h2 class=\"wp-block-heading\">Pozor<\/h2>\n\n\n\n<p>Vymaz\u00e1n\u00ed str\u00e1nek z&nbsp;indexu m\u016f\u017ee zajistit pouze provozovatel str\u00e1nek nastaven\u00edm n\u011bkter\u00e9ho z&nbsp;v\u00fd\u0161e uveden\u00fdch stav\u016f.<\/p>\n<\/div>\n\n\n\n<h2 class=\"wp-block-heading\">Odstra\u0148ov\u00e1n\u00ed pomoc\u00ed stav\u016f 404 a 410<\/h2>\n\n\n\n<p>Tuto metodu pou\u017eijte, pokud chcete z indexu odstranit ji\u017e neexistuj\u00edc\u00ed nebo neplatn\u00e9 str\u00e1nky. V\u00fdznam stav\u016f je n\u00e1sledovn\u00fd:<\/p>\n\n\n\n<ul class=\"wp-block-list\">\n<li><b>404 \u2013 Not Found:<\/b> Str\u00e1nku nelze nal\u00e9zt. Tento stav vznik\u00e1 ve chv\u00edli, kdy server na po\u017eadovan\u00e9 adrese nenajde p\u016fvodn\u00ed platn\u00fd obsah. Vznik\u00e1 automaticky p\u0159i po\u017eadavku na jakoukoliv neplatnou adresu, ale m\u016f\u017ee b\u00fdt nastaven i ru\u010dn\u011b spr\u00e1vcem webu pro jakoukoliv adresu na webu.<\/li>\n\n\n\n<li><b>410 \u2013 Gone:<\/b> Po\u017eadovan\u00e1 str\u00e1nka byla trvale odstran\u011bna. Tento stav znamen\u00e1, \u017ee str\u00e1nka na t\u00e9to adrese existovala, ale ji\u017e neexistuje, pop\u0159. byla zru\u0161ena jej\u00ed platnost. Nastavit ho m\u016f\u017ee spr\u00e1vce webu pro jakoukoliv adresu na webu.<\/li>\n<\/ul>\n\n\n\n<h2 class=\"wp-block-heading\">Zpracov\u00e1n\u00ed uveden\u00fdch stav\u016f vyhled\u00e1va\u010dem<\/h2>\n\n\n\n<p>Po zji\u0161t\u011bn\u00ed <b>stavu 404<\/b> na str\u00e1nce jej robot n\u011bkolikr\u00e1t ov\u011b\u0159uje a str\u00e1nku z v\u00fdsledk\u016f odstran\u00ed, a\u017e kdy\u017e se potvrd\u00ed, \u017ee stav 404 je dlouhodob\u00fd a p\u0159etrv\u00e1v\u00e1. Je to proto, \u017ee tento stav \u010dasto vznik\u00e1 omylem nebo pouze kr\u00e1tkodob\u011b p\u0159i zm\u011bn\u00e1ch na webu a je v z\u00e1jmu v\u0161ech stran, aby str\u00e1nka ve v\u00fdsledc\u00edch vyhled\u00e1v\u00e1n\u00ed z\u016fstala.<\/p>\n\n\n\n<p>Po zji\u0161t\u011bn\u00ed <b>stavu 410<\/b> robot d\u00e1le tento stav neov\u011b\u0159uje a rovnou str\u00e1nku ozna\u010d\u00ed na odstran\u011bn\u00ed z v\u00fdsledk\u016f vyhled\u00e1v\u00e1n\u00ed. K odstran\u011bn\u00ed tak dojde podstatn\u011b rychleji, ne\u017e p\u0159i pou\u017eit\u00ed stavu 404.<\/p>\n\n\n\n<div class=\"wp-block-seznam-box is-layout-flow wp-block-seznam-box-is-layout-flow\">\n<h2 class=\"wp-block-heading\">Tip<\/h2>\n\n\n\n<p>Stav 410 doporu\u010dujeme zejm\u00e9na v&nbsp;p\u0159\u00edpad\u011b str\u00e1nek s inzer\u00e1ty a jin\u00fdm rychle zastar\u00e1vaj\u00edc\u00edm obsahem. Proces odstran\u011bn\u00ed je pak efektivn\u011bj\u0161\u00ed &#8211; nen\u00ed t\u0159eba parsovat obsah str\u00e1nky. Str\u00e1nky, kter\u00e9 vrac\u00ed stav 410 mohou nad\u00e1le obsahovat p\u016fvodn\u00ed text &#8211; jejich vy\u0159azov\u00e1n\u00ed to neovlivn\u00ed.<\/p>\n\n\n\n<p>Pokud si p\u0159ejete va\u0161i str\u00e1nku odstranit z v\u00fdsledk\u016f vyhled\u00e1v\u00e1n\u00ed na Seznamu, ale nechat ji p\u0159\u00edstupnou pro lidi, zaka\u017ete jej\u00ed indexaci pomoc\u00ed <a href=\"..\/meta-tag-robots\">meta tagu robots<\/a>.<\/p>\n<\/div>\n","protected":false},"excerpt":{"rendered":"<p>Str\u00e1nka je z indexu automaticky odstran\u011bna v&nbsp;p\u0159\u00edpad\u011b, kdy robot zjist\u00ed, \u017ee: Odstra\u0148ov\u00e1n\u00ed pomoc\u00ed stav\u016f 404 a 410 Tuto metodu pou\u017eijte, pokud chcete z indexu odstranit ji\u017e neexistuj\u00edc\u00ed nebo neplatn\u00e9 str\u00e1nky. V\u00fdznam stav\u016f je n\u00e1sledovn\u00fd: Zpracov\u00e1n\u00ed uveden\u00fdch stav\u016f vyhled\u00e1va\u010dem Po zji\u0161t\u011bn\u00ed stavu 404 na str\u00e1nce jej robot n\u011bkolikr\u00e1t ov\u011b\u0159uje a str\u00e1nku z v\u00fdsledk\u016f odstran\u00ed, a\u017e kdy\u017e [&hellip;]<\/p>\n","protected":false},"author":22,"featured_media":0,"parent":54,"menu_order":0,"comment_status":"closed","ping_status":"closed","template":"page-sidemenu","meta":{"_acf_changed":false,"_relevanssi_hide_post":"","_relevanssi_hide_content":"","_relevanssi_pin_for_all":"","_relevanssi_pin_keywords":"","_relevanssi_unpin_keywords":"","_relevanssi_related_keywords":"","_relevanssi_related_include_ids":"","_relevanssi_related_exclude_ids":"","_relevanssi_related_no_append":"","_relevanssi_related_not_related":"","_relevanssi_related_posts":"","_relevanssi_noindex_reason":"","footnotes":""},"page_category":[14],"page_tag":[],"service_status_category":[],"class_list":["post-161","page","type-page","status-publish","hentry"],"acf":[],"lang":"cs","translations":{"cs":161},"pll_sync_post":[],"_links":{"self":[{"href":"https:\/\/o-seznam.cz\/napoveda\/vyhledavani\/wp-json\/wp\/v2\/pages\/161","targetHints":{"allow":["GET"]}}],"collection":[{"href":"https:\/\/o-seznam.cz\/napoveda\/vyhledavani\/wp-json\/wp\/v2\/pages"}],"about":[{"href":"https:\/\/o-seznam.cz\/napoveda\/vyhledavani\/wp-json\/wp\/v2\/types\/page"}],"author":[{"embeddable":true,"href":"https:\/\/o-seznam.cz\/napoveda\/vyhledavani\/wp-json\/wp\/v2\/users\/22"}],"replies":[{"embeddable":true,"href":"https:\/\/o-seznam.cz\/napoveda\/vyhledavani\/wp-json\/wp\/v2\/comments?post=161"}],"version-history":[{"count":7,"href":"https:\/\/o-seznam.cz\/napoveda\/vyhledavani\/wp-json\/wp\/v2\/pages\/161\/revisions"}],"predecessor-version":[{"id":773,"href":"https:\/\/o-seznam.cz\/napoveda\/vyhledavani\/wp-json\/wp\/v2\/pages\/161\/revisions\/773"}],"up":[{"embeddable":true,"href":"https:\/\/o-seznam.cz\/napoveda\/vyhledavani\/wp-json\/wp\/v2\/pages\/54"}],"wp:attachment":[{"href":"https:\/\/o-seznam.cz\/napoveda\/vyhledavani\/wp-json\/wp\/v2\/media?parent=161"}],"wp:term":[{"taxonomy":"page_category","embeddable":true,"href":"https:\/\/o-seznam.cz\/napoveda\/vyhledavani\/wp-json\/wp\/v2\/page_category?post=161"},{"taxonomy":"page_tag","embeddable":true,"href":"https:\/\/o-seznam.cz\/napoveda\/vyhledavani\/wp-json\/wp\/v2\/page_tag?post=161"},{"taxonomy":"service_status_category","embeddable":true,"href":"https:\/\/o-seznam.cz\/napoveda\/vyhledavani\/wp-json\/wp\/v2\/service_status_category?post=161"}],"curies":[{"name":"wp","href":"https:\/\/api.w.org\/{rel}","templated":true}]}}