{"id":157,"date":"2024-09-19T14:04:22","date_gmt":"2024-09-19T12:04:22","guid":{"rendered":"https:\/\/o-seznam.cz\/napoveda\/vyhledavani\/?page_id=157"},"modified":"2024-10-21T13:14:32","modified_gmt":"2024-10-21T11:14:32","slug":"nofollow","status":"publish","type":"page","link":"https:\/\/o-seznam.cz\/napoveda\/vyhledavani\/seznambot\/nofollow\/","title":{"rendered":"Nofollow"},"content":{"rendered":"\n<p>Instrukce <i>nofollow<\/i> byla zavedena zejm\u00e9na pro boj s koment\u00e1\u0159ov\u00fdm spamem. Slou\u017e\u00ed spr\u00e1vci webu k&nbsp;distancov\u00e1n\u00ed se od odkazovan\u00e9 str\u00e1nky a sd\u011bluje vyhled\u00e1va\u010d\u016fm, \u017ee odkazovanou str\u00e1nku nemaj\u00ed zahrnovat do v\u00fdpo\u010dtu rank\u016f str\u00e1nky a webu.<\/p>\n\n\n\n<p>Pou\u017e\u00edv\u00e1 se nap\u0159\u00edklad kdy\u017e:<\/p>\n\n\n\n<ul class=\"wp-block-list\">\n<li>va\u0161e str\u00e1nka m\u00e1 blog s&nbsp;ve\u0159ejn\u00fdmi koment\u00e1\u0159i.<\/li>\n\n\n\n<li>va\u0161e str\u00e1nka m\u00e1 obsah vytv\u00e1\u0159en\u00fd u\u017eivateli, nad kter\u00fdmi nem\u00e1te zcela kontrolu (n\u00e1v\u0161tevn\u00ed knihy, diskusn\u00ed f\u00f3ra apod.).<\/li>\n\n\n\n<li>pot\u0159ebujete odk\u00e1zat na obsah, u kter\u00e9ho si nejste jisti jeho kvalitou.<\/li>\n<\/ul>\n\n\n\n<p><i>Nofollow<\/i> lze pou\u017e\u00edt dv\u011bma zp\u016fsoby. Pokud je nofollow p\u0159\u00edtomen jako <b>rel=\u201cnofollow\u201c<\/b> v tagu <code>&lt;a><\/code>, znamen\u00e1 to, \u017ee odkazovan\u00e1 str\u00e1nka se nem\u00e1 po\u010d\u00edtat do odkazov\u00fdch rank\u016f. Pokud je nofollow uveden jako <b>content=\u201cnofollow\u201c<\/b> v\u00a0<a href=\"..\/meta-tag-robots\/\" data-type=\"page\" data-id=\"152\">meta tagu robots<\/a>, znamen\u00e1 to, \u017ee \u017e\u00e1dn\u00fd odkaz na str\u00e1nce se nem\u00e1 po\u010d\u00edtat do jej\u00edch odkazov\u00fdch rank\u016f, viz n\u00e1sleduj\u00edc\u00ed p\u0159\u00edklady:<\/p>\n\n\n\n<ul class=\"wp-block-list\">\n<li>Tento odkaz nebude zohledn\u011bn pro po\u010d\u00edt\u00e1n\u00ed odkazov\u00fdch rank\u016f: <code>&lt;a href=\u201chttp:\/\/seo-napoveda.cz\u201c <b>rel=\"nofollow\"<\/b>&gt;SEO n\u00e1pov\u011bda&lt;\/a&gt;<\/code> <\/li>\n\n\n\n<li>\u017d\u00e1dn\u00e9 odkazy na str\u00e1nce nebudou zohledn\u011bny pro po\u010d\u00edt\u00e1n\u00ed odkazov\u00fdch rank\u016f: <code>&lt;meta name=\"robots\" content=\"<b>nofollow<\/b>\" \/&gt;<\/code><\/li>\n<\/ul>\n\n\n\n<div class=\"wp-block-seznam-box is-layout-flow wp-block-seznam-box-is-layout-flow\">\n<h2 class=\"wp-block-heading\">Tip<\/h2>\n\n\n\n<p><b>Nofollow<\/b> doporu\u010dujeme nastavit v&nbsp;p\u0159\u00edpad\u011b, \u017ee se na va\u0161em webu vyskytuj\u00ed odkazy na str\u00e1nky, u&nbsp;kter\u00fdch si nejste jisti jejich d\u016fv\u011bryhodnost\u00ed.<\/p>\n<\/div>\n\n\n\n<h2 class=\"wp-block-heading\">Nofollow nen\u00ed instrukc\u00ed pro robota<\/h2>\n\n\n\n<p>A\u010dkoli by se z n\u00e1zvu instrukce <em>nofollow<\/em> (angl. <em>nesleduj<\/em>) mohlo zd\u00e1t, \u017ee takto ozna\u010den\u00e9 odkazy robot nesleduje, nen\u00ed tomu tak. Odkazy ozna\u010den\u00e9 jako nofollow m\u016f\u017ee n\u00e1\u0161 robot sledovat a stahovat je. A\u010dkoli je pravd\u011bpodobn\u00e9, \u017ee v d\u016fsledku p\u0159epo\u010d\u00edt\u00e1v\u00e1n\u00ed rank\u016f se c\u00edli odkazu zmen\u0161\u00ed pravd\u011bpodobnost sta\u017een\u00ed nebo frekvence stahov\u00e1n\u00ed, c\u00edl odkazu s rel=&#8220;nofollow&#8220; m\u016f\u017ee b\u00fdt sledov\u00e1n a za\u0159azen do datab\u00e1ze URL adres, kter\u00e9 n\u00e1\u0161 robot zn\u00e1. Toto chov\u00e1n\u00ed je v souladu s t\u00edm, jak se chovaj\u00ed i roboti jin\u00fdch vyhled\u00e1va\u010d\u016f.<\/p>\n\n\n\n<div class=\"wp-block-seznam-box is-layout-flow wp-block-seznam-box-is-layout-flow\">\n<h2 class=\"wp-block-heading\">Tip<\/h2>\n\n\n\n<p>Kdy\u017e pot\u0159ebujete, aby n\u011bjak\u00e1 \u010d\u00e1st va\u0161eho webu <strong>nebyla stahov\u00e1na<\/strong>, pou\u017eijte <a href=\"..\/robots-txt\/\" data-type=\"page\" data-id=\"73\">soubor robots.txt<\/a>. Nechcete-li, aby se pro titulek nebo popisek str\u00e1nky ve vyhled\u00e1v\u00e1n\u00ed pou\u017eil jej\u00ed textov\u00fd obsah, pou\u017eijte <em>meta tag robots<\/em> s parametrem <em>content=&#8220;noindex&#8220;<\/em>.<\/p>\n<\/div>\n","protected":false},"excerpt":{"rendered":"<p>Instrukce nofollow byla zavedena zejm\u00e9na pro boj s koment\u00e1\u0159ov\u00fdm spamem. Slou\u017e\u00ed spr\u00e1vci webu k&nbsp;distancov\u00e1n\u00ed se od odkazovan\u00e9 str\u00e1nky a sd\u011bluje vyhled\u00e1va\u010d\u016fm, \u017ee odkazovanou str\u00e1nku nemaj\u00ed zahrnovat do v\u00fdpo\u010dtu rank\u016f str\u00e1nky a webu. Pou\u017e\u00edv\u00e1 se nap\u0159\u00edklad kdy\u017e: Nofollow lze pou\u017e\u00edt dv\u011bma zp\u016fsoby. Pokud je nofollow p\u0159\u00edtomen jako rel=\u201cnofollow\u201c v tagu &lt;a>, znamen\u00e1 to, \u017ee odkazovan\u00e1 str\u00e1nka [&hellip;]<\/p>\n","protected":false},"author":22,"featured_media":0,"parent":54,"menu_order":0,"comment_status":"closed","ping_status":"closed","template":"page-sidemenu","meta":{"_acf_changed":false,"_relevanssi_hide_post":"","_relevanssi_hide_content":"","_relevanssi_pin_for_all":"","_relevanssi_pin_keywords":"","_relevanssi_unpin_keywords":"","_relevanssi_related_keywords":"","_relevanssi_related_include_ids":"","_relevanssi_related_exclude_ids":"","_relevanssi_related_no_append":"","_relevanssi_related_not_related":"","_relevanssi_related_posts":"","_relevanssi_noindex_reason":"","footnotes":""},"page_category":[14],"page_tag":[],"service_status_category":[],"class_list":["post-157","page","type-page","status-publish","hentry"],"acf":[],"lang":"cs","translations":{"cs":157},"pll_sync_post":[],"_links":{"self":[{"href":"https:\/\/o-seznam.cz\/napoveda\/vyhledavani\/wp-json\/wp\/v2\/pages\/157","targetHints":{"allow":["GET"]}}],"collection":[{"href":"https:\/\/o-seznam.cz\/napoveda\/vyhledavani\/wp-json\/wp\/v2\/pages"}],"about":[{"href":"https:\/\/o-seznam.cz\/napoveda\/vyhledavani\/wp-json\/wp\/v2\/types\/page"}],"author":[{"embeddable":true,"href":"https:\/\/o-seznam.cz\/napoveda\/vyhledavani\/wp-json\/wp\/v2\/users\/22"}],"replies":[{"embeddable":true,"href":"https:\/\/o-seznam.cz\/napoveda\/vyhledavani\/wp-json\/wp\/v2\/comments?post=157"}],"version-history":[{"count":10,"href":"https:\/\/o-seznam.cz\/napoveda\/vyhledavani\/wp-json\/wp\/v2\/pages\/157\/revisions"}],"predecessor-version":[{"id":775,"href":"https:\/\/o-seznam.cz\/napoveda\/vyhledavani\/wp-json\/wp\/v2\/pages\/157\/revisions\/775"}],"up":[{"embeddable":true,"href":"https:\/\/o-seznam.cz\/napoveda\/vyhledavani\/wp-json\/wp\/v2\/pages\/54"}],"wp:attachment":[{"href":"https:\/\/o-seznam.cz\/napoveda\/vyhledavani\/wp-json\/wp\/v2\/media?parent=157"}],"wp:term":[{"taxonomy":"page_category","embeddable":true,"href":"https:\/\/o-seznam.cz\/napoveda\/vyhledavani\/wp-json\/wp\/v2\/page_category?post=157"},{"taxonomy":"page_tag","embeddable":true,"href":"https:\/\/o-seznam.cz\/napoveda\/vyhledavani\/wp-json\/wp\/v2\/page_tag?post=157"},{"taxonomy":"service_status_category","embeddable":true,"href":"https:\/\/o-seznam.cz\/napoveda\/vyhledavani\/wp-json\/wp\/v2\/service_status_category?post=157"}],"curies":[{"name":"wp","href":"https:\/\/api.w.org\/{rel}","templated":true}]}}