{"id":144,"date":"2024-09-19T13:32:21","date_gmt":"2024-09-19T11:32:21","guid":{"rendered":"https:\/\/o-seznam.cz\/napoveda\/vyhledavani\/?page_id=144"},"modified":"2024-12-13T14:26:13","modified_gmt":"2024-12-13T13:26:13","slug":"protokol-https","status":"publish","type":"page","link":"https:\/\/o-seznam.cz\/napoveda\/vyhledavani\/seznambot\/protokol-https\/","title":{"rendered":"Protokol HTTPS"},"content":{"rendered":"\n<p class=\"is-style-link-external\"><a href=\"https:\/\/cs.wikipedia.org\/wiki\/HTTPS\">HTTPS<\/a> (Hypertext Transfer Protocol Secure) je internetov\u00fd komunika\u010dn\u00ed protokol, kter\u00fd umo\u017e\u0148uje zabezpe\u010dit spojen\u00ed mezi prohl\u00ed\u017ee\u010dem a\u00a0webem. Chr\u00e1n\u00ed tak u\u017eivatelsk\u00e1 data, proto\u017ee p\u0159en\u00e1\u0161en\u00e1 data jsou \u0161ifrovan\u00e1. SeznamBot stahuje a\u00a0ve v\u00fdsledc\u00edch vyhled\u00e1v\u00e1n\u00ed zobrazuje jak HTTP tak <b>HTTPS<\/b> str\u00e1nky. <\/p>\n\n\n\n<p>N\u00e1zev protokolu je sou\u010d\u00e1st\u00ed URL adresy. To znamen\u00e1, \u017ee adresy <i>http:\/\/www.domena.cz\/<\/i> a\u00a0<i>https:\/\/www.domena.cz\/<\/i> jsou dv\u011b r\u016fzn\u00e9 URL adresy a\u00a0v\u00a0principu m\u016f\u017eou v\u00e9st na odli\u0161n\u00fd obsah (i kdy\u017e to nen\u00ed \u010dast\u00e9). Proto se ve v\u00fdsledc\u00edch vyhled\u00e1v\u00e1n\u00ed mohou zobrazovat ob\u011b. Chcete-li provozovat web jak na protokolu HTTP, tak na protokolu <b>HTTPS<\/b>, doporu\u010dujeme v\u00e1m na v\u0161echny shodn\u00e9 str\u00e1nky nastavit <a href=\"..\/kanonicke-url\/\" data-type=\"page\" data-id=\"147\">kanonick\u00fd link<\/a> na tu verzi, kterou chcete zaindexovat.<\/p>\n\n\n\n<p>Pro validn\u00ed pou\u017eit\u00ed <b>HTTPS<\/b> je nezbytn\u00fd bezpe\u010dnostn\u00ed certifik\u00e1t, kter\u00fd ov\u011b\u0159uje\/potvrzuje, \u017ee webov\u00e1 adresa pat\u0159\u00ed v\u00e1m. Dod\u00e1v\u00e1 ho <a class=\"is-style-link-external\" href=\"https:\/\/cs.wikipedia.org\/wiki\/Certifika%C4%8Dn%C3%AD_autorita\">certifika\u010dn\u00ed autorita<\/a> (nap\u0159. <a class=\"is-style-link-external\" href=\"https:\/\/letsencrypt.org\">Let&#8217;s Encrypt<\/a>). Je pot\u0159eba, aby v\u00e1\u0161 certifik\u00e1t byl aktu\u00e1ln\u00ed a\u00a0registrovan\u00fd na spr\u00e1vn\u00e9 dom\u00e9nov\u00e9 jm\u00e9no. <\/p>\n\n\n\n<div class=\"wp-block-seznam-box is-layout-flow wp-block-seznam-box-is-layout-flow\">\n<h2 class=\"wp-block-heading\">Pozor<\/h2>\n\n\n\n<p>P\u0159esm\u011brov\u00e1n\u00ed webu z&nbsp;HTTP na <b>HTTPS<\/b> je podobn\u00fd proces, jako kdy\u017e s&nbsp;webem p\u0159ech\u00e1z\u00edte ze star\u00e9 dom\u00e9ny na novou; p\u0159i p\u0159esm\u011brov\u00e1n\u00ed mohou va\u0161e str\u00e1nky p\u0159ij\u00edt o&nbsp;n\u011bkter\u00e9 sign\u00e1ly. P\u0159i p\u0159echodu str\u00e1nek z&nbsp;HTTP na <b>HTTPS<\/b> proto tak\u00e9 m\u016f\u017ee doj\u00edt k&nbsp;poklesu jejich pozic v&nbsp;p\u0159irozen\u00fdch v\u00fdsledc\u00edch vyhled\u00e1v\u00e1n\u00ed. Pokud jsou va\u0161e weby v sou\u010dasn\u00e9m obdob\u00ed z\u00e1visl\u00e9 na n\u00e1v\u0161t\u011bvnosti a&nbsp;nem\u016f\u017eete si dovolit ani kr\u00e1tkodobou ztr\u00e1tu, doporu\u010dujeme p\u0159echod na <b>HTTPS<\/b> odlo\u017eit.<\/p>\n<\/div>\n","protected":false},"excerpt":{"rendered":"<p>HTTPS (Hypertext Transfer Protocol Secure) je internetov\u00fd komunika\u010dn\u00ed protokol, kter\u00fd umo\u017e\u0148uje zabezpe\u010dit spojen\u00ed mezi prohl\u00ed\u017ee\u010dem a\u00a0webem. Chr\u00e1n\u00ed tak u\u017eivatelsk\u00e1 data, proto\u017ee p\u0159en\u00e1\u0161en\u00e1 data jsou \u0161ifrovan\u00e1. SeznamBot stahuje a\u00a0ve v\u00fdsledc\u00edch vyhled\u00e1v\u00e1n\u00ed zobrazuje jak HTTP tak HTTPS str\u00e1nky. N\u00e1zev protokolu je sou\u010d\u00e1st\u00ed URL adresy. To znamen\u00e1, \u017ee adresy http:\/\/www.domena.cz\/ a\u00a0https:\/\/www.domena.cz\/ jsou dv\u011b r\u016fzn\u00e9 URL adresy a\u00a0v\u00a0principu m\u016f\u017eou [&hellip;]<\/p>\n","protected":false},"author":22,"featured_media":0,"parent":54,"menu_order":0,"comment_status":"closed","ping_status":"closed","template":"page-sidemenu","meta":{"_acf_changed":false,"_relevanssi_hide_post":"","_relevanssi_hide_content":"","_relevanssi_pin_for_all":"","_relevanssi_pin_keywords":"","_relevanssi_unpin_keywords":"","_relevanssi_related_keywords":"","_relevanssi_related_include_ids":"","_relevanssi_related_exclude_ids":"","_relevanssi_related_no_append":"","_relevanssi_related_not_related":"","_relevanssi_related_posts":"","_relevanssi_noindex_reason":"","footnotes":""},"page_category":[14],"page_tag":[],"service_status_category":[],"class_list":["post-144","page","type-page","status-publish","hentry"],"acf":[],"lang":"cs","translations":{"cs":144},"pll_sync_post":[],"_links":{"self":[{"href":"https:\/\/o-seznam.cz\/napoveda\/vyhledavani\/wp-json\/wp\/v2\/pages\/144","targetHints":{"allow":["GET"]}}],"collection":[{"href":"https:\/\/o-seznam.cz\/napoveda\/vyhledavani\/wp-json\/wp\/v2\/pages"}],"about":[{"href":"https:\/\/o-seznam.cz\/napoveda\/vyhledavani\/wp-json\/wp\/v2\/types\/page"}],"author":[{"embeddable":true,"href":"https:\/\/o-seznam.cz\/napoveda\/vyhledavani\/wp-json\/wp\/v2\/users\/22"}],"replies":[{"embeddable":true,"href":"https:\/\/o-seznam.cz\/napoveda\/vyhledavani\/wp-json\/wp\/v2\/comments?post=144"}],"version-history":[{"count":18,"href":"https:\/\/o-seznam.cz\/napoveda\/vyhledavani\/wp-json\/wp\/v2\/pages\/144\/revisions"}],"predecessor-version":[{"id":1958,"href":"https:\/\/o-seznam.cz\/napoveda\/vyhledavani\/wp-json\/wp\/v2\/pages\/144\/revisions\/1958"}],"up":[{"embeddable":true,"href":"https:\/\/o-seznam.cz\/napoveda\/vyhledavani\/wp-json\/wp\/v2\/pages\/54"}],"wp:attachment":[{"href":"https:\/\/o-seznam.cz\/napoveda\/vyhledavani\/wp-json\/wp\/v2\/media?parent=144"}],"wp:term":[{"taxonomy":"page_category","embeddable":true,"href":"https:\/\/o-seznam.cz\/napoveda\/vyhledavani\/wp-json\/wp\/v2\/page_category?post=144"},{"taxonomy":"page_tag","embeddable":true,"href":"https:\/\/o-seznam.cz\/napoveda\/vyhledavani\/wp-json\/wp\/v2\/page_tag?post=144"},{"taxonomy":"service_status_category","embeddable":true,"href":"https:\/\/o-seznam.cz\/napoveda\/vyhledavani\/wp-json\/wp\/v2\/service_status_category?post=144"}],"curies":[{"name":"wp","href":"https:\/\/api.w.org\/{rel}","templated":true}]}}