{"id":125,"date":"2024-09-19T12:29:03","date_gmt":"2024-09-19T10:29:03","guid":{"rendered":"https:\/\/o-seznam.cz\/napoveda\/vyhledavani\/?page_id=125"},"modified":"2024-10-21T13:15:28","modified_gmt":"2024-10-21T11:15:28","slug":"rss-kanaly","status":"publish","type":"page","link":"https:\/\/o-seznam.cz\/napoveda\/vyhledavani\/seznambot\/rss-kanaly\/","title":{"rendered":"RSS kan\u00e1ly"},"content":{"rendered":"\n<p class=\"is-style-link-external\">SeznamBot informace o&nbsp;nov\u00fdch str\u00e1nk\u00e1ch z\u00edsk\u00e1v\u00e1 i&nbsp;z <strong>RSS kan\u00e1l\u016f<\/strong> str\u00e1nek. V\u00fdb\u011br kan\u00e1l\u016f, kter\u00e9 se budou indexovat, prob\u00edh\u00e1 poloautomaticky. Do u\u017e\u0161\u00edho v\u00fdb\u011bru se mohou dostat RSS v&nbsp;b\u011b\u017en\u00fdch form\u00e1tech: RSS 0.9x, <a href=\"https:\/\/validator.w3.org\/feed\/docs\/rss1.html\">RSS 1.0<\/a>, <a href=\"https:\/\/cyber.harvard.edu\/rss\/rss.html\">RSS 2.0<\/a>, CDF, Atom 0.3 a&nbsp;<a title=\"specifikace Atom\" href=\"http:\/\/www.atomenabled.org\/developers\/syndication\/atom-format-spec.php\">Atom 1.0<\/a>.<\/p>\n\n\n\n<p>RSS kan\u00e1ly indexujeme, abychom se co nejd\u0159\u00edve dozv\u011bd\u011bli o&nbsp;nov\u00fdch str\u00e1nk\u00e1ch. M\u016f\u017eeme tak poskytovat odkazy na aktu\u00e1ln\u00ed informace ve v\u00fdsledc\u00edch vyhled\u00e1v\u00e1n\u00ed a&nbsp;d\u00edky tomu i&nbsp;zlep\u0161ovat kvalitu fulltextov\u00e9ho vyhled\u00e1v\u00e1n\u00ed.<\/p>\n\n\n\n<p class=\"is-style-link-external\">Robota m\u016f\u017eete informovat o&nbsp;URL platn\u00e9ho RSS kan\u00e1lu pomoc\u00ed <a href=\"https:\/\/search.seznam.cz\/wt\/pridej-stranku\">p\u0159id\u00e1vac\u00edho formul\u00e1\u0159e<\/a> nebo vyu\u017eit\u00edm tagu <code>&lt;link&gt;<\/code> s&nbsp;atributem <code>rel=\"alternate\"<\/code>. Robot tak\u00e9 um\u00ed naj\u00edt RSS kan\u00e1l s\u00e1m na z\u00e1klad\u011b odkazu, kter\u00fd na n\u011bj vede.<\/p>\n\n\n\n<pre title=\"P\u0159\u00edklad z\u00e1pisu odkazu na RSS kan\u00e1l\" class=\"wp-block-code\"><code lang=\"adoc\" class=\"language-adoc line-numbers\">&lt;link rel=\"alternate\" type=\"application\/rss+xml\" href=\"rss.xml\"><\/code><\/pre>\n\n\n\n<div class=\"wp-block-seznam-box is-layout-flow wp-block-seznam-box-is-layout-flow\">\n<h2 class=\"wp-block-heading\">Pozor<\/h2>\n\n\n\n<p>Zp\u016fsob zpracov\u00e1n\u00ed a&nbsp;vyu\u017eit\u00ed RSS kan\u00e1l\u016f je d\u00e1n na\u0161imi algoritmy, proto nemus\u00ed b\u00fdt v\u0161echny nalezen\u00e9 \u010di jinak z\u00edskan\u00e9 RSS kan\u00e1ly za\u0159azeny k&nbsp;dal\u0161\u00edmu zpracov\u00e1n\u00ed.<\/p>\n<\/div>\n","protected":false},"excerpt":{"rendered":"<p>SeznamBot informace o&nbsp;nov\u00fdch str\u00e1nk\u00e1ch z\u00edsk\u00e1v\u00e1 i&nbsp;z RSS kan\u00e1l\u016f str\u00e1nek. V\u00fdb\u011br kan\u00e1l\u016f, kter\u00e9 se budou indexovat, prob\u00edh\u00e1 poloautomaticky. Do u\u017e\u0161\u00edho v\u00fdb\u011bru se mohou dostat RSS v&nbsp;b\u011b\u017en\u00fdch form\u00e1tech: RSS 0.9x, RSS 1.0, RSS 2.0, CDF, Atom 0.3 a&nbsp;Atom 1.0. RSS kan\u00e1ly indexujeme, abychom se co nejd\u0159\u00edve dozv\u011bd\u011bli o&nbsp;nov\u00fdch str\u00e1nk\u00e1ch. M\u016f\u017eeme tak poskytovat odkazy na aktu\u00e1ln\u00ed informace ve [&hellip;]<\/p>\n","protected":false},"author":22,"featured_media":0,"parent":54,"menu_order":0,"comment_status":"closed","ping_status":"closed","template":"page-sidemenu","meta":{"_acf_changed":false,"_relevanssi_hide_post":"","_relevanssi_hide_content":"","_relevanssi_pin_for_all":"","_relevanssi_pin_keywords":"","_relevanssi_unpin_keywords":"","_relevanssi_related_keywords":"","_relevanssi_related_include_ids":"","_relevanssi_related_exclude_ids":"","_relevanssi_related_no_append":"","_relevanssi_related_not_related":"","_relevanssi_related_posts":"","_relevanssi_noindex_reason":"","footnotes":""},"page_category":[14],"page_tag":[],"service_status_category":[],"class_list":["post-125","page","type-page","status-publish","hentry"],"acf":[],"lang":"cs","translations":{"cs":125},"pll_sync_post":[],"_links":{"self":[{"href":"https:\/\/o-seznam.cz\/napoveda\/vyhledavani\/wp-json\/wp\/v2\/pages\/125","targetHints":{"allow":["GET"]}}],"collection":[{"href":"https:\/\/o-seznam.cz\/napoveda\/vyhledavani\/wp-json\/wp\/v2\/pages"}],"about":[{"href":"https:\/\/o-seznam.cz\/napoveda\/vyhledavani\/wp-json\/wp\/v2\/types\/page"}],"author":[{"embeddable":true,"href":"https:\/\/o-seznam.cz\/napoveda\/vyhledavani\/wp-json\/wp\/v2\/users\/22"}],"replies":[{"embeddable":true,"href":"https:\/\/o-seznam.cz\/napoveda\/vyhledavani\/wp-json\/wp\/v2\/comments?post=125"}],"version-history":[{"count":8,"href":"https:\/\/o-seznam.cz\/napoveda\/vyhledavani\/wp-json\/wp\/v2\/pages\/125\/revisions"}],"predecessor-version":[{"id":1637,"href":"https:\/\/o-seznam.cz\/napoveda\/vyhledavani\/wp-json\/wp\/v2\/pages\/125\/revisions\/1637"}],"up":[{"embeddable":true,"href":"https:\/\/o-seznam.cz\/napoveda\/vyhledavani\/wp-json\/wp\/v2\/pages\/54"}],"wp:attachment":[{"href":"https:\/\/o-seznam.cz\/napoveda\/vyhledavani\/wp-json\/wp\/v2\/media?parent=125"}],"wp:term":[{"taxonomy":"page_category","embeddable":true,"href":"https:\/\/o-seznam.cz\/napoveda\/vyhledavani\/wp-json\/wp\/v2\/page_category?post=125"},{"taxonomy":"page_tag","embeddable":true,"href":"https:\/\/o-seznam.cz\/napoveda\/vyhledavani\/wp-json\/wp\/v2\/page_tag?post=125"},{"taxonomy":"service_status_category","embeddable":true,"href":"https:\/\/o-seznam.cz\/napoveda\/vyhledavani\/wp-json\/wp\/v2\/service_status_category?post=125"}],"curies":[{"name":"wp","href":"https:\/\/api.w.org\/{rel}","templated":true}]}}