{"id":121,"date":"2024-09-19T12:19:38","date_gmt":"2024-09-19T10:19:38","guid":{"rendered":"https:\/\/o-seznam.cz\/napoveda\/vyhledavani\/?page_id=121"},"modified":"2024-10-21T13:15:34","modified_gmt":"2024-10-21T11:15:34","slug":"sitemap-xml","status":"publish","type":"page","link":"https:\/\/o-seznam.cz\/napoveda\/vyhledavani\/seznambot\/sitemap-xml\/","title":{"rendered":"Sitemap.xml"},"content":{"rendered":"\n<p>Podobn\u011b jako soubor <a href=\"..\/robots-txt\/\" data-type=\"page\" data-id=\"73\">robots.txt<\/a> slou\u017e\u00ed ke komunikaci s&nbsp;roboty i&nbsp;soubor <b>sitemap.xml<\/b>. S&nbsp;jeho pomoc\u00ed m\u016f\u017eete ur\u010dit, kter\u00e9 str\u00e1nky webu by se m\u011bly indexovat \u010dast\u011bji (nap\u0159. proto\u017ee se jejich obsah \u010dasto m\u011bn\u00ed). T\u00edmto zp\u016fsobem lze udr\u017eovat obsah webu aktu\u00e1ln\u00ed a&nbsp;indexovan\u00fd do v\u011bt\u0161\u00ed hloubky. K tomu, aby SeznamBot sitemapu na\u0161el a&nbsp;zpracoval, je pot\u0159eba mu ozn\u00e1mit, kde ji m\u00e1 hledat. To lze prov\u00e9st v&nbsp;souboru <i>robots.txt<\/i>.<\/p>\n\n\n\n<pre title=\"P\u0159\u00edklad z\u00e1pisu adresy souboru sitemap.xml v\u00a0souboru robots.txt\" class=\"wp-block-code\"><code lang=\"adoc\" class=\"language-adoc line-numbers\">Sitemap: http:\/\/www.root.cz\/sitemap\/sitemap.xml<\/code><\/pre>\n\n\n\n<div class=\"wp-block-seznam-box is-layout-flow wp-block-seznam-box-is-layout-flow\">\n<h2 class=\"wp-block-heading\">Pozor<\/h2>\n\n\n\n<p>URL sitemapy v&nbsp;robots.txt mus\u00ed b\u00fdt absolutn\u00ed.<\/p>\n<\/div>\n\n\n\n<p class=\"is-style-link-external\">Sitemapy pro SeznamBota jsou kompatibiln\u00ed se specifikac\u00ed na str\u00e1nk\u00e1ch <a href=\"http:\/\/www.sitemaps.org\/\">sitemaps.org<\/a>.<\/p>\n\n\n\n<p class=\"is-style-link-external\">Podle <a href=\"http:\/\/www.sitemaps.org\/protocol.html\">specifikace<\/a> je velikost sitemapy omezena na 50&nbsp;MB (v&nbsp;dekomprimovan\u00e9m stavu) nebo 50&nbsp;000&nbsp;URL, v\u011bt\u0161\u00ed sitemapy je proto nutn\u00e9 rozd\u011blit do v\u00edce soubor\u016f a&nbsp;vytvo\u0159it jejich index. Men\u0161\u00ed sitemapy umo\u017en\u00ed i&nbsp;rychlej\u0161\u00ed zpracov\u00e1n\u00ed webu. Sitemapa m\u016f\u017ee obsahovat pouze URL z&nbsp;jednoho webserveru.<\/p>\n\n\n\n<p>Sitemapy lze pou\u017e\u00edt i&nbsp;v komprimovan\u00e9m stavu. Podporujeme komprimaci metodou <b>gz<\/b>. Lze t\u00e9\u017e pou\u017e\u00edt standardn\u00ed n\u00e1zev sitemap.xml a&nbsp;v hlavi\u010dk\u00e1ch pos\u00edlat <b>Content-Type (application\/x-gzip)<\/b>.<\/p>\n\n\n\n<pre title=\"P\u0159\u00edklad odkazu na komprimovan\u00fd soubor sitmap.gz v\u00a0souboru robots.txt\" class=\"wp-block-code\"><code lang=\"adoc\" class=\"language-adoc line-numbers\">Sitemap: https:\/\/www.yahoo.com\/news\/sitemaps\/news-sitemap_index_US_en-US.xml.gz<\/code><\/pre>\n\n\n\n<p>Ve\u0161ker\u00e9 priority uveden\u00e9 v&nbsp;souboru sitemap.xml slou\u017e\u00ed pouze k&nbsp;rozhodov\u00e1n\u00ed robota v&nbsp;r\u00e1mci webu. Nemaj\u00ed proto \u017e\u00e1dn\u00fd vliv na po\u0159ad\u00ed str\u00e1nek ve v\u00fdsledc\u00edch vyhled\u00e1v\u00e1n\u00ed. Nem\u00e1 tak\u00e9 \u017e\u00e1dn\u00fd v\u00fdznam nastavit prioritu v\u0161ech str\u00e1nek na 1. Pokud m\u00e1 priorita pro robota n\u011bco znamenat, m\u011bla by se u&nbsp;jednotliv\u00fdch URL li\u0161it.<\/p>\n\n\n\n<div class=\"wp-block-seznam-box is-layout-flow wp-block-seznam-box-is-layout-flow\">\n<h2 class=\"wp-block-heading\">Tip<\/h2>\n\n\n\n<p>Sitemapa m\u016f\u017ee b\u00fdt dynamicky generovan\u00e1, mus\u00ed v\u0161ak vracet <strong>Content-Type (application\/xml)<\/strong> a&nbsp;jej\u00ed URL mus\u00ed b\u00fdt uvedena v&nbsp;<em>robots.txt<\/em>. Do souboru robots.txt m\u016f\u017eete zapsat a\u017e 100 odkaz\u016f na sitemapy.<\/p>\n\n\n\n<p class=\"is-style-link-external\">Dal\u0161\u00ed informace o&nbsp;form\u00e1tu souboru sitemap.xml naleznete na str\u00e1nk\u00e1ch <a href=\"http:\/\/www.sitemaps.org\/\">sitemaps.org<\/a>.<\/p>\n<\/div>\n","protected":false},"excerpt":{"rendered":"<p>Podobn\u011b jako soubor robots.txt slou\u017e\u00ed ke komunikaci s&nbsp;roboty i&nbsp;soubor sitemap.xml. S&nbsp;jeho pomoc\u00ed m\u016f\u017eete ur\u010dit, kter\u00e9 str\u00e1nky webu by se m\u011bly indexovat \u010dast\u011bji (nap\u0159. proto\u017ee se jejich obsah \u010dasto m\u011bn\u00ed). T\u00edmto zp\u016fsobem lze udr\u017eovat obsah webu aktu\u00e1ln\u00ed a&nbsp;indexovan\u00fd do v\u011bt\u0161\u00ed hloubky. K tomu, aby SeznamBot sitemapu na\u0161el a&nbsp;zpracoval, je pot\u0159eba mu ozn\u00e1mit, kde ji m\u00e1 hledat. [&hellip;]<\/p>\n","protected":false},"author":22,"featured_media":0,"parent":54,"menu_order":0,"comment_status":"closed","ping_status":"closed","template":"page-sidemenu","meta":{"_acf_changed":false,"_relevanssi_hide_post":"","_relevanssi_hide_content":"","_relevanssi_pin_for_all":"","_relevanssi_pin_keywords":"","_relevanssi_unpin_keywords":"","_relevanssi_related_keywords":"","_relevanssi_related_include_ids":"","_relevanssi_related_exclude_ids":"","_relevanssi_related_no_append":"","_relevanssi_related_not_related":"","_relevanssi_related_posts":"","_relevanssi_noindex_reason":"","footnotes":""},"page_category":[14],"page_tag":[],"service_status_category":[],"class_list":["post-121","page","type-page","status-publish","hentry"],"acf":[],"lang":"cs","translations":{"cs":121},"pll_sync_post":[],"_links":{"self":[{"href":"https:\/\/o-seznam.cz\/napoveda\/vyhledavani\/wp-json\/wp\/v2\/pages\/121","targetHints":{"allow":["GET"]}}],"collection":[{"href":"https:\/\/o-seznam.cz\/napoveda\/vyhledavani\/wp-json\/wp\/v2\/pages"}],"about":[{"href":"https:\/\/o-seznam.cz\/napoveda\/vyhledavani\/wp-json\/wp\/v2\/types\/page"}],"author":[{"embeddable":true,"href":"https:\/\/o-seznam.cz\/napoveda\/vyhledavani\/wp-json\/wp\/v2\/users\/22"}],"replies":[{"embeddable":true,"href":"https:\/\/o-seznam.cz\/napoveda\/vyhledavani\/wp-json\/wp\/v2\/comments?post=121"}],"version-history":[{"count":15,"href":"https:\/\/o-seznam.cz\/napoveda\/vyhledavani\/wp-json\/wp\/v2\/pages\/121\/revisions"}],"predecessor-version":[{"id":1640,"href":"https:\/\/o-seznam.cz\/napoveda\/vyhledavani\/wp-json\/wp\/v2\/pages\/121\/revisions\/1640"}],"up":[{"embeddable":true,"href":"https:\/\/o-seznam.cz\/napoveda\/vyhledavani\/wp-json\/wp\/v2\/pages\/54"}],"wp:attachment":[{"href":"https:\/\/o-seznam.cz\/napoveda\/vyhledavani\/wp-json\/wp\/v2\/media?parent=121"}],"wp:term":[{"taxonomy":"page_category","embeddable":true,"href":"https:\/\/o-seznam.cz\/napoveda\/vyhledavani\/wp-json\/wp\/v2\/page_category?post=121"},{"taxonomy":"page_tag","embeddable":true,"href":"https:\/\/o-seznam.cz\/napoveda\/vyhledavani\/wp-json\/wp\/v2\/page_tag?post=121"},{"taxonomy":"service_status_category","embeddable":true,"href":"https:\/\/o-seznam.cz\/napoveda\/vyhledavani\/wp-json\/wp\/v2\/service_status_category?post=121"}],"curies":[{"name":"wp","href":"https:\/\/api.w.org\/{rel}","templated":true}]}}