{"id":42,"date":"2025-03-24T08:13:53","date_gmt":"2025-03-24T07:13:53","guid":{"rendered":"https:\/\/o-seznam.cz\/napoveda\/vendorske-spoluprace\/?page_id=42"},"modified":"2025-10-08T11:14:42","modified_gmt":"2025-10-08T09:14:42","slug":"faq","status":"publish","type":"page","link":"https:\/\/o-seznam.cz\/napoveda\/vendorske-spoluprace\/faq\/","title":{"rendered":"FAQ &#8211; parametry ve feedech"},"content":{"rendered":"\n<div class=\"wp-block-group is-layout-constrained wp-block-group-is-layout-constrained\">\n<div class=\"accordion\">\n\t<div class=\"accordion__items\">\n\n<details class=\"expander is-style-default\">\n\t<summary data-datalayer-name=\"\" data-datalayer-text=\"Pro\u010d je d\u016fle\u017eit\u00e9 zas\u00edlat parametry?\">\n\t\t\t\t<strong>Pro\u010d je d\u016fle\u017eit\u00e9 zas\u00edlat parametry?<\/strong>\n\t\t\t<\/summary>\n\t<div class=\"inner-blocks\">\n\n<p>D\u00edky vypln\u011bn\u00fdm parametr\u016fm se u\u017eivatel o va\u0161ich produktech dozv\u00ed v\u00edce informac\u00ed. Produkty budou atraktivn\u011bj\u0161\u00ed a budou se v\u00edce zobrazovat ve v\u00fdsledc\u00edch vyhled\u00e1v\u00e1n\u00ed.<\/p>\n\n<\/div><\/details>\n\n\n\n<details class=\"expander is-style-default\">\n\t<summary data-datalayer-name=\"\" data-datalayer-text=\"Co kdy\u017e m\u016fj produkt nem\u00e1 kritick\u00fd parametr?\">\n\t\t\t\t<strong>Co kdy\u017e m\u016fj produkt nem\u00e1 kritick\u00fd parametr?<\/strong>\n\t\t\t<\/summary>\n\t<div class=\"inner-blocks\">\n\n<p>Ne ka\u017ed\u00fd produkt mus\u00ed obsahovat v\u0161echny parametry. Pokud v\u00e1\u0161 produkt postr\u00e1d\u00e1 kritick\u00fd parametr, lze vyu\u017e\u00edt d\u016fle\u017eit\u00e9 a dopl\u0148kov\u00e9 parametry, kter\u00e9 pomohou zajistit spr\u00e1vn\u00e9 zobrazen\u00ed nab\u00eddek a z\u00e1rove\u0148 zaujmout z\u00e1kazn\u00edky.<\/p>\n\n<\/div><\/details>\n\n\n\n<details class=\"expander is-style-default\">\n\t<summary data-datalayer-name=\"\" data-datalayer-text=\"U nab\u00eddek se mi zobrazuje, \u017ee chyb\u00ed d\u016fle\u017eit\u00e9 parametry kategorie, i kdy\u017e parametry zas\u00edl\u00e1m. Co to znamen\u00e1?\">\n\t\t\t\t<strong>U nab\u00eddek se mi zobrazuje, \u017ee chyb\u00ed d\u016fle\u017eit\u00e9 parametry kategorie, i kdy\u017e parametry zas\u00edl\u00e1m. Co to znamen\u00e1?<\/strong>\n\t\t\t<\/summary>\n\t<div class=\"inner-blocks\">\n\n<p>To znamen\u00e1, \u017ee bu\u010f nepos\u00edl\u00e1te parametry definovan\u00e9 pro danou kategorii, nebo je n\u00e1\u0161 syst\u00e9m nedok\u00e1\u017ee automaticky rozpoznat.<\/p>\n\n\n\n<p>D\u016fvod\u016f, pro\u010d nedoch\u00e1z\u00ed k rozpozn\u00e1n\u00ed, m\u016f\u017ee b\u00fdt v\u00edce:<\/p>\n\n\n\n<ol class=\"wp-block-list\">\n<li>Dan\u00fd parametr m\u00e1 u n\u00e1s jin\u00e9 ozna\u010den\u00ed a nedo\u0161lo k jeho rozpozn\u00e1n\u00ed. \u0158e\u0161en\u00edm je parametr p\u0159ejmenovat. Pr\u016fb\u011b\u017en\u011b se sna\u017e\u00edme rozpozn\u00e1v\u00e1n\u00ed parametr\u016f vylep\u0161ovat.<\/li>\n<\/ol>\n\n\n\n<p>2. Hodnoty parametr\u016f jsou bez jednotky. Pro jednotky pros\u00edm pou\u017e\u00edvejte tag UNIT.<\/p>\n\n\n\n<p>3. Dan\u00fd parametr v r\u00e1mci kategorie na Zbo\u017e\u00ed nem\u00e1me. Kategorie pr\u016fb\u011b\u017en\u011b proch\u00e1z\u00edme a relevantn\u00ed parametry do nich p\u0159id\u00e1v\u00e1me.<\/p>\n\n<\/div><\/details>\n\n\n\n<details class=\"expander is-style-default\">\n\t<summary data-datalayer-name=\"\" data-datalayer-text=\"V n\u011bkter\u00e9 kategorii chyb\u00ed d\u016fle\u017eit\u00e9 parametry. Je mo\u017en\u00e9 za\u017e\u00e1dat o jejich zalo\u017een\u00ed?\">\n\t\t\t\t<strong>V n\u011bkter\u00e9 kategorii chyb\u00ed d\u016fle\u017eit\u00e9 parametry. Je mo\u017en\u00e9 za\u017e\u00e1dat o jejich zalo\u017een\u00ed?<\/strong>\n\t\t\t<\/summary>\n\t<div class=\"inner-blocks\">\n\n<p>Parametry do kategori\u00ed pr\u016fb\u011b\u017en\u011b p\u0159id\u00e1v\u00e1me. Pokud v n\u011bkter\u00e9 kategorii ji\u017e dlouho postr\u00e1d\u00e1te parametry, m\u016f\u017eete n\u00e1s kontaktovat na adrese datove.spoluprace@firma.seznam.cz. N\u00e1sledn\u011b va\u0161i \u017e\u00e1dost posoud\u00edme.<\/p>\n\n<\/div><\/details>\n\n\n\n<details class=\"expander is-style-default\">\n\t<summary data-datalayer-name=\"\" data-datalayer-text=\"Kde mohu naj\u00edt parametry ke konkr\u00e9tn\u00ed kategorii?\">\n\t\t\t\t<strong>Kde mohu naj\u00edt parametry ke konkr\u00e9tn\u00ed kategorii?<\/strong>\n\t\t\t<\/summary>\n\t<div class=\"inner-blocks\">\n\n<p class=\"is-style-link-external\">Parametry jsou pro v\u00e1s k dispozici ke sta\u017een\u00ed <a href=\"https:\/\/napoveda.sklik.cz\/materialy-ke-stazeni\/#seznam-nakupy\" target=\"_blank\" rel=\"noreferrer noopener\">v n\u00e1pov\u011bd\u011b.<\/a>  <a href=\"https:\/\/blog.seznam.cz\/stitek\/zbozi-cz\/\" target=\"_blank\" rel=\"noreferrer noopener\">Na Sblogu<\/a> pak ka\u017ed\u00fd m\u011bs\u00edc najdete p\u0159ehled parametr\u016f, kter\u00e9 byly do kategori\u00ed nov\u011b p\u0159id\u00e1ny.<\/p>\n\n<\/div><\/details>\n\n\n\n<details class=\"expander is-style-default\">\n\t<summary data-datalayer-name=\"\" data-datalayer-text=\"Nem\u00e1m kam svou nab\u00eddku zakategorizovat, proto\u017ee danou kategorii nem\u00e1te.\">\n\t\t\t\t<strong>Nem\u00e1m kam svou nab\u00eddku zakategorizovat, proto\u017ee danou kategorii nem\u00e1te.<\/strong>\n\t\t\t<\/summary>\n\t<div class=\"inner-blocks\">\n\n<p class=\"is-style-link-external\">Kategorick\u00fd strom neust\u00e1le vylep\u0161ujeme a roz\u0161i\u0159ujeme o nov\u00e9 kategorie, pokud pro n\u011b m\u00e1me dostate\u010dn\u00fd obsah, kter\u00fd bychom mohli nab\u00eddnout na\u0161im u\u017eivatel\u016fm. N\u011bkter\u00e9 t\u00e9matick\u00e9 skupiny mohou b\u00fdt \u0159e\u0161eny v r\u00e1mci v\u011bt\u0161\u00edch kategori\u00ed parametricky. Pokud pot\u0159ebujete poradit se spr\u00e1vn\u00fdm za\u0159azen\u00edm Va\u0161\u00ed nab\u00eddky, nev\u00e1hejte n\u00e1s kontaktovat na <a href=\"mailto:datove.spoluprace@firma.seznam.cz\" target=\"_blank\" rel=\"noreferrer noopener\">datove.spoluprace@firma.seznam.cz<\/a>.<\/p>\n\n<\/div><\/details>\n\n\n\n<details class=\"expander is-style-default\">\n\t<summary data-datalayer-name=\"\" data-datalayer-text=\"St\u00e1le pos\u00edl\u00e1m stejn\u00e1 data, ale m\u00e1 vypln\u011bnost se v\u00fdrazn\u011b zhor\u0161ila. Pro\u010d?\">\n\t\t\t\t<strong>St\u00e1le pos\u00edl\u00e1m stejn\u00e1 data, ale m\u00e1 vypln\u011bnost se v\u00fdrazn\u011b zhor\u0161ila. Pro\u010d?<\/strong>\n\t\t\t<\/summary>\n\t<div class=\"inner-blocks\">\n\n<p>Mohlo se st\u00e1t n\u00e1sleduj\u00edc\u00ed:<\/p>\n\n\n\n<ol class=\"wp-block-list\">\n<li>Do kategorie jsme p\u0159idali nov\u00e9 parametry. V\u011bnujte pros\u00edm pozornost seznamu nov\u00fdch parametr\u016f ve va\u0161em p\u0159ehledu.<\/li>\n\n\n\n<li>Zm\u011bnila se kategorizace Va\u0161\u00ed nab\u00eddky a v nov\u00e9 kategorii ji\u017e nejsou p\u016fvodn\u00ed zas\u00edlan\u00e9 parametry rozpoznan\u00e9.<\/li>\n<\/ol>\n\n\n\n<p class=\"is-style-link-external\">Pokud se V\u00e1m neda\u0159\u00ed zlep\u0161it procento vypln\u011bnosti parametr\u016f v r\u00e1mci konkr\u00e9tn\u00edch nab\u00eddek, zkontrolujte pros\u00edm, zda jsou Va\u0161e nab\u00eddky v XML feedu spr\u00e1vn\u011b za\u0159azeny podle stromu kategori\u00ed. Ten najdete ke sta\u017een\u00ed <a href=\"https:\/\/napoveda.sklik.cz\/materialy-ke-stazeni\/#seznam-nakupy\" target=\"_blank\" rel=\"noreferrer noopener\">v n\u00e1pov\u011bd\u011b.<\/a><\/p>\n\n<\/div><\/details>\n\n<\/div><\/div>\n\n<\/div>\n\n\n\n<p><\/p>\n","protected":false},"excerpt":{"rendered":"","protected":false},"author":2,"featured_media":0,"parent":0,"menu_order":0,"comment_status":"closed","ping_status":"closed","template":"page-sidemenu","meta":{"_acf_changed":false,"_relevanssi_hide_post":"","_relevanssi_hide_content":"","_relevanssi_pin_for_all":"","_relevanssi_pin_keywords":"","_relevanssi_unpin_keywords":"","_relevanssi_related_keywords":"","_relevanssi_related_include_ids":"","_relevanssi_related_exclude_ids":"","_relevanssi_related_no_append":"","_relevanssi_related_not_related":"","_relevanssi_related_posts":"","_relevanssi_noindex_reason":"","footnotes":""},"page_category":[31],"page_tag":[],"service_status_category":[],"class_list":["post-42","page","type-page","status-publish","hentry"],"acf":[],"_links":{"self":[{"href":"https:\/\/o-seznam.cz\/napoveda\/vendorske-spoluprace\/wp-json\/wp\/v2\/pages\/42","targetHints":{"allow":["GET"]}}],"collection":[{"href":"https:\/\/o-seznam.cz\/napoveda\/vendorske-spoluprace\/wp-json\/wp\/v2\/pages"}],"about":[{"href":"https:\/\/o-seznam.cz\/napoveda\/vendorske-spoluprace\/wp-json\/wp\/v2\/types\/page"}],"author":[{"embeddable":true,"href":"https:\/\/o-seznam.cz\/napoveda\/vendorske-spoluprace\/wp-json\/wp\/v2\/users\/2"}],"replies":[{"embeddable":true,"href":"https:\/\/o-seznam.cz\/napoveda\/vendorske-spoluprace\/wp-json\/wp\/v2\/comments?post=42"}],"version-history":[{"count":7,"href":"https:\/\/o-seznam.cz\/napoveda\/vendorske-spoluprace\/wp-json\/wp\/v2\/pages\/42\/revisions"}],"predecessor-version":[{"id":256,"href":"https:\/\/o-seznam.cz\/napoveda\/vendorske-spoluprace\/wp-json\/wp\/v2\/pages\/42\/revisions\/256"}],"wp:attachment":[{"href":"https:\/\/o-seznam.cz\/napoveda\/vendorske-spoluprace\/wp-json\/wp\/v2\/media?parent=42"}],"wp:term":[{"taxonomy":"page_category","embeddable":true,"href":"https:\/\/o-seznam.cz\/napoveda\/vendorske-spoluprace\/wp-json\/wp\/v2\/page_category?post=42"},{"taxonomy":"page_tag","embeddable":true,"href":"https:\/\/o-seznam.cz\/napoveda\/vendorske-spoluprace\/wp-json\/wp\/v2\/page_tag?post=42"},{"taxonomy":"service_status_category","embeddable":true,"href":"https:\/\/o-seznam.cz\/napoveda\/vendorske-spoluprace\/wp-json\/wp\/v2\/service_status_category?post=42"}],"curies":[{"name":"wp","href":"https:\/\/api.w.org\/{rel}","templated":true}]}}