{"id":29,"date":"2025-03-24T08:11:54","date_gmt":"2025-03-24T07:11:54","guid":{"rendered":"https:\/\/o-seznam.cz\/napoveda\/vendorske-spoluprace\/?page_id=29"},"modified":"2025-06-25T14:02:58","modified_gmt":"2025-06-25T12:02:58","slug":"seznamy-prodejcu","status":"publish","type":"page","link":"https:\/\/o-seznam.cz\/napoveda\/vendorske-spoluprace\/seznamy-prodejcu\/","title":{"rendered":"Seznamy autorizovan\u00fdch prodejc\u016f"},"content":{"rendered":"\n<p>Chcete podpo\u0159it prodej p\u0159es autorizovan\u00e9 prodejce, nebo z\u00edskat ozna\u010den\u00ed pro v\u00e1\u0161 e-shop? Nab\u00edz\u00edme v\u00e1m zdarma mo\u017enost zobrazen\u00ed \u0161t\u00edtku \u201cAutorizovan\u00fd prodejce\u201d na detailu nab\u00eddky.<\/p>\n\n\n\n<div class=\"wp-block-group is-layout-constrained wp-block-group-is-layout-constrained\">\n<h2 class=\"wp-block-heading\">Co nab\u00edz\u00edme<\/h2>\n\n\n\n<ul class=\"wp-block-list\">\n<li>Zobrazen\u00ed u nab\u00eddek e-shop\u016f.<\/li>\n\n\n\n<li>Mo\u017enost skrz co-brandov\u00e9 bannery odkazovat v\u00fdhradn\u011b na autorizovan\u00e9 distributory.<\/li>\n<\/ul>\n\n\n\n<figure class=\"wp-block-image aligncenter size-full\"><img loading=\"lazy\" decoding=\"async\" width=\"988\" height=\"145\" src=\"https:\/\/o-seznam.cz\/napoveda\/vendorske-spoluprace\/wp-content\/uploads\/sites\/25\/2025\/03\/stitek-autorizovaneho-prodejce.png\" alt=\"\" class=\"wp-image-89\" srcset=\"https:\/\/o-seznam.cz\/napoveda\/vendorske-spoluprace\/wp-content\/uploads\/sites\/25\/2025\/03\/stitek-autorizovaneho-prodejce.png 988w, https:\/\/o-seznam.cz\/napoveda\/vendorske-spoluprace\/wp-content\/uploads\/sites\/25\/2025\/03\/stitek-autorizovaneho-prodejce-320x47.png 320w, https:\/\/o-seznam.cz\/napoveda\/vendorske-spoluprace\/wp-content\/uploads\/sites\/25\/2025\/03\/stitek-autorizovaneho-prodejce-768x113.png 768w\" sizes=\"auto, (max-width: 988px) 100vw, 988px\" \/><\/figure>\n\n\n\n<p class=\"has-text-align-center\"><em>Zobrazen\u00ed autorizovan\u00e9ho prodejce<\/em><\/p>\n\n\n\n<h2 class=\"wp-block-heading\">Co od v\u00e1s pot\u0159ebujeme<\/h2>\n\n\n\n<h3 class=\"wp-block-heading\">Pokud jste zna\u010dka<\/h3>\n\n\n\n<ul class=\"wp-block-list\">\n<li>URL autorizovan\u00fdch e-shopu (ide\u00e1ln\u011b odkaz na e-shop na Zbo\u017e\u00ed.cz).<\/li>\n\n\n\n<li>Dodat ve form\u011b tabulky (viz. vzor).<\/li>\n<\/ul>\n\n\n\n<h4 class=\"wp-block-heading\">Vzor<\/h4>\n\n\n\n<p>N\u00e1zev zna\u010dky: ZDE<\/p>\n\n\n\n<figure class=\"wp-block-table\"><table class=\"has-fixed-layout\"><tbody><tr><td>URL autorizovan\u00e9ho e-shopu<\/td><td>URL e-shopu na Zbo\u017e\u00ed.cz<\/td><\/tr><tr><td>www.eshop1.cz<\/td><td>zbozi.cz\/obchod\/11111\/<\/td><\/tr><tr><td>www.eshop2.cz<\/td><td>zbozi.cz\/obchod\/22222\/<\/td><\/tr><tr><td>www.eshop3.cz<\/td><td>zbozi.cz\/obchod\/33333\/<\/td><\/tr><\/tbody><\/table><\/figure>\n\n\n\n<h3 class=\"wp-block-heading\">Pokud jste autorizovan\u00fd e-shop<\/h3>\n\n\n\n<ul class=\"wp-block-list\">\n<li>Seznam zna\u010dek, pro kter\u00e9 jste autorizovan\u00fdm prodejcem<\/li>\n\n\n\n<li>Potvrzen\u00ed zna\u010dek \u2013 p\u0159eposl\u00e1n\u00ed vyj\u00e1d\u0159en\u00e9ho souhlasu<\/li>\n<\/ul>\n\n\n\n<div class=\"wp-block-seznam-box is-layout-flow wp-block-seznam-box-is-layout-flow\">\n<p class=\"has-text-align-center\">S objedn\u00e1vkami nebo dotazy se obracejte na <a href=\"mailto:vendori@firma.seznam.cz\">vendori@firma.seznam.cz<\/a>.<\/p>\n<\/div>\n\n\n\n<p><\/p>\n<\/div>\n","protected":false},"excerpt":{"rendered":"<p>Chcete podpo\u0159it prodej p\u0159es autorizovan\u00e9 prodejce, nebo z\u00edskat ozna\u010den\u00ed pro v\u00e1\u0161 e-shop? Nab\u00edz\u00edme v\u00e1m zdarma mo\u017enost zobrazen\u00ed \u0161t\u00edtku \u201cAutorizovan\u00fd prodejce\u201d na detailu nab\u00eddky. Co nab\u00edz\u00edme Zobrazen\u00ed autorizovan\u00e9ho prodejce Co od v\u00e1s pot\u0159ebujeme Pokud jste zna\u010dka Vzor N\u00e1zev zna\u010dky: ZDE URL autorizovan\u00e9ho e-shopu URL e-shopu na Zbo\u017e\u00ed.cz www.eshop1.cz zbozi.cz\/obchod\/11111\/ www.eshop2.cz zbozi.cz\/obchod\/22222\/ www.eshop3.cz zbozi.cz\/obchod\/33333\/ Pokud jste autorizovan\u00fd [&hellip;]<\/p>\n","protected":false},"author":2,"featured_media":0,"parent":0,"menu_order":0,"comment_status":"closed","ping_status":"closed","template":"page-sidemenu","meta":{"_acf_changed":false,"_relevanssi_hide_post":"","_relevanssi_hide_content":"","_relevanssi_pin_for_all":"","_relevanssi_pin_keywords":"","_relevanssi_unpin_keywords":"","_relevanssi_related_keywords":"","_relevanssi_related_include_ids":"","_relevanssi_related_exclude_ids":"","_relevanssi_related_no_append":"","_relevanssi_related_not_related":"","_relevanssi_related_posts":"","_relevanssi_noindex_reason":"","footnotes":""},"page_category":[31],"page_tag":[],"service_status_category":[],"class_list":["post-29","page","type-page","status-publish","hentry"],"acf":[],"_links":{"self":[{"href":"https:\/\/o-seznam.cz\/napoveda\/vendorske-spoluprace\/wp-json\/wp\/v2\/pages\/29","targetHints":{"allow":["GET"]}}],"collection":[{"href":"https:\/\/o-seznam.cz\/napoveda\/vendorske-spoluprace\/wp-json\/wp\/v2\/pages"}],"about":[{"href":"https:\/\/o-seznam.cz\/napoveda\/vendorske-spoluprace\/wp-json\/wp\/v2\/types\/page"}],"author":[{"embeddable":true,"href":"https:\/\/o-seznam.cz\/napoveda\/vendorske-spoluprace\/wp-json\/wp\/v2\/users\/2"}],"replies":[{"embeddable":true,"href":"https:\/\/o-seznam.cz\/napoveda\/vendorske-spoluprace\/wp-json\/wp\/v2\/comments?post=29"}],"version-history":[{"count":7,"href":"https:\/\/o-seznam.cz\/napoveda\/vendorske-spoluprace\/wp-json\/wp\/v2\/pages\/29\/revisions"}],"predecessor-version":[{"id":223,"href":"https:\/\/o-seznam.cz\/napoveda\/vendorske-spoluprace\/wp-json\/wp\/v2\/pages\/29\/revisions\/223"}],"wp:attachment":[{"href":"https:\/\/o-seznam.cz\/napoveda\/vendorske-spoluprace\/wp-json\/wp\/v2\/media?parent=29"}],"wp:term":[{"taxonomy":"page_category","embeddable":true,"href":"https:\/\/o-seznam.cz\/napoveda\/vendorske-spoluprace\/wp-json\/wp\/v2\/page_category?post=29"},{"taxonomy":"page_tag","embeddable":true,"href":"https:\/\/o-seznam.cz\/napoveda\/vendorske-spoluprace\/wp-json\/wp\/v2\/page_tag?post=29"},{"taxonomy":"service_status_category","embeddable":true,"href":"https:\/\/o-seznam.cz\/napoveda\/vendorske-spoluprace\/wp-json\/wp\/v2\/service_status_category?post=29"}],"curies":[{"name":"wp","href":"https:\/\/api.w.org\/{rel}","templated":true}]}}