{"id":26,"date":"2025-03-24T08:11:27","date_gmt":"2025-03-24T07:11:27","guid":{"rendered":"https:\/\/o-seznam.cz\/napoveda\/vendorske-spoluprace\/?page_id=26"},"modified":"2025-07-30T13:51:39","modified_gmt":"2025-07-30T11:51:39","slug":"brandove-spoluprace","status":"publish","type":"page","link":"https:\/\/o-seznam.cz\/napoveda\/vendorske-spoluprace\/brandove-spoluprace\/","title":{"rendered":"Co-brandov\u00e9 spolupr\u00e1ce"},"content":{"rendered":"\n<p>Dejte v\u011bd\u011bt o sv\u00e9m produktu! Zobrazte ho v r\u00e1mci bannerov\u00fdch reklamn\u00edch ploch na vybran\u00fdch slu\u017eb\u00e1ch Seznamu: Novinky.cz, Seznam Zpr\u00e1vy, Seznam HP, Seznam Email, Super.cz<\/p>\n\n\n\n<div class=\"wp-block-group is-layout-constrained wp-block-group-is-layout-constrained\">\n<h2 class=\"wp-block-heading\">V\u00fdhody<\/h2>\n\n\n\n<ul class=\"wp-block-list\">\n<li>M\u016f\u017eete vyu\u017e\u00edt jednotn\u00fd vizu\u00e1ln\u00ed styl va\u0161ich kampan\u00ed, pouze dopln\u011bn\u00fd o logo Zbo\u017e\u00ed.cz<\/li>\n\n\n\n<li>Co-brandov\u00e1 spolupr\u00e1ce je v r\u00e1mci vendorsk\u00e9 spolupr\u00e1ce cenov\u011b v\u00fdhodn\u011bj\u0161\u00ed oproti standardn\u00ed kampani.<\/li>\n\n\n\n<li>Odv\u00e1d\u00ed z\u00e1kazn\u00edka p\u0159\u00edmo na detail produktu, jeho kategorii nebo produktovou \u0159adu na Zbo\u017e\u00ed.cz.<\/li>\n\n\n\n<li>V\u00edce proklik\u016f na produkt v r\u00e1mci kampan\u011b v\u00e1m zajist\u00ed i lep\u0161\u00ed pozici v r\u00e1mci zobrazen\u00ed.<\/li>\n\n\n\n<li>Kampa\u0148 p\u0159ipravujeme klient\u016fm na m\u00edru.<\/li>\n\n\n\n<li>Brand manu\u00e1l pro vytvo\u0159en\u00ed banner\u016f <a href=\"https:\/\/o-seznam.cz\/napoveda\/vendorske-spoluprace\/wp-content\/uploads\/sites\/25\/2025\/03\/Zbozi-brand-manualy-pro-vendory-v3.pdf\" data-type=\"link\" data-id=\"https:\/\/o-seznam.cz\/napoveda\/vendorske-spoluprace\/wp-content\/uploads\/sites\/25\/2025\/03\/Zbozi-brand-manualy-pro-vendory-v2.pdf\" target=\"_blank\" rel=\"noreferrer noopener\">zde ke sta\u017een\u00ed<\/a>.<\/li>\n<\/ul>\n\n\n\n<figure class=\"wp-block-image aligncenter size-large is-resized\"><img loading=\"lazy\" decoding=\"async\" width=\"1984\" height=\"429\" src=\"https:\/\/o-seznam.cz\/napoveda\/vendorske-spoluprace\/wp-content\/uploads\/sites\/25\/2025\/03\/co-brand-priklad-2-1984x429.png\" alt=\"\" class=\"wp-image-96\" style=\"width:800px\" srcset=\"https:\/\/o-seznam.cz\/napoveda\/vendorske-spoluprace\/wp-content\/uploads\/sites\/25\/2025\/03\/co-brand-priklad-2-1984x429.png 1984w, https:\/\/o-seznam.cz\/napoveda\/vendorske-spoluprace\/wp-content\/uploads\/sites\/25\/2025\/03\/co-brand-priklad-2-992x215.png 992w, https:\/\/o-seznam.cz\/napoveda\/vendorske-spoluprace\/wp-content\/uploads\/sites\/25\/2025\/03\/co-brand-priklad-2-320x69.png 320w, https:\/\/o-seznam.cz\/napoveda\/vendorske-spoluprace\/wp-content\/uploads\/sites\/25\/2025\/03\/co-brand-priklad-2-768x166.png 768w, https:\/\/o-seznam.cz\/napoveda\/vendorske-spoluprace\/wp-content\/uploads\/sites\/25\/2025\/03\/co-brand-priklad-2-1536x333.png 1536w, https:\/\/o-seznam.cz\/napoveda\/vendorske-spoluprace\/wp-content\/uploads\/sites\/25\/2025\/03\/co-brand-priklad-2-2048x443.png 2048w\" sizes=\"auto, (max-width: 1984px) 100vw, 1984px\" \/><\/figure>\n\n\n\n<figure class=\"wp-block-image aligncenter size-full is-resized\"><img loading=\"lazy\" decoding=\"async\" width=\"1167\" height=\"1167\" src=\"https:\/\/o-seznam.cz\/napoveda\/vendorske-spoluprace\/wp-content\/uploads\/sites\/25\/2025\/03\/co-brand-priklad-4.png\" alt=\"\" class=\"wp-image-95\" style=\"width:450px\" srcset=\"https:\/\/o-seznam.cz\/napoveda\/vendorske-spoluprace\/wp-content\/uploads\/sites\/25\/2025\/03\/co-brand-priklad-4.png 1167w, https:\/\/o-seznam.cz\/napoveda\/vendorske-spoluprace\/wp-content\/uploads\/sites\/25\/2025\/03\/co-brand-priklad-4-992x992.png 992w, https:\/\/o-seznam.cz\/napoveda\/vendorske-spoluprace\/wp-content\/uploads\/sites\/25\/2025\/03\/co-brand-priklad-4-320x320.png 320w, https:\/\/o-seznam.cz\/napoveda\/vendorske-spoluprace\/wp-content\/uploads\/sites\/25\/2025\/03\/co-brand-priklad-4-768x768.png 768w, https:\/\/o-seznam.cz\/napoveda\/vendorske-spoluprace\/wp-content\/uploads\/sites\/25\/2025\/03\/co-brand-priklad-4-256x256.png 256w\" sizes=\"auto, (max-width: 1167px) 100vw, 1167px\" \/><\/figure>\n\n\n\n<p class=\"has-text-align-center\"><em>P\u0159\u00edklady co-brandov\u00fdch vizu\u00e1l\u016f kampan\u00ed<\/em><\/p>\n<\/div>\n\n\n\n<div class=\"wp-block-group is-layout-constrained wp-block-group-is-layout-constrained\">\n<h2 class=\"wp-block-heading\">V\u00fdb\u011br pozic<\/h2>\n\n\n\n<ul class=\"wp-block-list\">\n<li><strong>Seznam.cz<\/strong> \u2013 homepage: Wallpaper; Produktov\u00e1 plachta; Mobiln\u00ed square premium<\/li>\n\n\n\n<li><strong>Seznam Zpr\u00e1vy:<\/strong> Mobiln\u00ed square premium; Skyscarper<\/li>\n\n\n\n<li><strong>Email: <\/strong>Skyscarper<\/li>\n\n\n\n<li><strong>Novinky.cz:<\/strong> Produktov\u00e1 plachta; Mobiln\u00ed square premium; Skyscraper<\/li>\n\n\n\n<li><strong>Super.cz:<\/strong> Mobiln\u00ed square premium; Skyscraper<\/li>\n<\/ul>\n\n\n\n<p class=\"is-style-link-external\">Pokud budete pot\u0159ebovat v\u00edce informac\u00ed, pod\u00edvejte se na <a href=\"https:\/\/seznam.prehledreklam.cz\/cs\/primy-nakup\/\" data-type=\"link\" data-id=\"https:\/\/seznam.prehledreklam.cz\/cs\/primy-nakup\/\">technick\u00e9 specifikace v sekci n\u00e1pov\u011bdy<\/a>.<\/p>\n\n\n\n<div class=\"wp-block-seznam-box is-layout-flow wp-block-seznam-box-is-layout-flow\">\n<p class=\"has-text-align-center\">S objedn\u00e1vkami nebo dotazy se obracejte na <a href=\"mailto:vendori@firma.seznam.cz\">vendori@firma.seznam.cz<\/a>.<\/p>\n<\/div>\n<\/div>\n","protected":false},"excerpt":{"rendered":"<p>Dejte v\u011bd\u011bt o sv\u00e9m produktu! Zobrazte ho v r\u00e1mci bannerov\u00fdch reklamn\u00edch ploch na vybran\u00fdch slu\u017eb\u00e1ch Seznamu: Novinky.cz, Seznam Zpr\u00e1vy, Seznam HP, Seznam Email, Super.cz V\u00fdhody P\u0159\u00edklady co-brandov\u00fdch vizu\u00e1l\u016f kampan\u00ed V\u00fdb\u011br pozic Pokud budete pot\u0159ebovat v\u00edce informac\u00ed, pod\u00edvejte se na technick\u00e9 specifikace v sekci n\u00e1pov\u011bdy.<\/p>\n","protected":false},"author":2,"featured_media":0,"parent":0,"menu_order":0,"comment_status":"closed","ping_status":"closed","template":"page-sidemenu","meta":{"_acf_changed":false,"_relevanssi_hide_post":"","_relevanssi_hide_content":"","_relevanssi_pin_for_all":"","_relevanssi_pin_keywords":"","_relevanssi_unpin_keywords":"","_relevanssi_related_keywords":"","_relevanssi_related_include_ids":"","_relevanssi_related_exclude_ids":"","_relevanssi_related_no_append":"","_relevanssi_related_not_related":"","_relevanssi_related_posts":"","_relevanssi_noindex_reason":"","footnotes":""},"page_category":[31],"page_tag":[],"service_status_category":[],"class_list":["post-26","page","type-page","status-publish","hentry"],"acf":[],"_links":{"self":[{"href":"https:\/\/o-seznam.cz\/napoveda\/vendorske-spoluprace\/wp-json\/wp\/v2\/pages\/26","targetHints":{"allow":["GET"]}}],"collection":[{"href":"https:\/\/o-seznam.cz\/napoveda\/vendorske-spoluprace\/wp-json\/wp\/v2\/pages"}],"about":[{"href":"https:\/\/o-seznam.cz\/napoveda\/vendorske-spoluprace\/wp-json\/wp\/v2\/types\/page"}],"author":[{"embeddable":true,"href":"https:\/\/o-seznam.cz\/napoveda\/vendorske-spoluprace\/wp-json\/wp\/v2\/users\/2"}],"replies":[{"embeddable":true,"href":"https:\/\/o-seznam.cz\/napoveda\/vendorske-spoluprace\/wp-json\/wp\/v2\/comments?post=26"}],"version-history":[{"count":13,"href":"https:\/\/o-seznam.cz\/napoveda\/vendorske-spoluprace\/wp-json\/wp\/v2\/pages\/26\/revisions"}],"predecessor-version":[{"id":231,"href":"https:\/\/o-seznam.cz\/napoveda\/vendorske-spoluprace\/wp-json\/wp\/v2\/pages\/26\/revisions\/231"}],"wp:attachment":[{"href":"https:\/\/o-seznam.cz\/napoveda\/vendorske-spoluprace\/wp-json\/wp\/v2\/media?parent=26"}],"wp:term":[{"taxonomy":"page_category","embeddable":true,"href":"https:\/\/o-seznam.cz\/napoveda\/vendorske-spoluprace\/wp-json\/wp\/v2\/page_category?post=26"},{"taxonomy":"page_tag","embeddable":true,"href":"https:\/\/o-seznam.cz\/napoveda\/vendorske-spoluprace\/wp-json\/wp\/v2\/page_tag?post=26"},{"taxonomy":"service_status_category","embeddable":true,"href":"https:\/\/o-seznam.cz\/napoveda\/vendorske-spoluprace\/wp-json\/wp\/v2\/service_status_category?post=26"}],"curies":[{"name":"wp","href":"https:\/\/api.w.org\/{rel}","templated":true}]}}