{"id":23,"date":"2025-03-24T08:10:51","date_gmt":"2025-03-24T07:10:51","guid":{"rendered":"https:\/\/o-seznam.cz\/napoveda\/vendorske-spoluprace\/?page_id=23"},"modified":"2025-06-25T14:02:33","modified_gmt":"2025-06-25T12:02:33","slug":"bannerove-plochy","status":"publish","type":"page","link":"https:\/\/o-seznam.cz\/napoveda\/vendorske-spoluprace\/bannerove-plochy\/","title":{"rendered":"Vendor bannerov\u00e9 plochy"},"content":{"rendered":"\n<div class=\"wp-block-group is-layout-constrained wp-block-group-is-layout-constrained\">\n<p>Vyu\u017eijte p\u0159\u00edle\u017eitosti prezentovat sv\u00e9 produkty prost\u0159ednictv\u00edm bannerov\u00e9ho form\u00e1tu v konkr\u00e9tn\u00ed sekci kategorick\u00e9ho stromu na Zbo\u017e\u00ed.cz. D\u00edky vendorsk\u00fdm banner\u016fm z\u00edsk\u00e1te v\u00fdrazn\u00fd prostor a pozornost na v\u00e1\u0161 produkt v relevantn\u00edch sekc\u00edch (kategori\u00edch). Ve v\u00e1mi zvolen\u00e9m term\u00ednu se ve v\u0161ech produktov\u00fdch kart\u00e1ch vybran\u00e9 sekce zobraz\u00edme v\u00e1\u0161 banner. Bannerov\u00e9 plochy se zobrazuj\u00ed i v produktov\u00fdch kart\u00e1ch u konkurence.<\/p>\n\n\n\n<p>Podm\u00ednkou je odkazovat na str\u00e1nku (detail produktu, produktov\u00e1 \u0159ada, kategorie, str\u00e1nka zna\u010dky) na Zbo\u017e\u00ed.cz.<\/p>\n<\/div>\n\n\n\n<div class=\"wp-block-group is-layout-constrained wp-block-group-is-layout-constrained\">\n<h2 class=\"wp-block-heading\">Cen\u00edk<\/h2>\n\n\n\n<p>Cena je platn\u00e1 v\u017edy na jeden m\u011bs\u00edc. Jeden banner m\u016f\u017ee b\u00fdt v kampani maxim\u00e1ln\u011b 1 m\u011bs\u00edc.<\/p>\n\n\n\n<figure class=\"wp-block-table\"><table class=\"has-fixed-layout\"><tbody><tr><td><\/td><td><strong>Bal\u00ed\u010dek Low<\/strong><\/td><td><strong>Bal\u00ed\u010dek High<\/strong><\/td><\/tr><tr><td><\/td><td>(1. 1. &#8211; 31. 10.)<\/td><td>(1. 11. &#8211; 31. 12.)<\/td><\/tr><tr><td><strong>Sekce<\/strong><\/td><td><strong>Cena \/ 1 m\u011bs\u00edc<\/strong> bez DPH<\/td><td><strong>Cena \/ 1 m\u011bs\u00edc<\/strong> bez DPH<\/td><\/tr><tr><td>Elektronika<\/td><td>35 000 K\u010d<\/td><td>60 000 K\u010d<\/td><\/tr><tr><td>\u017divotn\u00ed styl<\/td><td>40 000 K\u010d<\/td><td>65 000 K\u010d<\/td><\/tr><tr><td>M\u00f3da a kr\u00e1sa<\/td><td>35 000 K\u010d<\/td><td>60 000 K\u010d<\/td><\/tr><tr><td>D\u011btsk\u00e9 zbo\u017e\u00ed<\/td><td>15 000 K\u010d<\/td><td>40 000 K\u010d<\/td><\/tr><tr><td>D\u016fm, byt a zahrada<\/td><td>80 000 K\u010d<\/td><td>115 000 K\u010d<\/td><\/tr><tr><td>Dom\u00e1c\u00ed spot\u0159ebi\u010de<\/td><td>20 000 K\u010d<\/td><td>45 000 K\u010d<\/td><\/tr><tr><td>Auto-Moto<\/td><td>15 000 K\u010d<\/td><td>30 000 K\u010d<\/td><\/tr><tr><td>Zdrav\u00ed<\/td><td>15 000 K\u010d<\/td><td>30 000 K\u010d<\/td><\/tr><\/tbody><\/table><\/figure>\n<\/div>\n\n\n\n<div class=\"wp-block-group is-layout-constrained wp-block-group-is-layout-constrained\">\n<h2 class=\"wp-block-heading\">Po\u017eadavky na bannery<\/h2>\n\n\n\n<ul class=\"wp-block-list\">\n<li>Nev\u00fdrazn\u00e9 pozad\u00ed, jednobarevn\u00e9 \u010di s m\u00edrn\u00fdm gradientem.<\/li>\n\n\n\n<li>Kvalitn\u00ed a ostr\u00e9 obr\u00e1zky produktu.<\/li>\n\n\n\n<li>Obsah na banneru mus\u00ed odpov\u00eddat c\u00edlov\u00e9 landing page.<\/li>\n<\/ul>\n<\/div>\n\n\n\n<div class=\"wp-block-group is-layout-constrained wp-block-group-is-layout-constrained\">\n<h2 class=\"wp-block-heading\">Zak\u00e1zan\u00e9 prvky na bannerech<\/h2>\n\n\n\n<ul class=\"wp-block-list\">\n<li>Znaky pro copyright \u00a9 nebo trademark \u2122, CAPS LOCK.<\/li>\n\n\n\n<li>Propagace konkr\u00e9tn\u00edho prodejce (v eshopu xy za cenu 50K\u010d).<\/li>\n\n\n\n<li>Informace o slev\u00e1ch nebo marketingov\u00fdch akc\u00edch (Black friday,\u2026).<\/li>\n\n\n\n<li>Benefity kter\u00e9 nelze zaru\u010dit u v\u0161ech prodejc\u016f (D\u00e1rek zdarma, p\u0159\u00edslu\u0161enstv\u00ed zdarma, \u2026).<\/li>\n\n\n\n<li>P\u0159e\u0161krtl\u00e9 cenovky.<\/li>\n\n\n\n<li>Superlativa v textu.<\/li>\n\n\n\n<li>Produkty spadaj\u00edc\u00ed do Nepovolen\u00e9ho obsahu (erotick\u00e9 produkty, tab\u00e1kov\u00e9 v\u00fdrobky,..).<\/li>\n<\/ul>\n<\/div>\n\n\n\n<div class=\"wp-block-group is-layout-constrained wp-block-group-is-layout-constrained\">\n<h2 class=\"wp-block-heading\">Technick\u00e1 specifikace banner\u016f<\/h2>\n\n\n\n<ul class=\"wp-block-list\">\n<li><a href=\"https:\/\/seznam.prehledreklam.cz\/cs\/primy-nakup\/produkt\/vendor-middle\/183\/233\/\" data-type=\"link\" data-id=\"https:\/\/seznam.prehledreklam.cz\/cs\/primy-nakup\/produkt\/vendor-middle\/183\/233\/\" target=\"_blank\" rel=\"noreferrer noopener\">Desktopov\u00e1 verze<\/a><\/li>\n\n\n\n<li><a href=\"https:\/\/seznam.prehledreklam.cz\/cs\/primy-nakup\/produkt\/vendor-mobilni-square\/182\/232\/\" data-type=\"link\" data-id=\"https:\/\/seznam.prehledreklam.cz\/cs\/primy-nakup\/produkt\/vendor-mobilni-square\/182\/232\/\" target=\"_blank\" rel=\"noreferrer noopener\">Mobiln\u00ed verze<\/a><\/li>\n<\/ul>\n<\/div>\n\n\n\n<div class=\"wp-block-group is-layout-constrained wp-block-group-is-layout-constrained\">\n<h2 class=\"wp-block-heading\">P\u0159\u00edklady banner\u016f<\/h2>\n\n\n\n<figure class=\"wp-block-image aligncenter size-full is-resized\"><img loading=\"lazy\" decoding=\"async\" width=\"661\" height=\"798\" src=\"https:\/\/o-seznam.cz\/napoveda\/vendorske-spoluprace\/wp-content\/uploads\/sites\/25\/2025\/03\/vendor-banner-1.png\" alt=\"\" class=\"wp-image-109\" style=\"width:661px;height:auto\" srcset=\"https:\/\/o-seznam.cz\/napoveda\/vendorske-spoluprace\/wp-content\/uploads\/sites\/25\/2025\/03\/vendor-banner-1.png 661w, https:\/\/o-seznam.cz\/napoveda\/vendorske-spoluprace\/wp-content\/uploads\/sites\/25\/2025\/03\/vendor-banner-1-265x320.png 265w\" sizes=\"auto, (max-width: 661px) 100vw, 661px\" \/><\/figure>\n\n\n\n<p class=\"has-text-align-center\"><em>Zobrazen\u00ed na desktopu<\/em><\/p>\n\n\n\n<figure class=\"wp-block-image aligncenter size-full is-resized\"><img loading=\"lazy\" decoding=\"async\" width=\"628\" height=\"1070\" src=\"https:\/\/o-seznam.cz\/napoveda\/vendorske-spoluprace\/wp-content\/uploads\/sites\/25\/2025\/03\/vendor-banner-3.png\" alt=\"\" class=\"wp-image-110\" style=\"width:316px;height:auto\" srcset=\"https:\/\/o-seznam.cz\/napoveda\/vendorske-spoluprace\/wp-content\/uploads\/sites\/25\/2025\/03\/vendor-banner-3.png 628w, https:\/\/o-seznam.cz\/napoveda\/vendorske-spoluprace\/wp-content\/uploads\/sites\/25\/2025\/03\/vendor-banner-3-582x992.png 582w, https:\/\/o-seznam.cz\/napoveda\/vendorske-spoluprace\/wp-content\/uploads\/sites\/25\/2025\/03\/vendor-banner-3-188x320.png 188w\" sizes=\"auto, (max-width: 628px) 100vw, 628px\" \/><\/figure>\n\n\n\n<p class=\"has-text-align-center\"><em>Zobrazen\u00ed na mobilu<\/em><\/p>\n\n\n\n<div class=\"wp-block-seznam-box is-layout-flow wp-block-seznam-box-is-layout-flow\">\n<p class=\"has-text-align-center\">S objedn\u00e1vkami nebo dotazy se obracejte na <a href=\"mailto:vendori@firma.seznam.cz\">vendori@firma.seznam.cz<\/a>.<\/p>\n<\/div>\n<\/div>\n","protected":false},"excerpt":{"rendered":"<p>Vyu\u017eijte p\u0159\u00edle\u017eitosti prezentovat sv\u00e9 produkty prost\u0159ednictv\u00edm bannerov\u00e9ho form\u00e1tu v konkr\u00e9tn\u00ed sekci kategorick\u00e9ho stromu na Zbo\u017e\u00ed.cz. D\u00edky vendorsk\u00fdm banner\u016fm z\u00edsk\u00e1te v\u00fdrazn\u00fd prostor a pozornost na v\u00e1\u0161 produkt v relevantn\u00edch sekc\u00edch (kategori\u00edch). Ve v\u00e1mi zvolen\u00e9m term\u00ednu se ve v\u0161ech produktov\u00fdch kart\u00e1ch vybran\u00e9 sekce zobraz\u00edme v\u00e1\u0161 banner. Bannerov\u00e9 plochy se zobrazuj\u00ed i v produktov\u00fdch kart\u00e1ch u konkurence. Podm\u00ednkou [&hellip;]<\/p>\n","protected":false},"author":2,"featured_media":0,"parent":0,"menu_order":0,"comment_status":"closed","ping_status":"closed","template":"page-sidemenu","meta":{"_acf_changed":false,"_relevanssi_hide_post":"","_relevanssi_hide_content":"","_relevanssi_pin_for_all":"","_relevanssi_pin_keywords":"","_relevanssi_unpin_keywords":"","_relevanssi_related_keywords":"","_relevanssi_related_include_ids":"","_relevanssi_related_exclude_ids":"","_relevanssi_related_no_append":"","_relevanssi_related_not_related":"","_relevanssi_related_posts":"","_relevanssi_noindex_reason":"","footnotes":""},"page_category":[31],"page_tag":[],"service_status_category":[],"class_list":["post-23","page","type-page","status-publish","hentry"],"acf":[],"_links":{"self":[{"href":"https:\/\/o-seznam.cz\/napoveda\/vendorske-spoluprace\/wp-json\/wp\/v2\/pages\/23","targetHints":{"allow":["GET"]}}],"collection":[{"href":"https:\/\/o-seznam.cz\/napoveda\/vendorske-spoluprace\/wp-json\/wp\/v2\/pages"}],"about":[{"href":"https:\/\/o-seznam.cz\/napoveda\/vendorske-spoluprace\/wp-json\/wp\/v2\/types\/page"}],"author":[{"embeddable":true,"href":"https:\/\/o-seznam.cz\/napoveda\/vendorske-spoluprace\/wp-json\/wp\/v2\/users\/2"}],"replies":[{"embeddable":true,"href":"https:\/\/o-seznam.cz\/napoveda\/vendorske-spoluprace\/wp-json\/wp\/v2\/comments?post=23"}],"version-history":[{"count":10,"href":"https:\/\/o-seznam.cz\/napoveda\/vendorske-spoluprace\/wp-json\/wp\/v2\/pages\/23\/revisions"}],"predecessor-version":[{"id":222,"href":"https:\/\/o-seznam.cz\/napoveda\/vendorske-spoluprace\/wp-json\/wp\/v2\/pages\/23\/revisions\/222"}],"wp:attachment":[{"href":"https:\/\/o-seznam.cz\/napoveda\/vendorske-spoluprace\/wp-json\/wp\/v2\/media?parent=23"}],"wp:term":[{"taxonomy":"page_category","embeddable":true,"href":"https:\/\/o-seznam.cz\/napoveda\/vendorske-spoluprace\/wp-json\/wp\/v2\/page_category?post=23"},{"taxonomy":"page_tag","embeddable":true,"href":"https:\/\/o-seznam.cz\/napoveda\/vendorske-spoluprace\/wp-json\/wp\/v2\/page_tag?post=23"},{"taxonomy":"service_status_category","embeddable":true,"href":"https:\/\/o-seznam.cz\/napoveda\/vendorske-spoluprace\/wp-json\/wp\/v2\/service_status_category?post=23"}],"curies":[{"name":"wp","href":"https:\/\/api.w.org\/{rel}","templated":true}]}}