{"id":16,"date":"2025-03-24T08:09:40","date_gmt":"2025-03-24T07:09:40","guid":{"rendered":"https:\/\/o-seznam.cz\/napoveda\/vendorske-spoluprace\/?page_id=16"},"modified":"2026-04-10T15:01:42","modified_gmt":"2026-04-10T13:01:42","slug":"popis-stranky","status":"publish","type":"page","link":"https:\/\/o-seznam.cz\/napoveda\/vendorske-spoluprace\/popis-stranky\/","title":{"rendered":"Popis str\u00e1nky zna\u010dky"},"content":{"rendered":"\n<p>PRO\u010c? Z\u00e1kazn\u00edci miluj\u00ed produkty s p\u0159\u00edb\u011bhem. A vy jim ho m\u016f\u017eete nab\u00eddnout!<\/p>\n\n\n\n<div class=\"wp-block-group is-layout-constrained wp-block-group-is-layout-constrained\">\n<h2 class=\"wp-block-heading\">Co nab\u00edz\u00edme<\/h2>\n\n\n\n<ul class=\"wp-block-list\">\n<li>Prezentaci informac\u00ed o zna\u010dce na samostatn\u00e9 str\u00e1nce.<\/li>\n\n\n\n<li>Pops\u00e1n\u00ed historie zna\u010dky, \u010d\u00edm se zab\u00fdv\u00e1, jak\u00e9 pou\u017e\u00edv\u00e1 technologie, jak\u00e9 ceny a \u00fasp\u011bchy zaznamenala.<\/li>\n<\/ul>\n<\/div>\n\n\n\n<div class=\"wp-block-group is-layout-constrained wp-block-group-is-layout-constrained\">\n<h2 class=\"wp-block-heading\">Co z\u00edsk\u00e1te se slu\u017ebou popis vendora<\/h2>\n\n\n\n<ul class=\"wp-block-list\">\n<li>Prolinkov\u00e1n\u00ed nejlep\u0161\u00edch kategori\u00ed, p\u0159\u00edpadn\u011b i produkt\u016f.<\/li>\n\n\n\n<li>Zapojen\u00ed emo\u010dn\u00ed str\u00e1nky chov\u00e1n\u00ed z\u00e1kazn\u00edka \u2013 p\u0159ijme za sv\u00e9 v\u00fdhody, kter\u00e9 z\u00edsk\u00e1 n\u00e1kupem produktu dan\u00e9 zna\u010dky.<\/li>\n\n\n\n<li>Mo\u017enost vlo\u017eit banner ve form\u00e1tu <strong>PNG\u00a0<\/strong>nebo\u00a0<strong>JPG<\/strong> velikosti <strong>p\u0159esn\u011b 515 \u00d7 950 pixel\u016f<\/strong>\u00a0(na v\u00fd\u0161ku).<\/li>\n<\/ul>\n\n\n\n<figure class=\"wp-block-image aligncenter size-full\"><img loading=\"lazy\" decoding=\"async\" width=\"801\" height=\"747\" src=\"https:\/\/o-seznam.cz\/napoveda\/vendorske-spoluprace\/wp-content\/uploads\/sites\/25\/2025\/03\/stranka-znacky.png\" alt=\"\" class=\"wp-image-125\" srcset=\"https:\/\/o-seznam.cz\/napoveda\/vendorske-spoluprace\/wp-content\/uploads\/sites\/25\/2025\/03\/stranka-znacky.png 801w, https:\/\/o-seznam.cz\/napoveda\/vendorske-spoluprace\/wp-content\/uploads\/sites\/25\/2025\/03\/stranka-znacky-320x298.png 320w, https:\/\/o-seznam.cz\/napoveda\/vendorske-spoluprace\/wp-content\/uploads\/sites\/25\/2025\/03\/stranka-znacky-768x716.png 768w\" sizes=\"auto, (max-width: 801px) 100vw, 801px\" \/><\/figure>\n\n\n\n<div class=\"wp-block-seznam-box is-layout-flow wp-block-seznam-box-is-layout-flow\">\n<p class=\"has-text-align-center\">S objedn\u00e1vkami nebo dotazy se obracejte na <a href=\"mailto:vendori@firma.seznam.cz\">vendori@firma.seznam.cz<\/a>.<\/p>\n<\/div>\n<\/div>\n\n\n\n<h2 class=\"wp-block-heading\">Po\u017eadovan\u00e9 podklady<\/h2>\n\n\n\n<p>P\u0159ipravte podklady, ze kter\u00fdch vytvo\u0159\u00edme\u00a0popis zna\u010dky\u00a0(<strong>500\u22121000 znak\u016f v\u010detn\u011b mezer, 2\u22123 odstavce<\/strong>).<\/p>\n\n\n\n<ul class=\"wp-block-list\">\n<li>Z\u00e1kladn\u00ed zam\u011b\u0159en\u00ed zna\u010dky, hlavn\u00ed pil\u00ed\u0159e, pou\u017e\u00edvan\u00e9 technologie, informace, kter\u00e9 zna\u010dku v o\u010d\u00edch z\u00e1kazn\u00edk\u016f profiluj\u00ed.<\/li>\n\n\n\n<li>Zam\u011b\u0159te se na\u00a0<strong>popis kategori\u00ed v\u00fdrobk\u016f firmy<\/strong>\u00a0\u2013 my\u0161leno obecn\u011b, jako \u201evyr\u00e1b\u00ed mobiln\u00ed telefony\u201c, \u201eje prodejcem p\u0159enosn\u00fdch DVD p\u0159ehr\u00e1va\u010d\u016f\u201c atd.<\/li>\n\n\n\n<li>Zmi\u0148ujte<strong>\u00a0jen nad\u010dasov\u00e9 informace<\/strong>. Nepi\u0161te o konkr\u00e9tn\u00edch jednotliv\u00fdch v\u00fdrobc\u00edch a obecn\u011b o \u010demkoliv, co se v \u010dase m\u011bn\u00ed (nevhodn\u00e9 je nap\u0159. \u201eaktu\u00e1ln\u011b je vlajkovou lod\u00ed mobiln\u00ed telefon \u201cApple iPhone 13\u201c).<\/li>\n\n\n\n<li>P\u0159\u00edb\u011bh zna\u010dky popi\u0161te jen tak, aby byly informace\u00a0<strong>st\u00e1le aktu\u00e1ln\u00ed<\/strong>\u00a0(rok vzniku, zakladatel apod.).<\/li>\n\n\n\n<li><strong>Popis mus\u00ed b\u00fdt ps\u00e1n ve t\u0159et\u00ed osob\u011b<\/strong>\u00a0(nap\u0159. \u201eZna\u010dka se zam\u011b\u0159uje\u2026\u201c, nikoliv \u201eZam\u011b\u0159ujeme se\u2026\u201c).<\/li>\n\n\n\n<li><strong>Text nen\u00ed mo\u017en\u00e9 form\u00e1tovat\u00a0<\/strong>\u2013 nepou\u017e\u00edvejte nadpisy, kurz\u00edvu, tu\u010dn\u00e9 p\u00edsmo.<\/li>\n<\/ul>\n","protected":false},"excerpt":{"rendered":"<p>PRO\u010c? Z\u00e1kazn\u00edci miluj\u00ed produkty s p\u0159\u00edb\u011bhem. A vy jim ho m\u016f\u017eete nab\u00eddnout! Co nab\u00edz\u00edme Co z\u00edsk\u00e1te se slu\u017ebou popis vendora Po\u017eadovan\u00e9 podklady P\u0159ipravte podklady, ze kter\u00fdch vytvo\u0159\u00edme\u00a0popis zna\u010dky\u00a0(500\u22121000 znak\u016f v\u010detn\u011b mezer, 2\u22123 odstavce).<\/p>\n","protected":false},"author":2,"featured_media":0,"parent":0,"menu_order":0,"comment_status":"closed","ping_status":"closed","template":"page-sidemenu","meta":{"_acf_changed":false,"_relevanssi_hide_post":"","_relevanssi_hide_content":"","_relevanssi_pin_for_all":"","_relevanssi_pin_keywords":"","_relevanssi_unpin_keywords":"","_relevanssi_related_keywords":"","_relevanssi_related_include_ids":"","_relevanssi_related_exclude_ids":"","_relevanssi_related_no_append":"","_relevanssi_related_not_related":"","_relevanssi_related_posts":"","_relevanssi_noindex_reason":"","footnotes":""},"page_category":[31],"page_tag":[],"service_status_category":[],"class_list":["post-16","page","type-page","status-publish","hentry"],"acf":[],"_links":{"self":[{"href":"https:\/\/o-seznam.cz\/napoveda\/vendorske-spoluprace\/wp-json\/wp\/v2\/pages\/16","targetHints":{"allow":["GET"]}}],"collection":[{"href":"https:\/\/o-seznam.cz\/napoveda\/vendorske-spoluprace\/wp-json\/wp\/v2\/pages"}],"about":[{"href":"https:\/\/o-seznam.cz\/napoveda\/vendorske-spoluprace\/wp-json\/wp\/v2\/types\/page"}],"author":[{"embeddable":true,"href":"https:\/\/o-seznam.cz\/napoveda\/vendorske-spoluprace\/wp-json\/wp\/v2\/users\/2"}],"replies":[{"embeddable":true,"href":"https:\/\/o-seznam.cz\/napoveda\/vendorske-spoluprace\/wp-json\/wp\/v2\/comments?post=16"}],"version-history":[{"count":5,"href":"https:\/\/o-seznam.cz\/napoveda\/vendorske-spoluprace\/wp-json\/wp\/v2\/pages\/16\/revisions"}],"predecessor-version":[{"id":293,"href":"https:\/\/o-seznam.cz\/napoveda\/vendorske-spoluprace\/wp-json\/wp\/v2\/pages\/16\/revisions\/293"}],"wp:attachment":[{"href":"https:\/\/o-seznam.cz\/napoveda\/vendorske-spoluprace\/wp-json\/wp\/v2\/media?parent=16"}],"wp:term":[{"taxonomy":"page_category","embeddable":true,"href":"https:\/\/o-seznam.cz\/napoveda\/vendorske-spoluprace\/wp-json\/wp\/v2\/page_category?post=16"},{"taxonomy":"page_tag","embeddable":true,"href":"https:\/\/o-seznam.cz\/napoveda\/vendorske-spoluprace\/wp-json\/wp\/v2\/page_tag?post=16"},{"taxonomy":"service_status_category","embeddable":true,"href":"https:\/\/o-seznam.cz\/napoveda\/vendorske-spoluprace\/wp-json\/wp\/v2\/service_status_category?post=16"}],"curies":[{"name":"wp","href":"https:\/\/api.w.org\/{rel}","templated":true}]}}