{"id":12,"date":"2025-03-24T08:08:41","date_gmt":"2025-03-24T07:08:41","guid":{"rendered":"https:\/\/o-seznam.cz\/napoveda\/vendorske-spoluprace\/?page_id=12"},"modified":"2026-04-10T14:37:45","modified_gmt":"2026-04-10T12:37:45","slug":"rich-popis","status":"publish","type":"page","link":"https:\/\/o-seznam.cz\/napoveda\/vendorske-spoluprace\/rich-popis\/","title":{"rendered":"Rich popis produktu"},"content":{"rendered":"\n<p>D\u00edky v\u011bt\u0161\u00edmu mno\u017estv\u00ed informac\u00ed, fotografi\u00ed, p\u0159\u00edpadn\u011b i vide\u00ed, a p\u0159esn\u011b formulovan\u00fdm popisk\u016fm z\u00e1kazn\u00edk l\u00e9pe porozum\u00ed vlastnostem i benefit\u016fm produktu, co\u017e m\u016f\u017ee pozitivn\u011b ovlivnit jeho z\u00e1jem. V\u00fdsledkem pak bude atraktivn\u011bj\u0161\u00ed a l\u00e1kav\u011bj\u0161\u00ed prezentace va\u0161ich produkt\u016f pro z\u00e1kazn\u00edka.<\/p>\n\n\n\n<div class=\"wp-block-group is-layout-constrained wp-block-group-is-layout-constrained\">\n<h2 class=\"wp-block-heading\">Co nab\u00edz\u00edme<\/h2>\n\n\n\n<ul class=\"wp-block-list\">\n<li>Vytvo\u0159en\u00ed\/\u00fapravu produktov\u00e9 karty.<\/li>\n\n\n\n<li>Vlo\u017een\u00ed fotografi\u00ed p\u0159\u00edmo do popisu.<\/li>\n\n\n\n<li>Atraktivn\u00ed mo\u017enost vlo\u017een\u00ed videa.<\/li>\n\n\n\n<li>Vypln\u011bn\u00ed v\u0161ech dostupn\u00fdch parametr\u016f.<\/li>\n\n\n\n<li>Nahr\u00e1n\u00ed bohat\u00e9 fotogalerie va\u0161ich produkt\u016f.<\/li>\n<\/ul>\n\n\n\n<div class=\"wp-block-seznam-box is-layout-flow wp-block-seznam-box-is-layout-flow\">\n<p class=\"has-text-align-center\">UPOZORN\u011aN\u00cd: Rich popis je nutno objednat pro v\u0161echny varianty produktu.<\/p>\n<\/div>\n<\/div>\n\n\n\n<div class=\"wp-block-group is-layout-constrained wp-block-group-is-layout-constrained\">\n<h2 class=\"wp-block-heading\">Co z\u00edsk\u00e1te se slu\u017ebou rich popis produktu<\/h2>\n\n\n\n<ul class=\"wp-block-list\">\n<li>Podrobn\u00fd popis produktu v\u010detn\u011b n\u00e1zorn\u00fdch fotografi\u00ed.<\/li>\n\n\n\n<li>Detailn\u011b rozepsan\u00e9 parametry, p\u0159edstaven\u00ed v\u00fdhod produktu.<\/li>\n\n\n\n<li>Mo\u017enost popsat detailn\u011b technologie a vysv\u011btlit terminologii v\u00fdrobce.<\/li>\n\n\n\n<li>Atraktivn\u00ed mo\u017enost vlo\u017een\u00ed n\u00e1zorn\u00e9ho videa.<\/li>\n\n\n\n<li>Zobrazen\u00ed produktov\u00e9 karty v Googlu na vy\u0161\u0161\u00edch pozic\u00edch.<\/li>\n\n\n\n<li>Prolinkov\u00e1n\u00ed na nab\u00eddku p\u0159\u00edslu\u0161enstv\u00ed k dan\u00e9mu produktu.<\/li>\n\n\n\n<li>Prolinkov\u00e1n\u00ed na str\u00e1nku samostatn\u00e9 zna\u010dky.<\/li>\n<\/ul>\n\n\n\n<figure class=\"wp-block-image aligncenter size-full is-resized\"><img loading=\"lazy\" decoding=\"async\" width=\"480\" height=\"828\" src=\"https:\/\/o-seznam.cz\/napoveda\/vendorske-spoluprace\/wp-content\/uploads\/sites\/25\/2025\/03\/rich-popis.png\" alt=\"\" class=\"wp-image-128\" style=\"width:348px;height:auto\" srcset=\"https:\/\/o-seznam.cz\/napoveda\/vendorske-spoluprace\/wp-content\/uploads\/sites\/25\/2025\/03\/rich-popis.png 480w, https:\/\/o-seznam.cz\/napoveda\/vendorske-spoluprace\/wp-content\/uploads\/sites\/25\/2025\/03\/rich-popis-186x320.png 186w\" sizes=\"auto, (max-width: 480px) 100vw, 480px\" \/><\/figure>\n\n\n\n<p class=\"has-text-align-center\"><em>P\u0159\u00edklad rich popisu<\/em><\/p>\n<\/div>\n\n\n\n<div class=\"wp-block-group is-layout-constrained wp-block-group-is-layout-constrained\">\n<h2 class=\"wp-block-heading\">Co od v\u00e1s budeme pot\u0159ebovat<\/h2>\n\n\n\n<ul class=\"wp-block-list\">\n<li>Podklady pro tvorbu popisu v souladu s na\u0161imi pravidly \u2013 p\u0159esn\u00e9 po\u017eadavky najdete v sekci <a href=\"https:\/\/o-seznam.cz\/napoveda\/vendorske-spoluprace\/podklady\/\">po\u017eadovan\u00fdch podklad\u016f<\/a>.<\/li>\n\n\n\n<li>Obr\u00e1zky ve vhodn\u00e9 velikosti, kter\u00e9 spl\u0148uj\u00ed <a href=\"https:\/\/napoveda.sklik.cz\/inzerce-nakupy\/parovani-nabidek\/#obrazek\">na\u0161e pravidla<\/a> (po\u010det nen\u00ed omezen \u2013 \u010d\u00edm v\u00edce, t\u00edm l\u00e9pe).<\/li>\n<\/ul>\n\n\n\n<p><\/p>\n\n\n\n<p>M\u00e1te nap\u0159\u00edklad barevn\u00e9 varianty produktu? Vyu\u017eijte zv\u00fdhodn\u011bn\u00e9 <a href=\"https:\/\/o-seznam.cz\/napoveda\/vendorske-spoluprace\/cenik\/\" data-type=\"page\" data-id=\"33\">ceny<\/a>!<\/p>\n\n\n\n<div class=\"wp-block-seznam-box is-layout-flow wp-block-seznam-box-is-layout-flow\">\n<p class=\"has-text-align-center\">S objedn\u00e1vkami nebo dotazy se obracejte na vendori@firma.seznam.cz.<\/p>\n<\/div>\n<\/div>\n","protected":false},"excerpt":{"rendered":"<p>D\u00edky v\u011bt\u0161\u00edmu mno\u017estv\u00ed informac\u00ed, fotografi\u00ed, p\u0159\u00edpadn\u011b i vide\u00ed, a p\u0159esn\u011b formulovan\u00fdm popisk\u016fm z\u00e1kazn\u00edk l\u00e9pe porozum\u00ed vlastnostem i benefit\u016fm produktu, co\u017e m\u016f\u017ee pozitivn\u011b ovlivnit jeho z\u00e1jem. V\u00fdsledkem pak bude atraktivn\u011bj\u0161\u00ed a l\u00e1kav\u011bj\u0161\u00ed prezentace va\u0161ich produkt\u016f pro z\u00e1kazn\u00edka. Co nab\u00edz\u00edme Co z\u00edsk\u00e1te se slu\u017ebou rich popis produktu P\u0159\u00edklad rich popisu Co od v\u00e1s budeme pot\u0159ebovat M\u00e1te nap\u0159\u00edklad [&hellip;]<\/p>\n","protected":false},"author":2,"featured_media":0,"parent":0,"menu_order":0,"comment_status":"closed","ping_status":"closed","template":"page-sidemenu","meta":{"_acf_changed":false,"_relevanssi_hide_post":"","_relevanssi_hide_content":"","_relevanssi_pin_for_all":"","_relevanssi_pin_keywords":"","_relevanssi_unpin_keywords":"","_relevanssi_related_keywords":"","_relevanssi_related_include_ids":"","_relevanssi_related_exclude_ids":"","_relevanssi_related_no_append":"","_relevanssi_related_not_related":"","_relevanssi_related_posts":"","_relevanssi_noindex_reason":"","footnotes":""},"page_category":[31],"page_tag":[],"service_status_category":[],"class_list":["post-12","page","type-page","status-publish","hentry"],"acf":[],"_links":{"self":[{"href":"https:\/\/o-seznam.cz\/napoveda\/vendorske-spoluprace\/wp-json\/wp\/v2\/pages\/12","targetHints":{"allow":["GET"]}}],"collection":[{"href":"https:\/\/o-seznam.cz\/napoveda\/vendorske-spoluprace\/wp-json\/wp\/v2\/pages"}],"about":[{"href":"https:\/\/o-seznam.cz\/napoveda\/vendorske-spoluprace\/wp-json\/wp\/v2\/types\/page"}],"author":[{"embeddable":true,"href":"https:\/\/o-seznam.cz\/napoveda\/vendorske-spoluprace\/wp-json\/wp\/v2\/users\/2"}],"replies":[{"embeddable":true,"href":"https:\/\/o-seznam.cz\/napoveda\/vendorske-spoluprace\/wp-json\/wp\/v2\/comments?post=12"}],"version-history":[{"count":7,"href":"https:\/\/o-seznam.cz\/napoveda\/vendorske-spoluprace\/wp-json\/wp\/v2\/pages\/12\/revisions"}],"predecessor-version":[{"id":289,"href":"https:\/\/o-seznam.cz\/napoveda\/vendorske-spoluprace\/wp-json\/wp\/v2\/pages\/12\/revisions\/289"}],"wp:attachment":[{"href":"https:\/\/o-seznam.cz\/napoveda\/vendorske-spoluprace\/wp-json\/wp\/v2\/media?parent=12"}],"wp:term":[{"taxonomy":"page_category","embeddable":true,"href":"https:\/\/o-seznam.cz\/napoveda\/vendorske-spoluprace\/wp-json\/wp\/v2\/page_category?post=12"},{"taxonomy":"page_tag","embeddable":true,"href":"https:\/\/o-seznam.cz\/napoveda\/vendorske-spoluprace\/wp-json\/wp\/v2\/page_tag?post=12"},{"taxonomy":"service_status_category","embeddable":true,"href":"https:\/\/o-seznam.cz\/napoveda\/vendorske-spoluprace\/wp-json\/wp\/v2\/service_status_category?post=12"}],"curies":[{"name":"wp","href":"https:\/\/api.w.org\/{rel}","templated":true}]}}