{"id":98,"date":"2024-10-10T00:16:04","date_gmt":"2024-10-09T22:16:04","guid":{"rendered":"https:\/\/o-seznam.cz\/napoveda\/ucet\/?page_id=98"},"modified":"2025-10-30T09:30:59","modified_gmt":"2025-10-30T08:30:59","slug":"data-a-personalizace","status":"publish","type":"page","link":"https:\/\/o-seznam.cz\/napoveda\/ucet\/data-a-personalizace\/","title":{"rendered":"Data a personalizace"},"content":{"rendered":"\n<div class=\"wp-block-group is-layout-constrained wp-block-group-is-layout-constrained\"><div class=\"wp-block-seznam-list-pages\"><div>\n<div style=\"--seznam-tiles--columns:3\" class=\"wp-block-seznam-tiles has-columns-3\"><div class=\"inner-blocks\">\n<div class=\"block-boxlink\"><a class=\"boxlink boxlink--icon-arrow boxlink--align-y-center px-f8 py-f4\" href=\"https:\/\/o-seznam.cz\/napoveda\/ucet\/data-a-personalizace\/cenik-produktu-predplatneho-pro-personalizaci-obsahu-a-reklamy\/\"><div class=\"inner-blocks\">Cen\u00edk produkt\u016f p\u0159edplatn\u00e9ho pro personalizaci obsahu a reklamy<\/div><\/a><\/div><div class=\"block-boxlink\"><a class=\"boxlink boxlink--icon-arrow boxlink--align-y-center px-f8 py-f4\" href=\"https:\/\/o-seznam.cz\/napoveda\/ucet\/data-a-personalizace\/podminky-sluzby-seznam-bez-reklam\/\"><div class=\"inner-blocks\">Podm\u00ednky slu\u017eby Seznam bez reklam<\/div><\/a><\/div><div class=\"block-boxlink\"><a class=\"boxlink boxlink--icon-arrow boxlink--align-y-center px-f8 py-f4\" href=\"https:\/\/o-seznam.cz\/napoveda\/ucet\/data-a-personalizace\/podminky-sluzby-seznam-bez-cilene-reklamy\/\"><div class=\"inner-blocks\">Podm\u00ednky slu\u017eby Seznam bez c\u00edlen\u00e9 reklamy<\/div><\/a><\/div><div class=\"block-boxlink\"><a class=\"boxlink boxlink--icon-arrow boxlink--align-y-center px-f8 py-f4\" href=\"https:\/\/o-seznam.cz\/napoveda\/ucet\/data-a-personalizace\/nastaveni-analytickych-cookies\/\"><div class=\"inner-blocks\">Nastaven\u00ed analytick\u00fdch cookies<\/div><\/a><\/div><div class=\"block-boxlink\"><a class=\"boxlink boxlink--icon-arrow boxlink--align-y-center px-f8 py-f4\" href=\"https:\/\/o-seznam.cz\/napoveda\/ucet\/data-a-personalizace\/reklama-a-personalizace\/\"><div class=\"inner-blocks\">Reklama a Personalizace<\/div><\/a><\/div><div class=\"block-boxlink\"><a class=\"boxlink boxlink--icon-arrow boxlink--align-y-center px-f8 py-f4\" href=\"https:\/\/o-seznam.cz\/napoveda\/ucet\/data-a-personalizace\/zpracovani-osobnich-udaju\/\"><div class=\"inner-blocks\">Zpracov\u00e1n\u00ed osobn\u00edch \u00fadaj\u016f<\/div><\/a><\/div><div class=\"block-boxlink\"><a class=\"boxlink boxlink--icon-arrow boxlink--align-y-center px-f8 py-f4\" href=\"https:\/\/o-seznam.cz\/napoveda\/ucet\/data-a-personalizace\/souhlas\/\"><div class=\"inner-blocks\">Souhlas se zpracov\u00e1n\u00edm osobn\u00edch \u00fadaj\u016f<\/div><\/a><\/div><div class=\"block-boxlink\"><a class=\"boxlink boxlink--icon-arrow boxlink--align-y-center px-f8 py-f4\" href=\"https:\/\/o-seznam.cz\/napoveda\/ucet\/data-a-personalizace\/odmitnuti-a-odvolani-souhlasu\/\"><div class=\"inner-blocks\">Odm\u00edtnut\u00ed a odvol\u00e1n\u00ed souhlasu<\/div><\/a><\/div><div class=\"block-boxlink\"><a class=\"boxlink boxlink--icon-arrow boxlink--align-y-center px-f8 py-f4\" href=\"https:\/\/o-seznam.cz\/napoveda\/ucet\/data-a-personalizace\/seznam-bez-reklam\/\"><div class=\"inner-blocks\">Seznam bez reklam<\/div><\/a><\/div><div class=\"block-boxlink\"><a class=\"boxlink boxlink--icon-arrow boxlink--align-y-center px-f8 py-f4\" href=\"https:\/\/o-seznam.cz\/napoveda\/ucet\/data-a-personalizace\/seznam-bez-personalizovane-reklamy\/\"><div class=\"inner-blocks\">Seznam bez c\u00edlen\u00e9 reklamy<\/div><\/a><\/div><div class=\"block-boxlink\"><a class=\"boxlink boxlink--icon-arrow boxlink--align-y-center px-f8 py-f4\" href=\"https:\/\/o-seznam.cz\/napoveda\/ucet\/data-a-personalizace\/aktivita-na-seznamu\/\"><div class=\"inner-blocks\">Aktivita na Seznamu<\/div><\/a><\/div><div class=\"block-boxlink\"><a class=\"boxlink boxlink--icon-arrow boxlink--align-y-center px-f8 py-f4\" href=\"https:\/\/o-seznam.cz\/napoveda\/ucet\/data-a-personalizace\/caste-dotazy\/\"><div class=\"inner-blocks\">\u010cast\u00e9 dotazy<\/div><\/a><\/div><div class=\"block-boxlink\"><a class=\"boxlink boxlink--icon-arrow boxlink--align-y-center px-f8 py-f4\" href=\"https:\/\/o-seznam.cz\/napoveda\/ucet\/data-a-personalizace\/zruseni-smazani\/\"><div class=\"inner-blocks\">\u017d\u00e1dost o zru\u0161en\u00ed \u00fa\u010dtu a smaz\u00e1n\u00ed dat<\/div><\/a><\/div><\/div><\/div>\n\n<\/div><\/div>\n<\/div>\n","protected":false},"excerpt":{"rendered":"","protected":false},"author":6,"featured_media":0,"parent":0,"menu_order":100,"comment_status":"closed","ping_status":"closed","template":"page-sidemenu","meta":{"_acf_changed":false,"_relevanssi_hide_post":"","_relevanssi_hide_content":"","_relevanssi_pin_for_all":"","_relevanssi_pin_keywords":"","_relevanssi_unpin_keywords":"","_relevanssi_related_keywords":"","_relevanssi_related_include_ids":"","_relevanssi_related_exclude_ids":"","_relevanssi_related_no_append":"","_relevanssi_related_not_related":"","_relevanssi_related_posts":"","_relevanssi_noindex_reason":"","footnotes":""},"page_category":[24],"page_tag":[],"service_status_category":[],"class_list":["post-98","page","type-page","status-publish","hentry"],"acf":[],"lang":"cs","translations":{"cs":98,"en":1342},"pll_sync_post":[],"_links":{"self":[{"href":"https:\/\/o-seznam.cz\/napoveda\/ucet\/wp-json\/wp\/v2\/pages\/98","targetHints":{"allow":["GET"]}}],"collection":[{"href":"https:\/\/o-seznam.cz\/napoveda\/ucet\/wp-json\/wp\/v2\/pages"}],"about":[{"href":"https:\/\/o-seznam.cz\/napoveda\/ucet\/wp-json\/wp\/v2\/types\/page"}],"author":[{"embeddable":true,"href":"https:\/\/o-seznam.cz\/napoveda\/ucet\/wp-json\/wp\/v2\/users\/6"}],"replies":[{"embeddable":true,"href":"https:\/\/o-seznam.cz\/napoveda\/ucet\/wp-json\/wp\/v2\/comments?post=98"}],"version-history":[{"count":3,"href":"https:\/\/o-seznam.cz\/napoveda\/ucet\/wp-json\/wp\/v2\/pages\/98\/revisions"}],"predecessor-version":[{"id":863,"href":"https:\/\/o-seznam.cz\/napoveda\/ucet\/wp-json\/wp\/v2\/pages\/98\/revisions\/863"}],"wp:attachment":[{"href":"https:\/\/o-seznam.cz\/napoveda\/ucet\/wp-json\/wp\/v2\/media?parent=98"}],"wp:term":[{"taxonomy":"page_category","embeddable":true,"href":"https:\/\/o-seznam.cz\/napoveda\/ucet\/wp-json\/wp\/v2\/page_category?post=98"},{"taxonomy":"page_tag","embeddable":true,"href":"https:\/\/o-seznam.cz\/napoveda\/ucet\/wp-json\/wp\/v2\/page_tag?post=98"},{"taxonomy":"service_status_category","embeddable":true,"href":"https:\/\/o-seznam.cz\/napoveda\/ucet\/wp-json\/wp\/v2\/service_status_category?post=98"}],"curies":[{"name":"wp","href":"https:\/\/api.w.org\/{rel}","templated":true}]}}