{"id":96,"date":"2024-10-10T00:15:45","date_gmt":"2024-10-09T22:15:45","guid":{"rendered":"https:\/\/o-seznam.cz\/napoveda\/ucet\/?page_id=96"},"modified":"2025-10-14T09:58:19","modified_gmt":"2025-10-14T07:58:19","slug":"aktivni-prihlaseni","status":"publish","type":"page","link":"https:\/\/o-seznam.cz\/napoveda\/ucet\/zabezpeceni-uctu\/aktivni-prihlaseni\/","title":{"rendered":"Aktivn\u00ed p\u0159ihl\u00e1\u0161en\u00ed"},"content":{"rendered":"\n<div class=\"wp-block-group is-layout-constrained wp-block-group-is-layout-constrained\">\n<p>M\u016f\u017ee nastat situace, kdy se p\u0159ihl\u00e1s\u00edte ke sv\u00e9mu \u00fa\u010dtu na ciz\u00edm po\u010d\u00edta\u010di \u010di mobiln\u00edm za\u0159\u00edzen\u00ed a nestihnete \u010di se zapomenete odhl\u00e1sit. V takov\u00e9m p\u0159\u00edpad\u011b nemus\u00edte propadat panice. Posta\u010d\u00ed se k \u00fa\u010dtu p\u0159ihl\u00e1sit odkudkoliv znovu a necht\u011bn\u00e1 p\u0159ihl\u00e1\u0161en\u00ed zru\u0161it. V p\u0159\u00edpad\u011b, \u017ee si nejste jisti, jak\u00e9 p\u0159ihl\u00e1\u0161en\u00ed je to prav\u00e9, lze zru\u0161it v\u0161echny aktivn\u00ed p\u0159ihl\u00e1\u0161en\u00ed. P\u0159i zru\u0161en\u00ed aktivn\u00edho p\u0159ihl\u00e1\u0161en\u00ed dojde k odhl\u00e1\u0161en\u00ed na dan\u00e9m za\u0159\u00edzen\u00ed \/ aplikaci.<\/p>\n\n\n\n<p class=\"is-style-link-external\">P\u0159ihlaste se ke sv\u00e9mu <a href=\"https:\/\/ucet.seznam.cz\/\" data-type=\"link\" data-id=\"https:\/\/ucet.seznam.cz\/\" target=\"_blank\" rel=\"noreferrer noopener\">\u00da\u010dtu<\/a>.<\/p>\n\n\n\n<p>P\u0159ejd\u011bte na z\u00e1lo\u017eku Zabezpe\u010den\u00ed \u00fa\u010dtu a zde se p\u0159esu\u0148te do \u010d\u00e1sti Aktivn\u00ed p\u0159ihl\u00e1\u0161en\u00ed.<\/p>\n\n\n\n<p>Zde se nach\u00e1z\u00ed seznam zaznamenan\u00fdch p\u0159ihl\u00e1\u0161en\u00ed v prohl\u00ed\u017ee\u010d\u00edch a p\u0159ihl\u00e1\u0161en\u00fdch aplikac\u00edch.<\/p>\n\n\n\n<figure class=\"wp-block-image size-full\"><img loading=\"lazy\" decoding=\"async\" width=\"690\" height=\"223\" src=\"https:\/\/o-seznam.cz\/napoveda\/ucet\/wp-content\/uploads\/sites\/10\/2024\/10\/aktivni-prihlaseni1.png\" alt=\"\" class=\"wp-image-539\" srcset=\"https:\/\/o-seznam.cz\/napoveda\/ucet\/wp-content\/uploads\/sites\/10\/2024\/10\/aktivni-prihlaseni1.png 690w, https:\/\/o-seznam.cz\/napoveda\/ucet\/wp-content\/uploads\/sites\/10\/2024\/10\/aktivni-prihlaseni1-320x103.png 320w\" sizes=\"auto, (max-width: 690px) 100vw, 690px\" \/><\/figure>\n\n\n\n<p>Pro zru\u0161en\u00ed aktivn\u00edho p\u0159ihl\u00e1\u0161en\u00ed pro konkr\u00e9tn\u00ed prohl\u00ed\u017ee\u010d nebo aplikaci klikn\u011bte na \u0159\u00e1dku vpravo na Odhl\u00e1sit.<\/p>\n\n\n\n<p>Zobraz\u00ed se po\u017eadavek na potvrzen\u00ed, ve kter\u00e9m zvolte Odhl\u00e1sit z t\u00e9to relace nebo Odhl\u00e1sit z t\u00e9to aplikace.<\/p>\n\n\n\n<figure class=\"wp-block-image size-full\"><img loading=\"lazy\" decoding=\"async\" width=\"596\" height=\"262\" src=\"https:\/\/o-seznam.cz\/napoveda\/ucet\/wp-content\/uploads\/sites\/10\/2024\/10\/aktivni-prihlaseni2.png\" alt=\"\" class=\"wp-image-540\" srcset=\"https:\/\/o-seznam.cz\/napoveda\/ucet\/wp-content\/uploads\/sites\/10\/2024\/10\/aktivni-prihlaseni2.png 596w, https:\/\/o-seznam.cz\/napoveda\/ucet\/wp-content\/uploads\/sites\/10\/2024\/10\/aktivni-prihlaseni2-320x141.png 320w\" sizes=\"auto, (max-width: 596px) 100vw, 596px\" \/><\/figure>\n\n\n\n<p>Pro zru\u0161en\u00ed v\u0161ech aktivn\u00edch p\u0159ihl\u00e1\u0161en\u00ed klikn\u011bte na odkaz Odhl\u00e1sit v\u0161ude vpravo nad seznamem v\u0161ech p\u0159ihl\u00e1\u0161en\u00ed.<\/p>\n\n\n\n<p>Tak\u00e9 zde je t\u0159eba odhl\u00e1\u0161en\u00ed je\u0161t\u011b potvrdit.<\/p>\n\n\n\n<figure class=\"wp-block-image size-full\"><img loading=\"lazy\" decoding=\"async\" width=\"593\" height=\"254\" src=\"https:\/\/o-seznam.cz\/napoveda\/ucet\/wp-content\/uploads\/sites\/10\/2024\/10\/aktivni-prihlaseni3.png\" alt=\"\" class=\"wp-image-541\" srcset=\"https:\/\/o-seznam.cz\/napoveda\/ucet\/wp-content\/uploads\/sites\/10\/2024\/10\/aktivni-prihlaseni3.png 593w, https:\/\/o-seznam.cz\/napoveda\/ucet\/wp-content\/uploads\/sites\/10\/2024\/10\/aktivni-prihlaseni3-320x137.png 320w\" sizes=\"auto, (max-width: 593px) 100vw, 593px\" \/><\/figure>\n<\/div>\n","protected":false},"excerpt":{"rendered":"<p>M\u016f\u017ee nastat situace, kdy se p\u0159ihl\u00e1s\u00edte ke sv\u00e9mu \u00fa\u010dtu na ciz\u00edm po\u010d\u00edta\u010di \u010di mobiln\u00edm za\u0159\u00edzen\u00ed a nestihnete \u010di se zapomenete odhl\u00e1sit. V takov\u00e9m p\u0159\u00edpad\u011b nemus\u00edte propadat panice. Posta\u010d\u00ed se k \u00fa\u010dtu p\u0159ihl\u00e1sit odkudkoliv znovu a necht\u011bn\u00e1 p\u0159ihl\u00e1\u0161en\u00ed zru\u0161it. V p\u0159\u00edpad\u011b, \u017ee si nejste jisti, jak\u00e9 p\u0159ihl\u00e1\u0161en\u00ed je to prav\u00e9, lze zru\u0161it v\u0161echny aktivn\u00ed p\u0159ihl\u00e1\u0161en\u00ed. P\u0159i [&hellip;]<\/p>\n","protected":false},"author":6,"featured_media":0,"parent":90,"menu_order":70,"comment_status":"closed","ping_status":"closed","template":"page-sidemenu","meta":{"_acf_changed":false,"_relevanssi_hide_post":"","_relevanssi_hide_content":"","_relevanssi_pin_for_all":"","_relevanssi_pin_keywords":"","_relevanssi_unpin_keywords":"","_relevanssi_related_keywords":"","_relevanssi_related_include_ids":"","_relevanssi_related_exclude_ids":"","_relevanssi_related_no_append":"","_relevanssi_related_not_related":"","_relevanssi_related_posts":"","_relevanssi_noindex_reason":"","footnotes":""},"page_category":[24],"page_tag":[],"service_status_category":[],"class_list":["post-96","page","type-page","status-publish","hentry"],"acf":[],"lang":"cs","translations":{"cs":96,"en":1735},"pll_sync_post":[],"_links":{"self":[{"href":"https:\/\/o-seznam.cz\/napoveda\/ucet\/wp-json\/wp\/v2\/pages\/96","targetHints":{"allow":["GET"]}}],"collection":[{"href":"https:\/\/o-seznam.cz\/napoveda\/ucet\/wp-json\/wp\/v2\/pages"}],"about":[{"href":"https:\/\/o-seznam.cz\/napoveda\/ucet\/wp-json\/wp\/v2\/types\/page"}],"author":[{"embeddable":true,"href":"https:\/\/o-seznam.cz\/napoveda\/ucet\/wp-json\/wp\/v2\/users\/6"}],"replies":[{"embeddable":true,"href":"https:\/\/o-seznam.cz\/napoveda\/ucet\/wp-json\/wp\/v2\/comments?post=96"}],"version-history":[{"count":4,"href":"https:\/\/o-seznam.cz\/napoveda\/ucet\/wp-json\/wp\/v2\/pages\/96\/revisions"}],"predecessor-version":[{"id":962,"href":"https:\/\/o-seznam.cz\/napoveda\/ucet\/wp-json\/wp\/v2\/pages\/96\/revisions\/962"}],"up":[{"embeddable":true,"href":"https:\/\/o-seznam.cz\/napoveda\/ucet\/wp-json\/wp\/v2\/pages\/90"}],"wp:attachment":[{"href":"https:\/\/o-seznam.cz\/napoveda\/ucet\/wp-json\/wp\/v2\/media?parent=96"}],"wp:term":[{"taxonomy":"page_category","embeddable":true,"href":"https:\/\/o-seznam.cz\/napoveda\/ucet\/wp-json\/wp\/v2\/page_category?post=96"},{"taxonomy":"page_tag","embeddable":true,"href":"https:\/\/o-seznam.cz\/napoveda\/ucet\/wp-json\/wp\/v2\/page_tag?post=96"},{"taxonomy":"service_status_category","embeddable":true,"href":"https:\/\/o-seznam.cz\/napoveda\/ucet\/wp-json\/wp\/v2\/service_status_category?post=96"}],"curies":[{"name":"wp","href":"https:\/\/api.w.org\/{rel}","templated":true}]}}