{"id":88,"date":"2024-10-10T00:14:09","date_gmt":"2024-10-09T22:14:09","guid":{"rendered":"https:\/\/o-seznam.cz\/napoveda\/ucet\/?page_id=88"},"modified":"2025-10-30T09:32:17","modified_gmt":"2025-10-30T08:32:17","slug":"overeni-uctu","status":"publish","type":"page","link":"https:\/\/o-seznam.cz\/napoveda\/ucet\/overeni-uctu\/","title":{"rendered":"Ov\u011b\u0159en\u00ed \u00fa\u010dtu"},"content":{"rendered":"\n<div class=\"wp-block-group is-layout-constrained wp-block-group-is-layout-constrained\">\n<p class=\"is-style-link-external\">Bankovn\u00ed identita&nbsp;a&nbsp;MojeID&nbsp;je forma&nbsp;digit\u00e1ln\u00edho ov\u011b\u0159en\u00ed toto\u017enosti osoby pomoc\u00ed bezpe\u010dnostn\u00edch metod, kter\u00e9 nab\u00edz\u00ed elektronick\u00e9 bankovnictv\u00ed a st\u00e1tn\u00ed spr\u00e1va. Bankovn\u00ed identitu m\u016f\u017ee pou\u017e\u00edvat ka\u017ed\u00fd, kdo m\u00e1 internetov\u00e9 bankovnictv\u00ed u n\u011bkter\u00e9 banky, kter\u00e1&nbsp;tuto mo\u017enost nab\u00edz\u00ed a podporuje.&nbsp;V\u00edce o projektu Bankovn\u00ed identity naleznete na str\u00e1nce&nbsp;projektu&nbsp;<a href=\"https:\/\/www.bankid.cz\/\" target=\"_blank\" rel=\"noreferrer noopener\">BankID.cz<\/a>.<\/p>\n\n\n\n<p>Seznam.cz se k t\u00e9to iniciativ\u011b a projektu p\u0159ipojuje&nbsp;a umo\u017e\u0148uje vyu\u017e\u00edt v\u00fdhod Bankovn\u00ed identity tak\u00e9 sv\u00fdm u\u017eivatel\u016fm.<\/p>\n\n\n\n<p class=\"is-style-link-external\">Mo\u017enost registrace MojeID naleznete zde&nbsp;<a href=\"https:\/\/www.mojeid.cz\/cs\/zalozit-ucet\/\" target=\"_blank\" rel=\"noreferrer noopener\">v r\u00e1mci postupu na str\u00e1nk\u00e1ch MojeID.<\/a><\/p>\n\n\n\n<p>Po ov\u011b\u0159en\u00ed \u00fa\u010dtu bankovn\u00ed identitou nebo MojeID nebude s va\u0161\u00edm Seznam \u00fa\u010dtem \u017e\u00e1dn\u00fdm zp\u016fsobem spojen v\u00e1\u0161 bankovn\u00ed \u00fa\u010det \u010di \u00fa\u010det st\u00e1tn\u00ed spr\u00e1vy, Seznam.cz nebude m\u00edt p\u0159\u00edstup k \u017e\u00e1dn\u00fdm \u00fadaj\u016fm o va\u0161em bankovn\u00edm \u00fa\u010dtu ani jin\u00fdm \u00fadaj\u016fm, pokud k tomu ned\u00e1te v\u00fdslovn\u00fd souhlas v procesu ov\u011b\u0159en\u00ed. Stejn\u011b tak va\u0161e banka ov\u011b\u0159en\u00edm nez\u00edsk\u00e1v\u00e1 \u017e\u00e1dn\u00e9 informace o va\u0161ich aktivit\u00e1ch na slu\u017eb\u00e1ch Seznamu.<\/p>\n<\/div>\n\n\n\n<div class=\"wp-block-group is-layout-constrained wp-block-group-is-layout-constrained\">\n<h2 class=\"wp-block-heading\">V\u00fdhody vyu\u017eit\u00ed Bankovn\u00ed identity a MojeID na Seznamu?<\/h2>\n\n\n\n<ul class=\"wp-block-list\">\n<li>Mo\u017enost obnovit p\u0159\u00edstup k \u00fa\u010dtu p\u0159i ztr\u00e1t\u011b hesla pomoc\u00ed ov\u011b\u0159en\u00ed bankovn\u00ed identitou nebo MojeID<\/li>\n\n\n\n<li>Na vybran\u00fdch slu\u017eb\u00e1ch budete m\u00edt ozna\u010den\u00ed \u201eov\u011b\u0159en\u00fd u\u017eivatel\u201c<\/li>\n\n\n\n<li>V diskuz\u00edch pod \u010dl\u00e1nky budete v\u00edce vid\u011bt<\/li>\n\n\n\n<li>Va\u0161e recenze budou d\u016fv\u011bryhodn\u011bj\u0161\u00ed<\/li>\n<\/ul>\n\n\n\n<p>\u2026a dal\u0161\u00ed funkce a v\u00fdhody pro na\u0161e u\u017eivatele pr\u016fb\u011b\u017en\u011b p\u0159ipravujeme.<\/p>\n<\/div>\n\n\n\n<div class=\"wp-block-group is-layout-constrained wp-block-group-is-layout-constrained\">\n<h2 class=\"wp-block-heading\">Jak si ov\u011b\u0159\u00edm sv\u016fj Seznam \u00fa\u010det pomoc\u00ed Bankovn\u00ed identity?<\/h2>\n\n\n\n<p>Podrobn\u00fd postup naleznete v n\u00e1pov\u011bd\u011b\u00a0<a href=\"https:\/\/o-seznam.cz\/napoveda\/ucet\/overeni-uctu\/bankovni-identita\/\" data-type=\"page\" data-id=\"109\">Ov\u011b\u0159en\u00ed \u00fa\u010dtu bankovn\u00ed identitou<\/a>.<\/p>\n<\/div>\n\n\n\n<div class=\"wp-block-group is-layout-constrained wp-block-group-is-layout-constrained\">\n<h2 class=\"wp-block-heading\">Jak si ov\u011b\u0159\u00edm sv\u016fj Seznam \u00fa\u010det pomoc\u00ed MojeID?<\/h2>\n\n\n\n<p>Podrobn\u00fd postup naleznete v n\u00e1pov\u011bd\u011b\u00a0<a href=\"https:\/\/o-seznam.cz\/napoveda\/ucet\/overeni-uctu\/mojeid\/\" data-type=\"page\" data-id=\"112\">Ov\u011b\u0159en\u00ed pomoc\u00ed MojeID<\/a>.<\/p>\n<\/div>\n","protected":false},"excerpt":{"rendered":"<p>Bankovn\u00ed identita&nbsp;a&nbsp;MojeID&nbsp;je forma&nbsp;digit\u00e1ln\u00edho ov\u011b\u0159en\u00ed toto\u017enosti osoby pomoc\u00ed bezpe\u010dnostn\u00edch metod, kter\u00e9 nab\u00edz\u00ed elektronick\u00e9 bankovnictv\u00ed a st\u00e1tn\u00ed spr\u00e1va. Bankovn\u00ed identitu m\u016f\u017ee pou\u017e\u00edvat ka\u017ed\u00fd, kdo m\u00e1 internetov\u00e9 bankovnictv\u00ed u n\u011bkter\u00e9 banky, kter\u00e1&nbsp;tuto mo\u017enost nab\u00edz\u00ed a podporuje.&nbsp;V\u00edce o projektu Bankovn\u00ed identity naleznete na str\u00e1nce&nbsp;projektu&nbsp;BankID.cz. Seznam.cz se k t\u00e9to iniciativ\u011b a projektu p\u0159ipojuje&nbsp;a umo\u017e\u0148uje vyu\u017e\u00edt v\u00fdhod Bankovn\u00ed identity tak\u00e9 sv\u00fdm [&hellip;]<\/p>\n","protected":false},"author":6,"featured_media":0,"parent":0,"menu_order":70,"comment_status":"closed","ping_status":"closed","template":"page-sidemenu","meta":{"_acf_changed":false,"_relevanssi_hide_post":"","_relevanssi_hide_content":"","_relevanssi_pin_for_all":"","_relevanssi_pin_keywords":"","_relevanssi_unpin_keywords":"","_relevanssi_related_keywords":"","_relevanssi_related_include_ids":"","_relevanssi_related_exclude_ids":"","_relevanssi_related_no_append":"","_relevanssi_related_not_related":"","_relevanssi_related_posts":"","_relevanssi_noindex_reason":"","footnotes":""},"page_category":[24],"page_tag":[],"service_status_category":[],"class_list":["post-88","page","type-page","status-publish","hentry"],"acf":[],"lang":"cs","translations":{"cs":88},"pll_sync_post":[],"_links":{"self":[{"href":"https:\/\/o-seznam.cz\/napoveda\/ucet\/wp-json\/wp\/v2\/pages\/88","targetHints":{"allow":["GET"]}}],"collection":[{"href":"https:\/\/o-seznam.cz\/napoveda\/ucet\/wp-json\/wp\/v2\/pages"}],"about":[{"href":"https:\/\/o-seznam.cz\/napoveda\/ucet\/wp-json\/wp\/v2\/types\/page"}],"author":[{"embeddable":true,"href":"https:\/\/o-seznam.cz\/napoveda\/ucet\/wp-json\/wp\/v2\/users\/6"}],"replies":[{"embeddable":true,"href":"https:\/\/o-seznam.cz\/napoveda\/ucet\/wp-json\/wp\/v2\/comments?post=88"}],"version-history":[{"count":2,"href":"https:\/\/o-seznam.cz\/napoveda\/ucet\/wp-json\/wp\/v2\/pages\/88\/revisions"}],"predecessor-version":[{"id":266,"href":"https:\/\/o-seznam.cz\/napoveda\/ucet\/wp-json\/wp\/v2\/pages\/88\/revisions\/266"}],"wp:attachment":[{"href":"https:\/\/o-seznam.cz\/napoveda\/ucet\/wp-json\/wp\/v2\/media?parent=88"}],"wp:term":[{"taxonomy":"page_category","embeddable":true,"href":"https:\/\/o-seznam.cz\/napoveda\/ucet\/wp-json\/wp\/v2\/page_category?post=88"},{"taxonomy":"page_tag","embeddable":true,"href":"https:\/\/o-seznam.cz\/napoveda\/ucet\/wp-json\/wp\/v2\/page_tag?post=88"},{"taxonomy":"service_status_category","embeddable":true,"href":"https:\/\/o-seznam.cz\/napoveda\/ucet\/wp-json\/wp\/v2\/service_status_category?post=88"}],"curies":[{"name":"wp","href":"https:\/\/api.w.org\/{rel}","templated":true}]}}