{"id":879,"date":"2024-11-27T08:43:52","date_gmt":"2024-11-27T07:43:52","guid":{"rendered":"https:\/\/o-seznam.cz\/napoveda\/ucet\/?page_id=879"},"modified":"2025-05-22T12:15:13","modified_gmt":"2025-05-22T10:15:13","slug":"podminky-sluzby-seznam-bez-reklam","status":"publish","type":"page","link":"https:\/\/o-seznam.cz\/napoveda\/ucet\/data-a-personalizace\/podminky-sluzby-seznam-bez-reklam\/","title":{"rendered":"Podm\u00ednky slu\u017eby Seznam bez reklam"},"content":{"rendered":"\n<h3 class=\"wp-block-heading\">I. \u00davodn\u00ed ustanoven\u00ed<\/h3>\n\n\n\n<ol class=\"wp-block-list is-style-default\">\n<li>Provozovatelem slu\u017eby Seznam bez reklam (d\u00e1le<strong>\u201eSlu\u017eba\u201c<\/strong>) je spole\u010dnost Seznam.cz, a.s., se s\u00eddlem: Praha 5 &#8211; Sm\u00edchov, Radlick\u00e1 3294\/10, PS\u010c: 15000, I\u010cO: 26168685, zapsan\u00e1 v obchodn\u00edm rejst\u0159\u00edku veden\u00e9m M\u011bstsk\u00fdm soudem v Praze, spisov\u00e1 zna\u010dka B 6493 (d\u00e1le<strong>\u201eProvozovatel\u201c<\/strong>).<\/li>\n\n\n\n<li>Kontaktn\u00ed \u00fadaje na Provozovatele lze nal\u00e9zt na internetov\u00e9 adrese (URL): https:\/\/o.seznam.cz\/kontakty.<\/li>\n\n\n\n<li>Poskytov\u00e1n\u00ed a u\u017e\u00edv\u00e1n\u00ed Slu\u017eby se \u0159\u00edd\u00ed t\u011bmito Podm\u00ednkami slu\u017eby Seznam bez reklam (d\u00e1le<strong>\u201ePodm\u00ednky\u201c<\/strong>) a platn\u00fdmi a \u00fa\u010dinn\u00fdmi pr\u00e1vn\u00edmi p\u0159edpisy \u010cesk\u00e9 republiky.<\/li>\n\n\n\n<li>Prost\u0159ednictv\u00edm Slu\u017eby bude u\u017eivateli zobrazov\u00e1n obsah vybran\u00fdch slu\u017eeb Provozovatele bez reklamy, a to zp\u016fsobem a v rozsahu stanoven\u00e9m t\u011bmito Podm\u00ednkami.<\/li>\n\n\n\n<li>U\u017eivatelem se rozum\u00ed registrovan\u00fd u\u017eivatel do \u00fa\u010dtu Seznam.cz (d\u00e1le&nbsp;<strong>\u201eU\u017eivatel\u201c<\/strong>). Pro registraci do \u00fa\u010dtu Seznam.cz se pou\u017eij\u00ed Smluvn\u00ed podm\u00ednky pro registraci u\u017eivatel\u016f slu\u017eeb poskytovan\u00fdch spole\u010dnost\u00ed Seznam.cz dostupn\u00e9 na internetov\u00e9 adrese (URL): https:\/\/napoveda.seznam.cz\/cz\/smluvni-podminky\/podminky-registrace\/.<\/li>\n<\/ol>\n\n\n\n<h3 class=\"wp-block-heading\">II. Popis slu\u017eby<\/h3>\n\n\n\n<ol start=\"6\" class=\"wp-block-list is-style-default\">\n<li>Slu\u017eba umo\u017e\u0148uje zobrazen\u00ed obsahu a u\u017e\u00edv\u00e1n\u00ed slu\u017eeb Provozovatele bez reklamy v podob\u011b bannerov\u00fdch ploch, videoreklamy a audioreklamy, kter\u00e1 nen\u00ed sou\u010d\u00e1st\u00ed audiostopy, a to s v\u00fdjimkami uveden\u00fdmi na internetov\u00e9 adrese (URL): https:\/\/napoveda.seznam.cz\/cz\/login\/produkt-seznam-bez-reklam\/, a to v\u0161e za podm\u00ednky \u00fahrady ceny stanoven\u00e9 v souladu s \u010dl. III. t\u011bchto Podm\u00ednek.7. Slu\u017ebu lze zakoupit prost\u0159ednictv\u00edm produktov\u00e9 nab\u00eddky (tzv. dialogu) zobrazovan\u00e9 na slu\u017eb\u00e1ch<\/li>\n\n\n\n<li>Provozovatele, kterou lze vyvolat funkc\u00ed \u201eNastaven\u00ed personalizace\u201c a jej\u00ed\u017e sou\u010d\u00e1st\u00ed jsou tak\u00e9 slu\u017eby \u201eZdarma s reklamou\u201c a \u201eSeznam bez c\u00edlen\u00e9 reklamy\u201c nebo v \u00fa\u010dtu U\u017eivatele.<\/li>\n\n\n\n<li>Slu\u017eba je dostupn\u00e1 na n\u00e1sleduj\u00edc\u00edch webech Provozovatele: https:\/\/email.seznam.cz,https:\/\/www.firmy.cz, https:\/\/www.garaz.cz, https:\/\/www.horoskopy.cz, https:\/\/mapy.com, https:\/\/www.novinky.cz, https:\/\/pocasi.seznam.cz, https:\/\/podcasty.seznam.cz, https:\/\/www.prozeny.cz, https:\/\/www.sauto.cz, https:\/\/sdovolena.seznam.cz, https:\/\/medium.seznam.cz, https:\/\/www.seznamzpravy.cz, https:\/\/www.seznam.cz, https:\/\/slovnik.seznam.cz, https:\/\/www.sport.cz, https:\/\/www.sreality.cz, https:\/\/www.stream.cz, https:\/\/www.super.cz, https:\/\/www.televizeseznam.cz, https:\/\/tv.seznam.cz, https:\/\/www.volnamista.cz, https:\/\/clanky.seznam.cz a https:\/\/www.zbozi.cz.<\/li>\n\n\n\n<li>Zakoupen\u00edm Slu\u017eby je U\u017eivateli v r\u00e1mci \u00fa\u010dtu nastaven a ulo\u017een pln\u00fd nesouhlas s ukl\u00e1d\u00e1n\u00edm netechnick\u00fdch cookies a s t\u00edm souvisej\u00edc\u00edm zpracov\u00e1n\u00edm osobn\u00edch \u00fadaj\u016f a jejich p\u0159ed\u00e1v\u00e1n\u00edm t\u0159et\u00edm stran\u00e1m a partnersk\u00fdm reklamn\u00edm syst\u00e9m\u016fm, a to do doby, dokud U\u017eivatel neprovede jinou volbu a toto nastaven\u00ed nezm\u011bn\u00ed. S v\u00fdjimkou ukl\u00e1d\u00e1n\u00ed cookies nezbytn\u00fdch ke spu\u0161t\u011bn\u00ed a fungov\u00e1n\u00ed slu\u017eeb Provozovatele (tzv. technick\u00fdch cookies) je tak ukl\u00e1d\u00e1n\u00ed informac\u00ed o U\u017eivateli formou cookies a dal\u0161\u00edch jedine\u010dn\u00fdch identifik\u00e1tor\u016f pro jin\u00e9 \u00fa\u010dely ve v\u00fdchoz\u00edm nastaven\u00ed deaktivov\u00e1no. U\u017eivatel v\u0161ak m\u016f\u017ee dle pot\u0159eby v rozhran\u00ed prost\u0159ednictv\u00edm tla\u010d\u00edtka Nastaven\u00ed personalizace povolit ukl\u00e1d\u00e1n\u00ed cookies i pro dal\u0161\u00ed \u00fa\u010dely, zejm\u00e9na pro \u00fa\u010dely personalizace obsahu.<\/li>\n\n\n\n<li>Pokud U\u017eivatel souhlas\u00ed s pou\u017eit\u00edm jedine\u010dn\u00fdch identifik\u00e1tor\u016f umo\u017e\u0148uj\u00edc\u00edch jeho identifikaci (nap\u0159.cookies, IP adresa, e-mail, tel. \u010d\u00edslo) a sledovac\u00edch technologi\u00ed Provozovatele v definovan\u00e9m rozsahu, bude mu zobrazov\u00e1n obsah slu\u017eeb Provozovatele s c\u00edlenou reklamou, a to za podm\u00ednek uveden\u00fdch v Z\u00e1sad\u00e1ch ochrany osobn\u00edch \u00fadaj\u016f, um\u00edst\u011bn\u00fdch na webu Provozovatele v \u010d\u00e1sti Ochrana \u00fadaj\u016f, kde jsou pops\u00e1ny detailn\u00ed informace o tom, jak\u00e9 cookies jsou pou\u017e\u00edv\u00e1ny a k jak\u00fdm \u00fa\u010del\u016fm slou\u017e\u00ed. T\u00edmto nen\u00ed dot\u010den \u00faplatn\u00fd nebo ne\u00faplatn\u00fd charakter jednotliv\u00e9 konkr\u00e9tn\u00ed slu\u017eby Provozovatele.<\/li>\n\n\n\n<li>Slu\u017eba je optimalizov\u00e1na prim\u00e1rn\u011b pro pou\u017eit\u00ed na webov\u00fdch str\u00e1nk\u00e1ch Provozovatele, funk\u010dn\u00ed je v\u0161ak i v mobiln\u00edch aplikac\u00edch Provozovatele.<\/li>\n<\/ol>\n\n\n\n<h3 class=\"wp-block-heading\">III. Cena Slu\u017eby<\/h3>\n\n\n\n<ol start=\"12\" class=\"wp-block-list\">\n<li>Cena Slu\u017eby je uvedena v r\u00e1mci rozhran\u00ed Nastaven\u00ed personalizace, kde U\u017eivatel Slu\u017ebu objedn\u00e1v\u00e1, a jej\u00ed aktu\u00e1ln\u00ed v\u00fd\u0161e je U\u017eivateli dostupn\u00e1 tak\u00e9 v r\u00e1mci \u00fa\u010dtu Seznam.cz.<\/li>\n\n\n\n<li>Platbu za Slu\u017ebu lze prov\u00e9st prost\u0159ednictv\u00edm stanoven\u00e9 platebn\u00ed br\u00e1ny. Platba za Slu\u017ebu bude formou p\u0159edplatn\u00e9ho s automatick\u00fdm prodlu\u017eov\u00e1n\u00edm (d\u00e1le&nbsp;<strong>\u201eP\u0159edplatn\u00e9\u201c<\/strong>). Platba za Slu\u017ebu umo\u017e\u0148uje U\u017eivateli p\u0159\u00edstup k obsahu bez reklamy po dobu stanovenou Provozovatelem s ohledem na dobu, kter\u00e1 je ze strany U\u017eivatele p\u0159edplacena. <\/li>\n\n\n\n<li>Obdob\u00ed P\u0159edplatn\u00e9ho je jeden m\u011bs\u00edc. U\u017eivatel m\u00e1 mo\u017enost zvolit tak\u00e9 ro\u010dn\u00ed P\u0159edplatn\u00e9. <\/li>\n\n\n\n<li>P\u0159edplatn\u00e9 je aktivn\u00ed od okam\u017eiku, kdy U\u017eivatel Slu\u017ebu objedn\u00e1 a z\u00e1rove\u0148 j\u00ed i zaplat\u00ed, a kon\u010d\u00ed uplynut\u00edm objednan\u00e9 doby.<\/li>\n\n\n\n<li>Pokud U\u017eivatel zvol\u00ed mo\u017enost P\u0159edplatn\u00e9ho, po uplynut\u00ed P\u0159edplatn\u00e9ho doch\u00e1z\u00ed k jeho automatick\u00e9mu prodlou\u017een\u00ed o stejn\u00e9 obdob\u00ed, na kter\u00e9 bylo P\u0159edplatn\u00e9 objedn\u00e1no, a to i opakovan\u011b. U\u017eivatel odsouhlasen\u00edm t\u011bchto Podm\u00ednek projevuje sv\u016fj souhlas s automatick\u00fdm prodlu\u017eov\u00e1n\u00edm a \u00fahradami P\u0159edplatn\u00e9ho.<\/li>\n\n\n\n<li>P\u0159edplatn\u00e9 je mo\u017en\u00e9 zru\u0161it kdykoli v rozhran\u00ed \u00fa\u010dtu U\u017eivatele, a to nejpozd\u011bji 24 hodin p\u0159ed jeho automatick\u00fdm prodlou\u017een\u00edm.<\/li>\n\n\n\n<li>Pokud U\u017eivatel ukon\u010d\u00ed u\u017e\u00edv\u00e1n\u00ed Slu\u017eby p\u0159ed uplynut\u00edm obdob\u00ed, na kter\u00e9 bylo P\u0159edplatn\u00e9 zakoupeno, plat\u00ed, \u017ee U\u017eivatel je opr\u00e1vn\u011bn u\u017e\u00edvat Slu\u017ebu do konce p\u0159edplacen\u00e9ho obdob\u00ed a Provozovatel uhrazen\u00e9 P\u0159edplatn\u00e9 nevrac\u00ed.<\/li>\n\n\n\n<li>Po proveden\u00ed platby P\u0159edplatn\u00e9ho a v r\u00e1mci ka\u017ed\u00e9ho prodlou\u017een\u00ed P\u0159edplatn\u00e9ho bude U\u017eivateli dostupn\u00e1 informace o proveden\u00e9 platb\u011b v rozhran\u00ed \u00fa\u010dtu U\u017eivatele, jeho\u017e sou\u010d\u00e1st\u00ed budou tak\u00e9 informace t\u00fdkaj\u00edc\u00ed se sta\u017een\u00ed da\u0148ov\u00e9ho dokladu, p\u0159\u00edpadn\u011b zjednodu\u0161en\u00e9ho da\u0148ov\u00e9ho dokladu, jen\u017e je ze strany Provozovatele vystaven ke dni p\u0159ijet\u00ed P\u0159edplatn\u00e9ho.<\/li>\n\n\n\n<li>Provozovatel je opr\u00e1vn\u011bn neposkytnout Slu\u017ebu, pokud nebylo uhrazeno P\u0159edplatn\u00e9.<\/li>\n\n\n\n<li> Provozovatel neodpov\u00edd\u00e1 za dostupnost platebn\u00edch metod na v\u0161ech platform\u00e1ch a za\u0159\u00edzen\u00edch. Odpov\u011bdnost za pr\u016fb\u011bh transakc\u00ed nese v\u00fdhradn\u011b poskytovatel platebn\u00edch slu\u017eeb. Dostupnost jednotliv\u00fdch platebn\u00edch metod se m\u016f\u017ee li\u0161it podle typu za\u0159\u00edzen\u00ed a platformy, ze kter\u00e9 U\u017eivatel k platebn\u00ed metod\u011b p\u0159istupuje.<\/li>\n\n\n\n<li>Provozovatel je opr\u00e1vn\u011bn Slu\u017ebu na omezenou dobu poskytnout bez\u00faplatn\u011b, a to z d\u016fvodu mo\u017enosti U\u017eivatele Slu\u017ebu a jej\u00ed funkcionality po specifikovanou dobu vhodn\u011b otestovat a vyzkou\u0161et (d\u00e1le<strong>\u201eSlu\u017eba na zkou\u0161ku\u201c<\/strong>). Slu\u017eba na zkou\u0161ku je ur\u010den\u00e1 pro v\u0161echny U\u017eivatele, kte\u0159\u00ed si poprv\u00e9 objednaj\u00ed Slu\u017ebu a trv\u00e1 14 dn\u00ed ode dne zakoupen\u00ed P\u0159edplatn\u00e9ho. Poskytov\u00e1n\u00ed Slu\u017eby na zkou\u0161ku m\u016f\u017ee Provozovatel kdykoliv ukon\u010dit.<\/li>\n\n\n\n<li>Slu\u017eba na zkou\u0161ku je poskytov\u00e1na bez\u00faplatn\u011b. Slu\u017eba na zkou\u0161ku se aktivuje stejn\u00fdm zp\u016fsobem jako Slu\u017eba, tedy platbou prost\u0159ednictv\u00edm platebn\u00edm br\u00e1ny s t\u00edm rozd\u00edlem, \u017ee U\u017eivateli se strhne platba ve v\u00fd\u0161i 0,- K\u010d. Po uplynut\u00ed trv\u00e1n\u00ed Slu\u017eby na zkou\u0161ku U\u017eivatel Slu\u017ebu nad\u00e1le u\u017e\u00edv\u00e1, ale ji\u017e se uplatn\u00ed cena P\u0159edplatn\u00e9ho.<\/li>\n\n\n\n<li>Ka\u017ed\u00e1 fyzick\u00e1 osoba m\u016f\u017ee Slu\u017eby na zkou\u0161ku vyu\u017e\u00edt pouze jednou p\u0159i prvn\u00edm z\u0159\u00edzen\u00ed Slu\u017eby. Provozovatel je opr\u00e1vn\u011bn vyu\u017eit\u00ed Slu\u017eby na zkou\u0161ku omezit nap\u0159\u00edklad kontrolou tel. \u010d\u00edsla nebo \u010d\u00edsla platebn\u00ed karty, p\u0159\u00edp. jin\u00fdmi prost\u0159edky, tak, aby zabr\u00e1nil zneu\u017eit\u00ed t\u00e9to slu\u017eby.<\/li>\n\n\n\n<li>Pokud je U\u017eivateli Slu\u017eby nab\u00eddnuto ze strany Provozovatele u\u017e\u00edv\u00e1n\u00ed Slu\u017eby za zv\u00fdhodn\u011bn\u00fdch podm\u00ednek (d\u00e1le&nbsp;<strong>\u201eAk\u010dn\u00ed P\u0159edplatn\u00e9\u201c<\/strong>), uplatn\u00ed se podm\u00ednky Ak\u010dn\u00edho P\u0159edplatn\u00e9ho v\u00fdlu\u010dn\u011b po dobu stanovenou Provozovatelem. Pokud chce U\u017eivatel Slu\u017ebu po uplynut\u00ed trv\u00e1n\u00ed Ak\u010dn\u00edho P\u0159edplatn\u00e9ho nad\u00e1le u\u017e\u00edvat, uplatn\u00ed se cena P\u0159edplatn\u00e9ho.<\/li>\n<\/ol>\n\n\n\n<h3 class=\"wp-block-heading\">IV. Podm\u00ednky u\u017e\u00edv\u00e1n\u00ed Slu\u017eby<\/h3>\n\n\n\n<ol start=\"26\" class=\"wp-block-list\">\n<li>Slu\u017ebu je mo\u017en\u00e9 za\u010d\u00edt vyu\u017e\u00edvat v\u00fdlu\u010dn\u011b po p\u0159ihl\u00e1\u0161en\u00ed U\u017eivatele do \u00fa\u010dtu Seznam.cz (tj. nep\u0159ihl\u00e1\u0161en\u00e9mu U\u017eivateli nem\u016f\u017ee b\u00fdt Slu\u017eba poskytnuta), po odsouhlasen\u00ed t\u011bchto Podm\u00ednek a po uhrazen\u00ed P\u0159edplatn\u00e9ho.<\/li>\n\n\n\n<li>Poskytov\u00e1n\u00ed Slu\u017eby nen\u00ed mo\u017en\u00e9 p\u0159ev\u00e1d\u011bt na jinou osobu \u010di na dal\u0161\u00ed (jin\u00fd) \u00fa\u010det U\u017eivatele, tj. pro ka\u017ed\u00fd dal\u0161\u00ed \u00fa\u010det U\u017eivatele je pot\u0159eba si Slu\u017ebu zasmluvnit a uhradit P\u0159edplatn\u00e9 zvl\u00e1\u0161\u0165.<\/li>\n\n\n\n<li>U\u017e\u00edv\u00e1n\u00ed Slu\u017eby nen\u00ed geograficky omezeno.<\/li>\n\n\n\n<li>U\u017eivatel nen\u00ed opr\u00e1vn\u011bn vyu\u017e\u00edv\u00e1n\u00ed Slu\u017eby nebo p\u0159\u00edstupu do Slu\u017eby sd\u00edlet s dal\u0161\u00edmi osobami. Provozovatel si vyhrazuje pr\u00e1vo ukon\u010dit poskytov\u00e1n\u00ed Slu\u017eby, zjist\u00ed-li, \u017ee Slu\u017eba je vyu\u017e\u00edv\u00e1na v\u00edce ne\u017e jednou fyzickou osobou.<\/li>\n\n\n\n<li>Provozovatel je sou\u010dasn\u011b opr\u00e1vn\u011bn na nezbytn\u011b nutnou dobu omezit poskytov\u00e1n\u00ed Slu\u017eby z d\u016fvodu pl\u00e1novan\u00e9 a p\u0159edem ozn\u00e1men\u00e9 hardwarov\u00e9 \u010di softwarov\u00e9 \u00fadr\u017eby infrastruktury. V takov\u00e9m p\u0159\u00edpad\u011b U\u017eivateli nevznik\u00e1 n\u00e1rok na n\u00e1hradu pom\u011brn\u00e9 \u010d\u00e1sti P\u0159edplatn\u00e9ho.<\/li>\n\n\n\n<li>Provozovatel:\n<ol class=\"wp-block-list\">\n<li>neodpov\u00edd\u00e1 za nefunk\u010dnost Slu\u017eby \u010di za jej\u00ed v\u00fdpadek, pokud jsou tyto skute\u010dnosti zp\u016fsobeny hardwarov\u00fdm \u010di softwarov\u00fdm vybaven\u00edm U\u017eivatele \u010di kvalitou jeho internetov\u00e9ho p\u0159ipojen\u00ed;<\/li>\n\n\n\n<li>neodpov\u00edd\u00e1 za nefunk\u010dnost Slu\u017eby \u010di za jej\u00ed v\u00fdpadek, pokud jsou tyto skute\u010dnosti zp\u016fsobeny softwarov\u00fdm vybaven\u00edm U\u017eivatele spo\u010d\u00edvaj\u00edc\u00ed na b\u00e1zi slu\u017eeb omezuj\u00edc\u00edch reklamu (nap\u0159. adblock \u010di jin\u00e9 obdobn\u00e9 slu\u017eby);<\/li>\n\n\n\n<li>neodpov\u00edd\u00e1 za nefunk\u010dnost Slu\u017eby \u010di za jej\u00ed v\u00fdpadek, pokud jsou tyto skute\u010dnosti zp\u016fsobeny v\u00fdpadkem \u010di poruchou ve\u0159ejn\u00e9 s\u00edt\u011b elektronick\u00fdch komunikac\u00ed umo\u017e\u0148uj\u00edc\u00edch p\u0159ipojen\u00ed k internetu;<\/li>\n\n\n\n<li>neodpov\u00edd\u00e1 U\u017eivateli Slu\u017eby za \u0161kodu \u010di \u00fajmu zp\u016fsobenou neposkytnut\u00edm \u010di nefunk\u010dnost\u00ed Slu\u017eby, p\u0159\u00edpadn\u011b zp\u016fsobenou internetov\u00fdm \u00fatokem typu: trojsk\u00fd k\u016f\u0148, malware, spyware, adware, phishing apod.<\/li>\n<\/ol>\n<\/li>\n\n\n\n<li> Provozovatel je opr\u00e1vn\u011bn kdykoli p\u0159eru\u0161it \u010di ukon\u010dit poskytov\u00e1n\u00ed Slu\u017eby. Jestli\u017ee U\u017eivatel zru\u0161\u00ed sv\u016fj Seznam.cz \u00fa\u010det, kter\u00fdm se ke Slu\u017eb\u011b, resp. Slu\u017eb\u011b na zkou\u0161ku p\u0159ihl\u00e1sil, bere na v\u011bdom\u00ed, \u017ee Slu\u017eba, p\u0159\u00edp. Slu\u017eba na zkou\u0161ku budou k okam\u017eiku smaz\u00e1n\u00ed zru\u0161eny a nebudou moci b\u00fdt vyu\u017e\u00edv\u00e1ny. U\u017eivatel nem\u00e1 n\u00e1rok na vr\u00e1cen\u00ed P\u0159edplatn\u00e9ho ani jeho pom\u011brn\u00e9 \u010d\u00e1sti.<\/li>\n\n\n\n<li>Za reklamu ve smyslu t\u011bchto Podm\u00ednek se nepova\u017euje propagace obsahu Provozovatele a subjekt\u016f majetkov\u011b propojen\u00fdch s Provozovatelem.<\/li>\n<\/ol>\n\n\n\n<h3 class=\"wp-block-heading\">V. Z\u00e1v\u011bre\u010dn\u00e1 ustanoven\u00ed<\/h3>\n\n\n\n<ol start=\"34\" class=\"wp-block-list\">\n<li>Spory vznikl\u00e9 p\u0159i poskytov\u00e1n\u00ed a u\u017e\u00edv\u00e1n\u00ed Slu\u017eby budou rozhodovat \u010desk\u00e9 soudy. V p\u0159\u00edpad\u011b, \u017ee je U\u017eivatel spot\u0159ebitelem, je opr\u00e1vn\u011bn pro \u00fa\u010dely \u0159e\u0161en\u00ed t\u011bchto spor\u016f kontaktovat \u010ceskou obchodn\u00ed inspekci.<\/li>\n\n\n\n<li>Objedn\u00e1n\u00edm Slu\u017eby kliknut\u00edm na p\u0159\u00edslu\u0161n\u00e9 tla\u010d\u00edtko v r\u00e1mci dialogu nebo v rozhran\u00ed Nastaven\u00ed Personalizace, odsouhlasen\u00edm t\u011bchto Podm\u00ednek a uhrazen\u00edm P\u0159edplatn\u00e9ho ze strany U\u017eivatele doch\u00e1z\u00ed k uzav\u0159en\u00ed \u00faplatn\u00e9 smlouvy o poskytov\u00e1n\u00ed Slu\u017eby uzav\u0159en\u00e9 na dobu trv\u00e1n\u00ed P\u0159edplatn\u00e9ho, kterou lze ukon\u010dit zp\u016fsoby uveden\u00fdmi v t\u011bchto Podm\u00ednk\u00e1ch. U\u017eivatel s t\u00edmto zp\u016fsobem uzav\u0159en\u00ed smlouvy (tj. za u\u017eit\u00ed komunika\u010dn\u00edch prost\u0159edk\u016f na d\u00e1lku, distan\u010dn\u00edm zp\u016fsobem) souhlas\u00ed. Ustanoven\u00ed \u00a71740 odst. 3 ob\u010dansk\u00e9ho z\u00e1kon\u00edku se nepou\u017eije. S ohledem na poskytovan\u00fd obsah Slu\u017eby doch\u00e1z\u00ed k zapo\u010det\u00ed \u010derp\u00e1n\u00ed Slu\u017eby aktivac\u00ed P\u0159edplatn\u00e9ho, proto v souladu s \u00a7 1837 z\u00e1kona \u010d. 89\/2012 Sb.,ob\u010dansk\u00e9ho z\u00e1kon\u00edku, nem\u00e1 U\u017eivatel pr\u00e1vo odstoupit do 14 dn\u016f od smlouvy uzav\u0159en\u00e9 distan\u010dn\u00edm zp\u016fsobem.<\/li>\n\n\n\n<li>Provozovatel je opr\u00e1vn\u011bn Podm\u00ednky a P\u0159edplatn\u00e9 v p\u0159im\u011b\u0159en\u00e9m rozsahu jednostrann\u011b m\u011bnit. Zm\u011bny U\u017eivateli ozn\u00e1m\u00ed prost\u0159ednictv\u00edm rozhran\u00ed Slu\u017eby, a to minim\u00e1ln\u011b 7 dn\u016f p\u0159ed \u00fa\u010dinnost\u00ed zm\u011bny. U\u017eivatel je opr\u00e1vn\u011bn zm\u011bny odm\u00edtnout a ukon\u010dit u\u017e\u00edv\u00e1n\u00ed Slu\u017eby nastaven\u00edm v r\u00e1mci rozhran\u00ed \u00fa\u010dtu U\u017eivatele. V p\u0159\u00edpad\u011b ukon\u010den\u00ed Slu\u017eby bude jej\u00ed u\u017e\u00edv\u00e1n\u00ed ukon\u010deno v souladu s bodem 18 Podm\u00ednek, U\u017eivatel bude opr\u00e1vn\u011bn u\u017e\u00edvat Slu\u017ebu do konce uhrazen\u00e9 doby P\u0159edplatn\u00e9ho, s t\u00edm, \u017ee U\u017eivatel bere na v\u011bdom\u00ed, \u017ee Provozovatel uhrazen\u00e9 P\u0159edplatn\u00e9 nevrac\u00ed. Pokud U\u017eivatel neprovede \u00fakon sm\u011b\u0159uj\u00edc\u00ed k ukon\u010den\u00ed poskytov\u00e1n\u00ed Slu\u017eby nebo bude U\u017eivatel Slu\u017ebu nad\u00e1le u\u017e\u00edvat, m\u00e1 se za to, \u017ee zm\u011bnu Podm\u00ednek \u010di P\u0159edplatn\u00e9ho akceptoval.<\/li>\n\n\n\n<li>Tyto podm\u00ednky jsou platn\u00e9 a \u00fa\u010dinn\u00e9 od 11. 02. 2025.<\/li>\n<\/ol>\n","protected":false},"excerpt":{"rendered":"<p>I. \u00davodn\u00ed ustanoven\u00ed II. Popis slu\u017eby III. Cena Slu\u017eby IV. Podm\u00ednky u\u017e\u00edv\u00e1n\u00ed Slu\u017eby V. Z\u00e1v\u011bre\u010dn\u00e1 ustanoven\u00ed<\/p>\n","protected":false},"author":12,"featured_media":0,"parent":98,"menu_order":18,"comment_status":"closed","ping_status":"closed","template":"page-sidemenu","meta":{"_acf_changed":false,"_relevanssi_hide_post":"","_relevanssi_hide_content":"","_relevanssi_pin_for_all":"","_relevanssi_pin_keywords":"","_relevanssi_unpin_keywords":"","_relevanssi_related_keywords":"","_relevanssi_related_include_ids":"","_relevanssi_related_exclude_ids":"","_relevanssi_related_no_append":"","_relevanssi_related_not_related":"","_relevanssi_related_posts":"","_relevanssi_noindex_reason":"","footnotes":""},"page_category":[24],"page_tag":[],"service_status_category":[],"class_list":["post-879","page","type-page","status-publish","hentry"],"acf":[],"lang":"cs","translations":{"cs":879,"en":1086},"pll_sync_post":[],"_links":{"self":[{"href":"https:\/\/o-seznam.cz\/napoveda\/ucet\/wp-json\/wp\/v2\/pages\/879","targetHints":{"allow":["GET"]}}],"collection":[{"href":"https:\/\/o-seznam.cz\/napoveda\/ucet\/wp-json\/wp\/v2\/pages"}],"about":[{"href":"https:\/\/o-seznam.cz\/napoveda\/ucet\/wp-json\/wp\/v2\/types\/page"}],"author":[{"embeddable":true,"href":"https:\/\/o-seznam.cz\/napoveda\/ucet\/wp-json\/wp\/v2\/users\/12"}],"replies":[{"embeddable":true,"href":"https:\/\/o-seznam.cz\/napoveda\/ucet\/wp-json\/wp\/v2\/comments?post=879"}],"version-history":[{"count":4,"href":"https:\/\/o-seznam.cz\/napoveda\/ucet\/wp-json\/wp\/v2\/pages\/879\/revisions"}],"predecessor-version":[{"id":1827,"href":"https:\/\/o-seznam.cz\/napoveda\/ucet\/wp-json\/wp\/v2\/pages\/879\/revisions\/1827"}],"up":[{"embeddable":true,"href":"https:\/\/o-seznam.cz\/napoveda\/ucet\/wp-json\/wp\/v2\/pages\/98"}],"wp:attachment":[{"href":"https:\/\/o-seznam.cz\/napoveda\/ucet\/wp-json\/wp\/v2\/media?parent=879"}],"wp:term":[{"taxonomy":"page_category","embeddable":true,"href":"https:\/\/o-seznam.cz\/napoveda\/ucet\/wp-json\/wp\/v2\/page_category?post=879"},{"taxonomy":"page_tag","embeddable":true,"href":"https:\/\/o-seznam.cz\/napoveda\/ucet\/wp-json\/wp\/v2\/page_tag?post=879"},{"taxonomy":"service_status_category","embeddable":true,"href":"https:\/\/o-seznam.cz\/napoveda\/ucet\/wp-json\/wp\/v2\/service_status_category?post=879"}],"curies":[{"name":"wp","href":"https:\/\/api.w.org\/{rel}","templated":true}]}}