{"id":86,"date":"2024-10-10T00:13:42","date_gmt":"2024-10-09T22:13:42","guid":{"rendered":"https:\/\/o-seznam.cz\/napoveda\/ucet\/?page_id=86"},"modified":"2026-01-26T14:33:17","modified_gmt":"2026-01-26T13:33:17","slug":"osobni-udaje","status":"publish","type":"page","link":"https:\/\/o-seznam.cz\/napoveda\/ucet\/osobni-udaje\/","title":{"rendered":"Osobn\u00ed \u00fadaje"},"content":{"rendered":"<nav class=\"menu-anchors\">\n<ul>\n\t<li><a href=\"#zmena-osobnich-udaju\">Zm\u011bna osobn\u00edch \u00fadaj\u016f<\/a><\/li>\n<li><a href=\"#nastaveni-ikony-uctu\">Nastaven\u00ed ikony \u00fa\u010dtu\/profilov\u00e9 fotografie<\/a><\/li>\n<li><a href=\"#uzivatelske-adresy-v-uctu\">U\u017eivatelsk\u00e9 adresy v \u00fa\u010dtu<\/a><\/li>\n<li><a href=\"#nova-adresa\">P\u0159id\u00e1n\u00ed nov\u00e9 adresy v \u00fa\u010dtu<\/a><\/li>\n<li><a href=\"#jak-zmenit-ci-smazat\">Zm\u011bna a smaz\u00e1n\u00ed adresy v \u00fa\u010dtu<\/a><\/li>\n<\/ul>\n\n<\/nav>\n\n\n\n<div class=\"wp-block-group is-layout-constrained wp-block-group-is-layout-constrained\">\n<h2 class=\"wp-block-heading is-style-h2\" id=\"zmena-osobnich-udaju\">Zm\u011bna osobn\u00edch \u00fadaj\u016f<\/h2>\n\n\n\n<p>\u00dadaje m\u016f\u017eete m\u011bnit po p\u0159ihl\u00e1\u0161en\u00ed ke sv\u00e9mu \u00fa\u010dtu na z\u00e1lo\u017ece <a href=\"https:\/\/ucet.seznam.cz\/personal\">Osobn\u00ed \u00fadaje.<\/a><br><br>Zobraz\u00ed se informace o profilov\u00e9 fotografii, jm\u00e9no a p\u0159\u00edjmen\u00ed, pohlav\u00ed, rok \u010di datum narozen\u00ed, kontaktn\u00ed telefon polo\u017eky ov\u011b\u0159en\u00ed MojeID a Bankovn\u00ed identitou.<br><br>Chcete-li n\u011bkterou z polo\u017eek upravit, klikn\u011bte na <strong>Zm\u011bnit.<\/strong><\/p>\n\n\n\n<figure class=\"wp-block-image\"><img loading=\"lazy\" decoding=\"async\" width=\"711\" height=\"603\" src=\"https:\/\/o-seznam.cz\/napoveda\/ucet\/wp-content\/uploads\/sites\/10\/2025\/11\/osobni-udaje.png\" alt=\"\" class=\"wp-image-2699\" srcset=\"https:\/\/o-seznam.cz\/napoveda\/ucet\/wp-content\/uploads\/sites\/10\/2025\/11\/osobni-udaje.png 711w, https:\/\/o-seznam.cz\/napoveda\/ucet\/wp-content\/uploads\/sites\/10\/2025\/11\/osobni-udaje-320x271.png 320w\" sizes=\"auto, (max-width: 711px) 100vw, 711px\" \/><\/figure>\n\n\n\n<p>U ostatn\u00edch polo\u017eek potvrd\u00edte nastaven\u00ed kliknut\u00edm na tla\u010d\u00edtko Ulo\u017eit zm\u011bny.<\/p>\n\n\n\n<figure class=\"wp-block-image\"><img loading=\"lazy\" decoding=\"async\" width=\"673\" height=\"129\" src=\"https:\/\/o-seznam.cz\/napoveda\/ucet\/wp-content\/uploads\/sites\/10\/2025\/11\/zmena-jmena.png\" alt=\"\" class=\"wp-image-2701\" srcset=\"https:\/\/o-seznam.cz\/napoveda\/ucet\/wp-content\/uploads\/sites\/10\/2025\/11\/zmena-jmena.png 673w, https:\/\/o-seznam.cz\/napoveda\/ucet\/wp-content\/uploads\/sites\/10\/2025\/11\/zmena-jmena-320x61.png 320w\" sizes=\"auto, (max-width: 673px) 100vw, 673px\" \/><\/figure>\n\n\n\n<div class=\"wp-block-seznam-box is-layout-flow wp-block-seznam-box-is-layout-flow\">\n<p>Pokud jste sv\u016fj \u00fa\u010det ov\u011b\u0159ili pomoc\u00ed <a href=\"https:\/\/o-seznam.cz\/napoveda\/ucet\/overeni-uctu\/\">Bankovn\u00ed identity<\/a> nebo slu\u017eby <a href=\"https:\/\/o-seznam.cz\/napoveda\/ucet\/overeni-uctu\/mojeid\/\">MojeID<\/a>, \u00fadaje jako Jm\u00e9no a P\u0159\u00edjmen\u00ed a Rok \u010di datum narozen\u00ed nen\u00ed mo\u017en\u00e9 m\u011bnit. Tyto \u00fadaje jsou z\u00edsk\u00e1ny p\u0159\u00edmo z nastaven\u00ed banky \u010di MojeID.<\/p>\n\n\n\n<p>V p\u0159\u00edpad\u011b pot\u0159eby zm\u011bny n\u011bkter\u00e9ho z t\u011bchto \u00fadaj\u016f se nejprve obra\u0165te na slu\u017ebu, pomoc\u00ed kter\u00e9 jste \u00fa\u010det ov\u011b\u0159ovali (MojeID, va\u0161e banka). Teprve po \u00fasp\u011b\u0161n\u00e9 zm\u011bn\u011b \u00fadaj\u016f u banky\/MojeID budete moci tyto \u00fadaje upravit pomoc\u00ed tla\u010d\u00edtka <strong>Aktualizovat.<\/strong> <\/p>\n<\/div>\n<\/div>\n\n\n\n<div class=\"wp-block-group is-layout-constrained wp-block-group-is-layout-constrained\">\n<h2 class=\"wp-block-heading is-style-h2\" id=\"nastaveni-ikony-uctu\">Nastaven\u00ed ikony \u00fa\u010dtu\/profilov\u00e9 fotografie<\/h2>\n\n\n\n<p>K osobn\u00edm \u00fadaj\u016fm u\u017eivatelsk\u00e9ho <a href=\"https:\/\/ucet.seznam.cz\">\u00fa\u010dtu<\/a> si m\u016f\u017eete nahr\u00e1t vlastn\u00ed fotografii. Obr\u00e1zek se pot\u00e9 bude zobrazovat u slu\u017eeb po p\u0159ihl\u00e1\u0161en\u00ed se \u00fa\u010dtem a v medailonku. U e-mailov\u00fdch zpr\u00e1v se bude zobrazovat jako ikonka odes\u00edlatele, kterou uvid\u00ed pouze ostatn\u00ed u\u017eivatel\u00e9 Seznam Emailu.<br><br>Ob\u00e1zek m\u016f\u017eete upravovat po p\u0159ihl\u00e1\u0161en\u00ed ke sv\u00e9mu \u00fa\u010dtu na z\u00e1lo\u017ece <a href=\"https:\/\/ucet.seznam.cz\/personal\">Osobn\u00ed \u00fadaje<\/a>, kliknut\u00edm na Zm\u011bnit v \u010d\u00e1sti Profilov\u00e1 fotka.<\/p>\n\n\n\n<figure class=\"wp-block-image\"><img loading=\"lazy\" decoding=\"async\" width=\"671\" height=\"222\" src=\"https:\/\/o-seznam.cz\/napoveda\/ucet\/wp-content\/uploads\/sites\/10\/2025\/11\/zmenit-foto.png\" alt=\"\" class=\"wp-image-2674\" srcset=\"https:\/\/o-seznam.cz\/napoveda\/ucet\/wp-content\/uploads\/sites\/10\/2025\/11\/zmenit-foto.png 671w, https:\/\/o-seznam.cz\/napoveda\/ucet\/wp-content\/uploads\/sites\/10\/2025\/11\/zmenit-foto-320x106.png 320w\" sizes=\"auto, (max-width: 671px) 100vw, 671px\" \/><\/figure>\n\n\n\n<p>Zobraz\u00ed se pole pro nahr\u00e1n\u00ed fotografie \u010di obr\u00e1zku. Soubor m\u016f\u017eete bu\u010f do vyzna\u010den\u00e9ho pole p\u0159et\u00e1hnout, nebo vybrat pro nahr\u00e1n\u00ed z po\u010d\u00edta\u010de.<\/p>\n\n\n\n<figure class=\"wp-block-image\"><img loading=\"lazy\" decoding=\"async\" width=\"676\" height=\"233\" src=\"https:\/\/o-seznam.cz\/napoveda\/ucet\/wp-content\/uploads\/sites\/10\/2025\/11\/osobni-udaje-foto.png\" alt=\"\" class=\"wp-image-2675\" srcset=\"https:\/\/o-seznam.cz\/napoveda\/ucet\/wp-content\/uploads\/sites\/10\/2025\/11\/osobni-udaje-foto.png 676w, https:\/\/o-seznam.cz\/napoveda\/ucet\/wp-content\/uploads\/sites\/10\/2025\/11\/osobni-udaje-foto-320x110.png 320w\" sizes=\"auto, (max-width: 676px) 100vw, 676px\" \/><\/figure>\n\n\n\n<p>V po\u010d\u00edta\u010di si pot\u00e9 vyberte po\u017eadovanou fotografii \u010di obr\u00e1zek a potvr\u010fte nahr\u00e1n\u00ed.<br><br>Po nahr\u00e1n\u00ed obr\u00e1zku si m\u016f\u017eete zvolit kruhovou \u010d\u00e1st, kter\u00e1 se bude zobrazovat jako ikonka. Kruh s v\u00fdb\u011brem m\u016f\u017eete zv\u011bt\u0161ovat a zmen\u0161ovat ta\u017een\u00edm za b\u00edl\u00e9 rohy v\u00fdb\u011bru. Tla\u010d\u00edtkem vlevo m\u016f\u017eete obr\u00e1zek ot\u00e1\u010det.<br><br>Pokud jste s v\u00fdb\u011brem spokojeni, klikn\u011bte na <strong>Ulo\u017eit zm\u011bny<\/strong>.<\/p>\n\n\n\n<figure class=\"wp-block-image size-full\"><img loading=\"lazy\" decoding=\"async\" width=\"669\" height=\"332\" src=\"https:\/\/o-seznam.cz\/napoveda\/ucet\/wp-content\/uploads\/sites\/10\/2026\/01\/nahrani-profilovky.png\" alt=\"\" class=\"wp-image-2855\" srcset=\"https:\/\/o-seznam.cz\/napoveda\/ucet\/wp-content\/uploads\/sites\/10\/2026\/01\/nahrani-profilovky.png 669w, https:\/\/o-seznam.cz\/napoveda\/ucet\/wp-content\/uploads\/sites\/10\/2026\/01\/nahrani-profilovky-320x159.png 320w\" sizes=\"auto, (max-width: 669px) 100vw, 669px\" \/><\/figure>\n\n\n\n<ul class=\"wp-block-list\">\n<li>Obr\u00e1zek se bude zobrazovat pouze p\u0159\u00edjemc\u016fm ve schr\u00e1nk\u00e1ch Email.cz, p\u0159\u00edjemc\u016fm na jin\u00fdch e-mailov\u00fdch slu\u017eb\u00e1ch se zobrazovat nebude<\/li>\n\n\n\n<li>Zobrazovat se bude tak\u00e9 u va\u0161eho profilu a seznamu inzer\u00e1t\u016f na Sbazar.cz<\/li>\n<\/ul>\n\n\n\n<figure class=\"wp-block-image size-full\"><img loading=\"lazy\" decoding=\"async\" width=\"275\" height=\"261\" src=\"https:\/\/o-seznam.cz\/napoveda\/ucet\/wp-content\/uploads\/sites\/10\/2026\/01\/nova-medaile.png\" alt=\"\" class=\"wp-image-2853\" title=\"Ikonka v u\u017eivatelsk\u00e9m medailonku na slu\u017eb\u00e1ch\"\/><\/figure>\n\n\n\n<figure class=\"wp-block-image size-full\"><img loading=\"lazy\" decoding=\"async\" width=\"364\" height=\"281\" src=\"https:\/\/o-seznam.cz\/napoveda\/ucet\/wp-content\/uploads\/sites\/10\/2026\/01\/medaile-mapy.png\" alt=\"\" class=\"wp-image-2856\" title=\"Ikonka v menu Mapy.cz\" srcset=\"https:\/\/o-seznam.cz\/napoveda\/ucet\/wp-content\/uploads\/sites\/10\/2026\/01\/medaile-mapy.png 364w, https:\/\/o-seznam.cz\/napoveda\/ucet\/wp-content\/uploads\/sites\/10\/2026\/01\/medaile-mapy-320x247.png 320w\" sizes=\"auto, (max-width: 364px) 100vw, 364px\" \/><\/figure>\n<\/div>\n\n\n\n<div class=\"wp-block-group is-layout-constrained wp-block-group-is-layout-constrained\">\n<h2 class=\"wp-block-heading is-style-h2\" id=\"uzivatelske-adresy-v-uctu\">U\u017eivatelsk\u00e9 adresy v \u00fa\u010dtu<\/h2>\n\n\n\n<p>V r\u00e1mci osobn\u00edch \u00fadaj\u016f jsou zobrazen\u00e9 U\u017eivatelsk\u00e9 adresy \u2013 fyzick\u00e9 adresn\u00ed body. M\u016f\u017eete si ulo\u017eit vlastn\u00ed, nebo se automaticky p\u0159ev\u00e1d\u011bj\u00ed adresy domova a pr\u00e1ce ze slu\u017eby Mapy.com.<br><br>Ulo\u017eit lze ve\u0161ker\u00e9 adresn\u00ed body jak v \u010cesk\u00e9 republice tak v zahrani\u010d\u00ed. Nelze ukl\u00e1dat body typu \u201eJi\u017en\u00ed spojka\u201c, \u201eMount Everest\u201c.<\/p>\n\n\n\n<h2 class=\"wp-block-heading is-style-h2\" id=\"nova-adresa\">P\u0159id\u00e1n\u00ed nov\u00e9 adresy v \u00fa\u010dtu<\/h2>\n\n\n\n<p>Adresy m\u016f\u017eete upravovat po p\u0159ihl\u00e1\u0161en\u00ed ke sv\u00e9mu \u00fa\u010dtu na z\u00e1lo\u017ece <a href=\"https:\/\/ucet.seznam.cz\/personal\">Osobn\u00ed \u00fadaje<\/a>, v \u010d\u00e1sti Ulo\u017een\u00e9 adresy klikem na volbu <strong>P\u0159idat novou adresu<\/strong>.<\/p>\n\n\n\n<figure class=\"wp-block-image\"><img loading=\"lazy\" decoding=\"async\" width=\"634\" height=\"251\" src=\"https:\/\/o-seznam.cz\/napoveda\/ucet\/wp-content\/uploads\/sites\/10\/2024\/10\/adresy-nova-adresa.png\" alt=\"\" class=\"wp-image-421\" srcset=\"https:\/\/o-seznam.cz\/napoveda\/ucet\/wp-content\/uploads\/sites\/10\/2024\/10\/adresy-nova-adresa.png 634w, https:\/\/o-seznam.cz\/napoveda\/ucet\/wp-content\/uploads\/sites\/10\/2024\/10\/adresy-nova-adresa-320x127.png 320w\" sizes=\"auto, (max-width: 634px) 100vw, 634px\" \/><\/figure>\n\n\n\n<p>Pot\u00e9, co za\u010dnete ps\u00e1t do adresn\u00edho pole, zobraz\u00ed se na\u0161ept\u00e1va\u010d adres.<\/p>\n\n\n\n<figure class=\"wp-block-image\"><img loading=\"lazy\" decoding=\"async\" width=\"634\" height=\"194\" src=\"https:\/\/o-seznam.cz\/napoveda\/ucet\/wp-content\/uploads\/sites\/10\/2024\/10\/adresy-naseptavac.png\" alt=\"\" class=\"wp-image-419\" srcset=\"https:\/\/o-seznam.cz\/napoveda\/ucet\/wp-content\/uploads\/sites\/10\/2024\/10\/adresy-naseptavac.png 634w, https:\/\/o-seznam.cz\/napoveda\/ucet\/wp-content\/uploads\/sites\/10\/2024\/10\/adresy-naseptavac-320x98.png 320w\" sizes=\"auto, (max-width: 634px) 100vw, 634px\" \/><\/figure>\n\n\n\n<p>Vyberete va\u0161i adresu, ozna\u010dte o jak\u00fd typ adresy se jedn\u00e1 a ulo\u017ete. <\/p>\n\n\n\n<figure class=\"wp-block-image\"><img loading=\"lazy\" decoding=\"async\" width=\"634\" height=\"245\" src=\"https:\/\/o-seznam.cz\/napoveda\/ucet\/wp-content\/uploads\/sites\/10\/2024\/10\/adresy-oznaceni-typu.png\" alt=\"\" class=\"wp-image-420\" srcset=\"https:\/\/o-seznam.cz\/napoveda\/ucet\/wp-content\/uploads\/sites\/10\/2024\/10\/adresy-oznaceni-typu.png 634w, https:\/\/o-seznam.cz\/napoveda\/ucet\/wp-content\/uploads\/sites\/10\/2024\/10\/adresy-oznaceni-typu-320x124.png 320w\" sizes=\"auto, (max-width: 634px) 100vw, 634px\" \/><\/figure>\n\n\n\n<p>Po ulo\u017een\u00ed adresy se zobraz\u00ed \u0159\u00e1dek s ulo\u017eenou adresou a m\u016f\u017eete pokra\u010dovat s p\u0159id\u00e1n\u00edm dal\u0161\u00ed adresy.<\/p>\n\n\n\n<figure class=\"wp-block-image\"><img loading=\"lazy\" decoding=\"async\" width=\"634\" height=\"120\" src=\"https:\/\/o-seznam.cz\/napoveda\/ucet\/wp-content\/uploads\/sites\/10\/2024\/10\/adresy-ulozena-adresa.png\" alt=\"\" class=\"wp-image-422\" srcset=\"https:\/\/o-seznam.cz\/napoveda\/ucet\/wp-content\/uploads\/sites\/10\/2024\/10\/adresy-ulozena-adresa.png 634w, https:\/\/o-seznam.cz\/napoveda\/ucet\/wp-content\/uploads\/sites\/10\/2024\/10\/adresy-ulozena-adresa-320x61.png 320w\" sizes=\"auto, (max-width: 634px) 100vw, 634px\" \/><\/figure>\n\n\n\n<p>Pokud se p\u0159ihl\u00e1s\u00edte na Mapy.com pod \u00fa\u010dtem, ve kter\u00e9m jste zadali tyto adresy, uvid\u00edte je v menu Moje mapy &#8211; Ulo\u017een\u00e9.<\/p>\n\n\n\n<figure class=\"wp-block-image size-full\"><img loading=\"lazy\" decoding=\"async\" width=\"357\" height=\"310\" src=\"https:\/\/o-seznam.cz\/napoveda\/ucet\/wp-content\/uploads\/sites\/10\/2025\/11\/mapycom-adresy.png\" alt=\"\" class=\"wp-image-2706\" srcset=\"https:\/\/o-seznam.cz\/napoveda\/ucet\/wp-content\/uploads\/sites\/10\/2025\/11\/mapycom-adresy.png 357w, https:\/\/o-seznam.cz\/napoveda\/ucet\/wp-content\/uploads\/sites\/10\/2025\/11\/mapycom-adresy-320x278.png 320w\" sizes=\"auto, (max-width: 357px) 100vw, 357px\" \/><\/figure>\n\n\n\n<h2 class=\"wp-block-heading is-style-h2\" id=\"jak-zmenit-ci-smazat\">Zm\u011bna a smaz\u00e1n\u00ed adresy v \u00fa\u010dtu<\/h2>\n\n\n\n<p>Adresy m\u016f\u017eete upraovat po p\u0159ihl\u00e1\u0161en\u00ed ke sv\u00e9mu \u00fa\u010dtu na z\u00e1lo\u017ece <a href=\"https:\/\/ucet.seznam.cz\/personal\">Osobn\u00ed \u00fadaje<\/a>, v \u010d\u00e1sti Ulo\u017een\u00e9 adresy klikem na volbu <strong>Zm\u011bnit<\/strong>.<br><br>Zobraz\u00ed se edita\u010dn\u00ed pole adresy s tla\u010d\u00edtky Ulo\u017eit a Odebrat. Adresu m\u016f\u017eete p\u0159epsat nebo zm\u011bnit jej\u00ed typ. Po ulo\u017een\u00ed adresy se zobraz\u00ed \u0159\u00e1dek s ulo\u017eenou adresou a m\u016f\u017eete pokra\u010dovat s p\u0159id\u00e1n\u00edm dal\u0161\u00ed adresy.<\/p>\n\n\n\n<figure class=\"wp-block-image\"><img loading=\"lazy\" decoding=\"async\" width=\"634\" height=\"268\" src=\"https:\/\/o-seznam.cz\/napoveda\/ucet\/wp-content\/uploads\/sites\/10\/2024\/10\/adresy-zmenit.png\" alt=\"\" class=\"wp-image-424\" srcset=\"https:\/\/o-seznam.cz\/napoveda\/ucet\/wp-content\/uploads\/sites\/10\/2024\/10\/adresy-zmenit.png 634w, https:\/\/o-seznam.cz\/napoveda\/ucet\/wp-content\/uploads\/sites\/10\/2024\/10\/adresy-zmenit-320x135.png 320w\" sizes=\"auto, (max-width: 634px) 100vw, 634px\" \/><\/figure>\n\n\n\n<figure class=\"wp-block-image\"><img loading=\"lazy\" decoding=\"async\" width=\"634\" height=\"120\" src=\"https:\/\/o-seznam.cz\/napoveda\/ucet\/wp-content\/uploads\/sites\/10\/2024\/10\/adresy-ulozena-adresa.png\" alt=\"\" class=\"wp-image-422\" srcset=\"https:\/\/o-seznam.cz\/napoveda\/ucet\/wp-content\/uploads\/sites\/10\/2024\/10\/adresy-ulozena-adresa.png 634w, https:\/\/o-seznam.cz\/napoveda\/ucet\/wp-content\/uploads\/sites\/10\/2024\/10\/adresy-ulozena-adresa-320x61.png 320w\" sizes=\"auto, (max-width: 634px) 100vw, 634px\" \/><\/figure>\n\n\n\n<p>Pokud adresu chcete smazat, klikn\u011bte na tla\u010d\u00edtko Odebrat adresu. Ta bude ihned smaz\u00e1na a zobraz\u00ed se z\u00e1kladn\u00ed nab\u00eddka.<\/p>\n<\/div>\n","protected":false},"excerpt":{"rendered":"<p>Zm\u011bna osobn\u00edch \u00fadaj\u016f \u00dadaje m\u016f\u017eete m\u011bnit po p\u0159ihl\u00e1\u0161en\u00ed ke sv\u00e9mu \u00fa\u010dtu na z\u00e1lo\u017ece Osobn\u00ed \u00fadaje. Zobraz\u00ed se informace o profilov\u00e9 fotografii, jm\u00e9no a p\u0159\u00edjmen\u00ed, pohlav\u00ed, rok \u010di datum narozen\u00ed, kontaktn\u00ed telefon polo\u017eky ov\u011b\u0159en\u00ed MojeID a Bankovn\u00ed identitou. Chcete-li n\u011bkterou z polo\u017eek upravit, klikn\u011bte na Zm\u011bnit. U ostatn\u00edch polo\u017eek potvrd\u00edte nastaven\u00ed kliknut\u00edm na tla\u010d\u00edtko Ulo\u017eit zm\u011bny. [&hellip;]<\/p>\n","protected":false},"author":6,"featured_media":0,"parent":0,"menu_order":60,"comment_status":"closed","ping_status":"closed","template":"page-sidemenu","meta":{"_acf_changed":false,"_relevanssi_hide_post":"","_relevanssi_hide_content":"","_relevanssi_pin_for_all":"","_relevanssi_pin_keywords":"","_relevanssi_unpin_keywords":"","_relevanssi_related_keywords":"","_relevanssi_related_include_ids":"","_relevanssi_related_exclude_ids":"","_relevanssi_related_no_append":"","_relevanssi_related_not_related":"","_relevanssi_related_posts":"","_relevanssi_noindex_reason":"","footnotes":""},"page_category":[24],"page_tag":[],"service_status_category":[],"class_list":["post-86","page","type-page","status-publish","hentry"],"acf":[],"lang":"cs","translations":{"cs":86},"pll_sync_post":[],"_links":{"self":[{"href":"https:\/\/o-seznam.cz\/napoveda\/ucet\/wp-json\/wp\/v2\/pages\/86","targetHints":{"allow":["GET"]}}],"collection":[{"href":"https:\/\/o-seznam.cz\/napoveda\/ucet\/wp-json\/wp\/v2\/pages"}],"about":[{"href":"https:\/\/o-seznam.cz\/napoveda\/ucet\/wp-json\/wp\/v2\/types\/page"}],"author":[{"embeddable":true,"href":"https:\/\/o-seznam.cz\/napoveda\/ucet\/wp-json\/wp\/v2\/users\/6"}],"replies":[{"embeddable":true,"href":"https:\/\/o-seznam.cz\/napoveda\/ucet\/wp-json\/wp\/v2\/comments?post=86"}],"version-history":[{"count":11,"href":"https:\/\/o-seznam.cz\/napoveda\/ucet\/wp-json\/wp\/v2\/pages\/86\/revisions"}],"predecessor-version":[{"id":2857,"href":"https:\/\/o-seznam.cz\/napoveda\/ucet\/wp-json\/wp\/v2\/pages\/86\/revisions\/2857"}],"wp:attachment":[{"href":"https:\/\/o-seznam.cz\/napoveda\/ucet\/wp-json\/wp\/v2\/media?parent=86"}],"wp:term":[{"taxonomy":"page_category","embeddable":true,"href":"https:\/\/o-seznam.cz\/napoveda\/ucet\/wp-json\/wp\/v2\/page_category?post=86"},{"taxonomy":"page_tag","embeddable":true,"href":"https:\/\/o-seznam.cz\/napoveda\/ucet\/wp-json\/wp\/v2\/page_tag?post=86"},{"taxonomy":"service_status_category","embeddable":true,"href":"https:\/\/o-seznam.cz\/napoveda\/ucet\/wp-json\/wp\/v2\/service_status_category?post=86"}],"curies":[{"name":"wp","href":"https:\/\/api.w.org\/{rel}","templated":true}]}}