{"id":82,"date":"2024-10-10T00:12:33","date_gmt":"2024-10-09T22:12:33","guid":{"rendered":"https:\/\/o-seznam.cz\/napoveda\/ucet\/?page_id=82"},"modified":"2025-11-04T10:35:14","modified_gmt":"2025-11-04T09:35:14","slug":"registrace","status":"publish","type":"page","link":"https:\/\/o-seznam.cz\/napoveda\/ucet\/registrace\/","title":{"rendered":"Registrace"},"content":{"rendered":"\n<div class=\"wp-block-group is-layout-constrained wp-block-group-is-layout-constrained\">\n<p>Registrace nov\u00e9ho Seznam \u00fa\u010dtu V\u00e1m otev\u00edr\u00e1 p\u0159\u00edstup k mnoha slu\u017eb\u00e1m a aplikac\u00edm na Seznamu.<\/p>\n\n\n\n<p>U\u017eivatel\u00e9, kte\u0159\u00ed se v\u0161ak zaregistruj\u00ed s vlastn\u00ed st\u00e1vaj\u00edc\u00ed e-mailovou adresou (maj\u00ed ji\u017e e-mail u jin\u00e9ho poskytovatele a slu\u017eby), nebudou moci vyu\u017e\u00edvat e-mailovou schr\u00e1nku na Seznamu.<\/p>\n\n\n\n<div class=\"wp-block-seznam-box is-layout-flow wp-block-seznam-box-is-layout-flow\">\n<p>Pozor!&nbsp;Po \u00fasp\u011b\u0161n\u00e9 registraci ji\u017e nen\u00ed mo\u017en\u00e9 u\u017eivatelsk\u00e9 jm\u00e9no, tedy e-mailovou adresu a jej\u00ed tvar, nijak zm\u011bnit.<\/p>\n<\/div>\n<\/div>\n\n\n\n<div class=\"wp-block-group is-layout-constrained wp-block-group-is-layout-constrained\">\n<h2 class=\"wp-block-heading\">Jak prov\u00e9st registraci nov\u00e9ho \u00fa\u010dtu?<\/h2>\n\n\n\n<ul class=\"wp-block-list\">\n<li>P\u0159ejd\u011bte na str\u00e1nku <a class=\"is-style-link-external\" href=\"https:\/\/registrace.seznam.cz\/\" target=\"_blank\" rel=\"noreferrer noopener\">https:\/\/registrace.seznam.cz\/<\/a>, kde se zobraz\u00ed registra\u010dn\u00ed formul\u00e1\u0159<\/li>\n\n\n\n<li>Vyberte jednu z nab\u00edzen\u00fdch variant registrace<\/li>\n\n\n\n<li>N\u00e1sledujte jeden z podrobn\u00fdch n\u00e1vod\u016f podle vybran\u00e9 mo\u017enosti<\/li>\n<\/ul>\n\n\n\n<p>Podrobn\u00e9 obr\u00e1zkov\u00e9 n\u00e1pov\u011bdy naleznete pod tla\u010d\u00edtky n\u00ed\u017ee. Zvolte si, jak chcete \u00fa\u010det zaregistrovat:<\/p>\n\n\n\n<div class=\"wp-block-seznam-tiles has-columns-2\" style=\"--seznam-tiles--columns:2\"><div class=\"inner-blocks\"><div class=\"block-boxlink\"><a class=\"boxlink boxlink--icon-arrow px-f8 py-f4\" href=\"https:\/\/o-seznam.cz\/napoveda\/ucet\/registrace\/ucet-s-novou-emailovou-schrankou\/\"><div class=\"inner-blocks\">\n\n<p>Chci \u00fa\u010det na Seznamu s e-mailovou schr\u00e1nkou<\/p>\n\n<\/div><\/a><\/div>\n\n<div class=\"block-boxlink\"><a class=\"boxlink boxlink--icon-arrow px-f8 py-f4\" href=\"https:\/\/o-seznam.cz\/napoveda\/ucet\/registrace\/ucet-s-vlastnim-emailem\/\"><div class=\"inner-blocks\">\n\n<p>Ji\u017e m\u00e1m vlastn\u00ed e-mail, chci Seznam \u00fa\u010det<\/p>\n\n<\/div><\/a><\/div>\n\n<div class=\"block-boxlink\"><a class=\"boxlink boxlink--icon-arrow px-f8 py-f4\" href=\"https:\/\/o-seznam.cz\/napoveda\/ucet\/registrace\/registrace-telefonnim-cislem\/\"><div class=\"inner-blocks\">\n\n<p>Chci \u00fa\u010det jen s telefonn\u00edm \u010d\u00edslem<\/p>\n\n<\/div><\/a><\/div>\n\n<div class=\"block-boxlink\"><a class=\"boxlink boxlink--icon-arrow px-f8 py-f4\" href=\"https:\/\/o-seznam.cz\/napoveda\/ucet\/registrace\/propojeni-google-microsoft-ucet\/\"><div class=\"inner-blocks\">\n\n<p>Chci propojit Google\/MojeID\/BankiD\/Microsoft\/Apple \u00fa\u010det<\/p>\n\n<\/div><\/a><\/div><\/div><\/div>\n<\/div>\n\n\n\n<div class=\"wp-block-group is-layout-constrained wp-block-group-is-layout-constrained\">\n<h2 class=\"wp-block-heading\">\u010cemu je\u0161t\u011b v\u011bnovat pozornost?<\/h2>\n\n\n\n<div class=\"wp-block-seznam-box is-layout-flow wp-block-seznam-box-is-layout-flow\">\n<p>Po registraci a p\u0159ihl\u00e1\u0161en\u00ed d\u016frazn\u011b doporu\u010dujeme zv\u00e1\u017eit zv\u00fd\u0161en\u00ed zabezpe\u010den\u00ed \u00fa\u010dtu pomoc\u00ed <a href=\"https:\/\/o-seznam.cz\/napoveda\/ucet\/zabezpeceni-uctu\/zachranny-email\/\" data-type=\"page\" data-id=\"141\">Z\u00e1chrann\u00e9ho e-mailu<\/a>, <a href=\"https:\/\/o-seznam.cz\/napoveda\/ucet\/zabezpeceni-uctu\/zachranne-telefonni-cislo\/\">z\u00e1chrann\u00e9ho telefonn\u00edho \u010d\u00edsla<\/a> a <a href=\"https:\/\/o-seznam.cz\/napoveda\/ucet\/dvoufazove-overeni\/co-to-je\/\" data-type=\"page\" data-id=\"105\">Dvouf\u00e1zov\u00e9ho ov\u011b\u0159en\u00ed<\/a>.<\/p>\n\n\n\n<p>Pokud v budoucnu zapomenete nebo ztrat\u00edte p\u0159\u00edstupov\u00e9 heslo, budou tyto metody jedinou mo\u017enost\u00ed jak jej obnovit.<\/p>\n<\/div>\n<\/div>\n","protected":false},"excerpt":{"rendered":"<p>Registrace nov\u00e9ho Seznam \u00fa\u010dtu V\u00e1m otev\u00edr\u00e1 p\u0159\u00edstup k mnoha slu\u017eb\u00e1m a aplikac\u00edm na Seznamu. U\u017eivatel\u00e9, kte\u0159\u00ed se v\u0161ak zaregistruj\u00ed s vlastn\u00ed st\u00e1vaj\u00edc\u00ed e-mailovou adresou (maj\u00ed ji\u017e e-mail u jin\u00e9ho poskytovatele a slu\u017eby), nebudou moci vyu\u017e\u00edvat e-mailovou schr\u00e1nku na Seznamu. Jak prov\u00e9st registraci nov\u00e9ho \u00fa\u010dtu? Podrobn\u00e9 obr\u00e1zkov\u00e9 n\u00e1pov\u011bdy naleznete pod tla\u010d\u00edtky n\u00ed\u017ee. Zvolte si, jak chcete [&hellip;]<\/p>\n","protected":false},"author":6,"featured_media":0,"parent":0,"menu_order":10,"comment_status":"closed","ping_status":"closed","template":"page-sidemenu","meta":{"_acf_changed":false,"_relevanssi_hide_post":"","_relevanssi_hide_content":"","_relevanssi_pin_for_all":"","_relevanssi_pin_keywords":"","_relevanssi_unpin_keywords":"","_relevanssi_related_keywords":"","_relevanssi_related_include_ids":"","_relevanssi_related_exclude_ids":"","_relevanssi_related_no_append":"","_relevanssi_related_not_related":"","_relevanssi_related_posts":"","_relevanssi_noindex_reason":"","footnotes":""},"page_category":[24],"page_tag":[],"service_status_category":[],"class_list":["post-82","page","type-page","status-publish","hentry"],"acf":[],"lang":"cs","translations":{"cs":82,"en":1296},"pll_sync_post":[],"_links":{"self":[{"href":"https:\/\/o-seznam.cz\/napoveda\/ucet\/wp-json\/wp\/v2\/pages\/82","targetHints":{"allow":["GET"]}}],"collection":[{"href":"https:\/\/o-seznam.cz\/napoveda\/ucet\/wp-json\/wp\/v2\/pages"}],"about":[{"href":"https:\/\/o-seznam.cz\/napoveda\/ucet\/wp-json\/wp\/v2\/types\/page"}],"author":[{"embeddable":true,"href":"https:\/\/o-seznam.cz\/napoveda\/ucet\/wp-json\/wp\/v2\/users\/6"}],"replies":[{"embeddable":true,"href":"https:\/\/o-seznam.cz\/napoveda\/ucet\/wp-json\/wp\/v2\/comments?post=82"}],"version-history":[{"count":22,"href":"https:\/\/o-seznam.cz\/napoveda\/ucet\/wp-json\/wp\/v2\/pages\/82\/revisions"}],"predecessor-version":[{"id":2642,"href":"https:\/\/o-seznam.cz\/napoveda\/ucet\/wp-json\/wp\/v2\/pages\/82\/revisions\/2642"}],"wp:attachment":[{"href":"https:\/\/o-seznam.cz\/napoveda\/ucet\/wp-json\/wp\/v2\/media?parent=82"}],"wp:term":[{"taxonomy":"page_category","embeddable":true,"href":"https:\/\/o-seznam.cz\/napoveda\/ucet\/wp-json\/wp\/v2\/page_category?post=82"},{"taxonomy":"page_tag","embeddable":true,"href":"https:\/\/o-seznam.cz\/napoveda\/ucet\/wp-json\/wp\/v2\/page_tag?post=82"},{"taxonomy":"service_status_category","embeddable":true,"href":"https:\/\/o-seznam.cz\/napoveda\/ucet\/wp-json\/wp\/v2\/service_status_category?post=82"}],"curies":[{"name":"wp","href":"https:\/\/api.w.org\/{rel}","templated":true}]}}