{"id":736,"date":"2024-10-21T00:07:32","date_gmt":"2024-10-20T22:07:32","guid":{"rendered":"https:\/\/o-seznam.cz\/napoveda\/ucet\/?page_id=736"},"modified":"2025-11-12T10:55:25","modified_gmt":"2025-11-12T09:55:25","slug":"ucet-s-vlastnim-emailem","status":"publish","type":"page","link":"https:\/\/o-seznam.cz\/napoveda\/ucet\/registrace\/ucet-s-vlastnim-emailem\/","title":{"rendered":"Registrace \u00fa\u010dtu s vlastn\u00edm e-mailem"},"content":{"rendered":"\n<div class=\"wp-block-group is-layout-constrained wp-block-group-is-layout-constrained\">\n<p>N\u00ed\u017ee naleznete postup pro registraci nov\u00e9ho u\u017eivatelsk\u00e9ho \u00fa\u010dtu v p\u0159\u00edpad\u011b, kdy ji\u017e m\u00e1te vlastn\u00ed e-mailovou adresu (registrovanou u jin\u00e9ho poskytovatele, nebo nap\u0159. firemn\u00ed e-mailovou adresu) a chcete vyu\u017e\u00edvat v\u0161echny slu\u017eby a aplikace Seznam.cz krom\u011b e-mailov\u00e9 schr\u00e1nky Email.cz.<\/p>\n\n\n\n<div class=\"wp-block-seznam-box is-layout-flow wp-block-seznam-box-is-layout-flow\">\n<p>E-mailovou schr\u00e1nku u Seznamu nelze po registraci s vlastn\u00ed adresou nijak dodate\u010dn\u011b zapnout.<\/p>\n\n\n\n<p>Zva\u017ete tedy mo\u017enost <a href=\"https:\/\/o-seznam.cz\/napoveda\/ucet\/registrace\/ucet-s-novou-emailovou-schrankou\/\" data-type=\"link\" data-id=\"https:\/\/o-seznam.cz\/napoveda\/ucet\/registrace\/ucet-s-novou-emailovou-schrankou\/\">registrace nov\u00e9ho \u00fa\u010dtu i se schr\u00e1nkou na Seznamu<\/a>.<\/p>\n<\/div>\n\n\n\n<p class=\"is-style-link-external\">Pro zah\u00e1jen\u00ed registrace nav\u0161tivte tuto <a href=\"https:\/\/registrace.seznam.cz\" data-type=\"link\" data-id=\"https:\/\/registrace.seznam.cz\" target=\"_blank\" rel=\"noreferrer noopener\">adresu<\/a>.<\/p>\n\n\n\n<p>V zobrazen\u00e9m formul\u00e1\u0159i si zvolte mo\u017enost <strong>Pou\u017e\u00edt m\u016fj st\u00e1vaj\u00edc\u00ed e-mail<\/strong>. Vyjma klasick\u00e9ho formul\u00e1\u0159e se m\u016f\u017eete setkat i s upraven\u00fdm \u201ezelen\u00fdm\u201c formul\u00e1\u0159em Mapy.com.<\/p>\n\n\n\n<figure class=\"wp-block-gallery has-nested-images columns-default is-cropped wp-block-gallery-1 is-layout-flex wp-block-gallery-is-layout-flex\">\n<figure class=\"wp-block-image size-full\"><img loading=\"lazy\" decoding=\"async\" width=\"518\" height=\"597\" data-id=\"2635\" src=\"https:\/\/o-seznam.cz\/napoveda\/ucet\/wp-content\/uploads\/sites\/10\/2025\/11\/registrace-ucet-2.png\" alt=\"\" class=\"wp-image-2635\" srcset=\"https:\/\/o-seznam.cz\/napoveda\/ucet\/wp-content\/uploads\/sites\/10\/2025\/11\/registrace-ucet-2.png 518w, https:\/\/o-seznam.cz\/napoveda\/ucet\/wp-content\/uploads\/sites\/10\/2025\/11\/registrace-ucet-2-278x320.png 278w\" sizes=\"auto, (max-width: 518px) 100vw, 518px\" \/><\/figure>\n\n\n\n<figure class=\"wp-block-image size-full\"><img loading=\"lazy\" decoding=\"async\" width=\"522\" height=\"482\" data-id=\"2636\" src=\"https:\/\/o-seznam.cz\/napoveda\/ucet\/wp-content\/uploads\/sites\/10\/2025\/11\/registrace-mapy-2.png\" alt=\"\" class=\"wp-image-2636\" srcset=\"https:\/\/o-seznam.cz\/napoveda\/ucet\/wp-content\/uploads\/sites\/10\/2025\/11\/registrace-mapy-2.png 522w, https:\/\/o-seznam.cz\/napoveda\/ucet\/wp-content\/uploads\/sites\/10\/2025\/11\/registrace-mapy-2-320x295.png 320w\" sizes=\"auto, (max-width: 522px) 100vw, 522px\" \/><\/figure>\n<\/figure>\n\n\n\n<p>Do pole E-mailov\u00e1 adresa zadejte svoji vlastn\u00ed e-mailovou adresu a v\u00e1mi zvolen\u00e9 heslo.<\/p>\n\n\n\n<p>Pokud zad\u00e1te e-mailovou adresu @gmail.com, bli\u017e\u0161\u00ed popis je v \u010dl\u00e1nku <a href=\"https:\/\/o-seznam.cz\/napoveda\/ucet\/registrace\/propojeni-google-microsoft-ucet\/\">Propojen\u00ed s Google \u00fa\u010dtem<\/a>.<\/p>\n\n\n\n<figure class=\"wp-block-image size-full is-resized\"><img loading=\"lazy\" decoding=\"async\" width=\"554\" height=\"431\" src=\"https:\/\/o-seznam.cz\/napoveda\/ucet\/wp-content\/uploads\/sites\/10\/2025\/07\/registrace-vlastni-step1.png\" alt=\"\" class=\"wp-image-2193\" style=\"width:315px;height:auto\" srcset=\"https:\/\/o-seznam.cz\/napoveda\/ucet\/wp-content\/uploads\/sites\/10\/2025\/07\/registrace-vlastni-step1.png 554w, https:\/\/o-seznam.cz\/napoveda\/ucet\/wp-content\/uploads\/sites\/10\/2025\/07\/registrace-vlastni-step1-320x249.png 320w\" sizes=\"auto, (max-width: 554px) 100vw, 554px\" \/><\/figure>\n\n\n\n<p>Jak si zvolit siln\u00e9 a bezpe\u010dn\u00e9 heslo se m\u016f\u017eete inspirovat v na\u0161\u00ed sekci <a href=\"https:\/\/o-seznam.cz\/napoveda\/ucet\/zasady-bezpecnosti\/bezpecne-heslo\/\" data-type=\"page\" data-id=\"237\">Bezpe\u010dn\u00e9 heslo<\/a>.<\/p>\n\n\n\n<p>Z\u00e1kladn\u00ed po\u017eadavky pro bezpe\u010dn\u00e9 heslo jsou: <\/p>\n\n\n\n<ul class=\"wp-block-list\">\n<li>Minim\u00e1ln\u00ed d\u00e9lka hesla je 7 znak\u016f a heslo se nesm\u00ed shodovat s Va\u0161\u00edm u\u017eivatelsk\u00fdm jm\u00e9nem, ani mu nesm\u00ed b\u00fdt p\u0159\u00edli\u0161 podobn\u00e9<\/li>\n\n\n\n<li>P\u0159i zad\u00e1v\u00e1n\u00ed hesla m\u00e1te k dispozici indik\u00e1tor, kter\u00fd nazna\u010d\u00ed, jak siln\u00e9 zvolen\u00e9 heslo je. S\u00edla hesla je ukazatel, kter\u00fd \u0159\u00edk\u00e1, jak jednoduch\u00e9 je Va\u0161e heslo uhodnout. Je ve Va\u0161em z\u00e1jmu, aby indik\u00e1tor vyhodnotil Va\u0161e heslo co mo\u017en\u00e1 nejzelen\u011bj\u0161\u00ed barvou<\/li>\n\n\n\n<li>Volte siln\u00e9 heslo, kter\u00e9 bude obsahovat \u010d\u00edslice, velk\u00e1 p\u00edsmena \u010di z\u00e1kladn\u00ed speci\u00e1ln\u00ed znaky (nap\u0159. *, &amp;, %, ! apod.). Znaky s diakritikou (p\u00edsmena s h\u00e1\u010dky a \u010d\u00e1rkami) a znak mezery nejsou podporov\u00e1ny<\/li>\n<\/ul>\n\n\n\n<figure class=\"wp-block-image size-full\"><img loading=\"lazy\" decoding=\"async\" width=\"297\" height=\"139\" src=\"https:\/\/o-seznam.cz\/napoveda\/ucet\/wp-content\/uploads\/sites\/10\/2025\/07\/sila-hesla-1.png\" alt=\"\" class=\"wp-image-2194\"\/><\/figure>\n\n\n\n<p>N\u00e1sledn\u011b v\u00e1m zobraz\u00edme druh\u00fd krok registrace, kter\u00fdm je <strong>zad\u00e1n\u00ed Autoriza\u010dn\u00edho k\u00f3du<\/strong>. Ten naleznete v doru\u010den\u00e9 po\u0161t\u011b e-mailu, kter\u00fd jste pou\u017eili pro registraci.<\/p>\n\n\n\n<p>Neopou\u0161t\u011bjte str\u00e1nku s registra\u010dn\u00edm formul\u00e1\u0159em. E-mail, na kter\u00fd p\u0159i\u0161el Autoriza\u010dn\u00ed k\u00f3d si pros\u00edm otev\u0159ete v nov\u00e9 z\u00e1lo\u017ece prohl\u00ed\u017ee\u010de nebo na jin\u00e9m za\u0159\u00edzen\u00ed.<\/p>\n\n\n\n<figure class=\"wp-block-image size-full\"><img loading=\"lazy\" decoding=\"async\" width=\"518\" height=\"447\" src=\"https:\/\/o-seznam.cz\/napoveda\/ucet\/wp-content\/uploads\/sites\/10\/2025\/07\/registrace-vlastni-step2.png\" alt=\"\" class=\"wp-image-2196\" srcset=\"https:\/\/o-seznam.cz\/napoveda\/ucet\/wp-content\/uploads\/sites\/10\/2025\/07\/registrace-vlastni-step2.png 518w, https:\/\/o-seznam.cz\/napoveda\/ucet\/wp-content\/uploads\/sites\/10\/2025\/07\/registrace-vlastni-step2-320x276.png 320w\" sizes=\"auto, (max-width: 518px) 100vw, 518px\" \/><\/figure>\n\n\n\n<p>Jakmile doraz\u00ed zpr\u00e1va s p\u0159edm\u011btem &#8222;Ov\u011b\u0159ovac\u00ed k\u00f3d pro registraci: xxxxxxx&#8220;, zkop\u00edrujte \u010di opi\u0161te&nbsp;zaslan\u00fd k\u00f3d a vlo\u017ete jej do pol\u00ed\u010dka Autoriza\u010dn\u00ed k\u00f3d v registra\u010dn\u00edm formul\u00e1\u0159i.<\/p>\n\n\n\n<figure class=\"wp-block-image size-full is-resized\"><img loading=\"lazy\" decoding=\"async\" width=\"1116\" height=\"566\" src=\"https:\/\/o-seznam.cz\/napoveda\/ucet\/wp-content\/uploads\/sites\/10\/2025\/02\/overovaci-email.png\" alt=\"\" class=\"wp-image-1213\" style=\"width:838px;height:auto\" srcset=\"https:\/\/o-seznam.cz\/napoveda\/ucet\/wp-content\/uploads\/sites\/10\/2025\/02\/overovaci-email.png 1116w, https:\/\/o-seznam.cz\/napoveda\/ucet\/wp-content\/uploads\/sites\/10\/2025\/02\/overovaci-email-992x503.png 992w, https:\/\/o-seznam.cz\/napoveda\/ucet\/wp-content\/uploads\/sites\/10\/2025\/02\/overovaci-email-320x162.png 320w, https:\/\/o-seznam.cz\/napoveda\/ucet\/wp-content\/uploads\/sites\/10\/2025\/02\/overovaci-email-768x390.png 768w\" sizes=\"auto, (max-width: 1116px) 100vw, 1116px\" \/><\/figure>\n\n\n\n<p>Dokon\u010den\u00edm zalo\u017een\u00ed \u00fa\u010dtu automaticky souhlas\u00edte s Podm\u00ednkami u\u017eit\u00ed slu\u017eby.<\/p>\n\n\n\n<p><strong>V\u00fdborn\u011b! V\u00e1\u0161 \u00fa\u010det je t\u00edmto zaregistrov\u00e1n.<\/strong><\/p>\n\n\n\n<p>Na posledn\u00ed obrazovce naleznete potvrzen\u00ed o vytvo\u0159en\u00ed \u00fa\u010dtu a m\u016f\u017eete pokra\u010dovat na slu\u017eby Seznamu, \u010di si v <a href=\"https:\/\/o-seznam.cz\/napoveda\/ucet\/registrace\/nastaveni-personalizace-v-ramci-registrace-seznam-uctu\/\" data-type=\"link\" data-id=\"https:\/\/o-seznam.cz\/napoveda\/ucet\/registrace\/nastaveni-personalizace-v-ramci-registrace-seznam-uctu\/\">p\u00e1r kroc\u00edch p\u0159izp\u016fsobit obsah p\u0159\u00edmo na m\u00edru.<\/a><\/p>\n\n\n\n<figure class=\"wp-block-image size-full is-resized\"><img loading=\"lazy\" decoding=\"async\" width=\"388\" height=\"556\" src=\"https:\/\/o-seznam.cz\/napoveda\/ucet\/wp-content\/uploads\/sites\/10\/2025\/11\/final-registrace.png\" alt=\"\" class=\"wp-image-2723\" style=\"width:269px;height:auto\" srcset=\"https:\/\/o-seznam.cz\/napoveda\/ucet\/wp-content\/uploads\/sites\/10\/2025\/11\/final-registrace.png 388w, https:\/\/o-seznam.cz\/napoveda\/ucet\/wp-content\/uploads\/sites\/10\/2025\/11\/final-registrace-223x320.png 223w\" sizes=\"auto, (max-width: 388px) 100vw, 388px\" \/><\/figure>\n\n\n\n<div class=\"wp-block-seznam-box is-layout-flow wp-block-seznam-box-is-layout-flow\">\n<p>Po registraci a p\u0159ihl\u00e1\u0161en\u00ed d\u016frazn\u011b doporu\u010dujeme zv\u00e1\u017eit zv\u00fd\u0161en\u00ed zabezpe\u010den\u00ed \u00fa\u010dtu, kter\u00e9 m\u016f\u017eete prov\u00e9st nastaven\u00edm&nbsp;<a href=\"https:\/\/o-seznam.cz\/napoveda\/ucet\/zabezpeceni-uctu\/zachranny-email\/\">z\u00e1chrann\u00e9ho e-mailu<\/a>,&nbsp;<a href=\"https:\/\/o-seznam.cz\/napoveda\/ucet\/zabezpeceni-uctu\/zachranne-telefonni-cislo\/\">z\u00e1chrann\u00e9ho telefonn\u00edho \u010d\u00edsla<\/a>, <a href=\"https:\/\/o-seznam.cz\/napoveda\/ucet\/dvoufazove-overeni\/co-to-je\/\">dvouf\u00e1zov\u00e9ho ov\u011b\u0159en\u00ed<\/a> \u010di ov\u011b\u0159en\u00edm pomoc\u00ed <a href=\"https:\/\/o-seznam.cz\/napoveda\/ucet\/overeni-uctu\/bankovni-identita\/\">bankovn\u00ed identity<\/a> nebo pomoc\u00ed <a href=\"https:\/\/o-seznam.cz\/napoveda\/ucet\/overeni-uctu\/mojeid\/\">MojeID<\/a>.<\/p>\n\n\n\n<p>Pokud v budoucnu zapomenete nebo ztrat\u00edte p\u0159\u00edstupov\u00e9 heslo, budou tyto metody jedinou mo\u017enost\u00ed jak jej obnovit. Bez nich ji\u017e nebude existovat \u017e\u00e1dn\u00fd zp\u016fsob, jak obnovit a z\u00edskat zp\u011bt p\u0159\u00edstup k \u00fa\u010dtu.<\/p>\n<\/div>\n<\/div>\n","protected":false},"excerpt":{"rendered":"<p>N\u00ed\u017ee naleznete postup pro registraci nov\u00e9ho u\u017eivatelsk\u00e9ho \u00fa\u010dtu v p\u0159\u00edpad\u011b, kdy ji\u017e m\u00e1te vlastn\u00ed e-mailovou adresu (registrovanou u jin\u00e9ho poskytovatele, nebo nap\u0159. firemn\u00ed e-mailovou adresu) a chcete vyu\u017e\u00edvat v\u0161echny slu\u017eby a aplikace Seznam.cz krom\u011b e-mailov\u00e9 schr\u00e1nky Email.cz. Pro zah\u00e1jen\u00ed registrace nav\u0161tivte tuto adresu. V zobrazen\u00e9m formul\u00e1\u0159i si zvolte mo\u017enost Pou\u017e\u00edt m\u016fj st\u00e1vaj\u00edc\u00ed e-mail. Vyjma klasick\u00e9ho [&hellip;]<\/p>\n","protected":false},"author":6,"featured_media":0,"parent":82,"menu_order":0,"comment_status":"closed","ping_status":"closed","template":"page-sidemenu","meta":{"_acf_changed":false,"_relevanssi_hide_post":"","_relevanssi_hide_content":"","_relevanssi_pin_for_all":"","_relevanssi_pin_keywords":"","_relevanssi_unpin_keywords":"","_relevanssi_related_keywords":"","_relevanssi_related_include_ids":"","_relevanssi_related_exclude_ids":"","_relevanssi_related_no_append":"","_relevanssi_related_not_related":"","_relevanssi_related_posts":"","_relevanssi_noindex_reason":"","footnotes":""},"page_category":[24],"page_tag":[],"service_status_category":[],"class_list":["post-736","page","type-page","status-publish","hentry"],"acf":[],"lang":"cs","translations":{"cs":736,"en":1378},"pll_sync_post":[],"_links":{"self":[{"href":"https:\/\/o-seznam.cz\/napoveda\/ucet\/wp-json\/wp\/v2\/pages\/736","targetHints":{"allow":["GET"]}}],"collection":[{"href":"https:\/\/o-seznam.cz\/napoveda\/ucet\/wp-json\/wp\/v2\/pages"}],"about":[{"href":"https:\/\/o-seznam.cz\/napoveda\/ucet\/wp-json\/wp\/v2\/types\/page"}],"author":[{"embeddable":true,"href":"https:\/\/o-seznam.cz\/napoveda\/ucet\/wp-json\/wp\/v2\/users\/6"}],"replies":[{"embeddable":true,"href":"https:\/\/o-seznam.cz\/napoveda\/ucet\/wp-json\/wp\/v2\/comments?post=736"}],"version-history":[{"count":22,"href":"https:\/\/o-seznam.cz\/napoveda\/ucet\/wp-json\/wp\/v2\/pages\/736\/revisions"}],"predecessor-version":[{"id":2725,"href":"https:\/\/o-seznam.cz\/napoveda\/ucet\/wp-json\/wp\/v2\/pages\/736\/revisions\/2725"}],"up":[{"embeddable":true,"href":"https:\/\/o-seznam.cz\/napoveda\/ucet\/wp-json\/wp\/v2\/pages\/82"}],"wp:attachment":[{"href":"https:\/\/o-seznam.cz\/napoveda\/ucet\/wp-json\/wp\/v2\/media?parent=736"}],"wp:term":[{"taxonomy":"page_category","embeddable":true,"href":"https:\/\/o-seznam.cz\/napoveda\/ucet\/wp-json\/wp\/v2\/page_category?post=736"},{"taxonomy":"page_tag","embeddable":true,"href":"https:\/\/o-seznam.cz\/napoveda\/ucet\/wp-json\/wp\/v2\/page_tag?post=736"},{"taxonomy":"service_status_category","embeddable":true,"href":"https:\/\/o-seznam.cz\/napoveda\/ucet\/wp-json\/wp\/v2\/service_status_category?post=736"}],"curies":[{"name":"wp","href":"https:\/\/api.w.org\/{rel}","templated":true}]}}