{"id":717,"date":"2024-10-21T00:09:48","date_gmt":"2024-10-20T22:09:48","guid":{"rendered":"https:\/\/o-seznam.cz\/napoveda\/ucet\/?page_id=717"},"modified":"2026-01-22T10:09:36","modified_gmt":"2026-01-22T09:09:36","slug":"ucet-s-novou-emailovou-schrankou","status":"publish","type":"page","link":"https:\/\/o-seznam.cz\/napoveda\/ucet\/registrace\/ucet-s-novou-emailovou-schrankou\/","title":{"rendered":"Registrace \u00fa\u010dtu s novou e-mailovou schr\u00e1nkou"},"content":{"rendered":"\n<div class=\"wp-block-group is-layout-constrained wp-block-group-is-layout-constrained\">\n<p>N\u00ed\u017ee naleznete postup pro registraci nov\u00e9ho u\u017eivatelsk\u00e9ho \u00fa\u010dtu s vytvo\u0159en\u00edm nov\u00e9 e-mailov\u00e9 adresy u Seznamu.<\/p>\n\n\n\n<p class=\"is-style-link-external\">Pro zah\u00e1jen\u00ed registrace nav\u0161tivte tuto <a href=\"https:\/\/registrace.seznam.cz\" data-type=\"link\" data-id=\"https:\/\/registrace.seznam.cz\" target=\"_blank\" rel=\"noreferrer noopener\">adresu<\/a>.<\/p>\n\n\n\n<p>V zobrazen\u00e9m formul\u00e1\u0159i si zvolte mo\u017enost <strong>Vytvo\u0159it adresu @seznam.cz. <\/strong>Vyjma klasick\u00e9ho formul\u00e1\u0159e se m\u016f\u017eete setkat i s upraven\u00fdm &#8222;zelen\u00fdm&#8220; formul\u00e1\u0159em Mapy.com.<\/p>\n\n\n\n<figure class=\"wp-block-gallery has-nested-images columns-default is-cropped wp-block-gallery-1 is-layout-flex wp-block-gallery-is-layout-flex\">\n<figure class=\"wp-block-image size-full\"><img loading=\"lazy\" decoding=\"async\" width=\"518\" height=\"597\" data-id=\"2632\" src=\"https:\/\/o-seznam.cz\/napoveda\/ucet\/wp-content\/uploads\/sites\/10\/2025\/11\/registrace-ucet-1.png\" alt=\"\" class=\"wp-image-2632\" srcset=\"https:\/\/o-seznam.cz\/napoveda\/ucet\/wp-content\/uploads\/sites\/10\/2025\/11\/registrace-ucet-1.png 518w, https:\/\/o-seznam.cz\/napoveda\/ucet\/wp-content\/uploads\/sites\/10\/2025\/11\/registrace-ucet-1-278x320.png 278w\" sizes=\"auto, (max-width: 518px) 100vw, 518px\" \/><\/figure>\n\n\n\n<figure class=\"wp-block-image size-full\"><img loading=\"lazy\" decoding=\"async\" width=\"522\" height=\"482\" data-id=\"2633\" src=\"https:\/\/o-seznam.cz\/napoveda\/ucet\/wp-content\/uploads\/sites\/10\/2025\/11\/registrace-mapy-1.png\" alt=\"\" class=\"wp-image-2633\" srcset=\"https:\/\/o-seznam.cz\/napoveda\/ucet\/wp-content\/uploads\/sites\/10\/2025\/11\/registrace-mapy-1.png 522w, https:\/\/o-seznam.cz\/napoveda\/ucet\/wp-content\/uploads\/sites\/10\/2025\/11\/registrace-mapy-1-320x295.png 320w\" sizes=\"auto, (max-width: 522px) 100vw, 522px\" \/><\/figure>\n<\/figure>\n\n\n\n<p>Prvn\u00ed \u010d\u00e1st u\u017eivatelsk\u00e9ho jm\u00e9na (p\u0159ed @) si m\u016f\u017eete vymyslet dle sv\u00e9ho p\u0159\u00e1n\u00ed, druhou \u010d\u00e1st, tzv. dom\u00e9nu vypln\u00edme automaticky @seznam.cz pokud ji nenap\u00ed\u0161ete.<\/p>\n\n\n\n<p>V\u00e1mi vybran\u00e9 u\u017eivatelsk\u00e9 jm\u00e9no je automaticky ov\u011b\u0159eno. Pokud je ji\u017e obsazeno, zobraz\u00ed se upozorn\u011bn\u00ed a p\u0159\u00edpadn\u011b n\u00e1vrh voln\u00fdch u\u017eivatelsk\u00fdch jmen. V takov\u00e9m p\u0159\u00edpad\u011b si m\u016f\u017eete zvolit jinou prvn\u00ed \u010d\u00e1st jm\u00e9na nebo vybrat jinou dom\u00e9nu Seznamu @email.cz nebo @post.cz.<\/p>\n\n\n\n<figure class=\"wp-block-image size-full is-resized\"><img loading=\"lazy\" decoding=\"async\" width=\"421\" height=\"434\" src=\"https:\/\/o-seznam.cz\/napoveda\/ucet\/wp-content\/uploads\/sites\/10\/2025\/07\/registrace-login-step1.png\" alt=\"\" class=\"wp-image-2186\" style=\"width:306px;height:auto\" srcset=\"https:\/\/o-seznam.cz\/napoveda\/ucet\/wp-content\/uploads\/sites\/10\/2025\/07\/registrace-login-step1.png 421w, https:\/\/o-seznam.cz\/napoveda\/ucet\/wp-content\/uploads\/sites\/10\/2025\/07\/registrace-login-step1-310x320.png 310w\" sizes=\"auto, (max-width: 421px) 100vw, 421px\" \/><\/figure>\n\n\n\n<p>N\u00e1sleduje <strong>volba hesla<\/strong>. Mohl by v\u00e1m pomoci \u010dl\u00e1nek s n\u00e1m\u011bty, jak zvolit <a href=\"https:\/\/o-seznam.cz\/napoveda\/ucet\/zasady-bezpecnosti\/bezpecne-heslo\/\" data-type=\"page\" data-id=\"237\">Bezpe\u010dn\u00e9 heslo<\/a>.<\/p>\n\n\n\n<ul class=\"wp-block-list\">\n<li>Minim\u00e1ln\u00ed d\u00e9lka hesla je 7 znak\u016f a heslo se nesm\u00ed shodovat s va\u0161\u00edm u\u017eivatelsk\u00fdm jm\u00e9nem, ani mu nesm\u00ed b\u00fdt p\u0159\u00edli\u0161 podobn\u00e9<\/li>\n\n\n\n<li>P\u0159i zad\u00e1v\u00e1n\u00ed hesla m\u00e1te k dispozici indik\u00e1tor, kter\u00fd nazna\u010d\u00ed, jak siln\u00e9 zvolen\u00e9 heslo je. S\u00edla hesla je ukazatel, kter\u00fd \u0159\u00edk\u00e1, jak jednoduch\u00e9 m\u016f\u017ee b\u00fdt va\u0161e heslo uhodnout. Je ve va\u0161em z\u00e1jmu, aby indik\u00e1tor vyhodnotil heslo co mo\u017en\u00e1 nejzelen\u011bj\u0161\u00ed barvou<\/li>\n\n\n\n<li>Volte siln\u00e9 heslo, kter\u00e9 bude obsahovat \u010d\u00edslice, velk\u00e1 p\u00edsmena \u010di z\u00e1kladn\u00ed speci\u00e1ln\u00ed znaky (nap\u0159. *, &amp;, %, ! apod.). Znaky s diakritikou (p\u00edsmena s h\u00e1\u010dky a \u010d\u00e1rkami) a znak mezery nejsou podporov\u00e1ny<\/li>\n<\/ul>\n\n\n\n<figure class=\"wp-block-image size-full is-resized\"><img loading=\"lazy\" decoding=\"async\" width=\"297\" height=\"139\" src=\"https:\/\/o-seznam.cz\/napoveda\/ucet\/wp-content\/uploads\/sites\/10\/2025\/07\/sila-hesla.png\" alt=\"\" class=\"wp-image-2187\" style=\"width:376px;height:auto\"\/><\/figure>\n\n\n\n<p>N\u00e1sledn\u011b se zobraz\u00ed druh\u00fd krok registrace, kter\u00fdm je <strong>Ov\u011b\u0159en\u00ed telefonn\u00edho \u010d\u00edsl<\/strong>a.<\/p>\n\n\n\n<p>Do zobrazen\u00e9ho pole zadejte sv\u00e9 telefonn\u00ed \u010d\u00edslo a klikn\u011bte na <strong>Zaslat ov\u011b\u0159ovac\u00ed k\u00f3d<\/strong>.<\/p>\n\n\n\n<p>Pokud registraci prov\u00e1d\u00edte na mobiln\u00edm za\u0159\u00edzen\u00ed, m\u016f\u017eete se setkat s nab\u00eddkou automatick\u00e9ho p\u0159eps\u00e1n\u00ed potvrzovac\u00edho k\u00f3du ze SMS. <\/p>\n\n\n\n<p>Souhlas d\u00e1v\u00e1te pouze pro va\u0161e za\u0159\u00edzen\u00ed a pouze pro jednu danou SMS za \u00fa\u010delem p\u0159evzet\u00ed doru\u010den\u00e9ho k\u00f3du.<\/p>\n\n\n\n<div class=\"wp-block-seznam-box is-layout-flow wp-block-seznam-box-is-layout-flow\">\n<p>Pozor! Pro ov\u011b\u0159en\u00ed telefonn\u00edch \u010d\u00edsel zahrani\u010dn\u00edch mobiln\u00edch oper\u00e1tor\u016f je nezbytn\u00e9 doplnit k \u010d\u00edslu mezin\u00e1rodn\u00ed p\u0159edvolbu, nap\u0159. +421xxxxxxxxx, +357xxxxxxxxx apod.<\/p>\n\n\n\n<p>Pokud ov\u011b\u0159ujete \u00fa\u010det ze zahrani\u010dn\u00edho \u010d\u00edsla, podrobn\u00e9 informace naleznete <a href=\"https:\/\/o-seznam.cz\/napoveda\/ucet\/registrace\/zahranicni-telefonni-cislo\/\">zde<\/a>.<\/p>\n<\/div>\n\n\n\n<figure class=\"wp-block-image size-full\"><img loading=\"lazy\" decoding=\"async\" width=\"428\" height=\"475\" src=\"https:\/\/o-seznam.cz\/napoveda\/ucet\/wp-content\/uploads\/sites\/10\/2025\/07\/registrace-login-step2.png\" alt=\"\" class=\"wp-image-2188\" srcset=\"https:\/\/o-seznam.cz\/napoveda\/ucet\/wp-content\/uploads\/sites\/10\/2025\/07\/registrace-login-step2.png 428w, https:\/\/o-seznam.cz\/napoveda\/ucet\/wp-content\/uploads\/sites\/10\/2025\/07\/registrace-login-step2-288x320.png 288w\" sizes=\"auto, (max-width: 428px) 100vw, 428px\" \/><\/figure>\n\n\n\n<p>Neopou\u0161t\u011bjte registra\u010dn\u00ed formul\u00e1\u0159 a vy\u010dkejte na doru\u010den\u00ed SMS zpr\u00e1vy s k\u00f3dem. Platnost k\u00f3du je \u010dasov\u011b omezen\u00e1.<\/p>\n\n\n\n<p>Po obdr\u017een\u00ed SMS zadejte k\u00f3d do pole Opi\u0161te k\u00f3d z SMS klikn\u011bte na <strong>Dokon\u010dit zalo\u017een\u00ed \u00fa\u010dtu.<\/strong><\/p>\n\n\n\n<p>Pokud SMS zpr\u00e1va s k\u00f3dem nep\u0159ijde, \u010di nastanou jin\u00e9 pot\u00ed\u017ee, m\u00e1te mo\u017enost jej znovu odeslat pomoc\u00ed volby <strong>Z\u00edskat k\u00f3d znovu.<\/strong><\/p>\n\n\n\n<p>V tomto kroku automaticky souhlas\u00edte s Podm\u00ednkami u\u017eit\u00ed slu\u017eby.<\/p>\n\n\n\n<p>Pokud registraci prov\u00e1d\u00edte na mobiln\u00edm za\u0159\u00edzen\u00ed, m\u016f\u017eete se setkat s nab\u00eddkou automatick\u00e9ho p\u0159eps\u00e1n\u00ed potvrzovac\u00edho k\u00f3du ze SMS.<\/p>\n\n\n\n<p>Souhlas d\u00e1v\u00e1te pouze pro va\u0161e za\u0159\u00edzen\u00ed a pouze pro jednu danou SMS za \u00fa\u010delem p\u0159evzet\u00ed doru\u010den\u00e9ho k\u00f3du.<\/p>\n\n\n\n<figure class=\"wp-block-image size-full is-resized\"><img loading=\"lazy\" decoding=\"async\" width=\"519\" height=\"603\" src=\"https:\/\/o-seznam.cz\/napoveda\/ucet\/wp-content\/uploads\/sites\/10\/2025\/11\/ziskat-kod-znovu.png\" alt=\"\" class=\"wp-image-2666\" style=\"width:387px;height:auto\" srcset=\"https:\/\/o-seznam.cz\/napoveda\/ucet\/wp-content\/uploads\/sites\/10\/2025\/11\/ziskat-kod-znovu.png 519w, https:\/\/o-seznam.cz\/napoveda\/ucet\/wp-content\/uploads\/sites\/10\/2025\/11\/ziskat-kod-znovu-275x320.png 275w\" sizes=\"auto, (max-width: 519px) 100vw, 519px\" \/><\/figure>\n\n\n\n<p><strong>V\u00fdborn\u011b! V\u00e1\u0161 \u00fa\u010det je t\u00edmto zaregistrov\u00e1n.<\/strong><\/p>\n\n\n\n<p>Na posledn\u00ed obrazovce naleznete potvrzen\u00ed o vytvo\u0159en\u00ed \u00fa\u010dtu a m\u016f\u017eete pokra\u010dovat na slu\u017eby Seznamu, \u010di si v <a href=\"https:\/\/o-seznam.cz\/napoveda\/ucet\/registrace\/nastaveni-personalizace-v-ramci-registrace-seznam-uctu\/\" data-type=\"link\" data-id=\"https:\/\/o-seznam.cz\/napoveda\/ucet\/registrace\/nastaveni-personalizace-v-ramci-registrace-seznam-uctu\/\">p\u00e1r kroc\u00edch p\u0159izp\u016fsobit obsah p\u0159\u00edmo na m\u00edru.<\/a><\/p>\n\n\n\n<figure class=\"wp-block-image size-full is-resized\"><img loading=\"lazy\" decoding=\"async\" width=\"388\" height=\"556\" src=\"https:\/\/o-seznam.cz\/napoveda\/ucet\/wp-content\/uploads\/sites\/10\/2025\/11\/final-registrace.png\" alt=\"\" class=\"wp-image-2723\" style=\"width:318px;height:auto\" srcset=\"https:\/\/o-seznam.cz\/napoveda\/ucet\/wp-content\/uploads\/sites\/10\/2025\/11\/final-registrace.png 388w, https:\/\/o-seznam.cz\/napoveda\/ucet\/wp-content\/uploads\/sites\/10\/2025\/11\/final-registrace-223x320.png 223w\" sizes=\"auto, (max-width: 388px) 100vw, 388px\" \/><\/figure>\n\n\n\n<div class=\"wp-block-seznam-box is-layout-flow wp-block-seznam-box-is-layout-flow\">\n<p>Po registraci a p\u0159ihl\u00e1\u0161en\u00ed d\u016frazn\u011b doporu\u010dujeme zv\u00e1\u017eit zv\u00fd\u0161en\u00ed zabezpe\u010den\u00ed \u00fa\u010dtu, kter\u00e9 m\u016f\u017eete prov\u00e9st nastaven\u00edm&nbsp;<a href=\"https:\/\/o-seznam.cz\/napoveda\/ucet\/zabezpeceni-uctu\/zachranny-email\/\">z\u00e1chrann\u00e9ho e-mailu<\/a>,&nbsp;<a href=\"https:\/\/o-seznam.cz\/napoveda\/ucet\/zabezpeceni-uctu\/zachranne-telefonni-cislo\/\">z\u00e1chrann\u00e9ho telefonn\u00edho \u010d\u00edsla<\/a>, <a href=\"https:\/\/o-seznam.cz\/napoveda\/ucet\/dvoufazove-overeni\/co-to-je\/\">dvouf\u00e1zov\u00e9ho ov\u011b\u0159en\u00ed<\/a> \u010di ov\u011b\u0159en\u00edm pomoc\u00ed <a href=\"https:\/\/o-seznam.cz\/napoveda\/ucet\/overeni-uctu\/bankovni-identita\/\" data-type=\"page\" data-id=\"109\">bankovn\u00ed identity<\/a> nebo pomoc\u00ed <a href=\"https:\/\/o-seznam.cz\/napoveda\/ucet\/overeni-uctu\/mojeid\/\" data-type=\"page\" data-id=\"112\">MojeID<\/a>.<\/p>\n\n\n\n<p>Pokud v budoucnu zapomenete nebo ztrat\u00edte p\u0159\u00edstupov\u00e9 heslo, budou tyto metody jedinou mo\u017enost\u00ed jak jej obnovit. Bez nich ji\u017e nebude existovat \u017e\u00e1dn\u00fd zp\u016fsob, jak obnovit a z\u00edskat zp\u011bt p\u0159\u00edstup k \u00fa\u010dtu.<\/p>\n<\/div>\n<\/div>\n","protected":false},"excerpt":{"rendered":"<p>N\u00ed\u017ee naleznete postup pro registraci nov\u00e9ho u\u017eivatelsk\u00e9ho \u00fa\u010dtu s vytvo\u0159en\u00edm nov\u00e9 e-mailov\u00e9 adresy u Seznamu. Pro zah\u00e1jen\u00ed registrace nav\u0161tivte tuto adresu. V zobrazen\u00e9m formul\u00e1\u0159i si zvolte mo\u017enost Vytvo\u0159it adresu @seznam.cz. Vyjma klasick\u00e9ho formul\u00e1\u0159e se m\u016f\u017eete setkat i s upraven\u00fdm &#8222;zelen\u00fdm&#8220; formul\u00e1\u0159em Mapy.com. Prvn\u00ed \u010d\u00e1st u\u017eivatelsk\u00e9ho jm\u00e9na (p\u0159ed @) si m\u016f\u017eete vymyslet dle sv\u00e9ho p\u0159\u00e1n\u00ed, druhou [&hellip;]<\/p>\n","protected":false},"author":6,"featured_media":0,"parent":82,"menu_order":0,"comment_status":"closed","ping_status":"closed","template":"page-sidemenu","meta":{"_acf_changed":false,"_relevanssi_hide_post":"","_relevanssi_hide_content":"","_relevanssi_pin_for_all":"","_relevanssi_pin_keywords":"","_relevanssi_unpin_keywords":"","_relevanssi_related_keywords":"","_relevanssi_related_include_ids":"","_relevanssi_related_exclude_ids":"","_relevanssi_related_no_append":"","_relevanssi_related_not_related":"","_relevanssi_related_posts":"","_relevanssi_noindex_reason":"","footnotes":""},"page_category":[24],"page_tag":[],"service_status_category":[],"class_list":["post-717","page","type-page","status-publish","hentry"],"acf":[],"lang":"cs","translations":{"cs":717,"en":1371},"pll_sync_post":[],"_links":{"self":[{"href":"https:\/\/o-seznam.cz\/napoveda\/ucet\/wp-json\/wp\/v2\/pages\/717","targetHints":{"allow":["GET"]}}],"collection":[{"href":"https:\/\/o-seznam.cz\/napoveda\/ucet\/wp-json\/wp\/v2\/pages"}],"about":[{"href":"https:\/\/o-seznam.cz\/napoveda\/ucet\/wp-json\/wp\/v2\/types\/page"}],"author":[{"embeddable":true,"href":"https:\/\/o-seznam.cz\/napoveda\/ucet\/wp-json\/wp\/v2\/users\/6"}],"replies":[{"embeddable":true,"href":"https:\/\/o-seznam.cz\/napoveda\/ucet\/wp-json\/wp\/v2\/comments?post=717"}],"version-history":[{"count":27,"href":"https:\/\/o-seznam.cz\/napoveda\/ucet\/wp-json\/wp\/v2\/pages\/717\/revisions"}],"predecessor-version":[{"id":2850,"href":"https:\/\/o-seznam.cz\/napoveda\/ucet\/wp-json\/wp\/v2\/pages\/717\/revisions\/2850"}],"up":[{"embeddable":true,"href":"https:\/\/o-seznam.cz\/napoveda\/ucet\/wp-json\/wp\/v2\/pages\/82"}],"wp:attachment":[{"href":"https:\/\/o-seznam.cz\/napoveda\/ucet\/wp-json\/wp\/v2\/media?parent=717"}],"wp:term":[{"taxonomy":"page_category","embeddable":true,"href":"https:\/\/o-seznam.cz\/napoveda\/ucet\/wp-json\/wp\/v2\/page_category?post=717"},{"taxonomy":"page_tag","embeddable":true,"href":"https:\/\/o-seznam.cz\/napoveda\/ucet\/wp-json\/wp\/v2\/page_tag?post=717"},{"taxonomy":"service_status_category","embeddable":true,"href":"https:\/\/o-seznam.cz\/napoveda\/ucet\/wp-json\/wp\/v2\/service_status_category?post=717"}],"curies":[{"name":"wp","href":"https:\/\/api.w.org\/{rel}","templated":true}]}}