{"id":657,"date":"2024-10-13T00:23:04","date_gmt":"2024-10-12T22:23:04","guid":{"rendered":"https:\/\/o-seznam.cz\/napoveda\/ucet\/?page_id=657"},"modified":"2026-03-26T09:35:55","modified_gmt":"2026-03-26T08:35:55","slug":"seznam-bez-personalizovane-reklamy","status":"publish","type":"page","link":"https:\/\/o-seznam.cz\/napoveda\/ucet\/data-a-personalizace\/seznam-bez-personalizovane-reklamy\/","title":{"rendered":"Seznam bez c\u00edlen\u00e9 reklamy"},"content":{"rendered":"\n<div class=\"wp-block-group is-layout-constrained wp-block-group-is-layout-constrained\"><nav class=\"menu-anchors\">\n<ul>\n\t<li><a href=\"#zalozeni-predplatneho\">Zalo\u017een\u00ed a \u00fahrada m\u011bs\u00ed\u010dn\u00edho p\u0159edplatn\u00e9ho<\/a><\/li>\n<li><a href=\"#sd\u00edlen\u00ed-seznamu-bez-cilene-reklamy\">Sd\u00edlen\u00ed Seznamu bez c\u00edlen\u00e9 reklamy<\/a><\/li>\n<li><a href=\"#aktualizace-nastaveni-soukromi\">Aktualizace nastaven\u00ed soukrom\u00ed<\/a><\/li>\n<\/ul>\n\n<\/nav>\n<\/div>\n\n\n\n<div class=\"wp-block-group is-layout-constrained wp-block-group-is-layout-constrained\">\n<p>Rozhodli jste se odm\u00edtnout ud\u011blit sv\u016fj souhlas se zpracov\u00e1n\u00edm osobn\u00edch \u00fadaj\u016f, a to pro v\u0161echny \u00fa\u010dely.<\/p>\n\n\n\n<p>Nesouhlas se zpracov\u00e1n\u00edm osobn\u00edch \u00fadaj\u016f je zpoplatn\u011bn produktem Seznam bez c\u00edlen\u00e9 reklamy. Tento produkt se t\u00fdk\u00e1 pouze Personalizace reklamy (vytv\u00e1\u0159en\u00ed profilu pro personalizaci reklamy a n\u00e1sledn\u00e9 pou\u017eit\u00ed pro personalizaci reklam) a Ukl\u00e1d\u00e1n\u00ed nebo p\u0159\u00edstupu k informac\u00edm do za\u0159\u00edzen\u00ed, nikoli Personalizace obsahu (vytv\u00e1\u0159en\u00ed profilu pro personalizaci a n\u00e1sledn\u00e9 pou\u017eit\u00ed pro personalizaci obsahu jednotliv\u00fdch slu\u017eeb, nap\u0159. Novinky.cz) a P\u0159esn\u00fdch \u00fadaj\u016f o zem\u011bpisn\u00e9 poloze a identifikace pomoc\u00ed skenov\u00e1n\u00ed za\u0159\u00edzen\u00ed (sledov\u00e1n\u00ed polohy nap\u0159. pro zobrazen\u00ed p\u0159esn\u00e9 polohy na mapy.cz a zobrazen\u00ed okoln\u00edch bod\u016f z\u00e1jmu dle Va\u0161\u00ed konkr\u00e9tn\u00ed polohy).<\/p>\n\n\n\n<p>Jakmile zvol\u00edte nesouhlas s vyjmenovan\u00fdmi \u00fa\u010dely, budete vyzv\u00e1ni k potvrzen\u00ed p\u0159echodu na platbu m\u011bs\u00ed\u010dn\u00edho p\u0159edplatn\u00e9ho produktu Seznam bez c\u00edlen\u00e9 reklamy.<\/p>\n\n\n\n<p>Toto p\u0159edplatn\u00e9 se bude opakovan\u011b jednou m\u011bs\u00ed\u010dn\u011b strh\u00e1vat z Va\u0161eho \u00fa\u010dtu, propojen\u00e9ho s platebn\u00ed kartou, kterou uhrad\u00edte prvn\u00ed m\u011bs\u00edc p\u0159edplatn\u00e9ho. Toto se bude d\u00edt automaticky samo, bez nutnosti Va\u0161eho z\u00e1sahu.<\/p>\n\n\n\n<p>Pro zru\u0161en\u00ed p\u0159edplatn\u00e9ho je pot\u0159eba p\u0159ej\u00edt do sv\u00e9ho \u00fa\u010dtu do sekce&nbsp;<a href=\"https:\/\/ucet.seznam.cz\/\" target=\"_blank\" rel=\"noreferrer noopener\"><strong>Platby a p\u0159edplatn\u00e1<\/strong><\/a>. Zde u aktivn\u00edho p\u0159edplatn\u00e9ho klikn\u011bte na tla\u010d\u00edtko&nbsp;<strong>\u201eZru\u0161it obnovu\u201c<\/strong>. N\u00e1sledn\u011b budete po\u017e\u00e1d\u00e1ni o druh\u00e9 potvrzen\u00ed, aby nedo\u0161lo k necht\u011bn\u00e9mu zru\u0161en\u00ed.&nbsp;<\/p>\n\n\n\n<div class=\"wp-block-seznam-box is-layout-flow wp-block-seznam-box-is-layout-flow\">\n<p>Jak postupovat p\u0159i zm\u011bn\u011b platebn\u00edch \u00fadaj\u016f, \u010di p\u0159i obnov\u011b\/zru\u0161en\u00ed p\u0159edplatn\u00e9ho naleznete v sekci <a href=\"https:\/\/o-seznam.cz\/napoveda\/ucet\/platby-a-predplatna\/\" data-type=\"page\" data-id=\"175\">Platby a p\u0159edplatn\u00e1<\/a>.<\/p>\n<\/div>\n<\/div>\n\n\n\n<div class=\"wp-block-group is-layout-constrained wp-block-group-is-layout-constrained\">\n<h2 class=\"wp-block-heading\" id=\"zalozeni-predplatneho\">Zalo\u017een\u00ed a \u00fahrada m\u011bs\u00ed\u010dn\u00edho p\u0159edplatn\u00e9ho<\/h2>\n\n\n\n<p>Pro platbu n\u00e1sledujte tyto kroky:<\/p>\n\n\n\n<figure class=\"wp-block-image size-full is-resized\"><img loading=\"lazy\" decoding=\"async\" width=\"875\" height=\"653\" src=\"https:\/\/o-seznam.cz\/napoveda\/ucet\/wp-content\/uploads\/sites\/10\/2026\/01\/snimek-obrazovky-2026-01-13-v145342.png\" alt=\"\" class=\"wp-image-2776\" style=\"width:643px\" srcset=\"https:\/\/o-seznam.cz\/napoveda\/ucet\/wp-content\/uploads\/sites\/10\/2026\/01\/snimek-obrazovky-2026-01-13-v145342.png 875w, https:\/\/o-seznam.cz\/napoveda\/ucet\/wp-content\/uploads\/sites\/10\/2026\/01\/snimek-obrazovky-2026-01-13-v145342-320x239.png 320w, https:\/\/o-seznam.cz\/napoveda\/ucet\/wp-content\/uploads\/sites\/10\/2026\/01\/snimek-obrazovky-2026-01-13-v145342-768x573.png 768w\" sizes=\"auto, (max-width: 875px) 100vw, 875px\" \/><\/figure>\n\n\n\n<p>1. Na prvn\u00ed str\u00e1nce dialogu zvolte mo\u017enost \u201eP\u0159edplatit\u201c v boxu Nec\u00edlen\u00e1 reklama.<\/p>\n\n\n\n<p>2. Pokud nejste p\u0159ihl\u00e1\u0161eni, budete vyzv\u00e1ni k p\u0159ihl\u00e1\u0161en\u00ed k Seznam \u00da\u010dtu. Odm\u00edtnut\u00ed a n\u00e1sledn\u00e1 platba je v\u00e1z\u00e1na na Seznam \u00da\u010det a bez p\u0159ihl\u00e1\u0161en\u00ed nelze prov\u00e9st.<\/p>\n\n\n\n<figure class=\"wp-block-image size-full is-resized\"><img loading=\"lazy\" decoding=\"async\" width=\"708\" height=\"498\" src=\"https:\/\/o-seznam.cz\/napoveda\/ucet\/wp-content\/uploads\/sites\/10\/2026\/01\/snimek-obrazovky-2026-01-13-v145353.png\" alt=\"\" class=\"wp-image-2777\" style=\"width:643px\" srcset=\"https:\/\/o-seznam.cz\/napoveda\/ucet\/wp-content\/uploads\/sites\/10\/2026\/01\/snimek-obrazovky-2026-01-13-v145353.png 708w, https:\/\/o-seznam.cz\/napoveda\/ucet\/wp-content\/uploads\/sites\/10\/2026\/01\/snimek-obrazovky-2026-01-13-v145353-320x225.png 320w\" sizes=\"auto, (max-width: 708px) 100vw, 708px\" \/><\/figure>\n\n\n\n<p>3. N\u00e1sledn\u011b budete p\u0159esm\u011brov\u00e1ni na p\u0159ihl\u00e1\u0161en\u00ed k Seznam \u00da\u010dtu. M\u016f\u017eete se p\u0159ihl\u00e1sit ji\u017e existuj\u00edc\u00edm \u00fa\u010dtem, nebo si zalo\u017eit nov\u00fd.<\/p>\n\n\n\n<p>4. Po p\u0159ihl\u00e1\u0161en\u00ed budete p\u0159esm\u011brov\u00e1ni na potvrzen\u00ed o platb\u011b nov\u00e9ho p\u0159edplatn\u00e9ho.<\/p>\n\n\n\n<p>5. P\u0159e\u010dt\u011bte si pros\u00edm smluvn\u00ed podm\u00ednky a potvr\u010fte jejich p\u0159e\u010dten\u00ed. Klikn\u011bte na \u201eP\u0159ej\u00edt k&nbsp;platb\u011b\u201c a budete p\u0159esm\u011brov\u00e1ni na platebn\u00ed br\u00e1nu.<\/p>\n\n\n\n<figure class=\"wp-block-image size-full is-resized\"><img loading=\"lazy\" decoding=\"async\" width=\"706\" height=\"650\" src=\"https:\/\/o-seznam.cz\/napoveda\/ucet\/wp-content\/uploads\/sites\/10\/2026\/01\/snimek-obrazovky-2026-01-13-v145418.png\" alt=\"\" class=\"wp-image-2778\" style=\"width:643px\" srcset=\"https:\/\/o-seznam.cz\/napoveda\/ucet\/wp-content\/uploads\/sites\/10\/2026\/01\/snimek-obrazovky-2026-01-13-v145418.png 706w, https:\/\/o-seznam.cz\/napoveda\/ucet\/wp-content\/uploads\/sites\/10\/2026\/01\/snimek-obrazovky-2026-01-13-v145418-320x295.png 320w\" sizes=\"auto, (max-width: 706px) 100vw, 706px\" \/><\/figure>\n\n\n\n<p>6. Na platebn\u00ed br\u00e1n\u011b vypl\u0148te po\u017eadovan\u00e9 \u00fadaje o kart\u011b, ze kter\u00e9 bude n\u00e1sledn\u011b m\u011bs\u00ed\u010dn\u00ed p\u0159edplatn\u00e9 pravideln\u011b strh\u00e1v\u00e1no. V r\u00e1mci platebn\u00edho procesu potvr\u010fte v\u0161e tak, jak jste zvykl\u00ed u sv\u00e9 banky. V\u0161e je bezpe\u010dn\u00e9 a odehr\u00e1v\u00e1 se na stran\u011b banky.<\/p>\n\n\n\n<figure class=\"wp-block-image size-full is-resized\"><img loading=\"lazy\" decoding=\"async\" width=\"1202\" height=\"1192\" src=\"https:\/\/o-seznam.cz\/napoveda\/ucet\/wp-content\/uploads\/sites\/10\/2024\/10\/cw-sbcr-platebni-brana.png\" alt=\"\" class=\"wp-image-809\" style=\"width:643px;height:auto\" srcset=\"https:\/\/o-seznam.cz\/napoveda\/ucet\/wp-content\/uploads\/sites\/10\/2024\/10\/cw-sbcr-platebni-brana.png 1202w, https:\/\/o-seznam.cz\/napoveda\/ucet\/wp-content\/uploads\/sites\/10\/2024\/10\/cw-sbcr-platebni-brana-992x984.png 992w, https:\/\/o-seznam.cz\/napoveda\/ucet\/wp-content\/uploads\/sites\/10\/2024\/10\/cw-sbcr-platebni-brana-320x317.png 320w, https:\/\/o-seznam.cz\/napoveda\/ucet\/wp-content\/uploads\/sites\/10\/2024\/10\/cw-sbcr-platebni-brana-768x762.png 768w\" sizes=\"auto, (max-width: 1202px) 100vw, 1202px\" \/><\/figure>\n\n\n\n<p>7. Po dokon\u010den\u00ed platby budete vr\u00e1ceni zp\u011bt na potvrzen\u00ed o proveden\u00ed platby. Klikn\u011bte na tla\u010d\u00edtko \u201eP\u0159ej\u00edt zp\u011bt\u201c pro navr\u00e1cen\u00ed do dialogu na slu\u017eb\u011b pro dokon\u010den\u00ed nastaven\u00ed personalizace.<\/p>\n\n\n\n<p>8. Pokud pr\u016fb\u011bh platby sel\u017ee, zobraz\u00ed se informace o selh\u00e1n\u00ed a platbu m\u016f\u017eete opakovat od za\u010d\u00e1tku procesu.<\/p>\n\n\n\n<p>9. Jakmile budete p\u0159esm\u011brov\u00e1ni zp\u011bt, zobraz\u00ed se dialogov\u00e9 okno s detailn\u00edm nastaven\u00edm personalizace, kde je ji\u017e zaps\u00e1n nesouhlas se v\u0161emi \u00fa\u010dely a potvrzen\u00ed o aktivaci produktu Seznam bez c\u00edlen\u00e9 reklamy. Nyn\u00ed m\u016f\u017eete okno k\u0159\u00ed\u017ekem v prav\u00e9m horn\u00edm rohu zav\u0159\u00edt, nebo upravit nastaven\u00ed personaliza\u010dn\u00edch \u00fa\u010del\u016f a zav\u0159\u00edt tla\u010d\u00edtkem Ulo\u017eit nastaven\u00ed. <\/p>\n\n\n\n<figure class=\"wp-block-image size-full is-resized\"><img loading=\"lazy\" decoding=\"async\" width=\"705\" height=\"784\" src=\"https:\/\/o-seznam.cz\/napoveda\/ucet\/wp-content\/uploads\/sites\/10\/2026\/01\/snimek-obrazovky-2026-01-13-v145436.png\" alt=\"\" class=\"wp-image-2780\" style=\"width:643px\" srcset=\"https:\/\/o-seznam.cz\/napoveda\/ucet\/wp-content\/uploads\/sites\/10\/2026\/01\/snimek-obrazovky-2026-01-13-v145436.png 705w, https:\/\/o-seznam.cz\/napoveda\/ucet\/wp-content\/uploads\/sites\/10\/2026\/01\/snimek-obrazovky-2026-01-13-v145436-288x320.png 288w\" sizes=\"auto, (max-width: 705px) 100vw, 705px\" \/><\/figure>\n\n\n\n<p>10. Budete vr\u00e1ceni na p\u016fvodn\u011b nav\u0161t\u00edvenou slu\u017ebu, kterou od nyn\u011bj\u0161ka uvid\u00edte pouze s reklamou, kter\u00e1 nen\u00ed personalizov\u00e1na. Seznam od okam\u017eiku zaplacen\u00ed o v\u00e1s neuchov\u00e1v\u00e1 \u017e\u00e1dn\u00e1 personaliza\u010dn\u00ed ani jin\u00e1 data.<\/p>\n<\/div>\n\n\n\n<div class=\"wp-block-group is-layout-constrained wp-block-group-is-layout-constrained\">\n<h2 class=\"wp-block-heading\" id=\"sd\u00edlen\u00ed-seznamu-bez-cilene-reklamy\">Sd\u00edlen\u00ed Seznamu bez c\u00edlen\u00e9 reklamy<\/h2>\n\n\n\n<p><strong>Pokud slu\u017ebu&nbsp;Seznam bez c\u00edlen\u00e9 reklamy sd\u00edl\u00edte nebo chcete sd\u00edlet:<\/strong>&nbsp;<\/p>\n\n\n\n<p>Slu\u017ebu je mo\u017en\u00e9 sd\u00edlet a\u017e se t\u0159emi dal\u0161\u00edmi lidmi. Nez\u00e1le\u017e\u00ed na tom, zda jde o rodinu, p\u0159\u00e1tele nebo t\u0159eba kolegu \u2014 sta\u010d\u00ed zn\u00e1t jejich e-mailovou adresu.&nbsp;<\/p>\n\n\n\n<p>Sd\u00edlen\u00ed nastav\u00edte ve sv\u00e9m \u00fa\u010dtu v sekci&nbsp;<a href=\"https:\/\/ucet.seznam.dev.dszn.cz\/transactions\" target=\"_blank\" rel=\"noreferrer noopener\"><strong>Platby a p\u0159edplatn\u00e1<\/strong><\/a>. U slu\u017eby&nbsp;<strong>Seznam bez c\u00edlen\u00e9 reklamy<\/strong>&nbsp;klikn\u011bte na tla\u010d\u00edtko&nbsp;<strong>Zm\u011bnit<\/strong>&nbsp;v \u0159\u00e1dku&nbsp;<strong>Sd\u00edleno s dal\u0161\u00edmi lidmi<\/strong>. &nbsp;<\/p>\n\n\n\n<figure class=\"wp-block-image size-full\"><img loading=\"lazy\" decoding=\"async\" width=\"881\" height=\"251\" src=\"https:\/\/o-seznam.cz\/napoveda\/ucet\/wp-content\/uploads\/sites\/10\/2025\/06\/image-6.png\" alt=\"\" class=\"wp-image-1940\" srcset=\"https:\/\/o-seznam.cz\/napoveda\/ucet\/wp-content\/uploads\/sites\/10\/2025\/06\/image-6.png 881w, https:\/\/o-seznam.cz\/napoveda\/ucet\/wp-content\/uploads\/sites\/10\/2025\/06\/image-6-320x91.png 320w, https:\/\/o-seznam.cz\/napoveda\/ucet\/wp-content\/uploads\/sites\/10\/2025\/06\/image-6-768x219.png 768w\" sizes=\"auto, (max-width: 881px) 100vw, 881px\" \/><\/figure>\n\n\n\n<p>Pot\u00e9 zadejte e-mail osoby, se kterou chcete slu\u017ebu sd\u00edlet, a potvr\u010fte kliknut\u00edm na&nbsp;<strong>P\u0159idat u\u017eivatele<\/strong>.&nbsp;<\/p>\n\n\n\n<figure class=\"wp-block-image size-full\"><img loading=\"lazy\" decoding=\"async\" width=\"878\" height=\"196\" src=\"https:\/\/o-seznam.cz\/napoveda\/ucet\/wp-content\/uploads\/sites\/10\/2025\/06\/image-4.png\" alt=\"\" class=\"wp-image-1937\" srcset=\"https:\/\/o-seznam.cz\/napoveda\/ucet\/wp-content\/uploads\/sites\/10\/2025\/06\/image-4.png 878w, https:\/\/o-seznam.cz\/napoveda\/ucet\/wp-content\/uploads\/sites\/10\/2025\/06\/image-4-320x71.png 320w, https:\/\/o-seznam.cz\/napoveda\/ucet\/wp-content\/uploads\/sites\/10\/2025\/06\/image-4-768x171.png 768w\" sizes=\"auto, (max-width: 878px) 100vw, 878px\" \/><\/figure>\n\n\n\n<p>Sd\u00edlen\u00ed m\u016f\u017eete kdykoli zru\u0161it \u2013 op\u011bt v sekci&nbsp;<a href=\"https:\/\/ucet.seznam.dev.dszn.cz\/transactions\" target=\"_blank\" rel=\"noreferrer noopener\"><strong>Platby a p\u0159edplatn\u00e1<\/strong><\/a>, kliknut\u00edm na&nbsp;<strong>Zm\u011bnit<\/strong>&nbsp;a n\u00e1sledn\u00fdm kliknut\u00edm na&nbsp;<strong>Odebrat<\/strong>&nbsp;u dan\u00e9ho e-mailu. O zru\u0161en\u00ed bude p\u0159\u00edjemce automaticky informov\u00e1n e-mailem.&nbsp;<\/p>\n\n\n\n<figure class=\"wp-block-image size-full\"><img loading=\"lazy\" decoding=\"async\" width=\"872\" height=\"434\" src=\"https:\/\/o-seznam.cz\/napoveda\/ucet\/wp-content\/uploads\/sites\/10\/2025\/06\/image-5.png\" alt=\"\" class=\"wp-image-1939\" srcset=\"https:\/\/o-seznam.cz\/napoveda\/ucet\/wp-content\/uploads\/sites\/10\/2025\/06\/image-5.png 872w, https:\/\/o-seznam.cz\/napoveda\/ucet\/wp-content\/uploads\/sites\/10\/2025\/06\/image-5-320x159.png 320w, https:\/\/o-seznam.cz\/napoveda\/ucet\/wp-content\/uploads\/sites\/10\/2025\/06\/image-5-768x382.png 768w\" sizes=\"auto, (max-width: 872px) 100vw, 872px\" \/><\/figure>\n\n\n\n<p>Sd\u00edlen\u00ed nen\u00ed mo\u017en\u00e9, pokud m\u00e1 druh\u00e1 strana vlastn\u00ed aktivn\u00ed p\u0159edplatn\u00e9 nebo pokud m\u00e1 \u00fa\u010det registrovan\u00fd pouze na telefonn\u00ed \u010d\u00edslo.&nbsp;<\/p>\n\n\n\n<p><strong>Pokud slu\u017ebu&nbsp;Seznam bez c\u00edlen\u00e9 reklamy m\u00e1te nasd\u00edlenou:<\/strong>&nbsp;<\/p>\n\n\n\n<p>V p\u0159\u00edpad\u011b, \u017ee jste p\u0159\u00edjemce sd\u00edlen\u00ed, tak obdr\u017e\u00edte e-mail s informac\u00ed, \u017ee v\u00e1m byla slu\u017eba zp\u0159\u00edstupn\u011bna nebo naopak odebr\u00e1na. Ve sv\u00e9m \u00fa\u010dtu vid\u00edte, kdo v\u00e1m slu\u017ebu sd\u00edl\u00ed, a m\u016f\u017eete sd\u00edlen\u00ed kdykoli s\u00e1m ukon\u010dit, pomoc\u00ed tla\u010d\u00edtka<strong> Ukon\u010dit<\/strong>.&nbsp;<\/p>\n\n\n\n<figure class=\"wp-block-image size-full\"><img loading=\"lazy\" decoding=\"async\" width=\"878\" height=\"196\" src=\"https:\/\/o-seznam.cz\/napoveda\/ucet\/wp-content\/uploads\/sites\/10\/2025\/06\/image-4.png\" alt=\"\" class=\"wp-image-1938\" srcset=\"https:\/\/o-seznam.cz\/napoveda\/ucet\/wp-content\/uploads\/sites\/10\/2025\/06\/image-4.png 878w, https:\/\/o-seznam.cz\/napoveda\/ucet\/wp-content\/uploads\/sites\/10\/2025\/06\/image-4-320x71.png 320w, https:\/\/o-seznam.cz\/napoveda\/ucet\/wp-content\/uploads\/sites\/10\/2025\/06\/image-4-768x171.png 768w\" sizes=\"auto, (max-width: 878px) 100vw, 878px\" \/><\/figure>\n\n\n\n<p>Pokud si bude cht\u00edt slu\u017ebu po\u0159\u00eddit samostatn\u011b, mus\u00edte nejd\u0159\u00edve ukon\u010dit sd\u00edlen\u00ed od ostatn\u00edch.&nbsp;<\/p>\n<\/div>\n\n\n\n<div class=\"wp-block-group is-layout-constrained wp-block-group-is-layout-constrained\">\n<h2 class=\"wp-block-heading\" id=\"aktualizace-nastaveni-soukromi\">Aktualizace nastaven\u00ed soukrom\u00ed<\/h2>\n\n\n\n<p>Pokud vyu\u017e\u00edv\u00e1te&nbsp;<strong>Seznam bez reklam<\/strong>&nbsp;a platnost va\u0161eho nastaven\u00ed soukrom\u00ed vypr\u0161ela, zobraz\u00ed se v\u00e1m p\u0159i n\u00e1v\u0161t\u011bv\u011b slu\u017eby upozorn\u011bn\u00ed s mo\u017enost\u00ed nastaven\u00ed.&nbsp;Ne\u017e budete moct pokra\u010dovat, je pot\u0159eba sv\u00e9 nastaven\u00ed&nbsp;<strong>znovu potvrdit nebo upravit<\/strong>.&nbsp;<\/p>\n\n\n\n<ol start=\"1\" class=\"wp-block-list\">\n<li>Zobraz\u00ed se v\u00e1m&nbsp;<strong>li\u0161ta s informac\u00ed<\/strong>, \u017ee platnost va\u0161eho souhlasu vypr\u0161ela.&nbsp;<\/li>\n<\/ol>\n\n\n\n<figure class=\"wp-block-image size-full is-resized\"><img loading=\"lazy\" decoding=\"async\" width=\"695\" height=\"133\" src=\"https:\/\/o-seznam.cz\/napoveda\/ucet\/wp-content\/uploads\/sites\/10\/2026\/01\/snimek-obrazovky-2026-01-13-v145526.png\" alt=\"\" class=\"wp-image-2782\" style=\"width:630px;height:auto\" srcset=\"https:\/\/o-seznam.cz\/napoveda\/ucet\/wp-content\/uploads\/sites\/10\/2026\/01\/snimek-obrazovky-2026-01-13-v145526.png 695w, https:\/\/o-seznam.cz\/napoveda\/ucet\/wp-content\/uploads\/sites\/10\/2026\/01\/snimek-obrazovky-2026-01-13-v145526-320x61.png 320w\" sizes=\"auto, (max-width: 695px) 100vw, 695px\" \/><\/figure>\n\n\n\n<ol start=\"2\" class=\"wp-block-list\">\n<li>Po kliknut\u00ed (nap\u0159\u00edklad na \u010dl\u00e1nek nebo samotnou li\u0161tu) se otev\u0159e&nbsp;<strong>men\u0161\u00ed dialog s volbami<\/strong>.&nbsp;<\/li>\n<\/ol>\n\n\n\n<figure class=\"wp-block-image size-full is-resized\"><img loading=\"lazy\" decoding=\"async\" width=\"706\" height=\"389\" src=\"https:\/\/o-seznam.cz\/napoveda\/ucet\/wp-content\/uploads\/sites\/10\/2026\/01\/snimek-obrazovky-2026-01-13-v145457.png\" alt=\"\" class=\"wp-image-2781\" style=\"width:637px;height:auto\" srcset=\"https:\/\/o-seznam.cz\/napoveda\/ucet\/wp-content\/uploads\/sites\/10\/2026\/01\/snimek-obrazovky-2026-01-13-v145457.png 706w, https:\/\/o-seznam.cz\/napoveda\/ucet\/wp-content\/uploads\/sites\/10\/2026\/01\/snimek-obrazovky-2026-01-13-v145457-320x176.png 320w\" sizes=\"auto, (max-width: 706px) 100vw, 706px\" \/><\/figure>\n\n\n\n<p><strong>Co m\u016f\u017eete ud\u011blat:<\/strong>&nbsp;<\/p>\n\n\n\n<ul class=\"wp-block-list\">\n<li><strong>Kliknut\u00edm na \u201eNastavit nesouhlas\u201c<\/strong>&nbsp;potvrd\u00edte, \u017ee nechcete souhlasit se zpracov\u00e1n\u00edm osobn\u00edch \u00fadaj\u016f \u2013 t\u00edm se v\u00e1m nastav\u00ed&nbsp;<strong>nesouhlas se v\u0161emi \u00fa\u010dely<\/strong>.&nbsp;<\/li>\n\n\n\n<li>Pokud jste d\u0159\u00edve m\u011bli zapnut\u00fd n\u011bkter\u00fd z \u00fa\u010del\u016f (nap\u0159.&nbsp;<strong>personalizovan\u00fd obsah<\/strong>), je pot\u0159eba ho&nbsp;<strong>znovu ru\u010dn\u011b povolit <\/strong>p\u0159es volbu&nbsp;<strong>\u201eUpravit nastaven\u00ed\u201c<\/strong>.&nbsp;<\/li>\n<\/ul>\n\n\n\n<p>Po potvrzen\u00ed nastaven\u00ed se vr\u00e1t\u00edte zp\u011bt na p\u016fvodn\u00ed str\u00e1nku a m\u016f\u017eete pokra\u010dovat.&nbsp;<\/p>\n<\/div>\n","protected":false},"excerpt":{"rendered":"<p>Rozhodli jste se odm\u00edtnout ud\u011blit sv\u016fj souhlas se zpracov\u00e1n\u00edm osobn\u00edch \u00fadaj\u016f, a to pro v\u0161echny \u00fa\u010dely. Nesouhlas se zpracov\u00e1n\u00edm osobn\u00edch \u00fadaj\u016f je zpoplatn\u011bn produktem Seznam bez c\u00edlen\u00e9 reklamy. Tento produkt se t\u00fdk\u00e1 pouze Personalizace reklamy (vytv\u00e1\u0159en\u00ed profilu pro personalizaci reklamy a n\u00e1sledn\u00e9 pou\u017eit\u00ed pro personalizaci reklam) a Ukl\u00e1d\u00e1n\u00ed nebo p\u0159\u00edstupu k informac\u00edm do za\u0159\u00edzen\u00ed, nikoli [&hellip;]<\/p>\n","protected":false},"author":6,"featured_media":0,"parent":98,"menu_order":0,"comment_status":"closed","ping_status":"closed","template":"page-sidemenu","meta":{"_acf_changed":false,"_relevanssi_hide_post":"","_relevanssi_hide_content":"","_relevanssi_pin_for_all":"","_relevanssi_pin_keywords":"","_relevanssi_unpin_keywords":"","_relevanssi_related_keywords":"","_relevanssi_related_include_ids":"","_relevanssi_related_exclude_ids":"","_relevanssi_related_no_append":"","_relevanssi_related_not_related":"","_relevanssi_related_posts":"","_relevanssi_noindex_reason":"","footnotes":""},"page_category":[24],"page_tag":[],"service_status_category":[],"class_list":["post-657","page","type-page","status-publish","hentry"],"acf":[],"lang":"cs","translations":{"cs":657},"pll_sync_post":[],"_links":{"self":[{"href":"https:\/\/o-seznam.cz\/napoveda\/ucet\/wp-json\/wp\/v2\/pages\/657","targetHints":{"allow":["GET"]}}],"collection":[{"href":"https:\/\/o-seznam.cz\/napoveda\/ucet\/wp-json\/wp\/v2\/pages"}],"about":[{"href":"https:\/\/o-seznam.cz\/napoveda\/ucet\/wp-json\/wp\/v2\/types\/page"}],"author":[{"embeddable":true,"href":"https:\/\/o-seznam.cz\/napoveda\/ucet\/wp-json\/wp\/v2\/users\/6"}],"replies":[{"embeddable":true,"href":"https:\/\/o-seznam.cz\/napoveda\/ucet\/wp-json\/wp\/v2\/comments?post=657"}],"version-history":[{"count":18,"href":"https:\/\/o-seznam.cz\/napoveda\/ucet\/wp-json\/wp\/v2\/pages\/657\/revisions"}],"predecessor-version":[{"id":2907,"href":"https:\/\/o-seznam.cz\/napoveda\/ucet\/wp-json\/wp\/v2\/pages\/657\/revisions\/2907"}],"up":[{"embeddable":true,"href":"https:\/\/o-seznam.cz\/napoveda\/ucet\/wp-json\/wp\/v2\/pages\/98"}],"wp:attachment":[{"href":"https:\/\/o-seznam.cz\/napoveda\/ucet\/wp-json\/wp\/v2\/media?parent=657"}],"wp:term":[{"taxonomy":"page_category","embeddable":true,"href":"https:\/\/o-seznam.cz\/napoveda\/ucet\/wp-json\/wp\/v2\/page_category?post=657"},{"taxonomy":"page_tag","embeddable":true,"href":"https:\/\/o-seznam.cz\/napoveda\/ucet\/wp-json\/wp\/v2\/page_tag?post=657"},{"taxonomy":"service_status_category","embeddable":true,"href":"https:\/\/o-seznam.cz\/napoveda\/ucet\/wp-json\/wp\/v2\/service_status_category?post=657"}],"curies":[{"name":"wp","href":"https:\/\/api.w.org\/{rel}","templated":true}]}}