{"id":65,"date":"2024-10-09T00:40:52","date_gmt":"2024-10-08T22:40:52","guid":{"rendered":"https:\/\/o-seznam.cz\/napoveda\/ucet\/?page_id=65"},"modified":"2025-01-08T13:39:19","modified_gmt":"2025-01-08T12:39:19","slug":"oznameni","status":"publish","type":"page","link":"https:\/\/o-seznam.cz\/napoveda\/ucet\/sprava\/oznameni\/","title":{"rendered":"Ozn\u00e1men\u00ed"},"content":{"rendered":"\n<div class=\"wp-block-group is-layout-constrained wp-block-group-is-layout-constrained\">\n<p>D\u00edky funkci&nbsp;Ozn\u00e1men\u00ed&nbsp;budete m\u00edt p\u0159ehled o novink\u00e1ch z ostatn\u00edch slu\u017eeb bez ohledu na to, v jak\u00e9 slu\u017eb\u011b se nach\u00e1z\u00edte pr\u00e1v\u011b nyn\u00ed. M\u016f\u017eete si nap\u0159\u00edklad \u010d\u00edst zpr\u00e1vy na webu Novinky.cz a ozn\u00e1men\u00ed v\u00e1s upozorn\u00ed na nov\u00fd e-mail, kter\u00fd jste obdr\u017eeli do e-mailov\u00e9 schr\u00e1nky. Ozn\u00e1men\u00ed zlep\u0161uj\u00ed prov\u00e1zanost na\u0161ich slu\u017eeb a usnad\u0148uj\u00ed p\u0159echod mezi nimi.<\/p>\n<\/div>\n\n\n\n<div class=\"wp-block-group is-layout-constrained wp-block-group-is-layout-constrained\">\n<h2 class=\"wp-block-heading\">Jak ozn\u00e1men\u00ed vypadaj\u00ed<\/h2>\n\n\n\n<p>Ozn\u00e1men\u00ed se zobrazuj\u00ed&nbsp;v prav\u00e9m horn\u00edm rohu&nbsp;na str\u00e1nk\u00e1ch slu\u017eeb Seznam.cz, a to ve form\u011b&nbsp;ob\u00e1lky a zvone\u010dku. V p\u0159\u00edpad\u011b, \u017ee m\u00e1te n\u011bjak\u00e1 nov\u00e1 ozn\u00e1men\u00ed k zobrazen\u00ed, u ikony se objev\u00ed tzv.&nbsp;odznak&nbsp;(\u010derven\u00fd symbol s \u010d\u00edslem symbolizuj\u00edc\u00edm po\u010det nov\u00fdch ozn\u00e1men\u00ed).<\/p>\n\n\n\n<div class=\"wp-block-columns is-layout-flex wp-container-core-columns-is-layout-28f84493 wp-block-columns-is-layout-flex\">\n<div class=\"wp-block-column is-layout-flow wp-block-column-is-layout-flow\">\n<figure class=\"wp-block-image size-full\"><img loading=\"lazy\" decoding=\"async\" width=\"141\" height=\"46\" src=\"https:\/\/o-seznam.cz\/napoveda\/ucet\/wp-content\/uploads\/sites\/10\/2024\/10\/notifikace-n-1.png\" alt=\"\" class=\"wp-image-557\"\/><\/figure>\n<\/div>\n\n\n\n<div class=\"wp-block-column is-layout-flow wp-block-column-is-layout-flow\">\n<figure class=\"wp-block-image size-full\"><img loading=\"lazy\" decoding=\"async\" width=\"141\" height=\"46\" src=\"https:\/\/o-seznam.cz\/napoveda\/ucet\/wp-content\/uploads\/sites\/10\/2024\/10\/notifikace-n-2.png\" alt=\"\" class=\"wp-image-558\"\/><\/figure>\n<\/div>\n\n\n\n<div class=\"wp-block-column is-layout-flow wp-block-column-is-layout-flow\">\n<figure class=\"wp-block-image size-full\"><img loading=\"lazy\" decoding=\"async\" width=\"141\" height=\"46\" src=\"https:\/\/o-seznam.cz\/napoveda\/ucet\/wp-content\/uploads\/sites\/10\/2024\/10\/notifikace-n-3.png\" alt=\"\" class=\"wp-image-559\"\/><\/figure>\n<\/div>\n<\/div>\n\n\n\n<p>Kliknete-li na ob\u00e1lku \u010di zvone\u010dek, zobraz\u00ed se&nbsp;p\u0159ehled ozn\u00e1men\u00ed, ve kter\u00e9m se m\u016f\u017ee nashrom\u00e1\u017edit a\u017e 40 upozorn\u011bn\u00ed. Z p\u0159ehledu m\u016f\u017eete kliknut\u00edm&nbsp;ozn\u00e1men\u00ed&nbsp;otev\u0159\u00edt<strong>,<\/strong>&nbsp;a tak zobrazit detailn\u00ed informace na slu\u017eb\u011b,&nbsp;ze kter\u00e9 poch\u00e1z\u00ed. Nap\u0159. pokud m\u00e1te ozn\u00e1men\u00ed o nov\u00e9m e-mailu, kliknut\u00edm tuto zpr\u00e1vu otev\u0159ete ve sv\u00e9 schr\u00e1nce.&nbsp;K\u0159\u00ed\u017ekem&nbsp;vpravo naho\u0159e ozn\u00e1men\u00ed z p\u0159ehledu&nbsp;odstran\u00edte.&nbsp;<\/p>\n\n\n\n<figure class=\"wp-block-image size-full\"><img loading=\"lazy\" decoding=\"async\" width=\"381\" height=\"289\" src=\"https:\/\/o-seznam.cz\/napoveda\/ucet\/wp-content\/uploads\/sites\/10\/2024\/10\/notifikace-n-5.png\" alt=\"\" class=\"wp-image-561\" srcset=\"https:\/\/o-seznam.cz\/napoveda\/ucet\/wp-content\/uploads\/sites\/10\/2024\/10\/notifikace-n-5.png 381w, https:\/\/o-seznam.cz\/napoveda\/ucet\/wp-content\/uploads\/sites\/10\/2024\/10\/notifikace-n-5-320x243.png 320w\" sizes=\"auto, (max-width: 381px) 100vw, 381px\" \/><\/figure>\n\n\n\n<ol class=\"wp-block-list\">\n<li>Ikona ozna\u010duje&nbsp;slu\u017ebu, ze kter\u00e9 ozn\u00e1men\u00ed poch\u00e1z\u00ed.&nbsp;<\/li>\n\n\n\n<li>Zde najdete&nbsp;n\u00e1zev a \u010das&nbsp;ozn\u00e1men\u00ed. Je-li u \u010dasu \u010derven\u00fd punt\u00edk, jde o nov\u00e9 ozn\u00e1men\u00ed, kter\u00e9 jste je\u0161t\u011b nevid\u011bli.&nbsp;<\/li>\n\n\n\n<li>Odkaz vede na&nbsp;nastaven\u00ed ozn\u00e1men\u00ed&nbsp;ve va\u0161em \u00da\u010dtu.&nbsp;<\/li>\n\n\n\n<li>N\u00e1hled ozn\u00e1men\u00ed, v p\u0159\u00edpad\u011b e-mailov\u00e9 zpr\u00e1vy je zde za\u010d\u00e1tek textu apod.<\/li>\n<\/ol>\n<\/div>\n\n\n\n<div class=\"wp-block-group is-layout-constrained wp-block-group-is-layout-constrained\">\n<h2 class=\"wp-block-heading\">Seskupen\u00e1 ozn\u00e1men\u00ed<\/h2>\n\n\n\n<p>Abychom v\u00e1s tak nezahltili velk\u00fdm po\u010dtem ozn\u00e1men\u00ed a nep\u0159i\u0161li jste o n\u011bjak\u00e1 star\u0161\u00ed upozorn\u011bn\u00ed, podobn\u00e9 notifikace seskup\u00edme v jednu. Nap\u0159. m\u00e1te-li aktivn\u00edho hl\u00eddac\u00edho psa (ulo\u017een\u00e9 hled\u00e1n\u00ed) na slu\u017eb\u011b Sreality.cz, kter\u00fd v\u00e1s upozor\u0148uje na nov\u00e9 inzer\u00e1ty dle nastaven\u00fdch parametr\u016f, nedostanete upozorn\u011bn\u00ed nap\u0159. na ka\u017ed\u00fd byt zvl\u00e1\u0161\u0165. V\u017edy druh\u00e1 a ka\u017ed\u00e1 dal\u0161\u00ed notifikace ke stejn\u00e9mu hled\u00e1n\u00ed se seskup\u00ed v jednu. Pokud m\u00e1te hl\u00edd\u00e1n\u00ed v\u00edce a pro ka\u017ed\u00e9 dostanete n\u011bkolik ozn\u00e1men\u00ed, sjednot\u00ed se do jednoho ozn\u00e1men\u00ed pro ka\u017ed\u00fd filtr hled\u00e1n\u00ed.<\/p>\n\n\n\n<figure class=\"wp-block-image size-full\"><img loading=\"lazy\" decoding=\"async\" width=\"306\" height=\"335\" src=\"https:\/\/o-seznam.cz\/napoveda\/ucet\/wp-content\/uploads\/sites\/10\/2024\/10\/seskupene-n-1-sreality.png\" alt=\"\" class=\"wp-image-562\" srcset=\"https:\/\/o-seznam.cz\/napoveda\/ucet\/wp-content\/uploads\/sites\/10\/2024\/10\/seskupene-n-1-sreality.png 306w, https:\/\/o-seznam.cz\/napoveda\/ucet\/wp-content\/uploads\/sites\/10\/2024\/10\/seskupene-n-1-sreality-292x320.png 292w\" sizes=\"auto, (max-width: 306px) 100vw, 306px\" \/><\/figure>\n<\/div>\n\n\n\n<div class=\"wp-block-group is-layout-constrained wp-block-group-is-layout-constrained\">\n<h2 class=\"wp-block-heading\">Na co ozn\u00e1men\u00ed upozor\u0148uj\u00ed? A co je v ob\u00e1lce a co ve zvone\u010dku?<\/h2>\n\n\n\n<p>Do&nbsp;ob\u00e1lky&nbsp;chod\u00ed nov\u00e9 e-maily ze slu\u017eby Email.cz a ud\u00e1losti z Kalend\u00e1\u0159e. Do&nbsp;zvone\u010dku&nbsp;chod\u00ed potom v\u0161echna ostatn\u00ed upozorn\u011bn\u00ed z dal\u0161\u00edch slu\u017eeb, kter\u00e9 vyu\u017e\u00edv\u00e1te. Pokud jste se k n\u011bjak\u00e9 slu\u017eb\u011b zat\u00edm nikdy nep\u0159ihl\u00e1sili a nen\u00ed u va\u0161eho \u00fa\u010dtu aktivn\u00ed, upozorn\u011bn\u00ed z n\u00ed nebudete dost\u00e1vat.<\/p>\n\n\n\n<p>Prozat\u00edm se v ozn\u00e1men\u00ed zobrazuj\u00ed tato upozorn\u011bn\u00ed:<\/p>\n\n\n\n<ul class=\"wp-block-list\">\n<li>Ob\u00e1lkov\u00e9 notifikace\n<ul class=\"wp-block-list\">\n<li>Nov\u00e9 zpr\u00e1vy v e-mailov\u00e9 schr\u00e1nce na Email.cz<\/li>\n\n\n\n<li>Upozorn\u011bn\u00ed na napl\u00e1novan\u00e9 ud\u00e1losti z Kalend\u00e1\u0159e<\/li>\n<\/ul>\n<\/li>\n\n\n\n<li>Zvone\u010dkov\u00e9 notifikace\n<ul class=\"wp-block-list\">\n<li>Inzer\u00e1ty na slu\u017eb\u011b Sreality.cz, kter\u00e9 odpov\u00eddaj\u00ed va\u0161im nastaven\u00fdm sledovac\u00edm filtr\u016fm<\/li>\n\n\n\n<li>D\u016fle\u017eit\u00e9 zpr\u00e1vy z Novinky.cz a Seznam Zpr\u00e1vy<\/li>\n\n\n\n<li>Nov\u00e9 epizody po\u0159ad\u016f, kter\u00e9 odeb\u00edr\u00e1te na webu Televize Seznam<\/li>\n<\/ul>\n<\/li>\n<\/ul>\n\n\n\n<p>Do budoucna v\u0161ak p\u0159ibude podpora i ostatn\u00edch slu\u017eeb, nap\u0159.&nbsp;Sbazar,&nbsp;Sauto&nbsp;a dal\u0161\u00ed.<\/p>\n<\/div>\n\n\n\n<div class=\"wp-block-group is-layout-constrained wp-block-group-is-layout-constrained\">\n<h2 class=\"wp-block-heading\">Kde ikonky ozn\u00e1men\u00ed uvid\u00edte?<\/h2>\n\n\n\n<p>V tuto chv\u00edli jsou ikony notifikac\u00ed dostupn\u00e9 na slu\u017eb\u00e1ch:<\/p>\n\n\n\n<ul class=\"wp-block-list\">\n<li>Seznam.cz<\/li>\n\n\n\n<li>Seznam Zpr\u00e1vy<\/li>\n\n\n\n<li>Kalend\u00e1\u0159<\/li>\n\n\n\n<li>Novinky.cz<\/li>\n\n\n\n<li>F\u00f3rum N\u00e1pov\u011bdy<\/li>\n\n\n\n<li>Sauto<\/li>\n\n\n\n<li>Sbazar<\/li>\n\n\n\n<li>Sreality<\/li>\n<\/ul>\n\n\n\n<p>Postupn\u011b se v\u0161ak za\u010dnou zobrazovat i na dal\u0161\u00edch na\u0161ich slu\u017eb\u00e1ch. V\u017edy se tak ihned dozv\u00edte o nov\u00e9 zaj\u00edmav\u00e9 informaci, a\u0165 u\u017e budete na kter\u00e9koli na\u0161\u00ed slu\u017eb\u011b.<\/p>\n<\/div>\n","protected":false},"excerpt":{"rendered":"<p>D\u00edky funkci&nbsp;Ozn\u00e1men\u00ed&nbsp;budete m\u00edt p\u0159ehled o novink\u00e1ch z ostatn\u00edch slu\u017eeb bez ohledu na to, v jak\u00e9 slu\u017eb\u011b se nach\u00e1z\u00edte pr\u00e1v\u011b nyn\u00ed. M\u016f\u017eete si nap\u0159\u00edklad \u010d\u00edst zpr\u00e1vy na webu Novinky.cz a ozn\u00e1men\u00ed v\u00e1s upozorn\u00ed na nov\u00fd e-mail, kter\u00fd jste obdr\u017eeli do e-mailov\u00e9 schr\u00e1nky. Ozn\u00e1men\u00ed zlep\u0161uj\u00ed prov\u00e1zanost na\u0161ich slu\u017eeb a usnad\u0148uj\u00ed p\u0159echod mezi nimi. Jak ozn\u00e1men\u00ed vypadaj\u00ed Ozn\u00e1men\u00ed [&hellip;]<\/p>\n","protected":false},"author":6,"featured_media":0,"parent":100,"menu_order":0,"comment_status":"closed","ping_status":"closed","template":"page-sidemenu","meta":{"_acf_changed":false,"_relevanssi_hide_post":"","_relevanssi_hide_content":"","_relevanssi_pin_for_all":"","_relevanssi_pin_keywords":"","_relevanssi_unpin_keywords":"","_relevanssi_related_keywords":"","_relevanssi_related_include_ids":"","_relevanssi_related_exclude_ids":"","_relevanssi_related_no_append":"","_relevanssi_related_not_related":"","_relevanssi_related_posts":"","_relevanssi_noindex_reason":"","footnotes":""},"page_category":[24],"page_tag":[],"service_status_category":[],"class_list":["post-65","page","type-page","status-publish","hentry"],"acf":[],"lang":"cs","translations":{"cs":65},"pll_sync_post":[],"_links":{"self":[{"href":"https:\/\/o-seznam.cz\/napoveda\/ucet\/wp-json\/wp\/v2\/pages\/65","targetHints":{"allow":["GET"]}}],"collection":[{"href":"https:\/\/o-seznam.cz\/napoveda\/ucet\/wp-json\/wp\/v2\/pages"}],"about":[{"href":"https:\/\/o-seznam.cz\/napoveda\/ucet\/wp-json\/wp\/v2\/types\/page"}],"author":[{"embeddable":true,"href":"https:\/\/o-seznam.cz\/napoveda\/ucet\/wp-json\/wp\/v2\/users\/6"}],"replies":[{"embeddable":true,"href":"https:\/\/o-seznam.cz\/napoveda\/ucet\/wp-json\/wp\/v2\/comments?post=65"}],"version-history":[{"count":6,"href":"https:\/\/o-seznam.cz\/napoveda\/ucet\/wp-json\/wp\/v2\/pages\/65\/revisions"}],"predecessor-version":[{"id":963,"href":"https:\/\/o-seznam.cz\/napoveda\/ucet\/wp-json\/wp\/v2\/pages\/65\/revisions\/963"}],"up":[{"embeddable":true,"href":"https:\/\/o-seznam.cz\/napoveda\/ucet\/wp-json\/wp\/v2\/pages\/100"}],"wp:attachment":[{"href":"https:\/\/o-seznam.cz\/napoveda\/ucet\/wp-json\/wp\/v2\/media?parent=65"}],"wp:term":[{"taxonomy":"page_category","embeddable":true,"href":"https:\/\/o-seznam.cz\/napoveda\/ucet\/wp-json\/wp\/v2\/page_category?post=65"},{"taxonomy":"page_tag","embeddable":true,"href":"https:\/\/o-seznam.cz\/napoveda\/ucet\/wp-json\/wp\/v2\/page_tag?post=65"},{"taxonomy":"service_status_category","embeddable":true,"href":"https:\/\/o-seznam.cz\/napoveda\/ucet\/wp-json\/wp\/v2\/service_status_category?post=65"}],"curies":[{"name":"wp","href":"https:\/\/api.w.org\/{rel}","templated":true}]}}