{"id":647,"date":"2024-10-20T13:11:36","date_gmt":"2024-10-20T11:11:36","guid":{"rendered":"https:\/\/o-seznam.cz\/napoveda\/ucet\/?page_id=647"},"modified":"2025-04-17T16:14:53","modified_gmt":"2025-04-17T14:14:53","slug":"bez-obnovy","status":"publish","type":"page","link":"https:\/\/o-seznam.cz\/napoveda\/ucet\/zapomenute-heslo\/jak-na-to\/bez-obnovy\/","title":{"rendered":"Bez mo\u017enosti obnovy hesla"},"content":{"rendered":"\n<div class=\"wp-block-group is-layout-constrained wp-block-group-is-layout-constrained\">\n<div class=\"wp-block-seznam-tiles has-columns-2\" style=\"--seznam-tiles--columns:2\"><div class=\"inner-blocks\"><div class=\"block-boxlink\"><a class=\"boxlink boxlink--icon-arrow px-f8 py-f4\" href=\"https:\/\/o-seznam.cz\/napoveda\/ucet\/zapomenute-heslo\/jak-na-to\/\"><div class=\"inner-blocks\">\n\n<p>Zp\u011bt na kroky 1\u20133<\/p>\n\n<\/div><\/a><\/div><\/div><\/div>\n\n\n\n<p>Je n\u00e1m l\u00edto, ale tomuto \u00fa\u010dtu p\u0159i registraci nebyly nastaveny \u017e\u00e1dn\u00e9 mo\u017enosti pro obnovu hesla. U\u017eivatel, kter\u00fd \u00fa\u010det registroval, souhlasil s t\u00edm, \u017ee u tohoto \u00fa\u010dtu nep\u016fjde obnovit heslo \u2013 a to je tento p\u0159\u00edpad.<\/p>\n\n\n\n<figure class=\"wp-block-image size-full\"><img loading=\"lazy\" decoding=\"async\" width=\"400\" height=\"234\" src=\"https:\/\/o-seznam.cz\/napoveda\/ucet\/wp-content\/uploads\/sites\/10\/2024\/10\/4-bez-obnovy.png\" alt=\"\" class=\"wp-image-648\" srcset=\"https:\/\/o-seznam.cz\/napoveda\/ucet\/wp-content\/uploads\/sites\/10\/2024\/10\/4-bez-obnovy.png 400w, https:\/\/o-seznam.cz\/napoveda\/ucet\/wp-content\/uploads\/sites\/10\/2024\/10\/4-bez-obnovy-320x187.png 320w\" sizes=\"auto, (max-width: 400px) 100vw, 400px\" \/><\/figure>\n\n\n\n<p>Pokud jste ji\u017e vy\u010derpali v\u0161echny mo\u017enosti, jako nap\u0159\u00edklad si na heslo vzpomenout, pod\u00edvat se, zda jej nem\u00e1te n\u011bkde zapsan\u00e9 nebo <a href=\"https:\/\/o-seznam.cz\/napoveda\/prohlizece\/napoveda-prohlizece\/zobrazeni-ulozeneho-hesla\/\">ulo\u017een\u00e9 v internetov\u00e9m prohl\u00ed\u017ee\u010di<\/a>, neexistuj\u00ed zde \u017e\u00e1dn\u00e9 dal\u0161\u00ed varianty, je n\u00e1m l\u00edto.<\/p>\n\n\n\n<p class=\"is-style-link-external\">St\u00e1le si m\u016f\u017eete <a href=\"https:\/\/registrace.seznam.cz\/\" data-type=\"link\" data-id=\"https:\/\/registrace.seznam.cz\/\" target=\"_blank\" rel=\"noreferrer noopener\">zalo\u017eit nov\u00fd \u00fa\u010det<\/a> a ten preventivn\u011b zabezpe\u010dit pro p\u0159\u00edpad nehody.<\/p>\n<\/div>\n\n\n\n<div class=\"wp-block-group is-layout-constrained wp-block-group-is-layout-constrained\">\n<h2 class=\"wp-block-heading\">U\u017eite\u010dn\u00e9 odkazy<\/h2>\n\n\n\n<div class=\"wp-block-columns is-layout-flex wp-container-core-columns-is-layout-28f84493 wp-block-columns-is-layout-flex\">\n<div class=\"wp-block-column is-layout-flow wp-block-column-is-layout-flow\">\n<div class=\"wp-block-seznam-tiles has-columns-2\" style=\"--seznam-tiles--columns:2\"><div class=\"inner-blocks\"><div class=\"block-boxlink\"><a class=\"boxlink boxlink--icon-arrow px-f8 py-f4\" href=\"https:\/\/o-seznam.cz\/napoveda\/ucet\/zabezpeceni-uctu\/bezpecne-heslo\/\"><div class=\"inner-blocks\">\n\n<p>Bezpe\u010dn\u00e9 heslo k \u00fa\u010dtu<\/p>\n\n<\/div><\/a><\/div><\/div><\/div>\n<\/div>\n\n\n\n<div class=\"wp-block-column is-layout-flow wp-block-column-is-layout-flow\">\n<div class=\"wp-block-seznam-tiles has-columns-2\" style=\"--seznam-tiles--columns:2\"><div class=\"inner-blocks\"><div class=\"block-boxlink\"><a class=\"boxlink boxlink--icon-arrow px-f8 py-f4\" href=\"https:\/\/o-seznam.cz\/napoveda\/ucet\/zasady-bezpecnosti\/bezpecne-chovani\/\"><div class=\"inner-blocks\">\n\n<p>Bezpe\u010dn\u00e9 chov\u00e1n\u00ed na internetu<\/p>\n\n<\/div><\/a><\/div><\/div><\/div>\n<\/div>\n<\/div>\n<\/div>\n","protected":false},"excerpt":{"rendered":"<p>Je n\u00e1m l\u00edto, ale tomuto \u00fa\u010dtu p\u0159i registraci nebyly nastaveny \u017e\u00e1dn\u00e9 mo\u017enosti pro obnovu hesla. U\u017eivatel, kter\u00fd \u00fa\u010det registroval, souhlasil s t\u00edm, \u017ee u tohoto \u00fa\u010dtu nep\u016fjde obnovit heslo \u2013 a to je tento p\u0159\u00edpad. Pokud jste ji\u017e vy\u010derpali v\u0161echny mo\u017enosti, jako nap\u0159\u00edklad si na heslo vzpomenout, pod\u00edvat se, zda jej nem\u00e1te n\u011bkde zapsan\u00e9 nebo [&hellip;]<\/p>\n","protected":false},"author":6,"featured_media":0,"parent":153,"menu_order":0,"comment_status":"closed","ping_status":"closed","template":"page-sidemenu","meta":{"_acf_changed":false,"_relevanssi_hide_post":"","_relevanssi_hide_content":"","_relevanssi_pin_for_all":"","_relevanssi_pin_keywords":"","_relevanssi_unpin_keywords":"","_relevanssi_related_keywords":"","_relevanssi_related_include_ids":"","_relevanssi_related_exclude_ids":"","_relevanssi_related_no_append":"","_relevanssi_related_not_related":"","_relevanssi_related_posts":"","_relevanssi_noindex_reason":"","footnotes":""},"page_category":[24],"page_tag":[],"service_status_category":[],"class_list":["post-647","page","type-page","status-publish","hentry"],"acf":[],"lang":"cs","translations":{"cs":647,"en":1986},"pll_sync_post":[],"_links":{"self":[{"href":"https:\/\/o-seznam.cz\/napoveda\/ucet\/wp-json\/wp\/v2\/pages\/647","targetHints":{"allow":["GET"]}}],"collection":[{"href":"https:\/\/o-seznam.cz\/napoveda\/ucet\/wp-json\/wp\/v2\/pages"}],"about":[{"href":"https:\/\/o-seznam.cz\/napoveda\/ucet\/wp-json\/wp\/v2\/types\/page"}],"author":[{"embeddable":true,"href":"https:\/\/o-seznam.cz\/napoveda\/ucet\/wp-json\/wp\/v2\/users\/6"}],"replies":[{"embeddable":true,"href":"https:\/\/o-seznam.cz\/napoveda\/ucet\/wp-json\/wp\/v2\/comments?post=647"}],"version-history":[{"count":3,"href":"https:\/\/o-seznam.cz\/napoveda\/ucet\/wp-json\/wp\/v2\/pages\/647\/revisions"}],"predecessor-version":[{"id":1694,"href":"https:\/\/o-seznam.cz\/napoveda\/ucet\/wp-json\/wp\/v2\/pages\/647\/revisions\/1694"}],"up":[{"embeddable":true,"href":"https:\/\/o-seznam.cz\/napoveda\/ucet\/wp-json\/wp\/v2\/pages\/153"}],"wp:attachment":[{"href":"https:\/\/o-seznam.cz\/napoveda\/ucet\/wp-json\/wp\/v2\/media?parent=647"}],"wp:term":[{"taxonomy":"page_category","embeddable":true,"href":"https:\/\/o-seznam.cz\/napoveda\/ucet\/wp-json\/wp\/v2\/page_category?post=647"},{"taxonomy":"page_tag","embeddable":true,"href":"https:\/\/o-seznam.cz\/napoveda\/ucet\/wp-json\/wp\/v2\/page_tag?post=647"},{"taxonomy":"service_status_category","embeddable":true,"href":"https:\/\/o-seznam.cz\/napoveda\/ucet\/wp-json\/wp\/v2\/service_status_category?post=647"}],"curies":[{"name":"wp","href":"https:\/\/api.w.org\/{rel}","templated":true}]}}