{"id":642,"date":"2024-10-20T13:13:06","date_gmt":"2024-10-20T11:13:06","guid":{"rendered":"https:\/\/o-seznam.cz\/napoveda\/ucet\/?page_id=642"},"modified":"2025-07-22T11:32:19","modified_gmt":"2025-07-22T09:32:19","slug":"obnova-google-microsoft-ucet","status":"publish","type":"page","link":"https:\/\/o-seznam.cz\/napoveda\/ucet\/zapomenute-heslo\/jak-na-to\/obnova-google-microsoft-ucet\/","title":{"rendered":"Obnova hesla pomoc\u00ed Google\/Microsoft \u00fa\u010dtu"},"content":{"rendered":"\n<div class=\"wp-block-group is-layout-constrained wp-block-group-is-layout-constrained\">\n<p>Tato volba je dostupn\u00e1, pokud je \u00fa\u010det vytvo\u0159en p\u0159es Google \u010di \u00fa\u010dty Microsoftu. Pro vyu\u017eit\u00ed tohoto typu ov\u011b\u0159en\u00ed je nutn\u00e9 zn\u00e1t heslo k dan\u00e9mu \u00fa\u010dtu a u uveden\u00e9ho poskytovatele se k n\u011bmu p\u0159ihl\u00e1sit.<\/p>\n\n\n\n<div class=\"wp-block-seznam-tiles has-columns-2\" style=\"--seznam-tiles--columns:2\"><div class=\"inner-blocks\"><div class=\"block-boxlink\"><a class=\"boxlink boxlink--icon-arrow px-f8 py-f4\" href=\"https:\/\/o-seznam.cz\/napoveda\/ucet\/zapomenute-heslo\/jak-na-to\/\"><div class=\"inner-blocks\">\n\n<p>Zp\u011bt na kroky 1\u20133<\/p>\n\n<\/div><\/a><\/div><\/div><\/div>\n<\/div>\n\n\n\n<div class=\"wp-block-group is-layout-constrained wp-block-group-is-layout-constrained\">\n<h2 class=\"wp-block-heading\">4. Po\u017e\u00e1dejte o ov\u011b\u0159en\u00ed pomoc\u00ed Google\/Microsoft \u00fa\u010dtu<\/h2>\n\n\n\n<ul class=\"wp-block-list\">\n<li>Vyberte zp\u016fsob obnovy p\u0159\u00edstupu Google\/Microsoft \u00fa\u010dtem<\/li>\n\n\n\n<li>Klikn\u011bte na tla\u010d\u00edtko Google\/Microsoft \u00fa\u010dtem kde se m\u016f\u017eete ov\u011b\u0159it sv\u00fdm heslem<\/li>\n<\/ul>\n\n\n\n<div class=\"wp-block-seznam-box is-layout-flow wp-block-seznam-box-is-layout-flow\">\n<p>Pokud je u \u00fa\u010det veden u Google \u010di Microsoftu, ale vy nev\u00edte heslo nebo z n\u011bjak\u00e9ho d\u016fvodu nechcete tuto mo\u017enost vyu\u017e\u00edt, zva\u017ete ostatn\u00ed dostupn\u00e9 zp\u016fsoby obnovy p\u0159\u00edstup k \u00fa\u010dtu, <a href=\"https:\/\/o-seznam.cz\/napoveda\/ucet\/zapomenute-heslo\/obnova-hesla-pomoci-e-mailu\/\" data-type=\"page\" data-id=\"623\">obnovu hesla pomoc\u00ed e-mailu<\/a> nebo <a href=\"https:\/\/o-seznam.cz\/napoveda\/ucet\/zapomenute-heslo\/obnova-hesla-pomoci-telefonu\/\" data-type=\"page\" data-id=\"629\">obnovu hesla pomoc\u00ed ov\u011b\u0159en\u00e9ho telefonu<\/a>, je-li volba p\u0159\u00edtomna. Pokud tuto mo\u017enost nevid\u00edte, bohu\u017eel jin\u00fdm zp\u016fsobem u \u00fa\u010dtu nebude mo\u017en\u00e9 obnovit heslo.<\/p>\n<\/div>\n<\/div>\n\n\n\n<div class=\"wp-block-group is-layout-constrained wp-block-group-is-layout-constrained\">\n<h2 class=\"wp-block-heading\">5. P\u0159ihlaste se sv\u00fdm heslem<\/h2>\n\n\n\n<figure class=\"wp-block-image size-full\"><img loading=\"lazy\" decoding=\"async\" width=\"436\" height=\"480\" src=\"https:\/\/o-seznam.cz\/napoveda\/ucet\/wp-content\/uploads\/sites\/10\/2024\/10\/obnova-googlem1.png\" alt=\"\" class=\"wp-image-643\" srcset=\"https:\/\/o-seznam.cz\/napoveda\/ucet\/wp-content\/uploads\/sites\/10\/2024\/10\/obnova-googlem1.png 436w, https:\/\/o-seznam.cz\/napoveda\/ucet\/wp-content\/uploads\/sites\/10\/2024\/10\/obnova-googlem1-291x320.png 291w\" sizes=\"auto, (max-width: 436px) 100vw, 436px\" \/><\/figure>\n\n\n\n<ul class=\"wp-block-list\">\n<li>Vyberte \u00fa\u010det, u kter\u00e9ho chcete obnovu prov\u00e9st<\/li>\n\n\n\n<li>Zadejte heslo pro p\u0159ihl\u00e1\u0161en\u00ed k vybran\u00e9mu \u00fa\u010dtu<\/li>\n<\/ul>\n\n\n\n<figure class=\"wp-block-image size-full\"><img loading=\"lazy\" decoding=\"async\" width=\"436\" height=\"486\" src=\"https:\/\/o-seznam.cz\/napoveda\/ucet\/wp-content\/uploads\/sites\/10\/2024\/10\/obnova-googlem2.png\" alt=\"\" class=\"wp-image-644\" srcset=\"https:\/\/o-seznam.cz\/napoveda\/ucet\/wp-content\/uploads\/sites\/10\/2024\/10\/obnova-googlem2.png 436w, https:\/\/o-seznam.cz\/napoveda\/ucet\/wp-content\/uploads\/sites\/10\/2024\/10\/obnova-googlem2-287x320.png 287w\" sizes=\"auto, (max-width: 436px) 100vw, 436px\" \/><\/figure>\n<\/div>\n\n\n\n<div class=\"wp-block-group is-layout-constrained wp-block-group-is-layout-constrained\">\n<h2 class=\"wp-block-heading\">6. Nastavte si nov\u00e9 heslo<\/h2>\n\n\n\n<ul class=\"wp-block-list\">\n<li>Pokud jste zadali heslo k Google\/Microsoft \u00fa\u010dtu spr\u00e1vn\u011b, m\u016f\u017eete si nastavit nov\u00e9 heslo pro \u00fa\u010det Seznamu. Dbejte na to, aby bylo dostate\u010dn\u011b siln\u00e9. Doporu\u010dujeme si proj\u00edt z\u00e1sady bezpe\u010dn\u00e9ho hesla<\/li>\n\n\n\n<li>Pokud jste ji\u017e k \u00fa\u010dtu Google\/Microsoft n\u011bkde p\u0159ihl\u00e1\u0161eni, kroky zad\u00e1n\u00ed hesla do rozhran\u00ed Google\/Microsoft jsou p\u0159esko\u010deny a zobraz\u00ed se rovnou obnova hesla k Seznam \u00fa\u010dtu. V tomto p\u0159\u00edpad\u011b nen\u00ed nutn\u00e9 p\u0159ihl\u00e1\u0161en\u00ed ke Google\/Microsoft \u00fa\u010dtu prov\u00e9st<\/li>\n\n\n\n<li>Po\u017eadovan\u00e9 heslo vepi\u0161te dvakr\u00e1t za sebou a ulo\u017ete tla\u010d\u00edtkem Vytvo\u0159it nov\u00e9 heslo<\/li>\n\n\n\n<li>Mo\u017enost \u201eP\u0159ihl\u00e1sit se bez zm\u011bny hesla\u201c slou\u017e\u00ed pro v\u00fdjime\u010dn\u00e9 p\u0159\u00edpady, kdy jste si naprosto jist\u00ed \u017ee heslo zn\u00e1te (nap\u0159. jej m\u00e1te ulo\u017eeno ve spr\u00e1vci hesel) a nem\u016f\u017ee b\u00fdt zneu\u017eito. V ka\u017ed\u00e9m p\u0159\u00edpad\u011b d\u016frazn\u011b doporu\u010dujeme v\u017edy po obnov\u011b p\u0159\u00edstupu heslo zm\u011bnit a udr\u017eet tak \u00fa\u010det chr\u00e1n\u011bn\u00fd p\u0159ed neopr\u00e1vn\u011bn\u00fdm p\u0159\u00edstupem<\/li>\n\n\n\n<li>T\u00edmto je va\u0161e nov\u00e9 heslo ulo\u017eeno. Tla\u010d\u00edtkem P\u0159ej\u00edt na p\u0159ihl\u00e1\u0161en\u00ed se p\u0159esunete do p\u0159ihla\u0161ovac\u00edho formul\u00e1\u0159e, kde se m\u016f\u017eete p\u0159ihl\u00e1sit pr\u00e1v\u011b vytvo\u0159en\u00fdm heslem<\/li>\n<\/ul>\n\n\n\n<figure class=\"wp-block-image size-full\"><img loading=\"lazy\" decoding=\"async\" width=\"429\" height=\"387\" src=\"https:\/\/o-seznam.cz\/napoveda\/ucet\/wp-content\/uploads\/sites\/10\/2025\/07\/obnova-email-step3-3.png\" alt=\"\" class=\"wp-image-2296\" srcset=\"https:\/\/o-seznam.cz\/napoveda\/ucet\/wp-content\/uploads\/sites\/10\/2025\/07\/obnova-email-step3-3.png 429w, https:\/\/o-seznam.cz\/napoveda\/ucet\/wp-content\/uploads\/sites\/10\/2025\/07\/obnova-email-step3-3-320x289.png 320w\" sizes=\"auto, (max-width: 429px) 100vw, 429px\" \/><\/figure>\n<\/div>\n\n\n\n<div class=\"wp-block-group is-layout-constrained wp-block-group-is-layout-constrained\">\n<h2 class=\"wp-block-heading\">U\u017eite\u010dn\u00e9 odkazy<\/h2>\n\n\n\n<div class=\"wp-block-columns is-layout-flex wp-container-core-columns-is-layout-28f84493 wp-block-columns-is-layout-flex\">\n<div class=\"wp-block-column is-layout-flow wp-block-column-is-layout-flow\">\n<div class=\"wp-block-seznam-tiles has-columns-2\" style=\"--seznam-tiles--columns:2\"><div class=\"inner-blocks\"><div class=\"block-boxlink\"><a class=\"boxlink boxlink--icon-arrow px-f8 py-f4\" href=\"https:\/\/o-seznam.cz\/napoveda\/ucet\/zabezpeceni-uctu\/bezpecne-heslo\/\"><div class=\"inner-blocks\">\n\n<p>Bezpe\u010dn\u00e9 heslo k \u00fa\u010dtu<\/p>\n\n<\/div><\/a><\/div>\n\n<div class=\"block-boxlink\"><a class=\"boxlink boxlink--icon-arrow px-f8 py-f4\" href=\"https:\/\/o-seznam.cz\/napoveda\/ucet\/overeni-uctu\/bankovni-identita\/\"><div class=\"inner-blocks\">\n\n<p>Ov\u011b\u0159en\u00ed \u00fa\u010dtu bankovn\u00ed identitou<\/p>\n\n<\/div><\/a><\/div><\/div><\/div>\n<\/div>\n\n\n\n<div class=\"wp-block-column is-layout-flow wp-block-column-is-layout-flow\"><div class=\"block-boxlink\"><a class=\"boxlink boxlink--icon-arrow px-f8 py-f4\" href=\"https:\/\/o-seznam.cz\/napoveda\/ucet\/zasady-bezpecnosti\/bezpecne-chovani\/\"><div class=\"inner-blocks\">\n\n<p>Bezpe\u010dn\u00e9 chov\u00e1n\u00ed na internetu<\/p>\n\n<\/div><\/a><\/div>\n\n\n<div class=\"wp-block-seznam-tiles has-columns-2\" style=\"--seznam-tiles--columns:2\"><div class=\"inner-blocks\"><\/div><\/div>\n<\/div>\n<\/div>\n<\/div>\n","protected":false},"excerpt":{"rendered":"<p>Tato volba je dostupn\u00e1, pokud je \u00fa\u010det vytvo\u0159en p\u0159es Google \u010di \u00fa\u010dty Microsoftu. Pro vyu\u017eit\u00ed tohoto typu ov\u011b\u0159en\u00ed je nutn\u00e9 zn\u00e1t heslo k dan\u00e9mu \u00fa\u010dtu a u uveden\u00e9ho poskytovatele se k n\u011bmu p\u0159ihl\u00e1sit. 4. Po\u017e\u00e1dejte o ov\u011b\u0159en\u00ed pomoc\u00ed Google\/Microsoft \u00fa\u010dtu 5. P\u0159ihlaste se sv\u00fdm heslem 6. Nastavte si nov\u00e9 heslo U\u017eite\u010dn\u00e9 odkazy<\/p>\n","protected":false},"author":6,"featured_media":0,"parent":153,"menu_order":0,"comment_status":"closed","ping_status":"closed","template":"page-sidemenu","meta":{"_acf_changed":false,"_relevanssi_hide_post":"","_relevanssi_hide_content":"","_relevanssi_pin_for_all":"","_relevanssi_pin_keywords":"","_relevanssi_unpin_keywords":"","_relevanssi_related_keywords":"","_relevanssi_related_include_ids":"","_relevanssi_related_exclude_ids":"","_relevanssi_related_no_append":"","_relevanssi_related_not_related":"","_relevanssi_related_posts":"","_relevanssi_noindex_reason":"","footnotes":""},"page_category":[24],"page_tag":[],"service_status_category":[],"class_list":["post-642","page","type-page","status-publish","hentry"],"acf":[],"lang":"cs","translations":{"cs":642,"en":2013},"pll_sync_post":[],"_links":{"self":[{"href":"https:\/\/o-seznam.cz\/napoveda\/ucet\/wp-json\/wp\/v2\/pages\/642","targetHints":{"allow":["GET"]}}],"collection":[{"href":"https:\/\/o-seznam.cz\/napoveda\/ucet\/wp-json\/wp\/v2\/pages"}],"about":[{"href":"https:\/\/o-seznam.cz\/napoveda\/ucet\/wp-json\/wp\/v2\/types\/page"}],"author":[{"embeddable":true,"href":"https:\/\/o-seznam.cz\/napoveda\/ucet\/wp-json\/wp\/v2\/users\/6"}],"replies":[{"embeddable":true,"href":"https:\/\/o-seznam.cz\/napoveda\/ucet\/wp-json\/wp\/v2\/comments?post=642"}],"version-history":[{"count":3,"href":"https:\/\/o-seznam.cz\/napoveda\/ucet\/wp-json\/wp\/v2\/pages\/642\/revisions"}],"predecessor-version":[{"id":2297,"href":"https:\/\/o-seznam.cz\/napoveda\/ucet\/wp-json\/wp\/v2\/pages\/642\/revisions\/2297"}],"up":[{"embeddable":true,"href":"https:\/\/o-seznam.cz\/napoveda\/ucet\/wp-json\/wp\/v2\/pages\/153"}],"wp:attachment":[{"href":"https:\/\/o-seznam.cz\/napoveda\/ucet\/wp-json\/wp\/v2\/media?parent=642"}],"wp:term":[{"taxonomy":"page_category","embeddable":true,"href":"https:\/\/o-seznam.cz\/napoveda\/ucet\/wp-json\/wp\/v2\/page_category?post=642"},{"taxonomy":"page_tag","embeddable":true,"href":"https:\/\/o-seznam.cz\/napoveda\/ucet\/wp-json\/wp\/v2\/page_tag?post=642"},{"taxonomy":"service_status_category","embeddable":true,"href":"https:\/\/o-seznam.cz\/napoveda\/ucet\/wp-json\/wp\/v2\/service_status_category?post=642"}],"curies":[{"name":"wp","href":"https:\/\/api.w.org\/{rel}","templated":true}]}}