{"id":62,"date":"2024-10-09T00:30:51","date_gmt":"2024-10-08T22:30:51","guid":{"rendered":"https:\/\/o-seznam.cz\/napoveda\/ucet\/?page_id=62"},"modified":"2024-11-06T00:32:35","modified_gmt":"2024-11-05T23:32:35","slug":"nastaveni-oznameni","status":"publish","type":"page","link":"https:\/\/o-seznam.cz\/napoveda\/ucet\/sprava\/nastaveni-oznameni\/","title":{"rendered":"Nastaven\u00ed ozn\u00e1men\u00ed"},"content":{"rendered":"\n<div class=\"wp-block-group is-layout-constrained wp-block-group-is-layout-constrained\">\n<p class=\"is-style-link-external\">Ve Spr\u00e1v\u011b ozn\u00e1men\u00ed ve sv\u00e9m&nbsp;<a href=\"https:\/\/ucet.seznam.cz\/\" target=\"_blank\" rel=\"noreferrer noopener\">\u00da\u010dtu<\/a>&nbsp;m\u016f\u017eete&nbsp;m\u011bnit nastaven\u00ed ozn\u00e1men\u00ed&nbsp;(ob\u00e1lka a zvone\u010dek) na slu\u017eb\u00e1ch Seznam.cz. M\u016f\u017eete si vybrat, z jak\u00fdch slu\u017eeb m\u00e1te z\u00e1jem b\u00fdt upozorn\u011bni na d\u016fle\u017eit\u00e9 ud\u00e1losti nebo t\u0159eba nov\u00e9 inzer\u00e1ty.<\/p>\n\n\n\n<p>Do&nbsp;Spr\u00e1vy ozn\u00e1men\u00ed&nbsp;se dostanete ve sv\u00e9m&nbsp;\u00da\u010dtu&nbsp;nebo p\u0159es odkaz v&nbsp;p\u0159ehledu p\u0159ijat\u00fdch ozn\u00e1men\u00ed&nbsp;(po kliknut\u00ed na ob\u00e1lku nebo zvone\u010dek).<\/p>\n\n\n\n<div class=\"wp-block-columns is-layout-flex wp-container-core-columns-is-layout-28f84493 wp-block-columns-is-layout-flex\">\n<div class=\"wp-block-column is-layout-flow wp-block-column-is-layout-flow\">\n<figure class=\"wp-block-image size-full\"><img loading=\"lazy\" decoding=\"async\" width=\"269\" height=\"332\" src=\"https:\/\/o-seznam.cz\/napoveda\/ucet\/wp-content\/uploads\/sites\/10\/2024\/10\/notifikace-6a.png\" alt=\"\" class=\"wp-image-552\" srcset=\"https:\/\/o-seznam.cz\/napoveda\/ucet\/wp-content\/uploads\/sites\/10\/2024\/10\/notifikace-6a.png 269w, https:\/\/o-seznam.cz\/napoveda\/ucet\/wp-content\/uploads\/sites\/10\/2024\/10\/notifikace-6a-259x320.png 259w\" sizes=\"auto, (max-width: 269px) 100vw, 269px\" \/><\/figure>\n<\/div>\n\n\n\n<div class=\"wp-block-column is-layout-flow wp-block-column-is-layout-flow\">\n<figure class=\"wp-block-image size-full\"><img loading=\"lazy\" decoding=\"async\" width=\"386\" height=\"295\" src=\"https:\/\/o-seznam.cz\/napoveda\/ucet\/wp-content\/uploads\/sites\/10\/2024\/10\/notifikace-n-4.png\" alt=\"\" class=\"wp-image-555\" srcset=\"https:\/\/o-seznam.cz\/napoveda\/ucet\/wp-content\/uploads\/sites\/10\/2024\/10\/notifikace-n-4.png 386w, https:\/\/o-seznam.cz\/napoveda\/ucet\/wp-content\/uploads\/sites\/10\/2024\/10\/notifikace-n-4-320x245.png 320w\" sizes=\"auto, (max-width: 386px) 100vw, 386px\" \/><\/figure>\n<\/div>\n<\/div>\n\n\n\n<p>V seznamu slu\u017eeb, kter\u00e9 maj\u00ed dostupnou funkci Ozn\u00e1men\u00ed, je u n\u00e1zvu slu\u017eby vid\u011bt&nbsp;aktu\u00e1ln\u00ed stav&nbsp;(\u010derven\u00fd&nbsp;Aktivn\u00ed&nbsp;\u010di \u0161ed\u00fd&nbsp;Neaktivn\u00ed), tedy zda jsou ozn\u00e1men\u00ed zapnuta \u010di vypnuta pro danou slu\u017ebu.<\/p>\n\n\n\n<figure class=\"wp-block-image size-full\"><img loading=\"lazy\" decoding=\"async\" width=\"690\" height=\"59\" src=\"https:\/\/o-seznam.cz\/napoveda\/ucet\/wp-content\/uploads\/sites\/10\/2024\/10\/notifikace-7a.png\" alt=\"\" class=\"wp-image-553\" srcset=\"https:\/\/o-seznam.cz\/napoveda\/ucet\/wp-content\/uploads\/sites\/10\/2024\/10\/notifikace-7a.png 690w, https:\/\/o-seznam.cz\/napoveda\/ucet\/wp-content\/uploads\/sites\/10\/2024\/10\/notifikace-7a-320x27.png 320w\" sizes=\"auto, (max-width: 690px) 100vw, 690px\" \/><\/figure>\n\n\n\n<p>Zm\u011bnou stavu p\u0159ep\u00edn\u00e1tka u jednotliv\u00fdch slu\u017eeb&nbsp;m\u016f\u017eete&nbsp;upozorn\u011bn\u00ed zap\u00ednat \u010di vyp\u00ednat.&nbsp;Zm\u011bna nastaven\u00ed se projev\u00ed okam\u017eit\u011b.<\/p>\n\n\n\n<p>Ozn\u00e1men\u00ed ze slu\u017eby, u kter\u00e9 je vypnete, od t\u00e9 chv\u00edle nebudou p\u0159ich\u00e1zet. Nastaven\u00ed plat\u00ed pro nov\u011b do\u0161l\u00e1 ozn\u00e1men\u00ed \u2013&nbsp;pokud z dan\u00e9 slu\u017eby v p\u0159ehledu upozorn\u011bn\u00ed ji\u017e n\u011bjak\u00e9 notifikace doru\u010den\u00e9 m\u00e1te, z\u016fstanou tam a m\u016f\u017eete je ru\u010dn\u011b odstranit k\u0159\u00ed\u017ekem.<\/p>\n<\/div>\n","protected":false},"excerpt":{"rendered":"<p>Ve Spr\u00e1v\u011b ozn\u00e1men\u00ed ve sv\u00e9m&nbsp;\u00da\u010dtu&nbsp;m\u016f\u017eete&nbsp;m\u011bnit nastaven\u00ed ozn\u00e1men\u00ed&nbsp;(ob\u00e1lka a zvone\u010dek) na slu\u017eb\u00e1ch Seznam.cz. M\u016f\u017eete si vybrat, z jak\u00fdch slu\u017eeb m\u00e1te z\u00e1jem b\u00fdt upozorn\u011bni na d\u016fle\u017eit\u00e9 ud\u00e1losti nebo t\u0159eba nov\u00e9 inzer\u00e1ty. Do&nbsp;Spr\u00e1vy ozn\u00e1men\u00ed&nbsp;se dostanete ve sv\u00e9m&nbsp;\u00da\u010dtu&nbsp;nebo p\u0159es odkaz v&nbsp;p\u0159ehledu p\u0159ijat\u00fdch ozn\u00e1men\u00ed&nbsp;(po kliknut\u00ed na ob\u00e1lku nebo zvone\u010dek). V seznamu slu\u017eeb, kter\u00e9 maj\u00ed dostupnou funkci Ozn\u00e1men\u00ed, je u n\u00e1zvu [&hellip;]<\/p>\n","protected":false},"author":6,"featured_media":0,"parent":100,"menu_order":0,"comment_status":"closed","ping_status":"closed","template":"page-sidemenu","meta":{"_acf_changed":false,"_relevanssi_hide_post":"","_relevanssi_hide_content":"","_relevanssi_pin_for_all":"","_relevanssi_pin_keywords":"","_relevanssi_unpin_keywords":"","_relevanssi_related_keywords":"","_relevanssi_related_include_ids":"","_relevanssi_related_exclude_ids":"","_relevanssi_related_no_append":"","_relevanssi_related_not_related":"","_relevanssi_related_posts":"","_relevanssi_noindex_reason":"","footnotes":""},"page_category":[24],"page_tag":[],"service_status_category":[],"class_list":["post-62","page","type-page","status-publish","hentry"],"acf":[],"lang":"cs","translations":{"cs":62},"pll_sync_post":[],"_links":{"self":[{"href":"https:\/\/o-seznam.cz\/napoveda\/ucet\/wp-json\/wp\/v2\/pages\/62","targetHints":{"allow":["GET"]}}],"collection":[{"href":"https:\/\/o-seznam.cz\/napoveda\/ucet\/wp-json\/wp\/v2\/pages"}],"about":[{"href":"https:\/\/o-seznam.cz\/napoveda\/ucet\/wp-json\/wp\/v2\/types\/page"}],"author":[{"embeddable":true,"href":"https:\/\/o-seznam.cz\/napoveda\/ucet\/wp-json\/wp\/v2\/users\/6"}],"replies":[{"embeddable":true,"href":"https:\/\/o-seznam.cz\/napoveda\/ucet\/wp-json\/wp\/v2\/comments?post=62"}],"version-history":[{"count":4,"href":"https:\/\/o-seznam.cz\/napoveda\/ucet\/wp-json\/wp\/v2\/pages\/62\/revisions"}],"predecessor-version":[{"id":556,"href":"https:\/\/o-seznam.cz\/napoveda\/ucet\/wp-json\/wp\/v2\/pages\/62\/revisions\/556"}],"up":[{"embeddable":true,"href":"https:\/\/o-seznam.cz\/napoveda\/ucet\/wp-json\/wp\/v2\/pages\/100"}],"wp:attachment":[{"href":"https:\/\/o-seznam.cz\/napoveda\/ucet\/wp-json\/wp\/v2\/media?parent=62"}],"wp:term":[{"taxonomy":"page_category","embeddable":true,"href":"https:\/\/o-seznam.cz\/napoveda\/ucet\/wp-json\/wp\/v2\/page_category?post=62"},{"taxonomy":"page_tag","embeddable":true,"href":"https:\/\/o-seznam.cz\/napoveda\/ucet\/wp-json\/wp\/v2\/page_tag?post=62"},{"taxonomy":"service_status_category","embeddable":true,"href":"https:\/\/o-seznam.cz\/napoveda\/ucet\/wp-json\/wp\/v2\/service_status_category?post=62"}],"curies":[{"name":"wp","href":"https:\/\/api.w.org\/{rel}","templated":true}]}}