{"id":610,"date":"2024-10-20T04:48:08","date_gmt":"2024-10-20T02:48:08","guid":{"rendered":"https:\/\/o-seznam.cz\/napoveda\/ucet\/?page_id=610"},"modified":"2024-11-06T01:40:23","modified_gmt":"2024-11-06T00:40:23","slug":"odebrani-duveryhodneho-prohlizece","status":"publish","type":"page","link":"https:\/\/o-seznam.cz\/napoveda\/ucet\/dvoufazove-overeni\/duveryhodne-prohlizece\/odebrani-duveryhodneho-prohlizece\/","title":{"rendered":"Odebr\u00e1n\u00ed d\u016fv\u011bryhodn\u00e9ho prohl\u00ed\u017ee\u010de pro dvouf\u00e1zov\u00e9 ov\u011b\u0159en\u00ed"},"content":{"rendered":"\n<div class=\"wp-block-group is-layout-constrained wp-block-group-is-layout-constrained\">\n<p>Pro odebr\u00e1n\u00ed d\u016fv\u011bryhodn\u00e9ho prohl\u00ed\u017ee\u010de sta\u010d\u00ed postupovat dle krok\u016f uveden\u00fdch n\u00ed\u017ee:<\/p>\n\n\n\n<p class=\"is-style-link-external\">1. P\u0159ihlaste se ke sv\u00e9mu <a href=\"https:\/\/ucet.seznam.cz\/\" data-type=\"link\" data-id=\"https:\/\/ucet.seznam.cz\/\" target=\"_blank\" rel=\"noreferrer noopener\">\u00da\u010dtu<\/a> a dle pot\u0159eby ov\u011b\u0159te sv\u00e9 p\u0159ihl\u00e1\u0161en\u00ed.<\/p>\n\n\n\n<p>2. V lev\u00e9m menu zvolte Zabezpe\u010den\u00ed \u00fa\u010dtu a v \u010d\u00e1sti Dvouf\u00e1zov\u00e9 ov\u011b\u0159en\u00ed nalezn\u011bte po\u017eadovan\u00fd d\u016fv\u011bryhodn\u00fd prohl\u00ed\u017ee\u010d.<\/p>\n\n\n\n<p>3. Pro jeho odstran\u011bn\u00ed klikn\u011bte vpravo na odkaz Odebrat.<\/p>\n\n\n\n<figure class=\"wp-block-image size-full\"><img loading=\"lazy\" decoding=\"async\" width=\"645\" height=\"277\" src=\"https:\/\/o-seznam.cz\/napoveda\/ucet\/wp-content\/uploads\/sites\/10\/2024\/10\/dvoufazove-overeni-prohlizece-seznam.png\" alt=\"\" class=\"wp-image-608\" srcset=\"https:\/\/o-seznam.cz\/napoveda\/ucet\/wp-content\/uploads\/sites\/10\/2024\/10\/dvoufazove-overeni-prohlizece-seznam.png 645w, https:\/\/o-seznam.cz\/napoveda\/ucet\/wp-content\/uploads\/sites\/10\/2024\/10\/dvoufazove-overeni-prohlizece-seznam-320x137.png 320w\" sizes=\"auto, (max-width: 645px) 100vw, 645px\" \/><\/figure>\n\n\n\n<p>4. Zobraz\u00ed se okno s potvrzen\u00edm, ve kter\u00e9m klikn\u011bte na mo\u017enost \u201eAno\u201c.<\/p>\n\n\n\n<figure class=\"wp-block-image size-full\"><img loading=\"lazy\" decoding=\"async\" width=\"607\" height=\"260\" src=\"https:\/\/o-seznam.cz\/napoveda\/ucet\/wp-content\/uploads\/sites\/10\/2024\/10\/profil-2fa-odebrani-duvery1.png\" alt=\"\" class=\"wp-image-611\" srcset=\"https:\/\/o-seznam.cz\/napoveda\/ucet\/wp-content\/uploads\/sites\/10\/2024\/10\/profil-2fa-odebrani-duvery1.png 607w, https:\/\/o-seznam.cz\/napoveda\/ucet\/wp-content\/uploads\/sites\/10\/2024\/10\/profil-2fa-odebrani-duvery1-320x137.png 320w\" sizes=\"auto, (max-width: 607px) 100vw, 607px\" \/><\/figure>\n\n\n\n<p>5. Po potvrzen\u00ed je prohl\u00ed\u017ee\u010d ze seznamu ihned odstran\u011bn.<\/p>\n<\/div>\n","protected":false},"excerpt":{"rendered":"<p>Pro odebr\u00e1n\u00ed d\u016fv\u011bryhodn\u00e9ho prohl\u00ed\u017ee\u010de sta\u010d\u00ed postupovat dle krok\u016f uveden\u00fdch n\u00ed\u017ee: 1. P\u0159ihlaste se ke sv\u00e9mu \u00da\u010dtu a dle pot\u0159eby ov\u011b\u0159te sv\u00e9 p\u0159ihl\u00e1\u0161en\u00ed. 2. V lev\u00e9m menu zvolte Zabezpe\u010den\u00ed \u00fa\u010dtu a v \u010d\u00e1sti Dvouf\u00e1zov\u00e9 ov\u011b\u0159en\u00ed nalezn\u011bte po\u017eadovan\u00fd d\u016fv\u011bryhodn\u00fd prohl\u00ed\u017ee\u010d. 3. Pro jeho odstran\u011bn\u00ed klikn\u011bte vpravo na odkaz Odebrat. 4. Zobraz\u00ed se okno s potvrzen\u00edm, ve kter\u00e9m [&hellip;]<\/p>\n","protected":false},"author":6,"featured_media":0,"parent":159,"menu_order":0,"comment_status":"closed","ping_status":"closed","template":"page-sidemenu","meta":{"_acf_changed":false,"_relevanssi_hide_post":"","_relevanssi_hide_content":"","_relevanssi_pin_for_all":"","_relevanssi_pin_keywords":"","_relevanssi_unpin_keywords":"","_relevanssi_related_keywords":"","_relevanssi_related_include_ids":"","_relevanssi_related_exclude_ids":"","_relevanssi_related_no_append":"","_relevanssi_related_not_related":"","_relevanssi_related_posts":"","_relevanssi_noindex_reason":"","footnotes":""},"page_category":[24],"page_tag":[],"service_status_category":[],"class_list":["post-610","page","type-page","status-publish","hentry"],"acf":[],"lang":"cs","translations":{"cs":610},"pll_sync_post":[],"_links":{"self":[{"href":"https:\/\/o-seznam.cz\/napoveda\/ucet\/wp-json\/wp\/v2\/pages\/610","targetHints":{"allow":["GET"]}}],"collection":[{"href":"https:\/\/o-seznam.cz\/napoveda\/ucet\/wp-json\/wp\/v2\/pages"}],"about":[{"href":"https:\/\/o-seznam.cz\/napoveda\/ucet\/wp-json\/wp\/v2\/types\/page"}],"author":[{"embeddable":true,"href":"https:\/\/o-seznam.cz\/napoveda\/ucet\/wp-json\/wp\/v2\/users\/6"}],"replies":[{"embeddable":true,"href":"https:\/\/o-seznam.cz\/napoveda\/ucet\/wp-json\/wp\/v2\/comments?post=610"}],"version-history":[{"count":1,"href":"https:\/\/o-seznam.cz\/napoveda\/ucet\/wp-json\/wp\/v2\/pages\/610\/revisions"}],"predecessor-version":[{"id":612,"href":"https:\/\/o-seznam.cz\/napoveda\/ucet\/wp-json\/wp\/v2\/pages\/610\/revisions\/612"}],"up":[{"embeddable":true,"href":"https:\/\/o-seznam.cz\/napoveda\/ucet\/wp-json\/wp\/v2\/pages\/159"}],"wp:attachment":[{"href":"https:\/\/o-seznam.cz\/napoveda\/ucet\/wp-json\/wp\/v2\/media?parent=610"}],"wp:term":[{"taxonomy":"page_category","embeddable":true,"href":"https:\/\/o-seznam.cz\/napoveda\/ucet\/wp-json\/wp\/v2\/page_category?post=610"},{"taxonomy":"page_tag","embeddable":true,"href":"https:\/\/o-seznam.cz\/napoveda\/ucet\/wp-json\/wp\/v2\/page_tag?post=610"},{"taxonomy":"service_status_category","embeddable":true,"href":"https:\/\/o-seznam.cz\/napoveda\/ucet\/wp-json\/wp\/v2\/service_status_category?post=610"}],"curies":[{"name":"wp","href":"https:\/\/api.w.org\/{rel}","templated":true}]}}