{"id":5,"date":"2024-08-02T14:54:11","date_gmt":"2024-08-02T12:54:11","guid":{"rendered":"https:\/\/o-seznam.cz\/napoveda\/profil\/?page_id=5"},"modified":"2025-11-19T08:45:30","modified_gmt":"2025-11-19T07:45:30","slug":"napoveda-seznam-profil","status":"publish","type":"page","link":"https:\/\/o-seznam.cz\/napoveda\/ucet\/","title":{"rendered":"N\u00e1pov\u011bda Seznam \u00da\u010det"},"content":{"rendered":"\n<div class=\"wp-block-group alignwide is-layout-constrained wp-block-group-is-layout-constrained\">\n<div class=\"wp-block-group alignwide is-layout-constrained wp-block-group-is-layout-constrained\"><div class=\"alignwide alignwide wp-block-seznam-hero\"><div class=\"cover is-hero is-hero-default bg-neutral-40\"><img decoding=\"async\" src=\"https:\/\/o-seznam.cz\/napoveda\/ucet\/wp-content\/themes\/seznam\/patterns\/images\/seznam-cover.jpg\" class=\"cover__media\" alt=\"\" \/><div class=\"cover__dim\" style=\"opacity:0.45\"><\/div><div class=\"cover__content is-layout-constrained\">\n\n<h1 class=\"wp-block-heading has-text-align-left\">N\u00e1pov\u011bda<br>Seznam \u00da\u010det<\/h1>\n\n\n\n<div class=\"wp-block-group is-content-justification-left is-layout-constrained wp-container-core-group-is-layout-59d06cab wp-block-group-is-layout-constrained\">\n<p>Dozv\u00edte se, jak vytvo\u0159it, spravovat a zabezpe\u010dit sv\u016fj \u00fa\u010det nebo jak\u00e9 jsou postupy pro obnovu hesla, spr\u00e1vu osobn\u00edch \u00fadaj\u016f a dal\u0161\u00ed \u0159e\u0161en\u00ed probl\u00e9m\u016f.<\/p>\n<\/div>\n\n<\/div><\/div><\/div>\n\n\n<\/div>\n<\/div>\n\n\n\n<div class=\"wp-block-group is-layout-constrained wp-block-group-is-layout-constrained\">\n<h2 class=\"wp-block-heading\">Nej\u010dast\u011bj\u0161\u00ed dotazy<\/h2>\n\n\n\n<div class=\"accordion limiter\" data-limiter=\"4\" data-limiter-selector=\"&gt; .accordion__items\">\n\t<div class=\"accordion__items\">\n\n<details class=\"expander is-style-default\">\n\t<summary data-datalayer-name=\"\" data-datalayer-text=\"Zapomn\u011bl jsem sv\u00e9 heslo k \u00fa\u010dtu. P\u0159estalo mi fungovat heslo, po\u0159\u00e1d se jen zobrazuje hl\u00e1\u0161ka Chybn\u011b zadan\u00e9 heslo nebo u\u017eivatelsk\u00e9 jm\u00e9no, co te\u010f?\">\n\t\t\t\t<strong>Zapomn\u011bl jsem sv\u00e9 heslo k \u00fa\u010dtu. P\u0159estalo mi fungovat heslo, po\u0159\u00e1d se jen zobrazuje hl\u00e1\u0161ka Chybn\u011b zadan\u00e9 heslo nebo u\u017eivatelsk\u00e9 jm\u00e9no, co te\u010f?<\/strong>\n\t\t\t<\/summary>\n\t<div class=\"inner-blocks\">\n\n<p class=\"is-style-link-external\">Doporu\u010dujeme p\u0159ekontrolovat, zda se nejedn\u00e1 pouze o p\u0159eklep, nebo n\u011bjak\u00e9 chybn\u00e9 nastaven\u00ed kl\u00e1vesnice, omylem zm\u011bn\u011bn\u00fd jazyk, zapnut\u00fd Caps Lock(velk\u00e1 p\u00edsmena), vypnut\u00fd Num Lock(kl\u00e1vesy s \u010d\u00edsly) atd. V p\u0159\u00edpad\u011b p\u0159esv\u011bd\u010den\u00ed, \u017ee je heslo v po\u0159\u00e1dku, se postupuje na obnoven\u00ed hesla pomoc\u00ed nastaven\u00e9ho zabezpe\u010den\u00ed \u00fa\u010dtu ve formul\u00e1\u0159i <a href=\"https:\/\/login.szn.cz\/recover\" target=\"_blank\" rel=\"noreferrer noopener\">Zapomenut\u00e9 heslo<\/a>.<\/p>\n\n<\/div><\/details>\n\n\n\n<details class=\"expander is-style-default\">\n\t<summary data-datalayer-name=\"\" data-datalayer-text=\"Zapomn\u011bl jsem sv\u00e9 heslo k \u00fa\u010dtu a telefonn\u00ed \u010d\u00edslo. Z\u00e1chrann\u00fd e-mail a zabezpe\u010den\u00ed, kter\u00e9 mi to nab\u00edz\u00ed p\u0159i obnov\u011b, je ji\u017e neaktu\u00e1ln\u00ed, jak m\u00e1m postupovat?\">\n\t\t\t\t<strong>Zapomn\u011bl jsem sv\u00e9 heslo k \u00fa\u010dtu a telefonn\u00ed \u010d\u00edslo. Z\u00e1chrann\u00fd e-mail a zabezpe\u010den\u00ed, kter\u00e9 mi to nab\u00edz\u00ed p\u0159i obnov\u011b, je ji\u017e neaktu\u00e1ln\u00ed, jak m\u00e1m postupovat?<\/strong>\n\t\t\t<\/summary>\n\t<div class=\"inner-blocks\">\n\n<p class=\"is-style-link-external\">Pro obnovu hesla je pot\u0159eba vyu\u017e\u00edt formul\u00e1\u0159 na <a href=\"https:\/\/login.szn.cz\/recover\" target=\"_blank\" rel=\"noreferrer noopener\">Zapomenut\u00e9 heslo<\/a>, \u017e\u00e1dn\u00e9 jin\u00e9 mo\u017enosti pro obnovu p\u0159\u00edstupu nenab\u00edz\u00edme. Pokud opravdu k \u017e\u00e1dn\u00e9mu z nastaven\u00e9ho zabezpe\u010den\u00ed nem\u00e1te p\u0159\u00edstup, s obnovou hesla v\u00e1m z na\u0161\u00ed strany nedok\u00e1\u017eeme v\u00edce pomoci.<\/p>\n\n<\/div><\/details>\n\n\n\n<details class=\"expander is-style-default\">\n\t<summary data-datalayer-name=\"\" data-datalayer-text=\"Zapomn\u011bl jsem sv\u00e9 heslo a p\u0159i pokusu o obnovu se mi zobrazuje K t\u00e9to adrese nen\u00ed dostupn\u00fd \u017e\u00e1dn\u00fd zp\u016fsob obnovy p\u0159\u00edstupu, co te\u010f?\">\n\t\t\t\t<strong>Zapomn\u011bl jsem sv\u00e9 heslo a p\u0159i pokusu o obnovu se mi zobrazuje K t\u00e9to adrese nen\u00ed dostupn\u00fd \u017e\u00e1dn\u00fd zp\u016fsob obnovy p\u0159\u00edstupu, co te\u010f?<\/strong>\n\t\t\t<\/summary>\n\t<div class=\"inner-blocks\">\n\n<p class=\"is-style-default\">Pokud v\u00e1m formul\u00e1\u0159 pro obnovu hesla p\u00ed\u0161e, \u017ee u \u00fa\u010dtu nen\u00ed nastavena \u017e\u00e1dn\u00e1 mo\u017enost obnovy hesla, potom u uveden\u00e9ho emailu nen\u00ed mo\u017en\u00e9 p\u0159\u00edstup obnovit. D\u016fvodem je, \u017ee nebylo nastaveno \u017e\u00e1dn\u00e9 zabezpe\u010den\u00ed pro mo\u017enou obnovu hesla, a to i p\u0159es opakovan\u00e9 upozor\u0148ov\u00e1n\u00ed ze strany Seznamu. Upozor\u0148ovali jsme v\u00e1s po p\u0159ihl\u00e1\u0161en\u00ed a tak\u00e9 p\u0159\u00edmo na hlavn\u00ed str\u00e1nce \u00fa\u010dtu. Schr\u00e1nky jsou vedeny anonymn\u011b, p\u0159i registraci nen\u00ed ov\u011b\u0159ena identita zakl\u00e1daj\u00edc\u00ed osoby, z tohoto d\u016fvodu nen\u00ed mo\u017en\u00e9 se ov\u011b\u0159it ani pomoc\u00ed ob\u010dansk\u00e9ho \u010di jin\u00e9ho pr\u016fkazu. M\u016f\u017eete se pokusit dohledat platn\u00e9 heslo ve spr\u00e1vci hesel na za\u0159\u00edzen\u00edch, kde jste byl k \u00fa\u010dtu p\u0159ihl\u00e1\u0161en, n\u00e1vod <a href=\"https:\/\/o-seznam.cz\/napoveda\/prohlizece\/napoveda-prohlizece\/zobrazeni-ulozeneho-hesla\/\" target=\"_blank\" rel=\"noreferrer noopener\">naleznete zde<\/a>.<\/p>\n\n\n\n<p class=\"is-style-link-external\">Pokud by se v\u00e1m heslo nepoda\u0159ilo dohledat a jste st\u00e1le p\u0159ihl\u00e1\u0161en\/a na n\u011bjak\u00e9m za\u0159\u00edzen\u00ed p\u0159es webov\u00fd prohl\u00ed\u017ee\u010d, m\u016f\u017eeme poradit alternativn\u00ed postup. <a href=\"https:\/\/email.seznam.cz\/settings#\/multiuser\" target=\"_blank\" rel=\"noreferrer noopener\">Zde<\/a> si m\u016f\u017eete nastavit sd\u00edlen\u00ed p\u0159\u00edstupu do jin\u00e9 e-mailov\u00e9 adresy, pot\u00e9 se budete p\u0159ihla\u0161ovat do nov\u00e9 e-mailov\u00e9 adresy a budete moci vstupovat i do t\u00e9 star\u00e9. D\u00edky sd\u00edlen\u00ed je mo\u017en\u00e9 vid\u011bt v\u0161echny zpr\u00e1vy ve schr\u00e1nce, a dokonce odes\u00edlat emailov\u00e9 zpr\u00e1vy pod p\u016fvodn\u00edm jm\u00e9nem, pouze nelze m\u011bnit zabezpe\u010den\u00ed \u00fa\u010dtu.<\/p>\n\n\n\n<p>Mrz\u00ed n\u00e1s, \u017ee pro v\u00e1s v\u202ftuto chv\u00edli nem\u016f\u017eeme ud\u011blat v\u00edce. Pokud budete cht\u00edt, zavolejte na\u0161im specialist\u016fm a tento alternativn\u00ed postup projdeme krok po kroku.<\/p>\n\n<\/div><\/details>\n\n\n\n<details class=\"expander is-style-default\">\n\t<summary data-datalayer-name=\"\" data-datalayer-text=\"Po p\u0159ihl\u00e1\u0161en\u00ed se opakovan\u011b vrac\u00edm do p\u0159ihla\u0161ovac\u00edho formul\u00e1\u0159e, nebo se zobrazuje tabulka Vyberte \u00fa\u010det pro pokra\u010dov\u00e1n\u00ed\">\n\t\t\t\t<strong>Po p\u0159ihl\u00e1\u0161en\u00ed se opakovan\u011b vrac\u00edm do p\u0159ihla\u0161ovac\u00edho formul\u00e1\u0159e, nebo se zobrazuje tabulka Vyberte \u00fa\u010det pro pokra\u010dov\u00e1n\u00ed<\/strong>\n\t\t\t<\/summary>\n\t<div class=\"inner-blocks\">\n\n<p>Zde se nej\u010dast\u011bji jedn\u00e1 o pot\u00ed\u017ee v r\u00e1mci blokovan\u00fdch soubor\u016f cookies prohl\u00ed\u017ee\u010de, doporu\u010dujeme proj\u00edt nastaven\u00ed a soubory cookies povolit. D\u00e1le se m\u016f\u017ee jednat o blokov\u00e1n\u00ed cookies v r\u00e1mci n\u011bjak\u00e9ho prohl\u00ed\u017ee\u010dov\u00e9ho dopl\u0148ku \u010di antivirov\u00e9ho programu. Obecn\u011b v n\u011bkter\u00fdch p\u0159\u00edpadech pom\u00e1h\u00e1 i promaz\u00e1n\u00ed do\u010dasn\u00e9 mezipam\u011bti a soubor\u016f cookies prohl\u00ed\u017ee\u010de.<\/p>\n\n<\/div><\/details>\n\n\n\n<details class=\"expander is-style-default limiter-item-hidden\">\n\t<summary data-datalayer-name=\"\" data-datalayer-text=\"Po ka\u017ed\u00e9m zav\u0159en\u00ed prohl\u00ed\u017ee\u010de jsem odhl\u00e1\u0161en, pro\u010d?\">\n\t\t\t\t<strong>Po ka\u017ed\u00e9m zav\u0159en\u00ed prohl\u00ed\u017ee\u010de jsem odhl\u00e1\u0161en, pro\u010d?<\/strong>\n\t\t\t<\/summary>\n\t<div class=\"inner-blocks\">\n\n<p>Jedn\u00e1 se o automatick\u00e9 promaz\u00e1n\u00ed cookies prohl\u00ed\u017ee\u010de p\u0159i ka\u017ed\u00e9m zav\u0159en\u00ed. Pokud nev\u00edte, kde se tato funkce vyp\u00edn\u00e1 doporu\u010dujeme se spojit s na\u0161imi specialisty, kte\u0159\u00ed v\u00e1s navedou.<\/p>\n\n<\/div><\/details>\n\n\n\n<details class=\"expander is-style-default limiter-item-hidden\">\n\t<summary data-datalayer-name=\"\" data-datalayer-text=\"P\u0159i p\u0159ihl\u00e1\u0161en\u00ed se mi zobraz\u00ed hl\u00e1\u0161ka o tom, \u017ee se mi n\u011bkdo naboural do \u00fa\u010dtu, jak m\u00e1m postupovat?\">\n\t\t\t\t<strong>P\u0159i p\u0159ihl\u00e1\u0161en\u00ed se mi zobraz\u00ed hl\u00e1\u0161ka o tom, \u017ee se mi n\u011bkdo naboural do \u00fa\u010dtu, jak m\u00e1m postupovat?<\/strong>\n\t\t\t<\/summary>\n\t<div class=\"inner-blocks\">\n\n<p>V tomto p\u0159\u00edpad\u011b je pot\u0159eba prov\u00e9st obnovu hesla p\u0159\u00edmo pomoc\u00ed mo\u017enost\u00ed ve formul\u00e1\u0159i s informac\u00ed o napaden\u00ed \u00fa\u010dtu. Po obnoven\u00ed hesla doporu\u010dujeme zkontrolovat nastaven\u00e9 zabezpe\u010den\u00ed \u00fa\u010dtu a v ide\u00e1ln\u00edm p\u0159\u00edpad\u011b, pokud je\u0161t\u011b nem\u00e1te, tak zabezpe\u010den\u00ed nav\u00fd\u0161it pomoc\u00ed Dvouf\u00e1zov\u00e9ho ov\u011b\u0159en\u00ed.&nbsp;<\/p>\n\n<\/div><\/details>\n\n\n\n<details class=\"expander is-style-default limiter-item-hidden\">\n\t<summary data-datalayer-name=\"\" data-datalayer-text=\"Zobrazuje se mi hl\u00e1\u0161ka V\u00e1\u0161 \u00fa\u010det je zablokov\u00e1n, jak m\u00e1m postupovat?\">\n\t\t\t\t<strong>Zobrazuje se mi hl\u00e1\u0161ka V\u00e1\u0161 \u00fa\u010det je zablokov\u00e1n, jak m\u00e1m postupovat?<\/strong>\n\t\t\t<\/summary>\n\t<div class=\"inner-blocks\">\n\n<p>Pro odblokov\u00e1n\u00ed \u00fa\u010dtu je pot\u0159eba kontaktovat u\u017eivatelskou podporu. Pokud je to mo\u017en\u00e9, \u00fa\u010det odblokuj\u00ed a dle d\u016fvodu doporu\u010d\u00ed r\u016fzn\u00e9 dal\u0161\u00ed zp\u016fsoby zabezpe\u010den\u00ed.<\/p>\n\n<\/div><\/details>\n\n\n\n<details class=\"expander is-style-default limiter-item-hidden\">\n\t<summary data-datalayer-name=\"\" data-datalayer-text=\"P\u0159i p\u0159ihl\u00e1\u0161en\u00ed se mi opakovan\u011b zobrazuje chyba 464 Robot detected, j\u00e1 robot nejsem, co s t\u00edm?\">\n\t\t\t\t<strong>P\u0159i p\u0159ihl\u00e1\u0161en\u00ed se mi opakovan\u011b zobrazuje chyba 464 Robot detected, j\u00e1 robot nejsem, co s t\u00edm?<\/strong>\n\t\t\t<\/summary>\n\t<div class=\"inner-blocks\">\n\n<p>V tomto p\u0159\u00edpad\u011b bude pot\u0159eba po\u010dkat, jedn\u00e1 se o bezpe\u010dnost\u00ed blokaci IP adresy, kdy syst\u00e9m detekoval opakovan\u00e9 pokusy o p\u0159ihl\u00e1\u0161en\u00ed chybn\u00fdm heslem. Blokace je nej\u010dast\u011bji na 24 hodin, b\u011bhem t\u00e9to doby doporu\u010dujeme po\u010dkat bez dal\u0161\u00edch pokus\u016f o p\u0159ihl\u00e1\u0161en\u00ed. Pokud m\u00e1 u\u017eivatel mo\u017enost, m\u016f\u017ee se p\u0159ihl\u00e1sit z jin\u00e9 IP adresy nap\u0159. z mobiln\u00edch dat. V p\u0159\u00edpad\u011b, \u017ee se tato blokace opakovan\u011b zobrazuje n\u011bkolik dn\u00ed, doporu\u010dujeme se obr\u00e1tit na u\u017eivatelskou podporu.&nbsp;<\/p>\n\n<\/div><\/details>\n\n\n\n<details class=\"expander is-style-default limiter-item-hidden\">\n\t<summary data-datalayer-name=\"\" data-datalayer-text=\"P\u0159i p\u0159ihl\u00e1\u0161en\u00ed na nov\u00e9m za\u0159\u00edzen\u00ed se mi zobrazuje, \u017ee byla odesl\u00e1na ov\u011b\u0159ovac\u00ed zpr\u00e1va na v\u0161echna ov\u011b\u0159ovac\u00ed za\u0159\u00edzen\u00ed, j\u00e1 ale o \u017e\u00e1dn\u00e9m ov\u011b\u0159ovac\u00edm za\u0159\u00edzen\u00ed nev\u00edm a SMS mi tak\u00e9 nep\u0159i\u0161la, jak d\u00e1le postupovat?\">\n\t\t\t\t<strong>P\u0159i p\u0159ihl\u00e1\u0161en\u00ed na nov\u00e9m za\u0159\u00edzen\u00ed se mi zobrazuje, \u017ee byla odesl\u00e1na ov\u011b\u0159ovac\u00ed zpr\u00e1va na v\u0161echna ov\u011b\u0159ovac\u00ed za\u0159\u00edzen\u00ed, j\u00e1 ale o \u017e\u00e1dn\u00e9m ov\u011b\u0159ovac\u00edm za\u0159\u00edzen\u00ed nev\u00edm a SMS mi tak\u00e9 nep\u0159i\u0161la, jak d\u00e1le postupovat?<\/strong>\n\t\t\t<\/summary>\n\t<div class=\"inner-blocks\">\n\n<p>Automatick\u00e1 ov\u011b\u0159ovac\u00ed zpr\u00e1va se odes\u00edl\u00e1 do aplikace Seznam.cz, ve kter\u00e9 bylo p\u016fvodn\u011b 2FA nastaveno. Pokud ji\u017e tuto aplikaci, za\u0159\u00edzen\u00ed nem\u00e1te k dispozici, m\u016f\u017eete si vy\u017e\u00e1dat jednor\u00e1zovou SMS zpr\u00e1vu pro ov\u011b\u0159en\u00ed, sta\u010d\u00ed zvolit mo\u017enost &#8222;Jin\u00fd zp\u016fsob ov\u011b\u0159en\u00ed&#8220; a &#8222;Vy\u017e\u00e1dat SMS k\u00f3d&#8220;. Po p\u0159ihl\u00e1\u0161en\u00ed doporu\u010dujeme aktualizovat ov\u011b\u0159ovac\u00ed za\u0159\u00edzen\u00ed a\u0165 u\u017e pomoc\u00ed nov\u00e9 aplikace Seznam.cz \u010di n\u011bjak\u00e9 jin\u00e9 autentiza\u010dn\u00ed aplikace.<\/p>\n\n<\/div><\/details>\n\n\n\n<details class=\"expander is-style-default limiter-item-hidden\">\n\t<summary data-datalayer-name=\"\" data-datalayer-text=\"Jak zru\u0161\u00edm dvouf\u00e1zov\u00e9 ov\u011b\u0159en\u00ed?\">\n\t\t\t\t<strong>Jak zru\u0161\u00edm dvouf\u00e1zov\u00e9 ov\u011b\u0159en\u00ed?<\/strong>\n\t\t\t<\/summary>\n\t<div class=\"inner-blocks\">\n\n<p class=\"is-style-link-external\">Zru\u0161it dvouf\u00e1zov\u00e9 ov\u011b\u0159en\u00ed m\u016f\u017eete po p\u0159ihl\u00e1\u0161en\u00ed do nastaven\u00ed <a href=\"https:\/\/ucet.seznam.cz\/secure\" target=\"_blank\" rel=\"noreferrer noopener\">zabezpe\u010den\u00ed \u00fa\u010dtu<\/a>. V sekci &#8222;Dvouf\u00e1zov\u00e9 ov\u011b\u0159en\u00ed&#8220; bude sta\u010dit odebrat v\u0161echna ov\u011b\u0159ovac\u00ed za\u0159\u00edzen\u00ed. Jakmile odeberete v\u0161echna ov\u011b\u0159ovac\u00ed za\u0159\u00edzen\u00ed, dvouf\u00e1zov\u00e9 ov\u011b\u0159en\u00ed se zru\u0161\u00ed.<\/p>\n\n<\/div><\/details>\n\n<\/div><\/div>\n\n<\/div>\n\n\n\n<div class=\"wp-block-group is-layout-constrained wp-block-group-is-layout-constrained\">\n<h2 class=\"wp-block-heading\">N\u00e1pov\u011bda pro Seznam \u00da\u010det<\/h2>\n\n\n\n<div class=\"wp-block-seznam-tiles has-columns-2\" style=\"--seznam-tiles--columns:2\"><div class=\"inner-blocks\"><div class=\"block-boxlink\"><a class=\"boxlink boxlink--icon-arrow px-f8 py-f6\" href=\"https:\/\/o-seznam.cz\/napoveda\/ucet\/registrace\/\"><div class=\"inner-blocks\">\n\n<p><strong>Registrace<\/strong><\/p>\n\n\n\n<p class=\"has-neutral-60-color has-text-color has-link-color has-small-font-size wp-elements-acbbe0fb482bc1f0b974628b63167a07\">Jak si jednodu\u0161e zalo\u017eit Seznam \u00da\u010det?<\/p>\n\n<\/div><\/a><\/div>\n\n<div class=\"block-boxlink\"><a class=\"boxlink boxlink--icon-arrow px-f8 py-f6\" href=\"https:\/\/o-seznam.cz\/napoveda\/ucet\/prihlasovani\/\"><div class=\"inner-blocks\">\n\n<p><strong>P\u0159ihla\u0161ov\u00e1n\u00ed<\/strong><\/p>\n\n\n\n<p class=\"has-neutral-60-color has-text-color has-link-color has-small-font-size wp-elements-677aa25c9ac444c117534725ace7a5c1\">P\u0159es jak\u00e9 \u00fa\u010dty se m\u016f\u017eete p\u0159ihl\u00e1sit?<\/p>\n\n<\/div><\/a><\/div>\n\n<div class=\"block-boxlink\"><a class=\"boxlink boxlink--icon-arrow px-f8 py-f6\" href=\"https:\/\/o-seznam.cz\/napoveda\/ucet\/zapomenute-heslo\/\"><div class=\"inner-blocks\">\n\n<p><strong>Zapomenut\u00e9 heslo<\/strong><\/p>\n\n\n\n<p class=\"has-neutral-60-color has-text-color has-link-color has-small-font-size wp-elements-399d7e4aa75011ead6b94ee58df3f830\">Zapomn\u011bli jste heslo a pot\u0159ebujete ho resetovat?<\/p>\n\n<\/div><\/a><\/div>\n\n<div class=\"block-boxlink\"><a class=\"boxlink boxlink--icon-arrow px-f8 py-f6\" href=\"https:\/\/o-seznam.cz\/napoveda\/ucet\/overeni-uctu\/\"><div class=\"inner-blocks\">\n\n<p><strong>Ov\u011b\u0159en\u00ed \u00fa\u010dtu<\/strong><\/p>\n\n\n\n<p class=\"has-neutral-60-color has-text-color has-link-color has-small-font-size wp-elements-a1712dd0a1ec5a5f1c333c3b585bffc7\">K \u010demu slou\u017e\u00ed ov\u011b\u0159en\u00ed va\u0161eho \u00fa\u010dtu?<\/p>\n\n<\/div><\/a><\/div>\n\n<div class=\"block-boxlink\"><a class=\"boxlink boxlink--icon-arrow px-f8 py-f6\" href=\"https:\/\/o-seznam.cz\/napoveda\/ucet\/zabezpeceni-uctu\/\"><div class=\"inner-blocks\">\n\n<p><strong>Zabezpe\u010den\u00ed \u00fa\u010dtu<\/strong><\/p>\n\n\n\n<p class=\"has-neutral-60-color has-text-color has-link-color has-small-font-size wp-elements-595f372fbe1d1d0f73faa5c0f006c51e\">Pot\u0159ebujete zkontrolovat nastaven\u00ed zabezpe\u010den\u00ed?<\/p>\n\n<\/div><\/a><\/div>\n\n<div class=\"block-boxlink\"><a class=\"boxlink boxlink--icon-arrow px-f8 py-f6\" href=\"https:\/\/o-seznam.cz\/napoveda\/ucet\/dvoufazove-overeni\/\"><div class=\"inner-blocks\">\n\n<p><strong>Dvouf\u00e1zov\u00e9 ov\u011b\u0159en\u00ed<\/strong><\/p>\n\n\n\n<p class=\"has-neutral-60-color has-text-color has-link-color has-small-font-size wp-elements-2d2a0c430bebbf4a1ace4b82f54d16b3\">Chcete pos\u00edlit zabezpe\u010den\u00ed va\u0161eho \u00fa\u010dtu?<\/p>\n\n<\/div><\/a><\/div>\n\n<div class=\"block-boxlink\"><a class=\"boxlink boxlink--icon-arrow px-f8 py-f6\" href=\"https:\/\/o-seznam.cz\/napoveda\/ucet\/osobni-udaje\/\"><div class=\"inner-blocks\">\n\n<p><strong>Osobn\u00ed \u00fadaje<\/strong><\/p>\n\n\n\n<p class=\"has-neutral-60-color has-text-color has-link-color has-small-font-size wp-elements-7026eca47183f3b53313cddb791205b7\">Pot\u0159ebujete upravit sv\u016fj profil a osobn\u00ed \u00fadaje?<\/p>\n\n<\/div><\/a><\/div>\n\n<div class=\"block-boxlink\"><a class=\"boxlink boxlink--icon-arrow px-f8 py-f6\" href=\"https:\/\/o-seznam.cz\/napoveda\/ucet\/data-a-personalizace\/\"><div class=\"inner-blocks\">\n\n<p><strong>Data a personalizace<\/strong><\/p>\n\n\n\n<p class=\"has-neutral-60-color has-text-color has-link-color has-small-font-size wp-elements-78225d2518c0e818be713d5f39763559\">Jak upravit personalizaci obsahu?<\/p>\n\n<\/div><\/a><\/div>\n\n<div class=\"block-boxlink\"><a class=\"boxlink boxlink--icon-arrow px-f8 py-f6\" href=\"https:\/\/o-seznam.cz\/napoveda\/ucet\/aktivni-prihlaseni\/\"><div class=\"inner-blocks\">\n\n<p><strong>Aktivn\u00ed p\u0159ihl\u00e1\u0161en\u00ed<\/strong><\/p>\n\n\n\n<p class=\"has-neutral-60-color has-text-color has-link-color has-small-font-size wp-elements-d959e64cc23c39cd8bc6dc62b27a0f01\">Kde najdu, na kter\u00fdch za\u0159\u00edzen\u00edch jsem p\u0159ihl\u00e1\u0161en\u00fd?<\/p>\n\n<\/div><\/a><\/div>\n\n<div class=\"block-boxlink\"><a class=\"boxlink boxlink--icon-arrow px-f8 py-f6\" href=\"https:\/\/o-seznam.cz\/napoveda\/ucet\/sprava\/oznameni\/\"><div class=\"inner-blocks\">\n\n<p><strong>Spr\u00e1va ozn\u00e1men\u00ed<\/strong><\/p>\n\n\n\n<p class=\"has-neutral-60-color has-text-color has-link-color has-small-font-size wp-elements-9642e30d13979e09572b8a3989f630d4\">Jak propojit ozn\u00e1men\u00ed ve slu\u017eb\u00e1ch?<\/p>\n\n<\/div><\/a><\/div>\n\n<div class=\"block-boxlink\"><a class=\"boxlink boxlink--icon-arrow px-f8 py-f4\" href=\"https:\/\/o-seznam.cz\/napoveda\/ucet\/platby-a-predplatna\/\"><div class=\"inner-blocks\">\n\n<p><strong>Platby a p\u0159edplatn\u00e1<\/strong><\/p>\n\n\n\n<p class=\"has-neutral-60-color has-text-color has-link-color has-small-font-size wp-elements-4fee67b42d01c7b8e27f4d8e548da8b3\">Chcete zkontrolovat svoje platby a p\u0159edplatn\u00e1?<\/p>\n\n<\/div><\/a><\/div><\/div><\/div>\n<\/div>\n\n\n\n<div class=\"wp-block-group is-layout-constrained wp-block-group-is-layout-constrained\">\n<h2 class=\"wp-block-heading\">Zaj\u00edm\u00e1te se o t\u00e9ma osobn\u00edch \u00fadaj\u016f?<\/h2>\n\n\n\n<div class=\"wp-block-seznam-tiles has-columns-2\" style=\"--seznam-tiles--columns:2\"><div class=\"inner-blocks\"><div class=\"block-boxlink\"><a class=\"boxlink boxlink--icon-arrow px-f8 py-f4\" href=\"https:\/\/o-seznam.cz\/pravni-informace\/ochrana-udaju\/souhlas\/\"><div class=\"inner-blocks\">\n\n<p>Zpracov\u00e1n\u00ed osobn\u00edch \u00fadaj\u016f<\/p>\n\n<\/div><\/a><\/div>\n\n<div class=\"block-boxlink\"><a class=\"boxlink boxlink--icon-arrow px-f8 py-f4\" href=\"https:\/\/o-seznam.cz\/pravni-informace\/ochrana-udaju\/\"><div class=\"inner-blocks\">\n\n<p>Z\u00e1sady ochrany osobn\u00edch \u00fadaj\u016f<\/p>\n\n<\/div><\/a><\/div>\n\n<div class=\"block-boxlink\"><a class=\"boxlink boxlink--icon-arrow px-f8 py-f4\" href=\"https:\/\/o-seznam.cz\/pravni-informace\/personalizace\/\"><div class=\"inner-blocks\">\n\n<p>Personalizace obsahu a reklamy<\/p>\n\n<\/div><\/a><\/div><\/div><\/div>\n<\/div>\n\n\n\n<div class=\"wp-block-group is-layout-constrained wp-block-group-is-layout-constrained\">\n<h2 class=\"wp-block-heading\">Souvisej\u00edc\u00ed n\u00e1pov\u011bda<\/h2>\n\n\n\n<div class=\"wp-block-seznam-tiles has-columns-3\" style=\"--seznam-tiles--columns:3\"><div class=\"inner-blocks\"><div class=\"block-boxlink\"><a class=\"boxlink boxlink--icon-none px-f4 py-f4\" href=\"https:\/\/o-seznam.cz\/napoveda\/email\/\"><div class=\"inner-blocks\">\n<div class=\"boxlink-logo\">\n\t<img loading=\"lazy\" decoding=\"async\" width=\"368\" height=\"85\" src=\"https:\/\/o-seznam.cz\/napoveda\/ucet\/wp-content\/uploads\/sites\/10\/2024\/12\/email-cz-logo.svg\" class=\"attachment-full size-full\" alt=\"\" \/><\/div>\n\n\t<div class=\"ml-f4\">\n\t\t<strong>Email.cz<\/strong>\n\t<\/div>\n\n <\/div><\/a><\/div><\/div><\/div>\n<\/div>\n\n\n\n<div class=\"wp-block-group is-layout-constrained wp-block-group-is-layout-constrained\">\n<h2 class=\"wp-block-heading\">Mohlo by v\u00e1s zaj\u00edmat<\/h2>\n\n\n\n<div class=\"wp-block-seznam-tiles has-columns-2\" style=\"--seznam-tiles--columns:2\"><div class=\"inner-blocks\"><div class=\"block-boxlink\"><a class=\"boxlink boxlink--icon-external px-f8 py-f4\" href=\"https:\/\/ucet.seznam.cz\/about\/\" target=\"_blank\"><div class=\"inner-blocks\">\n\n<p>V\u00edce o Seznam \u00da\u010dtu<\/p>\n\n<\/div><\/a><\/div><\/div><\/div>\n<\/div>\n","protected":false},"excerpt":{"rendered":"<p>Nej\u010dast\u011bj\u0161\u00ed dotazy N\u00e1pov\u011bda pro Seznam \u00da\u010det Zaj\u00edm\u00e1te se o t\u00e9ma osobn\u00edch \u00fadaj\u016f? Souvisej\u00edc\u00ed n\u00e1pov\u011bda Mohlo by v\u00e1s zaj\u00edmat<\/p>\n","protected":false},"author":2,"featured_media":0,"parent":0,"menu_order":5,"comment_status":"closed","ping_status":"closed","template":"page-no-head","meta":{"_acf_changed":false,"_relevanssi_hide_post":"","_relevanssi_hide_content":"","_relevanssi_pin_for_all":"","_relevanssi_pin_keywords":"","_relevanssi_unpin_keywords":"","_relevanssi_related_keywords":"","_relevanssi_related_include_ids":"","_relevanssi_related_exclude_ids":"","_relevanssi_related_no_append":"","_relevanssi_related_not_related":"","_relevanssi_related_posts":"","_relevanssi_noindex_reason":"","footnotes":""},"page_category":[],"page_tag":[],"service_status_category":[29,43,37,46],"class_list":["post-5","page","type-page","status-publish","hentry"],"acf":[],"lang":"cs","translations":{"cs":5,"en":17},"pll_sync_post":[],"_links":{"self":[{"href":"https:\/\/o-seznam.cz\/napoveda\/ucet\/wp-json\/wp\/v2\/pages\/5","targetHints":{"allow":["GET"]}}],"collection":[{"href":"https:\/\/o-seznam.cz\/napoveda\/ucet\/wp-json\/wp\/v2\/pages"}],"about":[{"href":"https:\/\/o-seznam.cz\/napoveda\/ucet\/wp-json\/wp\/v2\/types\/page"}],"author":[{"embeddable":true,"href":"https:\/\/o-seznam.cz\/napoveda\/ucet\/wp-json\/wp\/v2\/users\/2"}],"replies":[{"embeddable":true,"href":"https:\/\/o-seznam.cz\/napoveda\/ucet\/wp-json\/wp\/v2\/comments?post=5"}],"version-history":[{"count":67,"href":"https:\/\/o-seznam.cz\/napoveda\/ucet\/wp-json\/wp\/v2\/pages\/5\/revisions"}],"predecessor-version":[{"id":2748,"href":"https:\/\/o-seznam.cz\/napoveda\/ucet\/wp-json\/wp\/v2\/pages\/5\/revisions\/2748"}],"wp:attachment":[{"href":"https:\/\/o-seznam.cz\/napoveda\/ucet\/wp-json\/wp\/v2\/media?parent=5"}],"wp:term":[{"taxonomy":"page_category","embeddable":true,"href":"https:\/\/o-seznam.cz\/napoveda\/ucet\/wp-json\/wp\/v2\/page_category?post=5"},{"taxonomy":"page_tag","embeddable":true,"href":"https:\/\/o-seznam.cz\/napoveda\/ucet\/wp-json\/wp\/v2\/page_tag?post=5"},{"taxonomy":"service_status_category","embeddable":true,"href":"https:\/\/o-seznam.cz\/napoveda\/ucet\/wp-json\/wp\/v2\/service_status_category?post=5"}],"curies":[{"name":"wp","href":"https:\/\/api.w.org\/{rel}","templated":true}]}}