{"id":498,"date":"2024-10-20T01:40:11","date_gmt":"2024-10-19T23:40:11","guid":{"rendered":"https:\/\/o-seznam.cz\/napoveda\/ucet\/?page_id=498"},"modified":"2025-09-16T09:57:16","modified_gmt":"2025-09-16T07:57:16","slug":"autentizacni-aplikace","status":"publish","type":"page","link":"https:\/\/o-seznam.cz\/napoveda\/ucet\/dvoufazove-overeni\/autentizacni-aplikace\/","title":{"rendered":"Autentiza\u010dn\u00ed aplikace"},"content":{"rendered":"\n<div class=\"wp-block-group is-layout-constrained wp-block-group-is-layout-constrained\">\n<p>Autentiza\u010dn\u00ed aplikace je jednoduch\u00fd n\u00e1stroj do va\u0161eho telefonu, kter\u00fd zobrazuje \u010d\u00edseln\u00fd k\u00f3d pro ov\u011b\u0159en\u00ed p\u0159ihl\u00e1\u0161en\u00ed. Pro ka\u017ed\u00fd \u00fa\u010det nebo slu\u017ebu m\u00e1 sv\u016fj vlastn\u00ed, unik\u00e1tn\u00ed k\u00f3d, kter\u00fd se pravideln\u011b m\u011bn\u00ed. <\/p>\n\n\n\n<p>Kdy\u017e ji pou\u017eijete spolu s heslem, z\u00edsk\u00e1te pro sv\u016fj \u00fa\u010det dal\u0161\u00ed vrstvu ochrany \u2013 n\u011bco jako druh\u00fd kl\u00ed\u010d k z\u00e1mku.<\/p>\n\n\n\n<p>Sta\u010d\u00ed si ji zdarma st\u00e1hnout z obchodu s aplikacemi, stejn\u011b jako jakoukoli jinou. Mezi obl\u00edben\u00e9 pat\u0159\u00ed <strong>Google Authenticator<\/strong>, <strong>Microsoft Authenticator<\/strong> nebo <strong>Authy<\/strong>, ale pou\u017e\u00edt m\u016f\u017eete i jinou.<\/p>\n\n\n\n\n<details>\n  <summary><strong style=\"text-decoration: underline;\">Google Authenticator<\/strong><\/summary>\n  <div style=\"display: flex; flex-wrap: wrap; gap: 20px; margin-top: 15px;\">\n    \n    <!-- Sloupec 1 -->\n    <div style=\"display: flex; flex-direction: column; align-items: flex-start;\">\n      <img decoding=\"async\" src=\"https:\/\/o-seznam.cz\/napoveda\/ucet\/wp-content\/uploads\/sites\/10\/2025\/08\/googleplay-googleauthenticator.png\" alt=\"QR k\u00f3d - Google Play\" style=\"width: 150px; height: 150px; margin-bottom: 10px;\">\n      <a href=\"https:\/\/play.google.com\/store\/apps\/details?id=com.google.android.apps.authenticator2\" target=\"_blank\" rel=\"noopener\">\n        <img decoding=\"async\" src=\"https:\/\/o-seznam.cz\/napoveda\/ucet\/wp-content\/uploads\/sites\/10\/2025\/08\/button-google-play.png\" alt=\"St\u00e1hnout na Google Play\" style=\"width: 168px; height: 50px;\">\n      <\/a>\n    <\/div>\n    \n    <!-- Sloupec 2 -->\n    <div style=\"display: flex; flex-direction: column; align-items: flex-start;\">\n      <img decoding=\"async\" src=\"https:\/\/o-seznam.cz\/napoveda\/ucet\/wp-content\/uploads\/sites\/10\/2025\/08\/appstore-googleauthenticator.png\" alt=\"QR k\u00f3d - App Store\" style=\"width: 150px; height: 150px; margin-bottom: 10px;\">\n      <a href=\"https:\/\/apps.apple.com\/cz\/app\/google-authenticator\/id388497605?l=cs\" target=\"_blank\" rel=\"noopener\">\n        <img decoding=\"async\" src=\"https:\/\/o-seznam.cz\/napoveda\/ucet\/wp-content\/uploads\/sites\/10\/2025\/08\/Button_app_store.svg\" alt=\"St\u00e1hnout na App Store\" style=\"width: 168px; height: 50px;\">\n      <\/a>\n    <\/div>\n\n  <\/div>\n<\/details>\n\n\n\n\n\n<details>\n  <summary><strong style=\"text-decoration: underline;\">Microsoft Authenticator<\/strong><\/summary>\n  <div style=\"display: flex; flex-wrap: wrap; gap: 20px; margin-top: 15px;\">\n    \n    <!-- Sloupec 1 -->\n    <div style=\"display: flex; flex-direction: column; align-items: flex-start;\">\n      <img decoding=\"async\" src=\"https:\/\/o-seznam.cz\/napoveda\/ucet\/wp-content\/uploads\/sites\/10\/2025\/08\/googleplay-microsoftauthenticator.png\" alt=\"QR k\u00f3d - Google Play\" style=\"width: 150px; height: 150px; margin-bottom: 10px;\">\n      <a href=\"https:\/\/play.google.com\/store\/apps\/details?id=com.azure.authenticator\" target=\"_blank\" rel=\"noopener\">\n        <img decoding=\"async\" src=\"https:\/\/o-seznam.cz\/napoveda\/ucet\/wp-content\/uploads\/sites\/10\/2025\/08\/button-google-play.png\" alt=\"St\u00e1hnout na Google Play\" style=\"width: 168px; height: 50px;\">\n      <\/a>\n    <\/div>\n    \n    <!-- Sloupec 2 -->\n    <div style=\"display: flex; flex-direction: column; align-items: flex-start;\">\n      <img decoding=\"async\" src=\"https:\/\/o-seznam.cz\/napoveda\/ucet\/wp-content\/uploads\/sites\/10\/2025\/08\/appstore-microsoftauthenticator.png\" alt=\"QR k\u00f3d - App Store\" style=\"width: 150px; height: 150px; margin-bottom: 10px;\">\n      <a href=\"https:\/\/apps.apple.com\/cz\/app\/microsoft-authenticator\/id983156458?l=cs\" target=\"_blank\" rel=\"noopener\">\n        <img decoding=\"async\" src=\"https:\/\/o-seznam.cz\/napoveda\/ucet\/wp-content\/uploads\/sites\/10\/2025\/08\/Button_app_store.svg\" alt=\"St\u00e1hnout na App Store\" style=\"width: 168px; height: 50px;\">\n      <\/a>\n    <\/div>\n\n  <\/div>\n<\/details>\n\n\n\n\n\n<details>\n  <summary><strong style=\"text-decoration: underline;\">Authy<\/strong><\/summary>\n  <div style=\"display: flex; flex-wrap: wrap; gap: 20px; margin-top: 15px;\">\n    \n    <!-- Sloupec 1 -->\n    <div style=\"display: flex; flex-direction: column; align-items: flex-start;\">\n      <img decoding=\"async\" src=\"https:\/\/o-seznam.cz\/napoveda\/ucet\/wp-content\/uploads\/sites\/10\/2025\/08\/googleplay-twilioauthy.png\" alt=\"QR k\u00f3d - Google Play\" style=\"width: 150px; height: 150px; margin-bottom: 10px;\">\n      <a href=\"https:\/\/play.google.com\/store\/apps\/details?id=com.authy.authy\" target=\"_blank\" rel=\"noopener\">\n        <img decoding=\"async\" src=\"https:\/\/o-seznam.cz\/napoveda\/ucet\/wp-content\/uploads\/sites\/10\/2025\/08\/button-google-play.png\" alt=\"St\u00e1hnout na Google Play\" style=\"width: 168px; height: 50px;\">\n      <\/a>\n    <\/div>\n    \n    <!-- Sloupec 2 -->\n    <div style=\"display: flex; flex-direction: column; align-items: flex-start;\">\n      <img decoding=\"async\" src=\"https:\/\/o-seznam.cz\/napoveda\/ucet\/wp-content\/uploads\/sites\/10\/2025\/08\/appstore-twilioauthy.png\" alt=\"QR k\u00f3d - App Store\" style=\"width: 150px; height: 150px; margin-bottom: 10px;\">\n      <a href=\"https:\/\/apps.apple.com\/cz\/app\/twilio-authy\/id494168017?l=cs\" target=\"_blank\" rel=\"noopener\">\n        <img decoding=\"async\" src=\"https:\/\/o-seznam.cz\/napoveda\/ucet\/wp-content\/uploads\/sites\/10\/2025\/08\/Button_app_store.svg\" alt=\"St\u00e1hnout na App Store\" style=\"width: 168px; height: 50px;\">\n      <\/a>\n    <\/div>\n\n  <\/div>\n<\/details>\n\n\n\n\n<h2 class=\"wp-block-heading\">Jak to prob\u00edh\u00e1?<\/h2>\n\n\n\n<ul class=\"wp-block-list\">\n<li>P\u0159i zapnut\u00ed dvouf\u00e1zov\u00e9ho ov\u011b\u0159en\u00ed v Seznam \u00fa\u010dtu v\u00e1s syst\u00e9m vyzve k propojen\u00ed aplikace.<\/li>\n\n\n\n<li>V aplikaci zvol\u00edte \u201eP\u0159idat nov\u00fd \u00fa\u010det\u201c a naskenujete QR k\u00f3d, kter\u00fd se v\u00e1m v \u00da\u010dtu zobraz\u00ed (nebo ru\u010dn\u011b op\u00ed\u0161ete k\u00f3d, pokud QR k\u00f3d nem\u016f\u017eete na\u010d\u00edst).<\/li>\n\n\n\n<li>A je hotovo \u2013 v aplikaci se objev\u00ed v\u00e1\u0161 \u00fa\u010det a pod n\u00edm \u0161estim\u00edstn\u00fd k\u00f3d, kter\u00fd se ka\u017ed\u00fdch 30 vte\u0159in m\u011bn\u00ed.<\/li>\n<\/ul>\n\n\n\n<p>Kdy\u017e se budete cht\u00edt p\u0159ihl\u00e1sit, jen otev\u0159ete aplikaci, op\u00ed\u0161ete k\u00f3d a m\u00e1te hotovo. Jednoduch\u00fd krok pro v\u011bt\u0161\u00ed pohodl\u00ed a bezpe\u010d\u00ed.<\/p>\n<\/div>\n","protected":false},"excerpt":{"rendered":"<p>Autentiza\u010dn\u00ed aplikace je jednoduch\u00fd n\u00e1stroj do va\u0161eho telefonu, kter\u00fd zobrazuje \u010d\u00edseln\u00fd k\u00f3d pro ov\u011b\u0159en\u00ed p\u0159ihl\u00e1\u0161en\u00ed. Pro ka\u017ed\u00fd \u00fa\u010det nebo slu\u017ebu m\u00e1 sv\u016fj vlastn\u00ed, unik\u00e1tn\u00ed k\u00f3d, kter\u00fd se pravideln\u011b m\u011bn\u00ed. Kdy\u017e ji pou\u017eijete spolu s heslem, z\u00edsk\u00e1te pro sv\u016fj \u00fa\u010det dal\u0161\u00ed vrstvu ochrany \u2013 n\u011bco jako druh\u00fd kl\u00ed\u010d k z\u00e1mku. Sta\u010d\u00ed si ji zdarma st\u00e1hnout z [&hellip;]<\/p>\n","protected":false},"author":6,"featured_media":0,"parent":94,"menu_order":0,"comment_status":"closed","ping_status":"closed","template":"page-sidemenu","meta":{"_acf_changed":false,"_relevanssi_hide_post":"","_relevanssi_hide_content":"","_relevanssi_pin_for_all":"","_relevanssi_pin_keywords":"","_relevanssi_unpin_keywords":"","_relevanssi_related_keywords":"","_relevanssi_related_include_ids":"","_relevanssi_related_exclude_ids":"","_relevanssi_related_no_append":"","_relevanssi_related_not_related":"","_relevanssi_related_posts":"","_relevanssi_noindex_reason":"","footnotes":""},"page_category":[24],"page_tag":[],"service_status_category":[],"class_list":["post-498","page","type-page","status-publish","hentry"],"acf":[],"lang":"cs","translations":{"cs":498,"en":1715},"pll_sync_post":[],"_links":{"self":[{"href":"https:\/\/o-seznam.cz\/napoveda\/ucet\/wp-json\/wp\/v2\/pages\/498","targetHints":{"allow":["GET"]}}],"collection":[{"href":"https:\/\/o-seznam.cz\/napoveda\/ucet\/wp-json\/wp\/v2\/pages"}],"about":[{"href":"https:\/\/o-seznam.cz\/napoveda\/ucet\/wp-json\/wp\/v2\/types\/page"}],"author":[{"embeddable":true,"href":"https:\/\/o-seznam.cz\/napoveda\/ucet\/wp-json\/wp\/v2\/users\/6"}],"replies":[{"embeddable":true,"href":"https:\/\/o-seznam.cz\/napoveda\/ucet\/wp-json\/wp\/v2\/comments?post=498"}],"version-history":[{"count":7,"href":"https:\/\/o-seznam.cz\/napoveda\/ucet\/wp-json\/wp\/v2\/pages\/498\/revisions"}],"predecessor-version":[{"id":2494,"href":"https:\/\/o-seznam.cz\/napoveda\/ucet\/wp-json\/wp\/v2\/pages\/498\/revisions\/2494"}],"up":[{"embeddable":true,"href":"https:\/\/o-seznam.cz\/napoveda\/ucet\/wp-json\/wp\/v2\/pages\/94"}],"wp:attachment":[{"href":"https:\/\/o-seznam.cz\/napoveda\/ucet\/wp-json\/wp\/v2\/media?parent=498"}],"wp:term":[{"taxonomy":"page_category","embeddable":true,"href":"https:\/\/o-seznam.cz\/napoveda\/ucet\/wp-json\/wp\/v2\/page_category?post=498"},{"taxonomy":"page_tag","embeddable":true,"href":"https:\/\/o-seznam.cz\/napoveda\/ucet\/wp-json\/wp\/v2\/page_tag?post=498"},{"taxonomy":"service_status_category","embeddable":true,"href":"https:\/\/o-seznam.cz\/napoveda\/ucet\/wp-json\/wp\/v2\/service_status_category?post=498"}],"curies":[{"name":"wp","href":"https:\/\/api.w.org\/{rel}","templated":true}]}}