{"id":2772,"date":"2026-01-14T10:09:31","date_gmt":"2026-01-14T09:09:31","guid":{"rendered":"https:\/\/o-seznam.cz\/napoveda\/ucet\/?page_id=2772"},"modified":"2026-01-20T11:15:44","modified_gmt":"2026-01-20T10:15:44","slug":"bezpecnostni-klic","status":"publish","type":"page","link":"https:\/\/o-seznam.cz\/napoveda\/ucet\/dvoufazove-overeni\/bezpecnostni-klic\/","title":{"rendered":"Bezpe\u010dnostn\u00ed kl\u00ed\u010d"},"content":{"rendered":"\n<p>Bezpe\u010dnostn\u00ed kl\u00ed\u010d je modern\u00ed a velmi bezpe\u010dn\u00fd zp\u016fsob ov\u011b\u0159en\u00ed p\u0159ihl\u00e1\u0161en\u00ed k \u00fa\u010dtu. Slou\u017e\u00ed jako druh\u00fd krok vedle hesla, ale na rozd\u00edl od k\u00f3d\u016f z aplikace nen\u00ed pot\u0159eba nic opisovat. P\u0159ihl\u00e1\u0161en\u00ed jednodu\u0161e potvrd\u00edte <strong>kl\u00ed\u010dem nebo telefonem<\/strong>.<br><br>Bezpe\u010dnostn\u00ed kl\u00ed\u010d m\u016f\u017ee m\u00edt podobu <strong>fyzick\u00e9ho za\u0159\u00edzen\u00ed<\/strong> (nap\u0159. USB nebo NFC kl\u00ed\u010d) nebo <strong>digit\u00e1ln\u00edho kl\u00ed\u010de ulo\u017een\u00e9ho v telefonu<\/strong>. Kl\u00ed\u010d je v\u017edy chr\u00e1n\u011bn dal\u0161\u00edm zabezpe\u010den\u00edm \u2013 nap\u0159\u00edklad otiskem prstu, Face ID nebo PINem.<br><br>Kdy\u017e ho pou\u017eijete spolu s heslem, z\u00edsk\u00e1te pro sv\u016fj \u00fa\u010det je\u0161t\u011b vy\u0161\u0161\u00ed \u00farove\u0148 ochrany.<\/p>\n\n\n\n<div class=\"wp-block-group is-layout-constrained wp-block-group-is-layout-constrained\">\n<h2 class=\"wp-block-heading\"><strong>Jak to prob\u00edh\u00e1?<\/strong><\/h2>\n\n\n\n<ul class=\"wp-block-list\">\n<li>P\u0159i zapnut\u00ed dvouf\u00e1zov\u00e9ho ov\u011b\u0159en\u00ed v Seznam \u00da\u010dtu zvol\u00edte p\u0159id\u00e1n\u00ed bezpe\u010dnostn\u00edho kl\u00ed\u010de.<\/li>\n\n\n\n<li>Syst\u00e9m v\u00e1s vyzve k p\u0159ipojen\u00ed fyzick\u00e9ho kl\u00ed\u010de \u010di naskenov\u00e1n\u00ed QR k\u00f3du telefonem<\/li>\n\n\n\n<li>Telefon nebo kl\u00ed\u010d v\u00e1s provede vytvo\u0159en\u00edm zabezpe\u010den\u00ed (biometrie nebo PIN).<\/li>\n\n\n\n<li>A je hotovo \u2013 bezpe\u010dnostn\u00ed kl\u00ed\u010d je p\u0159ipraven.<\/li>\n<\/ul>\n<\/div>\n\n\n\n<p>P\u0159i dal\u0161\u00edm p\u0159ihl\u00e1\u0161en\u00ed u\u017e jen kl\u00ed\u010d p\u0159ilo\u017e\u00edte, p\u0159ipoj\u00edte nebo potvrd\u00edte v telefonu a jste p\u0159ihl\u00e1\u0161eni.<br><br>Jednoduch\u00fd a pohodln\u00fd zp\u016fsob, jak m\u00edt \u00fa\u010det opravdu pod kontrolou.<\/p>\n\n\n\n<div class=\"wp-block-seznam-box is-layout-flow wp-block-seznam-box-is-layout-flow\">\n<p>P\u0159ihl\u00e1\u0161en\u00ed bezpe\u010dnostn\u00edm kl\u00ed\u010dem v Seznam prohl\u00ed\u017ee\u010di pro Windows a MacBook aktu\u00e1ln\u011b nen\u00ed podporovan\u00e9.<\/p>\n<\/div>\n","protected":false},"excerpt":{"rendered":"<p>Bezpe\u010dnostn\u00ed kl\u00ed\u010d je modern\u00ed a velmi bezpe\u010dn\u00fd zp\u016fsob ov\u011b\u0159en\u00ed p\u0159ihl\u00e1\u0161en\u00ed k \u00fa\u010dtu. Slou\u017e\u00ed jako druh\u00fd krok vedle hesla, ale na rozd\u00edl od k\u00f3d\u016f z aplikace nen\u00ed pot\u0159eba nic opisovat. P\u0159ihl\u00e1\u0161en\u00ed jednodu\u0161e potvrd\u00edte kl\u00ed\u010dem nebo telefonem. Bezpe\u010dnostn\u00ed kl\u00ed\u010d m\u016f\u017ee m\u00edt podobu fyzick\u00e9ho za\u0159\u00edzen\u00ed (nap\u0159. USB nebo NFC kl\u00ed\u010d) nebo digit\u00e1ln\u00edho kl\u00ed\u010de ulo\u017een\u00e9ho v telefonu. Kl\u00ed\u010d je [&hellip;]<\/p>\n","protected":false},"author":35,"featured_media":0,"parent":94,"menu_order":0,"comment_status":"closed","ping_status":"closed","template":"page-sidemenu","meta":{"_acf_changed":false,"_relevanssi_hide_post":"","_relevanssi_hide_content":"","_relevanssi_pin_for_all":"","_relevanssi_pin_keywords":"","_relevanssi_unpin_keywords":"","_relevanssi_related_keywords":"","_relevanssi_related_include_ids":"","_relevanssi_related_exclude_ids":"","_relevanssi_related_no_append":"","_relevanssi_related_not_related":"","_relevanssi_related_posts":"","_relevanssi_noindex_reason":"","footnotes":""},"page_category":[24],"page_tag":[],"service_status_category":[],"class_list":["post-2772","page","type-page","status-publish","hentry"],"acf":[],"lang":"cs","translations":{"cs":2772},"pll_sync_post":[],"_links":{"self":[{"href":"https:\/\/o-seznam.cz\/napoveda\/ucet\/wp-json\/wp\/v2\/pages\/2772","targetHints":{"allow":["GET"]}}],"collection":[{"href":"https:\/\/o-seznam.cz\/napoveda\/ucet\/wp-json\/wp\/v2\/pages"}],"about":[{"href":"https:\/\/o-seznam.cz\/napoveda\/ucet\/wp-json\/wp\/v2\/types\/page"}],"author":[{"embeddable":true,"href":"https:\/\/o-seznam.cz\/napoveda\/ucet\/wp-json\/wp\/v2\/users\/35"}],"replies":[{"embeddable":true,"href":"https:\/\/o-seznam.cz\/napoveda\/ucet\/wp-json\/wp\/v2\/comments?post=2772"}],"version-history":[{"count":5,"href":"https:\/\/o-seznam.cz\/napoveda\/ucet\/wp-json\/wp\/v2\/pages\/2772\/revisions"}],"predecessor-version":[{"id":2840,"href":"https:\/\/o-seznam.cz\/napoveda\/ucet\/wp-json\/wp\/v2\/pages\/2772\/revisions\/2840"}],"up":[{"embeddable":true,"href":"https:\/\/o-seznam.cz\/napoveda\/ucet\/wp-json\/wp\/v2\/pages\/94"}],"wp:attachment":[{"href":"https:\/\/o-seznam.cz\/napoveda\/ucet\/wp-json\/wp\/v2\/media?parent=2772"}],"wp:term":[{"taxonomy":"page_category","embeddable":true,"href":"https:\/\/o-seznam.cz\/napoveda\/ucet\/wp-json\/wp\/v2\/page_category?post=2772"},{"taxonomy":"page_tag","embeddable":true,"href":"https:\/\/o-seznam.cz\/napoveda\/ucet\/wp-json\/wp\/v2\/page_tag?post=2772"},{"taxonomy":"service_status_category","embeddable":true,"href":"https:\/\/o-seznam.cz\/napoveda\/ucet\/wp-json\/wp\/v2\/service_status_category?post=2772"}],"curies":[{"name":"wp","href":"https:\/\/api.w.org\/{rel}","templated":true}]}}