{"id":2738,"date":"2025-11-12T15:24:13","date_gmt":"2025-11-12T14:24:13","guid":{"rendered":"https:\/\/o-seznam.cz\/napoveda\/ucet\/?page_id=2738"},"modified":"2025-11-12T15:24:13","modified_gmt":"2025-11-12T14:24:13","slug":"aktualizace-overeni-bankovni-identity-pro-klienty-moneta-bank","status":"publish","type":"page","link":"https:\/\/o-seznam.cz\/napoveda\/ucet\/overeni-uctu\/bankovni-identita\/aktualizace-overeni-bankovni-identity-pro-klienty-moneta-bank\/","title":{"rendered":"Aktualizace ov\u011b\u0159en\u00ed bankovn\u00ed identity pro klienty MONETA Bank\u00a0"},"content":{"rendered":"\n<p>Pokud m\u00e1te sv\u016fj Seznam \u00da\u010det ov\u011b\u0159en\u00fd pomoc\u00ed bankovn\u00ed identity MONETA Bank, je mo\u017en\u00e9, \u017ee v\u00e1m banka v minulosti vydala nov\u00fd identifik\u00e1tor bankovn\u00ed identity v r\u00e1mci zm\u011bny sv\u00fdch bankovn\u00edch syst\u00e9m\u016f. \u00a0<br><br>V takov\u00e9m p\u0159\u00edpad\u011b nebude obnova p\u0159\u00edstupu k \u00fa\u010dtu pomoc\u00ed bankovn\u00ed identity funk\u010dn\u00ed.\u00a0<br><br>Je tedy pot\u0159eba, abyste aktualizovali sv\u00e9 ov\u011b\u0159en\u00ed bankovn\u00ed identitou ve sv\u00e9m \u00da\u010dtu na str\u00e1nce <a href=\"https:\/\/ucet.seznam.cz\/personal\" data-type=\"link\" data-id=\"https:\/\/ucet.seznam.cz\/personal\">Osobn\u00ed \u00fadaje<\/a>.<\/p>\n\n\n\n<div class=\"wp-block-group is-layout-constrained wp-block-group-is-layout-constrained\">\n<h2 class=\"wp-block-heading\">Jak postupovat p\u0159i aktualizaci?&nbsp;<\/h2>\n\n\n\n<p>P\u0159ihlaste se do sv\u00e9ho Seznam <a href=\"https:\/\/ucet.seznam.cz\/\" data-type=\"link\" data-id=\"https:\/\/ucet.seznam.cz\/\">\u00da\u010dtu<\/a> a p\u0159ejd\u011bte na z\u00e1lo\u017eku <a href=\"https:\/\/ucet.seznam.cz\/overview\" data-type=\"link\" data-id=\"https:\/\/ucet.seznam.cz\/overview\">Osobn\u00ed \u00fadaje<\/a>. V \u010d\u00e1sti Ov\u011b\u0159en\u00ed \u00fa\u010dtu u polo\u017eky Bankovn\u00ed identita klikn\u011bte na Zm\u011bnit.\u00a0<\/p>\n\n\n\n<figure class=\"wp-block-image size-full\"><img loading=\"lazy\" decoding=\"async\" width=\"710\" height=\"165\" src=\"https:\/\/o-seznam.cz\/napoveda\/ucet\/wp-content\/uploads\/sites\/10\/2025\/11\/overeni-uctu.png\" alt=\"\" class=\"wp-image-2739\" srcset=\"https:\/\/o-seznam.cz\/napoveda\/ucet\/wp-content\/uploads\/sites\/10\/2025\/11\/overeni-uctu.png 710w, https:\/\/o-seznam.cz\/napoveda\/ucet\/wp-content\/uploads\/sites\/10\/2025\/11\/overeni-uctu-320x74.png 320w\" sizes=\"auto, (max-width: 710px) 100vw, 710px\" \/><\/figure>\n\n\n\n<p>Tla\u010d\u00edtko Ov\u011b\u0159it a aktualizovat \u00fadaje v\u00e1s p\u0159esm\u011bruje na str\u00e1nku s poskytovateli slu\u017eby BankiD, kde vyberete sv\u00e9ho poskytovatele MONETA Bank. \u00a0<\/p>\n\n\n\n<figure class=\"wp-block-image size-full\"><img loading=\"lazy\" decoding=\"async\" width=\"708\" height=\"223\" src=\"https:\/\/o-seznam.cz\/napoveda\/ucet\/wp-content\/uploads\/sites\/10\/2025\/11\/overeni-uctu-bankid.png\" alt=\"\" class=\"wp-image-2740\" srcset=\"https:\/\/o-seznam.cz\/napoveda\/ucet\/wp-content\/uploads\/sites\/10\/2025\/11\/overeni-uctu-bankid.png 708w, https:\/\/o-seznam.cz\/napoveda\/ucet\/wp-content\/uploads\/sites\/10\/2025\/11\/overeni-uctu-bankid-320x101.png 320w\" sizes=\"auto, (max-width: 708px) 100vw, 708px\" \/><\/figure>\n\n\n\n<p>N\u00e1sledn\u011b pokra\u010dujte procesem p\u0159ihl\u00e1\u0161en\u00ed, jak jste u sv\u00e9 banky zvykl\u00ed. \u00a0<\/p>\n\n\n\n<figure class=\"wp-block-image size-full is-resized\"><img loading=\"lazy\" decoding=\"async\" width=\"805\" height=\"715\" src=\"https:\/\/o-seznam.cz\/napoveda\/ucet\/wp-content\/uploads\/sites\/10\/2025\/11\/bankid-banky.png\" alt=\"\" class=\"wp-image-2728\" style=\"width:623px;height:auto\" srcset=\"https:\/\/o-seznam.cz\/napoveda\/ucet\/wp-content\/uploads\/sites\/10\/2025\/11\/bankid-banky.png 805w, https:\/\/o-seznam.cz\/napoveda\/ucet\/wp-content\/uploads\/sites\/10\/2025\/11\/bankid-banky-320x284.png 320w, https:\/\/o-seznam.cz\/napoveda\/ucet\/wp-content\/uploads\/sites\/10\/2025\/11\/bankid-banky-768x682.png 768w\" sizes=\"auto, (max-width: 805px) 100vw, 805px\" \/><\/figure>\n\n\n\n<p>Po \u00fasp\u011b\u0161n\u00e9m p\u0159ihl\u00e1\u0161en\u00ed se va\u0161e \u00fadaje aktualizuj\u00ed a budete p\u0159esm\u011brov\u00e1n\u00ed zp\u011bt na str\u00e1nku s va\u0161imi osobn\u00edmi \u00fadaji.\u00a0<\/p>\n\n\n\n<figure class=\"wp-block-image size-full\"><img loading=\"lazy\" decoding=\"async\" width=\"514\" height=\"319\" src=\"https:\/\/o-seznam.cz\/napoveda\/ucet\/wp-content\/uploads\/sites\/10\/2025\/11\/potrvzeni-aktualizace-overeni.png\" alt=\"\" class=\"wp-image-2742\" srcset=\"https:\/\/o-seznam.cz\/napoveda\/ucet\/wp-content\/uploads\/sites\/10\/2025\/11\/potrvzeni-aktualizace-overeni.png 514w, https:\/\/o-seznam.cz\/napoveda\/ucet\/wp-content\/uploads\/sites\/10\/2025\/11\/potrvzeni-aktualizace-overeni-320x199.png 320w\" sizes=\"auto, (max-width: 514px) 100vw, 514px\" \/><\/figure>\n\n\n\n<p>V p\u0159\u00edpad\u011b pot\u0159eby pomoci p\u0159i aktualizaci se m\u016f\u017eete obr\u00e1tit na na\u0161i <a href=\"https:\/\/o-seznam.cz\/kontakty\/\" target=\"_blank\" rel=\"noreferrer noopener\">u\u017eivatelskou podporu<\/a>.\u00a0<\/p>\n<\/div>\n","protected":false},"excerpt":{"rendered":"<p>Pokud m\u00e1te sv\u016fj Seznam \u00da\u010det ov\u011b\u0159en\u00fd pomoc\u00ed bankovn\u00ed identity MONETA Bank, je mo\u017en\u00e9, \u017ee v\u00e1m banka v minulosti vydala nov\u00fd identifik\u00e1tor bankovn\u00ed identity v r\u00e1mci zm\u011bny sv\u00fdch bankovn\u00edch syst\u00e9m\u016f. \u00a0 V takov\u00e9m p\u0159\u00edpad\u011b nebude obnova p\u0159\u00edstupu k \u00fa\u010dtu pomoc\u00ed bankovn\u00ed identity funk\u010dn\u00ed.\u00a0 Je tedy pot\u0159eba, abyste aktualizovali sv\u00e9 ov\u011b\u0159en\u00ed bankovn\u00ed identitou ve sv\u00e9m \u00da\u010dtu na [&hellip;]<\/p>\n","protected":false},"author":35,"featured_media":0,"parent":109,"menu_order":0,"comment_status":"closed","ping_status":"closed","template":"","meta":{"_acf_changed":false,"_relevanssi_hide_post":"","_relevanssi_hide_content":"","_relevanssi_pin_for_all":"","_relevanssi_pin_keywords":"","_relevanssi_unpin_keywords":"","_relevanssi_related_keywords":"","_relevanssi_related_include_ids":"","_relevanssi_related_exclude_ids":"","_relevanssi_related_no_append":"","_relevanssi_related_not_related":"","_relevanssi_related_posts":"","_relevanssi_noindex_reason":"","footnotes":""},"page_category":[],"page_tag":[],"service_status_category":[],"class_list":["post-2738","page","type-page","status-publish","hentry"],"acf":[],"lang":"cs","translations":{"cs":2738},"pll_sync_post":[],"_links":{"self":[{"href":"https:\/\/o-seznam.cz\/napoveda\/ucet\/wp-json\/wp\/v2\/pages\/2738","targetHints":{"allow":["GET"]}}],"collection":[{"href":"https:\/\/o-seznam.cz\/napoveda\/ucet\/wp-json\/wp\/v2\/pages"}],"about":[{"href":"https:\/\/o-seznam.cz\/napoveda\/ucet\/wp-json\/wp\/v2\/types\/page"}],"author":[{"embeddable":true,"href":"https:\/\/o-seznam.cz\/napoveda\/ucet\/wp-json\/wp\/v2\/users\/35"}],"replies":[{"embeddable":true,"href":"https:\/\/o-seznam.cz\/napoveda\/ucet\/wp-json\/wp\/v2\/comments?post=2738"}],"version-history":[{"count":2,"href":"https:\/\/o-seznam.cz\/napoveda\/ucet\/wp-json\/wp\/v2\/pages\/2738\/revisions"}],"predecessor-version":[{"id":2744,"href":"https:\/\/o-seznam.cz\/napoveda\/ucet\/wp-json\/wp\/v2\/pages\/2738\/revisions\/2744"}],"up":[{"embeddable":true,"href":"https:\/\/o-seznam.cz\/napoveda\/ucet\/wp-json\/wp\/v2\/pages\/109"}],"wp:attachment":[{"href":"https:\/\/o-seznam.cz\/napoveda\/ucet\/wp-json\/wp\/v2\/media?parent=2738"}],"wp:term":[{"taxonomy":"page_category","embeddable":true,"href":"https:\/\/o-seznam.cz\/napoveda\/ucet\/wp-json\/wp\/v2\/page_category?post=2738"},{"taxonomy":"page_tag","embeddable":true,"href":"https:\/\/o-seznam.cz\/napoveda\/ucet\/wp-json\/wp\/v2\/page_tag?post=2738"},{"taxonomy":"service_status_category","embeddable":true,"href":"https:\/\/o-seznam.cz\/napoveda\/ucet\/wp-json\/wp\/v2\/service_status_category?post=2738"}],"curies":[{"name":"wp","href":"https:\/\/api.w.org\/{rel}","templated":true}]}}