{"id":2496,"date":"2025-09-24T13:34:59","date_gmt":"2025-09-24T11:34:59","guid":{"rendered":"https:\/\/o-seznam.cz\/napoveda\/ucet\/?page_id=2496"},"modified":"2025-10-24T13:55:49","modified_gmt":"2025-10-24T11:55:49","slug":"smluvni-podminky-pro-predplatne-autoru","status":"publish","type":"page","link":"https:\/\/o-seznam.cz\/napoveda\/ucet\/registrace\/smluvni-podminky\/smluvni-podminky-pro-predplatne-autoru\/","title":{"rendered":"Smluvn\u00ed podm\u00ednky pro P\u0159edplatn\u00e9 autor\u016f"},"content":{"rendered":"\n<p>I.<\/p>\n\n\n\n<p>1. Tyto smluvn\u00ed podm\u00ednky pro P\u0159edplatn\u00e9 autor\u016f se u\u017eij\u00ed na smluvn\u00ed vztah mezi Provozovatelem a U\u017eivatelem, kter\u00e9mu Provozovatel poskytne p\u0159\u00edstup k obsahu autora, kter\u00fd autor podm\u00ednil platbou, p\u0159i\u010dem\u017e smluvn\u00ed podm\u00ednky stanovuj\u00ed souvisej\u00edc\u00ed pr\u00e1va a povinnosti zejm\u00e9na ve vztahu k podm\u00ednk\u00e1m platby (d\u00e1le jen \u201ePodm\u00ednky pro P\u0159edplatn\u00e9 autor\u016f\u201c).<br><br>2. Provozovatel si na vybran\u00fdch Slu\u017eb\u00e1ch, kter\u00e9 provozuje, vyhrazuje pr\u00e1vo, aby autor obsahu stanovil p\u0159\u00edstup k vymezen\u00e9mu obsahu pouze za platbu (d\u00e1le jen \u201eP\u0159edplatn\u00e9 autor\u016f\u201c), pokud bude tato funkcionalita p\u0159\u00edslu\u0161nou Slu\u017ebou z\u0159\u00edzena.<br><br>3. Provozovatel platbu pouze zprost\u0159edkov\u00e1v\u00e1, nen\u00ed v pozici prod\u00e1vaj\u00edc\u00edho P\u0159edplatn\u00e9ho autor\u016f, p\u0159i\u010dem\u017e z tohoto d\u016fvodu neodpov\u00edd\u00e1 za p\u0159\u00edpadn\u00e9 vady P\u0159edplatn\u00e9ho autor\u016f. <\/p>\n\n\n\n<p>4. Platba za P\u0159edplatn\u00e9 autor\u016f je stanovena formou m\u011bs\u00ed\u010dn\u00edho p\u0159edplatn\u00e9ho s automatick\u00fdm prodlu\u017eov\u00e1n\u00edm (d\u00e1le jen \u201eP\u0159edplatn\u00e9\u201c). Platba za P\u0159edplatn\u00e9 autor\u016f umo\u017e\u0148uje U\u017eivateli p\u0159\u00edstup k P\u0159edplatn\u00e9mu autor\u016f po dobu trv\u00e1n\u00ed P\u0159edplatn\u00e9ho.<br><br>5. Od P\u0159edplatn\u00e9ho budou p\u0159ed jeho v\u00fdplatou autorovi ode\u010dteny n\u00e1klady Provozovatele za zprost\u0159edkov\u00e1n\u00ed P\u0159edplatn\u00e9ho autor\u016f (d\u00e1le \u201eprovize za zprost\u0159edkov\u00e1n\u00ed P\u0159edplatn\u00e9ho autor\u016f\u201c), jej\u00ed\u017e v\u00fd\u0161e \u010din\u00ed 15 % z P\u0159edplatn\u00e9ho v\u010detn\u011b DPH v z\u00e1konn\u00e9 v\u00fd\u0161i. <br><br>6. Provozovatel vr\u00e1t\u00ed U\u017eivateli platbu po ode\u010dten\u00ed provize za zprost\u0159edkov\u00e1n\u00ed P\u0159edplatn\u00e9ho autor\u016f, pokud se autorovi bez zavin\u011bn\u00ed Provozovatele nepoda\u0159ilo tuto \u010d\u00e1stku pouk\u00e1zat na jeho bankovn\u00ed \u00fa\u010det.<br><br>7. Provozovatel zp\u0159\u00edstupn\u00ed U\u017eivateli P\u0159edplatn\u00e9 autor\u016f bez zbyte\u010dn\u00e9ho odkladu pot\u00e9 co eviduje platbu za P\u0159edplatn\u00e9 prost\u0159ednictv\u00edm Provozovatele stanoven\u00e9 platebn\u00ed br\u00e1ny.<br><br>8. P\u0159edplatn\u00e9 je aktivn\u00ed od okam\u017eiku, kdy U\u017eivatel P\u0159edplatn\u00e9 autor\u016f objedn\u00e1 a z\u00e1rove\u0148 ho i zaplat\u00ed, a kon\u010d\u00ed uplynut\u00edm p\u0159edplacen\u00e9ho obdob\u00ed.<br><br>9. Po uplynut\u00ed P\u0159edplatn\u00e9ho doch\u00e1z\u00ed k jeho automatick\u00e9mu prodlou\u017een\u00ed o stejn\u00e9 obdob\u00ed, na kter\u00e9 bylo P\u0159edplatn\u00e9 objedn\u00e1no, a to i opakovan\u011b.<br><br>10. P\u0159edplatn\u00e9 je mo\u017en\u00e9 zru\u0161it kdykoli v rozhran\u00ed \u00fa\u010dtu U\u017eivatele, a to nejpozd\u011bji 24 hodin p\u0159ed jeho automatick\u00fdm prodlou\u017een\u00edm.<br><br>11. Pokud U\u017eivatel ukon\u010d\u00ed P\u0159edplatn\u00e9 (ukon\u010d\u00ed automatick\u00e9 prodlou\u017een\u00ed), plat\u00ed, \u017ee U\u017eivatel je opr\u00e1vn\u011bn u\u017e\u00edvat P\u0159edplatn\u00e9 autor\u016f do konce p\u0159edplacen\u00e9ho obdob\u00ed.<br><br>12. V p\u0159\u00edpad\u011b zru\u0161en\u00ed P\u0159edplatn\u00e9ho ze strany U\u017eivatele p\u0159ed uplynut\u00edm p\u0159edplacen\u00e9ho obdob\u00ed, Provozovatel uhrazen\u00e9 P\u0159edplatn\u00e9 nevrac\u00ed, U\u017eivatel P\u0159edplatn\u00e9 \u010derp\u00e1 do doby, kterou si objednal a uhradil.<br><br>13. Provozovatel U\u017eivatel\u016fm nevystavuje na P\u0159edplatn\u00e9 \u017e\u00e1dnou fakturu \u010di da\u0148ov\u00fd doklad. K tomuto je povinen z hlediska \u00fa\u010detn\u00edch a da\u0148ov\u00fdch p\u0159edpis\u016f s\u00e1m autor, jeho\u017e P\u0159edplatn\u00e9 autor\u016f je um\u00edst\u011bno na vybran\u00fdch Slu\u017eb\u00e1ch Provozovatele.<br><br>14. Po proveden\u00ed platby P\u0159edplatn\u00e9ho a v r\u00e1mci ka\u017ed\u00e9ho prodlou\u017een\u00ed P\u0159edplatn\u00e9ho bude U\u017eivateli dostupn\u00e1 informace o proveden\u00e9 platb\u011b v rozhran\u00ed \u00fa\u010dtu U\u017eivatele.<br><br>15. Provozovatel neodpov\u00edd\u00e1 za dostupnost platebn\u00edch metod na v\u0161ech platform\u00e1ch a za\u0159\u00edzen\u00edch. Odpov\u011bdnost za pr\u016fb\u011bh transakc\u00ed nese v\u00fdhradn\u011b poskytovatel platebn\u00edch slu\u017eeb.<br><br>16. Pokud Provozovatel P\u0159edplatn\u00e9 autor\u016f odstran\u00ed nebo omez\u00ed, a to z d\u016fvodu jeho rozporu se zvl\u00e1\u0161tn\u00edmi smluvn\u00edmi podm\u00ednkami nebo pro rozpor s pr\u00e1vn\u00edmi p\u0159edpisy, P\u0159edplatn\u00e9 se nevrac\u00ed (a to ani jeho pom\u011brn\u00e1 \u010d\u00e1st).<\/p>\n\n\n\n<p>II.<\/p>\n\n\n\n<p>1. Provozovatel si vyhrazuje pr\u00e1vo v p\u0159im\u011b\u0159en\u00e9m rozsahu jednostrann\u011b tyto Podm\u00ednky pro P\u0159edplatn\u00e9 autor\u016f zm\u011bnit, zejm\u00e9na p\u0159i zm\u011bn\u011b legislativy, technick\u00e9 zm\u011bn\u011b Slu\u017eeb \u010di v p\u0159\u00edpad\u011b zm\u011bny provozn\u00edch, organiza\u010dn\u00edch \u010di obchodn\u00edch proces\u016f u Provozovatele. Provozovatel ozn\u00e1m\u00ed zm\u011bnu U\u017eivateli prost\u0159ednictv\u00edm rozhran\u00ed Slu\u017eby nebo e-mailem minim\u00e1ln\u011b 15 dn\u016f p\u0159ed \u00fa\u010dinnost\u00ed t\u00e9to zm\u011bny. U\u017eivatel m\u00e1 pr\u00e1vo odm\u00edtnout zm\u011bnu Podm\u00ednek pro P\u0159edplatn\u00e9 autor\u016f a v takov\u00e9m p\u0159\u00edpad\u011b zru\u0161it p\u0159\u00edstup k P\u0159edplatn\u00e9mu autor\u016f. Pokud U\u017eivatel u\u017e\u00edv\u00e1 po \u00fa\u010dinnosti zm\u011bny Podm\u00ednek pro P\u0159edplatn\u00e9 autor\u016f i nad\u00e1le P\u0159edplatn\u00e9 autor\u016f, m\u00e1 se za to, \u017ee t\u00edm p\u0159ij\u00edm\u00e1 zm\u011bnu Podm\u00ednek pro P\u0159edplatn\u00e9 autor\u016f.<\/p>\n\n\n\n<p>Tyto Podm\u00ednky nab\u00fdvaj\u00ed platnosti a \u00fa\u010dinnosti dne 3.11.2025.<\/p>\n","protected":false},"excerpt":{"rendered":"<p>I. 1. Tyto smluvn\u00ed podm\u00ednky pro P\u0159edplatn\u00e9 autor\u016f se u\u017eij\u00ed na smluvn\u00ed vztah mezi Provozovatelem a U\u017eivatelem, kter\u00e9mu Provozovatel poskytne p\u0159\u00edstup k obsahu autora, kter\u00fd autor podm\u00ednil platbou, p\u0159i\u010dem\u017e smluvn\u00ed podm\u00ednky stanovuj\u00ed souvisej\u00edc\u00ed pr\u00e1va a povinnosti zejm\u00e9na ve vztahu k podm\u00ednk\u00e1m platby (d\u00e1le jen \u201ePodm\u00ednky pro P\u0159edplatn\u00e9 autor\u016f\u201c). 2. Provozovatel si na vybran\u00fdch Slu\u017eb\u00e1ch, kter\u00e9 [&hellip;]<\/p>\n","protected":false},"author":35,"featured_media":0,"parent":1042,"menu_order":0,"comment_status":"closed","ping_status":"closed","template":"","meta":{"_acf_changed":false,"_relevanssi_hide_post":"","_relevanssi_hide_content":"","_relevanssi_pin_for_all":"","_relevanssi_pin_keywords":"","_relevanssi_unpin_keywords":"","_relevanssi_related_keywords":"","_relevanssi_related_include_ids":"","_relevanssi_related_exclude_ids":"","_relevanssi_related_no_append":"","_relevanssi_related_not_related":"","_relevanssi_related_posts":"","_relevanssi_noindex_reason":"","footnotes":""},"page_category":[24],"page_tag":[],"service_status_category":[],"class_list":["post-2496","page","type-page","status-publish","hentry"],"acf":[],"lang":"cs","translations":{"cs":2496},"pll_sync_post":[],"_links":{"self":[{"href":"https:\/\/o-seznam.cz\/napoveda\/ucet\/wp-json\/wp\/v2\/pages\/2496","targetHints":{"allow":["GET"]}}],"collection":[{"href":"https:\/\/o-seznam.cz\/napoveda\/ucet\/wp-json\/wp\/v2\/pages"}],"about":[{"href":"https:\/\/o-seznam.cz\/napoveda\/ucet\/wp-json\/wp\/v2\/types\/page"}],"author":[{"embeddable":true,"href":"https:\/\/o-seznam.cz\/napoveda\/ucet\/wp-json\/wp\/v2\/users\/35"}],"replies":[{"embeddable":true,"href":"https:\/\/o-seznam.cz\/napoveda\/ucet\/wp-json\/wp\/v2\/comments?post=2496"}],"version-history":[{"count":6,"href":"https:\/\/o-seznam.cz\/napoveda\/ucet\/wp-json\/wp\/v2\/pages\/2496\/revisions"}],"predecessor-version":[{"id":2602,"href":"https:\/\/o-seznam.cz\/napoveda\/ucet\/wp-json\/wp\/v2\/pages\/2496\/revisions\/2602"}],"up":[{"embeddable":true,"href":"https:\/\/o-seznam.cz\/napoveda\/ucet\/wp-json\/wp\/v2\/pages\/1042"}],"wp:attachment":[{"href":"https:\/\/o-seznam.cz\/napoveda\/ucet\/wp-json\/wp\/v2\/media?parent=2496"}],"wp:term":[{"taxonomy":"page_category","embeddable":true,"href":"https:\/\/o-seznam.cz\/napoveda\/ucet\/wp-json\/wp\/v2\/page_category?post=2496"},{"taxonomy":"page_tag","embeddable":true,"href":"https:\/\/o-seznam.cz\/napoveda\/ucet\/wp-json\/wp\/v2\/page_tag?post=2496"},{"taxonomy":"service_status_category","embeddable":true,"href":"https:\/\/o-seznam.cz\/napoveda\/ucet\/wp-json\/wp\/v2\/service_status_category?post=2496"}],"curies":[{"name":"wp","href":"https:\/\/api.w.org\/{rel}","templated":true}]}}