{"id":2254,"date":"2025-07-18T09:04:32","date_gmt":"2025-07-18T07:04:32","guid":{"rendered":"https:\/\/o-seznam.cz\/napoveda\/ucet\/?page_id=2254"},"modified":"2025-10-09T18:09:58","modified_gmt":"2025-10-09T16:09:58","slug":"nastaveni-personalizace-v-ramci-registrace-seznam-uctu","status":"publish","type":"page","link":"https:\/\/o-seznam.cz\/napoveda\/ucet\/registrace\/nastaveni-personalizace-v-ramci-registrace-seznam-uctu\/","title":{"rendered":"Nastaven\u00ed personalizace v r\u00e1mci registrace Seznam \u00fa\u010dtu"},"content":{"rendered":"\n<p>Na z\u00e1v\u011br registrace Seznam \u00fa\u010dtu si m\u016f\u017eete vybrat, zda chcete rovnou p\u0159ej\u00edt na n\u011bkterou ze slu\u017eeb Seznamu, nebo si nejprve nastavit, co v\u00e1s zaj\u00edm\u00e1.<br><br>Zad\u00e1n\u00edm preferenc\u00ed, jako je zp\u016fsob osloven\u00ed, v\u011bkov\u00e1 skupina \u010di oblasti z\u00e1jmu, si p\u0159izp\u016fsob\u00edte obsah na\u0161ich slu\u017eeb tak, aby pro v\u00e1s byl co nejrelevantn\u011bj\u0161\u00ed. Tyto \u00fadaje n\u00e1sledn\u011b pom\u00e1haj\u00ed l\u00e9pe p\u0159izp\u016fsobit obsah i doporu\u010den\u00ed na na\u0161ich webech.<\/p>\n\n\n\n<p>Nastaven\u00ed pohlav\u00ed bude ulo\u017eeno ve va\u0161em Seznam \u00fa\u010dtu. Informace o v\u011bkov\u00e9 kategorii a z\u00e1jmech pou\u017e\u00edv\u00e1me pro vytvo\u0159en\u00ed profilu pro <a href=\"https:\/\/o-seznam.cz\/pravni-informace\/personalizace\/\" data-type=\"link\" data-id=\"https:\/\/o-seznam.cz\/pravni-informace\/personalizace\/\">personalizovan\u00fd obsah a reklamu<\/a>, pokud od v\u00e1s m\u00e1me v\u00fdslovn\u00fd <a href=\"https:\/\/o-seznam.cz\/napoveda\/ucet\/data-a-personalizace\/souhlas\/\" data-type=\"link\" data-id=\"https:\/\/o-seznam.cz\/napoveda\/ucet\/data-a-personalizace\/souhlas\/\">souhlas s personalizac\u00ed<\/a>.<\/p>\n\n\n\n<figure class=\"wp-block-image size-full is-resized\"><img loading=\"lazy\" decoding=\"async\" width=\"714\" height=\"745\" src=\"https:\/\/o-seznam.cz\/napoveda\/ucet\/wp-content\/uploads\/sites\/10\/2025\/07\/dobrosocdemo-zajmy.png\" alt=\"\" class=\"wp-image-2258\" style=\"width:526px;height:auto\" srcset=\"https:\/\/o-seznam.cz\/napoveda\/ucet\/wp-content\/uploads\/sites\/10\/2025\/07\/dobrosocdemo-zajmy.png 714w, https:\/\/o-seznam.cz\/napoveda\/ucet\/wp-content\/uploads\/sites\/10\/2025\/07\/dobrosocdemo-zajmy-307x320.png 307w\" sizes=\"auto, (max-width: 714px) 100vw, 714px\" \/><\/figure>\n\n\n\n<p><\/p>\n","protected":false},"excerpt":{"rendered":"<p>Na z\u00e1v\u011br registrace Seznam \u00fa\u010dtu si m\u016f\u017eete vybrat, zda chcete rovnou p\u0159ej\u00edt na n\u011bkterou ze slu\u017eeb Seznamu, nebo si nejprve nastavit, co v\u00e1s zaj\u00edm\u00e1. Zad\u00e1n\u00edm preferenc\u00ed, jako je zp\u016fsob osloven\u00ed, v\u011bkov\u00e1 skupina \u010di oblasti z\u00e1jmu, si p\u0159izp\u016fsob\u00edte obsah na\u0161ich slu\u017eeb tak, aby pro v\u00e1s byl co nejrelevantn\u011bj\u0161\u00ed. Tyto \u00fadaje n\u00e1sledn\u011b pom\u00e1haj\u00ed l\u00e9pe p\u0159izp\u016fsobit obsah i [&hellip;]<\/p>\n","protected":false},"author":35,"featured_media":0,"parent":82,"menu_order":0,"comment_status":"closed","ping_status":"closed","template":"","meta":{"_acf_changed":false,"_relevanssi_hide_post":"","_relevanssi_hide_content":"","_relevanssi_pin_for_all":"","_relevanssi_pin_keywords":"","_relevanssi_unpin_keywords":"","_relevanssi_related_keywords":"","_relevanssi_related_include_ids":"","_relevanssi_related_exclude_ids":"","_relevanssi_related_no_append":"","_relevanssi_related_not_related":"","_relevanssi_related_posts":"","_relevanssi_noindex_reason":"","footnotes":""},"page_category":[24],"page_tag":[],"service_status_category":[],"class_list":["post-2254","page","type-page","status-publish","hentry"],"acf":[],"lang":"cs","translations":{"cs":2254,"en":2271},"pll_sync_post":[],"_links":{"self":[{"href":"https:\/\/o-seznam.cz\/napoveda\/ucet\/wp-json\/wp\/v2\/pages\/2254","targetHints":{"allow":["GET"]}}],"collection":[{"href":"https:\/\/o-seznam.cz\/napoveda\/ucet\/wp-json\/wp\/v2\/pages"}],"about":[{"href":"https:\/\/o-seznam.cz\/napoveda\/ucet\/wp-json\/wp\/v2\/types\/page"}],"author":[{"embeddable":true,"href":"https:\/\/o-seznam.cz\/napoveda\/ucet\/wp-json\/wp\/v2\/users\/35"}],"replies":[{"embeddable":true,"href":"https:\/\/o-seznam.cz\/napoveda\/ucet\/wp-json\/wp\/v2\/comments?post=2254"}],"version-history":[{"count":3,"href":"https:\/\/o-seznam.cz\/napoveda\/ucet\/wp-json\/wp\/v2\/pages\/2254\/revisions"}],"predecessor-version":[{"id":2510,"href":"https:\/\/o-seznam.cz\/napoveda\/ucet\/wp-json\/wp\/v2\/pages\/2254\/revisions\/2510"}],"up":[{"embeddable":true,"href":"https:\/\/o-seznam.cz\/napoveda\/ucet\/wp-json\/wp\/v2\/pages\/82"}],"wp:attachment":[{"href":"https:\/\/o-seznam.cz\/napoveda\/ucet\/wp-json\/wp\/v2\/media?parent=2254"}],"wp:term":[{"taxonomy":"page_category","embeddable":true,"href":"https:\/\/o-seznam.cz\/napoveda\/ucet\/wp-json\/wp\/v2\/page_category?post=2254"},{"taxonomy":"page_tag","embeddable":true,"href":"https:\/\/o-seznam.cz\/napoveda\/ucet\/wp-json\/wp\/v2\/page_tag?post=2254"},{"taxonomy":"service_status_category","embeddable":true,"href":"https:\/\/o-seznam.cz\/napoveda\/ucet\/wp-json\/wp\/v2\/service_status_category?post=2254"}],"curies":[{"name":"wp","href":"https:\/\/api.w.org\/{rel}","templated":true}]}}