{"id":192,"date":"2024-10-13T02:42:44","date_gmt":"2024-10-13T00:42:44","guid":{"rendered":"https:\/\/o-seznam.cz\/napoveda\/ucet\/?page_id=192"},"modified":"2025-03-06T14:43:16","modified_gmt":"2025-03-06T13:43:16","slug":"bezpecne-chovani","status":"publish","type":"page","link":"https:\/\/o-seznam.cz\/napoveda\/ucet\/zasady-bezpecnosti\/bezpecne-chovani\/","title":{"rendered":"Bezpe\u010dn\u00e9 chov\u00e1n\u00ed na internetu"},"content":{"rendered":"\n<div class=\"wp-block-group is-layout-constrained wp-block-group-is-layout-constrained\"><nav class=\"menu-anchors\">\n<ul>\n\t<li><a href=\"#bezpecne-heslo\">Pou\u017e\u00edvejte bezpe\u010dn\u00e9 heslo<\/a><\/li>\n<li><a href=\"#nesdelujte-sve-udaje\">Nikdy nikomu nesd\u011blujte sv\u00e9 soukrom\u00e9 \u00fadaje, hesla nebo PIN k\u00f3dy<\/a><\/li>\n<li><a href=\"#odkazy-a-adresni-radek\">V\u011bnujte pozornost odkaz\u016fm a adresn\u00edmu \u0159\u00e1dku<\/a><\/li>\n<li><a href=\"#informujte-se\">Informujte se o nebezpe\u010d\u00ed<\/a><\/li>\n<\/ul>\n\n<\/nav>\n<\/div>\n\n\n\n<div class=\"wp-block-group is-layout-constrained wp-block-group-is-layout-constrained\">\n<p>Bezpe\u010dnost na internetu je d\u016fle\u017eit\u00e1. P\u0159ipravili jsme pro v\u00e1s v n\u011bkolika bodech z\u00e1kladn\u00ed pravidla, jejich\u017e dodr\u017eov\u00e1n\u00ed znamen\u00e1 vy\u0161\u0161\u00ed \u0161anci, \u017ee se vyhnete \u010d\u00edhaj\u00edc\u00edmu nebezpe\u010d\u00ed online.<\/p>\n<\/div>\n\n\n\n<div class=\"wp-block-group is-layout-constrained wp-block-group-is-layout-constrained\">\n<h2 class=\"wp-block-heading\" id=\"bezpecne-heslo\">Pou\u017e\u00edvejte bezpe\u010dn\u00e9 heslo<\/h2>\n\n\n\n<ul class=\"wp-block-list\">\n<li>Pou\u017e\u00edvejte n\u00e1hodn\u00e1 hesla, kter\u00e1 nemaj\u00ed p\u0159\u00edm\u00e9 spojen\u00ed s va\u0161\u00ed osobou a va\u0161e okol\u00ed je nem\u016f\u017ee uhodnout<\/li>\n\n\n\n<li>Heslo pro e-mailovou schr\u00e1nku nepou\u017e\u00edvejte nikde jinde. E-mailov\u00e1 schr\u00e1nka je br\u00e1nou i k va\u0161im dal\u0161\u00edm online \u00fa\u010dt\u016fm a citliv\u00fdm informac\u00edm<\/li>\n\n\n\n<li>V ide\u00e1ln\u00edm p\u0159\u00edpad\u011b pou\u017e\u00edvejte na ka\u017ed\u00e9 slu\u017eb\u011b zcela unik\u00e1tn\u00ed heslo; hesla ulo\u017ete do vybran\u00e9ho spr\u00e1vce hesel, kter\u00fd je bude p\u0159i p\u0159ihla\u0161ov\u00e1n\u00ed automaticky vypl\u0148ovat. Sv\u00fdm online \u00fa\u010dt\u016fm tak m\u016f\u017eete siln\u00e1, nejl\u00e9pe n\u00e1hodn\u011b generovan\u00e1, hesla, kter\u00e1 byste si jinak t\u011b\u017eko pamatovali<\/li>\n<\/ul>\n\n\n\n<div class=\"wp-block-seznam-box is-layout-flow wp-block-seznam-box-is-layout-flow\">\n<p>P\u0159e\u010dt\u011bte si n\u00e1\u0161 \u010dl\u00e1nek <a href=\"https:\/\/o-seznam.cz\/napoveda\/ucet\/zabezpeceni-uctu\/bezpecne-heslo\/\" data-type=\"page\" data-id=\"135\">Bezpe\u010dn\u00e9 heslo<\/a>, kde se dozv\u00edte, jak\u00e9 si zvolit heslo, jak ho bezpe\u010dn\u011b pou\u017e\u00edvat, co je to spr\u00e1vce hesel a mnoho dal\u0161\u00edho.<\/p>\n<\/div>\n<\/div>\n\n\n\n<div class=\"wp-block-group is-layout-constrained wp-block-group-is-layout-constrained\">\n<h2 class=\"wp-block-heading\" id=\"nesdelujte-sve-udaje\">Nikdy nikomu nesd\u011blujte sv\u00e9 soukrom\u00e9 \u00fadaje, hesla nebo PIN k\u00f3dy<\/h2>\n\n\n\n<p>P\u0159i u\u017e\u00edv\u00e1n\u00ed elektronick\u00e9 po\u0161ty a soci\u00e1ln\u00edch s\u00edt\u00ed se \u010dasto m\u016f\u017eete setkat s \u017e\u00e1dost\u00ed o zasl\u00e1n\u00ed va\u0161ich osobn\u00edch \u00fadaj\u016f, a\u0165 ji\u017e p\u0159\u00edmo u\u017eivatelsk\u00e9ho jm\u00e9na a hesla nebo PIN k\u00f3du z SMS. Takov\u00e1 \u017e\u00e1dost b\u00fdv\u00e1 mnohdy &#8222;oko\u0159en\u011bna\u201c v\u00edce \u010di m\u00e9n\u011b uv\u011b\u0159iteln\u00fdm p\u0159\u00edb\u011bhem o tom, z jak\u00e9ho d\u016fvodu a pro\u010d je naprosto nezbytn\u00e9 se \u0159\u00eddit popisovan\u00fdmi kroky a \u00fadaje poskytnout.<\/p>\n\n\n\n<p>Pokud se dostanete do takov\u00e9 situace, je nutn\u00e9 si uv\u011bdomit, \u017ee \u017e\u00e1dn\u00fd d\u016fv\u011bryhodn\u00fd poskytovatel slu\u017eeb podobnou \u017e\u00e1dost nikdy nevyslov\u00ed a automaticky tak m\u016f\u017eete \u017e\u00e1dost pova\u017eovat za neopr\u00e1vn\u011bnou.<\/p>\n\n\n\n<h3 class=\"wp-block-heading\">Jak reagovat na zpr\u00e1vu s \u017e\u00e1dost\u00ed o posl\u00e1n\u00ed \u010di zad\u00e1n\u00ed hesla?<\/h3>\n\n\n\n<ul class=\"wp-block-list\">\n<li>Ignorujte obsah a pokyny ve zpr\u00e1v\u011b obsa\u017een\u00e9<\/li>\n\n\n\n<li>Informujte spr\u00e1vu\/podporu serveru, ze kter\u00e9ho zpr\u00e1va p\u0159i\u0161la, o t\u00e9to ud\u00e1losti<\/li>\n\n\n\n<li>Zpr\u00e1vu odstra\u0148te a odes\u00edlateli neodpov\u00eddejte<\/li>\n<\/ul>\n\n\n\n<p>Pro u\u017eivatele internetu, kte\u0159\u00ed se s podobnou situac\u00ed je\u0161t\u011b nesetkali, n\u00ed\u017ee uv\u00e1d\u00edme p\u0159\u00edklad takov\u00e9 fale\u0161n\u00e9 zpr\u00e1vy:<\/p>\n\n\n\n<figure class=\"wp-block-image size-full\"><img loading=\"lazy\" decoding=\"async\" width=\"569\" height=\"392\" src=\"https:\/\/o-seznam.cz\/napoveda\/ucet\/wp-content\/uploads\/sites\/10\/2024\/10\/fake-phishing.png\" alt=\"\" class=\"wp-image-544\" srcset=\"https:\/\/o-seznam.cz\/napoveda\/ucet\/wp-content\/uploads\/sites\/10\/2024\/10\/fake-phishing.png 569w, https:\/\/o-seznam.cz\/napoveda\/ucet\/wp-content\/uploads\/sites\/10\/2024\/10\/fake-phishing-320x220.png 320w\" sizes=\"auto, (max-width: 569px) 100vw, 569px\" \/><\/figure>\n\n\n\n<h3 class=\"wp-block-heading\">N\u011bkdo v\u00e1s \u017e\u00e1d\u00e1 o sd\u011blen\u00ed PIN k\u00f3du z SMS, kterou jste zni\u010dehonic obdr\u017eeli?<\/h3>\n\n\n\n<p>Pozorn\u011b si p\u0159e\u010dt\u011bte do\u0161lou SMS zpr\u00e1vu, je v n\u00ed obvykle naps\u00e1no, k jak\u00e9mu \u00fa\u010delu byl PIN k\u00f3d zasl\u00e1n, nap\u0159.:<\/p>\n\n\n\n<p><em>Hezky den. Vas autorizacni kod pro obnovu hesla je XXXX.<\/em> <\/p>\n\n\n\n<p><em>Platnost kodu je 5 min. S pozdravem vas Seznam.cz<\/em><\/p>\n\n\n\n<p>Z textu SMS je jasn\u00e9, \u017ee se jedn\u00e1 o PIN k\u00f3d pro obnovu hesla. Pokud v\u00e1m takov\u00e1 SMS p\u0159i\u0161la bez jak\u00e9koliv akce z va\u0161\u00ed strany a n\u00e1hle se ozve kdokoli, kdo v\u00e1s \u017e\u00e1d\u00e1 o sd\u011blen\u00ed tohoto PIN k\u00f3du, je nadm\u00edru jasn\u00e9, \u017ee se pokou\u0161\u00ed ukr\u00e1st v\u00e1\u0161 Seznam \u00fa\u010det. Rozhodn\u011b nesd\u011blujte jak\u00e9koli PIN k\u00f3dy, autoriza\u010dn\u00ed k\u00f3dy, odkazy pro ov\u011b\u0159en\u00ed nikomu, kdo v\u00e1s o to po\u017e\u00e1d\u00e1.<\/p>\n<\/div>\n\n\n\n<div class=\"wp-block-group is-layout-constrained wp-block-group-is-layout-constrained\">\n<h2 class=\"wp-block-heading\" id=\"odkazy-a-adresni-radek\">V\u011bnujte pozornost odkaz\u016fm a adresn\u00edmu \u0159\u00e1dku<\/h2>\n\n\n\n<p>Jednou z obl\u00edben\u00fdch metod, jak \u0159\u00e1dn\u00e9 u\u017eivatele p\u0159ipravit o p\u0159\u00edstupov\u00e9 \u00fadaje, je podstr\u010den\u00ed fale\u0161n\u00fdch str\u00e1nek. Takov\u00fd fale\u0161n\u00fd odkaz v\u00e1m m\u016f\u017ee p\u0159ij\u00edt t\u0159eba v e-mailov\u00e9 zpr\u00e1v\u011b, objevit se na internetu apod. P\u0159ed i po otev\u0159en\u00ed odkazu z e-mailov\u00e9 zpr\u00e1vy je vhodn\u00e9 si zkontrolovat adresu str\u00e1nky.<\/p>\n\n\n\n<h3 class=\"wp-block-heading\">1. Kontrolujte odkazy v do\u0161l\u00e9 zpr\u00e1v\u011b je\u0161t\u011b p\u0159ed otev\u0159en\u00edm<\/h3>\n\n\n\n<p>Pokud ve webov\u00e9m rozhran\u00ed e-mailov\u00e9 schr\u00e1nky najedete my\u0161\u00ed nad odkaz, ve spodn\u00ed \u010d\u00e1sti internetov\u00e9ho prohl\u00ed\u017ee\u010de uvid\u00edte li\u0161tu zobrazuj\u00edc\u00ed, kam dan\u00fd odkaz vede. Je dobr\u00e9 se tak p\u0159esv\u011bd\u010dit, \u017ee odkaz nevede na podez\u0159el\u00e9 adresy je\u0161t\u011b p\u0159ed otev\u0159en\u00edm.<\/p>\n\n\n\n<figure class=\"wp-block-image size-full\"><img loading=\"lazy\" decoding=\"async\" width=\"695\" height=\"112\" src=\"https:\/\/o-seznam.cz\/napoveda\/ucet\/wp-content\/uploads\/sites\/10\/2024\/10\/cil-odkazu-1.png\" alt=\"\" class=\"wp-image-545\" srcset=\"https:\/\/o-seznam.cz\/napoveda\/ucet\/wp-content\/uploads\/sites\/10\/2024\/10\/cil-odkazu-1.png 695w, https:\/\/o-seznam.cz\/napoveda\/ucet\/wp-content\/uploads\/sites\/10\/2024\/10\/cil-odkazu-1-320x52.png 320w\" sizes=\"auto, (max-width: 695px) 100vw, 695px\" \/><\/figure>\n\n\n\n<p>Pamatujte, \u017ee odkaz m\u016f\u017ee m\u00edt jin\u00fd text, ne\u017e je jeho c\u00edl. Nap\u0159\u00edklad, odkaz www.zmrzlinaonline.cz nevede na str\u00e1nku s t\u00edmto n\u00e1zvem, by\u0165 by se tak mohlo d\u00e1t. Stejn\u011b tak v\u00e1s odkaz s textem www.seznam.cz m\u016f\u017ee nasm\u011brovat t\u0159eba na adresu www.seznem.cz, na kterou um\u00edst\u00ed \u00fato\u010dn\u00edk sv\u00e9 podvodn\u00e9 p\u0159ihla\u0161ov\u00e1n\u00ed. Rozd\u00edl je mal\u00fd a nemus\u00edte jej na prvn\u00ed pohled vid\u011bt.<\/p>\n\n\n\n<h3 class=\"wp-block-heading\">2. Po otev\u0159en\u00ed odkazu zkontrolujte adresu v adresn\u00edm \u0159\u00e1dku<\/h3>\n\n\n\n<p>P\u0159ed p\u0159ihla\u0161ov\u00e1n\u00edm na internetu si v\u017edy zkontrolujte adresu str\u00e1nky, na n\u00ed\u017e se nach\u00e1z\u00edte. E-mailov\u00e1 schr\u00e1nka pak po\u017e\u00e1d\u00e1 o kontrolu odkazu, kter\u00fd otev\u00edr\u00e1te ve zpr\u00e1v\u011b do\u0161l\u00e9 do slo\u017eky Spam (v\u00edce v \u010dl\u00e1nku Nebezpe\u010dn\u00e9 odkazy v sekci Email.cz).<\/p>\n\n\n\n<ul class=\"wp-block-list\">\n<li>V\u017edy, kdy\u017e se m\u00e1te p\u0159ihl\u00e1sit nebo zadat sv\u00e9 osobn\u00ed \u00fadaje, zkontrolujte, \u017ee v adresn\u00edm \u0159\u00e1dku je spr\u00e1vn\u00e1 adresa:\n<ul class=\"wp-block-list\">\n<li>Ta by v dne\u0161n\u00ed dob\u011b m\u011bla b\u00fdt zabezpe\u010dena platn\u00fdm certifik\u00e1tem a za\u010d\u00ednat HTTPS. V adresn\u00edm \u0159\u00e1dku prohl\u00ed\u017ee\u010de \u010dasto najdete symbol z\u00e1mku, kliknut\u00edm na n\u011bj zobraz\u00edte informace o entit\u011b, kter\u00e9 byl certifik\u00e1t vyd\u00e1n \u2013 nap\u0159. na t\u00e9to str\u00e1nce je to n\u00e1zev napoveda.seznam.cz<\/li>\n\n\n\n<li>Do slu\u017eeb Seznam.cz se budete nej\u010dast\u011bji p\u0159ihla\u0161ovat p\u0159es str\u00e1nku https:\/\/login.szn.cz\/<\/li>\n<\/ul>\n<\/li>\n\n\n\n<li>Pokud jste nevyvolali p\u0159ihl\u00e1\u0161en\u00ed sami (nap\u0159\u00edklad se objevilo samo v neo\u010dek\u00e1van\u00e9 situaci), str\u00e1nku zav\u0159ete, otev\u0159ete nov\u00fd panel prohl\u00ed\u017ee\u010de a adresu str\u00e1nek zadejte ru\u010dn\u011b (Pozor! Nevyu\u017e\u00edvejte v takov\u00e9 situaci nab\u00eddky ji\u017e nav\u0161t\u00edven\u00fdch str\u00e1nek, snadno by se mohlo st\u00e1t, \u017ee vyberete str\u00e1nku s fale\u0161n\u00fdm obsahem, kterou jste d\u0159\u00edve otev\u0159eli.)<\/li>\n<\/ul>\n\n\n\n<div class=\"wp-block-columns is-layout-flex wp-container-core-columns-is-layout-28f84493 wp-block-columns-is-layout-flex\">\n<div class=\"wp-block-column is-layout-flow wp-block-column-is-layout-flow\">\n<figure class=\"wp-block-image size-full\"><img loading=\"lazy\" decoding=\"async\" width=\"345\" height=\"385\" src=\"https:\/\/o-seznam.cz\/napoveda\/ucet\/wp-content\/uploads\/sites\/10\/2024\/10\/fake-login-2.png\" alt=\"\" class=\"wp-image-547\" srcset=\"https:\/\/o-seznam.cz\/napoveda\/ucet\/wp-content\/uploads\/sites\/10\/2024\/10\/fake-login-2.png 345w, https:\/\/o-seznam.cz\/napoveda\/ucet\/wp-content\/uploads\/sites\/10\/2024\/10\/fake-login-2-287x320.png 287w\" sizes=\"auto, (max-width: 345px) 100vw, 345px\" \/><\/figure>\n<\/div>\n\n\n\n<div class=\"wp-block-column is-layout-flow wp-block-column-is-layout-flow\">\n<figure class=\"wp-block-image size-full\"><img loading=\"lazy\" decoding=\"async\" width=\"345\" height=\"385\" src=\"https:\/\/o-seznam.cz\/napoveda\/ucet\/wp-content\/uploads\/sites\/10\/2024\/10\/pravy-login.png\" alt=\"\" class=\"wp-image-548\" srcset=\"https:\/\/o-seznam.cz\/napoveda\/ucet\/wp-content\/uploads\/sites\/10\/2024\/10\/pravy-login.png 345w, https:\/\/o-seznam.cz\/napoveda\/ucet\/wp-content\/uploads\/sites\/10\/2024\/10\/pravy-login-287x320.png 287w\" sizes=\"auto, (max-width: 345px) 100vw, 345px\" \/><\/figure>\n<\/div>\n<\/div>\n<\/div>\n\n\n\n<div class=\"wp-block-group is-layout-constrained wp-block-group-is-layout-constrained\"><\/div>\n\n\n\n<div class=\"wp-block-group is-layout-constrained wp-block-group-is-layout-constrained\">\n<h2 class=\"wp-block-heading\" id=\"informujte-se\">Informujte se o nebezpe\u010d\u00ed<\/h2>\n\n\n\n<p>Prevence je d\u016fle\u017eit\u00e1 a dostate\u010dn\u00e1 informovanost je ta nejlep\u0161\u00ed prevence. Pokud budete v\u011bd\u011bt, jak\u00e9 n\u00e1strahy na internetu \u010d\u00edhaj\u00ed a kde hroz\u00ed zv\u00fd\u0161en\u00e9 riziko, bude mnohem jednodu\u0161\u0161\u00ed se na tyto situace p\u0159ipravit a podniknout preventivn\u00ed opat\u0159en\u00ed.<\/p>\n\n\n\n<p>Dal\u0161\u00ed \u010dl\u00e1nky:<\/p>\n\n\n\n<ul class=\"wp-block-list\">\n<li>Doporu\u010den\u00ed k <a href=\"https:\/\/o-seznam.cz\/napoveda\/ucet\/zasady-bezpecnosti\/bezpecne-heslo\/\" data-type=\"page\" data-id=\"194\">volb\u011b bezpe\u010dn\u00e9ho hesla<\/a><\/li>\n\n\n\n<li>Souhrnn\u00fd \u010dl\u00e1nek o <a href=\"https:\/\/o-seznam.cz\/napoveda\/ucet\/zasady-bezpecnosti\/kradez-uctu\/\" data-type=\"page\" data-id=\"196\">nebezpe\u010d\u00ed kr\u00e1de\u017ee \u00fa\u010dtu<\/a><\/li>\n\n\n\n<li>\u010cl\u00e1nek v\u011bnovan\u00fd vir\u016fm a nebezpe\u010dn\u00fdm aplikac\u00edm<\/li>\n\n\n\n<li>Jak se br\u00e1nit proti nevy\u017e\u00e1dan\u00e9 po\u0161t\u011b a Spamu<\/li>\n\n\n\n<li>Jak v\u00e1s schr\u00e1nka chr\u00e1n\u00ed proti otev\u00edr\u00e1n\u00ed nebezpe\u010dn\u00fdch odkaz\u016f ze Spamu<\/li>\n<\/ul>\n\n\n\n<p>Ze zpravodajstv\u00ed:<\/p>\n\n\n\n<ul class=\"wp-block-list\">\n<li><a class=\"is-style-link-external\" href=\"https:\/\/www.seznamzpravy.cz\/clanek\/ekonomika-firmy-na-sitich-frci-nove-podvody-prozkoumejte-je-at-na-ne-nenaletite-183942\" data-type=\"link\" data-id=\"https:\/\/www.seznamzpravy.cz\/clanek\/ekonomika-firmy-na-sitich-frci-nove-podvody-prozkoumejte-je-at-na-ne-nenaletite-183942\" target=\"_blank\" rel=\"noreferrer noopener\">Na s\u00edt\u00edch \u201efr\u010d\u00ed\u201c nov\u00e9 podvody. Prozkoumejte je, a\u0165 na n\u011b nenalet\u00edte<\/a> (Zdroj: seznamzpravy.cz)<\/li>\n<\/ul>\n<\/div>\n","protected":false},"excerpt":{"rendered":"<p>Bezpe\u010dnost na internetu je d\u016fle\u017eit\u00e1. P\u0159ipravili jsme pro v\u00e1s v n\u011bkolika bodech z\u00e1kladn\u00ed pravidla, jejich\u017e dodr\u017eov\u00e1n\u00ed znamen\u00e1 vy\u0161\u0161\u00ed \u0161anci, \u017ee se vyhnete \u010d\u00edhaj\u00edc\u00edmu nebezpe\u010d\u00ed online. Pou\u017e\u00edvejte bezpe\u010dn\u00e9 heslo Nikdy nikomu nesd\u011blujte sv\u00e9 soukrom\u00e9 \u00fadaje, hesla nebo PIN k\u00f3dy P\u0159i u\u017e\u00edv\u00e1n\u00ed elektronick\u00e9 po\u0161ty a soci\u00e1ln\u00edch s\u00edt\u00ed se \u010dasto m\u016f\u017eete setkat s \u017e\u00e1dost\u00ed o zasl\u00e1n\u00ed va\u0161ich osobn\u00edch [&hellip;]<\/p>\n","protected":false},"author":6,"featured_media":0,"parent":102,"menu_order":0,"comment_status":"closed","ping_status":"closed","template":"page-sidemenu","meta":{"_acf_changed":false,"_relevanssi_hide_post":"","_relevanssi_hide_content":"","_relevanssi_pin_for_all":"","_relevanssi_pin_keywords":"","_relevanssi_unpin_keywords":"","_relevanssi_related_keywords":"","_relevanssi_related_include_ids":"","_relevanssi_related_exclude_ids":"","_relevanssi_related_no_append":"","_relevanssi_related_not_related":"","_relevanssi_related_posts":"","_relevanssi_noindex_reason":"","footnotes":""},"page_category":[24],"page_tag":[],"service_status_category":[],"class_list":["post-192","page","type-page","status-publish","hentry"],"acf":[],"lang":"cs","translations":{"cs":192},"pll_sync_post":[],"_links":{"self":[{"href":"https:\/\/o-seznam.cz\/napoveda\/ucet\/wp-json\/wp\/v2\/pages\/192","targetHints":{"allow":["GET"]}}],"collection":[{"href":"https:\/\/o-seznam.cz\/napoveda\/ucet\/wp-json\/wp\/v2\/pages"}],"about":[{"href":"https:\/\/o-seznam.cz\/napoveda\/ucet\/wp-json\/wp\/v2\/types\/page"}],"author":[{"embeddable":true,"href":"https:\/\/o-seznam.cz\/napoveda\/ucet\/wp-json\/wp\/v2\/users\/6"}],"replies":[{"embeddable":true,"href":"https:\/\/o-seznam.cz\/napoveda\/ucet\/wp-json\/wp\/v2\/comments?post=192"}],"version-history":[{"count":6,"href":"https:\/\/o-seznam.cz\/napoveda\/ucet\/wp-json\/wp\/v2\/pages\/192\/revisions"}],"predecessor-version":[{"id":1272,"href":"https:\/\/o-seznam.cz\/napoveda\/ucet\/wp-json\/wp\/v2\/pages\/192\/revisions\/1272"}],"up":[{"embeddable":true,"href":"https:\/\/o-seznam.cz\/napoveda\/ucet\/wp-json\/wp\/v2\/pages\/102"}],"wp:attachment":[{"href":"https:\/\/o-seznam.cz\/napoveda\/ucet\/wp-json\/wp\/v2\/media?parent=192"}],"wp:term":[{"taxonomy":"page_category","embeddable":true,"href":"https:\/\/o-seznam.cz\/napoveda\/ucet\/wp-json\/wp\/v2\/page_category?post=192"},{"taxonomy":"page_tag","embeddable":true,"href":"https:\/\/o-seznam.cz\/napoveda\/ucet\/wp-json\/wp\/v2\/page_tag?post=192"},{"taxonomy":"service_status_category","embeddable":true,"href":"https:\/\/o-seznam.cz\/napoveda\/ucet\/wp-json\/wp\/v2\/service_status_category?post=192"}],"curies":[{"name":"wp","href":"https:\/\/api.w.org\/{rel}","templated":true}]}}