{"id":190,"date":"2024-10-13T00:15:00","date_gmt":"2024-10-12T22:15:00","guid":{"rendered":"https:\/\/o-seznam.cz\/napoveda\/ucet\/?page_id=190"},"modified":"2025-04-08T11:12:12","modified_gmt":"2025-04-08T09:12:12","slug":"caste-dotazy","status":"publish","type":"page","link":"https:\/\/o-seznam.cz\/napoveda\/ucet\/data-a-personalizace\/caste-dotazy\/","title":{"rendered":"\u010cast\u00e9 dotazy"},"content":{"rendered":"\n<div class=\"wp-block-group is-layout-constrained wp-block-group-is-layout-constrained\">\n<h2 class=\"wp-block-heading\">\u010cast\u00e9 dotazy ke zpracov\u00e1n\u00ed osobn\u00edch \u00fadaj\u016f<\/h2>\n\n\n\n<div class=\"accordion\">\n\t<div class=\"accordion__items\">\n\n<details class=\"expander is-style-box\">\n\t<summary data-datalayer-name=\"\" data-datalayer-text=\"Dialog se st\u00e1le opakovan\u011b zobrazuje.\">\n\t\t\t\t<strong>Dialog se st\u00e1le opakovan\u011b zobrazuje.<\/strong>\n\t\t\t<\/summary>\n\t<div class=\"inner-blocks\">\n\n<ul class=\"wp-block-list\">\n<li>Dialog nen\u00ed mo\u017en\u00e9 p\u0159esko\u010dit \u010di odlo\u017eit na pozd\u011bji:\n<ul class=\"wp-block-list\">\n<li>Nezbytn\u00e9 je vyj\u00e1d\u0159it souhlas \u010di nesouhlas se zobrazenou nab\u00eddkou. Do t\u00e9 doby se v\u00fdzva bude zobrazovat st\u00e1le<\/li>\n<\/ul>\n<\/li>\n\n\n\n<li>Pokud je v prohl\u00ed\u017ee\u010di nastaveno blokov\u00e1n\u00ed sd\u00edlen\u00ed cookies t\u0159et\u00edch stran, bude se dialog zobrazovat zvl\u00e1\u0161\u0165 na ka\u017ed\u00e9 slu\u017eb\u011b, na kterou p\u0159istoup\u00edte, a na ka\u017ed\u00e9 takov\u00e9 slu\u017eb\u011b je pak n\u00e1sledn\u011b t\u0159eba souhlas \u010di nesouhlas nastavit:\n<ul class=\"wp-block-list\">\n<li>\u0158e\u0161en\u00edm je <a href=\"https:\/\/o-seznam.cz\/napoveda\/prohlizece\/napoveda-prohlizece\/co-tyto-navody-delaji\/#povoleni-cookies\">povolit cookies t\u0159et\u00edch stran<\/a> v nastaven\u00ed prohl\u00ed\u017ee\u010de<\/li>\n<\/ul>\n<\/li>\n\n\n\n<li>Pokud je prohl\u00ed\u017ee\u010d, nebo jin\u00fd program v po\u010d\u00edta\u010di \u010di mobiln\u00edm za\u0159\u00edzen\u00ed, nastaven tak, aby byly soubory cookies maz\u00e1ny automaticky nap\u0159. p\u0159i ukon\u010den\u00ed prohl\u00ed\u017ee\u010de, neulo\u017e\u00ed se informace u ud\u011blen\u00e9m nebo neud\u011blen\u00e9m souhlasu pro nep\u0159ihl\u00e1\u0161en\u00e9ho u\u017eivatele \u010di n\u00e1v\u0161t\u011bvn\u00edka slu\u017eeb. Dialog se p\u0159i p\u0159\u00ed\u0161t\u00ed n\u00e1v\u0161t\u011bv\u011b slu\u017eby zobraz\u00ed znovu:\n<ul class=\"wp-block-list\">\n<li>\u0158e\u0161en\u00edm je <a href=\"https:\/\/o-seznam.cz\/napoveda\/prohlizece\/napoveda-prohlizece\/jak-na-automaticke-odhlasovani\/\">zm\u011bnit nastaven\u00ed prohl\u00ed\u017ee\u010de<\/a> anebo vyu\u017e\u00edvat slu\u017eby jako p\u0159ihl\u00e1\u0161en\u00fd u\u017eivatel. P\u0159ihl\u00e1\u0161en\u00ed u\u017eivatel\u00e9 nastavuj\u00ed souhlasy \u010di nesouhlasy pouze jednou, nastaven\u00e9 \u00fadaje se ulo\u017e\u00ed do u\u017eivatelsk\u00e9ho \u00da\u010dtu a n\u00e1sledn\u011b se ji\u017e pou\u017e\u00edvaj\u00ed na v\u0161ech slu\u017eb\u00e1ch bez nutnosti opakovan\u00e9ho potvrzov\u00e1n\u00ed<\/li>\n<\/ul>\n<\/li>\n<\/ul>\n\n<\/div><\/details>\n\n\n\n<details class=\"expander is-style-box\">\n\t<summary data-datalayer-name=\"\" data-datalayer-text=\"\u017d\u00e1dn\u00fd souhlas v\u00e1m d\u00e1t nechci.\">\n\t\t\t\t<strong>\u017d\u00e1dn\u00fd souhlas v\u00e1m d\u00e1t nechci.<\/strong>\n\t\t\t<\/summary>\n\t<div class=\"inner-blocks\">\n\n<p>Aby se zobrazovan\u00fd dialog zobrazovat p\u0159estal, je nezbytn\u00e9 zvolit jednu z mo\u017enost\u00ed, a\u0165 u\u017e souhlas, nebo vyu\u017e\u00edt jeden z na\u0161ich produkt\u016f pro ud\u011blen\u00ed nesouhlasu.<\/p>\n\n\n\n<p>Nesouhlas se zpracov\u00e1n\u00edm osobn\u00edch \u00fadaj\u016f je z\u010d\u00e1sti zpoplatn\u011bn prost\u0159ednictv\u00edm produkt\u016f <a href=\"https:\/\/o-seznam.cz\/napoveda\/ucet\/data-a-personalizace\/seznam-bez-reklam\/\">Seznam bez reklam<\/a> a <a href=\"https:\/\/o-seznam.cz\/napoveda\/ucet\/data-a-personalizace\/seznam-bez-personalizovane-reklamy\/\">Seznam bez c\u00edlen\u00e9 reklamy<\/a>. Postup pro ud\u011blen\u00ed \u010d\u00e1ste\u010dn\u00e9ho nebo \u00fapln\u00e9ho nesouhlasu najdete <a href=\"https:\/\/o-seznam.cz\/napoveda\/ucet\/data-a-personalizace\/odmitnuti-a-odvolani-souhlasu\/\" target=\"_blank\" rel=\"noreferrer noopener\">zde<\/a>.<\/p>\n\n<\/div><\/details>\n\n\n\n<details class=\"expander is-style-box\">\n\t<summary data-datalayer-name=\"\" data-datalayer-text=\"Dialog v\u016fbec na nic nereaguje.\">\n\t\t\t\t<strong>Dialog v\u016fbec na nic nereaguje.<\/strong>\n\t\t\t<\/summary>\n\t<div class=\"inner-blocks\">\n\n<p>Pokud by nastala situace, kdy se sna\u017e\u00edte v dialogu prov\u00e1d\u011bt \u00fapravy, ale dialog ani tla\u010d\u00edtka v n\u011bm nereaguj\u00ed na klik\u00e1n\u00ed, zkuste nejprve ve sv\u00e9m prohl\u00ed\u017ee\u010di promazat do\u010dasn\u00e9 soubory a soubory cookies, p\u0159\u00edpadn\u011b zkusit do\u010dasn\u011b vypnout pou\u017e\u00edvan\u00e1 roz\u0161\u00ed\u0159en\u00ed, kter\u00e1 na toto chov\u00e1n\u00ed tak\u00e9 mohou m\u00edt vliv.<\/p>\n\n\n\n<ul class=\"wp-block-list\">\n<li>Postupy na <a href=\"https:\/\/o-seznam.cz\/napoveda\/prohlizece\/napoveda-prohlizece\/co-tyto-navody-delaji\/#Odstraneni-cookies\">Promaz\u00e1n\u00ed mezipam\u011bti a cookies v prohl\u00ed\u017ee\u010d\u00edch<\/a>.<\/li>\n\n\n\n<li>Postupy na spr\u00e1vu <a href=\"https:\/\/o-seznam.cz\/napoveda\/prohlizece\/napoveda-prohlizece\/co-tyto-navody-delaji\/#doplnky\">Dopl\u0148k\u016f a roz\u0161\u00ed\u0159en\u00ed pro prohl\u00ed\u017ee\u010d<\/a>.<\/li>\n<\/ul>\n\n\n\n<p>Pokud ani tyto postupy nevedou k n\u00e1prav\u011b, zjist\u011bte si, pros\u00edm, jak\u00fd pou\u017e\u00edv\u00e1te konkr\u00e9tn\u00ed prohl\u00ed\u017ee\u010d a jeho verzi a kontaktujte na\u0161i technickou podporu pomoc\u00ed bubliny chatu v prav\u00e9m spodn\u00edm rohu, nebo na <a href=\"https:\/\/o-seznam.cz\/kontakty\/\">telefonn\u00ed lince<\/a>.<\/p>\n\n\n\n<p>Postup pro zji\u0161t\u011bn\u00ed verze pou\u017e\u00edvan\u00e9ho prohl\u00ed\u017ee\u010de najdete v n\u00e1pov\u011bd\u011b <a href=\"https:\/\/o-seznam.cz\/napoveda\/prohlizece\/napoveda-prohlizece\/jak-zjistit-verzi-prohlizece\/\">Jak zjistit verzi internetov\u00e9ho prohl\u00ed\u017ee\u010de<\/a>.<\/p>\n\n<\/div><\/details>\n\n\n\n<details class=\"expander is-style-box\">\n\t<summary data-datalayer-name=\"\" data-datalayer-text=\"Souhlas byl ud\u011blen, p\u0159esto se dialog st\u00e1le zobrazuje.\">\n\t\t\t\t<strong>Souhlas byl ud\u011blen, p\u0159esto se dialog st\u00e1le zobrazuje.<\/strong>\n\t\t\t<\/summary>\n\t<div class=\"inner-blocks\">\n\n<p>Po ud\u011blen\u00ed souhlasu \u010di nesouhlasu se \u00fadaj ukl\u00e1d\u00e1 do souboru cookie v prohl\u00ed\u017ee\u010di, p\u0159\u00edpadn\u011b tak\u00e9 do nastaven\u00ed <a href=\"https:\/\/ucet.seznam.cz\/\">\u00da\u010dtu<\/a> v p\u0159\u00edpad\u011b, \u017ee jste sv\u00e9 rozhodnut\u00ed u\u010dinili jako p\u0159ihl\u00e1\u0161en\u00ed u\u017eivatel\u00e9. Dialog se ji\u017e n\u00e1sledn\u011b nezobrazuje. Pokud tomu v\u0161ak tak nen\u00ed a dialog se zobrazuje st\u00e1le a opakovan\u011b, ov\u011b\u0159te si mo\u017en\u00e9 p\u0159\u00ed\u010diny uveden\u00e9 v \u010d\u00e1sti Dialog se st\u00e1le opakovan\u011b zobrazuje.<\/p>\n\n<\/div><\/details>\n\n\n\n<details class=\"expander is-style-box\">\n\t<summary data-datalayer-name=\"\" data-datalayer-text=\"Pro\u010d v\u016fbec n\u011bjak\u00e9 souhlasy vy\u017eadujete?\">\n\t\t\t\t<strong>Pro\u010d v\u016fbec n\u011bjak\u00e9 souhlasy vy\u017eadujete?<\/strong>\n\t\t\t<\/summary>\n\t<div class=\"inner-blocks\">\n\n<p>Na\u0161e slu\u017eby p\u0159izp\u016fsobujeme na m\u00edru na\u0161im u\u017eivatel\u016fm, tedy v\u00e1m, a stejn\u011b tak umo\u017e\u0148ujeme zobrazen\u00ed reklamy, kter\u00e1 odpov\u00edd\u00e1 va\u0161im z\u00e1jm\u016fm. Abychom slu\u017eby v t\u00e9to podob\u011b mohli poskytovat, ukl\u00e1d\u00e1 n\u00e1m z\u00e1kon povinnost dot\u00e1zat se u\u017eivatele, zda s takov\u00fdm p\u0159izp\u016fsoben\u00edm souhlas\u00ed.<\/p>\n\n\n\n<p>Dotaz na souhlasy se proto zobrazuje v souladu s po\u017eadavky platn\u00e9 legislativy.<\/p>\n\n\n\n<p class=\"is-style-link-external\">Informace k personalizaci jsou dostupn\u00e9 na n\u00e1sleduj\u00edc\u00ed <a href=\"https:\/\/o.seznam.cz\/ochrana-udaju\/personalizace-obsahu-a-reklamy\/\" data-type=\"link\" data-id=\"https:\/\/o.seznam.cz\/ochrana-udaju\/personalizace-obsahu-a-reklamy\/\" target=\"_blank\" rel=\"noreferrer noopener\">str\u00e1nce<\/a>, kde tak\u00e9 m\u016f\u017eete sv\u00e9 nastaven\u00ed upravit.<\/p>\n\n\n\n<p class=\"is-style-link-external\">P\u0159ihl\u00e1\u0161en\u00ed u\u017eivatel\u00e9 mohou sv\u00e9 nastaven\u00ed upravit ve sv\u00e9m \u00da\u010dtu po p\u0159ihl\u00e1\u0161en\u00ed na n\u00e1sleduj\u00edc\u00ed <a href=\"https:\/\/ucet.seznam.cz\/\" data-type=\"link\" data-id=\"https:\/\/ucet.seznam.cz\/\" target=\"_blank\" rel=\"noreferrer noopener\">adrese<\/a>.<\/p>\n\n<\/div><\/details>\n\n<\/div><\/div>\n\n<\/div>\n\n\n\n<div class=\"wp-block-group is-layout-constrained wp-block-group-is-layout-constrained\">\n<h2 class=\"wp-block-heading\">\u010cast\u00e9 dotazy k deaktivaci \u00fa\u010dtu<\/h2>\n\n\n\n<div class=\"accordion\">\n\t<div class=\"accordion__items\">\n\n<details class=\"expander is-style-box\">\n\t<summary data-datalayer-name=\"\" data-datalayer-text=\"Co znamen\u00e1 deaktivace \u00fa\u010dtu?\">\n\t\t\t\t<strong>Co znamen\u00e1 deaktivace \u00fa\u010dtu?<\/strong>\n\t\t\t<\/summary>\n\t<div class=\"inner-blocks\">\n\n<p class=\"is-style-link-external\">Deaktivov\u00e1n\u00edm u\u017eivatelsk\u00e9ho \u00fa\u010dtu dojde k odstran\u011bn\u00ed dat v n\u011bm obsa\u017een\u00fdch v souladu se <a href=\"https:\/\/o-seznam.cz\/pravni-informace\/ochrana-udaju\/\" data-type=\"link\" data-id=\"https:\/\/o-seznam.cz\/pravni-informace\/ochrana-udaju\/\" target=\"_blank\" rel=\"noreferrer noopener\">Z\u00e1sadami ochrany osobn\u00edch \u00fadaj\u016f<\/a>. Takov\u00fd deaktivovan\u00fd \u00fa\u010det ji\u017e nebude mo\u017en\u00e9 znovu nikdy registrovat pro vyu\u017e\u00edv\u00e1n\u00ed slu\u017eeb Seznam.cz, ani jej jakkoliv obnovit. Toto nastaven\u00ed je dostupn\u00e9 v <a href=\"https:\/\/ucet.seznam.cz\/\">\u00da\u010dtu<\/a> v \u010d\u00e1sti Osobn\u00ed \u00fadaje a vyu\u017e\u00edt lze <a href=\"https:\/\/o-seznam.cz\/napoveda\/ucet\/data-a-personalizace\/zruseni-smazani\/\" data-type=\"page\" data-id=\"671\">n\u00e1sleduj\u00edc\u00ed postup<\/a>.<\/p>\n\n<\/div><\/details>\n\n<\/div><\/div>\n\n<\/div>\n","protected":false},"excerpt":{"rendered":"<p>\u010cast\u00e9 dotazy ke zpracov\u00e1n\u00ed osobn\u00edch \u00fadaj\u016f \u010cast\u00e9 dotazy k deaktivaci \u00fa\u010dtu<\/p>\n","protected":false},"author":6,"featured_media":0,"parent":98,"menu_order":22,"comment_status":"closed","ping_status":"closed","template":"page-sidemenu","meta":{"_acf_changed":false,"_relevanssi_hide_post":"","_relevanssi_hide_content":"","_relevanssi_pin_for_all":"","_relevanssi_pin_keywords":"","_relevanssi_unpin_keywords":"","_relevanssi_related_keywords":"","_relevanssi_related_include_ids":"","_relevanssi_related_exclude_ids":"","_relevanssi_related_no_append":"","_relevanssi_related_not_related":"","_relevanssi_related_posts":"","_relevanssi_noindex_reason":"","footnotes":""},"page_category":[24],"page_tag":[],"service_status_category":[],"class_list":["post-190","page","type-page","status-publish","hentry"],"acf":[],"lang":"cs","translations":{"cs":190},"pll_sync_post":[],"_links":{"self":[{"href":"https:\/\/o-seznam.cz\/napoveda\/ucet\/wp-json\/wp\/v2\/pages\/190","targetHints":{"allow":["GET"]}}],"collection":[{"href":"https:\/\/o-seznam.cz\/napoveda\/ucet\/wp-json\/wp\/v2\/pages"}],"about":[{"href":"https:\/\/o-seznam.cz\/napoveda\/ucet\/wp-json\/wp\/v2\/types\/page"}],"author":[{"embeddable":true,"href":"https:\/\/o-seznam.cz\/napoveda\/ucet\/wp-json\/wp\/v2\/users\/6"}],"replies":[{"embeddable":true,"href":"https:\/\/o-seznam.cz\/napoveda\/ucet\/wp-json\/wp\/v2\/comments?post=190"}],"version-history":[{"count":12,"href":"https:\/\/o-seznam.cz\/napoveda\/ucet\/wp-json\/wp\/v2\/pages\/190\/revisions"}],"predecessor-version":[{"id":1656,"href":"https:\/\/o-seznam.cz\/napoveda\/ucet\/wp-json\/wp\/v2\/pages\/190\/revisions\/1656"}],"up":[{"embeddable":true,"href":"https:\/\/o-seznam.cz\/napoveda\/ucet\/wp-json\/wp\/v2\/pages\/98"}],"wp:attachment":[{"href":"https:\/\/o-seznam.cz\/napoveda\/ucet\/wp-json\/wp\/v2\/media?parent=190"}],"wp:term":[{"taxonomy":"page_category","embeddable":true,"href":"https:\/\/o-seznam.cz\/napoveda\/ucet\/wp-json\/wp\/v2\/page_category?post=190"},{"taxonomy":"page_tag","embeddable":true,"href":"https:\/\/o-seznam.cz\/napoveda\/ucet\/wp-json\/wp\/v2\/page_tag?post=190"},{"taxonomy":"service_status_category","embeddable":true,"href":"https:\/\/o-seznam.cz\/napoveda\/ucet\/wp-json\/wp\/v2\/service_status_category?post=190"}],"curies":[{"name":"wp","href":"https:\/\/api.w.org\/{rel}","templated":true}]}}