{"id":188,"date":"2024-10-13T00:15:51","date_gmt":"2024-10-12T22:15:51","guid":{"rendered":"https:\/\/o-seznam.cz\/napoveda\/ucet\/?page_id=188"},"modified":"2025-10-23T13:29:46","modified_gmt":"2025-10-23T11:29:46","slug":"aktivita-na-seznamu","status":"publish","type":"page","link":"https:\/\/o-seznam.cz\/napoveda\/ucet\/data-a-personalizace\/aktivita-na-seznamu\/","title":{"rendered":"Aktivita na Seznamu"},"content":{"rendered":"\n<div class=\"wp-block-group is-layout-constrained wp-block-group-is-layout-constrained\"><nav class=\"menu-anchors\">\n<ul>\n\t<li><a href=\"#nastaveni-aktivity\">Nastaven\u00ed Aktivity na Seznamu a mo\u017enost\u00ed personalizace<\/a><\/li>\n<li><a href=\"#navstivene-stranky\">Nav\u0161t\u00edven\u00e9 str\u00e1nky<\/a><\/li>\n<li><a href=\"#hledani-na-sluzbach\">Hled\u00e1n\u00ed na slu\u017eb\u00e1ch<\/a><\/li>\n<li><a href=\"#zhlednuta-videa\">Zhl\u00e9dnut\u00e1 videa<\/a><\/li>\n<li><a href=\"#oblasti-zajmu\">Oblasti z\u00e1jmu<\/a><\/li>\n<\/ul>\n\n<\/nav>\n<\/div>\n\n\n\n<div class=\"wp-block-group is-layout-constrained wp-block-group-is-layout-constrained\">\n<p class=\"is-style-link-external\">Ve sv\u00e9m <a href=\"https:\/\/ucet.seznam.cz\/\" data-type=\"link\" data-id=\"https:\/\/ucet.seznam.cz\/\" target=\"_blank\" rel=\"noreferrer noopener\">Seznam \u00da\u010dtu<\/a> najdete p\u0159ehledn\u011b na jednom m\u00edst\u011b informace o va\u0161ich aktivit\u00e1ch na slu\u017eb\u00e1ch Seznamu \u2013 str\u00e1nky, kter\u00e9 jste nav\u0161t\u00edvili, informace o tom, co jste vyhled\u00e1vali a jak\u00e9 v\u00fdsledky hled\u00e1n\u00ed jste pou\u017eili nebo videa, kter\u00e1 jste vid\u011bli. Z\u00e1rove\u0148 m\u016f\u017eete nastavit sv\u00e9 preference ukl\u00e1d\u00e1n\u00ed t\u011bchto informac\u00ed.<\/p>\n\n\n\n<p>Ve\u0161ker\u00e9 informace zobrazen\u00e9 v r\u00e1mci aktivit se ukl\u00e1daj\u00ed pouze pokud jste na slu\u017eb\u011b Seznamu p\u0159ihl\u00e1\u0161eni sv\u00fdm \u00fa\u010dtem a jsou vid\u011bt v aktivit\u00e1ch dan\u00e9ho \u00fa\u010dtu. Pokud m\u00e1te v\u00edce \u00fa\u010dt\u016f a p\u0159ep\u00edn\u00e1te mezi nimi, aktivity se zobrazuj\u00ed v\u017edy pro aktu\u00e1ln\u011b p\u0159ihl\u00e1\u0161en\u00fd \u00fa\u010det.<\/p>\n<\/div>\n\n\n\n<div class=\"wp-block-group is-layout-constrained wp-block-group-is-layout-constrained\">\n<h2 class=\"wp-block-heading\" id=\"nastaveni-aktivity\">Nastaven\u00ed Aktivity na Seznamu a mo\u017enost\u00ed personalizace<\/h2>\n\n\n\n<p>Informace o va\u0161ich aktivit\u00e1ch na slu\u017eb\u00e1ch Seznamu pou\u017e\u00edv\u00e1me pro zaji\u0161t\u011bn\u00ed kvalitn\u011bj\u0161\u00edho doporu\u010dov\u00e1n\u00ed obsahu, kter\u00fd v\u00e1m na na\u0161ich slu\u017eb\u00e1ch nab\u00edz\u00edme (nap\u0159\u00edklad na na\u0161\u00ed domovsk\u00e9 str\u00e1nce seznam.cz) nebo pro zaji\u0161t\u011bn\u00ed kvalitn\u011bj\u0161\u00edho v\u00fdstupu v\u00fdsledk\u016f na\u0161eho vyhled\u00e1v\u00e1n\u00ed, \u010di zobrazen\u00ed reklamy, kter\u00e1 by v\u00e1s mohla zaj\u00edmat. Pokud ukl\u00e1d\u00e1n\u00ed n\u011bkter\u00e9ho typu aktivity vypnete, tato data se nebudou po dobu vypnut\u00ed ukl\u00e1dat ani vyu\u017e\u00edvat, vy se k nim nebudete moci pozd\u011bji vr\u00e1tit, a to ani v p\u0159\u00edpad\u011b, \u017ee pozd\u011bji ukl\u00e1d\u00e1n\u00ed zapnete. V dob\u011b kdy je aktivita vypnut\u00e1 se z\u00e1znamy o aktivit\u011b nezaznamen\u00e1vaj\u00ed. P\u0159i zapnut\u00ed se za\u010dne op\u011bt ukl\u00e1dat pouze nov\u00e1 aktivita od okam\u017eiku, kdy ji zapnete.<\/p>\n\n\n\n<p>V p\u0159\u00edpad\u011b, \u017ee si nep\u0159ejete, abychom v\u00e1m obsah na\u0161ich slu\u017eeb p\u0159izp\u016fsobovali na m\u00edru, m\u016f\u017eete tak\u00e9 upravit sv\u00e9 nastaven\u00ed personalizace, jak je pops\u00e1no v \u010dl\u00e1nku <a href=\"https:\/\/o-seznam.cz\/napoveda\/ucet\/data-a-personalizace\/souhlas\/\" data-type=\"page\" data-id=\"179\">Souhlas se zpracov\u00e1n\u00edm osobn\u00edch \u00fadaj\u016f<\/a>.<\/p>\n\n\n\n<p>Pokud na str\u00e1nce Aktivita na Seznamu svou historii nevid\u00edte a zobrazuje se pouze upozorn\u011bn\u00ed, \u017ee nen\u00ed nastavena personalizace obsahu a reklamy, sta\u010d\u00ed upravit nastaven\u00ed po kliknut\u00ed na tla\u010d\u00edtko Nastaven\u00ed personalizace. Pokud nastav\u00edte, \u017ee si p\u0159ejete personalizovat na\u0161e slu\u017eby, na\u010dt\u011bte str\u00e1nku aktivit znovu a ji\u017e uvid\u00edte jednotliv\u00e9 typy aktivit. P\u0159i proch\u00e1zen\u00ed slu\u017eeb se budou aktivity ukl\u00e1dat a vy se k nim budete moci pozd\u011bji vracet.<\/p>\n<\/div>\n\n\n\n<figure class=\"wp-block-image size-full is-resized\"><img loading=\"lazy\" decoding=\"async\" width=\"860\" height=\"303\" src=\"https:\/\/o-seznam.cz\/napoveda\/ucet\/wp-content\/uploads\/sites\/10\/2024\/10\/seznam-ucet-aktivity-nesouhlas.png\" alt=\"\" class=\"wp-image-695\" style=\"width:643px\" srcset=\"https:\/\/o-seznam.cz\/napoveda\/ucet\/wp-content\/uploads\/sites\/10\/2024\/10\/seznam-ucet-aktivity-nesouhlas.png 860w, https:\/\/o-seznam.cz\/napoveda\/ucet\/wp-content\/uploads\/sites\/10\/2024\/10\/seznam-ucet-aktivity-nesouhlas-320x113.png 320w, https:\/\/o-seznam.cz\/napoveda\/ucet\/wp-content\/uploads\/sites\/10\/2024\/10\/seznam-ucet-aktivity-nesouhlas-768x271.png 768w\" sizes=\"auto, (max-width: 860px) 100vw, 860px\" \/><\/figure>\n\n\n\n<div class=\"wp-block-group is-layout-constrained wp-block-group-is-layout-constrained\">\n<h2 class=\"wp-block-heading\" id=\"navstivene-stranky\">Nav\u0161t\u00edven\u00e9 str\u00e1nky<\/h2>\n\n\n\n<p>Historie nav\u0161t\u00edven\u00fdch str\u00e1nek obsahuje v\u00e1mi nav\u0161t\u00edven\u00e9 str\u00e1nky na slu\u017eb\u00e1ch Seznamu za posledn\u00edch 365 dn\u016f. M\u016f\u017eete se tak pohodln\u011b vracet k informac\u00edm a \u010dl\u00e1nk\u016fm, kter\u00e9 v\u00e1s zaujaly, t\u0159eba abyste je mohli sd\u00edlet s n\u011bk\u00fdm dal\u0161\u00edm.<\/p>\n\n\n\n<p>Ukl\u00e1d\u00e1n\u00ed nav\u0161t\u00edven\u00fdch str\u00e1nek m\u016f\u017eete zapnout nebo vypnout v p\u0159ehledu Aktivita na seznamu (pokud nem\u00e1te \u017e\u00e1dnou aktivitu) nebo p\u0159\u00edmo v sekci Nav\u0161t\u00edven\u00e9 str\u00e1nky, kam se dostanete kliknut\u00edm na odkaz V\u00edce v p\u0159ehledu aktivit. Na t\u00e9to str\u00e1nce rozklikn\u011bte volbu Nastaven\u00ed a p\u0159ep\u00edna\u010dem vpravo nastav\u00edte ukl\u00e1d\u00e1n\u00ed historie. Vypnut\u00edm nesma\u017eete ji\u017e ulo\u017eenou historii Nav\u0161t\u00edven\u00fdch str\u00e1nek &#8211; ta se sma\u017ee automaticky po uplynut\u00ed 365 dn\u016f.<\/p>\n\n\n\n<figure class=\"wp-block-image size-full is-resized\"><img loading=\"lazy\" decoding=\"async\" width=\"845\" height=\"199\" src=\"https:\/\/o-seznam.cz\/napoveda\/ucet\/wp-content\/uploads\/sites\/10\/2024\/10\/seznam-ucet-aktivity-vypnuti.png\" alt=\"\" class=\"wp-image-697\" style=\"width:643px\" srcset=\"https:\/\/o-seznam.cz\/napoveda\/ucet\/wp-content\/uploads\/sites\/10\/2024\/10\/seznam-ucet-aktivity-vypnuti.png 845w, https:\/\/o-seznam.cz\/napoveda\/ucet\/wp-content\/uploads\/sites\/10\/2024\/10\/seznam-ucet-aktivity-vypnuti-320x75.png 320w, https:\/\/o-seznam.cz\/napoveda\/ucet\/wp-content\/uploads\/sites\/10\/2024\/10\/seznam-ucet-aktivity-vypnuti-768x181.png 768w\" sizes=\"auto, (max-width: 845px) 100vw, 845px\" \/><\/figure>\n\n\n\n<p>Nav\u0161t\u00edven\u00e9 str\u00e1nky za v\u00edce dn\u016f m\u016f\u017eete proch\u00e1zet kliknut\u00edm na Na\u010d\u00edst dal\u0161\u00ed na konci seznamu str\u00e1nek, nebo p\u0159ej\u00edt na konkr\u00e9tn\u00ed den pomoc\u00ed volby P\u0159ej\u00edt na datum vpravo nad seznamem str\u00e1nek.<\/p>\n\n\n\n<figure class=\"wp-block-image size-full is-resized\"><img loading=\"lazy\" decoding=\"async\" width=\"1568\" height=\"994\" src=\"https:\/\/o-seznam.cz\/napoveda\/ucet\/wp-content\/uploads\/sites\/10\/2024\/10\/aktivity-navstivene-stranky.png\" alt=\"\" class=\"wp-image-698\" style=\"width:643px\" srcset=\"https:\/\/o-seznam.cz\/napoveda\/ucet\/wp-content\/uploads\/sites\/10\/2024\/10\/aktivity-navstivene-stranky.png 1568w, https:\/\/o-seznam.cz\/napoveda\/ucet\/wp-content\/uploads\/sites\/10\/2024\/10\/aktivity-navstivene-stranky-992x629.png 992w, https:\/\/o-seznam.cz\/napoveda\/ucet\/wp-content\/uploads\/sites\/10\/2024\/10\/aktivity-navstivene-stranky-320x203.png 320w, https:\/\/o-seznam.cz\/napoveda\/ucet\/wp-content\/uploads\/sites\/10\/2024\/10\/aktivity-navstivene-stranky-768x487.png 768w, https:\/\/o-seznam.cz\/napoveda\/ucet\/wp-content\/uploads\/sites\/10\/2024\/10\/aktivity-navstivene-stranky-1536x974.png 1536w\" sizes=\"auto, (max-width: 1568px) 100vw, 1568px\" \/><\/figure>\n\n\n\n<p><\/p>\n<\/div>\n\n\n\n<div class=\"wp-block-group is-layout-constrained wp-block-group-is-layout-constrained\">\n<h2 class=\"wp-block-heading\" id=\"hledani-na-sluzbach\">Hled\u00e1n\u00ed na slu\u017eb\u00e1ch<\/h2>\n\n\n\n<p>Historie Hled\u00e1n\u00ed na slu\u017eb\u00e1ch obsahuje v\u00e1mi vyhledan\u00e1 slova \u010di v\u00fdrazy na slu\u017eb\u00e1ch Seznamu za posledn\u00edch 365 dn\u016f (nap\u0159\u00edklad na hlavn\u00ed str\u00e1nce seznam.cz, na zbozi.cz, mapy.cz a dal\u0161\u00edch) a tak\u00e9 v\u00fdsledky hled\u00e1n\u00ed, na kter\u00e9 jste ve v\u00fdsledku hled\u00e1n\u00ed kliknuli. Z\u00edsk\u00e1te tak p\u0159ehled o tom, co jste hledali a m\u016f\u017eete se pozd\u011bji vracet na str\u00e1nky, kter\u00e9 jste z v\u00fdsledku vyhled\u00e1v\u00e1n\u00ed nav\u0161t\u00edvili.<\/p>\n\n\n\n<p>Ukl\u00e1d\u00e1n\u00ed va\u0161ich hled\u00e1n\u00ed m\u016f\u017eete zapnout nebo vypnout v p\u0159ehledu Aktivita na seznamu nebo p\u0159\u00edmo v sekci Hled\u00e1n\u00ed na slu\u017eb\u00e1ch (pokud nem\u00e1te \u017e\u00e1dnou aktivitu), kam se dostanete kliknut\u00edm na odkaz V\u00edce v p\u0159ehledu aktivit. Na t\u00e9to str\u00e1nce rozklikn\u011bte volbu Nastaven\u00ed a p\u0159ep\u00edna\u010dem vpravo nastav\u00edte ukl\u00e1d\u00e1n\u00ed historie. Vypnut\u00edm nesma\u017eete ji\u017e ulo\u017eenou historii hled\u00e1n\u00ed &#8211; ta se sma\u017ee automaticky po uplynut\u00ed 365 dn\u016f.<\/p>\n\n\n\n<p>V\u00fdsledky hled\u00e1n\u00ed za v\u00edce dn\u016f m\u016f\u017eete proch\u00e1zet kliknut\u00edm na Na\u010d\u00edst dal\u0161\u00ed na konci seznamu va\u0161ich hled\u00e1n\u00ed, nebo p\u0159ej\u00edt na konkr\u00e9tn\u00ed den pomoc\u00ed volby P\u0159ej\u00edt na datum vpravo nad seznamem.<\/p>\n<\/div>\n\n\n\n<div class=\"wp-block-group is-layout-constrained wp-block-group-is-layout-constrained\">\n<h2 class=\"wp-block-heading\" id=\"zhlednuta-videa\">Zhl\u00e9dnut\u00e1 videa<\/h2>\n\n\n\n<p>Videa, kter\u00e1, jste v posledn\u00edch 365 dnech sledovali na n\u011bkter\u00e9 z na\u0161ich slu\u017eeb, najdete v sekci Zhl\u00e9dnut\u00e1 videa a m\u016f\u017eete se k nim tak pohodln\u011b vracet. U ka\u017ed\u00e9ho videa zobrazujeme i indik\u00e1tor, jakou \u010d\u00e1st z videa jste ji\u017e vid\u011bli, stejn\u011b jako informaci o celkov\u00e9 d\u00e9lce.<\/p>\n\n\n\n<p>Ukl\u00e1d\u00e1n\u00ed Zhl\u00e9dnut\u00fdch vide\u00ed m\u016f\u017eete zapnout nebo vypnout v p\u0159ehledu Aktivita na seznamu (pokud nem\u00e1te \u017e\u00e1dnou aktivitu) nebo p\u0159\u00edmo v sekci Zhl\u00e9dnut\u00e1 videa, kam se dostanete kliknut\u00edm na odkaz V\u00edce v p\u0159ehledu aktivit. Na t\u00e9to str\u00e1nce rozklikn\u011bte volbu Nastaven\u00ed a p\u0159ep\u00edna\u010dem vpravo nastav\u00edte ukl\u00e1d\u00e1n\u00ed historie. Vypnut\u00edm nesma\u017eete ji\u017e ulo\u017eenou historii vide\u00ed &#8211; ta se sma\u017ee automaticky po uplynut\u00ed 365 dn\u016f.<\/p>\n\n\n\n<p>Videa za v\u00edce dn\u016f m\u016f\u017eete proch\u00e1zet kliknut\u00edm na Na\u010d\u00edst dal\u0161\u00ed na konci seznamu Zhl\u00e9dnut\u00fdch vide\u00ed, nebo p\u0159ej\u00edt na konkr\u00e9tn\u00ed den pomoc\u00ed volby P\u0159ej\u00edt na datum vpravo nad seznamem vide\u00ed.<\/p>\n<\/div>\n\n\n\n<div class=\"wp-block-group is-layout-constrained wp-block-group-is-layout-constrained\">\n<h2 class=\"wp-block-heading\" id=\"oblasti-zajmu\">Oblasti z\u00e1jmu<\/h2>\n\n\n\n<p>Oblasti z\u00e1jmu odhadujeme na z\u00e1klad\u011b va\u0161\u00ed aktivity na slu\u017eb\u00e1ch Seznamu a na partnersk\u00fdch webov\u00fdch str\u00e1nk\u00e1ch, a to pouze v p\u0159\u00edpad\u011b, \u017ee m\u00e1te ve sv\u00e9m Seznam \u00da\u010dtu nastaven\u00fd souhlas s personalizac\u00ed obsahu a\/nebo reklamy, a \u017ee slu\u017eby pou\u017e\u00edv\u00e1te jako p\u0159ihl\u00e1\u0161en\u00fd u\u017eivatel. Odhadnut\u00e9 oblasti va\u0161ich z\u00e1jm\u016f se pak vyu\u017e\u00edvaj\u00ed k p\u0159izp\u016fsoben\u00ed obsahu webov\u00fdch str\u00e1nek \u010di aplikac\u00ed, a n\u00e1mi vyd\u00e1van\u00fdch reklamn\u00edch sd\u011blen\u00ed na m\u00edru va\u0161im pot\u0159eb\u00e1m.<\/p>\n\n\n\n<p>V\u0161echny oblasti z\u00e1jmu, kter\u00e9 jsme podle va\u0161\u00ed aktivity k va\u0161emu \u00fa\u010dtu p\u0159i\u0159adili, vid\u00edte v p\u0159ehledu Oblasti z\u00e1jmu. Data vyhodnocujeme ka\u017ed\u00fd den a odhadnut\u00fd z\u00e1jem uchov\u00e1v\u00e1me a pou\u017e\u00edv\u00e1me nejv\u00fd\u0161e po dobu 420 dn\u00ed, pokud nedojde k jeho obnoven\u00ed dal\u0161\u00ed u\u017eivatelskou aktivitou. Jednotliv\u00e9 oblasti z\u00e1jmu m\u016f\u017eete kdykoliv odstranit a d\u00e1t n\u00e1m tak v\u011bd\u011bt, \u017ee v tuto chv\u00edli pro v\u00e1s nejsou relevantn\u00ed. Seznam oblast\u00ed z\u00e1jm\u016f, kter\u00e9 pro na\u0161e u\u017eivatele odhadujeme, se m\u016f\u017ee v \u010dase m\u011bnit &#8211; n\u011bkter\u00e9 z\u00e1jmy p\u0159estaneme pou\u017e\u00edvat nebo p\u0159id\u00e1me nov\u00e9.<\/p>\n\n\n\n<figure class=\"wp-block-image size-full is-resized\"><img loading=\"lazy\" decoding=\"async\" width=\"845\" height=\"240\" src=\"https:\/\/o-seznam.cz\/napoveda\/ucet\/wp-content\/uploads\/sites\/10\/2024\/10\/seznam-ucet-aktivity-zajmy-zruseni.png\" alt=\"\" class=\"wp-image-699\" style=\"width:643px\" srcset=\"https:\/\/o-seznam.cz\/napoveda\/ucet\/wp-content\/uploads\/sites\/10\/2024\/10\/seznam-ucet-aktivity-zajmy-zruseni.png 845w, https:\/\/o-seznam.cz\/napoveda\/ucet\/wp-content\/uploads\/sites\/10\/2024\/10\/seznam-ucet-aktivity-zajmy-zruseni-320x91.png 320w, https:\/\/o-seznam.cz\/napoveda\/ucet\/wp-content\/uploads\/sites\/10\/2024\/10\/seznam-ucet-aktivity-zajmy-zruseni-768x218.png 768w\" sizes=\"auto, (max-width: 845px) 100vw, 845px\" \/><\/figure>\n\n\n\n<p><\/p>\n\n\n\n<p>V p\u0159\u00edpad\u011b, \u017ee si nep\u0159ejete, abychom v\u00e1m obsah na\u0161ich slu\u017eeb p\u0159izp\u016fsobovali na m\u00edru a nep\u0159ejete si, abychom k va\u0161emu Seznam \u00fa\u010dtu p\u0159i\u0159azovali oblasti z\u00e1jmu, m\u016f\u017eete upravit sv\u00e9 nastaven\u00ed personalizace, jak je pops\u00e1no v \u010dl\u00e1nku <a href=\"https:\/\/o-seznam.cz\/napoveda\/ucet\/data-a-personalizace\/souhlas\/\" data-type=\"page\" data-id=\"179\">Souhlas se zpracov\u00e1n\u00edm osobn\u00edch \u00fadaj\u016f<\/a>. Pokud nastav\u00edte nesouhlas s personalizac\u00ed obsahu a reklamy, nebudeme pro v\u00e1\u0161 Seznam \u00fa\u010det oblasti z\u00e1jmu nastavovat. P\u0159i zm\u011bn\u011b nastaven\u00ed souhlasu s personalizac\u00ed se dosud odhadnut\u00e9 oblasti z\u00e1jmu nem\u011bn\u00ed. Z\u00e1jmy se odstran\u00ed bu\u010f v p\u0159ehledu Oblasti z\u00e1jmu nebo automaticky po 420 dnech od posledn\u00ed aktivity, kter\u00e1 byla provedena na \u00fa\u010dtu s nastaven\u00fdm souhlasem s personalizac\u00ed.<\/p>\n<\/div>\n","protected":false},"excerpt":{"rendered":"<p>Ve sv\u00e9m Seznam \u00da\u010dtu najdete p\u0159ehledn\u011b na jednom m\u00edst\u011b informace o va\u0161ich aktivit\u00e1ch na slu\u017eb\u00e1ch Seznamu \u2013 str\u00e1nky, kter\u00e9 jste nav\u0161t\u00edvili, informace o tom, co jste vyhled\u00e1vali a jak\u00e9 v\u00fdsledky hled\u00e1n\u00ed jste pou\u017eili nebo videa, kter\u00e1 jste vid\u011bli. Z\u00e1rove\u0148 m\u016f\u017eete nastavit sv\u00e9 preference ukl\u00e1d\u00e1n\u00ed t\u011bchto informac\u00ed. Ve\u0161ker\u00e9 informace zobrazen\u00e9 v r\u00e1mci aktivit se ukl\u00e1daj\u00ed pouze [&hellip;]<\/p>\n","protected":false},"author":6,"featured_media":0,"parent":98,"menu_order":0,"comment_status":"closed","ping_status":"closed","template":"page-sidemenu","meta":{"_acf_changed":false,"_relevanssi_hide_post":"","_relevanssi_hide_content":"","_relevanssi_pin_for_all":"","_relevanssi_pin_keywords":"","_relevanssi_unpin_keywords":"","_relevanssi_related_keywords":"","_relevanssi_related_include_ids":"","_relevanssi_related_exclude_ids":"","_relevanssi_related_no_append":"","_relevanssi_related_not_related":"","_relevanssi_related_posts":"","_relevanssi_noindex_reason":"","footnotes":""},"page_category":[24],"page_tag":[],"service_status_category":[],"class_list":["post-188","page","type-page","status-publish","hentry"],"acf":[],"lang":"cs","translations":{"cs":188},"pll_sync_post":[],"_links":{"self":[{"href":"https:\/\/o-seznam.cz\/napoveda\/ucet\/wp-json\/wp\/v2\/pages\/188","targetHints":{"allow":["GET"]}}],"collection":[{"href":"https:\/\/o-seznam.cz\/napoveda\/ucet\/wp-json\/wp\/v2\/pages"}],"about":[{"href":"https:\/\/o-seznam.cz\/napoveda\/ucet\/wp-json\/wp\/v2\/types\/page"}],"author":[{"embeddable":true,"href":"https:\/\/o-seznam.cz\/napoveda\/ucet\/wp-json\/wp\/v2\/users\/6"}],"replies":[{"embeddable":true,"href":"https:\/\/o-seznam.cz\/napoveda\/ucet\/wp-json\/wp\/v2\/comments?post=188"}],"version-history":[{"count":7,"href":"https:\/\/o-seznam.cz\/napoveda\/ucet\/wp-json\/wp\/v2\/pages\/188\/revisions"}],"predecessor-version":[{"id":2585,"href":"https:\/\/o-seznam.cz\/napoveda\/ucet\/wp-json\/wp\/v2\/pages\/188\/revisions\/2585"}],"up":[{"embeddable":true,"href":"https:\/\/o-seznam.cz\/napoveda\/ucet\/wp-json\/wp\/v2\/pages\/98"}],"wp:attachment":[{"href":"https:\/\/o-seznam.cz\/napoveda\/ucet\/wp-json\/wp\/v2\/media?parent=188"}],"wp:term":[{"taxonomy":"page_category","embeddable":true,"href":"https:\/\/o-seznam.cz\/napoveda\/ucet\/wp-json\/wp\/v2\/page_category?post=188"},{"taxonomy":"page_tag","embeddable":true,"href":"https:\/\/o-seznam.cz\/napoveda\/ucet\/wp-json\/wp\/v2\/page_tag?post=188"},{"taxonomy":"service_status_category","embeddable":true,"href":"https:\/\/o-seznam.cz\/napoveda\/ucet\/wp-json\/wp\/v2\/service_status_category?post=188"}],"curies":[{"name":"wp","href":"https:\/\/api.w.org\/{rel}","templated":true}]}}