{"id":1832,"date":"2024-10-31T13:39:00","date_gmt":"2024-10-31T12:39:00","guid":{"rendered":"https:\/\/o-seznam.cz\/napoveda\/ucet\/?page_id=1832"},"modified":"2026-01-14T14:17:36","modified_gmt":"2026-01-14T13:17:36","slug":"nastaveni-analytickych-cookies","status":"publish","type":"page","link":"https:\/\/o-seznam.cz\/napoveda\/ucet\/data-a-personalizace\/nastaveni-analytickych-cookies\/","title":{"rendered":"Nastaven\u00ed analytick\u00fdch cookies"},"content":{"rendered":"\n<p>P\u0159i pou\u017e\u00edv\u00e1n\u00ed na\u0161ich slu\u017eeb se v\u00e1m m\u016f\u017ee zobrazit mal\u00e9 upozorn\u011bn\u00ed ve spodn\u00ed \u010d\u00e1sti str\u00e1nky. Slou\u017e\u00ed k tomu, abyste n\u00e1m dali v\u011bd\u011bt, zda n\u00e1m chcete povolit pou\u017e\u00edv\u00e1n\u00ed analytick\u00fdch cookies. Tyto cookies n\u00e1m pom\u00e1haj\u00ed zlep\u0161ovat slu\u017eby podle toho, jak je vyu\u017e\u00edv\u00e1te.<\/p>\n\n\n\n<figure class=\"wp-block-image size-full is-resized\"><img loading=\"lazy\" decoding=\"async\" width=\"842\" height=\"149\" src=\"https:\/\/o-seznam.cz\/napoveda\/ucet\/wp-content\/uploads\/sites\/10\/2026\/01\/snimek-obrazovky-2026-01-14-v141327.png\" alt=\"\" class=\"wp-image-2809\" style=\"width:720px;height:auto\" srcset=\"https:\/\/o-seznam.cz\/napoveda\/ucet\/wp-content\/uploads\/sites\/10\/2026\/01\/snimek-obrazovky-2026-01-14-v141327.png 842w, https:\/\/o-seznam.cz\/napoveda\/ucet\/wp-content\/uploads\/sites\/10\/2026\/01\/snimek-obrazovky-2026-01-14-v141327-320x57.png 320w, https:\/\/o-seznam.cz\/napoveda\/ucet\/wp-content\/uploads\/sites\/10\/2026\/01\/snimek-obrazovky-2026-01-14-v141327-768x136.png 768w\" sizes=\"auto, (max-width: 842px) 100vw, 842px\" \/><\/figure>\n\n\n\n<figure class=\"wp-block-image size-full is-resized\"><img loading=\"lazy\" decoding=\"async\" width=\"841\" height=\"146\" src=\"https:\/\/o-seznam.cz\/napoveda\/ucet\/wp-content\/uploads\/sites\/10\/2026\/01\/snimek-obrazovky-2026-01-14-v141411.png\" alt=\"\" class=\"wp-image-2808\" style=\"width:712px;height:auto\" srcset=\"https:\/\/o-seznam.cz\/napoveda\/ucet\/wp-content\/uploads\/sites\/10\/2026\/01\/snimek-obrazovky-2026-01-14-v141411.png 841w, https:\/\/o-seznam.cz\/napoveda\/ucet\/wp-content\/uploads\/sites\/10\/2026\/01\/snimek-obrazovky-2026-01-14-v141411-320x56.png 320w, https:\/\/o-seznam.cz\/napoveda\/ucet\/wp-content\/uploads\/sites\/10\/2026\/01\/snimek-obrazovky-2026-01-14-v141411-768x133.png 768w\" sizes=\"auto, (max-width: 841px) 100vw, 841px\" \/><\/figure>\n\n\n\n<p>Analytick\u00e9 cookies s m\u016f\u017eete zapnout pomoc\u00ed tla\u010d\u00edtka <strong>\u201eSouhlas\u00edm\u201c<\/strong>, pokud n\u00e1m chcete jejich pou\u017e\u00edv\u00e1n\u00ed povolit, nebo zvolit&nbsp;<strong>\u201eOdm\u00edtnout\u201c<\/strong>, pokud si nep\u0159ejete, abychom je ukl\u00e1dali. Ob\u011b mo\u017enosti m\u00e1te v\u017edy snadno na dosah a rozhodnut\u00ed je zcela na v\u00e1s.<\/p>\n\n\n\n<p>Pokud v\u00e1s zaj\u00edm\u00e1 v\u00edce podrobnost\u00ed, m\u016f\u017eete se z li\u0161ty prokliknout do podrobn\u00e9ho nastaven\u00ed. Tam najdete vysv\u011btlen\u00ed, co analytick\u00e9 cookies d\u011blaj\u00ed, a mo\u017enost jejich individu\u00e1ln\u00edho zapnut\u00ed nebo vypnut\u00ed. M\u016f\u017eete si tak\u00e9 rovnou nastavit v\u0161e najednou pomoc\u00ed tla\u010d\u00edtka&nbsp;<strong>\u201ePovolit v\u0161e a ulo\u017eit\u201c<\/strong>. V podrobn\u00e9m nastaven\u00ed se tak\u00e9 m\u016f\u017eete p\u0159ihl\u00e1sit ke sv\u00e9mu Seznam \u00fa\u010dtu. <\/p>\n\n\n\n<figure class=\"wp-block-image size-full is-resized\"><img loading=\"lazy\" decoding=\"async\" width=\"885\" height=\"644\" src=\"https:\/\/o-seznam.cz\/napoveda\/ucet\/wp-content\/uploads\/sites\/10\/2026\/01\/snimek-obrazovky-2026-01-14-v141339.png\" alt=\"\" class=\"wp-image-2813\" style=\"width:732px;height:auto\" srcset=\"https:\/\/o-seznam.cz\/napoveda\/ucet\/wp-content\/uploads\/sites\/10\/2026\/01\/snimek-obrazovky-2026-01-14-v141339.png 885w, https:\/\/o-seznam.cz\/napoveda\/ucet\/wp-content\/uploads\/sites\/10\/2026\/01\/snimek-obrazovky-2026-01-14-v141339-320x233.png 320w, https:\/\/o-seznam.cz\/napoveda\/ucet\/wp-content\/uploads\/sites\/10\/2026\/01\/snimek-obrazovky-2026-01-14-v141339-768x559.png 768w\" sizes=\"auto, (max-width: 885px) 100vw, 885px\" \/><\/figure>\n\n\n\n<figure class=\"wp-block-image size-full is-resized\"><img loading=\"lazy\" decoding=\"async\" width=\"885\" height=\"640\" src=\"https:\/\/o-seznam.cz\/napoveda\/ucet\/wp-content\/uploads\/sites\/10\/2026\/01\/snimek-obrazovky-2026-01-14-v141424.png\" alt=\"\" class=\"wp-image-2812\" style=\"width:736px;height:auto\" srcset=\"https:\/\/o-seznam.cz\/napoveda\/ucet\/wp-content\/uploads\/sites\/10\/2026\/01\/snimek-obrazovky-2026-01-14-v141424.png 885w, https:\/\/o-seznam.cz\/napoveda\/ucet\/wp-content\/uploads\/sites\/10\/2026\/01\/snimek-obrazovky-2026-01-14-v141424-320x231.png 320w, https:\/\/o-seznam.cz\/napoveda\/ucet\/wp-content\/uploads\/sites\/10\/2026\/01\/snimek-obrazovky-2026-01-14-v141424-768x555.png 768w\" sizes=\"auto, (max-width: 885px) 100vw, 885px\" \/><\/figure>\n\n\n\n<p>Sv\u00e9 nastaven\u00ed m\u016f\u017eete kdykoliv pozd\u011bji zm\u011bnit \u2013 odkaz najdete v\u017edy v pati\u010dce str\u00e1nky.<\/p>\n","protected":false},"excerpt":{"rendered":"<p>P\u0159i pou\u017e\u00edv\u00e1n\u00ed na\u0161ich slu\u017eeb se v\u00e1m m\u016f\u017ee zobrazit mal\u00e9 upozorn\u011bn\u00ed ve spodn\u00ed \u010d\u00e1sti str\u00e1nky. Slou\u017e\u00ed k tomu, abyste n\u00e1m dali v\u011bd\u011bt, zda n\u00e1m chcete povolit pou\u017e\u00edv\u00e1n\u00ed analytick\u00fdch cookies. Tyto cookies n\u00e1m pom\u00e1haj\u00ed zlep\u0161ovat slu\u017eby podle toho, jak je vyu\u017e\u00edv\u00e1te. Analytick\u00e9 cookies s m\u016f\u017eete zapnout pomoc\u00ed tla\u010d\u00edtka \u201eSouhlas\u00edm\u201c, pokud n\u00e1m chcete jejich pou\u017e\u00edv\u00e1n\u00ed povolit, nebo zvolit&nbsp;\u201eOdm\u00edtnout\u201c, [&hellip;]<\/p>\n","protected":false},"author":18,"featured_media":0,"parent":98,"menu_order":10,"comment_status":"closed","ping_status":"closed","template":"page-sidemenu","meta":{"_acf_changed":false,"_relevanssi_hide_post":"","_relevanssi_hide_content":"","_relevanssi_pin_for_all":"","_relevanssi_pin_keywords":"","_relevanssi_unpin_keywords":"","_relevanssi_related_keywords":"","_relevanssi_related_include_ids":"","_relevanssi_related_exclude_ids":"","_relevanssi_related_no_append":"","_relevanssi_related_not_related":"","_relevanssi_related_posts":"","_relevanssi_noindex_reason":"","footnotes":""},"page_category":[24],"page_tag":[],"service_status_category":[],"class_list":["post-1832","page","type-page","status-publish","hentry"],"acf":[],"lang":"cs","translations":{"cs":1832},"pll_sync_post":[],"_links":{"self":[{"href":"https:\/\/o-seznam.cz\/napoveda\/ucet\/wp-json\/wp\/v2\/pages\/1832","targetHints":{"allow":["GET"]}}],"collection":[{"href":"https:\/\/o-seznam.cz\/napoveda\/ucet\/wp-json\/wp\/v2\/pages"}],"about":[{"href":"https:\/\/o-seznam.cz\/napoveda\/ucet\/wp-json\/wp\/v2\/types\/page"}],"author":[{"embeddable":true,"href":"https:\/\/o-seznam.cz\/napoveda\/ucet\/wp-json\/wp\/v2\/users\/18"}],"replies":[{"embeddable":true,"href":"https:\/\/o-seznam.cz\/napoveda\/ucet\/wp-json\/wp\/v2\/comments?post=1832"}],"version-history":[{"count":4,"href":"https:\/\/o-seznam.cz\/napoveda\/ucet\/wp-json\/wp\/v2\/pages\/1832\/revisions"}],"predecessor-version":[{"id":2814,"href":"https:\/\/o-seznam.cz\/napoveda\/ucet\/wp-json\/wp\/v2\/pages\/1832\/revisions\/2814"}],"up":[{"embeddable":true,"href":"https:\/\/o-seznam.cz\/napoveda\/ucet\/wp-json\/wp\/v2\/pages\/98"}],"wp:attachment":[{"href":"https:\/\/o-seznam.cz\/napoveda\/ucet\/wp-json\/wp\/v2\/media?parent=1832"}],"wp:term":[{"taxonomy":"page_category","embeddable":true,"href":"https:\/\/o-seznam.cz\/napoveda\/ucet\/wp-json\/wp\/v2\/page_category?post=1832"},{"taxonomy":"page_tag","embeddable":true,"href":"https:\/\/o-seznam.cz\/napoveda\/ucet\/wp-json\/wp\/v2\/page_tag?post=1832"},{"taxonomy":"service_status_category","embeddable":true,"href":"https:\/\/o-seznam.cz\/napoveda\/ucet\/wp-json\/wp\/v2\/service_status_category?post=1832"}],"curies":[{"name":"wp","href":"https:\/\/api.w.org\/{rel}","templated":true}]}}