{"id":181,"date":"2024-10-13T00:30:49","date_gmt":"2024-10-12T22:30:49","guid":{"rendered":"https:\/\/o-seznam.cz\/napoveda\/ucet\/?page_id=181"},"modified":"2026-03-26T09:39:18","modified_gmt":"2026-03-26T08:39:18","slug":"odmitnuti-a-odvolani-souhlasu","status":"publish","type":"page","link":"https:\/\/o-seznam.cz\/napoveda\/ucet\/data-a-personalizace\/odmitnuti-a-odvolani-souhlasu\/","title":{"rendered":"Odm\u00edtnut\u00ed a odvol\u00e1n\u00ed souhlasu se zpracov\u00e1n\u00edm osobn\u00edch \u00fadaj\u016f"},"content":{"rendered":"\n<div class=\"wp-block-group is-layout-constrained wp-block-group-is-layout-constrained\"><nav class=\"menu-anchors\">\n<ul>\n\t<li><a href=\"#nesouhlas-v-zobrazenem-pozadavku\">Nesouhlas v zobrazen\u00e9m po\u017eadavku \u2013 nesouhlas s Personalizac\u00ed obsahu a Polohov\u00fdmi slu\u017ebami<\/a><\/li>\n<li><a href=\"#nesouhlas-v-nastaveni-uctu\">Nesouhlas v nastaven\u00ed \u00da\u010dtu<\/a><\/li>\n<li><a href=\"#odvolani-souhlasu-se-zpracovanim-osobnich-udaju\">Odvol\u00e1n\u00ed souhlasu se zpracov\u00e1n\u00edm osobn\u00edch \u00fadaj\u016f<\/a><\/li>\n<\/ul>\n\n<\/nav>\n<\/div>\n\n\n\n<div class=\"wp-block-group is-layout-constrained wp-block-group-is-layout-constrained\">\n<p>Rozhodli jste se odm\u00edtnout ud\u011blit sv\u016fj souhlas se zpracov\u00e1n\u00edm osobn\u00edch \u00fadaj\u016f.<\/p>\n\n\n\n<p>Nesouhlas se zpracov\u00e1n\u00edm osobn\u00edch \u00fadaj\u016f je z\u010d\u00e1sti zpoplatn\u011bn prost\u0159ednictv\u00edm produkt\u016f <a href=\"https:\/\/o-seznam.cz\/napoveda\/ucet\/data-a-personalizace\/seznam-bez-reklam\/\">Seznam bez reklam<\/a> a <a href=\"https:\/\/o-seznam.cz\/napoveda\/ucet\/data-a-personalizace\/seznam-bez-personalizovane-reklamy\/\">Seznam bez c\u00edlen\u00e9 reklamy<\/a>. Seznam bez reklam zaji\u0161\u0165uje, \u017ee se na platform\u00e1ch Seznam.cz nezobrazuj\u00ed \u017e\u00e1dn\u00e9 reklamy, zat\u00edmco Seznam bez c\u00edlen\u00e9 reklamy omezuje zobrazov\u00e1n\u00ed c\u00edlen\u00fdch reklam \u2013 reklamy se i nad\u00e1le zobrazuj\u00ed, ale nejsou personalizovan\u00e9. U obou produkt\u016f se omez\u00ed i ukl\u00e1d\u00e1n\u00ed nebo p\u0159\u00edstupu k informac\u00edm do za\u0159\u00edzen\u00ed. Net\u00fdk\u00e1 se personalizace obsahu (vytv\u00e1\u0159en\u00ed profilu pro personalizaci a n\u00e1sledn\u00e9 pou\u017eit\u00ed pro personalizaci obsahu jednotliv\u00fdch slu\u017eeb, nap\u0159. Novinky.cz) ani p\u0159esn\u00fdch \u00fadaj\u016f o zem\u011bpisn\u00e9 poloze a identifikace pomoc\u00ed skenov\u00e1n\u00ed za\u0159\u00edzen\u00ed (sledov\u00e1n\u00ed polohy nap\u0159. pro zobrazen\u00ed p\u0159esn\u00e9 polohy na Mapy.cz a zobrazen\u00ed okoln\u00edch bod\u016f z\u00e1jmu podle konkr\u00e9tn\u00ed polohy).<\/p>\n\n\n\n<p>U\u010dinit tak m\u016f\u017eete dv\u011bma n\u00e1sleduj\u00edc\u00edmi zp\u016fsoby:<\/p>\n<\/div>\n\n\n\n<div class=\"wp-block-group is-layout-constrained wp-block-group-is-layout-constrained\">\n<div class=\"wp-block-group is-layout-constrained wp-block-group-is-layout-constrained\">\n<h2 class=\"wp-block-heading\" id=\"nesouhlas-v-zobrazenem-pozadavku\">Nesouhlas v zobrazen\u00e9m po\u017eadavku \u2013 nesouhlas s Personalizac\u00ed obsahu a Polohov\u00fdmi slu\u017ebami<\/h2>\n\n\n\n<p>Po otev\u0159en\u00ed slu\u017eby \u010di p\u0159ihl\u00e1\u0161en\u00ed ke slu\u017eb\u011b na Seznam.cz se v\u00e1m zobraz\u00ed okno s po\u017eadavkem na ud\u011blen\u00ed souhlasu:<\/p>\n\n\n\n<p>Klikn\u011bte na odkaz Podrobn\u00e9 nastaven\u00ed.<\/p>\n\n\n\n<p>Pro anglick\u00e9 zn\u011bn\u00ed dialogu vyu\u017eijte p\u0159ep\u00edna\u010d jazyka v prav\u00e9m horn\u00edm rohu.<\/p>\n\n\n\n<p>Pod odkazem Podrobn\u00e9 nastaven\u00ed naleznete Nastaven\u00ed s podrobnostmi k ud\u011blen\u00ed souhlasu se zpracov\u00e1n\u00edm osobn\u00edch \u00fadaj\u016f pro jednotliv\u00e9 \u00fa\u010dely.<\/p>\n\n\n\n<p>V Podrobn\u00e9m nastaven\u00ed m\u00e1te tyto mo\u017enosti:<\/p>\n\n\n\n<ul class=\"wp-block-list\">\n<li>Pro ud\u011blen\u00ed nesouhlasu s Personalizac\u00ed obsahu a Sledov\u00e1n\u00edm p\u0159esn\u00e9 polohy p\u0159epn\u011bte p\u0159ep\u00edn\u00e1tko volby Ukl\u00e1d\u00e1n\u00ed a\/nebo p\u0159\u00edstup k informac\u00edm v za\u0159\u00edzen\u00ed a Personalizovan\u00e1 reklama do stavu \u201ezapnuto\u201c (zelen\u00fd vyp\u00edna\u010d)<\/li>\n\n\n\n<li>Zbyl\u00e9 p\u0159ep\u00edna\u010de nechte ve stavu \u201evypnuto\u201c (\u010derven\u00fd vyp\u00edna\u010d)<\/li>\n\n\n\n<li>Volbu potvr\u010fte tla\u010d\u00edtkem Ulo\u017eit nastaven\u00ed<\/li>\n<\/ul>\n\n\n\n<p>Pokud chcete z\u00edskat podrobn\u011bj\u0161\u00ed informace k jednotliv\u00fdm \u00fa\u010del\u016fm, m\u016f\u017eete vyu\u017eit odkaz Zobrazit \u00fa\u010dely podrobn\u011b nebo Zobrazit speci\u00e1ln\u00ed \u00fa\u010dely podrobn\u011b u ka\u017ed\u00e9ho \u00fa\u010delu. Tyto jednotliv\u00e9 volby v\u0161ak budou aktivn\u00ed a\u017e v p\u0159\u00edpad\u011b povolen\u00ed prvn\u00edho souhlasu \u201eUkl\u00e1d\u00e1n\u00ed a\/nebo p\u0159\u00edstup k informac\u00edm v&nbsp;za\u0159\u00edzen\u00ed\u201c v\u00fd\u0161e.<\/p>\n\n\n\n<h3 class=\"wp-block-heading\">Nesouhlas v zobrazen\u00e9m po\u017eadavku \u2013 nesouhlas se v\u0161emi \u00fa\u010dely<\/h3>\n\n\n\n<p>Po otev\u0159en\u00ed slu\u017eby \u010di p\u0159ihl\u00e1\u0161en\u00ed ke slu\u017eb\u011b na Seznam.cz se v\u00e1m zobraz\u00ed okno s po\u017eadavkem na ud\u011blen\u00ed souhlasu. Nyn\u00ed m\u00e1te dv\u011b mo\u017enosti:<\/p>\n<\/div>\n\n\n\n<p>V \u00favodn\u00edm dialogu si m\u016f\u017eete vybrat jeden z produkt\u016f, <a href=\"https:\/\/o-seznam.cz\/napoveda\/ucet\/data-a-personalizace\/seznam-bez-reklam\/\">Seznam bez reklam<\/a> nebo <a href=\"https:\/\/o-seznam.cz\/napoveda\/ucet\/data-a-personalizace\/seznam-bez-personalizovane-reklamy\/\">Seznam bez c\u00edlen\u00e9 reklamy<\/a>. <\/p>\n\n\n\n<p><strong>Seznam bez c\u00edlen\u00e9 reklamy<\/strong><\/p>\n\n\n\n<p>Klikn\u011bte na tla\u010d\u00edtko \u201eP\u0159edplatit\u201c v boxu Nec\u00edlen\u00e1 reklama a budete rovnou p\u0159esm\u011brov\u00e1ni na pokyny k platb\u011b m\u011bs\u00ed\u010dn\u00edho p\u0159edplatn\u00e9ho. Jak zaplatit m\u016f\u017eete naj\u00edt <a href=\"https:\/\/o-seznam.cz\/napoveda\/ucet\/data-a-personalizace\/seznam-bez-personalizovane-reklamy\/\" data-type=\"page\" data-id=\"657\">zde<\/a>.<\/p>\n\n\n\n<p>Pro anglick\u00e9 zn\u011bn\u00ed dialogu vyu\u017eijte p\u0159ep\u00edna\u010d jazyka v prav\u00e9m horn\u00edm rohu<\/p>\n<\/div>\n\n\n\n<p><strong>Seznam bez reklam<\/strong><\/p>\n\n\n\n<p>Chcete si u\u017e\u00edvat Seznam bez ru\u0161iv\u00fdch reklam? Vyberte si slu\u017ebu Seznam bez reklam a klikn\u011bte na tla\u010d\u00edtko \u201eP\u0159edplatit\u201c v boxu Bez reklam. N\u00e1sledn\u011b si jednodu\u0161e zvol\u00edte frekvenci p\u0159edplatn\u00e9ho a m\u016f\u017eete se t\u011b\u0161it na ni\u010d\u00edm neru\u0161en\u00fd z\u00e1\u017eitek na Seznamu. Podrobn\u011bj\u0161\u00ed informace naleznete <a href=\"https:\/\/o-seznam.cz\/napoveda\/ucet\/data-a-personalizace\/seznam-bez-reklam\/\">zde<\/a>.<\/p>\n\n\n\n<div class=\"wp-block-group is-layout-constrained wp-block-group-is-layout-constrained\">\n<p><strong>Podrobn\u00e9 nastaven\u00ed<\/strong><\/p>\n\n\n\n<p>Pod odkazem Podrobn\u00e9 nastaven\u00ed naleznete Nastaven\u00ed s podrobnostmi k ud\u011blen\u00ed souhlasu se zpracov\u00e1n\u00edm osobn\u00edch \u00fadaj\u016f pro jednotliv\u00e9 \u00fa\u010dely<\/p>\n\n\n\n<p>Pokud chcete z\u00edskat podrobn\u011bj\u0161\u00ed informace k jednotliv\u00fdm \u00fa\u010del\u016fm, m\u016f\u017eete vyu\u017e\u00edt odkaz Zobrazit \u00fa\u010dely podrobn\u011b nebo Zobrazit speci\u00e1ln\u00ed \u00fa\u010dely podrobn\u011b u ka\u017ed\u00e9ho \u00fa\u010delu. Tyto jednotliv\u00e9 volby v\u0161ak budou aktivn\u00ed a\u017e v p\u0159\u00edpad\u011b povolen\u00ed prvn\u00edho souhlasu \u201eUkl\u00e1d\u00e1n\u00ed a\/nebo p\u0159\u00edstup k informac\u00edm v za\u0159\u00edzen\u00ed\u201c v\u00fd\u0161e.<\/p>\n\n\n\n<p>V Podrobn\u00e9m nastaven\u00ed ud\u011blejte tyto kroky:<\/p>\n\n\n\n<ul class=\"wp-block-list\">\n<li>Pro ud\u011blen\u00ed nesouhlasu se v\u0161emi \u00fa\u010dely p\u0159epn\u011bte v\u0161echny p\u0159ep\u00edna\u010de do stavu \u201evypnuto\u201c (\u010derven\u00fd vyp\u00edna\u010d)<\/li>\n\n\n\n<li>Nad tla\u010d\u00edtky \u201eUlo\u017eit nastaven\u00ed\u201c a \u201ePovolit v\u0161e\u201c najdete odkaz, kter\u00fd v\u00e1s p\u0159esm\u011bruje na mo\u017enost zaplatit si jeden z na\u0161ich produkt\u016f<\/li>\n\n\n\n<li>N\u00e1sledn\u011b budete p\u0159esm\u011brov\u00e1ni na v\u00fdb\u011br produkt\u016f, rozhodnout se m\u016f\u017eete mezi produkty <a href=\"https:\/\/o-seznam.cz\/napoveda\/ucet\/data-a-personalizace\/seznam-bez-reklam\/\">Seznam bez reklam<\/a> nebo <a href=\"https:\/\/o-seznam.cz\/napoveda\/ucet\/data-a-personalizace\/seznam-bez-personalizovane-reklamy\/\">Seznam bez c\u00edlen\u00e9 reklamy<\/a><\/li>\n<\/ul>\n<\/div>\n\n\n\n<div class=\"wp-block-group is-layout-constrained wp-block-group-is-layout-constrained\">\n<h2 class=\"wp-block-heading\" id=\"nesouhlas-v-nastaveni-uctu\">Nesouhlas v nastaven\u00ed \u00da\u010dtu<\/h2>\n\n\n\n<p class=\"is-style-link-external\">P\u0159ihlaste se ke sv\u00e9mu <a href=\"https:\/\/ucet.seznam.cz\/\" data-type=\"link\" data-id=\"https:\/\/ucet.seznam.cz\/\" target=\"_blank\" rel=\"noreferrer noopener\">\u00da\u010dtu<\/a>.<\/p>\n\n\n\n<p>V \u010d\u00e1sti Reklama a personalizace m\u00e1te mo\u017enost zakoupen\u00ed personaliza\u010dn\u00edch produkt\u016f, nebo n\u00ed\u017ee mo\u017enost zobrazit nastaven\u00ed souhlas\u016f a ud\u011blit \u010d\u00e1ste\u010dn\u00fd nesouhlas.<\/p>\n\n\n\n<p>Zobraz\u00ed se okno s nastaven\u00edm jako je uvedeno v\u00fd\u0161e.<\/p>\n\n\n\n<h2 class=\"wp-block-heading\" id=\"odvolani-souhlasu-se-zpracovanim-osobnich-udaju\">Odvol\u00e1n\u00ed souhlasu se zpracov\u00e1n\u00edm osobn\u00edch \u00fadaj\u016f<\/h2>\n\n\n\n<p>Sv\u016fj souhlas m\u016f\u017eete odvolat dv\u011bma zp\u016fsoby:&nbsp;<\/p>\n\n\n\n<ul class=\"wp-block-list\">\n<li><strong>V pati\u010dce slu\u017eby<\/strong> &#8211; V pati\u010dce ka\u017ed\u00e9 na\u0161\u00ed slu\u017eby najdete odkaz&nbsp;<strong>\u201eOdvolat souhlas\u201c<\/strong>.<\/li>\n\n\n\n<li><strong>V nastaven\u00ed personalizace<\/strong>&nbsp;\u2013 V pati\u010dce v\u011bt\u0161iny na\u0161ich slu\u017eeb je tak\u00e9 dostupn\u00fd odkaz&nbsp;<strong>\u201eNastaven\u00ed personalizace\u201c<\/strong>, kde m\u016f\u017eete souhlas upravit \u010di odvolat.&nbsp;<\/li>\n<\/ul>\n\n\n\n<p>Po kliknut\u00ed na n\u011bkter\u00fd z t\u011bchto odkaz\u016f budete p\u0159esm\u011brov\u00e1ni do dialogov\u00e9ho okna, kde potvrd\u00edte sv\u00e9 rozhodnut\u00ed o odvol\u00e1n\u00ed souhlasu.<\/p>\n\n\n\n<p>Po potvrzen\u00ed odvol\u00e1n\u00ed souhlasu kliknut\u00edm na tla\u010d\u00edtko&nbsp;<strong>\u201eOdvolat souhlas&#8220; <\/strong>bude v\u00e1\u0161 souhlas odvol\u00e1n a dialogov\u00e9 okno se zav\u0159e. Upozor\u0148ujeme, \u017ee souhlas je nezbytn\u00fd pro vyu\u017e\u00edv\u00e1n\u00ed v\u011bt\u0161iny na\u0161ich slu\u017eeb, a proto m\u016f\u017eete b\u00fdt po jeho odvol\u00e1n\u00ed znovu vyzv\u00e1ni k jeho nastaven\u00ed.<\/p>\n\n\n\n<p>V\u00e1\u0161 souhlas bude odvol\u00e1n nejpozd\u011bji do jedn\u00e9 hodiny od potvrzen\u00ed. <\/p>\n<\/div>\n","protected":false},"excerpt":{"rendered":"<p>Rozhodli jste se odm\u00edtnout ud\u011blit sv\u016fj souhlas se zpracov\u00e1n\u00edm osobn\u00edch \u00fadaj\u016f. Nesouhlas se zpracov\u00e1n\u00edm osobn\u00edch \u00fadaj\u016f je z\u010d\u00e1sti zpoplatn\u011bn prost\u0159ednictv\u00edm produkt\u016f Seznam bez reklam a Seznam bez c\u00edlen\u00e9 reklamy. Seznam bez reklam zaji\u0161\u0165uje, \u017ee se na platform\u00e1ch Seznam.cz nezobrazuj\u00ed \u017e\u00e1dn\u00e9 reklamy, zat\u00edmco Seznam bez c\u00edlen\u00e9 reklamy omezuje zobrazov\u00e1n\u00ed c\u00edlen\u00fdch reklam \u2013 reklamy se i nad\u00e1le [&hellip;]<\/p>\n","protected":false},"author":6,"featured_media":0,"parent":98,"menu_order":0,"comment_status":"closed","ping_status":"closed","template":"page-sidemenu","meta":{"_acf_changed":false,"_relevanssi_hide_post":"","_relevanssi_hide_content":"","_relevanssi_pin_for_all":"","_relevanssi_pin_keywords":"","_relevanssi_unpin_keywords":"","_relevanssi_related_keywords":"","_relevanssi_related_include_ids":"","_relevanssi_related_exclude_ids":"","_relevanssi_related_no_append":"","_relevanssi_related_not_related":"","_relevanssi_related_posts":"","_relevanssi_noindex_reason":"","footnotes":""},"page_category":[24],"page_tag":[],"service_status_category":[],"class_list":["post-181","page","type-page","status-publish","hentry"],"acf":[],"lang":"cs","translations":{"cs":181},"pll_sync_post":[],"_links":{"self":[{"href":"https:\/\/o-seznam.cz\/napoveda\/ucet\/wp-json\/wp\/v2\/pages\/181","targetHints":{"allow":["GET"]}}],"collection":[{"href":"https:\/\/o-seznam.cz\/napoveda\/ucet\/wp-json\/wp\/v2\/pages"}],"about":[{"href":"https:\/\/o-seznam.cz\/napoveda\/ucet\/wp-json\/wp\/v2\/types\/page"}],"author":[{"embeddable":true,"href":"https:\/\/o-seznam.cz\/napoveda\/ucet\/wp-json\/wp\/v2\/users\/6"}],"replies":[{"embeddable":true,"href":"https:\/\/o-seznam.cz\/napoveda\/ucet\/wp-json\/wp\/v2\/comments?post=181"}],"version-history":[{"count":14,"href":"https:\/\/o-seznam.cz\/napoveda\/ucet\/wp-json\/wp\/v2\/pages\/181\/revisions"}],"predecessor-version":[{"id":2909,"href":"https:\/\/o-seznam.cz\/napoveda\/ucet\/wp-json\/wp\/v2\/pages\/181\/revisions\/2909"}],"up":[{"embeddable":true,"href":"https:\/\/o-seznam.cz\/napoveda\/ucet\/wp-json\/wp\/v2\/pages\/98"}],"wp:attachment":[{"href":"https:\/\/o-seznam.cz\/napoveda\/ucet\/wp-json\/wp\/v2\/media?parent=181"}],"wp:term":[{"taxonomy":"page_category","embeddable":true,"href":"https:\/\/o-seznam.cz\/napoveda\/ucet\/wp-json\/wp\/v2\/page_category?post=181"},{"taxonomy":"page_tag","embeddable":true,"href":"https:\/\/o-seznam.cz\/napoveda\/ucet\/wp-json\/wp\/v2\/page_tag?post=181"},{"taxonomy":"service_status_category","embeddable":true,"href":"https:\/\/o-seznam.cz\/napoveda\/ucet\/wp-json\/wp\/v2\/service_status_category?post=181"}],"curies":[{"name":"wp","href":"https:\/\/api.w.org\/{rel}","templated":true}]}}